{"id":10424,"date":"2022-03-01T09:20:50","date_gmt":"2022-03-01T09:20:52","guid":{"rendered":"http:\/\/collall.test\/product\/collall-playcoll-2\/"},"modified":"2025-03-25T11:28:39","modified_gmt":"2025-03-25T10:28:39","slug":"collall-playcoll-2","status":"publish","type":"product","link":"https:\/\/collall.nl\/fr\/product\/collall-playcoll-2\/","title":{"rendered":"Collall Playcoll"},"content":{"rendered":"<p>Collall Playcoll est une colle bleue \u00e9paisse et liquide \u00e0 base d&rsquo;eau, sp\u00e9cialement con\u00e7ue pour \u00eatre utilis\u00e9e par les tout-petits. Comme son nom l&rsquo;indique, c&rsquo;est une colle pour apprendre l&rsquo;artisanat de mani\u00e8re ludique. PlayColl est compos\u00e9 \u00e0 99% de mati\u00e8res premi\u00e8res naturelles. La couleur bleue devient transparente une fois que la colle a s\u00e9ch\u00e9. Cette colle est id\u00e9ale pour coller du papier, du carton et d&rsquo;autres mat\u00e9riaux l\u00e9gers lors de toutes les activit\u00e9s d&rsquo;artisanat en classe, en garderie ou \u00e0 la maison. Elle est \u00e9galement extr\u00eamement adapt\u00e9e \u00e0 une utilisation avec du papier m\u00e2ch\u00e9.<\/p>\n<p>Ce qui rend cette colle encore plus sp\u00e9ciale, c&rsquo;est qu&rsquo;elle peut \u00eatre facilement retir\u00e9e des mains des tout-petits.<\/p>\n<p>Collall PlayColl contient une substance am\u00e8re, d\u00e9courageant ainsi les enfants de mettre la colle dans leur bouche.<\/p>\n<p><strong>Propri\u00e9t\u00e9s: <\/strong><\/p>\n<p>Playcoll, avec son effet retard, est con\u00e7ue pour les plus petits. De couleur bleut\u00e9e elle devient transparente au s\u00e9chage, ne colle pas aux doigts et elle est lavable \u00e0 la main.<\/p>\n<p><strong>Utilisation:<\/strong><\/p>\n<p>Elle permet de travailler plus pr\u00e9cis\u00e9ment sur du papier, du carton et sur diff\u00e9rents mat\u00e9riaux l\u00e9gers.<\/p>\n<p><strong>Allerg\u00e8nes:\u00a0<\/strong>Contient CMIT\/MIT. Peut produire une r\u00e9action allergique.<\/p>\n<p><strong>Convient aux enfants de 3 ans.<\/strong><\/p>\n<p class=\"p1\"><b>Ingr\u00e9dients naturels : <\/b>99%<\/p>\n<p class=\"p1\"><b>Viscosit\u00e9 : <\/b>12 000 mPa.s<\/p>\n<p><strong>pH:<\/strong> 7,5<\/p>\n<h4><strong>Bricolage pour le d\u00e9veloppement des tout-petits<\/strong><\/h4>\n<p>Le bricolage est une activit\u00e9 particuli\u00e8rement pr\u00e9cieuse pour les tout-petits, car non seulement elle est amusante, mais elle offre \u00e9galement une large gamme d&rsquo;avantages pour leur d\u00e9veloppement global. Il encourage la cr\u00e9ativit\u00e9 en mettant au d\u00e9fi les tout-petits d&rsquo;utiliser leur imagination et d&rsquo;explorer de nouvelles id\u00e9es.<\/p>\n<p><strong>Comp\u00e9tences motrices<\/strong><\/p>\n<p>Par exemple, peindre, modeler, d\u00e9couper et coller, mais aussi manipuler diff\u00e9rents mat\u00e9riaux, favorisent le d\u00e9veloppement de la motricit\u00e9 fine. D&rsquo;autres comp\u00e9tences motrices fines telles que nouer ses lacets ou \u00e9crire progresseront \u00e9galement plus rapidement. Le bricolage am\u00e9liore la concentration et la focalisation. En bricolant, votre tout-petit peut donner vie \u00e0 ses propres id\u00e9es et cr\u00e9er des \u0153uvres d&rsquo;art uniques. Cela aide au d\u00e9veloppement des comp\u00e9tences cognitives et stimule la r\u00e9solution de probl\u00e8mes.<\/p>\n<p><strong>Activit\u00e9s cr\u00e9atives en classe,<\/strong> importance et plaisir du bricolage<\/p>\n<p>En int\u00e9grant le bricolage et d&rsquo;autres activit\u00e9s cr\u00e9atives en classe, de nombreux domaines de d\u00e9veloppement diff\u00e9rents des enfants sont stimul\u00e9s. Pensez \u00e0 la confiance en soi, \u00e0 la motricit\u00e9 et \u00e0 l&rsquo;inventivit\u00e9. Les enfants exp\u00e9rimentent et essaient de nouvelles choses. Ainsi, ils apprennent ce qui fonctionne et ce qui ne fonctionne pas.<\/p>\n","protected":false},"excerpt":{"rendered":"<p>Collall Playcoll est une colle bleue \u00e9paisse et liquide \u00e0 base d&rsquo;eau, sp\u00e9cialement con\u00e7ue pour \u00eatre utilis\u00e9e par les tout-petits.<\/p>\n","protected":false},"featured_media":18934,"comment_status":"open","ping_status":"closed","template":"","meta":{"_acf_changed":false},"product_brand":[],"product_cat":[174],"product_tag":[],"class_list":{"0":"post-10424","1":"product","2":"type-product","3":"status-publish","4":"has-post-thumbnail","6":"product_cat-colle-et-vernis-colle","8":"first","9":"instock","10":"shipping-taxable","11":"purchasable","12":"product-type-variable"},"acf":[],"yoast_head":"<!-- This site is optimized with the Yoast SEO plugin v27.2 - https:\/\/yoast.com\/product\/yoast-seo-wordpress\/ -->\n<title>Collall Playcoll - Collall<\/title>\n<meta name=\"description\" content=\"Collall Playcoll est une colle bleue \u00e9paisse et liquide \u00e0 base d&#039;eau, sp\u00e9cialement con\u00e7ue pour \u00eatre utilis\u00e9e par les tout-petits.\" \/>\n<meta name=\"robots\" content=\"index, follow, max-snippet:-1, max-image-preview:large, max-video-preview:-1\" \/>\n<link rel=\"canonical\" href=\"https:\/\/collall.nl\/fr\/product\/collall-playcoll-2\/\" \/>\n<meta property=\"og:locale\" content=\"fr_FR\" \/>\n<meta property=\"og:type\" content=\"article\" \/>\n<meta property=\"og:title\" content=\"Collall Playcoll - Collall\" \/>\n<meta property=\"og:description\" content=\"Collall Playcoll est une colle bleue \u00e9paisse et liquide \u00e0 base d&#039;eau, sp\u00e9cialement con\u00e7ue pour \u00eatre utilis\u00e9e par les tout-petits.\" \/>\n<meta property=\"og:url\" content=\"https:\/\/collall.nl\/fr\/product\/collall-playcoll-2\/\" \/>\n<meta property=\"og:site_name\" content=\"Collall\" \/>\n<meta property=\"article:publisher\" content=\"https:\/\/www.facebook.com\/people\/Collall\/100064976852539\/\" \/>\n<meta property=\"article:modified_time\" content=\"2025-03-25T10:28:39+00:00\" \/>\n<meta property=\"og:image\" content=\"https:\/\/collall.nl\/wp-content\/uploads\/2022\/03\/COLPC0100.jpg\" \/>\n\t<meta property=\"og:image:width\" content=\"800\" \/>\n\t<meta property=\"og:image:height\" content=\"800\" \/>\n\t<meta property=\"og:image:type\" content=\"image\/jpeg\" \/>\n<meta name=\"twitter:card\" content=\"summary_large_image\" \/>\n<meta name=\"twitter:label1\" content=\"Dur\u00e9e de lecture estim\u00e9e\" \/>\n\t<meta name=\"twitter:data1\" content=\"3 minutes\" \/>\n<script type=\"application\/ld+json\" class=\"yoast-schema-graph\">{\"@context\":\"https:\/\/schema.org\",\"@graph\":[{\"@type\":\"WebPage\",\"@id\":\"https:\/\/collall.nl\/fr\/product\/collall-playcoll-2\/\",\"url\":\"https:\/\/collall.nl\/fr\/product\/collall-playcoll-2\/\",\"name\":\"Collall Playcoll - Collall\",\"isPartOf\":{\"@id\":\"https:\/\/collall.nl\/#website\"},\"primaryImageOfPage\":{\"@id\":\"https:\/\/collall.nl\/fr\/product\/collall-playcoll-2\/#primaryimage\"},\"image\":{\"@id\":\"https:\/\/collall.nl\/fr\/product\/collall-playcoll-2\/#primaryimage\"},\"thumbnailUrl\":\"https:\/\/collall.nl\/wp-content\/uploads\/2022\/03\/COLPC0100.jpg\",\"datePublished\":\"2022-03-01T09:20:52+00:00\",\"dateModified\":\"2025-03-25T10:28:39+00:00\",\"description\":\"Collall Playcoll est une colle bleue \u00e9paisse et liquide \u00e0 base d'eau, sp\u00e9cialement con\u00e7ue pour \u00eatre utilis\u00e9e par les tout-petits.\",\"breadcrumb\":{\"@id\":\"https:\/\/collall.nl\/fr\/product\/collall-playcoll-2\/#breadcrumb\"},\"inLanguage\":\"fr-FR\",\"potentialAction\":[{\"@type\":\"ReadAction\",\"target\":[\"https:\/\/collall.nl\/fr\/product\/collall-playcoll-2\/\"]}]},{\"@type\":\"ImageObject\",\"inLanguage\":\"fr-FR\",\"@id\":\"https:\/\/collall.nl\/fr\/product\/collall-playcoll-2\/#primaryimage\",\"url\":\"https:\/\/collall.nl\/wp-content\/uploads\/2022\/03\/COLPC0100.jpg\",\"contentUrl\":\"https:\/\/collall.nl\/wp-content\/uploads\/2022\/03\/COLPC0100.jpg\",\"width\":800,\"height\":800},{\"@type\":\"BreadcrumbList\",\"@id\":\"https:\/\/collall.nl\/fr\/product\/collall-playcoll-2\/#breadcrumb\",\"itemListElement\":[{\"@type\":\"ListItem\",\"position\":1,\"name\":\"Home\",\"item\":\"https:\/\/collall.nl\/fr\/\"},{\"@type\":\"ListItem\",\"position\":2,\"name\":\"Produits\",\"item\":\"https:\/\/collall.nl\/fr\/produits\/\"},{\"@type\":\"ListItem\",\"position\":3,\"name\":\"Collall Playcoll\"}]},{\"@type\":\"WebSite\",\"@id\":\"https:\/\/collall.nl\/#website\",\"url\":\"https:\/\/collall.nl\/\",\"name\":\"Collall\",\"description\":\"Adhesives &amp; Paints since 1949\",\"publisher\":{\"@id\":\"https:\/\/collall.nl\/#organization\"},\"potentialAction\":[{\"@type\":\"SearchAction\",\"target\":{\"@type\":\"EntryPoint\",\"urlTemplate\":\"https:\/\/collall.nl\/?s={search_term_string}\"},\"query-input\":{\"@type\":\"PropertyValueSpecification\",\"valueRequired\":true,\"valueName\":\"search_term_string\"}}],\"inLanguage\":\"fr-FR\"},{\"@type\":\"Organization\",\"@id\":\"https:\/\/collall.nl\/#organization\",\"name\":\"Collall B.V.\",\"url\":\"https:\/\/collall.nl\/\",\"logo\":{\"@type\":\"ImageObject\",\"inLanguage\":\"fr-FR\",\"@id\":\"https:\/\/collall.nl\/#\/schema\/logo\/image\/\",\"url\":\"https:\/\/collall.nl\/wp-content\/uploads\/2022\/08\/Collall-logo-186C_Reflex-blue.jpg\",\"contentUrl\":\"https:\/\/collall.nl\/wp-content\/uploads\/2022\/08\/Collall-logo-186C_Reflex-blue.jpg\",\"width\":1963,\"height\":1179,\"caption\":\"Collall B.V.\"},\"image\":{\"@id\":\"https:\/\/collall.nl\/#\/schema\/logo\/image\/\"},\"sameAs\":[\"https:\/\/www.facebook.com\/people\/Collall\/100064976852539\/\",\"https:\/\/www.instagram.com\/collall_1949\/\",\"https:\/\/nl.pinterest.com\/CollallBV\/\",\"https:\/\/www.youtube.com\/channel\/UCrCGuwth_udZhTqJSh5g9zg\"]}]}<\/script>\n<!-- \/ Yoast SEO plugin. -->","yoast_head_json":{"title":"Collall Playcoll - Collall","description":"Collall Playcoll est une colle bleue \u00e9paisse et liquide \u00e0 base d'eau, sp\u00e9cialement con\u00e7ue pour \u00eatre utilis\u00e9e par les tout-petits.","robots":{"index":"index","follow":"follow","max-snippet":"max-snippet:-1","max-image-preview":"max-image-preview:large","max-video-preview":"max-video-preview:-1"},"canonical":"https:\/\/collall.nl\/fr\/product\/collall-playcoll-2\/","og_locale":"fr_FR","og_type":"article","og_title":"Collall Playcoll - Collall","og_description":"Collall Playcoll est une colle bleue \u00e9paisse et liquide \u00e0 base d'eau, sp\u00e9cialement con\u00e7ue pour \u00eatre utilis\u00e9e par les tout-petits.","og_url":"https:\/\/collall.nl\/fr\/product\/collall-playcoll-2\/","og_site_name":"Collall","article_publisher":"https:\/\/www.facebook.com\/people\/Collall\/100064976852539\/","article_modified_time":"2025-03-25T10:28:39+00:00","og_image":[{"width":800,"height":800,"url":"https:\/\/collall.nl\/wp-content\/uploads\/2022\/03\/COLPC0100.jpg","type":"image\/jpeg"}],"twitter_card":"summary_large_image","twitter_misc":{"Dur\u00e9e de lecture estim\u00e9e":"3 minutes"},"schema":{"@context":"https:\/\/schema.org","@graph":[{"@type":"WebPage","@id":"https:\/\/collall.nl\/fr\/product\/collall-playcoll-2\/","url":"https:\/\/collall.nl\/fr\/product\/collall-playcoll-2\/","name":"Collall Playcoll - Collall","isPartOf":{"@id":"https:\/\/collall.nl\/#website"},"primaryImageOfPage":{"@id":"https:\/\/collall.nl\/fr\/product\/collall-playcoll-2\/#primaryimage"},"image":{"@id":"https:\/\/collall.nl\/fr\/product\/collall-playcoll-2\/#primaryimage"},"thumbnailUrl":"https:\/\/collall.nl\/wp-content\/uploads\/2022\/03\/COLPC0100.jpg","datePublished":"2022-03-01T09:20:52+00:00","dateModified":"2025-03-25T10:28:39+00:00","description":"Collall Playcoll est une colle bleue \u00e9paisse et liquide \u00e0 base d'eau, sp\u00e9cialement con\u00e7ue pour \u00eatre utilis\u00e9e par les tout-petits.","breadcrumb":{"@id":"https:\/\/collall.nl\/fr\/product\/collall-playcoll-2\/#breadcrumb"},"inLanguage":"fr-FR","potentialAction":[{"@type":"ReadAction","target":["https:\/\/collall.nl\/fr\/product\/collall-playcoll-2\/"]}]},{"@type":"ImageObject","inLanguage":"fr-FR","@id":"https:\/\/collall.nl\/fr\/product\/collall-playcoll-2\/#primaryimage","url":"https:\/\/collall.nl\/wp-content\/uploads\/2022\/03\/COLPC0100.jpg","contentUrl":"https:\/\/collall.nl\/wp-content\/uploads\/2022\/03\/COLPC0100.jpg","width":800,"height":800},{"@type":"BreadcrumbList","@id":"https:\/\/collall.nl\/fr\/product\/collall-playcoll-2\/#breadcrumb","itemListElement":[{"@type":"ListItem","position":1,"name":"Home","item":"https:\/\/collall.nl\/fr\/"},{"@type":"ListItem","position":2,"name":"Produits","item":"https:\/\/collall.nl\/fr\/produits\/"},{"@type":"ListItem","position":3,"name":"Collall Playcoll"}]},{"@type":"WebSite","@id":"https:\/\/collall.nl\/#website","url":"https:\/\/collall.nl\/","name":"Collall","description":"Adhesives &amp; Paints since 1949","publisher":{"@id":"https:\/\/collall.nl\/#organization"},"potentialAction":[{"@type":"SearchAction","target":{"@type":"EntryPoint","urlTemplate":"https:\/\/collall.nl\/?s={search_term_string}"},"query-input":{"@type":"PropertyValueSpecification","valueRequired":true,"valueName":"search_term_string"}}],"inLanguage":"fr-FR"},{"@type":"Organization","@id":"https:\/\/collall.nl\/#organization","name":"Collall B.V.","url":"https:\/\/collall.nl\/","logo":{"@type":"ImageObject","inLanguage":"fr-FR","@id":"https:\/\/collall.nl\/#\/schema\/logo\/image\/","url":"https:\/\/collall.nl\/wp-content\/uploads\/2022\/08\/Collall-logo-186C_Reflex-blue.jpg","contentUrl":"https:\/\/collall.nl\/wp-content\/uploads\/2022\/08\/Collall-logo-186C_Reflex-blue.jpg","width":1963,"height":1179,"caption":"Collall B.V."},"image":{"@id":"https:\/\/collall.nl\/#\/schema\/logo\/image\/"},"sameAs":["https:\/\/www.facebook.com\/people\/Collall\/100064976852539\/","https:\/\/www.instagram.com\/collall_1949\/","https:\/\/nl.pinterest.com\/CollallBV\/","https:\/\/www.youtube.com\/channel\/UCrCGuwth_udZhTqJSh5g9zg"]}]}},"_links":{"self":[{"href":"https:\/\/collall.nl\/fr\/wp-json\/wp\/v2\/product\/10424","targetHints":{"allow":["GET"]}}],"collection":[{"href":"https:\/\/collall.nl\/fr\/wp-json\/wp\/v2\/product"}],"about":[{"href":"https:\/\/collall.nl\/fr\/wp-json\/wp\/v2\/types\/product"}],"replies":[{"embeddable":true,"href":"https:\/\/collall.nl\/fr\/wp-json\/wp\/v2\/comments?post=10424"}],"wp:featuredmedia":[{"embeddable":true,"href":"https:\/\/collall.nl\/fr\/wp-json\/wp\/v2\/media\/18934"}],"wp:attachment":[{"href":"https:\/\/collall.nl\/fr\/wp-json\/wp\/v2\/media?parent=10424"}],"wp:term":[{"taxonomy":"product_brand","embeddable":true,"href":"https:\/\/collall.nl\/fr\/wp-json\/wp\/v2\/product_brand?post=10424"},{"taxonomy":"product_cat","embeddable":true,"href":"https:\/\/collall.nl\/fr\/wp-json\/wp\/v2\/product_cat?post=10424"},{"taxonomy":"product_tag","embeddable":true,"href":"https:\/\/collall.nl\/fr\/wp-json\/wp\/v2\/product_tag?post=10424"}],"curies":[{"name":"wp","href":"https:\/\/api.w.org\/{rel}","templated":true}]}}