{"id":10397,"date":"2022-03-01T09:20:40","date_gmt":"2022-03-01T09:20:41","guid":{"rendered":"http:\/\/collall.test\/product\/collall-decoupage-vernis-lustre\/"},"modified":"2025-04-03T13:21:48","modified_gmt":"2025-04-03T11:21:48","slug":"collall-decoupage-vernis-lustre","status":"publish","type":"product","link":"https:\/\/collall.nl\/fr\/product\/collall-decoupage-vernis-lustre\/","title":{"rendered":"Collall Decoupage Vernis Lustr\u00e9"},"content":{"rendered":"<p><strong>Application :<\/strong> Avec le Collall Decoupage Vernis Lustr\u00e9, vous appliquez une couche de vernis brillante sur du papier de d\u00e9coupage, du carton, du textile, de la toile, du bois, de la pierre, du polystyr\u00e8ne et divers plastiques.<\/p>\n<p><strong>Apparence :\u00a0<\/strong><\/p>\n<ul>\n<li>Liquide blanc fluide<\/li>\n<li>S\u00e9chage rapide<\/li>\n<li>Forte adh\u00e9rence<\/li>\n<li>Flexible<\/li>\n<li>Transparent apr\u00e8s s\u00e9chage<\/li>\n<\/ul>\n<p><strong>Solvant :<\/strong> Eau<\/p>\n<p><strong>Ingr\u00e9dient principal :<\/strong> Acrylate<\/p>\n<p class=\"p1\"><b>Ingr\u00e9dients naturels : <\/b>50 %<\/p>\n<p class=\"p1\"><b>Viscosit\u00e9 : <\/b>500 mPa.s<\/p>\n<p><strong>pH :<\/strong> 8<\/p>\n<p><strong>Densit\u00e9 :<\/strong> 1,06 kg\/dm\u00b3<\/p>\n<p><strong>CE :<\/strong> &#8211;<\/p>\n<p><strong>Consommation de colle :<\/strong> Environ 150 g\/m\u00b2<\/p>\n<p><strong>Utilisation :<\/strong><\/p>\n<ul>\n<li>Les mat\u00e9riaux \u00e0 coller doivent \u00eatre secs et exempts de poussi\u00e8re et de salet\u00e9.<\/li>\n<li>Bien agiter ou remuer avant utilisation.<\/li>\n<li>\u00c0 appliquer avec un pinceau souple ou un rouleau en mousse.<\/li>\n<li>Une fois la colle \u00e0 d\u00e9coupage s\u00e8che, une deuxi\u00e8me couche protectrice de vernis \u00e0 d\u00e9coupage peut \u00eatre appliqu\u00e9e.<\/li>\n<li>Conserver \u00e0 l&rsquo;abri du gel.<\/li>\n<\/ul>\n<p><strong>Allerg\u00e8nes :<\/strong> Contient CMIT\/MIT. Peut produire une r\u00e9action allergique.<\/p>\n<p><strong>Convient \u00e0 :<\/strong> \u00c0 partir de 8 ans.<\/p>\n<p><strong>Nettoyage :<\/strong><\/p>\n<ul>\n<li>Les outils peuvent \u00eatre nettoy\u00e9s \u00e0 l&rsquo;eau tant que la colle est encore humide (un d\u00e9tergent synth\u00e9tique peut \u00e9ventuellement \u00eatre ajout\u00e9 \u00e0 l&rsquo;eau).<\/li>\n<li>Pour les taches de colle s\u00e9ch\u00e9e, les tremper dans de l&rsquo;eau chaude puis les enlever avec une brosse.<\/li>\n<\/ul>\n","protected":false},"excerpt":{"rendered":"<p>Collall Decoupage Vernis Lustr\u00e9 est un vernis transparent qui offre une finition brillante et imperm\u00e9able sur divers mat\u00e9riaux tels que le papier de d\u00e9coupage, le carton, la toile et la pierre.<\/p>\n","protected":false},"featured_media":22059,"comment_status":"open","ping_status":"closed","template":"","meta":{"_acf_changed":false},"product_brand":[],"product_cat":[174],"product_tag":[],"class_list":{"0":"post-10397","1":"product","2":"type-product","3":"status-publish","4":"has-post-thumbnail","6":"product_cat-colle-et-vernis-colle","8":"first","9":"instock","10":"shipping-taxable","11":"purchasable","12":"product-type-variable"},"acf":[],"yoast_head":"<!-- This site is optimized with the Yoast SEO plugin v27.2 - https:\/\/yoast.com\/product\/yoast-seo-wordpress\/ -->\n<title>Collall Decoupage Vernis Lustr\u00e9 - Collall<\/title>\n<meta name=\"description\" content=\"Collall Vernis \u00e0 D\u00e9coupage BrillCollall Decoupage Vernis Lustr\u00e9 st un vernis transparent qui offre une finition brillante et imperm\u00e9able sur divers mat\u00e9riaux tels que le papier, etc.\" \/>\n<meta name=\"robots\" content=\"index, follow, max-snippet:-1, max-image-preview:large, max-video-preview:-1\" \/>\n<link rel=\"canonical\" href=\"https:\/\/collall.nl\/fr\/product\/collall-decoupage-vernis-lustre\/\" \/>\n<meta property=\"og:locale\" content=\"fr_FR\" \/>\n<meta property=\"og:type\" content=\"article\" \/>\n<meta property=\"og:title\" content=\"Collall Decoupage Vernis Lustr\u00e9 - Collall\" \/>\n<meta property=\"og:description\" content=\"Collall Vernis \u00e0 D\u00e9coupage BrillCollall Decoupage Vernis Lustr\u00e9 st un vernis transparent qui offre une finition brillante et imperm\u00e9able sur divers mat\u00e9riaux tels que le papier, etc.\" \/>\n<meta property=\"og:url\" content=\"https:\/\/collall.nl\/fr\/product\/collall-decoupage-vernis-lustre\/\" \/>\n<meta property=\"og:site_name\" content=\"Collall\" \/>\n<meta property=\"article:publisher\" content=\"https:\/\/www.facebook.com\/people\/Collall\/100064976852539\/\" \/>\n<meta property=\"article:modified_time\" content=\"2025-04-03T11:21:48+00:00\" \/>\n<meta property=\"og:image\" content=\"https:\/\/collall.nl\/wp-content\/uploads\/2022\/03\/COLVDW0100-1.jpg\" \/>\n\t<meta property=\"og:image:width\" content=\"800\" \/>\n\t<meta property=\"og:image:height\" content=\"800\" \/>\n\t<meta property=\"og:image:type\" content=\"image\/jpeg\" \/>\n<meta name=\"twitter:card\" content=\"summary_large_image\" \/>\n<meta name=\"twitter:label1\" content=\"Dur\u00e9e de lecture estim\u00e9e\" \/>\n\t<meta name=\"twitter:data1\" content=\"2 minutes\" \/>\n<script type=\"application\/ld+json\" class=\"yoast-schema-graph\">{\"@context\":\"https:\/\/schema.org\",\"@graph\":[{\"@type\":\"WebPage\",\"@id\":\"https:\/\/collall.nl\/fr\/product\/collall-decoupage-vernis-lustre\/\",\"url\":\"https:\/\/collall.nl\/fr\/product\/collall-decoupage-vernis-lustre\/\",\"name\":\"Collall Decoupage Vernis Lustr\u00e9 - Collall\",\"isPartOf\":{\"@id\":\"https:\/\/collall.nl\/#website\"},\"primaryImageOfPage\":{\"@id\":\"https:\/\/collall.nl\/fr\/product\/collall-decoupage-vernis-lustre\/#primaryimage\"},\"image\":{\"@id\":\"https:\/\/collall.nl\/fr\/product\/collall-decoupage-vernis-lustre\/#primaryimage\"},\"thumbnailUrl\":\"https:\/\/collall.nl\/wp-content\/uploads\/2022\/03\/COLVDW0100-1.jpg\",\"datePublished\":\"2022-03-01T09:20:41+00:00\",\"dateModified\":\"2025-04-03T11:21:48+00:00\",\"description\":\"Collall Vernis \u00e0 D\u00e9coupage BrillCollall Decoupage Vernis Lustr\u00e9 st un vernis transparent qui offre une finition brillante et imperm\u00e9able sur divers mat\u00e9riaux tels que le papier, etc.\",\"breadcrumb\":{\"@id\":\"https:\/\/collall.nl\/fr\/product\/collall-decoupage-vernis-lustre\/#breadcrumb\"},\"inLanguage\":\"fr-FR\",\"potentialAction\":[{\"@type\":\"ReadAction\",\"target\":[\"https:\/\/collall.nl\/fr\/product\/collall-decoupage-vernis-lustre\/\"]}]},{\"@type\":\"ImageObject\",\"inLanguage\":\"fr-FR\",\"@id\":\"https:\/\/collall.nl\/fr\/product\/collall-decoupage-vernis-lustre\/#primaryimage\",\"url\":\"https:\/\/collall.nl\/wp-content\/uploads\/2022\/03\/COLVDW0100-1.jpg\",\"contentUrl\":\"https:\/\/collall.nl\/wp-content\/uploads\/2022\/03\/COLVDW0100-1.jpg\",\"width\":800,\"height\":800},{\"@type\":\"BreadcrumbList\",\"@id\":\"https:\/\/collall.nl\/fr\/product\/collall-decoupage-vernis-lustre\/#breadcrumb\",\"itemListElement\":[{\"@type\":\"ListItem\",\"position\":1,\"name\":\"Home\",\"item\":\"https:\/\/collall.nl\/fr\/\"},{\"@type\":\"ListItem\",\"position\":2,\"name\":\"Produits\",\"item\":\"https:\/\/collall.nl\/fr\/produits\/\"},{\"@type\":\"ListItem\",\"position\":3,\"name\":\"Collall Decoupage Vernis Lustr\u00e9\"}]},{\"@type\":\"WebSite\",\"@id\":\"https:\/\/collall.nl\/#website\",\"url\":\"https:\/\/collall.nl\/\",\"name\":\"Collall\",\"description\":\"Adhesives &amp; Paints since 1949\",\"publisher\":{\"@id\":\"https:\/\/collall.nl\/#organization\"},\"potentialAction\":[{\"@type\":\"SearchAction\",\"target\":{\"@type\":\"EntryPoint\",\"urlTemplate\":\"https:\/\/collall.nl\/?s={search_term_string}\"},\"query-input\":{\"@type\":\"PropertyValueSpecification\",\"valueRequired\":true,\"valueName\":\"search_term_string\"}}],\"inLanguage\":\"fr-FR\"},{\"@type\":\"Organization\",\"@id\":\"https:\/\/collall.nl\/#organization\",\"name\":\"Collall B.V.\",\"url\":\"https:\/\/collall.nl\/\",\"logo\":{\"@type\":\"ImageObject\",\"inLanguage\":\"fr-FR\",\"@id\":\"https:\/\/collall.nl\/#\/schema\/logo\/image\/\",\"url\":\"https:\/\/collall.nl\/wp-content\/uploads\/2022\/08\/Collall-logo-186C_Reflex-blue.jpg\",\"contentUrl\":\"https:\/\/collall.nl\/wp-content\/uploads\/2022\/08\/Collall-logo-186C_Reflex-blue.jpg\",\"width\":1963,\"height\":1179,\"caption\":\"Collall B.V.\"},\"image\":{\"@id\":\"https:\/\/collall.nl\/#\/schema\/logo\/image\/\"},\"sameAs\":[\"https:\/\/www.facebook.com\/people\/Collall\/100064976852539\/\",\"https:\/\/www.instagram.com\/collall_1949\/\",\"https:\/\/nl.pinterest.com\/CollallBV\/\",\"https:\/\/www.youtube.com\/channel\/UCrCGuwth_udZhTqJSh5g9zg\"]}]}<\/script>\n<!-- \/ Yoast SEO plugin. -->","yoast_head_json":{"title":"Collall Decoupage Vernis Lustr\u00e9 - Collall","description":"Collall Vernis \u00e0 D\u00e9coupage BrillCollall Decoupage Vernis Lustr\u00e9 st un vernis transparent qui offre une finition brillante et imperm\u00e9able sur divers mat\u00e9riaux tels que le papier, etc.","robots":{"index":"index","follow":"follow","max-snippet":"max-snippet:-1","max-image-preview":"max-image-preview:large","max-video-preview":"max-video-preview:-1"},"canonical":"https:\/\/collall.nl\/fr\/product\/collall-decoupage-vernis-lustre\/","og_locale":"fr_FR","og_type":"article","og_title":"Collall Decoupage Vernis Lustr\u00e9 - Collall","og_description":"Collall Vernis \u00e0 D\u00e9coupage BrillCollall Decoupage Vernis Lustr\u00e9 st un vernis transparent qui offre une finition brillante et imperm\u00e9able sur divers mat\u00e9riaux tels que le papier, etc.","og_url":"https:\/\/collall.nl\/fr\/product\/collall-decoupage-vernis-lustre\/","og_site_name":"Collall","article_publisher":"https:\/\/www.facebook.com\/people\/Collall\/100064976852539\/","article_modified_time":"2025-04-03T11:21:48+00:00","og_image":[{"width":800,"height":800,"url":"https:\/\/collall.nl\/wp-content\/uploads\/2022\/03\/COLVDW0100-1.jpg","type":"image\/jpeg"}],"twitter_card":"summary_large_image","twitter_misc":{"Dur\u00e9e de lecture estim\u00e9e":"2 minutes"},"schema":{"@context":"https:\/\/schema.org","@graph":[{"@type":"WebPage","@id":"https:\/\/collall.nl\/fr\/product\/collall-decoupage-vernis-lustre\/","url":"https:\/\/collall.nl\/fr\/product\/collall-decoupage-vernis-lustre\/","name":"Collall Decoupage Vernis Lustr\u00e9 - Collall","isPartOf":{"@id":"https:\/\/collall.nl\/#website"},"primaryImageOfPage":{"@id":"https:\/\/collall.nl\/fr\/product\/collall-decoupage-vernis-lustre\/#primaryimage"},"image":{"@id":"https:\/\/collall.nl\/fr\/product\/collall-decoupage-vernis-lustre\/#primaryimage"},"thumbnailUrl":"https:\/\/collall.nl\/wp-content\/uploads\/2022\/03\/COLVDW0100-1.jpg","datePublished":"2022-03-01T09:20:41+00:00","dateModified":"2025-04-03T11:21:48+00:00","description":"Collall Vernis \u00e0 D\u00e9coupage BrillCollall Decoupage Vernis Lustr\u00e9 st un vernis transparent qui offre une finition brillante et imperm\u00e9able sur divers mat\u00e9riaux tels que le papier, etc.","breadcrumb":{"@id":"https:\/\/collall.nl\/fr\/product\/collall-decoupage-vernis-lustre\/#breadcrumb"},"inLanguage":"fr-FR","potentialAction":[{"@type":"ReadAction","target":["https:\/\/collall.nl\/fr\/product\/collall-decoupage-vernis-lustre\/"]}]},{"@type":"ImageObject","inLanguage":"fr-FR","@id":"https:\/\/collall.nl\/fr\/product\/collall-decoupage-vernis-lustre\/#primaryimage","url":"https:\/\/collall.nl\/wp-content\/uploads\/2022\/03\/COLVDW0100-1.jpg","contentUrl":"https:\/\/collall.nl\/wp-content\/uploads\/2022\/03\/COLVDW0100-1.jpg","width":800,"height":800},{"@type":"BreadcrumbList","@id":"https:\/\/collall.nl\/fr\/product\/collall-decoupage-vernis-lustre\/#breadcrumb","itemListElement":[{"@type":"ListItem","position":1,"name":"Home","item":"https:\/\/collall.nl\/fr\/"},{"@type":"ListItem","position":2,"name":"Produits","item":"https:\/\/collall.nl\/fr\/produits\/"},{"@type":"ListItem","position":3,"name":"Collall Decoupage Vernis Lustr\u00e9"}]},{"@type":"WebSite","@id":"https:\/\/collall.nl\/#website","url":"https:\/\/collall.nl\/","name":"Collall","description":"Adhesives &amp; Paints since 1949","publisher":{"@id":"https:\/\/collall.nl\/#organization"},"potentialAction":[{"@type":"SearchAction","target":{"@type":"EntryPoint","urlTemplate":"https:\/\/collall.nl\/?s={search_term_string}"},"query-input":{"@type":"PropertyValueSpecification","valueRequired":true,"valueName":"search_term_string"}}],"inLanguage":"fr-FR"},{"@type":"Organization","@id":"https:\/\/collall.nl\/#organization","name":"Collall B.V.","url":"https:\/\/collall.nl\/","logo":{"@type":"ImageObject","inLanguage":"fr-FR","@id":"https:\/\/collall.nl\/#\/schema\/logo\/image\/","url":"https:\/\/collall.nl\/wp-content\/uploads\/2022\/08\/Collall-logo-186C_Reflex-blue.jpg","contentUrl":"https:\/\/collall.nl\/wp-content\/uploads\/2022\/08\/Collall-logo-186C_Reflex-blue.jpg","width":1963,"height":1179,"caption":"Collall B.V."},"image":{"@id":"https:\/\/collall.nl\/#\/schema\/logo\/image\/"},"sameAs":["https:\/\/www.facebook.com\/people\/Collall\/100064976852539\/","https:\/\/www.instagram.com\/collall_1949\/","https:\/\/nl.pinterest.com\/CollallBV\/","https:\/\/www.youtube.com\/channel\/UCrCGuwth_udZhTqJSh5g9zg"]}]}},"_links":{"self":[{"href":"https:\/\/collall.nl\/fr\/wp-json\/wp\/v2\/product\/10397","targetHints":{"allow":["GET"]}}],"collection":[{"href":"https:\/\/collall.nl\/fr\/wp-json\/wp\/v2\/product"}],"about":[{"href":"https:\/\/collall.nl\/fr\/wp-json\/wp\/v2\/types\/product"}],"replies":[{"embeddable":true,"href":"https:\/\/collall.nl\/fr\/wp-json\/wp\/v2\/comments?post=10397"}],"wp:featuredmedia":[{"embeddable":true,"href":"https:\/\/collall.nl\/fr\/wp-json\/wp\/v2\/media\/22059"}],"wp:attachment":[{"href":"https:\/\/collall.nl\/fr\/wp-json\/wp\/v2\/media?parent=10397"}],"wp:term":[{"taxonomy":"product_brand","embeddable":true,"href":"https:\/\/collall.nl\/fr\/wp-json\/wp\/v2\/product_brand?post=10397"},{"taxonomy":"product_cat","embeddable":true,"href":"https:\/\/collall.nl\/fr\/wp-json\/wp\/v2\/product_cat?post=10397"},{"taxonomy":"product_tag","embeddable":true,"href":"https:\/\/collall.nl\/fr\/wp-json\/wp\/v2\/product_tag?post=10397"}],"curies":[{"name":"wp","href":"https:\/\/api.w.org\/{rel}","templated":true}]}}