{"id":10380,"date":"2022-03-01T09:20:37","date_gmt":"2022-03-01T09:20:39","guid":{"rendered":"http:\/\/collall.test\/product\/collall-colle-decoupage\/"},"modified":"2025-04-03T13:37:38","modified_gmt":"2025-04-03T11:37:38","slug":"collall-colle-decoupage","status":"publish","type":"product","link":"https:\/\/collall.nl\/fr\/product\/collall-colle-decoupage\/","title":{"rendered":"Collall Colle Decoupage"},"content":{"rendered":"<p><strong>Application :<\/strong><br \/>\nAvec la colle Collall Decoupage, vous pouvez appliquer diverses techniques de d\u00e9coupages. Travaillez vos images et d\u00e9corations (serviettes en papier, papier de soie, images imprim\u00e9es) sur diff\u00e9rents supports (papier, carton, bois, textile et pierre).<\/p>\n<p><strong>Apparence :<\/strong><\/p>\n<ul>\n<li>Liquide fluide blanc\/jaune<\/li>\n<li>S\u00e9chage rapide<\/li>\n<li>Forte adh\u00e9rence<\/li>\n<li>Flexible<\/li>\n<li>Transparent apr\u00e8s s\u00e9chage<\/li>\n<li>Solvant : eau<\/li>\n<\/ul>\n<p><strong>Ingr\u00e9dient principal :<\/strong> acrylate<\/p>\n<p class=\"p1\"><b>Ingr\u00e9dients naturels : <\/b>50%<\/p>\n<p class=\"p1\"><b>Viscosit\u00e9 : <\/b>3.000 mPa.s<\/p>\n<p><strong>pH :<\/strong> 8<\/p>\n<p><strong>Consommation de colle :<\/strong> environ 150 g\/m\u00b2<\/p>\n<p><strong>CE :<\/strong> \u2013<\/p>\n<p><strong>Utilisation :<\/strong><\/p>\n<ul>\n<li>Les mat\u00e9riaux \u00e0 coller doivent \u00eatre secs et exempts de poussi\u00e8re et de salet\u00e9.<\/li>\n<li>Appliquer la colle avec un <a href=\"https:\/\/collall.nl\/fr\/product\/colorall-pinceaux-a-colle-spatules\/\" target=\"_blank\" rel=\"noopener\">pinceau a colle<\/a> sur la surface \u00e0 coller.<\/li>\n<li>Une fois la colle s\u00e8che, une couche de protection brillante de vernis Collall Decoupage peut \u00eatre appliqu\u00e9e.<\/li>\n<\/ul>\n<p><strong>Allerg\u00e8nes :<\/strong> contient CMIT\/MIT. Peut produire une r\u00e9action allergique.<\/p>\n<p><strong>Adapt\u00e9 :<\/strong> \u00e0 partir de 8 ans.<\/p>\n<p><strong>Nettoyage :<\/strong><\/p>\n<ul>\n<li>Les outils peuvent \u00eatre nettoy\u00e9s avec de l\u2019eau uniquement lorsque la colle est encore humide (un d\u00e9tergent synth\u00e9tique peut \u00e9ventuellement \u00eatre ajout\u00e9 \u00e0 l\u2019eau).<\/li>\n<li>Pour enlever les taches de colle s\u00e8ches, les tremper dans de l\u2019eau chaude, puis les retirer avec une brosse.<\/li>\n<\/ul>\n<h4><strong>Quelles sont les techniques de d\u00e9coupage ?<\/strong><\/h4>\n<p>Le d\u00e9coupage est une technique cr\u00e9ative qui consiste \u00e0 appliquer des images ou des d\u00e9corations (comme du papier, des serviettes ou du tissu) sur une surface et \u00e0 les fixer avec une couche de colle et de vernis. Le r\u00e9sultat est une finition lisse et professionnelle qui ressemble \u00e0 de la peinture. Le d\u00e9coupage peut \u00eatre utilis\u00e9 pour transformer des objets du quotidien en \u0153uvres d&rsquo;art uniques.<\/p>\n<p><strong>Exemples de projets de d\u00e9coupage :<\/strong><\/p>\n<ol>\n<li><strong>D\u00e9coration de meubles :<\/strong> Redonnez vie \u00e0 une vieille table, chaise ou armoire en ajoutant des images ou du papier d\u00e9coratif.<\/li>\n<li><strong>Cadeaux personnalis\u00e9s :<\/strong> D\u00e9corez des bo\u00eetes, des cadres photo ou des bougeoirs avec des images, des serviettes ou du tissu.<\/li>\n<li><strong>D\u00e9coration DIY pour la maison :<\/strong> Cr\u00e9ez des \u0153uvres d&rsquo;art sur toile, des pots de fleurs color\u00e9s ou des tableaux uniques.<\/li>\n<li><strong>Upcycling d&rsquo;objets :<\/strong> R\u00e9utilisez des pots en verre, des bouteilles ou des bo\u00eetes m\u00e9talliques anciennes en les d\u00e9corant avec du papier de soie ou des serviettes.<\/li>\n<\/ol>\n<p><strong>Proc\u00e9dure pour utiliser la colle \u00e0 d\u00e9coupage Collall :<\/strong><\/p>\n<ol>\n<li><strong>Choisissez vos mat\u00e9riaux :<\/strong>\n<ul>\n<li>Rassemblez des d\u00e9corations telles que des serviettes en papier, du papier de soie ou des images imprim\u00e9es.<\/li>\n<li>Assurez-vous que la surface est propre et s\u00e8che. Les surfaces adapt\u00e9es incluent le papier, le carton, le bois, le textile ou la pierre.<\/li>\n<\/ul>\n<\/li>\n<li><strong>Pr\u00e9parez l&rsquo;image :<\/strong>\n<ul>\n<li>D\u00e9coupez ou d\u00e9chirez le papier d\u00e9coratif selon la forme ou la taille souhait\u00e9e.<\/li>\n<li>Pour les serviettes, utilisez uniquement la couche imprim\u00e9e sup\u00e9rieure.<\/li>\n<\/ul>\n<\/li>\n<li><strong>Appliquez la colle \u00e0 d\u00e9coupage Collall :<\/strong>\n<ul>\n<li>Appliquez une fine couche de colle \u00e0 d\u00e9coupage Collall sur la surface o\u00f9 vous souhaitez placer le papier d\u00e9coratif.<\/li>\n<li>Placez d\u00e9licatement le papier d\u00e9coratif sur la colle. Utilisez un pinceau ou vos doigts pour lisser les bulles d&rsquo;air et les plis.<\/li>\n<\/ul>\n<\/li>\n<li><strong>Laissez s\u00e9cher :<\/strong>\n<ul>\n<li>Laissez le projet s\u00e9cher compl\u00e8tement. La colle devient transparente en s\u00e9chant, offrant une apparence lisse et professionnelle.<\/li>\n<\/ul>\n<\/li>\n<li><strong>Fixez et prot\u00e9gez avec le vernis \u00e0 d\u00e9coupage Collall :<\/strong>\n<ul>\n<li>Pour une protection suppl\u00e9mentaire ou une finition brillante, appliquez un vernis apr\u00e8s le s\u00e9chage.<\/li>\n<li>Appliquez une seconde fine couche de vernis \u00e0 d\u00e9coupage Collall sur l&rsquo;image comme couche protectrice.<\/li>\n<\/ul>\n<\/li>\n<\/ol>\n<p>Avec la colle \u00e0 d\u00e9coupage Collall, vous pouvez facilement appliquer ces techniques et profiter d&rsquo;un r\u00e9sultat durable, solide et professionnel !<\/p>\n<p><strong>Collall propose divers produits pour les techniques de d\u00e9coupage :<\/strong><\/p>\n<ul>\n<li>Colle \u00e0 d\u00e9coupage Collall<\/li>\n<li><a href=\"https:\/\/collall.nl\/fr\/product\/collall-decoupage-vernis-lustre\/\" target=\"_blank\" rel=\"noopener\">Vernis \u00e0 d\u00e9coupage Collall<\/a><\/li>\n<li><a href=\"https:\/\/collall.nl\/fr\/product\/collall-colle-vernis\/\" target=\"_blank\" rel=\"noopener\">Colle-vernis Collall<\/a> (colle et vernis 2-en-1)<\/li>\n<\/ul>\n","protected":false},"excerpt":{"rendered":"<p>La colle Decoupage Collall est une colle fine et transparente \u00e0 base d&rsquo;eau. Cette colle est sp\u00e9cialement con\u00e7ue pour l&rsquo;application de mat\u00e9riaux de d\u00e9coupage. Le d\u00e9coupage peut \u00eatre utilis\u00e9 pour transformer des objets du quotidien en \u0153uvres d&rsquo;art uniques.<\/p>\n","protected":false},"featured_media":22900,"comment_status":"open","ping_status":"closed","template":"","meta":{"_acf_changed":false},"product_brand":[],"product_cat":[174],"product_tag":[],"class_list":{"0":"post-10380","1":"product","2":"type-product","3":"status-publish","4":"has-post-thumbnail","6":"product_cat-colle-et-vernis-colle","8":"first","9":"instock","10":"shipping-taxable","11":"purchasable","12":"product-type-variable"},"acf":[],"yoast_head":"<!-- This site is optimized with the Yoast SEO plugin v27.2 - https:\/\/yoast.com\/product\/yoast-seo-wordpress\/ -->\n<title>Collall Colle Decoupage - Collall<\/title>\n<meta name=\"description\" content=\"La colle Decoupage Collall est une colle fine et transparente \u00e0 base d&#039;eau. Cette colle est sp\u00e9cialement con\u00e7ue pour l&#039;application de mat\u00e9riaux de d\u00e9coupage.\" \/>\n<meta name=\"robots\" content=\"index, follow, max-snippet:-1, max-image-preview:large, max-video-preview:-1\" \/>\n<link rel=\"canonical\" href=\"https:\/\/collall.nl\/fr\/product\/collall-colle-decoupage\/\" \/>\n<meta property=\"og:locale\" content=\"fr_FR\" \/>\n<meta property=\"og:type\" content=\"article\" \/>\n<meta property=\"og:title\" content=\"Collall Colle Decoupage - Collall\" \/>\n<meta property=\"og:description\" content=\"La colle Decoupage Collall est une colle fine et transparente \u00e0 base d&#039;eau. Cette colle est sp\u00e9cialement con\u00e7ue pour l&#039;application de mat\u00e9riaux de d\u00e9coupage.\" \/>\n<meta property=\"og:url\" content=\"https:\/\/collall.nl\/fr\/product\/collall-colle-decoupage\/\" \/>\n<meta property=\"og:site_name\" content=\"Collall\" \/>\n<meta property=\"article:publisher\" content=\"https:\/\/www.facebook.com\/people\/Collall\/100064976852539\/\" \/>\n<meta property=\"article:modified_time\" content=\"2025-04-03T11:37:38+00:00\" \/>\n<meta property=\"og:image\" content=\"https:\/\/collall.nl\/wp-content\/uploads\/2022\/03\/COLVD0100-Collall-Decoupagelijm.jpg\" \/>\n\t<meta property=\"og:image:width\" content=\"800\" \/>\n\t<meta property=\"og:image:height\" content=\"800\" \/>\n\t<meta property=\"og:image:type\" content=\"image\/jpeg\" \/>\n<meta name=\"twitter:card\" content=\"summary_large_image\" \/>\n<meta name=\"twitter:label1\" content=\"Dur\u00e9e de lecture estim\u00e9e\" \/>\n\t<meta name=\"twitter:data1\" content=\"3 minutes\" \/>\n<script type=\"application\/ld+json\" class=\"yoast-schema-graph\">{\"@context\":\"https:\/\/schema.org\",\"@graph\":[{\"@type\":\"WebPage\",\"@id\":\"https:\/\/collall.nl\/fr\/product\/collall-colle-decoupage\/\",\"url\":\"https:\/\/collall.nl\/fr\/product\/collall-colle-decoupage\/\",\"name\":\"Collall Colle Decoupage - Collall\",\"isPartOf\":{\"@id\":\"https:\/\/collall.nl\/#website\"},\"primaryImageOfPage\":{\"@id\":\"https:\/\/collall.nl\/fr\/product\/collall-colle-decoupage\/#primaryimage\"},\"image\":{\"@id\":\"https:\/\/collall.nl\/fr\/product\/collall-colle-decoupage\/#primaryimage\"},\"thumbnailUrl\":\"https:\/\/collall.nl\/wp-content\/uploads\/2022\/03\/COLVD0100-Collall-Decoupagelijm.jpg\",\"datePublished\":\"2022-03-01T09:20:39+00:00\",\"dateModified\":\"2025-04-03T11:37:38+00:00\",\"description\":\"La colle Decoupage Collall est une colle fine et transparente \u00e0 base d'eau. Cette colle est sp\u00e9cialement con\u00e7ue pour l'application de mat\u00e9riaux de d\u00e9coupage.\",\"breadcrumb\":{\"@id\":\"https:\/\/collall.nl\/fr\/product\/collall-colle-decoupage\/#breadcrumb\"},\"inLanguage\":\"fr-FR\",\"potentialAction\":[{\"@type\":\"ReadAction\",\"target\":[\"https:\/\/collall.nl\/fr\/product\/collall-colle-decoupage\/\"]}]},{\"@type\":\"ImageObject\",\"inLanguage\":\"fr-FR\",\"@id\":\"https:\/\/collall.nl\/fr\/product\/collall-colle-decoupage\/#primaryimage\",\"url\":\"https:\/\/collall.nl\/wp-content\/uploads\/2022\/03\/COLVD0100-Collall-Decoupagelijm.jpg\",\"contentUrl\":\"https:\/\/collall.nl\/wp-content\/uploads\/2022\/03\/COLVD0100-Collall-Decoupagelijm.jpg\",\"width\":800,\"height\":800,\"caption\":\"COLVD0100-Collall Decoupagelijm\"},{\"@type\":\"BreadcrumbList\",\"@id\":\"https:\/\/collall.nl\/fr\/product\/collall-colle-decoupage\/#breadcrumb\",\"itemListElement\":[{\"@type\":\"ListItem\",\"position\":1,\"name\":\"Home\",\"item\":\"https:\/\/collall.nl\/fr\/\"},{\"@type\":\"ListItem\",\"position\":2,\"name\":\"Produits\",\"item\":\"https:\/\/collall.nl\/fr\/produits\/\"},{\"@type\":\"ListItem\",\"position\":3,\"name\":\"Collall Colle Decoupage\"}]},{\"@type\":\"WebSite\",\"@id\":\"https:\/\/collall.nl\/#website\",\"url\":\"https:\/\/collall.nl\/\",\"name\":\"Collall\",\"description\":\"Adhesives &amp; Paints since 1949\",\"publisher\":{\"@id\":\"https:\/\/collall.nl\/#organization\"},\"potentialAction\":[{\"@type\":\"SearchAction\",\"target\":{\"@type\":\"EntryPoint\",\"urlTemplate\":\"https:\/\/collall.nl\/?s={search_term_string}\"},\"query-input\":{\"@type\":\"PropertyValueSpecification\",\"valueRequired\":true,\"valueName\":\"search_term_string\"}}],\"inLanguage\":\"fr-FR\"},{\"@type\":\"Organization\",\"@id\":\"https:\/\/collall.nl\/#organization\",\"name\":\"Collall B.V.\",\"url\":\"https:\/\/collall.nl\/\",\"logo\":{\"@type\":\"ImageObject\",\"inLanguage\":\"fr-FR\",\"@id\":\"https:\/\/collall.nl\/#\/schema\/logo\/image\/\",\"url\":\"https:\/\/collall.nl\/wp-content\/uploads\/2022\/08\/Collall-logo-186C_Reflex-blue.jpg\",\"contentUrl\":\"https:\/\/collall.nl\/wp-content\/uploads\/2022\/08\/Collall-logo-186C_Reflex-blue.jpg\",\"width\":1963,\"height\":1179,\"caption\":\"Collall B.V.\"},\"image\":{\"@id\":\"https:\/\/collall.nl\/#\/schema\/logo\/image\/\"},\"sameAs\":[\"https:\/\/www.facebook.com\/people\/Collall\/100064976852539\/\",\"https:\/\/www.instagram.com\/collall_1949\/\",\"https:\/\/nl.pinterest.com\/CollallBV\/\",\"https:\/\/www.youtube.com\/channel\/UCrCGuwth_udZhTqJSh5g9zg\"]}]}<\/script>\n<!-- \/ Yoast SEO plugin. -->","yoast_head_json":{"title":"Collall Colle Decoupage - Collall","description":"La colle Decoupage Collall est une colle fine et transparente \u00e0 base d'eau. Cette colle est sp\u00e9cialement con\u00e7ue pour l'application de mat\u00e9riaux de d\u00e9coupage.","robots":{"index":"index","follow":"follow","max-snippet":"max-snippet:-1","max-image-preview":"max-image-preview:large","max-video-preview":"max-video-preview:-1"},"canonical":"https:\/\/collall.nl\/fr\/product\/collall-colle-decoupage\/","og_locale":"fr_FR","og_type":"article","og_title":"Collall Colle Decoupage - Collall","og_description":"La colle Decoupage Collall est une colle fine et transparente \u00e0 base d'eau. Cette colle est sp\u00e9cialement con\u00e7ue pour l'application de mat\u00e9riaux de d\u00e9coupage.","og_url":"https:\/\/collall.nl\/fr\/product\/collall-colle-decoupage\/","og_site_name":"Collall","article_publisher":"https:\/\/www.facebook.com\/people\/Collall\/100064976852539\/","article_modified_time":"2025-04-03T11:37:38+00:00","og_image":[{"width":800,"height":800,"url":"https:\/\/collall.nl\/wp-content\/uploads\/2022\/03\/COLVD0100-Collall-Decoupagelijm.jpg","type":"image\/jpeg"}],"twitter_card":"summary_large_image","twitter_misc":{"Dur\u00e9e de lecture estim\u00e9e":"3 minutes"},"schema":{"@context":"https:\/\/schema.org","@graph":[{"@type":"WebPage","@id":"https:\/\/collall.nl\/fr\/product\/collall-colle-decoupage\/","url":"https:\/\/collall.nl\/fr\/product\/collall-colle-decoupage\/","name":"Collall Colle Decoupage - Collall","isPartOf":{"@id":"https:\/\/collall.nl\/#website"},"primaryImageOfPage":{"@id":"https:\/\/collall.nl\/fr\/product\/collall-colle-decoupage\/#primaryimage"},"image":{"@id":"https:\/\/collall.nl\/fr\/product\/collall-colle-decoupage\/#primaryimage"},"thumbnailUrl":"https:\/\/collall.nl\/wp-content\/uploads\/2022\/03\/COLVD0100-Collall-Decoupagelijm.jpg","datePublished":"2022-03-01T09:20:39+00:00","dateModified":"2025-04-03T11:37:38+00:00","description":"La colle Decoupage Collall est une colle fine et transparente \u00e0 base d'eau. Cette colle est sp\u00e9cialement con\u00e7ue pour l'application de mat\u00e9riaux de d\u00e9coupage.","breadcrumb":{"@id":"https:\/\/collall.nl\/fr\/product\/collall-colle-decoupage\/#breadcrumb"},"inLanguage":"fr-FR","potentialAction":[{"@type":"ReadAction","target":["https:\/\/collall.nl\/fr\/product\/collall-colle-decoupage\/"]}]},{"@type":"ImageObject","inLanguage":"fr-FR","@id":"https:\/\/collall.nl\/fr\/product\/collall-colle-decoupage\/#primaryimage","url":"https:\/\/collall.nl\/wp-content\/uploads\/2022\/03\/COLVD0100-Collall-Decoupagelijm.jpg","contentUrl":"https:\/\/collall.nl\/wp-content\/uploads\/2022\/03\/COLVD0100-Collall-Decoupagelijm.jpg","width":800,"height":800,"caption":"COLVD0100-Collall Decoupagelijm"},{"@type":"BreadcrumbList","@id":"https:\/\/collall.nl\/fr\/product\/collall-colle-decoupage\/#breadcrumb","itemListElement":[{"@type":"ListItem","position":1,"name":"Home","item":"https:\/\/collall.nl\/fr\/"},{"@type":"ListItem","position":2,"name":"Produits","item":"https:\/\/collall.nl\/fr\/produits\/"},{"@type":"ListItem","position":3,"name":"Collall Colle Decoupage"}]},{"@type":"WebSite","@id":"https:\/\/collall.nl\/#website","url":"https:\/\/collall.nl\/","name":"Collall","description":"Adhesives &amp; Paints since 1949","publisher":{"@id":"https:\/\/collall.nl\/#organization"},"potentialAction":[{"@type":"SearchAction","target":{"@type":"EntryPoint","urlTemplate":"https:\/\/collall.nl\/?s={search_term_string}"},"query-input":{"@type":"PropertyValueSpecification","valueRequired":true,"valueName":"search_term_string"}}],"inLanguage":"fr-FR"},{"@type":"Organization","@id":"https:\/\/collall.nl\/#organization","name":"Collall B.V.","url":"https:\/\/collall.nl\/","logo":{"@type":"ImageObject","inLanguage":"fr-FR","@id":"https:\/\/collall.nl\/#\/schema\/logo\/image\/","url":"https:\/\/collall.nl\/wp-content\/uploads\/2022\/08\/Collall-logo-186C_Reflex-blue.jpg","contentUrl":"https:\/\/collall.nl\/wp-content\/uploads\/2022\/08\/Collall-logo-186C_Reflex-blue.jpg","width":1963,"height":1179,"caption":"Collall B.V."},"image":{"@id":"https:\/\/collall.nl\/#\/schema\/logo\/image\/"},"sameAs":["https:\/\/www.facebook.com\/people\/Collall\/100064976852539\/","https:\/\/www.instagram.com\/collall_1949\/","https:\/\/nl.pinterest.com\/CollallBV\/","https:\/\/www.youtube.com\/channel\/UCrCGuwth_udZhTqJSh5g9zg"]}]}},"_links":{"self":[{"href":"https:\/\/collall.nl\/fr\/wp-json\/wp\/v2\/product\/10380","targetHints":{"allow":["GET"]}}],"collection":[{"href":"https:\/\/collall.nl\/fr\/wp-json\/wp\/v2\/product"}],"about":[{"href":"https:\/\/collall.nl\/fr\/wp-json\/wp\/v2\/types\/product"}],"replies":[{"embeddable":true,"href":"https:\/\/collall.nl\/fr\/wp-json\/wp\/v2\/comments?post=10380"}],"wp:featuredmedia":[{"embeddable":true,"href":"https:\/\/collall.nl\/fr\/wp-json\/wp\/v2\/media\/22900"}],"wp:attachment":[{"href":"https:\/\/collall.nl\/fr\/wp-json\/wp\/v2\/media?parent=10380"}],"wp:term":[{"taxonomy":"product_brand","embeddable":true,"href":"https:\/\/collall.nl\/fr\/wp-json\/wp\/v2\/product_brand?post=10380"},{"taxonomy":"product_cat","embeddable":true,"href":"https:\/\/collall.nl\/fr\/wp-json\/wp\/v2\/product_cat?post=10380"},{"taxonomy":"product_tag","embeddable":true,"href":"https:\/\/collall.nl\/fr\/wp-json\/wp\/v2\/product_tag?post=10380"}],"curies":[{"name":"wp","href":"https:\/\/api.w.org\/{rel}","templated":true}]}}