{"id":10353,"date":"2022-03-01T09:20:13","date_gmt":"2022-03-01T09:20:17","guid":{"rendered":"http:\/\/collall.test\/product\/collall-3d-coll-kit-glue-gel-2\/"},"modified":"2025-03-25T12:30:35","modified_gmt":"2025-03-25T11:30:35","slug":"collall-3d-coll-kit-2","status":"publish","type":"product","link":"https:\/\/collall.nl\/fr\/product\/collall-3d-coll-kit-2\/","title":{"rendered":"Collall 3D Coll Kit"},"content":{"rendered":"<p><strong>Application :\u00a0<\/strong>Collall 3D Coll Kit convient pour diverses applications, y compris :<\/p>\n<ul>\n<li><strong>Projets de loisirs et cr\u00e9atifs<\/strong> : id\u00e9al pour r\u00e9aliser des designs de cartes 3D, des \u0153uvres d\u2019art personnelles et pour coller des \u00e9l\u00e9ments d\u00e9coratifs.<\/li>\n<li><strong>R\u00e9parations<\/strong> : parfait pour combler de petits trous et fissures et pour fixer des mat\u00e9riaux comme des plinthes en bois et des plastiques l\u00e9gers. Ses propri\u00e9t\u00e9s \u00e9lastiques assurent une forte adh\u00e9rence et des r\u00e9sultats durables. Non adapt\u00e9 pour une utilisation en ext\u00e9rieur.<\/li>\n<li><strong>Mod\u00e9lisme<\/strong> : adapt\u00e9 pour coller et sceller les composants dans des projets de mod\u00e9lisme, o\u00f9 la pr\u00e9cision, la flexibilit\u00e9 et une forte adh\u00e9rence sont n\u00e9cessaires.<\/li>\n<li><strong>Mosa\u00efque<\/strong> : cette colle est tr\u00e8s pratique et id\u00e9ale lorsque les carreaux de mosa\u00efque doivent \u00eatre coll\u00e9s verticalement. Gr\u00e2ce \u00e0 la seringue doseuse, vous pouvez facilement appliquer une petite quantit\u00e9 de colle au dos des carreaux. Fixation imm\u00e9diate, mais possibilit\u00e9 de repositionner l\u00e9g\u00e8rement.<\/li>\n<\/ul>\n<p><strong>Propri\u00e9t\u00e9s : <\/strong>forme un film de colle \u00e9pais, transparent, souple et imperm\u00e9able.<\/p>\n<p><strong>Utilisation : <\/strong>papier, carton, li\u00e8ge, polystyr\u00e8ne expans\u00e9 et mati\u00e8res synth\u00e9tiques sur divers supports. La colle s\u00eache dans la m\u00eame \u00e9paisseur que celle appliqu\u00e9e, elle est tout \u00e0 fait ad\u00e9quate pour des cr\u00e9ations 3D.<\/p>\n<p><strong>Ingr\u00e9dient principal : <\/strong>MS polym\u00e8re<\/p>\n<p class=\"p1\"><b>Ingr\u00e9dients naturels : <\/b>0%<\/p>\n<p class=\"p1\"><b>Viscosit\u00e9 : <\/b>&#8211; mPa.s<\/p>\n<p><strong>pH :<\/strong> &#8211;<\/p>\n<p><strong>Convient aux : <\/strong>enfants \u00e0 partir de 6 ans<\/p>\n<h6><strong>Contenu du set COLKIT0080DS<\/strong><\/h6>\n<p>Le kit Collall 3D Coll Kit est livr\u00e9 dans une bo\u00eete pratique avec des accessoires utiles.<\/p>\n<p><strong>La seringue rechargeable<\/strong> facilite l\u2019application pr\u00e9cise du kit 3D Coll l\u00e0 o\u00f9 vous en avez besoin. Cela garantit une grande pr\u00e9cision, notamment pour les projets de petite taille ou les travaux d\u00e9taill\u00e9s. La seringue est facilement rechargeable, vous \u00e9vitant de gaspiller du produit et \u00e9tant toujours pr\u00eat pour votre prochain projet cr\u00e9atif. Pour \u00e9viter le dess\u00e8chement, fermez la seringue avec le bouchon fourni.<\/p>\n<p><strong>Embout avec bouchon<\/strong> pour des lignes de colle de l\u2019\u00e9paisseur souhait\u00e9e. Coupez ou taillez l\u2019embout \u00e0 la taille d\u00e9sir\u00e9e et vissez-le sur le tube. Le bouchon emp\u00eache le kit 3D Coll de se dess\u00e9cher.<\/p>\n<p><strong>Le tourne-cl\u00e9 de colle<\/strong> se place \u00e0 l\u2019arri\u00e8re du tube. En effectuant un mouvement rotatif vers l\u2019avant, vous pouvez extraire toute la colle du tube sans gaspillage.<\/p>\n<h4><strong>Caract\u00e9ristiques et avantages du Collall 3D Kit<\/strong><\/h4>\n<ul>\n<li><strong>Transparent et flexible<\/strong> : la colle s\u00e8che en une couche claire et flexible, permettant des applications mobiles sans fissurer ni craquer.<\/li>\n<li><strong>Structure \u00e9paisse<\/strong> : parfait pour cr\u00e9er des effets 3D et combler de petites ouvertures ou fissures. La colle conserve sa forme une fois durcie.<\/li>\n<li><strong>Utilisation polyvalente<\/strong> : adapt\u00e9 pour divers mat\u00e9riaux tels que le papier, le carton, le polystyr\u00e8ne, le bois, la c\u00e9ramique, les carreaux de mosa\u00efque et les plastiques l\u00e9gers. Cela en fait un choix id\u00e9al pour divers projets cr\u00e9atifs et r\u00e9parations.<\/li>\n<li><strong>Facile \u00e0 appliquer<\/strong> : la colle peut \u00eatre appliqu\u00e9e facilement avec une spatule ou directement depuis le tube, et se travaille ais\u00e9ment pour des r\u00e9sultats pr\u00e9cis.<\/li>\n<\/ul>\n<p><strong>Conseils d\u2019utilisation<\/strong><\/p>\n<ul>\n<li><strong>Eau savonneuse<\/strong> : utiliser de l&rsquo;eau savonneuse sur votre doigt peut faciliter le retrait de l&rsquo;exc\u00e9dent de colle. L&rsquo;eau savonneuse emp\u00eache la colle de coller \u00e0 votre gant, ce qui permet d&rsquo;obtenir un r\u00e9sultat plus propre et plus lisse.<\/li>\n<li><strong>Durcissement<\/strong> : laissez la colle durcir compl\u00e8tement. Le temps de s\u00e9chage peut varier en fonction de l&rsquo;\u00e9paisseur de l&rsquo;application et des conditions environnementales.<\/li>\n<li><strong>Nettoyage<\/strong> : assurez-vous que les surfaces sont propres et s\u00e8ches avant d&rsquo;appliquer la colle. Enlevez la poussi\u00e8re, la graisse et autres impuret\u00e9s pour garantir une adh\u00e9rence optimale.<\/li>\n<\/ul>\n<h3><strong>Collall 3D Coll Kit \/ MS-Polym\u00e8re est-il peinturable ?<\/strong><\/h3>\n<p>Les mastics \u00e0 base de polym\u00e8re comme le Collall 3D Coll Kit ne sont g\u00e9n\u00e9ralement pas facilement peinturables. Les mastics polym\u00e8res sont con\u00e7us pour rester flexibles. Cette flexibilit\u00e9 peut emp\u00eacher la peinture de bien adh\u00e9rer et peut entra\u00eener le d\u00e9collement de la couche de peinture si le mastic s&rsquo;\u00e9tire ou se contracte.<\/p>\n<p>Nous recommandons donc de retirer l&rsquo;exc\u00e9dent de colle avec de l&rsquo;eau et du savon d\u00e8s que possible avant qu&rsquo;il ne s\u00e8che.<\/p>\n","protected":false},"excerpt":{"rendered":"<p>Colle transparente \u00e9lastique et sans silicone<\/p>\n","protected":false},"featured_media":19908,"comment_status":"open","ping_status":"closed","template":"","meta":{"_acf_changed":false},"product_brand":[],"product_cat":[174],"product_tag":[],"class_list":{"0":"post-10353","1":"product","2":"type-product","3":"status-publish","4":"has-post-thumbnail","6":"product_cat-colle-et-vernis-colle","8":"first","9":"instock","10":"shipping-taxable","11":"purchasable","12":"product-type-variable"},"acf":[],"yoast_head":"<!-- This site is optimized with the Yoast SEO plugin v27.2 - https:\/\/yoast.com\/product\/yoast-seo-wordpress\/ -->\n<title>Collall 3D Coll Kit - Collall<\/title>\n<meta name=\"description\" content=\"Colle transparente \u00e9lastique et sans silicone. Sans odeur. Forme un film de colle \u00e9pais, transparent, souple et imperm\u00e9able.\" \/>\n<meta name=\"robots\" content=\"index, follow, max-snippet:-1, max-image-preview:large, max-video-preview:-1\" \/>\n<link rel=\"canonical\" href=\"https:\/\/collall.nl\/fr\/product\/collall-3d-coll-kit-2\/\" \/>\n<meta property=\"og:locale\" content=\"fr_FR\" \/>\n<meta property=\"og:type\" content=\"article\" \/>\n<meta property=\"og:title\" content=\"Collall 3D Coll Kit - Collall\" \/>\n<meta property=\"og:description\" content=\"Colle transparente \u00e9lastique et sans silicone. Sans odeur. Forme un film de colle \u00e9pais, transparent, souple et imperm\u00e9able.\" \/>\n<meta property=\"og:url\" content=\"https:\/\/collall.nl\/fr\/product\/collall-3d-coll-kit-2\/\" \/>\n<meta property=\"og:site_name\" content=\"Collall\" \/>\n<meta property=\"article:publisher\" content=\"https:\/\/www.facebook.com\/people\/Collall\/100064976852539\/\" \/>\n<meta property=\"article:modified_time\" content=\"2025-03-25T11:30:35+00:00\" \/>\n<meta property=\"og:image\" content=\"https:\/\/collall.nl\/wp-content\/uploads\/2022\/03\/COLKIT0080.jpg\" \/>\n\t<meta property=\"og:image:width\" content=\"800\" \/>\n\t<meta property=\"og:image:height\" content=\"800\" \/>\n\t<meta property=\"og:image:type\" content=\"image\/jpeg\" \/>\n<meta name=\"twitter:card\" content=\"summary_large_image\" \/>\n<meta name=\"twitter:label1\" content=\"Dur\u00e9e de lecture estim\u00e9e\" \/>\n\t<meta name=\"twitter:data1\" content=\"4 minutes\" \/>\n<script type=\"application\/ld+json\" class=\"yoast-schema-graph\">{\"@context\":\"https:\/\/schema.org\",\"@graph\":[{\"@type\":\"WebPage\",\"@id\":\"https:\/\/collall.nl\/fr\/product\/collall-3d-coll-kit-2\/\",\"url\":\"https:\/\/collall.nl\/fr\/product\/collall-3d-coll-kit-2\/\",\"name\":\"Collall 3D Coll Kit - Collall\",\"isPartOf\":{\"@id\":\"https:\/\/collall.nl\/#website\"},\"primaryImageOfPage\":{\"@id\":\"https:\/\/collall.nl\/fr\/product\/collall-3d-coll-kit-2\/#primaryimage\"},\"image\":{\"@id\":\"https:\/\/collall.nl\/fr\/product\/collall-3d-coll-kit-2\/#primaryimage\"},\"thumbnailUrl\":\"https:\/\/collall.nl\/wp-content\/uploads\/2022\/03\/COLKIT0080.jpg\",\"datePublished\":\"2022-03-01T09:20:17+00:00\",\"dateModified\":\"2025-03-25T11:30:35+00:00\",\"description\":\"Colle transparente \u00e9lastique et sans silicone. Sans odeur. Forme un film de colle \u00e9pais, transparent, souple et imperm\u00e9able.\",\"breadcrumb\":{\"@id\":\"https:\/\/collall.nl\/fr\/product\/collall-3d-coll-kit-2\/#breadcrumb\"},\"inLanguage\":\"fr-FR\",\"potentialAction\":[{\"@type\":\"ReadAction\",\"target\":[\"https:\/\/collall.nl\/fr\/product\/collall-3d-coll-kit-2\/\"]}]},{\"@type\":\"ImageObject\",\"inLanguage\":\"fr-FR\",\"@id\":\"https:\/\/collall.nl\/fr\/product\/collall-3d-coll-kit-2\/#primaryimage\",\"url\":\"https:\/\/collall.nl\/wp-content\/uploads\/2022\/03\/COLKIT0080.jpg\",\"contentUrl\":\"https:\/\/collall.nl\/wp-content\/uploads\/2022\/03\/COLKIT0080.jpg\",\"width\":800,\"height\":800},{\"@type\":\"BreadcrumbList\",\"@id\":\"https:\/\/collall.nl\/fr\/product\/collall-3d-coll-kit-2\/#breadcrumb\",\"itemListElement\":[{\"@type\":\"ListItem\",\"position\":1,\"name\":\"Home\",\"item\":\"https:\/\/collall.nl\/fr\/\"},{\"@type\":\"ListItem\",\"position\":2,\"name\":\"Produits\",\"item\":\"https:\/\/collall.nl\/fr\/produits\/\"},{\"@type\":\"ListItem\",\"position\":3,\"name\":\"Collall 3D Coll Kit\"}]},{\"@type\":\"WebSite\",\"@id\":\"https:\/\/collall.nl\/#website\",\"url\":\"https:\/\/collall.nl\/\",\"name\":\"Collall\",\"description\":\"Adhesives &amp; Paints since 1949\",\"publisher\":{\"@id\":\"https:\/\/collall.nl\/#organization\"},\"potentialAction\":[{\"@type\":\"SearchAction\",\"target\":{\"@type\":\"EntryPoint\",\"urlTemplate\":\"https:\/\/collall.nl\/?s={search_term_string}\"},\"query-input\":{\"@type\":\"PropertyValueSpecification\",\"valueRequired\":true,\"valueName\":\"search_term_string\"}}],\"inLanguage\":\"fr-FR\"},{\"@type\":\"Organization\",\"@id\":\"https:\/\/collall.nl\/#organization\",\"name\":\"Collall B.V.\",\"url\":\"https:\/\/collall.nl\/\",\"logo\":{\"@type\":\"ImageObject\",\"inLanguage\":\"fr-FR\",\"@id\":\"https:\/\/collall.nl\/#\/schema\/logo\/image\/\",\"url\":\"https:\/\/collall.nl\/wp-content\/uploads\/2022\/08\/Collall-logo-186C_Reflex-blue.jpg\",\"contentUrl\":\"https:\/\/collall.nl\/wp-content\/uploads\/2022\/08\/Collall-logo-186C_Reflex-blue.jpg\",\"width\":1963,\"height\":1179,\"caption\":\"Collall B.V.\"},\"image\":{\"@id\":\"https:\/\/collall.nl\/#\/schema\/logo\/image\/\"},\"sameAs\":[\"https:\/\/www.facebook.com\/people\/Collall\/100064976852539\/\",\"https:\/\/www.instagram.com\/collall_1949\/\",\"https:\/\/nl.pinterest.com\/CollallBV\/\",\"https:\/\/www.youtube.com\/channel\/UCrCGuwth_udZhTqJSh5g9zg\"]}]}<\/script>\n<!-- \/ Yoast SEO plugin. -->","yoast_head_json":{"title":"Collall 3D Coll Kit - Collall","description":"Colle transparente \u00e9lastique et sans silicone. Sans odeur. Forme un film de colle \u00e9pais, transparent, souple et imperm\u00e9able.","robots":{"index":"index","follow":"follow","max-snippet":"max-snippet:-1","max-image-preview":"max-image-preview:large","max-video-preview":"max-video-preview:-1"},"canonical":"https:\/\/collall.nl\/fr\/product\/collall-3d-coll-kit-2\/","og_locale":"fr_FR","og_type":"article","og_title":"Collall 3D Coll Kit - Collall","og_description":"Colle transparente \u00e9lastique et sans silicone. Sans odeur. Forme un film de colle \u00e9pais, transparent, souple et imperm\u00e9able.","og_url":"https:\/\/collall.nl\/fr\/product\/collall-3d-coll-kit-2\/","og_site_name":"Collall","article_publisher":"https:\/\/www.facebook.com\/people\/Collall\/100064976852539\/","article_modified_time":"2025-03-25T11:30:35+00:00","og_image":[{"width":800,"height":800,"url":"https:\/\/collall.nl\/wp-content\/uploads\/2022\/03\/COLKIT0080.jpg","type":"image\/jpeg"}],"twitter_card":"summary_large_image","twitter_misc":{"Dur\u00e9e de lecture estim\u00e9e":"4 minutes"},"schema":{"@context":"https:\/\/schema.org","@graph":[{"@type":"WebPage","@id":"https:\/\/collall.nl\/fr\/product\/collall-3d-coll-kit-2\/","url":"https:\/\/collall.nl\/fr\/product\/collall-3d-coll-kit-2\/","name":"Collall 3D Coll Kit - Collall","isPartOf":{"@id":"https:\/\/collall.nl\/#website"},"primaryImageOfPage":{"@id":"https:\/\/collall.nl\/fr\/product\/collall-3d-coll-kit-2\/#primaryimage"},"image":{"@id":"https:\/\/collall.nl\/fr\/product\/collall-3d-coll-kit-2\/#primaryimage"},"thumbnailUrl":"https:\/\/collall.nl\/wp-content\/uploads\/2022\/03\/COLKIT0080.jpg","datePublished":"2022-03-01T09:20:17+00:00","dateModified":"2025-03-25T11:30:35+00:00","description":"Colle transparente \u00e9lastique et sans silicone. Sans odeur. Forme un film de colle \u00e9pais, transparent, souple et imperm\u00e9able.","breadcrumb":{"@id":"https:\/\/collall.nl\/fr\/product\/collall-3d-coll-kit-2\/#breadcrumb"},"inLanguage":"fr-FR","potentialAction":[{"@type":"ReadAction","target":["https:\/\/collall.nl\/fr\/product\/collall-3d-coll-kit-2\/"]}]},{"@type":"ImageObject","inLanguage":"fr-FR","@id":"https:\/\/collall.nl\/fr\/product\/collall-3d-coll-kit-2\/#primaryimage","url":"https:\/\/collall.nl\/wp-content\/uploads\/2022\/03\/COLKIT0080.jpg","contentUrl":"https:\/\/collall.nl\/wp-content\/uploads\/2022\/03\/COLKIT0080.jpg","width":800,"height":800},{"@type":"BreadcrumbList","@id":"https:\/\/collall.nl\/fr\/product\/collall-3d-coll-kit-2\/#breadcrumb","itemListElement":[{"@type":"ListItem","position":1,"name":"Home","item":"https:\/\/collall.nl\/fr\/"},{"@type":"ListItem","position":2,"name":"Produits","item":"https:\/\/collall.nl\/fr\/produits\/"},{"@type":"ListItem","position":3,"name":"Collall 3D Coll Kit"}]},{"@type":"WebSite","@id":"https:\/\/collall.nl\/#website","url":"https:\/\/collall.nl\/","name":"Collall","description":"Adhesives &amp; Paints since 1949","publisher":{"@id":"https:\/\/collall.nl\/#organization"},"potentialAction":[{"@type":"SearchAction","target":{"@type":"EntryPoint","urlTemplate":"https:\/\/collall.nl\/?s={search_term_string}"},"query-input":{"@type":"PropertyValueSpecification","valueRequired":true,"valueName":"search_term_string"}}],"inLanguage":"fr-FR"},{"@type":"Organization","@id":"https:\/\/collall.nl\/#organization","name":"Collall B.V.","url":"https:\/\/collall.nl\/","logo":{"@type":"ImageObject","inLanguage":"fr-FR","@id":"https:\/\/collall.nl\/#\/schema\/logo\/image\/","url":"https:\/\/collall.nl\/wp-content\/uploads\/2022\/08\/Collall-logo-186C_Reflex-blue.jpg","contentUrl":"https:\/\/collall.nl\/wp-content\/uploads\/2022\/08\/Collall-logo-186C_Reflex-blue.jpg","width":1963,"height":1179,"caption":"Collall B.V."},"image":{"@id":"https:\/\/collall.nl\/#\/schema\/logo\/image\/"},"sameAs":["https:\/\/www.facebook.com\/people\/Collall\/100064976852539\/","https:\/\/www.instagram.com\/collall_1949\/","https:\/\/nl.pinterest.com\/CollallBV\/","https:\/\/www.youtube.com\/channel\/UCrCGuwth_udZhTqJSh5g9zg"]}]}},"_links":{"self":[{"href":"https:\/\/collall.nl\/fr\/wp-json\/wp\/v2\/product\/10353","targetHints":{"allow":["GET"]}}],"collection":[{"href":"https:\/\/collall.nl\/fr\/wp-json\/wp\/v2\/product"}],"about":[{"href":"https:\/\/collall.nl\/fr\/wp-json\/wp\/v2\/types\/product"}],"replies":[{"embeddable":true,"href":"https:\/\/collall.nl\/fr\/wp-json\/wp\/v2\/comments?post=10353"}],"wp:featuredmedia":[{"embeddable":true,"href":"https:\/\/collall.nl\/fr\/wp-json\/wp\/v2\/media\/19908"}],"wp:attachment":[{"href":"https:\/\/collall.nl\/fr\/wp-json\/wp\/v2\/media?parent=10353"}],"wp:term":[{"taxonomy":"product_brand","embeddable":true,"href":"https:\/\/collall.nl\/fr\/wp-json\/wp\/v2\/product_brand?post=10353"},{"taxonomy":"product_cat","embeddable":true,"href":"https:\/\/collall.nl\/fr\/wp-json\/wp\/v2\/product_cat?post=10353"},{"taxonomy":"product_tag","embeddable":true,"href":"https:\/\/collall.nl\/fr\/wp-json\/wp\/v2\/product_tag?post=10353"}],"curies":[{"name":"wp","href":"https:\/\/api.w.org\/{rel}","templated":true}]}}