{"id":10329,"date":"2022-03-01T09:19:46","date_gmt":"2022-03-01T09:19:49","guid":{"rendered":"http:\/\/collall.test\/product\/collall-3d-silicone-kit-gel-2\/"},"modified":"2025-04-07T14:54:34","modified_gmt":"2025-04-07T12:54:34","slug":"collall-3d-silicone-kit-2","status":"publish","type":"product","link":"https:\/\/collall.nl\/fr\/product\/collall-3d-silicone-kit-2\/","title":{"rendered":"Collall 3D Silicone Kit"},"content":{"rendered":"<p><strong>Application :\u00a0 <\/strong> Collall 3D Silicone Kit est une colle polyvalente et transparente, sp\u00e9cialement d\u00e9velopp\u00e9e pour soutenir des projets cr\u00e9atifs et de petites r\u00e9parations. Cette colle \u00e9lastique et de remplissage offre plusieurs avantages et applications uniques, ce qui la rend id\u00e9ale pour les amateurs et les professionnels.<\/p>\n<p>Collall 3D Silicone Kit peut \u00eatre utilis\u00e9e sur diverses surfaces : papier, carton, bois, polystyr\u00e8ne, plastique, etc.<\/p>\n<div class=\"flex-1 overflow-hidden\">\n<div class=\"h-full\">\n<div class=\"react-scroll-to-bottom--css-huyst-79elbk h-full\">\n<div class=\"react-scroll-to-bottom--css-huyst-1n7m0yu\">\n<div class=\"flex flex-col text-sm md:pb-9\">\n<article class=\"w-full text-token-text-primary focus-visible:outline-2 focus-visible:outline-offset-[-4px]\" dir=\"auto\" data-testid=\"conversation-turn-11\" data-scroll-anchor=\"true\">\n<div class=\"text-base py-[18px] px-3 md:px-4 m-auto w-full md:px-5 lg:px-1 xl:px-5\">\n<div class=\"mx-auto flex flex-1 gap-4 text-base md:gap-5 lg:gap-6 md:max-w-3xl lg:max-w-[40rem] xl:max-w-[48rem]\">\n<div class=\"group\/conversation-turn relative flex w-full min-w-0 flex-col agent-turn\">\n<div class=\"flex-col gap-1 md:gap-3\">\n<div class=\"flex max-w-full flex-col flex-grow\">\n<div class=\"min-h-[20px] text-message flex w-full flex-col items-end gap-2 whitespace-normal break-words [.text-message+&amp;]:mt-5\" dir=\"auto\" data-message-author-role=\"assistant\" data-message-id=\"48223e00-af41-410a-a76e-219edc46f919\">\n<div class=\"flex w-full flex-col gap-1 empty:hidden first:pt-[3px]\">\n<div class=\"markdown prose w-full break-words dark:prose-invert light\">\n<p><strong>Apparence :<\/strong><\/p>\n<ul>\n<li>Transparent<\/li>\n<li>\u00c9pais, peu fluide<\/li>\n<li>Flexible<\/li>\n<li>Odeur sp\u00e9cifique (acide ac\u00e9tique)<\/li>\n<\/ul>\n<p><strong>Solvant :<\/strong> \u2013<\/p>\n<p><strong>Ingr\u00e9dient principal :<\/strong> silicone<\/p>\n<p class=\"p1\"><b>Ingr\u00e9dients naturels : <\/b>0%<\/p>\n<p class=\"p1\"><b>Viscosit\u00e9 : <\/b>&#8211; mPa.s<\/p>\n<p><strong>pH :<\/strong> \u2013<\/p>\n<p><strong>Densit\u00e9 :<\/strong> 1,02 kg\/dm\u00b3<\/p>\n<p><strong>CE :<\/strong> \u2013<\/p>\n<p><strong>Consommation de colle :<\/strong>\u00a0 \u2013<\/p>\n<p><strong>Application :<\/strong><\/p>\n<ul>\n<li>Les mat\u00e9riaux \u00e0 coller doivent \u00eatre secs et exempts de poussi\u00e8re et de salet\u00e9.<\/li>\n<li>S\u00e8che en une forme \u00e9paisse (cr\u00e9ations 3D).<\/li>\n<\/ul>\n<\/div>\n<\/div>\n<\/div>\n<\/div>\n<div class=\"mt-1 flex gap-3 empty:hidden -ml-2\">\n<div class=\"items-center justify-start rounded-xl p-1 flex\"><\/div>\n<\/div>\n<\/div>\n<\/div>\n<\/div>\n<\/div>\n<\/article>\n<\/div>\n<\/div>\n<\/div>\n<\/div>\n<\/div>\n<p dir=\"ltr\" data-placeholder=\"Vertaling\"><img loading=\"lazy\" decoding=\"async\" class=\"alignnone wp-image-28854\" src=\"https:\/\/collall.nl\/wp-content\/uploads\/2022\/03\/GHS07-uitroepteken-CMYK.jpg\" alt=\"\" width=\"127\" height=\"127\" srcset=\"https:\/\/collall.nl\/wp-content\/uploads\/2022\/03\/GHS07-uitroepteken-CMYK.jpg 269w, https:\/\/collall.nl\/wp-content\/uploads\/2022\/03\/GHS07-uitroepteken-CMYK-150x150.jpg 150w, https:\/\/collall.nl\/wp-content\/uploads\/2022\/03\/GHS07-uitroepteken-CMYK-236x236.jpg 236w, https:\/\/collall.nl\/wp-content\/uploads\/2022\/03\/GHS07-uitroepteken-CMYK-100x100.jpg 100w\" sizes=\"auto, (max-width: 127px) 100vw, 127px\" \/><\/p>\n<p dir=\"ltr\" data-placeholder=\"Vertaling\"><strong>Danger!<\/strong><\/p>\n<p id=\"tw-target-text\" class=\"tw-data-text tw-text-large tw-ta\" dir=\"ltr\" data-placeholder=\"Vertaling\"><strong>Attention :<\/strong> contient 4,5-dichloro- 2-octyl-2H-isothiazole-3-one. Peut provoquer une r\u00e9action allergique cutan\u00e9e. Tenir hors de port\u00e9e des enfants. \u00c9viter de respirer les vapeurs. \u00c9liminer le contenu\/r\u00e9cipient dans un point de collecte pour les d\u00e9chets chimiques.<\/p>\n<p><strong>Adapt\u00e9e aux : <\/strong>enfants \u00e0 partir de 6 ans<\/p>\n<p><strong>Taches : <\/strong>lorsque les taches sont encore humides, il est possible de les \u00e9liminer avec de l\u2019ac\u00e9tone ou de la t\u00e9r\u00e9benthine.<\/p>\n<div class=\"flex-1 overflow-hidden\">\n<div class=\"h-full\">\n<div class=\"react-scroll-to-bottom--css-huyst-79elbk h-full\">\n<div class=\"react-scroll-to-bottom--css-huyst-1n7m0yu\">\n<div class=\"flex flex-col text-sm md:pb-9\">\n<article class=\"w-full text-token-text-primary focus-visible:outline-2 focus-visible:outline-offset-[-4px]\" dir=\"auto\" data-testid=\"conversation-turn-9\" data-scroll-anchor=\"true\">\n<div class=\"text-base py-[18px] px-3 md:px-4 m-auto w-full md:px-5 lg:px-1 xl:px-5\">\n<div class=\"mx-auto flex flex-1 gap-4 text-base md:gap-5 lg:gap-6 md:max-w-3xl lg:max-w-[40rem] xl:max-w-[48rem]\">\n<div class=\"group\/conversation-turn relative flex w-full min-w-0 flex-col agent-turn\">\n<div class=\"flex-col gap-1 md:gap-3\">\n<div class=\"flex max-w-full flex-col flex-grow\">\n<div class=\"min-h-[20px] text-message flex w-full flex-col items-end gap-2 whitespace-normal break-words [.text-message+&amp;]:mt-5\" dir=\"auto\" data-message-author-role=\"assistant\" data-message-id=\"24b4f574-1874-467f-aced-be7e65165353\">\n<div class=\"flex w-full flex-col gap-1 empty:hidden first:pt-[3px]\">\n<div class=\"markdown prose w-full break-words dark:prose-invert light\">\n<div class=\"flex-shrink-0 flex flex-col relative items-end\">\n<div>\n<div class=\"pt-0\">\n<div class=\"gizmo-bot-avatar flex h-8 w-8 items-center justify-center overflow-hidden rounded-full\">\n<div class=\"relative p-1 rounded-sm flex items-center justify-center bg-token-main-surface-primary text-token-text-primary h-8 w-8\"><\/div>\n<\/div>\n<\/div>\n<\/div>\n<\/div>\n<div class=\"group\/conversation-turn relative flex w-full min-w-0 flex-col agent-turn\">\n<div class=\"flex-col gap-1 md:gap-3\">\n<div class=\"flex max-w-full flex-col flex-grow\">\n<div class=\"min-h-8 text-message flex w-full flex-col items-end gap-2 whitespace-normal break-words [.text-message+&amp;]:mt-5\" dir=\"auto\" data-message-author-role=\"assistant\" data-message-id=\"bbd6a38f-0590-465b-80e1-ac61a5455e84\" data-message-model-slug=\"gpt-4o\">\n<div class=\"flex w-full flex-col gap-1 empty:hidden first:pt-[3px]\">\n<div class=\"markdown prose w-full break-words dark:prose-invert light\">\n<h6><strong>Contenu du Kit Silicone 3D Collall<\/strong><\/h6>\n<p>Le Kit Silicone 3D Collall est livr\u00e9 dans une bo\u00eete pratique avec des accessoires utiles.<\/p>\n<p><strong>La seringue rechargeable<\/strong> facilite l\u2019application pr\u00e9cise du kit 3D Coll l\u00e0 o\u00f9 vous en avez besoin. Cela permet une grande pr\u00e9cision, en particulier pour les petits projets ou les travaux d\u00e9taill\u00e9s. La seringue peut \u00eatre facilement recharg\u00e9e, ce qui \u00e9vite le gaspillage et vous permet d\u2019\u00eatre toujours pr\u00eat pour votre prochain projet de bricolage. Pour \u00e9viter le dess\u00e8chement, fermez la seringue avec le capuchon fourni.<\/p>\n<p><strong>Embout avec capuchon<\/strong> pour des lignes de colle de l\u2019\u00e9paisseur souhait\u00e9e. Coupez l\u2019embout \u00e0 la taille d\u00e9sir\u00e9e et vissez-le sur le tube. Le capuchon emp\u00eache le kit 3D Coll de s\u00e9cher.<\/p>\n<p><strong>La cl\u00e9 \u00e0 colle<\/strong> se place \u00e0 l\u2019arri\u00e8re du tube. En la tournant vers l\u2019avant, vous pouvez extraire tout le produit du tube, \u00e9vitant ainsi tout gaspillage.<\/p>\n<\/div>\n<\/div>\n<\/div>\n<\/div>\n<\/div>\n<\/div>\n<h4>Qu&rsquo;est-ce que la Collall 3D Silicone Kit ?<\/h4>\n<p>La Collall 3D Silicone Kit est un produit de haute qualit\u00e9, sp\u00e9cialement con\u00e7u pour r\u00e9pondre aux besoins des applications cr\u00e9atives et pratiques. Cette colle est disponible en tube ou en kit complet dans une bo\u00eete pratique. Ce kit contient tout ce dont vous avez besoin pour commencer : une seringue doseuse, une pointe de dosage pour ajuster l&rsquo;\u00e9paisseur selon vos besoins, et une cl\u00e9 pour utiliser le tube jusqu&rsquo;\u00e0 la derni\u00e8re goutte de colle.<\/p>\n<h2><strong>Caract\u00e9ristiques et avantages de la Collall 3D Silicone Kit<\/strong><\/h2>\n<ul>\n<li><strong>Transparente et \u00e9lastique :<\/strong> La colle s\u00e8che en une couche claire et \u00e9lastique, permettant des mouvements flexibles sans se fissurer ni se casser.<\/li>\n<li><strong>Remplissage \u00e9pais :<\/strong> Id\u00e9ale pour cr\u00e9er des effets 3D et pour combler de petits trous ou fissures. La colle conserve sa forme apr\u00e8s durcissement.<\/li>\n<li><strong>Applications polyvalentes :<\/strong> Convient \u00e0 une large gamme de mat\u00e9riaux, y compris le papier, le carton, le polystyr\u00e8ne, le bois, la c\u00e9ramique, les tesselles de mosa\u00efque et les plastiques l\u00e9gers. Cela en fait un excellent choix pour divers projets cr\u00e9atifs et r\u00e9parations.<\/li>\n<li><strong>Facile \u00e0 utiliser :<\/strong> La colle peut \u00eatre appliqu\u00e9e facilement avec une spatule ou directement du tube, et est facile \u00e0 manipuler pour des r\u00e9sultats pr\u00e9cis.<\/li>\n<\/ul>\n<p><strong>Conseils d&rsquo;utilisation<\/strong><\/p>\n<ul>\n<li><strong>Nettoyage :<\/strong> Assurez-vous que les surfaces soient propres et s\u00e8ches avant d&rsquo;appliquer la colle. Enlevez la poussi\u00e8re, la graisse et d&rsquo;autres contaminants pour garantir une adh\u00e9rence optimale.<\/li>\n<li><strong>Application :<\/strong> Il est fortement recommand\u00e9 de porter des gants pour prot\u00e9ger vos mains contre les allerg\u00e8nes et les irritations potentielles caus\u00e9s par la colle silicone. Les gants r\u00e9duisent le contact direct avec la colle, diminuant ainsi le risque de r\u00e9actions cutan\u00e9es. Ils permettent \u00e9galement un processus d&rsquo;application plus propre, car vous n&rsquo;aurez pas \u00e0 vous soucier des r\u00e9sidus de colle sur vos mains.<\/li>\n<\/ul>\n<p><img loading=\"lazy\" decoding=\"async\" class=\"alignnone wp-image-28855\" src=\"https:\/\/collall.nl\/wp-content\/uploads\/2022\/03\/Collall-veiligheid-handschoenen-300x273.jpg\" alt=\"\" width=\"142\" height=\"129\" srcset=\"https:\/\/collall.nl\/wp-content\/uploads\/2022\/03\/Collall-veiligheid-handschoenen-300x273.jpg 300w, https:\/\/collall.nl\/wp-content\/uploads\/2022\/03\/Collall-veiligheid-handschoenen-1024x931.jpg 1024w, https:\/\/collall.nl\/wp-content\/uploads\/2022\/03\/Collall-veiligheid-handschoenen-768x698.jpg 768w, https:\/\/collall.nl\/wp-content\/uploads\/2022\/03\/Collall-veiligheid-handschoenen-1536x1397.jpg 1536w, https:\/\/collall.nl\/wp-content\/uploads\/2022\/03\/Collall-veiligheid-handschoenen-2048x1862.jpg 2048w, https:\/\/collall.nl\/wp-content\/uploads\/2022\/03\/Collall-veiligheid-handschoenen-260x236.jpg 260w, https:\/\/collall.nl\/wp-content\/uploads\/2022\/03\/Collall-veiligheid-handschoenen-600x546.jpg 600w\" sizes=\"auto, (max-width: 142px) 100vw, 142px\" \/><\/p>\n<ul>\n<li><strong>Eau savonneuse :<\/strong> L&rsquo;utilisation d&rsquo;eau savonneuse sur vos doigts peut aider \u00e0 enlever plus facilement l&rsquo;exc\u00e8s de colle. L&rsquo;eau savonneuse emp\u00eache la colle de coller aux gants, offrant ainsi un r\u00e9sultat plus propre et plus lisse.<\/li>\n<li><strong>Durcissement :<\/strong> Laissez la colle s\u00e9cher compl\u00e8tement. Le temps de s\u00e9chage peut varier en fonction de l&rsquo;\u00e9paisseur de l&rsquo;application et des conditions environnementales.<\/li>\n<\/ul>\n<h2><strong>La Collall Silicone Kit est-elle repeignable ?<\/strong><\/h2>\n<p>Les mastics \u00e0 base de silicone, comme la Collall 3D Silicone Kit, ne sont pas facilement repeignables. Les mastics en silicone restent flexibles et \u00e9lastiques apr\u00e8s durcissement. Cette flexibilit\u00e9 peut emp\u00eacher la peinture d\u2019adh\u00e9rer correctement et entra\u00eener le d\u00e9collement de la couche de peinture lorsque le mastic s\u2019\u00e9tire ou se contracte.<\/p>\n<p>Notre conseil est donc d\u2019enlever l&rsquo;exc\u00e9dent de colle avec de l&rsquo;eau et du savon d\u00e8s que possible avant qu\u2019elle ne s\u00e8che.<\/p>\n<h6><strong>Alternative : Collall 3D Kit sans odeur<\/strong><\/h6>\n<p><img loading=\"lazy\" decoding=\"async\" class=\"alignnone wp-image-19912\" src=\"https:\/\/collall.nl\/wp-content\/uploads\/2022\/03\/COLKIT0080DS-300x300.jpg\" alt=\"\" width=\"193\" height=\"193\" srcset=\"https:\/\/collall.nl\/wp-content\/uploads\/2022\/03\/COLKIT0080DS-300x300.jpg 300w, https:\/\/collall.nl\/wp-content\/uploads\/2022\/03\/COLKIT0080DS-150x150.jpg 150w, https:\/\/collall.nl\/wp-content\/uploads\/2022\/03\/COLKIT0080DS-768x768.jpg 768w, https:\/\/collall.nl\/wp-content\/uploads\/2022\/03\/COLKIT0080DS-740x740.jpg 740w, https:\/\/collall.nl\/wp-content\/uploads\/2022\/03\/COLKIT0080DS-600x600.jpg 600w, https:\/\/collall.nl\/wp-content\/uploads\/2022\/03\/COLKIT0080DS-236x236.jpg 236w, https:\/\/collall.nl\/wp-content\/uploads\/2022\/03\/COLKIT0080DS-100x100.jpg 100w, https:\/\/collall.nl\/wp-content\/uploads\/2022\/03\/COLKIT0080DS.jpg 800w\" sizes=\"auto, (max-width: 193px) 100vw, 193px\" \/><\/p>\n<p>Pour ceux qui sont sensibles aux odeurs de colle ou qui travaillent dans des espaces mal ventil\u00e9s, Collall propose \u00e9galement une version sans odeur de la <a href=\"https:\/\/collall.nl\/fr\/product\/collall-3d-coll-kit-2\/\" target=\"_blank\" rel=\"noopener\">3D Coll Kit<\/a>. Cette variante offre les m\u00eames performances excellentes que la version standard, mais sans l&rsquo;odeur forte, rendant son utilisation plus agr\u00e9able sur de longues p\u00e9riodes.<\/p>\n<\/div>\n<\/div>\n<\/div>\n<\/div>\n<\/div>\n<\/div>\n<\/div>\n<\/div>\n<\/article>\n<\/div>\n<\/div>\n<\/div>\n<\/div>\n<\/div>\n","protected":false},"excerpt":{"rendered":"<p>Collall 3D Silicone Kit est une colle polyvalente et transparente, sp\u00e9cialement d\u00e9velopp\u00e9e pour soutenir des projets cr\u00e9atifs et de petites r\u00e9parations.<\/p>\n<p>Collall 3D Silicone Kit peut \u00eatre utilis\u00e9e sur diverses surfaces : papier, carton, bois, polystyr\u00e8ne, plastique, etc.<\/p>\n","protected":false},"featured_media":19920,"comment_status":"open","ping_status":"closed","template":"","meta":{"_acf_changed":false},"product_brand":[],"product_cat":[174],"product_tag":[],"class_list":{"0":"post-10329","1":"product","2":"type-product","3":"status-publish","4":"has-post-thumbnail","6":"product_cat-colle-et-vernis-colle","8":"first","9":"instock","10":"shipping-taxable","11":"purchasable","12":"product-type-variable"},"acf":[],"yoast_head":"<!-- This site is optimized with the Yoast SEO plugin v27.2 - https:\/\/yoast.com\/product\/yoast-seo-wordpress\/ -->\n<title>Collall 3D Silicone Kit - Collall<\/title>\n<meta name=\"description\" content=\"3D Siliconen Kit est une colle transparente, \u00e9lastique, \u00e0 base de siliconen.\" \/>\n<meta name=\"robots\" content=\"index, follow, max-snippet:-1, max-image-preview:large, max-video-preview:-1\" \/>\n<link rel=\"canonical\" href=\"https:\/\/collall.nl\/fr\/product\/collall-3d-silicone-kit-2\/\" \/>\n<meta property=\"og:locale\" content=\"fr_FR\" \/>\n<meta property=\"og:type\" content=\"article\" \/>\n<meta property=\"og:title\" content=\"Collall 3D Silicone Kit - Collall\" \/>\n<meta property=\"og:description\" content=\"3D Siliconen Kit est une colle transparente, \u00e9lastique, \u00e0 base de siliconen.\" \/>\n<meta property=\"og:url\" content=\"https:\/\/collall.nl\/fr\/product\/collall-3d-silicone-kit-2\/\" \/>\n<meta property=\"og:site_name\" content=\"Collall\" \/>\n<meta property=\"article:publisher\" content=\"https:\/\/www.facebook.com\/people\/Collall\/100064976852539\/\" \/>\n<meta property=\"article:modified_time\" content=\"2025-04-07T12:54:34+00:00\" \/>\n<meta property=\"og:image\" content=\"https:\/\/collall.nl\/wp-content\/uploads\/2022\/03\/COL3D0080.jpg\" \/>\n\t<meta property=\"og:image:width\" content=\"800\" \/>\n\t<meta property=\"og:image:height\" content=\"800\" \/>\n\t<meta property=\"og:image:type\" content=\"image\/jpeg\" \/>\n<meta name=\"twitter:card\" content=\"summary_large_image\" \/>\n<meta name=\"twitter:label1\" content=\"Dur\u00e9e de lecture estim\u00e9e\" \/>\n\t<meta name=\"twitter:data1\" content=\"5 minutes\" \/>\n<script type=\"application\/ld+json\" class=\"yoast-schema-graph\">{\"@context\":\"https:\/\/schema.org\",\"@graph\":[{\"@type\":\"WebPage\",\"@id\":\"https:\/\/collall.nl\/fr\/product\/collall-3d-silicone-kit-2\/\",\"url\":\"https:\/\/collall.nl\/fr\/product\/collall-3d-silicone-kit-2\/\",\"name\":\"Collall 3D Silicone Kit - Collall\",\"isPartOf\":{\"@id\":\"https:\/\/collall.nl\/#website\"},\"primaryImageOfPage\":{\"@id\":\"https:\/\/collall.nl\/fr\/product\/collall-3d-silicone-kit-2\/#primaryimage\"},\"image\":{\"@id\":\"https:\/\/collall.nl\/fr\/product\/collall-3d-silicone-kit-2\/#primaryimage\"},\"thumbnailUrl\":\"https:\/\/collall.nl\/wp-content\/uploads\/2022\/03\/COL3D0080.jpg\",\"datePublished\":\"2022-03-01T09:19:49+00:00\",\"dateModified\":\"2025-04-07T12:54:34+00:00\",\"description\":\"3D Siliconen Kit est une colle transparente, \u00e9lastique, \u00e0 base de siliconen.\",\"breadcrumb\":{\"@id\":\"https:\/\/collall.nl\/fr\/product\/collall-3d-silicone-kit-2\/#breadcrumb\"},\"inLanguage\":\"fr-FR\",\"potentialAction\":[{\"@type\":\"ReadAction\",\"target\":[\"https:\/\/collall.nl\/fr\/product\/collall-3d-silicone-kit-2\/\"]}]},{\"@type\":\"ImageObject\",\"inLanguage\":\"fr-FR\",\"@id\":\"https:\/\/collall.nl\/fr\/product\/collall-3d-silicone-kit-2\/#primaryimage\",\"url\":\"https:\/\/collall.nl\/wp-content\/uploads\/2022\/03\/COL3D0080.jpg\",\"contentUrl\":\"https:\/\/collall.nl\/wp-content\/uploads\/2022\/03\/COL3D0080.jpg\",\"width\":800,\"height\":800},{\"@type\":\"BreadcrumbList\",\"@id\":\"https:\/\/collall.nl\/fr\/product\/collall-3d-silicone-kit-2\/#breadcrumb\",\"itemListElement\":[{\"@type\":\"ListItem\",\"position\":1,\"name\":\"Home\",\"item\":\"https:\/\/collall.nl\/fr\/\"},{\"@type\":\"ListItem\",\"position\":2,\"name\":\"Produits\",\"item\":\"https:\/\/collall.nl\/fr\/produits\/\"},{\"@type\":\"ListItem\",\"position\":3,\"name\":\"Collall 3D Silicone Kit\"}]},{\"@type\":\"WebSite\",\"@id\":\"https:\/\/collall.nl\/#website\",\"url\":\"https:\/\/collall.nl\/\",\"name\":\"Collall\",\"description\":\"Adhesives &amp; Paints since 1949\",\"publisher\":{\"@id\":\"https:\/\/collall.nl\/#organization\"},\"potentialAction\":[{\"@type\":\"SearchAction\",\"target\":{\"@type\":\"EntryPoint\",\"urlTemplate\":\"https:\/\/collall.nl\/?s={search_term_string}\"},\"query-input\":{\"@type\":\"PropertyValueSpecification\",\"valueRequired\":true,\"valueName\":\"search_term_string\"}}],\"inLanguage\":\"fr-FR\"},{\"@type\":\"Organization\",\"@id\":\"https:\/\/collall.nl\/#organization\",\"name\":\"Collall B.V.\",\"url\":\"https:\/\/collall.nl\/\",\"logo\":{\"@type\":\"ImageObject\",\"inLanguage\":\"fr-FR\",\"@id\":\"https:\/\/collall.nl\/#\/schema\/logo\/image\/\",\"url\":\"https:\/\/collall.nl\/wp-content\/uploads\/2022\/08\/Collall-logo-186C_Reflex-blue.jpg\",\"contentUrl\":\"https:\/\/collall.nl\/wp-content\/uploads\/2022\/08\/Collall-logo-186C_Reflex-blue.jpg\",\"width\":1963,\"height\":1179,\"caption\":\"Collall B.V.\"},\"image\":{\"@id\":\"https:\/\/collall.nl\/#\/schema\/logo\/image\/\"},\"sameAs\":[\"https:\/\/www.facebook.com\/people\/Collall\/100064976852539\/\",\"https:\/\/www.instagram.com\/collall_1949\/\",\"https:\/\/nl.pinterest.com\/CollallBV\/\",\"https:\/\/www.youtube.com\/channel\/UCrCGuwth_udZhTqJSh5g9zg\"]}]}<\/script>\n<!-- \/ Yoast SEO plugin. -->","yoast_head_json":{"title":"Collall 3D Silicone Kit - Collall","description":"3D Siliconen Kit est une colle transparente, \u00e9lastique, \u00e0 base de siliconen.","robots":{"index":"index","follow":"follow","max-snippet":"max-snippet:-1","max-image-preview":"max-image-preview:large","max-video-preview":"max-video-preview:-1"},"canonical":"https:\/\/collall.nl\/fr\/product\/collall-3d-silicone-kit-2\/","og_locale":"fr_FR","og_type":"article","og_title":"Collall 3D Silicone Kit - Collall","og_description":"3D Siliconen Kit est une colle transparente, \u00e9lastique, \u00e0 base de siliconen.","og_url":"https:\/\/collall.nl\/fr\/product\/collall-3d-silicone-kit-2\/","og_site_name":"Collall","article_publisher":"https:\/\/www.facebook.com\/people\/Collall\/100064976852539\/","article_modified_time":"2025-04-07T12:54:34+00:00","og_image":[{"width":800,"height":800,"url":"https:\/\/collall.nl\/wp-content\/uploads\/2022\/03\/COL3D0080.jpg","type":"image\/jpeg"}],"twitter_card":"summary_large_image","twitter_misc":{"Dur\u00e9e de lecture estim\u00e9e":"5 minutes"},"schema":{"@context":"https:\/\/schema.org","@graph":[{"@type":"WebPage","@id":"https:\/\/collall.nl\/fr\/product\/collall-3d-silicone-kit-2\/","url":"https:\/\/collall.nl\/fr\/product\/collall-3d-silicone-kit-2\/","name":"Collall 3D Silicone Kit - Collall","isPartOf":{"@id":"https:\/\/collall.nl\/#website"},"primaryImageOfPage":{"@id":"https:\/\/collall.nl\/fr\/product\/collall-3d-silicone-kit-2\/#primaryimage"},"image":{"@id":"https:\/\/collall.nl\/fr\/product\/collall-3d-silicone-kit-2\/#primaryimage"},"thumbnailUrl":"https:\/\/collall.nl\/wp-content\/uploads\/2022\/03\/COL3D0080.jpg","datePublished":"2022-03-01T09:19:49+00:00","dateModified":"2025-04-07T12:54:34+00:00","description":"3D Siliconen Kit est une colle transparente, \u00e9lastique, \u00e0 base de siliconen.","breadcrumb":{"@id":"https:\/\/collall.nl\/fr\/product\/collall-3d-silicone-kit-2\/#breadcrumb"},"inLanguage":"fr-FR","potentialAction":[{"@type":"ReadAction","target":["https:\/\/collall.nl\/fr\/product\/collall-3d-silicone-kit-2\/"]}]},{"@type":"ImageObject","inLanguage":"fr-FR","@id":"https:\/\/collall.nl\/fr\/product\/collall-3d-silicone-kit-2\/#primaryimage","url":"https:\/\/collall.nl\/wp-content\/uploads\/2022\/03\/COL3D0080.jpg","contentUrl":"https:\/\/collall.nl\/wp-content\/uploads\/2022\/03\/COL3D0080.jpg","width":800,"height":800},{"@type":"BreadcrumbList","@id":"https:\/\/collall.nl\/fr\/product\/collall-3d-silicone-kit-2\/#breadcrumb","itemListElement":[{"@type":"ListItem","position":1,"name":"Home","item":"https:\/\/collall.nl\/fr\/"},{"@type":"ListItem","position":2,"name":"Produits","item":"https:\/\/collall.nl\/fr\/produits\/"},{"@type":"ListItem","position":3,"name":"Collall 3D Silicone Kit"}]},{"@type":"WebSite","@id":"https:\/\/collall.nl\/#website","url":"https:\/\/collall.nl\/","name":"Collall","description":"Adhesives &amp; Paints since 1949","publisher":{"@id":"https:\/\/collall.nl\/#organization"},"potentialAction":[{"@type":"SearchAction","target":{"@type":"EntryPoint","urlTemplate":"https:\/\/collall.nl\/?s={search_term_string}"},"query-input":{"@type":"PropertyValueSpecification","valueRequired":true,"valueName":"search_term_string"}}],"inLanguage":"fr-FR"},{"@type":"Organization","@id":"https:\/\/collall.nl\/#organization","name":"Collall B.V.","url":"https:\/\/collall.nl\/","logo":{"@type":"ImageObject","inLanguage":"fr-FR","@id":"https:\/\/collall.nl\/#\/schema\/logo\/image\/","url":"https:\/\/collall.nl\/wp-content\/uploads\/2022\/08\/Collall-logo-186C_Reflex-blue.jpg","contentUrl":"https:\/\/collall.nl\/wp-content\/uploads\/2022\/08\/Collall-logo-186C_Reflex-blue.jpg","width":1963,"height":1179,"caption":"Collall B.V."},"image":{"@id":"https:\/\/collall.nl\/#\/schema\/logo\/image\/"},"sameAs":["https:\/\/www.facebook.com\/people\/Collall\/100064976852539\/","https:\/\/www.instagram.com\/collall_1949\/","https:\/\/nl.pinterest.com\/CollallBV\/","https:\/\/www.youtube.com\/channel\/UCrCGuwth_udZhTqJSh5g9zg"]}]}},"_links":{"self":[{"href":"https:\/\/collall.nl\/fr\/wp-json\/wp\/v2\/product\/10329","targetHints":{"allow":["GET"]}}],"collection":[{"href":"https:\/\/collall.nl\/fr\/wp-json\/wp\/v2\/product"}],"about":[{"href":"https:\/\/collall.nl\/fr\/wp-json\/wp\/v2\/types\/product"}],"replies":[{"embeddable":true,"href":"https:\/\/collall.nl\/fr\/wp-json\/wp\/v2\/comments?post=10329"}],"wp:featuredmedia":[{"embeddable":true,"href":"https:\/\/collall.nl\/fr\/wp-json\/wp\/v2\/media\/19920"}],"wp:attachment":[{"href":"https:\/\/collall.nl\/fr\/wp-json\/wp\/v2\/media?parent=10329"}],"wp:term":[{"taxonomy":"product_brand","embeddable":true,"href":"https:\/\/collall.nl\/fr\/wp-json\/wp\/v2\/product_brand?post=10329"},{"taxonomy":"product_cat","embeddable":true,"href":"https:\/\/collall.nl\/fr\/wp-json\/wp\/v2\/product_cat?post=10329"},{"taxonomy":"product_tag","embeddable":true,"href":"https:\/\/collall.nl\/fr\/wp-json\/wp\/v2\/product_tag?post=10329"}],"curies":[{"name":"wp","href":"https:\/\/api.w.org\/{rel}","templated":true}]}}