{"id":10268,"date":"2022-03-01T09:18:27","date_gmt":"2022-03-01T09:18:32","guid":{"rendered":"http:\/\/collall.test\/product\/collall-colle-en-poudre\/"},"modified":"2025-03-18T15:13:43","modified_gmt":"2025-03-18T14:13:43","slug":"collall-colle-en-poudre","status":"publish","type":"product","link":"https:\/\/collall.nl\/fr\/product\/collall-colle-en-poudre\/","title":{"rendered":"Collall Colle en Poudre"},"content":{"rendered":"<p><strong>Type de colle : <\/strong>colle instantan\u00e9e en poudre pour la pr\u00e9paration de colle liquide.<\/p>\n<p><b>Propri\u00e9t\u00e9s :<\/b><\/p>\n<ul>\n<li>colle liquide<\/li>\n<li>semi-transparente<\/li>\n<li>odeur agr\u00e9able<\/li>\n<\/ul>\n<p><strong>Ingr\u00e9dient principal : <\/strong>carboxymethylcellulose (CMC)<\/p>\n<p class=\"p1\"><strong>Densit\u00e9 :<\/strong> 1,50 Kg\/dm\u00b3<\/p>\n<p class=\"p1\"><b>Ingr\u00e9dients naturels : <\/b>100%<\/p>\n<p class=\"p1\"><b>Viscosit\u00e9 : <\/b>&#8211; mPa.s<\/p>\n<p><strong>pH:<\/strong> &#8211;<\/p>\n<p><strong>CE:<\/strong> &#8211;<\/p>\n<p><strong>Consommation de colle :<\/strong> avec 250 grammes de colle en poudre, il est possible de pr\u00e9parer 15 litres de colle liquide.<\/p>\n<p><strong><b>Application :<\/b> <\/strong>colle en poudre pouvant \u00eatre pr\u00e9par\u00e9e avec de l\u2019eau pour obtenir de la colle liquide. Ce type de colle est, donc, relativement avantageux. Adapt\u00e9 tr\u00e8s bien pour enfants.<\/p>\n<p><strong>Utilisation :<\/strong> la substance pr\u00e9par\u00e9e avec de l\u2019eau est une colle tout \u00e0 fait adapt\u00e9e aux tout-petits, permettant de coller le papier et le carton. Par ailleurs, tout \u00e0 fait recommand\u00e9e pour des applications en papier m\u00e2ch\u00e9.<\/p>\n<p><strong>Allerg\u00e8nes : <\/strong>non<\/p>\n<p><strong>Conseil :<\/strong> lorsque de la colle \u00e0 bois blanche Collall est ajout\u00e9e (environ 5%) le papier m\u00e2ch\u00e9 durcit consid\u00e9rablement. Autres applications: liant et \u00e9paississeur pour peinture et colle. Attention: la colle pr\u00e9par\u00e9e a une dur\u00e9e de conservation limit\u00e9e.<\/p>\n<p><strong>Adapt\u00e9e aux : <\/strong>enfants \u00e0 partir de 3 ans.<\/p>\n<p><strong>Taches : <\/strong>facilement lavables avec de l\u2019eau froide ou en machine \u00e0 laver.<\/p>\n<h4><strong>Que pouvez-vous faire avec la Poudre Collall ?<\/strong><\/h4>\n<p><strong>Colle pour enfants :<\/strong> id\u00e9ale pour les jeunes enfants. La colle pr\u00e9par\u00e9e avec de l&rsquo;eau est parfaite pour coller du papier et du carton. Tr\u00e8s facile \u00e0 utiliser, elle permet aux petits de d\u00e9couvrir leur cr\u00e9ativit\u00e9 en jouant.<\/p>\n<p><strong>Papier m\u00e2ch\u00e9 :<\/strong> la colle pr\u00e9par\u00e9e est id\u00e9ale pour les applications de papier m\u00e2ch\u00e9. Cr\u00e9ez des \u0153uvres d&rsquo;art solides et durables avec cette solution adh\u00e9sive flexible. Plus vous superposez les couches de papier, plus votre travail sera solide. Parfait pour vos cr\u00e9ations de Sinterklaas !<\/p>\n<p><strong>Agent liant :<\/strong> utilisez la Poudre Collall comme agent liant et \u00e9paississant pour la colle et la peinture. Elle apporte une solidit\u00e9 suppl\u00e9mentaire et une meilleure texture \u00e0 vos projets.<\/p>\n<p><strong>Comment pr\u00e9parer la Poudre Collall ?<\/strong><\/p>\n<p>L&#8217;emballage contient une cuill\u00e8re doseuse pratique, mais vous pouvez \u00e9galement peser la poudre sur une balance de cuisine.<\/p>\n<p><strong>Proportion de poudre \u00e0 eau :<\/strong> 16 grammes de poudre pour 1 litre de colle liquide.<\/p>\n<ul>\n<li>Pour 500 millilitres de colle, vous aurez besoin d&rsquo;environ 8 grammes de poudre.<\/li>\n<li>Pour 250 millilitres de colle, vous aurez besoin d&rsquo;environ 4 grammes de poudre.<\/li>\n<\/ul>\n<p>&nbsp;<\/p>\n<p><strong>Suivez cette recette simple pour pr\u00e9parer la colle parfaite :<\/strong><\/p>\n<p><strong>Ingr\u00e9dients :<\/strong><\/p>\n<ul>\n<li>1 part de Poudre Collall<\/li>\n<li>4 parts d&rsquo;eau<\/li>\n<\/ul>\n<p><strong>Instructions :<\/strong><\/p>\n<p>Ajoutez 1 part de Poudre Collall \u00e0 4 parts d&rsquo;eau froide. Remuez bien jusqu&rsquo;\u00e0 ce que la poudre soit compl\u00e8tement dissoute et qu&rsquo;une colle lisse et homog\u00e8ne se forme. Laissez la colle reposer quelques minutes pour qu&rsquo;elle \u00e9paississe.<\/p>\n<p><strong>Astuce :<\/strong> pour une colle plus \u00e9paisse, vous pouvez augmenter l\u00e9g\u00e8rement la quantit\u00e9 de poudre. Exp\u00e9rimentez pour trouver la consistance id\u00e9ale pour votre projet sp\u00e9cifique. L&rsquo;ajout de <a href=\"https:\/\/collall.nl\/fr\/product\/collall-colle-a-bois\/\" target=\"_blank\" rel=\"noopener\">colle \u00e0 bois blanche Collall<\/a> (environ 5%) rendra votre papier m\u00e2ch\u00e9 beaucoup plus dur.<\/p>\n<p><strong>Utilisation et conservation :<\/strong><\/p>\n<p><strong>Attention :<\/strong> la colle pr\u00e9par\u00e9e est peu durable car elle ne contient pas de conservateurs. Ne pr\u00e9parez pas trop de colle et travaillez de mani\u00e8re aussi propre que possible. Si vous souhaitez conserver la colle un moment, fermez-la bien herm\u00e9tiquement.<\/p>\n<p>Avec la Poudre Collall, vous pouvez profiter de possibilit\u00e9s infinies de bricolage.<\/p>\n<p>&nbsp;<\/p>\n","protected":false},"excerpt":{"rendered":"<p>Colle instantan\u00e9e en poudre pour la pr\u00e9paration de colle liquide<\/p>\n","protected":false},"featured_media":24593,"comment_status":"open","ping_status":"closed","template":"","meta":{"_acf_changed":false},"product_brand":[],"product_cat":[174],"product_tag":[],"class_list":{"0":"post-10268","1":"product","2":"type-product","3":"status-publish","4":"has-post-thumbnail","6":"product_cat-colle-et-vernis-colle","8":"first","9":"instock","10":"shipping-taxable","11":"purchasable","12":"product-type-variable"},"acf":[],"yoast_head":"<!-- This site is optimized with the Yoast SEO plugin v27.2 - https:\/\/yoast.com\/product\/yoast-seo-wordpress\/ -->\n<title>Collall Colle en Poudre - Collall<\/title>\n<meta name=\"description\" content=\"Colle en poudre pouvant \u00eatre pr\u00e9par\u00e9e avec de l\u2019eau pour obtenir de la colle liquide. Adapt\u00e9 tr\u00e8s bien pour enfants.\" \/>\n<meta name=\"robots\" content=\"index, follow, max-snippet:-1, max-image-preview:large, max-video-preview:-1\" \/>\n<link rel=\"canonical\" href=\"https:\/\/collall.nl\/fr\/product\/collall-colle-en-poudre\/\" \/>\n<meta property=\"og:locale\" content=\"fr_FR\" \/>\n<meta property=\"og:type\" content=\"article\" \/>\n<meta property=\"og:title\" content=\"Collall Colle en Poudre - Collall\" \/>\n<meta property=\"og:description\" content=\"Colle en poudre pouvant \u00eatre pr\u00e9par\u00e9e avec de l\u2019eau pour obtenir de la colle liquide. Adapt\u00e9 tr\u00e8s bien pour enfants.\" \/>\n<meta property=\"og:url\" content=\"https:\/\/collall.nl\/fr\/product\/collall-colle-en-poudre\/\" \/>\n<meta property=\"og:site_name\" content=\"Collall\" \/>\n<meta property=\"article:publisher\" content=\"https:\/\/www.facebook.com\/people\/Collall\/100064976852539\/\" \/>\n<meta property=\"article:modified_time\" content=\"2025-03-18T14:13:43+00:00\" \/>\n<meta property=\"og:image\" content=\"https:\/\/collall.nl\/wp-content\/uploads\/2022\/03\/COLPP0250-plakpoeder.jpg\" \/>\n\t<meta property=\"og:image:width\" content=\"1000\" \/>\n\t<meta property=\"og:image:height\" content=\"1000\" \/>\n\t<meta property=\"og:image:type\" content=\"image\/jpeg\" \/>\n<meta name=\"twitter:card\" content=\"summary_large_image\" \/>\n<meta name=\"twitter:label1\" content=\"Dur\u00e9e de lecture estim\u00e9e\" \/>\n\t<meta name=\"twitter:data1\" content=\"3 minutes\" \/>\n<script type=\"application\/ld+json\" class=\"yoast-schema-graph\">{\"@context\":\"https:\/\/schema.org\",\"@graph\":[{\"@type\":\"WebPage\",\"@id\":\"https:\/\/collall.nl\/fr\/product\/collall-colle-en-poudre\/\",\"url\":\"https:\/\/collall.nl\/fr\/product\/collall-colle-en-poudre\/\",\"name\":\"Collall Colle en Poudre - Collall\",\"isPartOf\":{\"@id\":\"https:\/\/collall.nl\/#website\"},\"primaryImageOfPage\":{\"@id\":\"https:\/\/collall.nl\/fr\/product\/collall-colle-en-poudre\/#primaryimage\"},\"image\":{\"@id\":\"https:\/\/collall.nl\/fr\/product\/collall-colle-en-poudre\/#primaryimage\"},\"thumbnailUrl\":\"https:\/\/collall.nl\/wp-content\/uploads\/2022\/03\/COLPP0250-plakpoeder.jpg\",\"datePublished\":\"2022-03-01T09:18:32+00:00\",\"dateModified\":\"2025-03-18T14:13:43+00:00\",\"description\":\"Colle en poudre pouvant \u00eatre pr\u00e9par\u00e9e avec de l\u2019eau pour obtenir de la colle liquide. Adapt\u00e9 tr\u00e8s bien pour enfants.\",\"breadcrumb\":{\"@id\":\"https:\/\/collall.nl\/fr\/product\/collall-colle-en-poudre\/#breadcrumb\"},\"inLanguage\":\"fr-FR\",\"potentialAction\":[{\"@type\":\"ReadAction\",\"target\":[\"https:\/\/collall.nl\/fr\/product\/collall-colle-en-poudre\/\"]}]},{\"@type\":\"ImageObject\",\"inLanguage\":\"fr-FR\",\"@id\":\"https:\/\/collall.nl\/fr\/product\/collall-colle-en-poudre\/#primaryimage\",\"url\":\"https:\/\/collall.nl\/wp-content\/uploads\/2022\/03\/COLPP0250-plakpoeder.jpg\",\"contentUrl\":\"https:\/\/collall.nl\/wp-content\/uploads\/2022\/03\/COLPP0250-plakpoeder.jpg\",\"width\":1000,\"height\":1000,\"caption\":\"Collall Plakpoeder\"},{\"@type\":\"BreadcrumbList\",\"@id\":\"https:\/\/collall.nl\/fr\/product\/collall-colle-en-poudre\/#breadcrumb\",\"itemListElement\":[{\"@type\":\"ListItem\",\"position\":1,\"name\":\"Home\",\"item\":\"https:\/\/collall.nl\/fr\/\"},{\"@type\":\"ListItem\",\"position\":2,\"name\":\"Produits\",\"item\":\"https:\/\/collall.nl\/fr\/produits\/\"},{\"@type\":\"ListItem\",\"position\":3,\"name\":\"Collall Colle en Poudre\"}]},{\"@type\":\"WebSite\",\"@id\":\"https:\/\/collall.nl\/#website\",\"url\":\"https:\/\/collall.nl\/\",\"name\":\"Collall\",\"description\":\"Adhesives &amp; Paints since 1949\",\"publisher\":{\"@id\":\"https:\/\/collall.nl\/#organization\"},\"potentialAction\":[{\"@type\":\"SearchAction\",\"target\":{\"@type\":\"EntryPoint\",\"urlTemplate\":\"https:\/\/collall.nl\/?s={search_term_string}\"},\"query-input\":{\"@type\":\"PropertyValueSpecification\",\"valueRequired\":true,\"valueName\":\"search_term_string\"}}],\"inLanguage\":\"fr-FR\"},{\"@type\":\"Organization\",\"@id\":\"https:\/\/collall.nl\/#organization\",\"name\":\"Collall B.V.\",\"url\":\"https:\/\/collall.nl\/\",\"logo\":{\"@type\":\"ImageObject\",\"inLanguage\":\"fr-FR\",\"@id\":\"https:\/\/collall.nl\/#\/schema\/logo\/image\/\",\"url\":\"https:\/\/collall.nl\/wp-content\/uploads\/2022\/08\/Collall-logo-186C_Reflex-blue.jpg\",\"contentUrl\":\"https:\/\/collall.nl\/wp-content\/uploads\/2022\/08\/Collall-logo-186C_Reflex-blue.jpg\",\"width\":1963,\"height\":1179,\"caption\":\"Collall B.V.\"},\"image\":{\"@id\":\"https:\/\/collall.nl\/#\/schema\/logo\/image\/\"},\"sameAs\":[\"https:\/\/www.facebook.com\/people\/Collall\/100064976852539\/\",\"https:\/\/www.instagram.com\/collall_1949\/\",\"https:\/\/nl.pinterest.com\/CollallBV\/\",\"https:\/\/www.youtube.com\/channel\/UCrCGuwth_udZhTqJSh5g9zg\"]}]}<\/script>\n<!-- \/ Yoast SEO plugin. -->","yoast_head_json":{"title":"Collall Colle en Poudre - Collall","description":"Colle en poudre pouvant \u00eatre pr\u00e9par\u00e9e avec de l\u2019eau pour obtenir de la colle liquide. Adapt\u00e9 tr\u00e8s bien pour enfants.","robots":{"index":"index","follow":"follow","max-snippet":"max-snippet:-1","max-image-preview":"max-image-preview:large","max-video-preview":"max-video-preview:-1"},"canonical":"https:\/\/collall.nl\/fr\/product\/collall-colle-en-poudre\/","og_locale":"fr_FR","og_type":"article","og_title":"Collall Colle en Poudre - Collall","og_description":"Colle en poudre pouvant \u00eatre pr\u00e9par\u00e9e avec de l\u2019eau pour obtenir de la colle liquide. Adapt\u00e9 tr\u00e8s bien pour enfants.","og_url":"https:\/\/collall.nl\/fr\/product\/collall-colle-en-poudre\/","og_site_name":"Collall","article_publisher":"https:\/\/www.facebook.com\/people\/Collall\/100064976852539\/","article_modified_time":"2025-03-18T14:13:43+00:00","og_image":[{"width":1000,"height":1000,"url":"https:\/\/collall.nl\/wp-content\/uploads\/2022\/03\/COLPP0250-plakpoeder.jpg","type":"image\/jpeg"}],"twitter_card":"summary_large_image","twitter_misc":{"Dur\u00e9e de lecture estim\u00e9e":"3 minutes"},"schema":{"@context":"https:\/\/schema.org","@graph":[{"@type":"WebPage","@id":"https:\/\/collall.nl\/fr\/product\/collall-colle-en-poudre\/","url":"https:\/\/collall.nl\/fr\/product\/collall-colle-en-poudre\/","name":"Collall Colle en Poudre - Collall","isPartOf":{"@id":"https:\/\/collall.nl\/#website"},"primaryImageOfPage":{"@id":"https:\/\/collall.nl\/fr\/product\/collall-colle-en-poudre\/#primaryimage"},"image":{"@id":"https:\/\/collall.nl\/fr\/product\/collall-colle-en-poudre\/#primaryimage"},"thumbnailUrl":"https:\/\/collall.nl\/wp-content\/uploads\/2022\/03\/COLPP0250-plakpoeder.jpg","datePublished":"2022-03-01T09:18:32+00:00","dateModified":"2025-03-18T14:13:43+00:00","description":"Colle en poudre pouvant \u00eatre pr\u00e9par\u00e9e avec de l\u2019eau pour obtenir de la colle liquide. Adapt\u00e9 tr\u00e8s bien pour enfants.","breadcrumb":{"@id":"https:\/\/collall.nl\/fr\/product\/collall-colle-en-poudre\/#breadcrumb"},"inLanguage":"fr-FR","potentialAction":[{"@type":"ReadAction","target":["https:\/\/collall.nl\/fr\/product\/collall-colle-en-poudre\/"]}]},{"@type":"ImageObject","inLanguage":"fr-FR","@id":"https:\/\/collall.nl\/fr\/product\/collall-colle-en-poudre\/#primaryimage","url":"https:\/\/collall.nl\/wp-content\/uploads\/2022\/03\/COLPP0250-plakpoeder.jpg","contentUrl":"https:\/\/collall.nl\/wp-content\/uploads\/2022\/03\/COLPP0250-plakpoeder.jpg","width":1000,"height":1000,"caption":"Collall Plakpoeder"},{"@type":"BreadcrumbList","@id":"https:\/\/collall.nl\/fr\/product\/collall-colle-en-poudre\/#breadcrumb","itemListElement":[{"@type":"ListItem","position":1,"name":"Home","item":"https:\/\/collall.nl\/fr\/"},{"@type":"ListItem","position":2,"name":"Produits","item":"https:\/\/collall.nl\/fr\/produits\/"},{"@type":"ListItem","position":3,"name":"Collall Colle en Poudre"}]},{"@type":"WebSite","@id":"https:\/\/collall.nl\/#website","url":"https:\/\/collall.nl\/","name":"Collall","description":"Adhesives &amp; Paints since 1949","publisher":{"@id":"https:\/\/collall.nl\/#organization"},"potentialAction":[{"@type":"SearchAction","target":{"@type":"EntryPoint","urlTemplate":"https:\/\/collall.nl\/?s={search_term_string}"},"query-input":{"@type":"PropertyValueSpecification","valueRequired":true,"valueName":"search_term_string"}}],"inLanguage":"fr-FR"},{"@type":"Organization","@id":"https:\/\/collall.nl\/#organization","name":"Collall B.V.","url":"https:\/\/collall.nl\/","logo":{"@type":"ImageObject","inLanguage":"fr-FR","@id":"https:\/\/collall.nl\/#\/schema\/logo\/image\/","url":"https:\/\/collall.nl\/wp-content\/uploads\/2022\/08\/Collall-logo-186C_Reflex-blue.jpg","contentUrl":"https:\/\/collall.nl\/wp-content\/uploads\/2022\/08\/Collall-logo-186C_Reflex-blue.jpg","width":1963,"height":1179,"caption":"Collall B.V."},"image":{"@id":"https:\/\/collall.nl\/#\/schema\/logo\/image\/"},"sameAs":["https:\/\/www.facebook.com\/people\/Collall\/100064976852539\/","https:\/\/www.instagram.com\/collall_1949\/","https:\/\/nl.pinterest.com\/CollallBV\/","https:\/\/www.youtube.com\/channel\/UCrCGuwth_udZhTqJSh5g9zg"]}]}},"_links":{"self":[{"href":"https:\/\/collall.nl\/fr\/wp-json\/wp\/v2\/product\/10268","targetHints":{"allow":["GET"]}}],"collection":[{"href":"https:\/\/collall.nl\/fr\/wp-json\/wp\/v2\/product"}],"about":[{"href":"https:\/\/collall.nl\/fr\/wp-json\/wp\/v2\/types\/product"}],"replies":[{"embeddable":true,"href":"https:\/\/collall.nl\/fr\/wp-json\/wp\/v2\/comments?post=10268"}],"wp:featuredmedia":[{"embeddable":true,"href":"https:\/\/collall.nl\/fr\/wp-json\/wp\/v2\/media\/24593"}],"wp:attachment":[{"href":"https:\/\/collall.nl\/fr\/wp-json\/wp\/v2\/media?parent=10268"}],"wp:term":[{"taxonomy":"product_brand","embeddable":true,"href":"https:\/\/collall.nl\/fr\/wp-json\/wp\/v2\/product_brand?post=10268"},{"taxonomy":"product_cat","embeddable":true,"href":"https:\/\/collall.nl\/fr\/wp-json\/wp\/v2\/product_cat?post=10268"},{"taxonomy":"product_tag","embeddable":true,"href":"https:\/\/collall.nl\/fr\/wp-json\/wp\/v2\/product_tag?post=10268"}],"curies":[{"name":"wp","href":"https:\/\/api.w.org\/{rel}","templated":true}]}}