{"id":10239,"date":"2022-03-01T09:17:32","date_gmt":"2022-03-01T09:17:32","guid":{"rendered":"http:\/\/collall.test\/product\/collall-colle-scolaire-transparente\/"},"modified":"2025-03-20T16:33:50","modified_gmt":"2025-03-20T15:33:50","slug":"collall-colle-scolaire-transparente","status":"publish","type":"product","link":"https:\/\/collall.nl\/fr\/product\/collall-colle-scolaire-transparente\/","title":{"rendered":"Collall Colle Scolaire transparente"},"content":{"rendered":"<p class=\"p1\"><b>Type de colle :\u00a0<\/b>Collall Colle Ecole transparente, lavable et \u00e0 base d\u2019eau.<\/p>\n<p class=\"p1\"><b>Propri\u00e9t\u00e9s :\u00a0<\/b><\/p>\n<ul>\n<li class=\"p1\">Liquide blanc<\/li>\n<li class=\"p1\">Se lave facilement<\/li>\n<li class=\"p1\">Conforme \u00e0 la norme europ\u00e9enne EN-71<\/li>\n<li class=\"p1\">La colle s\u00e8che de mani\u00e8re transparente<\/li>\n<li class=\"p1\">Inodore<\/li>\n<\/ul>\n<p class=\"p1\"><b>Propri\u00e9t\u00e9s chimiques : <\/b>alcool polyvinylique<\/p>\n<p><strong>Densit\u00e9 :<\/strong> 1,02 kg\/dm\u00b3<\/p>\n<p data-start=\"27\" data-end=\"54\"><strong>Ingr\u00e9dients naturels :<\/strong>\u00a0 90%<\/p>\n<p data-start=\"56\" data-end=\"79\" data-is-last-node=\"\" data-is-only-node=\"\"><strong>Viscosit\u00e9 :<\/strong> 3.000 mPa.s<\/p>\n<p class=\"p1\"><b>pH :<\/b> 7<\/p>\n<p><strong>CE :<\/strong> Oui<\/p>\n<p class=\"p1\"><b>Apparence :\u00a0<\/b>colle liquide, transparente, peu d\u2019odeur<\/p>\n<p class=\"p1\"><b>Application :<\/b> colle sur du papier, tissu, carton et autres mat\u00e8riaux l\u00e9gers. Peut s\u2018appliquer directement avec le flacon ou avec un pinceau.<\/p>\n<p class=\"p1\"><b>Adapt\u00e9e aux :\u00a0<\/b>enfants \u00e0 partir de 3 ans. Contient Bitter protection.<\/p>\n<p class=\"p1\"><b>Allerg\u00e8nes :\u00a0<\/b>contient CMIT\/MIT. Peut produire une r\u00e9action allergique.<\/p>\n<p class=\"p1\"><b>Taches :\u00a0<\/b><\/p>\n<ul>\n<li class=\"p1\"><strong>Eau :<\/strong> Lorsque la Colle Scolaire Collall Transparente est encore humide, les outils et surfaces peuvent \u00eatre facilement nettoy\u00e9s \u00e0 l\u2019eau.<\/li>\n<li class=\"p1\"><strong>Trempage :<\/strong> Les r\u00e9sidus de colle s\u00e8che peuvent \u00eatre ramollis en les faisant tremper dans l\u2019eau, puis essuy\u00e9s ou lav\u00e9s.<\/li>\n<li class=\"p1\"><strong>Lavable :<\/strong> Les r\u00e9sidus de colle sur les v\u00eatements sont facilement lavables \u00e0 l\u2019eau froide ou ti\u00e8de, \u00e0 la main ou en machine.<\/li>\n<\/ul>\n<h4 class=\"p1\"><strong>Colle scolaire Collall pour divers projets scolaires<\/strong><\/h4>\n<p class=\"p1\"><strong>Deux variantes de colle scolaire<\/strong><\/p>\n<p class=\"p1\">Notre colle scolaire est disponible en deux variantes : une colle transparente et une colle blanche, toutes deux id\u00e9ales pour une multitude de projets scolaires.<\/p>\n<p class=\"p1\">D\u00e9couvrez Collall Colle Scolaire Blanche, une solution pratique pour les travaux en classe et \u00e0 l\u2019\u00e9cole. Adapt\u00e9e aux enfants d\u00e8s 3 ans, elle est parfaite pour divers projets scolaires.<\/p>\n<p class=\"p1\"><strong>Recharge facile et rapide avec la pompe \u00e0 colle<\/strong><\/p>\n<p class=\"p1\">Collall Colle Scolaire est disponible en flacons de 100 ml, que vous pouvez facilement recharger gr\u00e2ce \u00e0 nos grands formats de 1 et 5 litres. Avec quelques pressions sur notre pompe \u00e0 colle, les petits flacons sont rapidement remplis.<\/p>\n<p class=\"p1\">Cette colle scolaire est abordable, \u00e0 base d\u2019eau et lavable. Elle est particuli\u00e8rement adapt\u00e9e pour coller le papier, le carton, les tissus l\u00e9gers et divers autres mat\u00e9riaux couramment utilis\u00e9s dans les activit\u00e9s manuelles \u00e0 l\u2019\u00e9cole.<\/p>\n<p class=\"p1\"><strong>\u00c0 quoi d\u2019autre peut servir notre colle \u00e0 l\u2019\u00e9cole ?<\/strong><\/p>\n<p class=\"p1\">Les possibilit\u00e9s de Collall Colle Scolaire Transparente sont infinies ! De la r\u00e9alisation de bricolages et de travaux scolaires \u00e0 la cr\u00e9ation d\u2019\u0153uvres en collage, notre colle garantit une adh\u00e9rence parfaite.<\/p>\n<p class=\"p1\"><strong>Les avantages de la colle scolaire<\/strong><\/p>\n<p class=\"p1\">Les avantages de la Colle Scolaire Collall sont \u00e9vidents :<\/p>\n<ul>\n<li class=\"p1\">Facile \u00e0 nettoyer : les tables se nettoient rapidement avec un chiffon humide.<\/li>\n<li class=\"p1\">Lavable : les taches sur les v\u00eatements partent facilement au lavage.<\/li>\n<li class=\"p1\">S\u00e9chage transparent et sans odeur, offrant un environnement de travail agr\u00e9able pour tous les enfants.<\/li>\n<\/ul>\n","protected":false},"excerpt":{"rendered":"<p>Une colle lavable, transparente et sans odeur \u00e0 base d\u2019eau<\/p>\n","protected":false},"featured_media":31969,"comment_status":"open","ping_status":"closed","template":"","meta":{"_acf_changed":false},"product_brand":[],"product_cat":[174],"product_tag":[],"class_list":{"0":"post-10239","1":"product","2":"type-product","3":"status-publish","4":"has-post-thumbnail","6":"product_cat-colle-et-vernis-colle","8":"first","9":"instock","10":"shipping-taxable","11":"purchasable","12":"product-type-variable"},"acf":[],"yoast_head":"<!-- This site is optimized with the Yoast SEO plugin v27.2 - https:\/\/yoast.com\/product\/yoast-seo-wordpress\/ -->\n<title>Collall Colle Scolaire transparente - Collall<\/title>\n<meta name=\"robots\" content=\"index, follow, max-snippet:-1, max-image-preview:large, max-video-preview:-1\" \/>\n<link rel=\"canonical\" href=\"https:\/\/collall.nl\/fr\/product\/collall-colle-scolaire-transparente\/\" \/>\n<meta property=\"og:locale\" content=\"fr_FR\" \/>\n<meta property=\"og:type\" content=\"article\" \/>\n<meta property=\"og:title\" content=\"Collall Colle Scolaire transparente - Collall\" \/>\n<meta property=\"og:description\" content=\"Une colle lavable, transparente et sans odeur \u00e0 base d\u2019eau\" \/>\n<meta property=\"og:url\" content=\"https:\/\/collall.nl\/fr\/product\/collall-colle-scolaire-transparente\/\" \/>\n<meta property=\"og:site_name\" content=\"Collall\" \/>\n<meta property=\"article:publisher\" content=\"https:\/\/www.facebook.com\/people\/Collall\/100064976852539\/\" \/>\n<meta property=\"article:modified_time\" content=\"2025-03-20T15:33:50+00:00\" \/>\n<meta property=\"og:image\" content=\"https:\/\/collall.nl\/wp-content\/uploads\/2022\/03\/COLKC0100.jpg\" \/>\n\t<meta property=\"og:image:width\" content=\"800\" \/>\n\t<meta property=\"og:image:height\" content=\"800\" \/>\n\t<meta property=\"og:image:type\" content=\"image\/jpeg\" \/>\n<meta name=\"twitter:card\" content=\"summary_large_image\" \/>\n<meta name=\"twitter:label1\" content=\"Dur\u00e9e de lecture estim\u00e9e\" \/>\n\t<meta name=\"twitter:data1\" content=\"3 minutes\" \/>\n<script type=\"application\/ld+json\" class=\"yoast-schema-graph\">{\"@context\":\"https:\/\/schema.org\",\"@graph\":[{\"@type\":\"WebPage\",\"@id\":\"https:\/\/collall.nl\/fr\/product\/collall-colle-scolaire-transparente\/\",\"url\":\"https:\/\/collall.nl\/fr\/product\/collall-colle-scolaire-transparente\/\",\"name\":\"Collall Colle Scolaire transparente - Collall\",\"isPartOf\":{\"@id\":\"https:\/\/collall.nl\/#website\"},\"primaryImageOfPage\":{\"@id\":\"https:\/\/collall.nl\/fr\/product\/collall-colle-scolaire-transparente\/#primaryimage\"},\"image\":{\"@id\":\"https:\/\/collall.nl\/fr\/product\/collall-colle-scolaire-transparente\/#primaryimage\"},\"thumbnailUrl\":\"https:\/\/collall.nl\/wp-content\/uploads\/2022\/03\/Schoollijm-Transparant.jpg.webp\",\"datePublished\":\"2022-03-01T09:17:32+00:00\",\"dateModified\":\"2025-03-20T15:33:50+00:00\",\"breadcrumb\":{\"@id\":\"https:\/\/collall.nl\/fr\/product\/collall-colle-scolaire-transparente\/#breadcrumb\"},\"inLanguage\":\"fr-FR\",\"potentialAction\":[{\"@type\":\"ReadAction\",\"target\":[\"https:\/\/collall.nl\/fr\/product\/collall-colle-scolaire-transparente\/\"]}]},{\"@type\":\"ImageObject\",\"inLanguage\":\"fr-FR\",\"@id\":\"https:\/\/collall.nl\/fr\/product\/collall-colle-scolaire-transparente\/#primaryimage\",\"url\":\"https:\/\/collall.nl\/wp-content\/uploads\/2022\/03\/Schoollijm-Transparant.jpg.webp\",\"contentUrl\":\"https:\/\/collall.nl\/wp-content\/uploads\/2022\/03\/Schoollijm-Transparant.jpg.webp\",\"width\":1000,\"height\":1000},{\"@type\":\"BreadcrumbList\",\"@id\":\"https:\/\/collall.nl\/fr\/product\/collall-colle-scolaire-transparente\/#breadcrumb\",\"itemListElement\":[{\"@type\":\"ListItem\",\"position\":1,\"name\":\"Home\",\"item\":\"https:\/\/collall.nl\/fr\/\"},{\"@type\":\"ListItem\",\"position\":2,\"name\":\"Produits\",\"item\":\"https:\/\/collall.nl\/fr\/produits\/\"},{\"@type\":\"ListItem\",\"position\":3,\"name\":\"Collall Colle Scolaire transparente\"}]},{\"@type\":\"WebSite\",\"@id\":\"https:\/\/collall.nl\/#website\",\"url\":\"https:\/\/collall.nl\/\",\"name\":\"Collall\",\"description\":\"Adhesives &amp; Paints since 1949\",\"publisher\":{\"@id\":\"https:\/\/collall.nl\/#organization\"},\"potentialAction\":[{\"@type\":\"SearchAction\",\"target\":{\"@type\":\"EntryPoint\",\"urlTemplate\":\"https:\/\/collall.nl\/?s={search_term_string}\"},\"query-input\":{\"@type\":\"PropertyValueSpecification\",\"valueRequired\":true,\"valueName\":\"search_term_string\"}}],\"inLanguage\":\"fr-FR\"},{\"@type\":\"Organization\",\"@id\":\"https:\/\/collall.nl\/#organization\",\"name\":\"Collall B.V.\",\"url\":\"https:\/\/collall.nl\/\",\"logo\":{\"@type\":\"ImageObject\",\"inLanguage\":\"fr-FR\",\"@id\":\"https:\/\/collall.nl\/#\/schema\/logo\/image\/\",\"url\":\"https:\/\/collall.nl\/wp-content\/uploads\/2022\/08\/Collall-logo-186C_Reflex-blue.jpg\",\"contentUrl\":\"https:\/\/collall.nl\/wp-content\/uploads\/2022\/08\/Collall-logo-186C_Reflex-blue.jpg\",\"width\":1963,\"height\":1179,\"caption\":\"Collall B.V.\"},\"image\":{\"@id\":\"https:\/\/collall.nl\/#\/schema\/logo\/image\/\"},\"sameAs\":[\"https:\/\/www.facebook.com\/people\/Collall\/100064976852539\/\",\"https:\/\/www.instagram.com\/collall_1949\/\",\"https:\/\/nl.pinterest.com\/CollallBV\/\",\"https:\/\/www.youtube.com\/channel\/UCrCGuwth_udZhTqJSh5g9zg\"]}]}<\/script>\n<!-- \/ Yoast SEO plugin. -->","yoast_head_json":{"title":"Collall Colle Scolaire transparente - Collall","robots":{"index":"index","follow":"follow","max-snippet":"max-snippet:-1","max-image-preview":"max-image-preview:large","max-video-preview":"max-video-preview:-1"},"canonical":"https:\/\/collall.nl\/fr\/product\/collall-colle-scolaire-transparente\/","og_locale":"fr_FR","og_type":"article","og_title":"Collall Colle Scolaire transparente - Collall","og_description":"Une colle lavable, transparente et sans odeur \u00e0 base d\u2019eau","og_url":"https:\/\/collall.nl\/fr\/product\/collall-colle-scolaire-transparente\/","og_site_name":"Collall","article_publisher":"https:\/\/www.facebook.com\/people\/Collall\/100064976852539\/","article_modified_time":"2025-03-20T15:33:50+00:00","og_image":[{"width":800,"height":800,"url":"https:\/\/collall.nl\/wp-content\/uploads\/2022\/03\/COLKC0100.jpg","type":"image\/jpeg"}],"twitter_card":"summary_large_image","twitter_misc":{"Dur\u00e9e de lecture estim\u00e9e":"3 minutes"},"schema":{"@context":"https:\/\/schema.org","@graph":[{"@type":"WebPage","@id":"https:\/\/collall.nl\/fr\/product\/collall-colle-scolaire-transparente\/","url":"https:\/\/collall.nl\/fr\/product\/collall-colle-scolaire-transparente\/","name":"Collall Colle Scolaire transparente - Collall","isPartOf":{"@id":"https:\/\/collall.nl\/#website"},"primaryImageOfPage":{"@id":"https:\/\/collall.nl\/fr\/product\/collall-colle-scolaire-transparente\/#primaryimage"},"image":{"@id":"https:\/\/collall.nl\/fr\/product\/collall-colle-scolaire-transparente\/#primaryimage"},"thumbnailUrl":"https:\/\/collall.nl\/wp-content\/uploads\/2022\/03\/Schoollijm-Transparant.jpg.webp","datePublished":"2022-03-01T09:17:32+00:00","dateModified":"2025-03-20T15:33:50+00:00","breadcrumb":{"@id":"https:\/\/collall.nl\/fr\/product\/collall-colle-scolaire-transparente\/#breadcrumb"},"inLanguage":"fr-FR","potentialAction":[{"@type":"ReadAction","target":["https:\/\/collall.nl\/fr\/product\/collall-colle-scolaire-transparente\/"]}]},{"@type":"ImageObject","inLanguage":"fr-FR","@id":"https:\/\/collall.nl\/fr\/product\/collall-colle-scolaire-transparente\/#primaryimage","url":"https:\/\/collall.nl\/wp-content\/uploads\/2022\/03\/Schoollijm-Transparant.jpg.webp","contentUrl":"https:\/\/collall.nl\/wp-content\/uploads\/2022\/03\/Schoollijm-Transparant.jpg.webp","width":1000,"height":1000},{"@type":"BreadcrumbList","@id":"https:\/\/collall.nl\/fr\/product\/collall-colle-scolaire-transparente\/#breadcrumb","itemListElement":[{"@type":"ListItem","position":1,"name":"Home","item":"https:\/\/collall.nl\/fr\/"},{"@type":"ListItem","position":2,"name":"Produits","item":"https:\/\/collall.nl\/fr\/produits\/"},{"@type":"ListItem","position":3,"name":"Collall Colle Scolaire transparente"}]},{"@type":"WebSite","@id":"https:\/\/collall.nl\/#website","url":"https:\/\/collall.nl\/","name":"Collall","description":"Adhesives &amp; Paints since 1949","publisher":{"@id":"https:\/\/collall.nl\/#organization"},"potentialAction":[{"@type":"SearchAction","target":{"@type":"EntryPoint","urlTemplate":"https:\/\/collall.nl\/?s={search_term_string}"},"query-input":{"@type":"PropertyValueSpecification","valueRequired":true,"valueName":"search_term_string"}}],"inLanguage":"fr-FR"},{"@type":"Organization","@id":"https:\/\/collall.nl\/#organization","name":"Collall B.V.","url":"https:\/\/collall.nl\/","logo":{"@type":"ImageObject","inLanguage":"fr-FR","@id":"https:\/\/collall.nl\/#\/schema\/logo\/image\/","url":"https:\/\/collall.nl\/wp-content\/uploads\/2022\/08\/Collall-logo-186C_Reflex-blue.jpg","contentUrl":"https:\/\/collall.nl\/wp-content\/uploads\/2022\/08\/Collall-logo-186C_Reflex-blue.jpg","width":1963,"height":1179,"caption":"Collall B.V."},"image":{"@id":"https:\/\/collall.nl\/#\/schema\/logo\/image\/"},"sameAs":["https:\/\/www.facebook.com\/people\/Collall\/100064976852539\/","https:\/\/www.instagram.com\/collall_1949\/","https:\/\/nl.pinterest.com\/CollallBV\/","https:\/\/www.youtube.com\/channel\/UCrCGuwth_udZhTqJSh5g9zg"]}]}},"_links":{"self":[{"href":"https:\/\/collall.nl\/fr\/wp-json\/wp\/v2\/product\/10239","targetHints":{"allow":["GET"]}}],"collection":[{"href":"https:\/\/collall.nl\/fr\/wp-json\/wp\/v2\/product"}],"about":[{"href":"https:\/\/collall.nl\/fr\/wp-json\/wp\/v2\/types\/product"}],"replies":[{"embeddable":true,"href":"https:\/\/collall.nl\/fr\/wp-json\/wp\/v2\/comments?post=10239"}],"wp:featuredmedia":[{"embeddable":true,"href":"https:\/\/collall.nl\/fr\/wp-json\/wp\/v2\/media\/31969"}],"wp:attachment":[{"href":"https:\/\/collall.nl\/fr\/wp-json\/wp\/v2\/media?parent=10239"}],"wp:term":[{"taxonomy":"product_brand","embeddable":true,"href":"https:\/\/collall.nl\/fr\/wp-json\/wp\/v2\/product_brand?post=10239"},{"taxonomy":"product_cat","embeddable":true,"href":"https:\/\/collall.nl\/fr\/wp-json\/wp\/v2\/product_cat?post=10239"},{"taxonomy":"product_tag","embeddable":true,"href":"https:\/\/collall.nl\/fr\/wp-json\/wp\/v2\/product_tag?post=10239"}],"curies":[{"name":"wp","href":"https:\/\/api.w.org\/{rel}","templated":true}]}}