{"id":10162,"date":"2022-03-01T09:16:53","date_gmt":"2022-03-01T09:16:58","guid":{"rendered":"http:\/\/collall.test\/product\/collall-colle-de-reliure\/"},"modified":"2025-05-08T11:19:23","modified_gmt":"2025-05-08T09:19:23","slug":"collall-colle-de-reliure","status":"publish","type":"product","link":"https:\/\/collall.nl\/fr\/product\/collall-colle-de-reliure\/","title":{"rendered":"Collall Colle de Reliure"},"content":{"rendered":"<p><strong>Application :<\/strong> Collall Colle pour Relieur est parfait pour coller le carton, le papier et le textile, ce qui le rend id\u00e9al pour des t\u00e2ches telles que la reliure et la r\u00e9paration de livres. Il est \u00e9galement adapt\u00e9 pour coller des mat\u00e9riaux tels que le papier, le carton, le li\u00e8ge, le bois, le textile et les plastiques. De plus, il peut \u00eatre utilis\u00e9 pour impr\u00e9gner des toiles ou comme base pour la peinture en m\u00e9langeant la colle avec un pigment.<\/p>\n<p><strong>Apparence :\u00a0<\/strong><\/p>\n<ul>\n<li>Liquide blanc \u00e9pais<\/li>\n<li>S\u00e8che transparent<\/li>\n<li>S\u00e9chage rapide<\/li>\n<li>Flexible<\/li>\n<li>R\u00e9sistant \u00e0 l&rsquo;eau<\/li>\n<\/ul>\n<p><strong>Solvant : <\/strong>l\u2019eau<\/p>\n<p><strong>Ingr\u00e9dient principal : <\/strong>Polyvinylacetaat PVAc<\/p>\n<p><strong>Densit\u00e9 : <\/strong>1,10 g\/cm\u00b3<\/p>\n<p data-start=\"27\" data-end=\"54\"><strong>Ingr\u00e9dients naturels :<\/strong> 40 %<\/p>\n<p data-start=\"56\" data-end=\"79\" data-is-last-node=\"\" data-is-only-node=\"\"><strong>Viscosit\u00e9 :<\/strong> 12.000 mPa.s<\/p>\n<p><strong>pH :<\/strong> 6<\/p>\n<p><strong>Utilisation :\u00a0<\/strong><\/p>\n<ul>\n<li>Les mat\u00e9riaux \u00e0 coller doivent \u00eatre secs et exempts de poussi\u00e8re et de salet\u00e9.<\/li>\n<li>Appliquez la colle en couche \u00e9paisse \u00e0 l\u2019aide d\u2019un pinceau ou en trempant.<\/li>\n<li>Lors du collage de tissus, ne collez que le carton.<\/li>\n<li>Temps de s\u00e9chage : environ 1 heure.<\/li>\n<\/ul>\n<p><strong>Allerg\u00e8nes : <\/strong>contient CMIT\/MIT en 1,2-benzisothiazol-3(2H)-one. Peut produire une r\u00e9action allergique.<\/p>\n<p><strong>Convient \u00e0 : <\/strong>enfants \u00e0 partir de 6 ans<\/p>\n<p><strong>Nettoyage :<\/strong><\/p>\n<ul>\n<li>Les outils peuvent \u00eatre nettoy\u00e9s \u00e0 l&rsquo;eau tant que la colle est encore humide (un d\u00e9tergent synth\u00e9tique peut \u00eatre ajout\u00e9 \u00e0 l&rsquo;eau si n\u00e9cessaire).<\/li>\n<li>Pour les taches de colle s\u00e8ches, trempez-les d&rsquo;abord dans de l&rsquo;eau chaude, puis retirez-les avec une brosse.<\/li>\n<\/ul>\n<h4><strong>Colle pour reliure, \u00e9galement appel\u00e9e colle de cachet<\/strong><\/h4>\n<p>La colle pour reliure Collall est une colle blanche polyvalente \u00e0 base d&rsquo;eau, \u00e9paisse et liquide, qui est \u00e9galement appel\u00e9e colle de cachet. Le mot \u00ab colle de cachet \u00bb vient du verbe fran\u00e7ais \u00ab cacher \u00bb, qui signifie cacher ou couvrir. Dans le contexte de la colle et de la reliure, \u00ab cachet \u00bb fait r\u00e9f\u00e9rence au processus d&rsquo;encollage de papier, de tissu ou d&rsquo;autre mat\u00e9riau sur une surface, souvent pour la renforcer, la prot\u00e9ger ou pour cr\u00e9er une belle finition.<\/p>\n<p>La colle de cachet est sp\u00e9cifiquement utilis\u00e9e pour appliquer ce type de rev\u00eatement ou de renforcement, par exemple lors de la reliure de livres o\u00f9 le mat\u00e9riau de couverture est coll\u00e9 sur la reliure, ou lors du recouvrement de bo\u00eetes en carton et d&#8217;emballages. L&rsquo;objectif est souvent de cacher ou d&rsquo;am\u00e9liorer la structure sous-jacente.<\/p>\n<h5>La colle pour reliure Collall est sp\u00e9cialement d\u00e9velopp\u00e9e pour un large \u00e9ventail d&rsquo;applications, tant cr\u00e9atives que pratiques, ce qui en fait un outil indispensable pour les amateurs, les artistes et les artisans.<\/h5>\n<h6><strong>Reliure et r\u00e9paration de livres<\/strong><\/h6>\n<p>La colle pour reliure Collall est id\u00e9ale pour la reliure et la r\u00e9paration de livres. Que vous souhaitiez cr\u00e9er une nouvelle couverture de livre, r\u00e9parer un dos d\u00e9tach\u00e9 ou redonner vie \u00e0 un vieux livre, cette colle offre l&rsquo;adh\u00e9rence forte n\u00e9cessaire pour rendre vos livres solides et durables. Gr\u00e2ce \u00e0 sa consistance \u00e9paisse et liquide, vous pouvez appliquer la colle pr\u00e9cis\u00e9ment l\u00e0 o\u00f9 vous en avez besoin, sans qu&rsquo;elle ne s&rsquo;\u00e9tale de mani\u00e8re ind\u00e9sirable.<\/p>\n<h6><strong>Impr\u00e9gnation et pr\u00e9paration de toile<\/strong><\/h6>\n<p>Pour les artistes et les amateurs, cette colle est parfaite pour l&rsquo;impr\u00e9gnation et la pr\u00e9paration de toiles. En traitant la toile avec la colle pour reliure Collall, vous cr\u00e9ez une surface solide et uniforme, pr\u00eate \u00e0 \u00eatre peinte. La toile re\u00e7oit une finition lisse et durable, ce qui donne un r\u00e9sultat final beau et de longue dur\u00e9e, avec une surface moins absorbante.<\/p>\n<h6><strong>Scrapbooking et journaling<\/strong><\/h6>\n<p>La popularit\u00e9 du scrapbooking et du journaling ne cesse de cro\u00eetre, et la colle pour reliure Collall est le choix parfait pour ces expressions cr\u00e9atives. Gr\u00e2ce \u00e0 son adh\u00e9rence flexible et forte, vous pouvez facilement fixer du papier, des photos et des \u00e9l\u00e9ments d\u00e9coratifs sur vos pages sans risque de froissement ou de d\u00e9chirure. La colle s\u00e8che de mani\u00e8re transparente, donnant \u00e0 votre travail un aspect professionnel et soign\u00e9, m\u00eame lors de l&rsquo;utilisation de papiers fins.<\/p>\n<h6><strong>Liant pour peinture<\/strong><\/h6>\n<p>La colle pour reliure Collall est \u00e9galement excellente en tant que liant pour la fabrication de peintures. En ajoutant des pigments \u00e0 la colle, vous pouvez cr\u00e9er vos propres couleurs et textures, parfaites pour les artistes ainsi que pour les bricoleurs. La colle assure une peinture stable et durable qui adh\u00e8re bien \u00e0 la fois sur la toile et sur d&rsquo;autres surfaces.<\/p>\n<h6><strong>Mod\u00e9lisme<\/strong><\/h6>\n<p>Gr\u00e2ce \u00e0 la flexibilit\u00e9 de la colle pour reliure Collall, cette colle est \u00e9galement extr\u00eamement adapt\u00e9e au mod\u00e9lisme. Elle est id\u00e9ale pour coller diff\u00e9rents mat\u00e9riaux tels que des rails, du bois, et des pi\u00e8ces en plastique. La colle offre une adh\u00e9rence forte sans devenir dure et cassante, ce qui est particuli\u00e8rement important pour les mod\u00e8les soumis \u00e0 des mouvements ou des vibrations.<\/p>\n<p>&nbsp;<\/p>\n<p class=\"\" data-start=\"2465\" data-end=\"2514\"><strong data-start=\"2465\" data-end=\"2512\">Autres colles PVAc dans notre assortiment :<\/strong><\/p>\n<ul>\n<li data-start=\"2517\" data-end=\"2545\">Colle pour Reliure Collall<\/li>\n<li data-start=\"2548\" data-end=\"2570\">Colle Mousse Collall<\/li>\n<li data-start=\"2573\" data-end=\"2595\">Colle \u00e0 Bois Collall<\/li>\n<li data-start=\"2598\" data-end=\"2622\">Colle Mosa\u00efque Collall<\/li>\n<li data-start=\"2625\" data-end=\"2649\">Colle Quilling Collall<\/li>\n<li data-start=\"2652\" data-end=\"2673\">Colle Tacky Collall<\/li>\n<li data-start=\"2676\" data-end=\"2699\">Colle Textile Collall<\/li>\n<li data-start=\"2702\" data-end=\"2724\">Colle Feutrine Collall<\/li>\n<li>Colle Scolaire blanc Collall<\/li>\n<\/ul>\n","protected":false},"excerpt":{"rendered":"<p>La colle pour reliure Collall est une colle blanche polyvalente et \u00e9paisse \u00e0 base d&rsquo;eau (\u00e9galement appel\u00e9e colle de contrecollage).<\/p>\n<p>Convient pour relier et r\u00e9parer des livres, impr\u00e9gner et pr\u00e9parer des toiles, et pour le scrapbooking\/journaling. Elle peut \u00e9galement \u00eatre utilis\u00e9e comme liant avec des pigments pour la fabrication de peintures.<\/p>\n<p>Gr\u00e2ce \u00e0 sa flexibilit\u00e9, la colle est \u00e9galement id\u00e9ale pour le mod\u00e9lisme, par exemple pour coller des rails.<\/p>\n","protected":false},"featured_media":28925,"comment_status":"open","ping_status":"closed","template":"","meta":{"_acf_changed":false},"product_brand":[],"product_cat":[174],"product_tag":[],"class_list":{"0":"post-10162","1":"product","2":"type-product","3":"status-publish","4":"has-post-thumbnail","6":"product_cat-colle-et-vernis-colle","8":"first","9":"instock","10":"shipping-taxable","11":"purchasable","12":"product-type-variable"},"acf":[],"yoast_head":"<!-- This site is optimized with the Yoast SEO plugin v27.2 - https:\/\/yoast.com\/product\/yoast-seo-wordpress\/ -->\n<title>Collall Colle de Reliure - Collall<\/title>\n<meta name=\"description\" content=\"La colle pour reliure Collall est une colle blanche polyvalente et \u00e9paisse \u00e0 base d&#039;eau (\u00e9galement appel\u00e9e colle de contrecollage).\" \/>\n<meta name=\"robots\" content=\"index, follow, max-snippet:-1, max-image-preview:large, max-video-preview:-1\" \/>\n<link rel=\"canonical\" href=\"https:\/\/collall.nl\/fr\/product\/collall-colle-de-reliure\/\" \/>\n<meta property=\"og:locale\" content=\"fr_FR\" \/>\n<meta property=\"og:type\" content=\"article\" \/>\n<meta property=\"og:title\" content=\"Collall Colle de Reliure - Collall\" \/>\n<meta property=\"og:description\" content=\"La colle pour reliure Collall est une colle blanche polyvalente et \u00e9paisse \u00e0 base d&#039;eau (\u00e9galement appel\u00e9e colle de contrecollage).\" \/>\n<meta property=\"og:url\" content=\"https:\/\/collall.nl\/fr\/product\/collall-colle-de-reliure\/\" \/>\n<meta property=\"og:site_name\" content=\"Collall\" \/>\n<meta property=\"article:publisher\" content=\"https:\/\/www.facebook.com\/people\/Collall\/100064976852539\/\" \/>\n<meta property=\"article:modified_time\" content=\"2025-05-08T09:19:23+00:00\" \/>\n<meta property=\"og:image\" content=\"https:\/\/collall.nl\/wp-content\/uploads\/2022\/03\/Collall-Boekbinderslijm-fles-100ml.jpg\" \/>\n\t<meta property=\"og:image:width\" content=\"1000\" \/>\n\t<meta property=\"og:image:height\" content=\"1000\" \/>\n\t<meta property=\"og:image:type\" content=\"image\/jpeg\" \/>\n<meta name=\"twitter:card\" content=\"summary_large_image\" \/>\n<meta name=\"twitter:label1\" content=\"Dur\u00e9e de lecture estim\u00e9e\" \/>\n\t<meta name=\"twitter:data1\" content=\"5 minutes\" \/>\n<script type=\"application\/ld+json\" class=\"yoast-schema-graph\">{\"@context\":\"https:\/\/schema.org\",\"@graph\":[{\"@type\":\"WebPage\",\"@id\":\"https:\/\/collall.nl\/fr\/product\/collall-colle-de-reliure\/\",\"url\":\"https:\/\/collall.nl\/fr\/product\/collall-colle-de-reliure\/\",\"name\":\"Collall Colle de Reliure - Collall\",\"isPartOf\":{\"@id\":\"https:\/\/collall.nl\/#website\"},\"primaryImageOfPage\":{\"@id\":\"https:\/\/collall.nl\/fr\/product\/collall-colle-de-reliure\/#primaryimage\"},\"image\":{\"@id\":\"https:\/\/collall.nl\/fr\/product\/collall-colle-de-reliure\/#primaryimage\"},\"thumbnailUrl\":\"https:\/\/collall.nl\/wp-content\/uploads\/2022\/03\/Collall-Boekbinderslijm-fles-100ml.jpg\",\"datePublished\":\"2022-03-01T09:16:58+00:00\",\"dateModified\":\"2025-05-08T09:19:23+00:00\",\"description\":\"La colle pour reliure Collall est une colle blanche polyvalente et \u00e9paisse \u00e0 base d'eau (\u00e9galement appel\u00e9e colle de contrecollage).\",\"breadcrumb\":{\"@id\":\"https:\/\/collall.nl\/fr\/product\/collall-colle-de-reliure\/#breadcrumb\"},\"inLanguage\":\"fr-FR\",\"potentialAction\":[{\"@type\":\"ReadAction\",\"target\":[\"https:\/\/collall.nl\/fr\/product\/collall-colle-de-reliure\/\"]}]},{\"@type\":\"ImageObject\",\"inLanguage\":\"fr-FR\",\"@id\":\"https:\/\/collall.nl\/fr\/product\/collall-colle-de-reliure\/#primaryimage\",\"url\":\"https:\/\/collall.nl\/wp-content\/uploads\/2022\/03\/Collall-Boekbinderslijm-fles-100ml.jpg\",\"contentUrl\":\"https:\/\/collall.nl\/wp-content\/uploads\/2022\/03\/Collall-Boekbinderslijm-fles-100ml.jpg\",\"width\":1000,\"height\":1000},{\"@type\":\"BreadcrumbList\",\"@id\":\"https:\/\/collall.nl\/fr\/product\/collall-colle-de-reliure\/#breadcrumb\",\"itemListElement\":[{\"@type\":\"ListItem\",\"position\":1,\"name\":\"Home\",\"item\":\"https:\/\/collall.nl\/fr\/\"},{\"@type\":\"ListItem\",\"position\":2,\"name\":\"Produits\",\"item\":\"https:\/\/collall.nl\/fr\/produits\/\"},{\"@type\":\"ListItem\",\"position\":3,\"name\":\"Collall Colle de Reliure\"}]},{\"@type\":\"WebSite\",\"@id\":\"https:\/\/collall.nl\/#website\",\"url\":\"https:\/\/collall.nl\/\",\"name\":\"Collall\",\"description\":\"Adhesives &amp; Paints since 1949\",\"publisher\":{\"@id\":\"https:\/\/collall.nl\/#organization\"},\"potentialAction\":[{\"@type\":\"SearchAction\",\"target\":{\"@type\":\"EntryPoint\",\"urlTemplate\":\"https:\/\/collall.nl\/?s={search_term_string}\"},\"query-input\":{\"@type\":\"PropertyValueSpecification\",\"valueRequired\":true,\"valueName\":\"search_term_string\"}}],\"inLanguage\":\"fr-FR\"},{\"@type\":\"Organization\",\"@id\":\"https:\/\/collall.nl\/#organization\",\"name\":\"Collall B.V.\",\"url\":\"https:\/\/collall.nl\/\",\"logo\":{\"@type\":\"ImageObject\",\"inLanguage\":\"fr-FR\",\"@id\":\"https:\/\/collall.nl\/#\/schema\/logo\/image\/\",\"url\":\"https:\/\/collall.nl\/wp-content\/uploads\/2022\/08\/Collall-logo-186C_Reflex-blue.jpg\",\"contentUrl\":\"https:\/\/collall.nl\/wp-content\/uploads\/2022\/08\/Collall-logo-186C_Reflex-blue.jpg\",\"width\":1963,\"height\":1179,\"caption\":\"Collall B.V.\"},\"image\":{\"@id\":\"https:\/\/collall.nl\/#\/schema\/logo\/image\/\"},\"sameAs\":[\"https:\/\/www.facebook.com\/people\/Collall\/100064976852539\/\",\"https:\/\/www.instagram.com\/collall_1949\/\",\"https:\/\/nl.pinterest.com\/CollallBV\/\",\"https:\/\/www.youtube.com\/channel\/UCrCGuwth_udZhTqJSh5g9zg\"]}]}<\/script>\n<!-- \/ Yoast SEO plugin. -->","yoast_head_json":{"title":"Collall Colle de Reliure - Collall","description":"La colle pour reliure Collall est une colle blanche polyvalente et \u00e9paisse \u00e0 base d'eau (\u00e9galement appel\u00e9e colle de contrecollage).","robots":{"index":"index","follow":"follow","max-snippet":"max-snippet:-1","max-image-preview":"max-image-preview:large","max-video-preview":"max-video-preview:-1"},"canonical":"https:\/\/collall.nl\/fr\/product\/collall-colle-de-reliure\/","og_locale":"fr_FR","og_type":"article","og_title":"Collall Colle de Reliure - Collall","og_description":"La colle pour reliure Collall est une colle blanche polyvalente et \u00e9paisse \u00e0 base d'eau (\u00e9galement appel\u00e9e colle de contrecollage).","og_url":"https:\/\/collall.nl\/fr\/product\/collall-colle-de-reliure\/","og_site_name":"Collall","article_publisher":"https:\/\/www.facebook.com\/people\/Collall\/100064976852539\/","article_modified_time":"2025-05-08T09:19:23+00:00","og_image":[{"width":1000,"height":1000,"url":"https:\/\/collall.nl\/wp-content\/uploads\/2022\/03\/Collall-Boekbinderslijm-fles-100ml.jpg","type":"image\/jpeg"}],"twitter_card":"summary_large_image","twitter_misc":{"Dur\u00e9e de lecture estim\u00e9e":"5 minutes"},"schema":{"@context":"https:\/\/schema.org","@graph":[{"@type":"WebPage","@id":"https:\/\/collall.nl\/fr\/product\/collall-colle-de-reliure\/","url":"https:\/\/collall.nl\/fr\/product\/collall-colle-de-reliure\/","name":"Collall Colle de Reliure - Collall","isPartOf":{"@id":"https:\/\/collall.nl\/#website"},"primaryImageOfPage":{"@id":"https:\/\/collall.nl\/fr\/product\/collall-colle-de-reliure\/#primaryimage"},"image":{"@id":"https:\/\/collall.nl\/fr\/product\/collall-colle-de-reliure\/#primaryimage"},"thumbnailUrl":"https:\/\/collall.nl\/wp-content\/uploads\/2022\/03\/Collall-Boekbinderslijm-fles-100ml.jpg","datePublished":"2022-03-01T09:16:58+00:00","dateModified":"2025-05-08T09:19:23+00:00","description":"La colle pour reliure Collall est une colle blanche polyvalente et \u00e9paisse \u00e0 base d'eau (\u00e9galement appel\u00e9e colle de contrecollage).","breadcrumb":{"@id":"https:\/\/collall.nl\/fr\/product\/collall-colle-de-reliure\/#breadcrumb"},"inLanguage":"fr-FR","potentialAction":[{"@type":"ReadAction","target":["https:\/\/collall.nl\/fr\/product\/collall-colle-de-reliure\/"]}]},{"@type":"ImageObject","inLanguage":"fr-FR","@id":"https:\/\/collall.nl\/fr\/product\/collall-colle-de-reliure\/#primaryimage","url":"https:\/\/collall.nl\/wp-content\/uploads\/2022\/03\/Collall-Boekbinderslijm-fles-100ml.jpg","contentUrl":"https:\/\/collall.nl\/wp-content\/uploads\/2022\/03\/Collall-Boekbinderslijm-fles-100ml.jpg","width":1000,"height":1000},{"@type":"BreadcrumbList","@id":"https:\/\/collall.nl\/fr\/product\/collall-colle-de-reliure\/#breadcrumb","itemListElement":[{"@type":"ListItem","position":1,"name":"Home","item":"https:\/\/collall.nl\/fr\/"},{"@type":"ListItem","position":2,"name":"Produits","item":"https:\/\/collall.nl\/fr\/produits\/"},{"@type":"ListItem","position":3,"name":"Collall Colle de Reliure"}]},{"@type":"WebSite","@id":"https:\/\/collall.nl\/#website","url":"https:\/\/collall.nl\/","name":"Collall","description":"Adhesives &amp; Paints since 1949","publisher":{"@id":"https:\/\/collall.nl\/#organization"},"potentialAction":[{"@type":"SearchAction","target":{"@type":"EntryPoint","urlTemplate":"https:\/\/collall.nl\/?s={search_term_string}"},"query-input":{"@type":"PropertyValueSpecification","valueRequired":true,"valueName":"search_term_string"}}],"inLanguage":"fr-FR"},{"@type":"Organization","@id":"https:\/\/collall.nl\/#organization","name":"Collall B.V.","url":"https:\/\/collall.nl\/","logo":{"@type":"ImageObject","inLanguage":"fr-FR","@id":"https:\/\/collall.nl\/#\/schema\/logo\/image\/","url":"https:\/\/collall.nl\/wp-content\/uploads\/2022\/08\/Collall-logo-186C_Reflex-blue.jpg","contentUrl":"https:\/\/collall.nl\/wp-content\/uploads\/2022\/08\/Collall-logo-186C_Reflex-blue.jpg","width":1963,"height":1179,"caption":"Collall B.V."},"image":{"@id":"https:\/\/collall.nl\/#\/schema\/logo\/image\/"},"sameAs":["https:\/\/www.facebook.com\/people\/Collall\/100064976852539\/","https:\/\/www.instagram.com\/collall_1949\/","https:\/\/nl.pinterest.com\/CollallBV\/","https:\/\/www.youtube.com\/channel\/UCrCGuwth_udZhTqJSh5g9zg"]}]}},"_links":{"self":[{"href":"https:\/\/collall.nl\/fr\/wp-json\/wp\/v2\/product\/10162","targetHints":{"allow":["GET"]}}],"collection":[{"href":"https:\/\/collall.nl\/fr\/wp-json\/wp\/v2\/product"}],"about":[{"href":"https:\/\/collall.nl\/fr\/wp-json\/wp\/v2\/types\/product"}],"replies":[{"embeddable":true,"href":"https:\/\/collall.nl\/fr\/wp-json\/wp\/v2\/comments?post=10162"}],"wp:featuredmedia":[{"embeddable":true,"href":"https:\/\/collall.nl\/fr\/wp-json\/wp\/v2\/media\/28925"}],"wp:attachment":[{"href":"https:\/\/collall.nl\/fr\/wp-json\/wp\/v2\/media?parent=10162"}],"wp:term":[{"taxonomy":"product_brand","embeddable":true,"href":"https:\/\/collall.nl\/fr\/wp-json\/wp\/v2\/product_brand?post=10162"},{"taxonomy":"product_cat","embeddable":true,"href":"https:\/\/collall.nl\/fr\/wp-json\/wp\/v2\/product_cat?post=10162"},{"taxonomy":"product_tag","embeddable":true,"href":"https:\/\/collall.nl\/fr\/wp-json\/wp\/v2\/product_tag?post=10162"}],"curies":[{"name":"wp","href":"https:\/\/api.w.org\/{rel}","templated":true}]}}