{"id":10053,"date":"2022-03-01T09:16:15","date_gmt":"2022-03-01T09:16:18","guid":{"rendered":"http:\/\/collall.test\/product\/collall-colle-vernis\/"},"modified":"2025-04-03T12:26:36","modified_gmt":"2025-04-03T10:26:36","slug":"collall-colle-vernis","status":"publish","type":"product","link":"https:\/\/collall.nl\/fr\/product\/collall-colle-vernis\/","title":{"rendered":"Collall Colle Vernis"},"content":{"rendered":"<p class=\"\" data-start=\"35\" data-end=\"194\"><strong data-start=\"35\" data-end=\"52\">Application :<\/strong> Avec la colle vernis Collall, vous pouvez appliquer une couche de protection brillante et transparente sur de nombreuses choses diff\u00e9rentes !<\/p>\n<ul>\n<li data-start=\"196\" data-end=\"744\"><strong data-start=\"196\" data-end=\"222\">Dessins et peintures :<\/strong> Prot\u00e9gez et terminez les dessins et peintures avec de la peinture pour affiches, des crayons de cire, du fusain, etc. Cela cr\u00e9e une belle couche de protection transparente et brillante sur votre cr\u00e9ation !<\/li>\n<li data-start=\"196\" data-end=\"744\"><strong data-start=\"431\" data-end=\"460\">Techniques de d\u00e9copatch :<\/strong> Traitement d&rsquo;images et de d\u00e9corations (serviettes en papier, papier de soie, images imprim\u00e9es) sur diverses surfaces (papier, carton, bois, textile, pierre).<\/li>\n<li data-start=\"196\" data-end=\"744\"><strong data-start=\"621\" data-end=\"634\">Puzzles :<\/strong> Fixation des puzzles une fois assembl\u00e9s, apr\u00e8s quoi le puzzle peut \u00eatre accroch\u00e9 ou plac\u00e9 comme une peinture.<\/li>\n<\/ul>\n<p class=\"\" data-start=\"746\" data-end=\"761\"><strong data-start=\"746\" data-end=\"761\">Apparence :<\/strong><\/p>\n<ul>\n<li data-start=\"765\" data-end=\"788\">Liquide blanc et fluide<\/li>\n<li data-start=\"791\" data-end=\"805\">S\u00e9chage rapide<\/li>\n<li data-start=\"808\" data-end=\"822\">Forte adh\u00e9sion<\/li>\n<li data-start=\"825\" data-end=\"833\">Flexible<\/li>\n<li data-start=\"836\" data-end=\"861\">Transparent apr\u00e8s s\u00e9chage<\/li>\n<\/ul>\n<p class=\"\" data-start=\"864\" data-end=\"877\"><strong>Solvant :<\/strong> eau<\/p>\n<p class=\"\" data-start=\"879\" data-end=\"927\"><strong data-start=\"879\" data-end=\"905\">Ingr\u00e9dient principal :<\/strong> Ac\u00e9tate de polyvinyle<\/p>\n<p class=\"\" data-start=\"929\" data-end=\"959\"><strong data-start=\"929\" data-end=\"955\">Ingr\u00e9dients naturels :<\/strong> 50%<\/p>\n<p class=\"\" data-start=\"961\" data-end=\"988\"><strong data-start=\"961\" data-end=\"976\">Viscosit\u00e9 :<\/strong> 1.500 mPa.s<\/p>\n<p class=\"\" data-start=\"990\" data-end=\"1000\"><strong data-start=\"990\" data-end=\"998\">pH :<\/strong> 5<\/p>\n<p class=\"\" data-start=\"1002\" data-end=\"1027\"><strong data-start=\"1002\" data-end=\"1015\">Densit\u00e9 :<\/strong> 1,10 kg\/dm\u00b3<\/p>\n<p class=\"\" data-start=\"1029\" data-end=\"1039\"><strong data-start=\"1029\" data-end=\"1037\">CE :<\/strong> \u2013<\/p>\n<p class=\"\" data-start=\"1041\" data-end=\"1083\"><strong data-start=\"1041\" data-end=\"1066\">Consommation de colle :<\/strong>\u00a0Environ 150 g\/m\u00b2<\/p>\n<p class=\"\" data-start=\"1085\" data-end=\"1104\"><strong>Utilisation :<\/strong><\/p>\n<ul>\n<li>Les mat\u00e9riaux \u00e0 coller doivent \u00eatre secs et exempts de poussi\u00e8re et de salet\u00e9.<\/li>\n<li>Appliquez la colle avec un pinceau \u00e0 colle sur la surface \u00e0 coller.<\/li>\n<li>Lorsque la colle est s\u00e8che, une deuxi\u00e8me couche protectrice de vernis peut \u00eatre appliqu\u00e9e.<\/li>\n<\/ul>\n<p class=\"\" data-start=\"1349\" data-end=\"1427\"><strong data-start=\"1349\" data-end=\"1365\">Allerg\u00e8nes :<\/strong> Contient CMIT\/MIT. Peut produire une r\u00e9action allergique.<\/p>\n<p class=\"\" data-start=\"1429\" data-end=\"1464\"><strong data-start=\"1429\" data-end=\"1445\">Convient \u00e0 :<\/strong> \u00c0 partir de 6 ans.<\/p>\n<p class=\"\" data-start=\"1466\" data-end=\"1481\"><strong data-start=\"1466\" data-end=\"1481\">Nettoyage :<\/strong><\/p>\n<ul>\n<li data-start=\"1483\" data-end=\"1730\">Les outils peuvent \u00eatre nettoy\u00e9s \u00e0 l&rsquo;eau, uniquement lorsque la colle est encore humide (un d\u00e9tergent synth\u00e9tique peut \u00eatre ajout\u00e9 \u00e0 l&rsquo;eau si n\u00e9cessaire).<\/li>\n<li data-start=\"1483\" data-end=\"1730\">Trempez les taches de colle s\u00e9ch\u00e9es dans de l&rsquo;eau chaude puis retirez-les avec une brosse.<\/li>\n<\/ul>\n","protected":false},"excerpt":{"rendered":"<p>Colle Vernis liquide, s\u00e9chage transparent \u00e0 base d\u2019eau<\/p>\n","protected":false},"featured_media":20294,"comment_status":"open","ping_status":"closed","template":"","meta":{"_acf_changed":false},"product_brand":[],"product_cat":[174],"product_tag":[2765],"class_list":{"0":"post-10053","1":"product","2":"type-product","3":"status-publish","4":"has-post-thumbnail","6":"product_cat-colle-et-vernis-colle","7":"product_tag-colle-vernis","9":"first","10":"instock","11":"shipping-taxable","12":"purchasable","13":"product-type-variable"},"acf":[],"yoast_head":"<!-- This site is optimized with the Yoast SEO plugin v27.2 - https:\/\/yoast.com\/product\/yoast-seo-wordpress\/ -->\n<title>Collall Colle Vernis - Collall<\/title>\n<meta name=\"description\" content=\"Colle Vernis liquide, s\u00e9chage transparent \u00e0 base d\u2019eau\u00a0\" \/>\n<meta name=\"robots\" content=\"index, follow, max-snippet:-1, max-image-preview:large, max-video-preview:-1\" \/>\n<link rel=\"canonical\" href=\"https:\/\/collall.nl\/fr\/product\/collall-colle-vernis\/\" \/>\n<meta property=\"og:locale\" content=\"fr_FR\" \/>\n<meta property=\"og:type\" content=\"article\" \/>\n<meta property=\"og:title\" content=\"Collall Colle Vernis - Collall\" \/>\n<meta property=\"og:description\" content=\"Colle Vernis liquide, s\u00e9chage transparent \u00e0 base d\u2019eau\u00a0\" \/>\n<meta property=\"og:url\" content=\"https:\/\/collall.nl\/fr\/product\/collall-colle-vernis\/\" \/>\n<meta property=\"og:site_name\" content=\"Collall\" \/>\n<meta property=\"article:publisher\" content=\"https:\/\/www.facebook.com\/people\/Collall\/100064976852539\/\" \/>\n<meta property=\"article:modified_time\" content=\"2025-04-03T10:26:36+00:00\" \/>\n<meta property=\"og:image\" content=\"https:\/\/collall.nl\/wp-content\/uploads\/2022\/03\/COLVL0100.jpg\" \/>\n\t<meta property=\"og:image:width\" content=\"800\" \/>\n\t<meta property=\"og:image:height\" content=\"800\" \/>\n\t<meta property=\"og:image:type\" content=\"image\/jpeg\" \/>\n<meta name=\"twitter:card\" content=\"summary_large_image\" \/>\n<meta name=\"twitter:label1\" content=\"Dur\u00e9e de lecture estim\u00e9e\" \/>\n\t<meta name=\"twitter:data1\" content=\"2 minutes\" \/>\n<script type=\"application\/ld+json\" class=\"yoast-schema-graph\">{\"@context\":\"https:\/\/schema.org\",\"@graph\":[{\"@type\":\"WebPage\",\"@id\":\"https:\/\/collall.nl\/fr\/product\/collall-colle-vernis\/\",\"url\":\"https:\/\/collall.nl\/fr\/product\/collall-colle-vernis\/\",\"name\":\"Collall Colle Vernis - Collall\",\"isPartOf\":{\"@id\":\"https:\/\/collall.nl\/#website\"},\"primaryImageOfPage\":{\"@id\":\"https:\/\/collall.nl\/fr\/product\/collall-colle-vernis\/#primaryimage\"},\"image\":{\"@id\":\"https:\/\/collall.nl\/fr\/product\/collall-colle-vernis\/#primaryimage\"},\"thumbnailUrl\":\"https:\/\/collall.nl\/wp-content\/uploads\/2022\/03\/COLVL0100.jpg\",\"datePublished\":\"2022-03-01T09:16:18+00:00\",\"dateModified\":\"2025-04-03T10:26:36+00:00\",\"description\":\"Colle Vernis liquide, s\u00e9chage transparent \u00e0 base d\u2019eau\u00a0\",\"breadcrumb\":{\"@id\":\"https:\/\/collall.nl\/fr\/product\/collall-colle-vernis\/#breadcrumb\"},\"inLanguage\":\"fr-FR\",\"potentialAction\":[{\"@type\":\"ReadAction\",\"target\":[\"https:\/\/collall.nl\/fr\/product\/collall-colle-vernis\/\"]}]},{\"@type\":\"ImageObject\",\"inLanguage\":\"fr-FR\",\"@id\":\"https:\/\/collall.nl\/fr\/product\/collall-colle-vernis\/#primaryimage\",\"url\":\"https:\/\/collall.nl\/wp-content\/uploads\/2022\/03\/COLVL0100.jpg\",\"contentUrl\":\"https:\/\/collall.nl\/wp-content\/uploads\/2022\/03\/COLVL0100.jpg\",\"width\":800,\"height\":800},{\"@type\":\"BreadcrumbList\",\"@id\":\"https:\/\/collall.nl\/fr\/product\/collall-colle-vernis\/#breadcrumb\",\"itemListElement\":[{\"@type\":\"ListItem\",\"position\":1,\"name\":\"Home\",\"item\":\"https:\/\/collall.nl\/fr\/\"},{\"@type\":\"ListItem\",\"position\":2,\"name\":\"Produits\",\"item\":\"https:\/\/collall.nl\/fr\/produits\/\"},{\"@type\":\"ListItem\",\"position\":3,\"name\":\"Collall Colle Vernis\"}]},{\"@type\":\"WebSite\",\"@id\":\"https:\/\/collall.nl\/#website\",\"url\":\"https:\/\/collall.nl\/\",\"name\":\"Collall\",\"description\":\"Adhesives &amp; Paints since 1949\",\"publisher\":{\"@id\":\"https:\/\/collall.nl\/#organization\"},\"potentialAction\":[{\"@type\":\"SearchAction\",\"target\":{\"@type\":\"EntryPoint\",\"urlTemplate\":\"https:\/\/collall.nl\/?s={search_term_string}\"},\"query-input\":{\"@type\":\"PropertyValueSpecification\",\"valueRequired\":true,\"valueName\":\"search_term_string\"}}],\"inLanguage\":\"fr-FR\"},{\"@type\":\"Organization\",\"@id\":\"https:\/\/collall.nl\/#organization\",\"name\":\"Collall B.V.\",\"url\":\"https:\/\/collall.nl\/\",\"logo\":{\"@type\":\"ImageObject\",\"inLanguage\":\"fr-FR\",\"@id\":\"https:\/\/collall.nl\/#\/schema\/logo\/image\/\",\"url\":\"https:\/\/collall.nl\/wp-content\/uploads\/2022\/08\/Collall-logo-186C_Reflex-blue.jpg\",\"contentUrl\":\"https:\/\/collall.nl\/wp-content\/uploads\/2022\/08\/Collall-logo-186C_Reflex-blue.jpg\",\"width\":1963,\"height\":1179,\"caption\":\"Collall B.V.\"},\"image\":{\"@id\":\"https:\/\/collall.nl\/#\/schema\/logo\/image\/\"},\"sameAs\":[\"https:\/\/www.facebook.com\/people\/Collall\/100064976852539\/\",\"https:\/\/www.instagram.com\/collall_1949\/\",\"https:\/\/nl.pinterest.com\/CollallBV\/\",\"https:\/\/www.youtube.com\/channel\/UCrCGuwth_udZhTqJSh5g9zg\"]}]}<\/script>\n<!-- \/ Yoast SEO plugin. -->","yoast_head_json":{"title":"Collall Colle Vernis - Collall","description":"Colle Vernis liquide, s\u00e9chage transparent \u00e0 base d\u2019eau\u00a0","robots":{"index":"index","follow":"follow","max-snippet":"max-snippet:-1","max-image-preview":"max-image-preview:large","max-video-preview":"max-video-preview:-1"},"canonical":"https:\/\/collall.nl\/fr\/product\/collall-colle-vernis\/","og_locale":"fr_FR","og_type":"article","og_title":"Collall Colle Vernis - Collall","og_description":"Colle Vernis liquide, s\u00e9chage transparent \u00e0 base d\u2019eau\u00a0","og_url":"https:\/\/collall.nl\/fr\/product\/collall-colle-vernis\/","og_site_name":"Collall","article_publisher":"https:\/\/www.facebook.com\/people\/Collall\/100064976852539\/","article_modified_time":"2025-04-03T10:26:36+00:00","og_image":[{"width":800,"height":800,"url":"https:\/\/collall.nl\/wp-content\/uploads\/2022\/03\/COLVL0100.jpg","type":"image\/jpeg"}],"twitter_card":"summary_large_image","twitter_misc":{"Dur\u00e9e de lecture estim\u00e9e":"2 minutes"},"schema":{"@context":"https:\/\/schema.org","@graph":[{"@type":"WebPage","@id":"https:\/\/collall.nl\/fr\/product\/collall-colle-vernis\/","url":"https:\/\/collall.nl\/fr\/product\/collall-colle-vernis\/","name":"Collall Colle Vernis - Collall","isPartOf":{"@id":"https:\/\/collall.nl\/#website"},"primaryImageOfPage":{"@id":"https:\/\/collall.nl\/fr\/product\/collall-colle-vernis\/#primaryimage"},"image":{"@id":"https:\/\/collall.nl\/fr\/product\/collall-colle-vernis\/#primaryimage"},"thumbnailUrl":"https:\/\/collall.nl\/wp-content\/uploads\/2022\/03\/COLVL0100.jpg","datePublished":"2022-03-01T09:16:18+00:00","dateModified":"2025-04-03T10:26:36+00:00","description":"Colle Vernis liquide, s\u00e9chage transparent \u00e0 base d\u2019eau\u00a0","breadcrumb":{"@id":"https:\/\/collall.nl\/fr\/product\/collall-colle-vernis\/#breadcrumb"},"inLanguage":"fr-FR","potentialAction":[{"@type":"ReadAction","target":["https:\/\/collall.nl\/fr\/product\/collall-colle-vernis\/"]}]},{"@type":"ImageObject","inLanguage":"fr-FR","@id":"https:\/\/collall.nl\/fr\/product\/collall-colle-vernis\/#primaryimage","url":"https:\/\/collall.nl\/wp-content\/uploads\/2022\/03\/COLVL0100.jpg","contentUrl":"https:\/\/collall.nl\/wp-content\/uploads\/2022\/03\/COLVL0100.jpg","width":800,"height":800},{"@type":"BreadcrumbList","@id":"https:\/\/collall.nl\/fr\/product\/collall-colle-vernis\/#breadcrumb","itemListElement":[{"@type":"ListItem","position":1,"name":"Home","item":"https:\/\/collall.nl\/fr\/"},{"@type":"ListItem","position":2,"name":"Produits","item":"https:\/\/collall.nl\/fr\/produits\/"},{"@type":"ListItem","position":3,"name":"Collall Colle Vernis"}]},{"@type":"WebSite","@id":"https:\/\/collall.nl\/#website","url":"https:\/\/collall.nl\/","name":"Collall","description":"Adhesives &amp; Paints since 1949","publisher":{"@id":"https:\/\/collall.nl\/#organization"},"potentialAction":[{"@type":"SearchAction","target":{"@type":"EntryPoint","urlTemplate":"https:\/\/collall.nl\/?s={search_term_string}"},"query-input":{"@type":"PropertyValueSpecification","valueRequired":true,"valueName":"search_term_string"}}],"inLanguage":"fr-FR"},{"@type":"Organization","@id":"https:\/\/collall.nl\/#organization","name":"Collall B.V.","url":"https:\/\/collall.nl\/","logo":{"@type":"ImageObject","inLanguage":"fr-FR","@id":"https:\/\/collall.nl\/#\/schema\/logo\/image\/","url":"https:\/\/collall.nl\/wp-content\/uploads\/2022\/08\/Collall-logo-186C_Reflex-blue.jpg","contentUrl":"https:\/\/collall.nl\/wp-content\/uploads\/2022\/08\/Collall-logo-186C_Reflex-blue.jpg","width":1963,"height":1179,"caption":"Collall B.V."},"image":{"@id":"https:\/\/collall.nl\/#\/schema\/logo\/image\/"},"sameAs":["https:\/\/www.facebook.com\/people\/Collall\/100064976852539\/","https:\/\/www.instagram.com\/collall_1949\/","https:\/\/nl.pinterest.com\/CollallBV\/","https:\/\/www.youtube.com\/channel\/UCrCGuwth_udZhTqJSh5g9zg"]}]}},"_links":{"self":[{"href":"https:\/\/collall.nl\/fr\/wp-json\/wp\/v2\/product\/10053","targetHints":{"allow":["GET"]}}],"collection":[{"href":"https:\/\/collall.nl\/fr\/wp-json\/wp\/v2\/product"}],"about":[{"href":"https:\/\/collall.nl\/fr\/wp-json\/wp\/v2\/types\/product"}],"replies":[{"embeddable":true,"href":"https:\/\/collall.nl\/fr\/wp-json\/wp\/v2\/comments?post=10053"}],"wp:featuredmedia":[{"embeddable":true,"href":"https:\/\/collall.nl\/fr\/wp-json\/wp\/v2\/media\/20294"}],"wp:attachment":[{"href":"https:\/\/collall.nl\/fr\/wp-json\/wp\/v2\/media?parent=10053"}],"wp:term":[{"taxonomy":"product_brand","embeddable":true,"href":"https:\/\/collall.nl\/fr\/wp-json\/wp\/v2\/product_brand?post=10053"},{"taxonomy":"product_cat","embeddable":true,"href":"https:\/\/collall.nl\/fr\/wp-json\/wp\/v2\/product_cat?post=10053"},{"taxonomy":"product_tag","embeddable":true,"href":"https:\/\/collall.nl\/fr\/wp-json\/wp\/v2\/product_tag?post=10053"}],"curies":[{"name":"wp","href":"https:\/\/api.w.org\/{rel}","templated":true}]}}