{"id":10008,"date":"2022-03-01T09:15:59","date_gmt":"2022-03-01T09:16:00","guid":{"rendered":"http:\/\/collall.test\/product\/collall-colle-feutrine\/"},"modified":"2025-10-07T08:55:28","modified_gmt":"2025-10-07T06:55:28","slug":"collall-colle-feutrine","status":"publish","type":"product","link":"https:\/\/collall.nl\/fr\/product\/collall-colle-feutrine\/","title":{"rendered":"Collall Colle Feutrine"},"content":{"rendered":"<p><strong data-start=\"4\" data-end=\"21\">Application : <\/strong>le feutre est un mat\u00e9riau magnifique pour les travaux manuels, mais il peut \u00eatre difficile \u00e0 coller. Heureusement, il existe la Colle pour Feutre Collall, sp\u00e9cialement d\u00e9velopp\u00e9e pour assurer une adh\u00e9sion parfaite entre le feutre et divers autres types de textiles. Avec cette colle \u00e0 base de PVAc, vous cr\u00e9ez facilement des liaisons solides sans rendre le feutre rigide ou cassant.<\/p>\n<p data-start=\"145\" data-end=\"163\"><strong data-start=\"149\" data-end=\"161\">Apparance :<\/strong><\/p>\n<ul>\n<li>Liquide blanc, \u00e9pais<\/li>\n<li>S\u00e9chage rapide<\/li>\n<li>Forte adh\u00e9rence<\/li>\n<li>Transparent apr\u00e8s s\u00e9chage<\/li>\n<\/ul>\n<p><strong>Solvant :<\/strong> eau<\/p>\n<p data-start=\"277\" data-end=\"310\"><strong data-start=\"281\" data-end=\"308\">Constituant principal :\u00a0<\/strong>Polyac\u00e9tate de vinyle<\/p>\n<p class=\"p1\"><b>Ingr\u00e9dients naturels : <\/b>42%<\/p>\n<p class=\"p1\"><b>Viscosit\u00e9 : <\/b>7.000 mPa.s<\/p>\n<p data-start=\"336\" data-end=\"352\"><strong data-start=\"340\" data-end=\"348\">pH :<\/strong> 5<\/p>\n<p data-start=\"353\" data-end=\"384\"><strong data-start=\"357\" data-end=\"370\">Densit\u00e9 :<\/strong> 1,06 kg\/dm\u00b3<\/p>\n<p data-start=\"385\" data-end=\"401\"><strong data-start=\"389\" data-end=\"397\">CE :<\/strong> \u2013<\/p>\n<p data-start=\"402\" data-end=\"449\"><strong data-start=\"406\" data-end=\"433\">Consommation de colle :<\/strong> env. 250 g\/m\u00b2<\/p>\n<p data-start=\"451\" data-end=\"474\"><strong data-start=\"455\" data-end=\"472\">Utilisation :<\/strong><\/p>\n<ul>\n<li>Les mat\u00e9riaux \u00e0 coller doivent \u00eatre secs et exempts de poussi\u00e8re et de salet\u00e9.<\/li>\n<li>Bien agiter le flacon avant usage.<\/li>\n<li>Appliquer la Colle pour Feutrine sur une seule surface, en couche ni trop fine ni trop \u00e9paisse. Laisser s\u00e9cher l\u00e9g\u00e8rement avant d\u2019assembler.<\/li>\n<\/ul>\n<p data-start=\"747\" data-end=\"769\"><strong>Allerg\u00e8nes:\u00a0 <\/strong>contient CMIT\/MIT. Peut produire une r\u00e9action allergique.<\/p>\n<p data-start=\"832\" data-end=\"873\"><strong data-start=\"836\" data-end=\"852\">Convient \u00e0 :<\/strong> \u00e0 partir de 6 ans.<\/p>\n<p data-start=\"875\" data-end=\"896\"><strong data-start=\"879\" data-end=\"894\">Nettoyage :<\/strong><\/p>\n<ul>\n<li>Les outils peuvent \u00eatre nettoy\u00e9s \u00e0 l\u2019eau tant que la colle est encore humide (il est possible d\u2019ajouter un d\u00e9tergent synth\u00e9tique \u00e0 l\u2019eau).<\/li>\n<li>Pour enlever les taches de colle s\u00e9ch\u00e9es, faire tremper dans de l\u2019eau ti\u00e8de puis brosser.<\/li>\n<\/ul>\n<h4 data-start=\"427\" data-end=\"484\"><strong data-start=\"431\" data-end=\"482\">Comment utiliser la Colle pour Feutre Collall ?<\/strong><\/h4>\n<p class=\"\" data-start=\"486\" data-end=\"541\">Pour un r\u00e9sultat optimal, suivez ces \u00e9tapes simples :<\/p>\n<ol data-start=\"543\" data-end=\"780\">\n<li class=\"\" data-start=\"543\" data-end=\"617\">\n<p class=\"\" data-start=\"546\" data-end=\"617\">Appliquez une fine couche de colle sur les deux surfaces \u00e0 assembler.<\/p>\n<\/li>\n<li class=\"\" data-start=\"618\" data-end=\"691\">\n<p class=\"\" data-start=\"621\" data-end=\"691\">Laissez s\u00e9cher quelques secondes pour qu\u2019elle \u00e9paississe l\u00e9g\u00e8rement.<\/p>\n<\/li>\n<li class=\"\" data-start=\"692\" data-end=\"780\">\n<p class=\"\" data-start=\"695\" data-end=\"780\">Pressez fermement les mat\u00e9riaux l\u2019un contre l\u2019autre et laissez s\u00e9cher compl\u00e8tement.<\/p>\n<\/li>\n<\/ol>\n<h3 data-start=\"782\" data-end=\"839\"><strong data-start=\"786\" data-end=\"837\">Pourquoi choisir la Colle pour Feutre Collall ?<\/strong><\/h3>\n<p class=\"\" data-start=\"841\" data-end=\"1044\">Elle a \u00e9t\u00e9 sp\u00e9cialement con\u00e7ue pour coller solidement le feutre et d&rsquo;autres textiles. Son secret ? L&rsquo;<strong data-start=\"942\" data-end=\"974\">ac\u00e9tate de polyvinyle (PVAc)<\/strong>, un liant polyvalent qui garantit une adh\u00e9sion flexible et durable.<\/p>\n<h5 data-start=\"1046\" data-end=\"1102\"><strong data-start=\"1050\" data-end=\"1100\">Qu&rsquo;est-ce que l\u2019ac\u00e9tate de polyvinyle (PVAc) ?<\/strong><\/h5>\n<p class=\"\" data-start=\"1104\" data-end=\"1344\">Le PVAc est une r\u00e9sine synth\u00e9tique largement utilis\u00e9e dans les colles et les rev\u00eatements. Gr\u00e2ce \u00e0 son fort pouvoir adh\u00e9sif et \u00e0 ses propri\u00e9t\u00e9s \u00e9lastiques, il est id\u00e9al pour les mat\u00e9riaux difficiles \u00e0 coller, comme le textile et le feutre.<\/p>\n<h5 data-start=\"1346\" data-end=\"1404\"><strong>Pourquoi le PVAc est-il parfait pour le feutre ?<\/strong><\/h5>\n<p class=\"\" data-start=\"1406\" data-end=\"1790\"><strong data-start=\"1408\" data-end=\"1427\">Adh\u00e9rence forte<\/strong> \u2013 Assure une fixation solide du feutre et du textile sans risque de d\u00e9collement.<br data-start=\"1508\" data-end=\"1511\" \/><strong data-start=\"1513\" data-end=\"1536\">Flexible et durable<\/strong> \u2013 La colle reste souple et emp\u00eache le mat\u00e9riau de devenir dur ou cassant.<br data-start=\"1610\" data-end=\"1613\" \/><strong data-start=\"1615\" data-end=\"1633\">S\u00e9chage rapide<\/strong> \u2013 Permet de continuer rapidement votre projet cr\u00e9atif.<br data-start=\"1688\" data-end=\"1691\" \/><strong data-start=\"1693\" data-end=\"1720\">Transparence au s\u00e9chage<\/strong> \u2013 Ne laisse aucune trace visible pour une finition nette et propre.<\/p>\n<p class=\"\" data-start=\"1792\" data-end=\"2042\">Avec <strong data-start=\"1078\" data-end=\"1109\" data-is-only-node=\"\">Colle pour Feutrine Collall<\/strong>, \u00e0 base d\u2019ac\u00e9tate de polyvinyle, coller la feutrine et les tissus n&rsquo;a jamais \u00e9t\u00e9 aussi facile. Que vous cr\u00e9iez des d\u00e9corations, des accessoires ou d&rsquo;autres objets artisanaux, cette colle assure une finition forte et soign\u00e9e lorsqu&rsquo;elle est utilis\u00e9e correctement. Elle garantit que tout reste solidement en place, vous permettant de cr\u00e9er de magnifiques \u0153uvres sans souci. Pr\u00eat \u00e0 commencer avec la feutrine ? Essayez-la et d\u00e9couvrez \u00e0 quel point il est facile de coller la feutrine et d&rsquo;autres tissus ensemble !<\/p>\n<hr class=\"\" data-start=\"2287\" data-end=\"2290\" \/>\n<h3 class=\"\" data-start=\"2292\" data-end=\"2343\"><strong data-start=\"2296\" data-end=\"2341\">Id\u00e9es cr\u00e9atives \u00e0 r\u00e9aliser avec du feutre<\/strong><\/h3>\n<p class=\"\" data-start=\"2345\" data-end=\"2420\">D\u00e9couvrez quelques id\u00e9es amusantes et faciles \u00e0 r\u00e9aliser avec du feutre :<\/p>\n<h5 data-start=\"2422\" data-end=\"2463\"><strong data-start=\"2427\" data-end=\"2461\">1. Porte-cl\u00e9s en feutre color\u00e9<\/strong><\/h5>\n<p class=\"\" data-start=\"2464\" data-end=\"2689\">D\u00e9coupez des formes amusantes en feutre, comme des c\u0153urs, des \u00e9toiles ou des animaux. Collez deux couches de feutre ensemble avec la Colle pour Feutre Collall, ajoutez un peu de rembourrage et fixez un anneau de porte-cl\u00e9s.<\/p>\n<h5 data-start=\"2691\" data-end=\"2721\"><strong data-start=\"2696\" data-end=\"2719\">2. Fleurs en feutre<\/strong><\/h5>\n<p class=\"\" data-start=\"2722\" data-end=\"2892\">Cr\u00e9ez de jolies fleurs en d\u00e9coupant des p\u00e9tales en feutre et en les assemblant avec la colle. Utilisez-les pour d\u00e9corer une barrette, une broche ou un emballage cadeau.<\/p>\n<h5 data-start=\"2894\" data-end=\"2936\"><strong data-start=\"2899\" data-end=\"2934\">3. Mini porte-monnaie en feutre<\/strong><\/h5>\n<p class=\"\" data-start=\"2937\" data-end=\"3059\">D\u00e9coupez un rectangle de feutre et pliez-le en deux. Collez les c\u00f4t\u00e9s et ajoutez un bouton ou du velcro comme fermeture.<\/p>\n<h5 data-start=\"3061\" data-end=\"3097\"><strong data-start=\"3066\" data-end=\"3095\">4. Marque-pages en feutre<\/strong><\/h5>\n<p class=\"\" data-start=\"3098\" data-end=\"3249\">Cr\u00e9ez des marque-pages en forme d\u2019animaux, de fleurs ou de c\u0153urs. D\u00e9coupez-les, ins\u00e9rez un ruban entre deux couches de feutre et collez-les ensemble.<\/p>\n<h5 data-start=\"3251\" data-end=\"3286\"><strong data-start=\"3256\" data-end=\"3284\">5. D\u00e9corations de saison<\/strong><\/h5>\n<p class=\"\" data-start=\"3287\" data-end=\"3448\">D\u00e9coupez des \u00e9toiles de No\u00ebl, des lapins de P\u00e2ques ou des feuilles d\u2019automne en feutre et collez-les sur une ficelle pour cr\u00e9er une jolie guirlande d\u00e9corative.<\/p>\n<p class=\"\" data-start=\"3450\" data-end=\"3580\">Gr\u00e2ce \u00e0 la Colle pour Feutre Collall, ces cr\u00e9ations sont simples et durables ! <strong data-start=\"3529\" data-end=\"3573\">Laquelle allez-vous essayer en premier ?<\/strong><\/p>\n","protected":false},"excerpt":{"rendered":"<p>Une colle blanche, sans solvant particuli\u00e8rement adapt\u00e9e pour coller le feutrine avec les feutrines<\/p>\n","protected":false},"featured_media":28057,"comment_status":"open","ping_status":"closed","template":"","meta":{"_acf_changed":false},"product_brand":[],"product_cat":[174],"product_tag":[],"class_list":{"0":"post-10008","1":"product","2":"type-product","3":"status-publish","4":"has-post-thumbnail","6":"product_cat-colle-et-vernis-colle","8":"first","9":"instock","10":"shipping-taxable","11":"purchasable","12":"product-type-variable"},"acf":[],"yoast_head":"<!-- This site is optimized with the Yoast SEO plugin v27.2 - https:\/\/yoast.com\/product\/yoast-seo-wordpress\/ -->\n<title>Collall Colle Feutrine - Collall<\/title>\n<meta name=\"robots\" content=\"index, follow, max-snippet:-1, max-image-preview:large, max-video-preview:-1\" \/>\n<link rel=\"canonical\" href=\"https:\/\/collall.nl\/fr\/product\/collall-colle-feutrine\/\" \/>\n<meta property=\"og:locale\" content=\"fr_FR\" \/>\n<meta property=\"og:type\" content=\"article\" \/>\n<meta property=\"og:title\" content=\"Collall Colle Feutrine - Collall\" \/>\n<meta property=\"og:description\" content=\"Une colle blanche, sans solvant particuli\u00e8rement adapt\u00e9e pour coller le feutrine avec les feutrines\" \/>\n<meta property=\"og:url\" content=\"https:\/\/collall.nl\/fr\/product\/collall-colle-feutrine\/\" \/>\n<meta property=\"og:site_name\" content=\"Collall\" \/>\n<meta property=\"article:publisher\" content=\"https:\/\/www.facebook.com\/people\/Collall\/100064976852539\/\" \/>\n<meta property=\"article:modified_time\" content=\"2025-10-07T06:55:28+00:00\" \/>\n<meta property=\"og:image\" content=\"https:\/\/collall.nl\/wp-content\/uploads\/2022\/03\/COLCF0100-Collall-Felt-Glue-2.jpg\" \/>\n\t<meta property=\"og:image:width\" content=\"1000\" \/>\n\t<meta property=\"og:image:height\" content=\"1000\" \/>\n\t<meta property=\"og:image:type\" content=\"image\/jpeg\" \/>\n<meta name=\"twitter:card\" content=\"summary_large_image\" \/>\n<meta name=\"twitter:label1\" content=\"Dur\u00e9e de lecture estim\u00e9e\" \/>\n\t<meta name=\"twitter:data1\" content=\"4 minutes\" \/>\n<script type=\"application\/ld+json\" class=\"yoast-schema-graph\">{\"@context\":\"https:\/\/schema.org\",\"@graph\":[{\"@type\":\"WebPage\",\"@id\":\"https:\/\/collall.nl\/fr\/product\/collall-colle-feutrine\/\",\"url\":\"https:\/\/collall.nl\/fr\/product\/collall-colle-feutrine\/\",\"name\":\"Collall Colle Feutrine - Collall\",\"isPartOf\":{\"@id\":\"https:\/\/collall.nl\/#website\"},\"primaryImageOfPage\":{\"@id\":\"https:\/\/collall.nl\/fr\/product\/collall-colle-feutrine\/#primaryimage\"},\"image\":{\"@id\":\"https:\/\/collall.nl\/fr\/product\/collall-colle-feutrine\/#primaryimage\"},\"thumbnailUrl\":\"https:\/\/collall.nl\/wp-content\/uploads\/2022\/03\/COLCF0100-Collall-Felt-Glue-2.jpg\",\"datePublished\":\"2022-03-01T09:16:00+00:00\",\"dateModified\":\"2025-10-07T06:55:28+00:00\",\"breadcrumb\":{\"@id\":\"https:\/\/collall.nl\/fr\/product\/collall-colle-feutrine\/#breadcrumb\"},\"inLanguage\":\"fr-FR\",\"potentialAction\":[{\"@type\":\"ReadAction\",\"target\":[\"https:\/\/collall.nl\/fr\/product\/collall-colle-feutrine\/\"]}]},{\"@type\":\"ImageObject\",\"inLanguage\":\"fr-FR\",\"@id\":\"https:\/\/collall.nl\/fr\/product\/collall-colle-feutrine\/#primaryimage\",\"url\":\"https:\/\/collall.nl\/wp-content\/uploads\/2022\/03\/COLCF0100-Collall-Felt-Glue-2.jpg\",\"contentUrl\":\"https:\/\/collall.nl\/wp-content\/uploads\/2022\/03\/COLCF0100-Collall-Felt-Glue-2.jpg\",\"width\":1000,\"height\":1000},{\"@type\":\"BreadcrumbList\",\"@id\":\"https:\/\/collall.nl\/fr\/product\/collall-colle-feutrine\/#breadcrumb\",\"itemListElement\":[{\"@type\":\"ListItem\",\"position\":1,\"name\":\"Home\",\"item\":\"https:\/\/collall.nl\/fr\/\"},{\"@type\":\"ListItem\",\"position\":2,\"name\":\"Produits\",\"item\":\"https:\/\/collall.nl\/fr\/produits\/\"},{\"@type\":\"ListItem\",\"position\":3,\"name\":\"Collall Colle Feutrine\"}]},{\"@type\":\"WebSite\",\"@id\":\"https:\/\/collall.nl\/#website\",\"url\":\"https:\/\/collall.nl\/\",\"name\":\"Collall\",\"description\":\"Adhesives &amp; Paints since 1949\",\"publisher\":{\"@id\":\"https:\/\/collall.nl\/#organization\"},\"potentialAction\":[{\"@type\":\"SearchAction\",\"target\":{\"@type\":\"EntryPoint\",\"urlTemplate\":\"https:\/\/collall.nl\/?s={search_term_string}\"},\"query-input\":{\"@type\":\"PropertyValueSpecification\",\"valueRequired\":true,\"valueName\":\"search_term_string\"}}],\"inLanguage\":\"fr-FR\"},{\"@type\":\"Organization\",\"@id\":\"https:\/\/collall.nl\/#organization\",\"name\":\"Collall B.V.\",\"url\":\"https:\/\/collall.nl\/\",\"logo\":{\"@type\":\"ImageObject\",\"inLanguage\":\"fr-FR\",\"@id\":\"https:\/\/collall.nl\/#\/schema\/logo\/image\/\",\"url\":\"https:\/\/collall.nl\/wp-content\/uploads\/2022\/08\/Collall-logo-186C_Reflex-blue.jpg\",\"contentUrl\":\"https:\/\/collall.nl\/wp-content\/uploads\/2022\/08\/Collall-logo-186C_Reflex-blue.jpg\",\"width\":1963,\"height\":1179,\"caption\":\"Collall B.V.\"},\"image\":{\"@id\":\"https:\/\/collall.nl\/#\/schema\/logo\/image\/\"},\"sameAs\":[\"https:\/\/www.facebook.com\/people\/Collall\/100064976852539\/\",\"https:\/\/www.instagram.com\/collall_1949\/\",\"https:\/\/nl.pinterest.com\/CollallBV\/\",\"https:\/\/www.youtube.com\/channel\/UCrCGuwth_udZhTqJSh5g9zg\"]}]}<\/script>\n<!-- \/ Yoast SEO plugin. -->","yoast_head_json":{"title":"Collall Colle Feutrine - Collall","robots":{"index":"index","follow":"follow","max-snippet":"max-snippet:-1","max-image-preview":"max-image-preview:large","max-video-preview":"max-video-preview:-1"},"canonical":"https:\/\/collall.nl\/fr\/product\/collall-colle-feutrine\/","og_locale":"fr_FR","og_type":"article","og_title":"Collall Colle Feutrine - Collall","og_description":"Une colle blanche, sans solvant particuli\u00e8rement adapt\u00e9e pour coller le feutrine avec les feutrines","og_url":"https:\/\/collall.nl\/fr\/product\/collall-colle-feutrine\/","og_site_name":"Collall","article_publisher":"https:\/\/www.facebook.com\/people\/Collall\/100064976852539\/","article_modified_time":"2025-10-07T06:55:28+00:00","og_image":[{"width":1000,"height":1000,"url":"https:\/\/collall.nl\/wp-content\/uploads\/2022\/03\/COLCF0100-Collall-Felt-Glue-2.jpg","type":"image\/jpeg"}],"twitter_card":"summary_large_image","twitter_misc":{"Dur\u00e9e de lecture estim\u00e9e":"4 minutes"},"schema":{"@context":"https:\/\/schema.org","@graph":[{"@type":"WebPage","@id":"https:\/\/collall.nl\/fr\/product\/collall-colle-feutrine\/","url":"https:\/\/collall.nl\/fr\/product\/collall-colle-feutrine\/","name":"Collall Colle Feutrine - Collall","isPartOf":{"@id":"https:\/\/collall.nl\/#website"},"primaryImageOfPage":{"@id":"https:\/\/collall.nl\/fr\/product\/collall-colle-feutrine\/#primaryimage"},"image":{"@id":"https:\/\/collall.nl\/fr\/product\/collall-colle-feutrine\/#primaryimage"},"thumbnailUrl":"https:\/\/collall.nl\/wp-content\/uploads\/2022\/03\/COLCF0100-Collall-Felt-Glue-2.jpg","datePublished":"2022-03-01T09:16:00+00:00","dateModified":"2025-10-07T06:55:28+00:00","breadcrumb":{"@id":"https:\/\/collall.nl\/fr\/product\/collall-colle-feutrine\/#breadcrumb"},"inLanguage":"fr-FR","potentialAction":[{"@type":"ReadAction","target":["https:\/\/collall.nl\/fr\/product\/collall-colle-feutrine\/"]}]},{"@type":"ImageObject","inLanguage":"fr-FR","@id":"https:\/\/collall.nl\/fr\/product\/collall-colle-feutrine\/#primaryimage","url":"https:\/\/collall.nl\/wp-content\/uploads\/2022\/03\/COLCF0100-Collall-Felt-Glue-2.jpg","contentUrl":"https:\/\/collall.nl\/wp-content\/uploads\/2022\/03\/COLCF0100-Collall-Felt-Glue-2.jpg","width":1000,"height":1000},{"@type":"BreadcrumbList","@id":"https:\/\/collall.nl\/fr\/product\/collall-colle-feutrine\/#breadcrumb","itemListElement":[{"@type":"ListItem","position":1,"name":"Home","item":"https:\/\/collall.nl\/fr\/"},{"@type":"ListItem","position":2,"name":"Produits","item":"https:\/\/collall.nl\/fr\/produits\/"},{"@type":"ListItem","position":3,"name":"Collall Colle Feutrine"}]},{"@type":"WebSite","@id":"https:\/\/collall.nl\/#website","url":"https:\/\/collall.nl\/","name":"Collall","description":"Adhesives &amp; Paints since 1949","publisher":{"@id":"https:\/\/collall.nl\/#organization"},"potentialAction":[{"@type":"SearchAction","target":{"@type":"EntryPoint","urlTemplate":"https:\/\/collall.nl\/?s={search_term_string}"},"query-input":{"@type":"PropertyValueSpecification","valueRequired":true,"valueName":"search_term_string"}}],"inLanguage":"fr-FR"},{"@type":"Organization","@id":"https:\/\/collall.nl\/#organization","name":"Collall B.V.","url":"https:\/\/collall.nl\/","logo":{"@type":"ImageObject","inLanguage":"fr-FR","@id":"https:\/\/collall.nl\/#\/schema\/logo\/image\/","url":"https:\/\/collall.nl\/wp-content\/uploads\/2022\/08\/Collall-logo-186C_Reflex-blue.jpg","contentUrl":"https:\/\/collall.nl\/wp-content\/uploads\/2022\/08\/Collall-logo-186C_Reflex-blue.jpg","width":1963,"height":1179,"caption":"Collall B.V."},"image":{"@id":"https:\/\/collall.nl\/#\/schema\/logo\/image\/"},"sameAs":["https:\/\/www.facebook.com\/people\/Collall\/100064976852539\/","https:\/\/www.instagram.com\/collall_1949\/","https:\/\/nl.pinterest.com\/CollallBV\/","https:\/\/www.youtube.com\/channel\/UCrCGuwth_udZhTqJSh5g9zg"]}]}},"_links":{"self":[{"href":"https:\/\/collall.nl\/fr\/wp-json\/wp\/v2\/product\/10008","targetHints":{"allow":["GET"]}}],"collection":[{"href":"https:\/\/collall.nl\/fr\/wp-json\/wp\/v2\/product"}],"about":[{"href":"https:\/\/collall.nl\/fr\/wp-json\/wp\/v2\/types\/product"}],"replies":[{"embeddable":true,"href":"https:\/\/collall.nl\/fr\/wp-json\/wp\/v2\/comments?post=10008"}],"wp:featuredmedia":[{"embeddable":true,"href":"https:\/\/collall.nl\/fr\/wp-json\/wp\/v2\/media\/28057"}],"wp:attachment":[{"href":"https:\/\/collall.nl\/fr\/wp-json\/wp\/v2\/media?parent=10008"}],"wp:term":[{"taxonomy":"product_brand","embeddable":true,"href":"https:\/\/collall.nl\/fr\/wp-json\/wp\/v2\/product_brand?post=10008"},{"taxonomy":"product_cat","embeddable":true,"href":"https:\/\/collall.nl\/fr\/wp-json\/wp\/v2\/product_cat?post=10008"},{"taxonomy":"product_tag","embeddable":true,"href":"https:\/\/collall.nl\/fr\/wp-json\/wp\/v2\/product_tag?post=10008"}],"curies":[{"name":"wp","href":"https:\/\/api.w.org\/{rel}","templated":true}]}}