{"id":9981,"date":"2022-03-01T09:15:53","date_gmt":"2022-03-01T09:15:53","guid":{"rendered":"http:\/\/collall.test\/product\/collall-foamkleber\/"},"modified":"2025-05-08T10:24:32","modified_gmt":"2025-05-08T08:24:32","slug":"collall-foamkleber","status":"publish","type":"product","link":"https:\/\/collall.nl\/de\/product\/collall-foamkleber\/","title":{"rendered":"Collall Foamkleber"},"content":{"rendered":"<p class=\"\" data-start=\"0\" data-end=\"82\"><strong data-start=\"0\" data-end=\"14\">Anwendung:<\/strong><\/p>\n<p class=\"\" data-start=\"107\" data-end=\"188\"><span class=\"relative -mx-px my-[-0.2rem] rounded px-px py-[0.2rem] transition-colors duration-100 ease-in-out\">Collall Foamlijm ist der ideale Kleber f\u00fcr all deine kreativen Bastel- und Hobbyprojekte. Es handelt sich um einen leistungsstarken Kleber, der speziell f\u00fcr das Verkleben von Schaumstoff entwickelt wurde. Unter den vielen Schaumstoffarten ist EVA-Schaumstoff aufgrund seiner Flexibilit\u00e4t, Haltbarkeit, Vielseitigkeit und einfachen Bearbeitbarkeit am besten f\u00fcr Bastelprojekte geeignet.<\/span>\u200b<\/p>\n<p class=\"\" data-start=\"190\" data-end=\"271\"><span class=\"relative -mx-px my-[-0.2rem] rounded px-px py-[0.2rem] transition-colors duration-100 ease-in-out\">Collall Foamlijm ist perfekt f\u00fcr EVA-Schaumstoff und bietet eine starke Haftung, w\u00e4hrend der Schaumstoff auch nach dem Verkleben flexibel bleibt. Dadurch ist er die ideale Wahl f\u00fcr die Herstellung von Schaumstofffiguren, Dekorationen und anderen kreativen Projekten, die sowohl Festigkeit als auch Flexibilit\u00e4t erfordern.<\/span><\/p>\n<p class=\"\" data-start=\"84\" data-end=\"99\"><strong data-start=\"84\" data-end=\"97\">Eigenschaften:<\/strong><\/p>\n<ul>\n<li data-start=\"102\" data-end=\"132\">Dickfl\u00fcssiger, wei\u00dfer Kleber<\/li>\n<li data-start=\"135\" data-end=\"145\">Flexibel<\/li>\n<li data-start=\"148\" data-end=\"165\">Wasserabweisend<\/li>\n<li data-start=\"168\" data-end=\"194\">Trocknet transparent auf<\/li>\n<\/ul>\n<p class=\"\" data-start=\"197\" data-end=\"220\"><strong>L\u00f6sungsmittel:<\/strong> Wasser<\/p>\n<p class=\"\" data-start=\"222\" data-end=\"261\"><strong data-start=\"222\" data-end=\"243\">Hauptinhaltsstoff:<\/strong> Polyvinylacetat. PVAc<\/p>\n<p class=\"\" data-start=\"263\" data-end=\"299\"><strong data-start=\"263\" data-end=\"292\">Nat\u00fcrliche Inhaltsstoffe:<\/strong> 40 %<\/p>\n<p class=\"\" data-start=\"301\" data-end=\"331\"><strong data-start=\"301\" data-end=\"316\">Viskosit\u00e4t:<\/strong> 12.000 mPa.s<\/p>\n<p class=\"\" data-start=\"333\" data-end=\"349\"><strong data-start=\"333\" data-end=\"345\">pH:<\/strong> 6<\/p>\n<p class=\"\" data-start=\"351\" data-end=\"376\"><strong data-start=\"351\" data-end=\"362\">Dichte:<\/strong> 1,10 kg\/dm\u00b3<\/p>\n<p class=\"\" data-start=\"378\" data-end=\"389\"><strong data-start=\"378\" data-end=\"385\">CE:<\/strong> \u2013<\/p>\n<p class=\"\" data-start=\"391\" data-end=\"522\"><strong data-start=\"391\" data-end=\"414\">Klebstoffverbrauch:<\/strong> Abh\u00e4ngig von der Saugf\u00e4higkeit der zu verklebenden Materialien ca. 100 \u2013 150 g\/m\u00b2, einseitig aufgetragen.<\/p>\n<p class=\"\" data-start=\"524\" data-end=\"543\"><strong data-start=\"524\" data-end=\"541\">Verarbeitung:<\/strong><\/p>\n<ul>\n<li data-start=\"546\" data-end=\"629\">Die zu verklebenden Materialien m\u00fcssen trocken sowie staub- und schmutzfrei sein.<\/li>\n<li data-start=\"632\" data-end=\"696\">Eine d\u00fcnne Kleberschicht auftragen, einseitig oder beidseitig.<\/li>\n<li data-start=\"699\" data-end=\"758\">Einfach mit einem Pinsel oder einer Spachtel aufzutragen.<\/li>\n<li data-start=\"761\" data-end=\"857\">Kurz trocknen lassen (trocknet schnell) und dann die beiden Klebefl\u00e4chen fest zusammendr\u00fccken.<\/li>\n<\/ul>\n<p class=\"\" data-start=\"859\" data-end=\"969\"><strong data-start=\"859\" data-end=\"873\">Allergene:<\/strong> Enth\u00e4lt CMIT\/MIT und 1,2-Benzisothiazol-3(2H)-on. Kann allergische Reaktionen hervorrufen.<\/p>\n<p class=\"\" data-start=\"971\" data-end=\"1009\"><strong data-start=\"971\" data-end=\"1007\">Geeignet f\u00fcr: <\/strong>Kinder ab 6 Jahren.<\/p>\n<p class=\"\" data-start=\"1011\" data-end=\"1027\"><strong data-start=\"1011\" data-end=\"1025\">Flecken:<\/strong><\/p>\n<ul>\n<li data-start=\"1030\" data-end=\"1185\">Solange der Kleber noch feucht ist, k\u00f6nnen Werkzeuge mit Wasser gereinigt werden (bei Bedarf kann ein synthetisches Reinigungsmittel hinzugef\u00fcgt werden).<\/li>\n<li data-start=\"1188\" data-end=\"1303\">Getrocknete Kleber\u00fcckst\u00e4nde sollten in warmem Wasser eingeweicht und anschlie\u00dfend mit einer B\u00fcrste entfernt werden.<\/li>\n<\/ul>\n<h4 data-start=\"273\" data-end=\"304\"><strong data-start=\"273\" data-end=\"304\">EVA-Schaumstoff (EVA Foam)<\/strong><\/h4>\n<p class=\"\" data-start=\"306\" data-end=\"387\"><span class=\"relative -mx-px my-[-0.2rem] rounded px-px py-[0.2rem] transition-colors duration-100 ease-in-out\">EVA (Ethylen-Vinylacetat) Schaumstoff ist eine der am h\u00e4ufigsten verwendeten Schaumstoffarten f\u00fcr Bastel- und Hobbyzwecke. Er ist leicht, flexibel und in verschiedenen Farben erh\u00e4ltlich.<\/span>\u200b<\/p>\n<p class=\"\" data-start=\"389\" data-end=\"470\"><span class=\"relative -mx-px my-[-0.2rem] rounded px-px py-[0.2rem] transition-colors duration-100 ease-in-out\">Er ist in verschiedenen St\u00e4rken erh\u00e4ltlich, von d\u00fcnnen Bl\u00e4ttern von 1-2 mm bis zu dickeren Platten von 3-10 mm. Je dicker der Schaumstoff, desto mehr Festigkeit und Formbarkeit besitzt er. EVA-Schaumstoff kann in der Qualit\u00e4t variieren. Hochwertiger EVA-Schaumstoff ist in der Regel weicher und hat eine bessere Elastizit\u00e4t, w\u00e4hrend g\u00fcnstigere Varianten h\u00e4rter und weniger flexibel sein k\u00f6nnen. Es ist wichtig, auf die Dichte des Schaumstoffs zu achten; je h\u00f6her die Dichte, desto fester ist das Material.<\/span>\u200b<\/p>\n<p class=\"\" data-start=\"472\" data-end=\"487\"><strong data-start=\"472\" data-end=\"487\">Verwendung:<\/strong><\/p>\n<p class=\"\" data-start=\"489\" data-end=\"574\"><span class=\"relative -mx-px my-[-0.2rem] rounded px-px py-[0.2rem] transition-colors duration-100 ease-in-out\">EVA-Schaumstoff wird h\u00e4ufig f\u00fcr die Herstellung von Schaumstofffiguren, Dekorationen, H\u00fcten, Kost\u00fcmen und f\u00fcr Kinder zum Basteln verwendet. Er l\u00e4sst sich leicht schneiden, stanzen und bemalen. Ideal f\u00fcr Bastelprojekte zu Hause und in der Schule! Im Internet gibt es zahlreiche Anbieter, bei denen EVA-Schaumstoff erh\u00e4ltlich ist.<\/span><\/p>\n<p class=\"\" data-start=\"709\" data-end=\"763\"><strong data-start=\"709\" data-end=\"761\">Weitere Collall PVAc-Klebstoffe auf Wasserbasis:<\/strong><\/p>\n<ul>\n<li data-start=\"791\" data-end=\"809\">Collall Holzleim<\/li>\n<li data-start=\"812\" data-end=\"834\">Collall Bastelkleber<\/li>\n<li data-start=\"837\" data-end=\"859\">Collall Mosaikkleber<\/li>\n<li data-start=\"862\" data-end=\"887\">Collall Quilling-Kleber<\/li>\n<li data-start=\"890\" data-end=\"910\">Collall Tacky Glue<\/li>\n<li data-start=\"913\" data-end=\"935\">Collall Textilkleber<\/li>\n<li data-start=\"938\" data-end=\"956\">Collall Filzkleber<\/li>\n<\/ul>\n","protected":false},"excerpt":{"rendered":"<p><span class=\"relative -mx-px my-[-0.2rem] rounded px-px py-[0.2rem] transition-colors duration-100 ease-in-out\">Der ideale Kleber f\u00fcr all deine kreativen Bastel- und Hobbyprojekte. Es handelt sich um einen leistungsstarken Kleber, der speziell f\u00fcr das Verkleben von EVA Schaumstoff entwickelt wurde.<\/span><\/p>\n","protected":false},"featured_media":19946,"comment_status":"open","ping_status":"closed","template":"","meta":{"_acf_changed":false},"product_brand":[],"product_cat":[176],"product_tag":[3200],"class_list":{"0":"post-9981","1":"product","2":"type-product","3":"status-publish","4":"has-post-thumbnail","6":"product_cat-kleber-und-lackleim","7":"product_tag-pvac-de","9":"first","10":"instock","11":"shipping-taxable","12":"purchasable","13":"product-type-variable"},"acf":[],"yoast_head":"<!-- This site is optimized with the Yoast SEO plugin v27.2 - https:\/\/yoast.com\/product\/yoast-seo-wordpress\/ -->\n<title>Collall Foamkleber - Collall<\/title>\n<meta name=\"description\" content=\"Der ideale Kleber f\u00fcr all deine kreativen Bastel- und Hobbyprojekte. Speziell f\u00fcr das Verkleben von EVA Schaumstoff entwickelt.\" \/>\n<meta name=\"robots\" content=\"index, follow, max-snippet:-1, max-image-preview:large, max-video-preview:-1\" \/>\n<link rel=\"canonical\" href=\"https:\/\/collall.nl\/de\/product\/collall-foamkleber\/\" \/>\n<meta property=\"og:locale\" content=\"de_DE\" \/>\n<meta property=\"og:type\" content=\"article\" \/>\n<meta property=\"og:title\" content=\"Collall Foamkleber - Collall\" \/>\n<meta property=\"og:description\" content=\"Der ideale Kleber f\u00fcr all deine kreativen Bastel- und Hobbyprojekte. Speziell f\u00fcr das Verkleben von EVA Schaumstoff entwickelt.\" \/>\n<meta property=\"og:url\" content=\"https:\/\/collall.nl\/de\/product\/collall-foamkleber\/\" \/>\n<meta property=\"og:site_name\" content=\"Collall\" \/>\n<meta property=\"article:publisher\" content=\"https:\/\/www.facebook.com\/people\/Collall\/100064976852539\/\" \/>\n<meta property=\"article:modified_time\" content=\"2025-05-08T08:24:32+00:00\" \/>\n<meta property=\"og:image\" content=\"https:\/\/collall.nl\/wp-content\/uploads\/2022\/03\/COLEF0100.jpg\" \/>\n\t<meta property=\"og:image:width\" content=\"800\" \/>\n\t<meta property=\"og:image:height\" content=\"800\" \/>\n\t<meta property=\"og:image:type\" content=\"image\/jpeg\" \/>\n<meta name=\"twitter:card\" content=\"summary_large_image\" \/>\n<meta name=\"twitter:label1\" content=\"Gesch\u00e4tzte Lesezeit\" \/>\n\t<meta name=\"twitter:data1\" content=\"3\u00a0Minuten\" \/>\n<script type=\"application\/ld+json\" class=\"yoast-schema-graph\">{\"@context\":\"https:\/\/schema.org\",\"@graph\":[{\"@type\":\"WebPage\",\"@id\":\"https:\/\/collall.nl\/de\/product\/collall-foamkleber\/\",\"url\":\"https:\/\/collall.nl\/de\/product\/collall-foamkleber\/\",\"name\":\"Collall Foamkleber - Collall\",\"isPartOf\":{\"@id\":\"https:\/\/collall.nl\/#website\"},\"primaryImageOfPage\":{\"@id\":\"https:\/\/collall.nl\/de\/product\/collall-foamkleber\/#primaryimage\"},\"image\":{\"@id\":\"https:\/\/collall.nl\/de\/product\/collall-foamkleber\/#primaryimage\"},\"thumbnailUrl\":\"https:\/\/collall.nl\/wp-content\/uploads\/2022\/03\/COLEF0100.jpg\",\"datePublished\":\"2022-03-01T09:15:53+00:00\",\"dateModified\":\"2025-05-08T08:24:32+00:00\",\"description\":\"Der ideale Kleber f\u00fcr all deine kreativen Bastel- und Hobbyprojekte. Speziell f\u00fcr das Verkleben von EVA Schaumstoff entwickelt.\",\"breadcrumb\":{\"@id\":\"https:\/\/collall.nl\/de\/product\/collall-foamkleber\/#breadcrumb\"},\"inLanguage\":\"de\",\"potentialAction\":[{\"@type\":\"ReadAction\",\"target\":[\"https:\/\/collall.nl\/de\/product\/collall-foamkleber\/\"]}]},{\"@type\":\"ImageObject\",\"inLanguage\":\"de\",\"@id\":\"https:\/\/collall.nl\/de\/product\/collall-foamkleber\/#primaryimage\",\"url\":\"https:\/\/collall.nl\/wp-content\/uploads\/2022\/03\/COLEF0100.jpg\",\"contentUrl\":\"https:\/\/collall.nl\/wp-content\/uploads\/2022\/03\/COLEF0100.jpg\",\"width\":800,\"height\":800},{\"@type\":\"BreadcrumbList\",\"@id\":\"https:\/\/collall.nl\/de\/product\/collall-foamkleber\/#breadcrumb\",\"itemListElement\":[{\"@type\":\"ListItem\",\"position\":1,\"name\":\"Home\",\"item\":\"https:\/\/collall.nl\/de\/hauptseite\/\"},{\"@type\":\"ListItem\",\"position\":2,\"name\":\"Produkte\",\"item\":\"https:\/\/collall.nl\/de\/produkte\/\"},{\"@type\":\"ListItem\",\"position\":3,\"name\":\"Collall Foamkleber\"}]},{\"@type\":\"WebSite\",\"@id\":\"https:\/\/collall.nl\/#website\",\"url\":\"https:\/\/collall.nl\/\",\"name\":\"Collall\",\"description\":\"Adhesives &amp; Paints since 1949\",\"publisher\":{\"@id\":\"https:\/\/collall.nl\/#organization\"},\"potentialAction\":[{\"@type\":\"SearchAction\",\"target\":{\"@type\":\"EntryPoint\",\"urlTemplate\":\"https:\/\/collall.nl\/?s={search_term_string}\"},\"query-input\":{\"@type\":\"PropertyValueSpecification\",\"valueRequired\":true,\"valueName\":\"search_term_string\"}}],\"inLanguage\":\"de\"},{\"@type\":\"Organization\",\"@id\":\"https:\/\/collall.nl\/#organization\",\"name\":\"Collall B.V.\",\"url\":\"https:\/\/collall.nl\/\",\"logo\":{\"@type\":\"ImageObject\",\"inLanguage\":\"de\",\"@id\":\"https:\/\/collall.nl\/#\/schema\/logo\/image\/\",\"url\":\"https:\/\/collall.nl\/wp-content\/uploads\/2022\/08\/Collall-logo-186C_Reflex-blue.jpg\",\"contentUrl\":\"https:\/\/collall.nl\/wp-content\/uploads\/2022\/08\/Collall-logo-186C_Reflex-blue.jpg\",\"width\":1963,\"height\":1179,\"caption\":\"Collall B.V.\"},\"image\":{\"@id\":\"https:\/\/collall.nl\/#\/schema\/logo\/image\/\"},\"sameAs\":[\"https:\/\/www.facebook.com\/people\/Collall\/100064976852539\/\",\"https:\/\/www.instagram.com\/collall_1949\/\",\"https:\/\/nl.pinterest.com\/CollallBV\/\",\"https:\/\/www.youtube.com\/channel\/UCrCGuwth_udZhTqJSh5g9zg\"]}]}<\/script>\n<!-- \/ Yoast SEO plugin. -->","yoast_head_json":{"title":"Collall Foamkleber - Collall","description":"Der ideale Kleber f\u00fcr all deine kreativen Bastel- und Hobbyprojekte. Speziell f\u00fcr das Verkleben von EVA Schaumstoff entwickelt.","robots":{"index":"index","follow":"follow","max-snippet":"max-snippet:-1","max-image-preview":"max-image-preview:large","max-video-preview":"max-video-preview:-1"},"canonical":"https:\/\/collall.nl\/de\/product\/collall-foamkleber\/","og_locale":"de_DE","og_type":"article","og_title":"Collall Foamkleber - Collall","og_description":"Der ideale Kleber f\u00fcr all deine kreativen Bastel- und Hobbyprojekte. Speziell f\u00fcr das Verkleben von EVA Schaumstoff entwickelt.","og_url":"https:\/\/collall.nl\/de\/product\/collall-foamkleber\/","og_site_name":"Collall","article_publisher":"https:\/\/www.facebook.com\/people\/Collall\/100064976852539\/","article_modified_time":"2025-05-08T08:24:32+00:00","og_image":[{"width":800,"height":800,"url":"https:\/\/collall.nl\/wp-content\/uploads\/2022\/03\/COLEF0100.jpg","type":"image\/jpeg"}],"twitter_card":"summary_large_image","twitter_misc":{"Gesch\u00e4tzte Lesezeit":"3\u00a0Minuten"},"schema":{"@context":"https:\/\/schema.org","@graph":[{"@type":"WebPage","@id":"https:\/\/collall.nl\/de\/product\/collall-foamkleber\/","url":"https:\/\/collall.nl\/de\/product\/collall-foamkleber\/","name":"Collall Foamkleber - Collall","isPartOf":{"@id":"https:\/\/collall.nl\/#website"},"primaryImageOfPage":{"@id":"https:\/\/collall.nl\/de\/product\/collall-foamkleber\/#primaryimage"},"image":{"@id":"https:\/\/collall.nl\/de\/product\/collall-foamkleber\/#primaryimage"},"thumbnailUrl":"https:\/\/collall.nl\/wp-content\/uploads\/2022\/03\/COLEF0100.jpg","datePublished":"2022-03-01T09:15:53+00:00","dateModified":"2025-05-08T08:24:32+00:00","description":"Der ideale Kleber f\u00fcr all deine kreativen Bastel- und Hobbyprojekte. Speziell f\u00fcr das Verkleben von EVA Schaumstoff entwickelt.","breadcrumb":{"@id":"https:\/\/collall.nl\/de\/product\/collall-foamkleber\/#breadcrumb"},"inLanguage":"de","potentialAction":[{"@type":"ReadAction","target":["https:\/\/collall.nl\/de\/product\/collall-foamkleber\/"]}]},{"@type":"ImageObject","inLanguage":"de","@id":"https:\/\/collall.nl\/de\/product\/collall-foamkleber\/#primaryimage","url":"https:\/\/collall.nl\/wp-content\/uploads\/2022\/03\/COLEF0100.jpg","contentUrl":"https:\/\/collall.nl\/wp-content\/uploads\/2022\/03\/COLEF0100.jpg","width":800,"height":800},{"@type":"BreadcrumbList","@id":"https:\/\/collall.nl\/de\/product\/collall-foamkleber\/#breadcrumb","itemListElement":[{"@type":"ListItem","position":1,"name":"Home","item":"https:\/\/collall.nl\/de\/hauptseite\/"},{"@type":"ListItem","position":2,"name":"Produkte","item":"https:\/\/collall.nl\/de\/produkte\/"},{"@type":"ListItem","position":3,"name":"Collall Foamkleber"}]},{"@type":"WebSite","@id":"https:\/\/collall.nl\/#website","url":"https:\/\/collall.nl\/","name":"Collall","description":"Adhesives &amp; Paints since 1949","publisher":{"@id":"https:\/\/collall.nl\/#organization"},"potentialAction":[{"@type":"SearchAction","target":{"@type":"EntryPoint","urlTemplate":"https:\/\/collall.nl\/?s={search_term_string}"},"query-input":{"@type":"PropertyValueSpecification","valueRequired":true,"valueName":"search_term_string"}}],"inLanguage":"de"},{"@type":"Organization","@id":"https:\/\/collall.nl\/#organization","name":"Collall B.V.","url":"https:\/\/collall.nl\/","logo":{"@type":"ImageObject","inLanguage":"de","@id":"https:\/\/collall.nl\/#\/schema\/logo\/image\/","url":"https:\/\/collall.nl\/wp-content\/uploads\/2022\/08\/Collall-logo-186C_Reflex-blue.jpg","contentUrl":"https:\/\/collall.nl\/wp-content\/uploads\/2022\/08\/Collall-logo-186C_Reflex-blue.jpg","width":1963,"height":1179,"caption":"Collall B.V."},"image":{"@id":"https:\/\/collall.nl\/#\/schema\/logo\/image\/"},"sameAs":["https:\/\/www.facebook.com\/people\/Collall\/100064976852539\/","https:\/\/www.instagram.com\/collall_1949\/","https:\/\/nl.pinterest.com\/CollallBV\/","https:\/\/www.youtube.com\/channel\/UCrCGuwth_udZhTqJSh5g9zg"]}]}},"_links":{"self":[{"href":"https:\/\/collall.nl\/de\/wp-json\/wp\/v2\/product\/9981","targetHints":{"allow":["GET"]}}],"collection":[{"href":"https:\/\/collall.nl\/de\/wp-json\/wp\/v2\/product"}],"about":[{"href":"https:\/\/collall.nl\/de\/wp-json\/wp\/v2\/types\/product"}],"replies":[{"embeddable":true,"href":"https:\/\/collall.nl\/de\/wp-json\/wp\/v2\/comments?post=9981"}],"wp:featuredmedia":[{"embeddable":true,"href":"https:\/\/collall.nl\/de\/wp-json\/wp\/v2\/media\/19946"}],"wp:attachment":[{"href":"https:\/\/collall.nl\/de\/wp-json\/wp\/v2\/media?parent=9981"}],"wp:term":[{"taxonomy":"product_brand","embeddable":true,"href":"https:\/\/collall.nl\/de\/wp-json\/wp\/v2\/product_brand?post=9981"},{"taxonomy":"product_cat","embeddable":true,"href":"https:\/\/collall.nl\/de\/wp-json\/wp\/v2\/product_cat?post=9981"},{"taxonomy":"product_tag","embeddable":true,"href":"https:\/\/collall.nl\/de\/wp-json\/wp\/v2\/product_tag?post=9981"}],"curies":[{"name":"wp","href":"https:\/\/api.w.org\/{rel}","templated":true}]}}