{"id":9955,"date":"2022-03-01T09:15:46","date_gmt":"2022-03-01T09:15:47","guid":{"rendered":"http:\/\/collall.test\/product\/collall-mosaikkleber\/"},"modified":"2025-06-12T10:49:59","modified_gmt":"2025-06-12T08:49:59","slug":"collall-mosaikkleber","status":"publish","type":"product","link":"https:\/\/collall.nl\/de\/product\/collall-mosaikkleber\/","title":{"rendered":"Collall Mosaikkleber"},"content":{"rendered":"<p><strong>Sorte: <\/strong>Collall Mosaikkleber wurde speziell entwickelt, um Glas- und Keramikmosaik zu kleben. Der Kleber trocknet schnell und transparent und ist au\u00dferdem wasserbest\u00e4ndig.<\/p>\n<div class=\"flex max-w-full flex-col flex-grow\">\n<div class=\"min-h-8 text-message flex w-full flex-col items-end gap-2 whitespace-normal break-words [.text-message+&amp;]:mt-5\" dir=\"auto\" data-message-author-role=\"assistant\" data-message-id=\"dcfc67a3-6dcb-48d2-94b3-74e6ca47ecc9\" data-message-model-slug=\"gpt-4o\">\n<div class=\"flex w-full flex-col gap-1 empty:hidden first:pt-[3px]\">\n<div class=\"markdown prose w-full break-words dark:prose-invert light\">\n<p><strong>Aussehen:<\/strong><\/p>\n<ul>\n<li>Wei\u00dfe, fl\u00fcssige Klebstoff<\/li>\n<li>Schnelltrocknend<\/li>\n<li>Wasserabweisend<\/li>\n<li>Transparent nach dem Trocknen<\/li>\n<li>L\u00f6sungsmittel: Wasser<\/li>\n<\/ul>\n<p><strong>Hauptbestandteil:<\/strong> Polyvinylacetat<\/p>\n<p class=\"p1\"><b>Nat\u00fcrliche Inhaltsstoffe:<\/b> 50%<\/p>\n<p class=\"p1\"><b>Viskosit\u00e4t:<\/b> 12.000 mPa.s<\/p>\n<p><strong>pH:<\/strong> 3<\/p>\n<p><strong>Dichte:<\/strong> 1,09 kg\/dm\u00b3<\/p>\n<p><strong>CE:<\/strong> \u2013<\/p>\n<p><strong>Klebeverbrauch:<\/strong> ca. 400 g\/m\u00b2<\/p>\n<p><strong>Verarbeitung:<\/strong><\/p>\n<p data-start=\"1223\" data-end=\"1275\"><strong data-start=\"1227\" data-end=\"1275\">Wie wird der Collall Mosaikkleber verwendet?<\/strong><\/p>\n<ol>\n<li style=\"list-style-type: none;\">\n<ol>\n<li data-start=\"1280\" data-end=\"1345\">Achten Sie auf eine trockene, saubere und fettfreie Oberfl\u00e4che.<\/li>\n<li data-start=\"1349\" data-end=\"1398\">Tragen Sie den Kleber mit der Spatelspitze auf.<\/li>\n<li data-start=\"1402\" data-end=\"1455\">Platzieren Sie die Mosaiksteine im feuchten Kleber.<\/li>\n<li data-start=\"1459\" data-end=\"1515\">Sie haben noch etwas Zeit, um die Steine auszurichten.<\/li>\n<li data-start=\"1519\" data-end=\"1551\">Lassen Sie alles gut trocknen.<\/li>\n<li data-start=\"1555\" data-end=\"1606\">Der Kleber trocknet schnell und wird transparent.<\/li>\n<li data-start=\"1610\" data-end=\"1662\">Nach dem Trocknen ist er fest und wasserabweisend.<\/li>\n<\/ol>\n<\/li>\n<\/ol>\n<p><strong>Allergene:<\/strong> Enth\u00e4lt CMIT\/MIT. Kann allergische Reaktionen hervorrufen.<\/p>\n<p><strong>Geeignet f\u00fcr:<\/strong> Kinder ab 8 Jahren<\/p>\n<p><strong>Reinigung:<\/strong><\/p>\n<ul>\n<li>Werkzeuge k\u00f6nnen mit Wasser gereinigt werden, solange der Kleber noch feucht ist (ein synthetisches Reinigungsmittel kann dem Wasser zugesetzt werden).<\/li>\n<li>Getrocknete Kleberflecken in warmem Wasser einweichen und anschlie\u00dfend mit einer B\u00fcrste entfernen.<\/li>\n<\/ul>\n<h4 data-start=\"47\" data-end=\"112\"><strong data-start=\"51\" data-end=\"112\">Mosaikkleber in praktischer Flasche mit Schraubverschluss<\/strong><\/h4>\n<p data-start=\"114\" data-end=\"541\">Der <strong data-start=\"118\" data-end=\"142\">Collall Mosaikkleber<\/strong> ist der ideale Kleber f\u00fcr alle, die kreativ mit Glas- oder Keramiksteinchen arbeiten m\u00f6chten. Dieser speziell entwickelte PVAc-Kleber ist beim Auftragen wei\u00df und fl\u00fcssig, trocknet jedoch schnell und transparent. Der Kleber ist wasserabweisend, jedoch ist das Endprodukt <strong data-start=\"413\" data-end=\"452\">nicht f\u00fcr den Au\u00dfeneinsatz geeignet<\/strong>. Nach dem Trocknen eignet er sich perfekt f\u00fcr dekorative und funktionale Mosaikprojekte.<\/p>\n<p data-start=\"543\" data-end=\"713\">Dank der praktischen Verpackung mit Schraubverschluss kann der Kleber direkt und pr\u00e4zise aus der Flasche aufgetragen werden \u2013 sauber, kontrolliert und ohne Verschwendung.<\/p>\n<p data-start=\"715\" data-end=\"850\"><strong data-start=\"715\" data-end=\"724\">Tipp:<\/strong> Verwenden Sie den praktischen <strong data-start=\"755\" data-end=\"779\">Kleberflaschenhalter<\/strong>, damit Sie nicht warten m\u00fcssen, bis der Kleber nach unten gesackt ist.<\/p>\n<p data-start=\"857\" data-end=\"914\"><strong data-start=\"861\" data-end=\"914\">Was kann man mit dem Collall Mosaikkleber machen?<\/strong><\/p>\n<p data-start=\"916\" data-end=\"973\">Lassen Sie Ihrer Fantasie freien Lauf \u2013 zum Beispiel mit:<\/p>\n<ul>\n<li data-start=\"977\" data-end=\"1037\">Selbstgemachten Mosaik-Untersetzern, Schalen oder Tabletts<\/li>\n<li data-start=\"1040\" data-end=\"1089\">Mosaikblument\u00f6pfen, Kerzenhaltern oder Spiegeln<\/li>\n<li data-start=\"1092\" data-end=\"1147\">Dekorativen Wandpanelen oder gesch\u00fctzten Au\u00dfenfliesen<\/li>\n<li data-start=\"1150\" data-end=\"1216\">Personalisierten Bilderrahmen, M\u00f6belst\u00fccken oder Wohnaccessoires<\/li>\n<\/ul>\n<p data-start=\"1669\" data-end=\"1732\"><strong data-start=\"1673\" data-end=\"1732\">Welche Vorteile bietet ein PVAc-Kleber auf Wasserbasis?<\/strong><\/p>\n<p data-start=\"1734\" data-end=\"1822\"><strong data-start=\"1734\" data-end=\"1760\">PVAc (Polyvinylacetat)<\/strong> ist ein starker, vielseitiger Klebstoff mit vielen Vorteilen:<\/p>\n<ul>\n<li data-start=\"1826\" data-end=\"1887\">Starke Haftung auf por\u00f6sen Materialien wie Keramik und Holz<\/li>\n<li data-start=\"1890\" data-end=\"1931\">Geruchsarm \u2013 ideal f\u00fcr den Innenbereich<\/li>\n<li data-start=\"1934\" data-end=\"1994\">Kurze Trocknungszeit, aber gut verarbeitbar beim Auftragen<\/li>\n<li data-start=\"1997\" data-end=\"2061\">Flexibel nach dem Trocknen \u2013 verhindert Risse oder Br\u00fcchigkeit<\/li>\n<li data-start=\"2064\" data-end=\"2149\">Leicht wasserabweisend \u2013 perfekt f\u00fcr den Innenbereich oder gesch\u00fctzte Au\u00dfenbereiche<\/li>\n<\/ul>\n<\/div>\n<\/div>\n<\/div>\n<\/div>\n","protected":false},"excerpt":{"rendered":"<p>Der Collall Mosaikkleber ist ein speziell entwickelter PVAc-Kleber, ideal f\u00fcr alle, die kreativ mit Glas- oder Keramiksteinchen arbeiten m\u00f6chten.<\/p>\n","protected":false},"featured_media":29225,"comment_status":"open","ping_status":"closed","template":"","meta":{"_acf_changed":false},"product_brand":[],"product_cat":[176],"product_tag":[3200],"class_list":{"0":"post-9955","1":"product","2":"type-product","3":"status-publish","4":"has-post-thumbnail","6":"product_cat-kleber-und-lackleim","7":"product_tag-pvac-de","9":"first","10":"instock","11":"shipping-taxable","12":"purchasable","13":"product-type-variable"},"acf":[],"yoast_head":"<!-- This site is optimized with the Yoast SEO plugin v27.2 - https:\/\/yoast.com\/product\/yoast-seo-wordpress\/ -->\n<title>Collall Mosaikkleber - Collall<\/title>\n<meta name=\"description\" content=\"Der Collall Mosaikkleber ist ein speziell entwickelter PVAc-Kleber, ideal f\u00fcr alle, die kreativ mit Glas- oder Keramiksteinchen arbeiten m\u00f6chten.\" \/>\n<meta name=\"robots\" content=\"index, follow, max-snippet:-1, max-image-preview:large, max-video-preview:-1\" \/>\n<link rel=\"canonical\" href=\"https:\/\/collall.nl\/de\/product\/collall-mosaikkleber\/\" \/>\n<meta property=\"og:locale\" content=\"de_DE\" \/>\n<meta property=\"og:type\" content=\"article\" \/>\n<meta property=\"og:title\" content=\"Collall Mosaikkleber - Collall\" \/>\n<meta property=\"og:description\" content=\"Der Collall Mosaikkleber ist ein speziell entwickelter PVAc-Kleber, ideal f\u00fcr alle, die kreativ mit Glas- oder Keramiksteinchen arbeiten m\u00f6chten.\" \/>\n<meta property=\"og:url\" content=\"https:\/\/collall.nl\/de\/product\/collall-mosaikkleber\/\" \/>\n<meta property=\"og:site_name\" content=\"Collall\" \/>\n<meta property=\"article:publisher\" content=\"https:\/\/www.facebook.com\/people\/Collall\/100064976852539\/\" \/>\n<meta property=\"article:modified_time\" content=\"2025-06-12T08:49:59+00:00\" \/>\n<meta property=\"og:image\" content=\"https:\/\/collall.nl\/wp-content\/uploads\/2022\/03\/COLMZ0100-V2.jpg\" \/>\n\t<meta property=\"og:image:width\" content=\"1000\" \/>\n\t<meta property=\"og:image:height\" content=\"1000\" \/>\n\t<meta property=\"og:image:type\" content=\"image\/jpeg\" \/>\n<meta name=\"twitter:card\" content=\"summary_large_image\" \/>\n<meta name=\"twitter:label1\" content=\"Gesch\u00e4tzte Lesezeit\" \/>\n\t<meta name=\"twitter:data1\" content=\"2\u00a0Minuten\" \/>\n<script type=\"application\/ld+json\" class=\"yoast-schema-graph\">{\"@context\":\"https:\/\/schema.org\",\"@graph\":[{\"@type\":\"WebPage\",\"@id\":\"https:\/\/collall.nl\/de\/product\/collall-mosaikkleber\/\",\"url\":\"https:\/\/collall.nl\/de\/product\/collall-mosaikkleber\/\",\"name\":\"Collall Mosaikkleber - Collall\",\"isPartOf\":{\"@id\":\"https:\/\/collall.nl\/#website\"},\"primaryImageOfPage\":{\"@id\":\"https:\/\/collall.nl\/de\/product\/collall-mosaikkleber\/#primaryimage\"},\"image\":{\"@id\":\"https:\/\/collall.nl\/de\/product\/collall-mosaikkleber\/#primaryimage\"},\"thumbnailUrl\":\"https:\/\/collall.nl\/wp-content\/uploads\/2022\/03\/COLMZ0100-V2.jpg\",\"datePublished\":\"2022-03-01T09:15:47+00:00\",\"dateModified\":\"2025-06-12T08:49:59+00:00\",\"description\":\"Der Collall Mosaikkleber ist ein speziell entwickelter PVAc-Kleber, ideal f\u00fcr alle, die kreativ mit Glas- oder Keramiksteinchen arbeiten m\u00f6chten.\",\"breadcrumb\":{\"@id\":\"https:\/\/collall.nl\/de\/product\/collall-mosaikkleber\/#breadcrumb\"},\"inLanguage\":\"de\",\"potentialAction\":[{\"@type\":\"ReadAction\",\"target\":[\"https:\/\/collall.nl\/de\/product\/collall-mosaikkleber\/\"]}]},{\"@type\":\"ImageObject\",\"inLanguage\":\"de\",\"@id\":\"https:\/\/collall.nl\/de\/product\/collall-mosaikkleber\/#primaryimage\",\"url\":\"https:\/\/collall.nl\/wp-content\/uploads\/2022\/03\/COLMZ0100-V2.jpg\",\"contentUrl\":\"https:\/\/collall.nl\/wp-content\/uploads\/2022\/03\/COLMZ0100-V2.jpg\",\"width\":1000,\"height\":1000},{\"@type\":\"BreadcrumbList\",\"@id\":\"https:\/\/collall.nl\/de\/product\/collall-mosaikkleber\/#breadcrumb\",\"itemListElement\":[{\"@type\":\"ListItem\",\"position\":1,\"name\":\"Home\",\"item\":\"https:\/\/collall.nl\/de\/hauptseite\/\"},{\"@type\":\"ListItem\",\"position\":2,\"name\":\"Produkte\",\"item\":\"https:\/\/collall.nl\/de\/produkte\/\"},{\"@type\":\"ListItem\",\"position\":3,\"name\":\"Collall Mosaikkleber\"}]},{\"@type\":\"WebSite\",\"@id\":\"https:\/\/collall.nl\/#website\",\"url\":\"https:\/\/collall.nl\/\",\"name\":\"Collall\",\"description\":\"Adhesives &amp; Paints since 1949\",\"publisher\":{\"@id\":\"https:\/\/collall.nl\/#organization\"},\"potentialAction\":[{\"@type\":\"SearchAction\",\"target\":{\"@type\":\"EntryPoint\",\"urlTemplate\":\"https:\/\/collall.nl\/?s={search_term_string}\"},\"query-input\":{\"@type\":\"PropertyValueSpecification\",\"valueRequired\":true,\"valueName\":\"search_term_string\"}}],\"inLanguage\":\"de\"},{\"@type\":\"Organization\",\"@id\":\"https:\/\/collall.nl\/#organization\",\"name\":\"Collall B.V.\",\"url\":\"https:\/\/collall.nl\/\",\"logo\":{\"@type\":\"ImageObject\",\"inLanguage\":\"de\",\"@id\":\"https:\/\/collall.nl\/#\/schema\/logo\/image\/\",\"url\":\"https:\/\/collall.nl\/wp-content\/uploads\/2022\/08\/Collall-logo-186C_Reflex-blue.jpg\",\"contentUrl\":\"https:\/\/collall.nl\/wp-content\/uploads\/2022\/08\/Collall-logo-186C_Reflex-blue.jpg\",\"width\":1963,\"height\":1179,\"caption\":\"Collall B.V.\"},\"image\":{\"@id\":\"https:\/\/collall.nl\/#\/schema\/logo\/image\/\"},\"sameAs\":[\"https:\/\/www.facebook.com\/people\/Collall\/100064976852539\/\",\"https:\/\/www.instagram.com\/collall_1949\/\",\"https:\/\/nl.pinterest.com\/CollallBV\/\",\"https:\/\/www.youtube.com\/channel\/UCrCGuwth_udZhTqJSh5g9zg\"]}]}<\/script>\n<!-- \/ Yoast SEO plugin. -->","yoast_head_json":{"title":"Collall Mosaikkleber - Collall","description":"Der Collall Mosaikkleber ist ein speziell entwickelter PVAc-Kleber, ideal f\u00fcr alle, die kreativ mit Glas- oder Keramiksteinchen arbeiten m\u00f6chten.","robots":{"index":"index","follow":"follow","max-snippet":"max-snippet:-1","max-image-preview":"max-image-preview:large","max-video-preview":"max-video-preview:-1"},"canonical":"https:\/\/collall.nl\/de\/product\/collall-mosaikkleber\/","og_locale":"de_DE","og_type":"article","og_title":"Collall Mosaikkleber - Collall","og_description":"Der Collall Mosaikkleber ist ein speziell entwickelter PVAc-Kleber, ideal f\u00fcr alle, die kreativ mit Glas- oder Keramiksteinchen arbeiten m\u00f6chten.","og_url":"https:\/\/collall.nl\/de\/product\/collall-mosaikkleber\/","og_site_name":"Collall","article_publisher":"https:\/\/www.facebook.com\/people\/Collall\/100064976852539\/","article_modified_time":"2025-06-12T08:49:59+00:00","og_image":[{"width":1000,"height":1000,"url":"https:\/\/collall.nl\/wp-content\/uploads\/2022\/03\/COLMZ0100-V2.jpg","type":"image\/jpeg"}],"twitter_card":"summary_large_image","twitter_misc":{"Gesch\u00e4tzte Lesezeit":"2\u00a0Minuten"},"schema":{"@context":"https:\/\/schema.org","@graph":[{"@type":"WebPage","@id":"https:\/\/collall.nl\/de\/product\/collall-mosaikkleber\/","url":"https:\/\/collall.nl\/de\/product\/collall-mosaikkleber\/","name":"Collall Mosaikkleber - Collall","isPartOf":{"@id":"https:\/\/collall.nl\/#website"},"primaryImageOfPage":{"@id":"https:\/\/collall.nl\/de\/product\/collall-mosaikkleber\/#primaryimage"},"image":{"@id":"https:\/\/collall.nl\/de\/product\/collall-mosaikkleber\/#primaryimage"},"thumbnailUrl":"https:\/\/collall.nl\/wp-content\/uploads\/2022\/03\/COLMZ0100-V2.jpg","datePublished":"2022-03-01T09:15:47+00:00","dateModified":"2025-06-12T08:49:59+00:00","description":"Der Collall Mosaikkleber ist ein speziell entwickelter PVAc-Kleber, ideal f\u00fcr alle, die kreativ mit Glas- oder Keramiksteinchen arbeiten m\u00f6chten.","breadcrumb":{"@id":"https:\/\/collall.nl\/de\/product\/collall-mosaikkleber\/#breadcrumb"},"inLanguage":"de","potentialAction":[{"@type":"ReadAction","target":["https:\/\/collall.nl\/de\/product\/collall-mosaikkleber\/"]}]},{"@type":"ImageObject","inLanguage":"de","@id":"https:\/\/collall.nl\/de\/product\/collall-mosaikkleber\/#primaryimage","url":"https:\/\/collall.nl\/wp-content\/uploads\/2022\/03\/COLMZ0100-V2.jpg","contentUrl":"https:\/\/collall.nl\/wp-content\/uploads\/2022\/03\/COLMZ0100-V2.jpg","width":1000,"height":1000},{"@type":"BreadcrumbList","@id":"https:\/\/collall.nl\/de\/product\/collall-mosaikkleber\/#breadcrumb","itemListElement":[{"@type":"ListItem","position":1,"name":"Home","item":"https:\/\/collall.nl\/de\/hauptseite\/"},{"@type":"ListItem","position":2,"name":"Produkte","item":"https:\/\/collall.nl\/de\/produkte\/"},{"@type":"ListItem","position":3,"name":"Collall Mosaikkleber"}]},{"@type":"WebSite","@id":"https:\/\/collall.nl\/#website","url":"https:\/\/collall.nl\/","name":"Collall","description":"Adhesives &amp; Paints since 1949","publisher":{"@id":"https:\/\/collall.nl\/#organization"},"potentialAction":[{"@type":"SearchAction","target":{"@type":"EntryPoint","urlTemplate":"https:\/\/collall.nl\/?s={search_term_string}"},"query-input":{"@type":"PropertyValueSpecification","valueRequired":true,"valueName":"search_term_string"}}],"inLanguage":"de"},{"@type":"Organization","@id":"https:\/\/collall.nl\/#organization","name":"Collall B.V.","url":"https:\/\/collall.nl\/","logo":{"@type":"ImageObject","inLanguage":"de","@id":"https:\/\/collall.nl\/#\/schema\/logo\/image\/","url":"https:\/\/collall.nl\/wp-content\/uploads\/2022\/08\/Collall-logo-186C_Reflex-blue.jpg","contentUrl":"https:\/\/collall.nl\/wp-content\/uploads\/2022\/08\/Collall-logo-186C_Reflex-blue.jpg","width":1963,"height":1179,"caption":"Collall B.V."},"image":{"@id":"https:\/\/collall.nl\/#\/schema\/logo\/image\/"},"sameAs":["https:\/\/www.facebook.com\/people\/Collall\/100064976852539\/","https:\/\/www.instagram.com\/collall_1949\/","https:\/\/nl.pinterest.com\/CollallBV\/","https:\/\/www.youtube.com\/channel\/UCrCGuwth_udZhTqJSh5g9zg"]}]}},"_links":{"self":[{"href":"https:\/\/collall.nl\/de\/wp-json\/wp\/v2\/product\/9955","targetHints":{"allow":["GET"]}}],"collection":[{"href":"https:\/\/collall.nl\/de\/wp-json\/wp\/v2\/product"}],"about":[{"href":"https:\/\/collall.nl\/de\/wp-json\/wp\/v2\/types\/product"}],"replies":[{"embeddable":true,"href":"https:\/\/collall.nl\/de\/wp-json\/wp\/v2\/comments?post=9955"}],"wp:featuredmedia":[{"embeddable":true,"href":"https:\/\/collall.nl\/de\/wp-json\/wp\/v2\/media\/29225"}],"wp:attachment":[{"href":"https:\/\/collall.nl\/de\/wp-json\/wp\/v2\/media?parent=9955"}],"wp:term":[{"taxonomy":"product_brand","embeddable":true,"href":"https:\/\/collall.nl\/de\/wp-json\/wp\/v2\/product_brand?post=9955"},{"taxonomy":"product_cat","embeddable":true,"href":"https:\/\/collall.nl\/de\/wp-json\/wp\/v2\/product_cat?post=9955"},{"taxonomy":"product_tag","embeddable":true,"href":"https:\/\/collall.nl\/de\/wp-json\/wp\/v2\/product_tag?post=9955"}],"curies":[{"name":"wp","href":"https:\/\/api.w.org\/{rel}","templated":true}]}}