{"id":9929,"date":"2022-03-01T09:15:16","date_gmt":"2022-03-01T09:15:19","guid":{"rendered":"http:\/\/collall.test\/product\/collall-transfer-medium-2\/"},"modified":"2025-06-12T14:17:02","modified_gmt":"2025-06-12T12:17:02","slug":"collall-transfer-medium-2","status":"publish","type":"product","link":"https:\/\/collall.nl\/de\/product\/collall-transfer-medium-2\/","title":{"rendered":"Collall Transfer Medium"},"content":{"rendered":"<article class=\"text-token-text-primary w-full\" dir=\"auto\" data-testid=\"conversation-turn-12\" data-scroll-anchor=\"true\">\n<div class=\"text-base my-auto mx-auto py-5 px-6\">\n<div class=\"mx-auto flex flex-1 text-base gap-4 md:gap-5 lg:gap-6 md:max-w-3xl lg:max-w-[40rem] xl:max-w-[48rem] group\/turn-messages focus-visible:outline-hidden\" tabindex=\"-1\">\n<div class=\"group\/conversation-turn relative flex w-full min-w-0 flex-col agent-turn @xs\/thread:px-0 @sm\/thread:px-1.5 @md\/thread:px-4\">\n<div class=\"relative flex-col gap-1 md:gap-3\">\n<div class=\"flex max-w-full flex-col grow\">\n<div class=\"min-h-8 text-message relative flex w-full flex-col items-end gap-2 text-start break-words whitespace-normal [.text-message+&amp;]:mt-5\" dir=\"auto\" data-message-author-role=\"assistant\" data-message-id=\"c718d638-9e59-4c71-a89f-c86559b5a45c\" data-message-model-slug=\"gpt-4o\">\n<div class=\"flex w-full flex-col gap-1 empty:hidden first:pt-[3px]\">\n<div class=\"markdown prose dark:prose-invert w-full break-words light\">\n<p class=\"\" data-start=\"45\" data-end=\"229\"><strong data-start=\"45\" data-end=\"59\">Anwendung:<\/strong> Mit Collall Transfer Medium k\u00f6nnen Sie selbst gedruckte Bilder auf verschiedene Gegenst\u00e4nde und Materialien \u00fcbertragen. Geeignet f\u00fcr Textilien, Keramik, Glas und Holz.<\/p>\n<p class=\"\" data-start=\"231\" data-end=\"249\"><strong data-start=\"231\" data-end=\"247\">Erscheinung:<\/strong><\/p>\n<ul>\n<li data-start=\"253\" data-end=\"285\">D\u00fcnnfl\u00fcssige wei\u00dfe Fl\u00fcssigkeit<\/li>\n<\/ul>\n<p><strong>L\u00f6sungsmittel:<\/strong> Wasser<\/p>\n<p class=\"\" data-start=\"313\" data-end=\"344\"><strong data-start=\"313\" data-end=\"334\">Hauptbestandteil:<\/strong> Acrylat<\/p>\n<p class=\"p1\"><b>Nat\u00fcrliche Inhaltsstoffe:<\/b> 50%<\/p>\n<p class=\"p1\"><b>Viskosit\u00e4t:<\/b> 300 mPa.s<\/p>\n<p class=\"\" data-start=\"346\" data-end=\"362\"><strong data-start=\"346\" data-end=\"358\">pH:<\/strong> 7<\/p>\n<p class=\"\" data-start=\"364\" data-end=\"389\"><strong data-start=\"364\" data-end=\"375\">Dichte:<\/strong> 1,06 kg\/dm\u00b3<\/p>\n<p class=\"\" data-start=\"391\" data-end=\"402\"><strong data-start=\"391\" data-end=\"398\">CE:<\/strong> \u2013<\/p>\n<p class=\"\" data-start=\"404\" data-end=\"470\"><strong data-start=\"404\" data-end=\"424\">Kleberverbrauch:<\/strong> 175 g\/m\u00b2 bei der Verarbeitung auf Textilien<\/p>\n<p data-start=\"1178\" data-end=\"1222\"><strong data-start=\"1178\" data-end=\"1192\">Anwendung:<\/strong><\/p>\n<ul>\n<li><strong data-start=\"1224\" data-end=\"1238\">Schritt 1:<\/strong> Drucke dein Bild <strong data-start=\"1256\" data-end=\"1275\">spiegelverkehrt<\/strong> mit einem Laserdrucker.<\/li>\n<li><strong data-start=\"1302\" data-end=\"1316\">Schritt 2:<\/strong> Schneide das Bild gro\u00dfz\u00fcgig aus (lasse ca. 3 mm Rand).<\/li>\n<li><strong data-start=\"1374\" data-end=\"1388\">Schritt 3:<\/strong> Trage das Transfer Medium gro\u00dfz\u00fcgig auf die <strong data-start=\"1433\" data-end=\"1448\">Vorderseite<\/strong> des Bildes auf \u2013 mit einem weichen Pinsel oder Schwamm.<\/li>\n<li><strong data-start=\"1507\" data-end=\"1521\">Schritt 4:<\/strong> Lege das Bild mit der bedruckten Seite nach unten auf den gew\u00e4hlten Gegenstand (z.\u202fB. ein T-Shirt) und dr\u00fccke es gut an.<\/li>\n<li><strong data-start=\"1645\" data-end=\"1659\">Schritt 5:<\/strong> \u00dcbersch\u00fcssigen Kleber mit einem feuchten Tuch entfernen und gut trocknen lassen (<strong data-start=\"1741\" data-end=\"1766\" data-is-only-node=\"\">mindestens 12 Stunden<\/strong>).<\/li>\n<li><strong data-start=\"1771\" data-end=\"1785\">Schritt 6:<\/strong> Befeuchte das Papier mit <strong data-start=\"1811\" data-end=\"1828\">kaltem Wasser<\/strong> und lasse es 10 Minuten einweichen.<\/li>\n<li><strong data-start=\"1867\" data-end=\"1881\">Schritt 7:<\/strong> Reibe die Papierschicht vorsichtig mit den Fingern ab.<\/li>\n<li><strong data-start=\"1939\" data-end=\"1953\">Schritt 8:<\/strong> Gut trocknen lassen. F\u00fcr ein sch\u00f6nes Endergebnis versiegelst du das Ganze mit einer weiteren Schicht Transfer Medium \u2013 das entfernt auch die letzten Papierreste.<\/li>\n<\/ul>\n<p>&nbsp;<\/p>\n<ul>\n<li data-start=\"2119\" data-end=\"2157\"><strong data-start=\"2119\" data-end=\"2155\">Von Hand waschbar bis max. 30\u202f\u00b0C<\/strong><\/li>\n<li data-start=\"2160\" data-end=\"2191\"><strong data-start=\"2160\" data-end=\"2191\">Nicht sp\u00fclmaschinengeeignet<\/strong><\/li>\n<\/ul>\n<p><strong data-start=\"1354\" data-end=\"1368\">Allergene:<\/strong> Enth\u00e4lt CMIT\/MIT und 1,2-Benzisothiazol-3(2H)-on. Kann allergische Reaktionen hervorrufen.<\/p>\n<p><strong data-start=\"1466\" data-end=\"1483\">Geeignet f\u00fcr:<\/strong> Ab 8 Jahren.<\/p>\n<p><strong data-start=\"1500\" data-end=\"1514\">Reinigung:<\/strong><\/p>\n<ul>\n<li data-start=\"1518\" data-end=\"1777\">Werkzeuge k\u00f6nnen mit Wasser gereinigt werden, solange der Kleber noch nass ist (falls n\u00f6tig, kann ein synthetisches Reinigungsmittel hinzugef\u00fcgt werden).<\/li>\n<li data-start=\"1518\" data-end=\"1777\">Eingetrocknete Kleberflecken in warmem Wasser einweichen und anschlie\u00dfend mit einer B\u00fcrste entfernen.<\/li>\n<\/ul>\n<\/div>\n<\/div>\n<\/div>\n<\/div>\n<div class=\"flex justify-start\">\n<h2><strong data-start=\"120\" data-end=\"151\">Was ist ein Transfermedium? <\/strong><\/h2>\n<p>Das Wort <em data-start=\"163\" data-end=\"175\">\u201eTransfer\u201c<\/em> stammt aus dem Englischen und bedeutet \u201e\u00fcbertragen\u201c. In der kreativen Welt beschreibt eine Transfertechnik das \u00dcbertragen eines Bildes von einer Oberfl\u00e4che auf eine andere \u2013 zum Beispiel von Papier auf Holz, Textil oder Glas. Ein Transfermedium ist also ein spezielles Produkt, das genau dies erm\u00f6glicht. Es sorgt daf\u00fcr, dass die Tinte oder der Toner eines mit einem Laserdrucker gedruckten Bildes sich vom Papier l\u00f6st und auf einem neuen Material haften bleibt.<\/p>\n<p data-start=\"642\" data-end=\"1171\">Mit dem <strong data-start=\"650\" data-end=\"677\">Collall Transfer Medium<\/strong> kannst du ganz einfach ein selbstgedrucktes Bild auf verschiedene Materialien \u00fcbertragen, wie zum Beispiel Textilien, Keramik, Glas, Holz und vieles mehr. Es handelt sich nicht um einen gew\u00f6hnlichen Klebstoff \u2013 dieses Medium sorgt daf\u00fcr, dass dein Design wirklich ein Teil der Oberfl\u00e4che wird. Der Kleber bindet das Bild zun\u00e4chst tempor\u00e4r an das Material. Nach dem Trocknen wird das Papier angefeuchtet und abgerieben, sodass nur die Tinte oder der Toner auf der neuen Oberfl\u00e4che zur\u00fcckbleibt.<\/p>\n<\/div>\n<\/div>\n<div class=\"absolute\">\n<div class=\"flex items-center justify-center\">\n<p data-start=\"2198\" data-end=\"2224\"><strong data-start=\"2198\" data-end=\"2222\">Tipps &amp; Anwendungen:<\/strong><\/p>\n<ul>\n<li data-start=\"2227\" data-end=\"2317\">Gestalte deine eigenen personalisierten T-Shirts, Tassen, Holzschilder oder Blument\u00f6pfe.<\/li>\n<li data-start=\"2320\" data-end=\"2366\">Perfekt f\u00fcr Geschenke mit pers\u00f6nlicher Note.<\/li>\n<li data-start=\"2369\" data-end=\"2429\">Ideal f\u00fcr kreative Workshops oder Bastelprojekte zu Hause.<\/li>\n<li data-start=\"2432\" data-end=\"2531\">Kinder k\u00f6nnen ihre Zeichnungen auf Textilien oder Holz \u00fcbertragen (z.\u202fB. zum Vatertag\/Muttertag).<\/li>\n<li data-start=\"2534\" data-end=\"2590\">Geschenk zur Geburt \u2013 das erste Foto auf einem Babybody.<\/li>\n<\/ul>\n<\/div>\n<\/div>\n<\/div>\n<\/div>\n<\/div>\n<\/article>\n<div class=\"pointer-events-none h-px w-px\" aria-hidden=\"true\" data-edge=\"true\"><\/div>\n","protected":false},"excerpt":{"rendered":"<p>Selbst Druckbilder auf unterschiedlichen Objekten und Materialien \u00fcbertragen<\/p>\n","protected":false},"featured_media":18246,"comment_status":"open","ping_status":"closed","template":"","meta":{"_acf_changed":false},"product_brand":[],"product_cat":[176],"product_tag":[2958],"class_list":{"0":"post-9929","1":"product","2":"type-product","3":"status-publish","4":"has-post-thumbnail","6":"product_cat-kleber-und-lackleim","7":"product_tag-textiel-medium-de","9":"first","10":"instock","11":"shipping-taxable","12":"purchasable","13":"product-type-variable"},"acf":[],"yoast_head":"<!-- This site is optimized with the Yoast SEO plugin v27.2 - https:\/\/yoast.com\/product\/yoast-seo-wordpress\/ -->\n<title>Collall Transfer Medium - Collall<\/title>\n<meta name=\"robots\" content=\"index, follow, max-snippet:-1, max-image-preview:large, max-video-preview:-1\" \/>\n<link rel=\"canonical\" href=\"https:\/\/collall.nl\/de\/product\/collall-transfer-medium-2\/\" \/>\n<meta property=\"og:locale\" content=\"de_DE\" \/>\n<meta property=\"og:type\" content=\"article\" \/>\n<meta property=\"og:title\" content=\"Collall Transfer Medium - Collall\" \/>\n<meta property=\"og:description\" content=\"Selbst Druckbilder auf unterschiedlichen Objekten und Materialien \u00fcbertragen\" \/>\n<meta property=\"og:url\" content=\"https:\/\/collall.nl\/de\/product\/collall-transfer-medium-2\/\" \/>\n<meta property=\"og:site_name\" content=\"Collall\" \/>\n<meta property=\"article:publisher\" content=\"https:\/\/www.facebook.com\/people\/Collall\/100064976852539\/\" \/>\n<meta property=\"article:modified_time\" content=\"2025-06-12T12:17:02+00:00\" \/>\n<meta property=\"og:image\" content=\"https:\/\/collall.nl\/wp-content\/uploads\/2022\/03\/COLTF100_collall-transfer-medium.jpg\" \/>\n\t<meta property=\"og:image:width\" content=\"800\" \/>\n\t<meta property=\"og:image:height\" content=\"800\" \/>\n\t<meta property=\"og:image:type\" content=\"image\/jpeg\" \/>\n<meta name=\"twitter:card\" content=\"summary_large_image\" \/>\n<meta name=\"twitter:label1\" content=\"Gesch\u00e4tzte Lesezeit\" \/>\n\t<meta name=\"twitter:data1\" content=\"3\u00a0Minuten\" \/>\n<script type=\"application\/ld+json\" class=\"yoast-schema-graph\">{\"@context\":\"https:\/\/schema.org\",\"@graph\":[{\"@type\":\"WebPage\",\"@id\":\"https:\/\/collall.nl\/de\/product\/collall-transfer-medium-2\/\",\"url\":\"https:\/\/collall.nl\/de\/product\/collall-transfer-medium-2\/\",\"name\":\"Collall Transfer Medium - Collall\",\"isPartOf\":{\"@id\":\"https:\/\/collall.nl\/#website\"},\"primaryImageOfPage\":{\"@id\":\"https:\/\/collall.nl\/de\/product\/collall-transfer-medium-2\/#primaryimage\"},\"image\":{\"@id\":\"https:\/\/collall.nl\/de\/product\/collall-transfer-medium-2\/#primaryimage\"},\"thumbnailUrl\":\"https:\/\/collall.nl\/wp-content\/uploads\/2022\/03\/COLTF100_collall-transfer-medium.jpg\",\"datePublished\":\"2022-03-01T09:15:19+00:00\",\"dateModified\":\"2025-06-12T12:17:02+00:00\",\"breadcrumb\":{\"@id\":\"https:\/\/collall.nl\/de\/product\/collall-transfer-medium-2\/#breadcrumb\"},\"inLanguage\":\"de\",\"potentialAction\":[{\"@type\":\"ReadAction\",\"target\":[\"https:\/\/collall.nl\/de\/product\/collall-transfer-medium-2\/\"]}]},{\"@type\":\"ImageObject\",\"inLanguage\":\"de\",\"@id\":\"https:\/\/collall.nl\/de\/product\/collall-transfer-medium-2\/#primaryimage\",\"url\":\"https:\/\/collall.nl\/wp-content\/uploads\/2022\/03\/COLTF100_collall-transfer-medium.jpg\",\"contentUrl\":\"https:\/\/collall.nl\/wp-content\/uploads\/2022\/03\/COLTF100_collall-transfer-medium.jpg\",\"width\":800,\"height\":800},{\"@type\":\"BreadcrumbList\",\"@id\":\"https:\/\/collall.nl\/de\/product\/collall-transfer-medium-2\/#breadcrumb\",\"itemListElement\":[{\"@type\":\"ListItem\",\"position\":1,\"name\":\"Home\",\"item\":\"https:\/\/collall.nl\/de\/hauptseite\/\"},{\"@type\":\"ListItem\",\"position\":2,\"name\":\"Produkte\",\"item\":\"https:\/\/collall.nl\/de\/produkte\/\"},{\"@type\":\"ListItem\",\"position\":3,\"name\":\"Collall Transfer Medium\"}]},{\"@type\":\"WebSite\",\"@id\":\"https:\/\/collall.nl\/#website\",\"url\":\"https:\/\/collall.nl\/\",\"name\":\"Collall\",\"description\":\"Adhesives &amp; Paints since 1949\",\"publisher\":{\"@id\":\"https:\/\/collall.nl\/#organization\"},\"potentialAction\":[{\"@type\":\"SearchAction\",\"target\":{\"@type\":\"EntryPoint\",\"urlTemplate\":\"https:\/\/collall.nl\/?s={search_term_string}\"},\"query-input\":{\"@type\":\"PropertyValueSpecification\",\"valueRequired\":true,\"valueName\":\"search_term_string\"}}],\"inLanguage\":\"de\"},{\"@type\":\"Organization\",\"@id\":\"https:\/\/collall.nl\/#organization\",\"name\":\"Collall B.V.\",\"url\":\"https:\/\/collall.nl\/\",\"logo\":{\"@type\":\"ImageObject\",\"inLanguage\":\"de\",\"@id\":\"https:\/\/collall.nl\/#\/schema\/logo\/image\/\",\"url\":\"https:\/\/collall.nl\/wp-content\/uploads\/2022\/08\/Collall-logo-186C_Reflex-blue.jpg\",\"contentUrl\":\"https:\/\/collall.nl\/wp-content\/uploads\/2022\/08\/Collall-logo-186C_Reflex-blue.jpg\",\"width\":1963,\"height\":1179,\"caption\":\"Collall B.V.\"},\"image\":{\"@id\":\"https:\/\/collall.nl\/#\/schema\/logo\/image\/\"},\"sameAs\":[\"https:\/\/www.facebook.com\/people\/Collall\/100064976852539\/\",\"https:\/\/www.instagram.com\/collall_1949\/\",\"https:\/\/nl.pinterest.com\/CollallBV\/\",\"https:\/\/www.youtube.com\/channel\/UCrCGuwth_udZhTqJSh5g9zg\"]}]}<\/script>\n<!-- \/ Yoast SEO plugin. -->","yoast_head_json":{"title":"Collall Transfer Medium - Collall","robots":{"index":"index","follow":"follow","max-snippet":"max-snippet:-1","max-image-preview":"max-image-preview:large","max-video-preview":"max-video-preview:-1"},"canonical":"https:\/\/collall.nl\/de\/product\/collall-transfer-medium-2\/","og_locale":"de_DE","og_type":"article","og_title":"Collall Transfer Medium - Collall","og_description":"Selbst Druckbilder auf unterschiedlichen Objekten und Materialien \u00fcbertragen","og_url":"https:\/\/collall.nl\/de\/product\/collall-transfer-medium-2\/","og_site_name":"Collall","article_publisher":"https:\/\/www.facebook.com\/people\/Collall\/100064976852539\/","article_modified_time":"2025-06-12T12:17:02+00:00","og_image":[{"width":800,"height":800,"url":"https:\/\/collall.nl\/wp-content\/uploads\/2022\/03\/COLTF100_collall-transfer-medium.jpg","type":"image\/jpeg"}],"twitter_card":"summary_large_image","twitter_misc":{"Gesch\u00e4tzte Lesezeit":"3\u00a0Minuten"},"schema":{"@context":"https:\/\/schema.org","@graph":[{"@type":"WebPage","@id":"https:\/\/collall.nl\/de\/product\/collall-transfer-medium-2\/","url":"https:\/\/collall.nl\/de\/product\/collall-transfer-medium-2\/","name":"Collall Transfer Medium - Collall","isPartOf":{"@id":"https:\/\/collall.nl\/#website"},"primaryImageOfPage":{"@id":"https:\/\/collall.nl\/de\/product\/collall-transfer-medium-2\/#primaryimage"},"image":{"@id":"https:\/\/collall.nl\/de\/product\/collall-transfer-medium-2\/#primaryimage"},"thumbnailUrl":"https:\/\/collall.nl\/wp-content\/uploads\/2022\/03\/COLTF100_collall-transfer-medium.jpg","datePublished":"2022-03-01T09:15:19+00:00","dateModified":"2025-06-12T12:17:02+00:00","breadcrumb":{"@id":"https:\/\/collall.nl\/de\/product\/collall-transfer-medium-2\/#breadcrumb"},"inLanguage":"de","potentialAction":[{"@type":"ReadAction","target":["https:\/\/collall.nl\/de\/product\/collall-transfer-medium-2\/"]}]},{"@type":"ImageObject","inLanguage":"de","@id":"https:\/\/collall.nl\/de\/product\/collall-transfer-medium-2\/#primaryimage","url":"https:\/\/collall.nl\/wp-content\/uploads\/2022\/03\/COLTF100_collall-transfer-medium.jpg","contentUrl":"https:\/\/collall.nl\/wp-content\/uploads\/2022\/03\/COLTF100_collall-transfer-medium.jpg","width":800,"height":800},{"@type":"BreadcrumbList","@id":"https:\/\/collall.nl\/de\/product\/collall-transfer-medium-2\/#breadcrumb","itemListElement":[{"@type":"ListItem","position":1,"name":"Home","item":"https:\/\/collall.nl\/de\/hauptseite\/"},{"@type":"ListItem","position":2,"name":"Produkte","item":"https:\/\/collall.nl\/de\/produkte\/"},{"@type":"ListItem","position":3,"name":"Collall Transfer Medium"}]},{"@type":"WebSite","@id":"https:\/\/collall.nl\/#website","url":"https:\/\/collall.nl\/","name":"Collall","description":"Adhesives &amp; Paints since 1949","publisher":{"@id":"https:\/\/collall.nl\/#organization"},"potentialAction":[{"@type":"SearchAction","target":{"@type":"EntryPoint","urlTemplate":"https:\/\/collall.nl\/?s={search_term_string}"},"query-input":{"@type":"PropertyValueSpecification","valueRequired":true,"valueName":"search_term_string"}}],"inLanguage":"de"},{"@type":"Organization","@id":"https:\/\/collall.nl\/#organization","name":"Collall B.V.","url":"https:\/\/collall.nl\/","logo":{"@type":"ImageObject","inLanguage":"de","@id":"https:\/\/collall.nl\/#\/schema\/logo\/image\/","url":"https:\/\/collall.nl\/wp-content\/uploads\/2022\/08\/Collall-logo-186C_Reflex-blue.jpg","contentUrl":"https:\/\/collall.nl\/wp-content\/uploads\/2022\/08\/Collall-logo-186C_Reflex-blue.jpg","width":1963,"height":1179,"caption":"Collall B.V."},"image":{"@id":"https:\/\/collall.nl\/#\/schema\/logo\/image\/"},"sameAs":["https:\/\/www.facebook.com\/people\/Collall\/100064976852539\/","https:\/\/www.instagram.com\/collall_1949\/","https:\/\/nl.pinterest.com\/CollallBV\/","https:\/\/www.youtube.com\/channel\/UCrCGuwth_udZhTqJSh5g9zg"]}]}},"_links":{"self":[{"href":"https:\/\/collall.nl\/de\/wp-json\/wp\/v2\/product\/9929","targetHints":{"allow":["GET"]}}],"collection":[{"href":"https:\/\/collall.nl\/de\/wp-json\/wp\/v2\/product"}],"about":[{"href":"https:\/\/collall.nl\/de\/wp-json\/wp\/v2\/types\/product"}],"replies":[{"embeddable":true,"href":"https:\/\/collall.nl\/de\/wp-json\/wp\/v2\/comments?post=9929"}],"wp:featuredmedia":[{"embeddable":true,"href":"https:\/\/collall.nl\/de\/wp-json\/wp\/v2\/media\/18246"}],"wp:attachment":[{"href":"https:\/\/collall.nl\/de\/wp-json\/wp\/v2\/media?parent=9929"}],"wp:term":[{"taxonomy":"product_brand","embeddable":true,"href":"https:\/\/collall.nl\/de\/wp-json\/wp\/v2\/product_brand?post=9929"},{"taxonomy":"product_cat","embeddable":true,"href":"https:\/\/collall.nl\/de\/wp-json\/wp\/v2\/product_cat?post=9929"},{"taxonomy":"product_tag","embeddable":true,"href":"https:\/\/collall.nl\/de\/wp-json\/wp\/v2\/product_tag?post=9929"}],"curies":[{"name":"wp","href":"https:\/\/api.w.org\/{rel}","templated":true}]}}