{"id":9905,"date":"2022-03-01T09:15:05","date_gmt":"2022-03-01T09:15:05","guid":{"rendered":"http:\/\/collall.test\/product\/collall-textilkleber\/"},"modified":"2025-03-25T13:38:19","modified_gmt":"2025-03-25T12:38:19","slug":"collall-textilkleber","status":"publish","type":"product","link":"https:\/\/collall.nl\/de\/product\/collall-textilkleber\/","title":{"rendered":"Collall Textilkleber"},"content":{"rendered":"<p><strong>Sorte: <\/strong>Collall Textiellijm ist ein hochwertiger Polyvinylacetat (PVAc)-Kleber, der nach dem Trocknen eine flexible und starke Haftung bietet. Dieser wei\u00dfe, wasserbasierte PVAc-Kleber ist die ideale Wahl f\u00fcr die Arbeit mit Textilien und bietet vielseitige Anwendungsm\u00f6glichkeiten sowohl f\u00fcr DIY-Projekte als auch f\u00fcr professionelle Reparaturen.<\/p>\n<p><strong style=\"line-height: 1.6;\">Eigenschaften:<\/strong><\/p>\n<div class=\"flex flex-1 grow basis-auto flex-col overflow-hidden\">\n<div class=\"relative h-full\">\n<div class=\"flex h-full flex-col overflow-y-auto [scrollbar-gutter:stable]\">\n<div class=\"mt-1.5 flex flex-col text-sm @thread-xl\/thread:pt-header-height md:pb-9\">\n<article class=\"group\/turn w-full text-token-text-primary focus-visible:outline-2 focus-visible:outline-offset-[-4px]\" dir=\"auto\" tabindex=\"-1\" data-testid=\"conversation-turn-42\" data-scroll-anchor=\"true\">\n<div class=\"text-base my-auto mx-auto py-[18px] px-6\">\n<div class=\"mx-auto flex flex-1 text-base gap-4 md:gap-5 lg:gap-6 md:max-w-3xl lg:max-w-[40rem] xl:max-w-[48rem]\">\n<div class=\"group\/conversation-turn relative flex w-full min-w-0 flex-col agent-turn @xs\/thread:px-0 @sm\/thread:px-1.5 @md\/thread:px-4\">\n<div class=\"flex-col gap-1 md:gap-3\">\n<div class=\"flex max-w-full flex-col flex-grow\">\n<div class=\"min-h-8 text-message relative flex w-full flex-col items-end gap-2 whitespace-normal break-words text-start [.text-message+&amp;]:mt-5\" dir=\"auto\" data-message-author-role=\"assistant\" data-message-id=\"4797e90f-fa15-4e36-ac5e-859afdc25a46\" data-message-model-slug=\"gpt-4o-mini\">\n<div class=\"flex w-full flex-col gap-1 empty:hidden first:pt-[3px]\">\n<div class=\"markdown prose w-full break-words dark:prose-invert light\">\n<p class=\"\" data-start=\"0\" data-end=\"21\"><strong data-start=\"0\" data-end=\"21\">Erscheinungsbild:<\/strong><\/p>\n<ul>\n<li data-start=\"25\" data-end=\"57\">Wei\u00dfe, z\u00e4hfl\u00fcssige Fl\u00fcssigkeit<\/li>\n<li data-start=\"60\" data-end=\"70\">Flexibel<\/li>\n<li data-start=\"73\" data-end=\"92\">Schnell trocknend<\/li>\n<li data-start=\"95\" data-end=\"126\">Transparent nach dem Trocknen<\/li>\n<li data-start=\"129\" data-end=\"152\">L\u00f6sungsmittel: Wasser<\/li>\n<\/ul>\n<p class=\"\" data-start=\"154\" data-end=\"193\"><strong data-start=\"154\" data-end=\"174\">Hauptbestandteil<\/strong>: Polyvinylacetat<\/p>\n<p class=\"p1\"><b>Nat\u00fcrliche Inhaltsstoffe:<\/b> 40%<\/p>\n<p class=\"p1\"><b>Viskosit\u00e4t:<\/b> 5.000 mPa.s<\/p>\n<p class=\"\" data-start=\"195\" data-end=\"215\"><strong data-start=\"195\" data-end=\"206\">pH:<\/strong>\u00a04,8<\/p>\n<p class=\"\" data-start=\"217\" data-end=\"242\"><strong data-start=\"217\" data-end=\"227\">Dichte<\/strong>: 1,06 kg\/dm\u00b3<\/p>\n<p class=\"\" data-start=\"244\" data-end=\"258\"><strong data-start=\"244\" data-end=\"250\">CE<\/strong>: &#8211;<\/p>\n<p class=\"\" data-start=\"260\" data-end=\"279\"><strong data-start=\"260\" data-end=\"276\">Verarbeitung<\/strong>:<\/p>\n<ul>\n<li data-start=\"283\" data-end=\"365\">Die zu klebenden Materialien m\u00fcssen trocken und frei von Staub und Schmutz sein.<\/li>\n<li data-start=\"368\" data-end=\"474\">Tragen Sie eine d\u00fcnne Schicht Kleber auf beide Seiten auf, um das Durchdr\u00fccken des Klebers zu vermeiden.<\/li>\n<li data-start=\"477\" data-end=\"569\">Lassen Sie den Kleber kurz antrocknen. Dr\u00fccken Sie danach beide Oberfl\u00e4chen fest zusammen.<\/li>\n<li data-start=\"572\" data-end=\"623\">Geklebte Textilien nicht w\u00e4rmer als 40\u00b0C waschen.<\/li>\n<\/ul>\n<p><strong>Allergene:<\/strong> Enth\u00e4lt CMIT\/MIT.\u00a0Kann allergische Reaktionen hervorrufen.<\/p>\n<p class=\"\" data-start=\"702\" data-end=\"729\"><strong data-start=\"702\" data-end=\"714\">Geeignet<\/strong>: Ab 8 Jahren<\/p>\n<p class=\"\" data-start=\"731\" data-end=\"747\"><strong data-start=\"731\" data-end=\"744\">Reinigung<\/strong>:<\/p>\n<ul>\n<li data-start=\"751\" data-end=\"916\">Werkzeuge k\u00f6nnen mit warmem Wasser gereinigt werden, solange der Kleber noch nass ist (eventuell kann ein synthetisches Waschmittel zum Wasser hinzugef\u00fcgt werden).<\/li>\n<li data-start=\"919\" data-end=\"1086\">Frische Klebstoffflecken, die bereits fast getrocknet sind, in warmem Wasser einweichen und dann mit einer B\u00fcrste entfernen. Nur noch nasse Flecken sind auswaschbar!<\/li>\n<\/ul>\n<\/div>\n<\/div>\n<\/div>\n<\/div>\n<\/div>\n<\/div>\n<\/div>\n<\/div>\n<\/article>\n<\/div>\n<\/div>\n<\/div>\n<\/div>\n<div class=\"flex flex-1 grow basis-auto flex-col overflow-hidden\">\n<div class=\"relative h-full\">\n<div class=\"flex h-full flex-col overflow-y-auto [scrollbar-gutter:stable]\">\n<div class=\"mt-1.5 flex flex-col text-sm @thread-xl\/thread:pt-header-height md:pb-9\">\n<article class=\"group\/turn w-full text-token-text-primary focus-visible:outline-2 focus-visible:outline-offset-[-4px]\" dir=\"auto\" tabindex=\"-1\" data-testid=\"conversation-turn-38\" data-scroll-anchor=\"true\">\n<div class=\"text-base my-auto mx-auto py-[18px] px-6\">\n<div class=\"mx-auto flex flex-1 text-base gap-4 md:gap-5 lg:gap-6 md:max-w-3xl lg:max-w-[40rem] xl:max-w-[48rem]\">\n<div class=\"group\/conversation-turn relative flex w-full min-w-0 flex-col agent-turn @xs\/thread:px-0 @sm\/thread:px-1.5 @md\/thread:px-4\">\n<div class=\"flex-col gap-1 md:gap-3\">\n<div class=\"flex max-w-full flex-col flex-grow\">\n<div class=\"min-h-8 text-message relative flex w-full flex-col items-end gap-2 whitespace-normal break-words text-start [.text-message+&amp;]:mt-5\" dir=\"auto\" data-message-author-role=\"assistant\" data-message-id=\"e68824ec-9eac-46ca-9d7a-14350724acbb\" data-message-model-slug=\"gpt-4o-mini\">\n<div class=\"flex w-full flex-col gap-1 empty:hidden first:pt-[3px]\">\n<div class=\"markdown prose w-full break-words dark:prose-invert light\">\n<h4 data-start=\"0\" data-end=\"48\"><strong data-start=\"0\" data-end=\"48\">Was kann man mit Collall Textiellijm machen?<\/strong><\/h4>\n<p class=\"\" data-start=\"50\" data-end=\"148\">Collall Textiellijm eignet sich hervorragend f\u00fcr verschiedene Anwendungen auf Textilien, darunter:<\/p>\n<ul data-start=\"150\" data-end=\"512\">\n<li class=\"\" data-start=\"150\" data-end=\"244\">\n<p class=\"\" data-start=\"152\" data-end=\"244\"><strong data-start=\"152\" data-end=\"173\">Kleidung ums\u00e4umen<\/strong>: S\u00e4umen Sie schnell und einfach saubere S\u00e4ume, ohne n\u00e4hen zu m\u00fcssen.<\/p>\n<\/li>\n<li class=\"\" data-start=\"245\" data-end=\"397\">\n<p class=\"\" data-start=\"247\" data-end=\"397\"><strong data-start=\"247\" data-end=\"264\">Applikationen<\/strong>: Reparieren Sie kleine Sch\u00e4den an Kleidung, M\u00f6beln. Erstellen Sie Dekorationen f\u00fcr Kleidung, Taschen usw. und kleben Sie sie fest.<\/p>\n<\/li>\n<li class=\"\" data-start=\"398\" data-end=\"512\">\n<p class=\"\" data-start=\"400\" data-end=\"512\"><strong data-start=\"400\" data-end=\"424\">Zeltstoff reparieren<\/strong>: Reparieren Sie kleine Sch\u00e4den an Zelten, Segeln und anderen wasserdichten Materialien.<\/p>\n<\/li>\n<\/ul>\n<p class=\"\" data-start=\"514\" data-end=\"554\"><strong data-start=\"514\" data-end=\"554\">Verarbeitung von Collall Textiellijm<\/strong><\/p>\n<ul>\n<li data-start=\"558\" data-end=\"666\">Stellen Sie sicher, dass die zu klebenden Materialien trocken, sauber und frei von Staub und Schmutz sind.<\/li>\n<li data-start=\"669\" data-end=\"806\">Tragen Sie eine d\u00fcnne Schicht Collall Textiellijm auf beide zu verbindende Oberfl\u00e4chen auf. Dies verhindert das Durchdr\u00fccken der Klebe.<\/li>\n<li data-start=\"809\" data-end=\"847\">Lassen Sie den Kleber kurz trocknen.<\/li>\n<li data-start=\"850\" data-end=\"947\">Dr\u00fccken Sie dann beide Oberfl\u00e4chen fest zusammen und lassen Sie den Kleber vollst\u00e4ndig aush\u00e4rten.<\/li>\n<\/ul>\n<p class=\"\" data-start=\"949\" data-end=\"967\"><strong data-start=\"949\" data-end=\"967\">Wichtige Tipps<\/strong><\/p>\n<ul>\n<li data-start=\"971\" data-end=\"1054\">Waschen Sie geklebte Textilien nicht w\u00e4rmer als 40\u00b0C, um die Haftung zu erhalten.<\/li>\n<li data-start=\"1057\" data-end=\"1110\">Testen Sie immer zuerst an einem Probest\u00fcck Textil.<\/li>\n<li data-start=\"1113\" data-end=\"1213\">Geeignet f\u00fcr alle Arten von Textilien, einschlie\u00dflich Baumwolle, Leinen und synthetischen Stoffen.<\/li>\n<li data-start=\"1216\" data-end=\"1300\">Ideal f\u00fcr sowohl Hobbyisten als auch Profis, die mit Stoffen und Textilien arbeiten.<\/li>\n<\/ul>\n<p class=\"\" data-start=\"1302\" data-end=\"1339\"><strong data-start=\"1302\" data-end=\"1339\">Warum Collall Textiellijm w\u00e4hlen?<\/strong><\/p>\n<ul>\n<li data-start=\"1343\" data-end=\"1476\"><strong data-start=\"1343\" data-end=\"1359\">Flexibilit\u00e4t<\/strong>: Der Kleber bleibt nach dem Trocknen flexibel, wodurch er sich perfekt f\u00fcr Textilien eignet, die in Bewegung sind.<\/li>\n<li data-start=\"1479\" data-end=\"1593\"><strong data-start=\"1479\" data-end=\"1505\">Benutzerfreundlichkeit<\/strong>: Collall Textiellijm l\u00e4sst sich einfach direkt aus der praktischen Flasche auftragen.<\/li>\n<li data-start=\"1596\" data-end=\"1750\"><strong data-start=\"1596\" data-end=\"1611\">Wasserbasis<\/strong>: Dieser Kleber enth\u00e4lt keine sch\u00e4dlichen L\u00f6sungsmittel, was ihn zu einer guten Wahl f\u00fcr den Hausgebrauch und f\u00fcr Kinder ab 8 Jahren macht.<\/li>\n<\/ul>\n<p class=\"\" data-start=\"1752\" data-end=\"1838\"><strong data-start=\"1752\" data-end=\"1838\">PVAc-Kleber und Waschanwendungen \u2013 Was Sie \u00fcber Collall Textiellijm wissen sollten<\/strong><\/p>\n<p class=\"\" data-start=\"1840\" data-end=\"2139\">Ein PVAc-Kleber wie Collall Textiellijm muss nicht geb\u00fcgelt werden, bevor er gewaschen wird. PVAc-Kleber (Polyvinylacetat) bleibt nach dem Trocknen flexibel und stark und ist so formuliert, dass er leichten Waschg\u00e4ngen (normalerweise bis 40\u00b0C) gut standh\u00e4lt. Es gibt jedoch einige Dinge zu beachten:<\/p>\n<ul data-start=\"2141\" data-end=\"2890\" data-is-last-node=\"\" data-is-only-node=\"\">\n<li class=\"\" data-start=\"2141\" data-end=\"2385\">\n<p class=\"\" data-start=\"2143\" data-end=\"2385\"><strong data-start=\"2143\" data-end=\"2190\">Lassen Sie den Kleber vollst\u00e4ndig aush\u00e4rten<\/strong>: Stellen Sie sicher, dass der Kleber vollst\u00e4ndig trocken und ausgeh\u00e4rtet ist, bevor Sie das geklebte Textil waschen. Dies sorgt f\u00fcr die beste Haftung und verhindert, dass der Kleber sich l\u00f6st.<\/p>\n<\/li>\n<li class=\"\" data-start=\"2386\" data-end=\"2595\">\n<p class=\"\" data-start=\"2388\" data-end=\"2595\"><strong data-start=\"2388\" data-end=\"2426\">Waschen bei niedrigen Temperaturen<\/strong>: Waschen Sie geklebte Stoffe nicht w\u00e4rmer als 40\u00b0C, um die Haftung zu erhalten. H\u00f6here Temperaturen k\u00f6nnen den Kleber beeinflussen und dazu f\u00fchren, dass er sich l\u00f6st.<\/p>\n<\/li>\n<li class=\"\" data-start=\"2596\" data-end=\"2890\">\n<p class=\"\" data-start=\"2598\" data-end=\"2890\"><strong data-start=\"2598\" data-end=\"2628\">Kein B\u00fcgeln auf dem Kleber<\/strong>: Vermeiden Sie es, direkt \u00fcber die geklebten Stellen zu b\u00fcgeln, da die Hitze den Kleber besch\u00e4digen kann. Wenn B\u00fcgeln notwendig ist, verwenden Sie ein Tuch zwischen dem B\u00fcgeleisen und dem geklebten Bereich, damit der Kleber nicht mit der Hitze in Kontakt kommt.<\/p>\n<\/li>\n<\/ul>\n<\/div>\n<\/div>\n<\/div>\n<\/div>\n<div class=\"mb-2 flex gap-3 -ml-2\">\n<div class=\"flex items-center justify-start rounded-xl p-1\">\n<div>\n<div class=\"flex items-center\"><\/div>\n<\/div>\n<\/div>\n<\/div>\n<\/div>\n<\/div>\n<\/div>\n<\/div>\n<\/article>\n<\/div>\n<\/div>\n<\/div>\n<\/div>\n<div class=\"isolate w-full basis-auto has-[[data-has-thread-error]]:pt-2 has-[[data-has-thread-error]]:[box-shadow:var(--sharp-edge-bottom-shadow)] dark:border-white\/20 md:border-transparent md:pt-0 md:dark:border-transparent\">\n<div class=\"text-base mx-auto px-3 md:px-4 w-full md:px-5 lg:px-4 xl:px-5\">\n<div class=\"mx-auto flex flex-1 text-base gap-4 md:gap-5 lg:gap-6 md:max-w-3xl lg:max-w-[40rem] xl:max-w-[48rem]\">\n<form class=\"w-full\" aria-haspopup=\"dialog\" aria-expanded=\"false\" aria-controls=\"radix-:r9:\" data-state=\"closed\">\n<div class=\"relative z-[1] flex h-full max-w-full flex-1 flex-col\">\n<div class=\"group relative z-[1] flex w-full items-center\">\n<div class=\"w-full\">\n<div id=\"composer-background\" class=\"flex w-full cursor-text flex-col overflow-clip rounded-t-3xl border-t border-token-border-light duration-150 ease-in-out contain-inline-size motion-safe:transition-[color,background-color,border-color,text-decoration-color,fill,stroke,box-shadow,bottom] dark:border-none dark:shadow-none shadow-[0_9px_9px_0px_rgba(0,0,0,0.01),_0_2px_5px_0px_rgba(0,0,0,0.06)] has-[:focus]:shadow-[0_2px_12px_0px_rgba(0,0,0,0.04),_0_9px_9px_0px_rgba(0,0,0,0.01),_0_2px_5px_0px_rgba(0,0,0,0.06)] bg-token-main-surface-primary dark:bg-[#303030] rounded-b-3xl border-b\">\n<div class=\"px-3 py-1\">\n<div class=\"flex flex-col justify-start\">\n<div class=\"flex min-h-[44px] items-start pl-1\">\n<div class=\"min-w-0 max-w-full flex-1\"><\/div>\n<\/div>\n<\/div>\n<\/div>\n<\/div>\n<\/div>\n<\/div>\n<\/div>\n<\/form>\n<\/div>\n<\/div>\n<\/div>\n","protected":false},"excerpt":{"rendered":"<p>Wei\u00dfer PVAc-Kleber auf Wasserbasis. Verkleben von Textil mit Papier, Karton, Kork, Holz und Textil.<\/p>\n","protected":false},"featured_media":31955,"comment_status":"open","ping_status":"closed","template":"","meta":{"_acf_changed":false},"product_brand":[],"product_cat":[176],"product_tag":[3200],"class_list":{"0":"post-9905","1":"product","2":"type-product","3":"status-publish","4":"has-post-thumbnail","6":"product_cat-kleber-und-lackleim","7":"product_tag-pvac-de","9":"first","10":"instock","11":"shipping-taxable","12":"purchasable","13":"product-type-variable"},"acf":[],"yoast_head":"<!-- This site is optimized with the Yoast SEO plugin v27.2 - https:\/\/yoast.com\/product\/yoast-seo-wordpress\/ -->\n<title>Collall Textilkleber - Collall<\/title>\n<meta name=\"description\" content=\"Collall Textilkleber ist ein wei\u00dfer PVAc-Kleber auf Wasserbasis. Verkleben von Textil mit Papier, Karton, Kork, Holz und Textil.\" \/>\n<meta name=\"robots\" content=\"index, follow, max-snippet:-1, max-image-preview:large, max-video-preview:-1\" \/>\n<link rel=\"canonical\" href=\"https:\/\/collall.nl\/de\/product\/collall-textilkleber\/\" \/>\n<meta property=\"og:locale\" content=\"de_DE\" \/>\n<meta property=\"og:type\" content=\"article\" \/>\n<meta property=\"og:title\" content=\"Collall Textilkleber - Collall\" \/>\n<meta property=\"og:description\" content=\"Collall Textilkleber ist ein wei\u00dfer PVAc-Kleber auf Wasserbasis. Verkleben von Textil mit Papier, Karton, Kork, Holz und Textil.\" \/>\n<meta property=\"og:url\" content=\"https:\/\/collall.nl\/de\/product\/collall-textilkleber\/\" \/>\n<meta property=\"og:site_name\" content=\"Collall\" \/>\n<meta property=\"article:publisher\" content=\"https:\/\/www.facebook.com\/people\/Collall\/100064976852539\/\" \/>\n<meta property=\"article:modified_time\" content=\"2025-03-25T12:38:19+00:00\" \/>\n<meta property=\"og:image\" content=\"https:\/\/collall.nl\/wp-content\/uploads\/2022\/03\/COLTX0100-collall-textile-glue.jpg\" \/>\n\t<meta property=\"og:image:width\" content=\"1000\" \/>\n\t<meta property=\"og:image:height\" content=\"1000\" \/>\n\t<meta property=\"og:image:type\" content=\"image\/jpeg\" \/>\n<meta name=\"twitter:card\" content=\"summary_large_image\" \/>\n<meta name=\"twitter:label1\" content=\"Gesch\u00e4tzte Lesezeit\" \/>\n\t<meta name=\"twitter:data1\" content=\"4\u00a0Minuten\" \/>\n<script type=\"application\/ld+json\" class=\"yoast-schema-graph\">{\"@context\":\"https:\/\/schema.org\",\"@graph\":[{\"@type\":\"WebPage\",\"@id\":\"https:\/\/collall.nl\/de\/product\/collall-textilkleber\/\",\"url\":\"https:\/\/collall.nl\/de\/product\/collall-textilkleber\/\",\"name\":\"Collall Textilkleber - Collall\",\"isPartOf\":{\"@id\":\"https:\/\/collall.nl\/#website\"},\"primaryImageOfPage\":{\"@id\":\"https:\/\/collall.nl\/de\/product\/collall-textilkleber\/#primaryimage\"},\"image\":{\"@id\":\"https:\/\/collall.nl\/de\/product\/collall-textilkleber\/#primaryimage\"},\"thumbnailUrl\":\"https:\/\/collall.nl\/wp-content\/uploads\/2022\/03\/COLHX0100.webp\",\"datePublished\":\"2022-03-01T09:15:05+00:00\",\"dateModified\":\"2025-03-25T12:38:19+00:00\",\"description\":\"Collall Textilkleber ist ein wei\u00dfer PVAc-Kleber auf Wasserbasis. Verkleben von Textil mit Papier, Karton, Kork, Holz und Textil.\",\"breadcrumb\":{\"@id\":\"https:\/\/collall.nl\/de\/product\/collall-textilkleber\/#breadcrumb\"},\"inLanguage\":\"de\",\"potentialAction\":[{\"@type\":\"ReadAction\",\"target\":[\"https:\/\/collall.nl\/de\/product\/collall-textilkleber\/\"]}]},{\"@type\":\"ImageObject\",\"inLanguage\":\"de\",\"@id\":\"https:\/\/collall.nl\/de\/product\/collall-textilkleber\/#primaryimage\",\"url\":\"https:\/\/collall.nl\/wp-content\/uploads\/2022\/03\/COLHX0100.webp\",\"contentUrl\":\"https:\/\/collall.nl\/wp-content\/uploads\/2022\/03\/COLHX0100.webp\",\"width\":1000,\"height\":1000},{\"@type\":\"BreadcrumbList\",\"@id\":\"https:\/\/collall.nl\/de\/product\/collall-textilkleber\/#breadcrumb\",\"itemListElement\":[{\"@type\":\"ListItem\",\"position\":1,\"name\":\"Home\",\"item\":\"https:\/\/collall.nl\/de\/hauptseite\/\"},{\"@type\":\"ListItem\",\"position\":2,\"name\":\"Produkte\",\"item\":\"https:\/\/collall.nl\/de\/produkte\/\"},{\"@type\":\"ListItem\",\"position\":3,\"name\":\"Collall Textilkleber\"}]},{\"@type\":\"WebSite\",\"@id\":\"https:\/\/collall.nl\/#website\",\"url\":\"https:\/\/collall.nl\/\",\"name\":\"Collall\",\"description\":\"Adhesives &amp; Paints since 1949\",\"publisher\":{\"@id\":\"https:\/\/collall.nl\/#organization\"},\"potentialAction\":[{\"@type\":\"SearchAction\",\"target\":{\"@type\":\"EntryPoint\",\"urlTemplate\":\"https:\/\/collall.nl\/?s={search_term_string}\"},\"query-input\":{\"@type\":\"PropertyValueSpecification\",\"valueRequired\":true,\"valueName\":\"search_term_string\"}}],\"inLanguage\":\"de\"},{\"@type\":\"Organization\",\"@id\":\"https:\/\/collall.nl\/#organization\",\"name\":\"Collall B.V.\",\"url\":\"https:\/\/collall.nl\/\",\"logo\":{\"@type\":\"ImageObject\",\"inLanguage\":\"de\",\"@id\":\"https:\/\/collall.nl\/#\/schema\/logo\/image\/\",\"url\":\"https:\/\/collall.nl\/wp-content\/uploads\/2022\/08\/Collall-logo-186C_Reflex-blue.jpg\",\"contentUrl\":\"https:\/\/collall.nl\/wp-content\/uploads\/2022\/08\/Collall-logo-186C_Reflex-blue.jpg\",\"width\":1963,\"height\":1179,\"caption\":\"Collall B.V.\"},\"image\":{\"@id\":\"https:\/\/collall.nl\/#\/schema\/logo\/image\/\"},\"sameAs\":[\"https:\/\/www.facebook.com\/people\/Collall\/100064976852539\/\",\"https:\/\/www.instagram.com\/collall_1949\/\",\"https:\/\/nl.pinterest.com\/CollallBV\/\",\"https:\/\/www.youtube.com\/channel\/UCrCGuwth_udZhTqJSh5g9zg\"]}]}<\/script>\n<!-- \/ Yoast SEO plugin. -->","yoast_head_json":{"title":"Collall Textilkleber - Collall","description":"Collall Textilkleber ist ein wei\u00dfer PVAc-Kleber auf Wasserbasis. Verkleben von Textil mit Papier, Karton, Kork, Holz und Textil.","robots":{"index":"index","follow":"follow","max-snippet":"max-snippet:-1","max-image-preview":"max-image-preview:large","max-video-preview":"max-video-preview:-1"},"canonical":"https:\/\/collall.nl\/de\/product\/collall-textilkleber\/","og_locale":"de_DE","og_type":"article","og_title":"Collall Textilkleber - Collall","og_description":"Collall Textilkleber ist ein wei\u00dfer PVAc-Kleber auf Wasserbasis. Verkleben von Textil mit Papier, Karton, Kork, Holz und Textil.","og_url":"https:\/\/collall.nl\/de\/product\/collall-textilkleber\/","og_site_name":"Collall","article_publisher":"https:\/\/www.facebook.com\/people\/Collall\/100064976852539\/","article_modified_time":"2025-03-25T12:38:19+00:00","og_image":[{"width":1000,"height":1000,"url":"https:\/\/collall.nl\/wp-content\/uploads\/2022\/03\/COLTX0100-collall-textile-glue.jpg","type":"image\/jpeg"}],"twitter_card":"summary_large_image","twitter_misc":{"Gesch\u00e4tzte Lesezeit":"4\u00a0Minuten"},"schema":{"@context":"https:\/\/schema.org","@graph":[{"@type":"WebPage","@id":"https:\/\/collall.nl\/de\/product\/collall-textilkleber\/","url":"https:\/\/collall.nl\/de\/product\/collall-textilkleber\/","name":"Collall Textilkleber - Collall","isPartOf":{"@id":"https:\/\/collall.nl\/#website"},"primaryImageOfPage":{"@id":"https:\/\/collall.nl\/de\/product\/collall-textilkleber\/#primaryimage"},"image":{"@id":"https:\/\/collall.nl\/de\/product\/collall-textilkleber\/#primaryimage"},"thumbnailUrl":"https:\/\/collall.nl\/wp-content\/uploads\/2022\/03\/COLHX0100.webp","datePublished":"2022-03-01T09:15:05+00:00","dateModified":"2025-03-25T12:38:19+00:00","description":"Collall Textilkleber ist ein wei\u00dfer PVAc-Kleber auf Wasserbasis. Verkleben von Textil mit Papier, Karton, Kork, Holz und Textil.","breadcrumb":{"@id":"https:\/\/collall.nl\/de\/product\/collall-textilkleber\/#breadcrumb"},"inLanguage":"de","potentialAction":[{"@type":"ReadAction","target":["https:\/\/collall.nl\/de\/product\/collall-textilkleber\/"]}]},{"@type":"ImageObject","inLanguage":"de","@id":"https:\/\/collall.nl\/de\/product\/collall-textilkleber\/#primaryimage","url":"https:\/\/collall.nl\/wp-content\/uploads\/2022\/03\/COLHX0100.webp","contentUrl":"https:\/\/collall.nl\/wp-content\/uploads\/2022\/03\/COLHX0100.webp","width":1000,"height":1000},{"@type":"BreadcrumbList","@id":"https:\/\/collall.nl\/de\/product\/collall-textilkleber\/#breadcrumb","itemListElement":[{"@type":"ListItem","position":1,"name":"Home","item":"https:\/\/collall.nl\/de\/hauptseite\/"},{"@type":"ListItem","position":2,"name":"Produkte","item":"https:\/\/collall.nl\/de\/produkte\/"},{"@type":"ListItem","position":3,"name":"Collall Textilkleber"}]},{"@type":"WebSite","@id":"https:\/\/collall.nl\/#website","url":"https:\/\/collall.nl\/","name":"Collall","description":"Adhesives &amp; Paints since 1949","publisher":{"@id":"https:\/\/collall.nl\/#organization"},"potentialAction":[{"@type":"SearchAction","target":{"@type":"EntryPoint","urlTemplate":"https:\/\/collall.nl\/?s={search_term_string}"},"query-input":{"@type":"PropertyValueSpecification","valueRequired":true,"valueName":"search_term_string"}}],"inLanguage":"de"},{"@type":"Organization","@id":"https:\/\/collall.nl\/#organization","name":"Collall B.V.","url":"https:\/\/collall.nl\/","logo":{"@type":"ImageObject","inLanguage":"de","@id":"https:\/\/collall.nl\/#\/schema\/logo\/image\/","url":"https:\/\/collall.nl\/wp-content\/uploads\/2022\/08\/Collall-logo-186C_Reflex-blue.jpg","contentUrl":"https:\/\/collall.nl\/wp-content\/uploads\/2022\/08\/Collall-logo-186C_Reflex-blue.jpg","width":1963,"height":1179,"caption":"Collall B.V."},"image":{"@id":"https:\/\/collall.nl\/#\/schema\/logo\/image\/"},"sameAs":["https:\/\/www.facebook.com\/people\/Collall\/100064976852539\/","https:\/\/www.instagram.com\/collall_1949\/","https:\/\/nl.pinterest.com\/CollallBV\/","https:\/\/www.youtube.com\/channel\/UCrCGuwth_udZhTqJSh5g9zg"]}]}},"_links":{"self":[{"href":"https:\/\/collall.nl\/de\/wp-json\/wp\/v2\/product\/9905","targetHints":{"allow":["GET"]}}],"collection":[{"href":"https:\/\/collall.nl\/de\/wp-json\/wp\/v2\/product"}],"about":[{"href":"https:\/\/collall.nl\/de\/wp-json\/wp\/v2\/types\/product"}],"replies":[{"embeddable":true,"href":"https:\/\/collall.nl\/de\/wp-json\/wp\/v2\/comments?post=9905"}],"wp:featuredmedia":[{"embeddable":true,"href":"https:\/\/collall.nl\/de\/wp-json\/wp\/v2\/media\/31955"}],"wp:attachment":[{"href":"https:\/\/collall.nl\/de\/wp-json\/wp\/v2\/media?parent=9905"}],"wp:term":[{"taxonomy":"product_brand","embeddable":true,"href":"https:\/\/collall.nl\/de\/wp-json\/wp\/v2\/product_brand?post=9905"},{"taxonomy":"product_cat","embeddable":true,"href":"https:\/\/collall.nl\/de\/wp-json\/wp\/v2\/product_cat?post=9905"},{"taxonomy":"product_tag","embeddable":true,"href":"https:\/\/collall.nl\/de\/wp-json\/wp\/v2\/product_tag?post=9905"}],"curies":[{"name":"wp","href":"https:\/\/api.w.org\/{rel}","templated":true}]}}