{"id":9849,"date":"2022-03-01T09:14:01","date_gmt":"2022-03-01T09:14:06","guid":{"rendered":"http:\/\/collall.test\/product\/collall-holzleim\/"},"modified":"2025-05-20T16:58:20","modified_gmt":"2025-05-20T14:58:20","slug":"collall-holzleim","status":"publish","type":"product","link":"https:\/\/collall.nl\/de\/product\/collall-holzleim\/","title":{"rendered":"Collall Holzleim"},"content":{"rendered":"<p><strong>Klebstofftyp:<\/strong>Collall D3 Holzleim ist ein wasserbest\u00e4ndiger und gebrauchsfertiger Holzleim f\u00fcr Innen- und Au\u00dfenanwendungen. Perfekt geeignet f\u00fcr Verklebungen in feuchten Bereichen wie Badezimmern und K\u00fcchen. Mit Collall Holzleim k\u00f6nnen Sie Holz, Sperrholz, Laminate und Karton verkleben. Wasserbest\u00e4ndig D3 &#8211; EN204.<\/p>\n<p><strong>Eigenschaften:<\/strong><\/p>\n<ul>\n<li>dickfl\u00fcssig, wei\u00df<\/li>\n<li>nach dem Trocknen transparent und wasserfest<\/li>\n<li>schnelltrocknend<\/li>\n<\/ul>\n<p><strong>L\u00f6sungsmittel: <\/strong>Wasser<\/p>\n<p><strong>Hauptinhaltsstoff:<\/strong> Polyvinylacetaat PVAc<\/p>\n<p class=\"p1\"><b>Natural ingredients:<\/b> 50%<\/p>\n<p class=\"p1\"><b>Viscosity:<\/b> 12.000 mPa.s<\/p>\n<p><strong>pH:<\/strong> 3<\/p>\n<p><strong>Dichte: <\/strong>1,09 kg\/dm3<\/p>\n<p><strong>Verbrauch: <\/strong>100 \u2013 150 g pro m\u00b2 (einseitig)<\/p>\n<p><strong>Anwendung: <\/strong><\/p>\n<ul>\n<li>Kann zum Kleben von Holz, Kork, Filz, Styropor, Karton, verschieden Plastikarten, Sperrholz und Laminaten verwendet werden.<\/li>\n<li>Verwendung in Innenbereichen und gesch\u00fctzten Au\u00dfenbereichen.<\/li>\n<\/ul>\n<p>Die zu verleimenden Fl\u00e4chen m\u00fcssen trocken und sauber sein. Bei gro\u00dfen Gegenst\u00e4nden ist es wichtig, dass die beiden zu verleimenden Teile gleichm\u00e4\u00dfig befeuchtet sind. Mindestens eine Seite muss Wasser aufnehmen k\u00f6nnen, damit der Kleber trocknen kann. Der Leim kann ein- oder zweiseitig aufgetragen werden. Zweiseitiges Auftragen gibt eine bessere Wasserbest\u00e4ndigkeit. Der Leim kann mit Wasser verd\u00fcnnt werden. Dies wirkt sich jedoch auf die Trockenzeit und Wasserbest\u00e4ndigkeit aus. Beide Teile nach dem Kleben festdr\u00fccken. Die optimale Festigkeit und Wasserbest\u00e4ndigkeit werden nach ein paar Tagen erreicht.<\/p>\n<p><strong>Allergene<\/strong>: Enth\u00e4lt CMIT\/MIT. Kann allergische Reaktionen hervorrufen.<\/p>\n<p><strong>Geeignet f\u00fcr<\/strong>: Kinder ab 6 Jahren<\/p>\n<p><strong>Reinigung: <\/strong>Werkzeug kann mit Wasser gereinigt werden solange der Kleber noch feucht ist. Falls n\u00f6tig, kann dem Wasser ein synthetisches Reinigungsmittel beigef\u00fcgt werden. Eingetrocknete Flecken sollten in warmem Wasser eingeweicht und mit einer B\u00fcrste entfernt werden.<\/p>\n<h4 data-start=\"3933\" data-end=\"3997\"><strong data-start=\"3941\" data-end=\"3997\">Qualit\u00e4t, auf die Sie sich verlassen k\u00f6nnen<\/strong><\/h4>\n<p class=\"\" data-start=\"3999\" data-end=\"4374\"><strong data-start=\"3999\" data-end=\"4022\">Collall Holzleim D3<\/strong> ist ein gebrauchsfertiger, wasserbest\u00e4ndiger Holzleim in <strong data-start=\"4080\" data-end=\"4108\">professioneller Qualit\u00e4t<\/strong>. Durch die <strong data-start=\"4120\" data-end=\"4153\">D3-Klassifizierung nach EN204<\/strong> ist der Leim feuchtigkeitsresistent und eignet sich sowohl f\u00fcr <strong data-start=\"4217\" data-end=\"4248\">Anwendungen im Innenbereich<\/strong> als auch f\u00fcr den <strong data-start=\"4266\" data-end=\"4294\">gesch\u00fctzten Au\u00dfeneinsatz<\/strong> (z.\u202fB. unter einem Vordach). Ideal f\u00fcr starke Holzverbindungen im und ums Haus.<\/p>\n<p class=\"\" data-start=\"4376\" data-end=\"4540\">Dieser dickfl\u00fcssige, wei\u00dfe Holzleim <strong data-start=\"4412\" data-end=\"4436\">trocknet transparent<\/strong> und sorgt f\u00fcr eine <strong data-start=\"4456\" data-end=\"4492\">starke und dauerhafte Verbindung<\/strong>. Er haftet hervorragend auf vielen Materialien:<\/p>\n<ul>\n<li data-start=\"4544\" data-end=\"4602\">Verschiedene Holzarten (Massivholz, Weichholz, Hartholz)<\/li>\n<li data-start=\"4605\" data-end=\"4610\">MDF<\/li>\n<li data-start=\"4613\" data-end=\"4638\">Sperrholz und Multiplex<\/li>\n<li data-start=\"4641\" data-end=\"4650\">Laminat<\/li>\n<li data-start=\"4653\" data-end=\"4668\">Karton und Kork<\/li>\n<\/ul>\n<p class=\"\" data-start=\"4670\" data-end=\"4861\">Egal ob Sie ein Vogelh\u00e4uschen bauen, ein M\u00f6belst\u00fcck reparieren oder ein Modell konstruieren \u2013 <strong data-start=\"4764\" data-end=\"4791\">mit Collall Holzleim D3<\/strong> haben Sie die Kraft, Pr\u00e4zision und Zuverl\u00e4ssigkeit, die Sie brauchen.<\/p>\n<h4 data-start=\"4863\" data-end=\"4895\">F\u00fcr Bastler und Heimwerker<\/h4>\n<p class=\"\" data-start=\"4896\" data-end=\"5090\">F\u00fcr kreative Menschen und DIY-Fans ist der Collall Holzleim ein unverzichtbares Werkzeug. Dank der einfachen Anwendung, der schnellen Trocknung und der transparenten Oberfl\u00e4che ist er ideal f\u00fcr:<\/p>\n<ul>\n<li data-start=\"5094\" data-end=\"5124\">Holzobjekte und Dekorationen<\/li>\n<li data-start=\"5127\" data-end=\"5166\">Konstruktionen aus Karton oder Papier<\/li>\n<li data-start=\"5169\" data-end=\"5213\">Modellbau, Bastelprojekte und Holzarbeiten<\/li>\n<li data-start=\"5216\" data-end=\"5281\">Reparaturen kleiner Holzteile und Verbindungen (z.\u202fB. bei M\u00f6beln)<\/li>\n<\/ul>\n<p class=\"\" data-start=\"5283\" data-end=\"5403\">Die <strong data-start=\"5287\" data-end=\"5316\">l\u00f6sungsmittelfreie Formel<\/strong> sorgt f\u00fcr ein angenehmes Arbeiten \u2013 <strong data-start=\"5353\" data-end=\"5402\">ohne st\u00f6renden Geruch oder gef\u00e4hrliche D\u00e4mpfe<\/strong>.<\/p>\n<p data-start=\"5405\" data-end=\"5438\"><strong>F\u00fcr den schulischen Einsatz<\/strong><\/p>\n<p class=\"\" data-start=\"5439\" data-end=\"5721\">In der Schule sind <strong data-start=\"5458\" data-end=\"5513\">Sicherheit, Benutzerfreundlichkeit und Effektivit\u00e4t<\/strong> entscheidend. Der Collall Holzleim D3 erf\u00fcllt alle diese Anforderungen. Der Leim ist <strong data-start=\"5599\" data-end=\"5644\">wasserbasiert und frei von L\u00f6sungsmitteln<\/strong>, was eine sichere und geruchsfreie Anwendung im Klassenzimmer gew\u00e4hrleistet.<\/p>\n<p class=\"\" data-start=\"5723\" data-end=\"5848\">Geeignet f\u00fcr Sch\u00fclerinnen und Sch\u00fcler <strong data-start=\"5761\" data-end=\"5783\">aller Altersstufen<\/strong>, von der Grundschule bis zur weiterf\u00fchrenden Schule \u2013 ideal f\u00fcr:<\/p>\n<ul>\n<li data-start=\"5852\" data-end=\"5871\">Technikunterricht<\/li>\n<li data-start=\"5874\" data-end=\"5901\">Kunst- und Werkunterricht<\/li>\n<li data-start=\"5904\" data-end=\"5946\">Bastelarbeiten mit Eisstielen und Karton<\/li>\n<li data-start=\"5949\" data-end=\"5985\">Holzverbindungen im Praxisunterricht<\/li>\n<\/ul>\n<p class=\"\" data-start=\"709\" data-end=\"763\"><strong data-start=\"709\" data-end=\"761\">Weitere Collall PVAc-Klebstoffe auf Wasserbasis:<\/strong><\/p>\n<ul>\n<li data-start=\"766\" data-end=\"788\">Collall Schaumkleber<\/li>\n<li data-start=\"812\" data-end=\"834\">Collall Bastelkleber<\/li>\n<li data-start=\"837\" data-end=\"859\">Collall Mosaikkleber<\/li>\n<li data-start=\"862\" data-end=\"887\">Collall Quilling-Kleber<\/li>\n<li data-start=\"890\" data-end=\"910\">Collall Tacky Glue<\/li>\n<li data-start=\"913\" data-end=\"935\">Collall Textilkleber<\/li>\n<li data-start=\"938\" data-end=\"956\">Collall Filzkleber<\/li>\n<\/ul>\n","protected":false},"excerpt":{"rendered":"<p>Ein schnelltrocknender, wasserbest\u00e4ndiger Klebstoff D3.<\/p>\n<p><img loading=\"lazy\" decoding=\"async\" class=\"alignnone size-full wp-image-27700\" src=\"https:\/\/collall.nl\/wp-content\/uploads\/2022\/03\/Collall-EN204-D3-wood-glue-water-restitant.jpg\" alt=\"\" width=\"253\" height=\"254\" srcset=\"https:\/\/collall.nl\/wp-content\/uploads\/2022\/03\/Collall-EN204-D3-wood-glue-water-restitant.jpg 253w, https:\/\/collall.nl\/wp-content\/uploads\/2022\/03\/Collall-EN204-D3-wood-glue-water-restitant-150x150.jpg 150w, https:\/\/collall.nl\/wp-content\/uploads\/2022\/03\/Collall-EN204-D3-wood-glue-water-restitant-235x236.jpg 235w, https:\/\/collall.nl\/wp-content\/uploads\/2022\/03\/Collall-EN204-D3-wood-glue-water-restitant-100x100.jpg 100w\" sizes=\"auto, (max-width: 253px) 100vw, 253px\" \/><\/p>\n","protected":false},"featured_media":19974,"comment_status":"open","ping_status":"closed","template":"","meta":{"_acf_changed":false},"product_brand":[],"product_cat":[176],"product_tag":[3200],"class_list":{"0":"post-9849","1":"product","2":"type-product","3":"status-publish","4":"has-post-thumbnail","6":"product_cat-kleber-und-lackleim","7":"product_tag-pvac-de","9":"first","10":"instock","11":"shipping-taxable","12":"purchasable","13":"product-type-variable"},"acf":[],"yoast_head":"<!-- This site is optimized with the Yoast SEO plugin v27.2 - https:\/\/yoast.com\/product\/yoast-seo-wordpress\/ -->\n<title>Collall Holzleim - Collall<\/title>\n<meta name=\"description\" content=\"Ein schnelltrocknender, wasserfester, wei\u00dfer Leim auf Wasserbasis. Der Leim trocknet transparent aus. D3 Qualit\u00e4t.\" \/>\n<meta name=\"robots\" content=\"index, follow, max-snippet:-1, max-image-preview:large, max-video-preview:-1\" \/>\n<link rel=\"canonical\" href=\"https:\/\/collall.nl\/de\/product\/collall-holzleim\/\" \/>\n<meta property=\"og:locale\" content=\"de_DE\" \/>\n<meta property=\"og:type\" content=\"article\" \/>\n<meta property=\"og:title\" content=\"Collall Holzleim - Collall\" \/>\n<meta property=\"og:description\" content=\"Ein schnelltrocknender, wasserfester, wei\u00dfer Leim auf Wasserbasis. Der Leim trocknet transparent aus. D3 Qualit\u00e4t.\" \/>\n<meta property=\"og:url\" content=\"https:\/\/collall.nl\/de\/product\/collall-holzleim\/\" \/>\n<meta property=\"og:site_name\" content=\"Collall\" \/>\n<meta property=\"article:publisher\" content=\"https:\/\/www.facebook.com\/people\/Collall\/100064976852539\/\" \/>\n<meta property=\"article:modified_time\" content=\"2025-05-20T14:58:20+00:00\" \/>\n<meta property=\"og:image\" content=\"https:\/\/collall.nl\/wp-content\/uploads\/2022\/03\/COLHL0100.jpg\" \/>\n\t<meta property=\"og:image:width\" content=\"800\" \/>\n\t<meta property=\"og:image:height\" content=\"800\" \/>\n\t<meta property=\"og:image:type\" content=\"image\/jpeg\" \/>\n<meta name=\"twitter:card\" content=\"summary_large_image\" \/>\n<meta name=\"twitter:label1\" content=\"Gesch\u00e4tzte Lesezeit\" \/>\n\t<meta name=\"twitter:data1\" content=\"3\u00a0Minuten\" \/>\n<script type=\"application\/ld+json\" class=\"yoast-schema-graph\">{\"@context\":\"https:\/\/schema.org\",\"@graph\":[{\"@type\":\"WebPage\",\"@id\":\"https:\/\/collall.nl\/de\/product\/collall-holzleim\/\",\"url\":\"https:\/\/collall.nl\/de\/product\/collall-holzleim\/\",\"name\":\"Collall Holzleim - Collall\",\"isPartOf\":{\"@id\":\"https:\/\/collall.nl\/#website\"},\"primaryImageOfPage\":{\"@id\":\"https:\/\/collall.nl\/de\/product\/collall-holzleim\/#primaryimage\"},\"image\":{\"@id\":\"https:\/\/collall.nl\/de\/product\/collall-holzleim\/#primaryimage\"},\"thumbnailUrl\":\"https:\/\/collall.nl\/wp-content\/uploads\/2022\/03\/COLHL0100.jpg\",\"datePublished\":\"2022-03-01T09:14:06+00:00\",\"dateModified\":\"2025-05-20T14:58:20+00:00\",\"description\":\"Ein schnelltrocknender, wasserfester, wei\u00dfer Leim auf Wasserbasis. Der Leim trocknet transparent aus. D3 Qualit\u00e4t.\",\"breadcrumb\":{\"@id\":\"https:\/\/collall.nl\/de\/product\/collall-holzleim\/#breadcrumb\"},\"inLanguage\":\"de\",\"potentialAction\":[{\"@type\":\"ReadAction\",\"target\":[\"https:\/\/collall.nl\/de\/product\/collall-holzleim\/\"]}]},{\"@type\":\"ImageObject\",\"inLanguage\":\"de\",\"@id\":\"https:\/\/collall.nl\/de\/product\/collall-holzleim\/#primaryimage\",\"url\":\"https:\/\/collall.nl\/wp-content\/uploads\/2022\/03\/COLHL0100.jpg\",\"contentUrl\":\"https:\/\/collall.nl\/wp-content\/uploads\/2022\/03\/COLHL0100.jpg\",\"width\":800,\"height\":800},{\"@type\":\"BreadcrumbList\",\"@id\":\"https:\/\/collall.nl\/de\/product\/collall-holzleim\/#breadcrumb\",\"itemListElement\":[{\"@type\":\"ListItem\",\"position\":1,\"name\":\"Home\",\"item\":\"https:\/\/collall.nl\/de\/hauptseite\/\"},{\"@type\":\"ListItem\",\"position\":2,\"name\":\"Produkte\",\"item\":\"https:\/\/collall.nl\/de\/produkte\/\"},{\"@type\":\"ListItem\",\"position\":3,\"name\":\"Collall Holzleim\"}]},{\"@type\":\"WebSite\",\"@id\":\"https:\/\/collall.nl\/#website\",\"url\":\"https:\/\/collall.nl\/\",\"name\":\"Collall\",\"description\":\"Adhesives &amp; Paints since 1949\",\"publisher\":{\"@id\":\"https:\/\/collall.nl\/#organization\"},\"potentialAction\":[{\"@type\":\"SearchAction\",\"target\":{\"@type\":\"EntryPoint\",\"urlTemplate\":\"https:\/\/collall.nl\/?s={search_term_string}\"},\"query-input\":{\"@type\":\"PropertyValueSpecification\",\"valueRequired\":true,\"valueName\":\"search_term_string\"}}],\"inLanguage\":\"de\"},{\"@type\":\"Organization\",\"@id\":\"https:\/\/collall.nl\/#organization\",\"name\":\"Collall B.V.\",\"url\":\"https:\/\/collall.nl\/\",\"logo\":{\"@type\":\"ImageObject\",\"inLanguage\":\"de\",\"@id\":\"https:\/\/collall.nl\/#\/schema\/logo\/image\/\",\"url\":\"https:\/\/collall.nl\/wp-content\/uploads\/2022\/08\/Collall-logo-186C_Reflex-blue.jpg\",\"contentUrl\":\"https:\/\/collall.nl\/wp-content\/uploads\/2022\/08\/Collall-logo-186C_Reflex-blue.jpg\",\"width\":1963,\"height\":1179,\"caption\":\"Collall B.V.\"},\"image\":{\"@id\":\"https:\/\/collall.nl\/#\/schema\/logo\/image\/\"},\"sameAs\":[\"https:\/\/www.facebook.com\/people\/Collall\/100064976852539\/\",\"https:\/\/www.instagram.com\/collall_1949\/\",\"https:\/\/nl.pinterest.com\/CollallBV\/\",\"https:\/\/www.youtube.com\/channel\/UCrCGuwth_udZhTqJSh5g9zg\"]}]}<\/script>\n<!-- \/ Yoast SEO plugin. -->","yoast_head_json":{"title":"Collall Holzleim - Collall","description":"Ein schnelltrocknender, wasserfester, wei\u00dfer Leim auf Wasserbasis. Der Leim trocknet transparent aus. D3 Qualit\u00e4t.","robots":{"index":"index","follow":"follow","max-snippet":"max-snippet:-1","max-image-preview":"max-image-preview:large","max-video-preview":"max-video-preview:-1"},"canonical":"https:\/\/collall.nl\/de\/product\/collall-holzleim\/","og_locale":"de_DE","og_type":"article","og_title":"Collall Holzleim - Collall","og_description":"Ein schnelltrocknender, wasserfester, wei\u00dfer Leim auf Wasserbasis. Der Leim trocknet transparent aus. D3 Qualit\u00e4t.","og_url":"https:\/\/collall.nl\/de\/product\/collall-holzleim\/","og_site_name":"Collall","article_publisher":"https:\/\/www.facebook.com\/people\/Collall\/100064976852539\/","article_modified_time":"2025-05-20T14:58:20+00:00","og_image":[{"width":800,"height":800,"url":"https:\/\/collall.nl\/wp-content\/uploads\/2022\/03\/COLHL0100.jpg","type":"image\/jpeg"}],"twitter_card":"summary_large_image","twitter_misc":{"Gesch\u00e4tzte Lesezeit":"3\u00a0Minuten"},"schema":{"@context":"https:\/\/schema.org","@graph":[{"@type":"WebPage","@id":"https:\/\/collall.nl\/de\/product\/collall-holzleim\/","url":"https:\/\/collall.nl\/de\/product\/collall-holzleim\/","name":"Collall Holzleim - Collall","isPartOf":{"@id":"https:\/\/collall.nl\/#website"},"primaryImageOfPage":{"@id":"https:\/\/collall.nl\/de\/product\/collall-holzleim\/#primaryimage"},"image":{"@id":"https:\/\/collall.nl\/de\/product\/collall-holzleim\/#primaryimage"},"thumbnailUrl":"https:\/\/collall.nl\/wp-content\/uploads\/2022\/03\/COLHL0100.jpg","datePublished":"2022-03-01T09:14:06+00:00","dateModified":"2025-05-20T14:58:20+00:00","description":"Ein schnelltrocknender, wasserfester, wei\u00dfer Leim auf Wasserbasis. Der Leim trocknet transparent aus. D3 Qualit\u00e4t.","breadcrumb":{"@id":"https:\/\/collall.nl\/de\/product\/collall-holzleim\/#breadcrumb"},"inLanguage":"de","potentialAction":[{"@type":"ReadAction","target":["https:\/\/collall.nl\/de\/product\/collall-holzleim\/"]}]},{"@type":"ImageObject","inLanguage":"de","@id":"https:\/\/collall.nl\/de\/product\/collall-holzleim\/#primaryimage","url":"https:\/\/collall.nl\/wp-content\/uploads\/2022\/03\/COLHL0100.jpg","contentUrl":"https:\/\/collall.nl\/wp-content\/uploads\/2022\/03\/COLHL0100.jpg","width":800,"height":800},{"@type":"BreadcrumbList","@id":"https:\/\/collall.nl\/de\/product\/collall-holzleim\/#breadcrumb","itemListElement":[{"@type":"ListItem","position":1,"name":"Home","item":"https:\/\/collall.nl\/de\/hauptseite\/"},{"@type":"ListItem","position":2,"name":"Produkte","item":"https:\/\/collall.nl\/de\/produkte\/"},{"@type":"ListItem","position":3,"name":"Collall Holzleim"}]},{"@type":"WebSite","@id":"https:\/\/collall.nl\/#website","url":"https:\/\/collall.nl\/","name":"Collall","description":"Adhesives &amp; Paints since 1949","publisher":{"@id":"https:\/\/collall.nl\/#organization"},"potentialAction":[{"@type":"SearchAction","target":{"@type":"EntryPoint","urlTemplate":"https:\/\/collall.nl\/?s={search_term_string}"},"query-input":{"@type":"PropertyValueSpecification","valueRequired":true,"valueName":"search_term_string"}}],"inLanguage":"de"},{"@type":"Organization","@id":"https:\/\/collall.nl\/#organization","name":"Collall B.V.","url":"https:\/\/collall.nl\/","logo":{"@type":"ImageObject","inLanguage":"de","@id":"https:\/\/collall.nl\/#\/schema\/logo\/image\/","url":"https:\/\/collall.nl\/wp-content\/uploads\/2022\/08\/Collall-logo-186C_Reflex-blue.jpg","contentUrl":"https:\/\/collall.nl\/wp-content\/uploads\/2022\/08\/Collall-logo-186C_Reflex-blue.jpg","width":1963,"height":1179,"caption":"Collall B.V."},"image":{"@id":"https:\/\/collall.nl\/#\/schema\/logo\/image\/"},"sameAs":["https:\/\/www.facebook.com\/people\/Collall\/100064976852539\/","https:\/\/www.instagram.com\/collall_1949\/","https:\/\/nl.pinterest.com\/CollallBV\/","https:\/\/www.youtube.com\/channel\/UCrCGuwth_udZhTqJSh5g9zg"]}]}},"_links":{"self":[{"href":"https:\/\/collall.nl\/de\/wp-json\/wp\/v2\/product\/9849","targetHints":{"allow":["GET"]}}],"collection":[{"href":"https:\/\/collall.nl\/de\/wp-json\/wp\/v2\/product"}],"about":[{"href":"https:\/\/collall.nl\/de\/wp-json\/wp\/v2\/types\/product"}],"replies":[{"embeddable":true,"href":"https:\/\/collall.nl\/de\/wp-json\/wp\/v2\/comments?post=9849"}],"wp:featuredmedia":[{"embeddable":true,"href":"https:\/\/collall.nl\/de\/wp-json\/wp\/v2\/media\/19974"}],"wp:attachment":[{"href":"https:\/\/collall.nl\/de\/wp-json\/wp\/v2\/media?parent=9849"}],"wp:term":[{"taxonomy":"product_brand","embeddable":true,"href":"https:\/\/collall.nl\/de\/wp-json\/wp\/v2\/product_brand?post=9849"},{"taxonomy":"product_cat","embeddable":true,"href":"https:\/\/collall.nl\/de\/wp-json\/wp\/v2\/product_cat?post=9849"},{"taxonomy":"product_tag","embeddable":true,"href":"https:\/\/collall.nl\/de\/wp-json\/wp\/v2\/product_tag?post=9849"}],"curies":[{"name":"wp","href":"https:\/\/api.w.org\/{rel}","templated":true}]}}