{"id":9678,"date":"2022-03-01T09:12:49","date_gmt":"2022-03-01T09:12:52","guid":{"rendered":"http:\/\/collall.test\/product\/collall-kinderkleber\/"},"modified":"2025-06-12T14:50:13","modified_gmt":"2025-06-12T12:50:13","slug":"collall-kinderkleber","status":"publish","type":"product","link":"https:\/\/collall.nl\/de\/product\/collall-kinderkleber\/","title":{"rendered":"Collall Kinderkleber"},"content":{"rendered":"<p><strong>Sorte: <\/strong>Collall Kinderkleber ist geeignet zum Kleben von Papier, Karton, Kork, Holz, Styropor, leichte Kunststoffe.<\/p>\n<p><strong>Aussehen und Geruch:<\/strong><\/p>\n<ul>\n<li>Mitteldickfl\u00fcssig<\/li>\n<li>Geruchlos<\/li>\n<li>Reversibel<\/li>\n<li>Leicht auswaschbar<\/li>\n<\/ul>\n<p class=\"p1\"><strong>L\u00f6sungsmittel:<\/strong> Wasser<\/p>\n<p class=\"p1\"><strong>Hauptinhaltsstoff: <\/strong>Polyvinylalkohol<\/p>\n<p data-start=\"0\" data-end=\"32\"><strong>Nat\u00fcrliche Inhaltsstoffe:<\/strong> 99%<\/p>\n<p data-start=\"34\" data-end=\"57\" data-is-last-node=\"\" data-is-only-node=\"\"><strong>Viskosit\u00e4t:<\/strong> 3.000 mPa.s<\/p>\n<p><strong>pH: <\/strong>7<\/p>\n<p><strong>Dichte:<\/strong> 1,025 g\/dm\u00b3<\/p>\n<p><strong>CE:<\/strong> Ja<\/p>\n<p><strong>Leimverbrauch: <\/strong>Abh\u00e4ngig von der Saugf\u00e4higkeit der zu verklebenden Materialien etwa 100 bis 150 Gramm pro Quadratmeter, einseitig aufgetragen.<\/p>\n<p class=\"p1\"><strong>Verwendung:<\/strong><\/p>\n<ul class=\"ul1\">\n<li class=\"li1\">Die zu klebenden Materialien sollten trocken und frei von Staub und Schmutz sein.<\/li>\n<li class=\"li1\">Direkt aus der Flasche auf die Oberfl\u00e4che auftragen und gegebenenfalls mit einem\u00a0<a href=\"https:\/\/collall.nl\/de\/product\/colorall-leimpinsel-leimspachtel\/\"><span class=\"s2\">Spachtel oder Pinsel<\/span><\/a>\u00a0verteilen.<\/li>\n<li class=\"li1\">Idealerweise bei Raumtemperatur verwenden. Kurz antrocknen lassen und beide Teile einige Augenblicken fest andr\u00fccken.<\/li>\n<li class=\"li1\">Der Klebstoff kann einseitig oder zweiseitig aufgetragen werden.<\/li>\n<\/ul>\n<p><strong>Allergene:<\/strong>\u00a0Enth\u00e4lt CMIT\/MIT.\u00a0Kann allergische Reaktionen hervorrufen.<\/p>\n<p><strong>Geeignet f\u00fcr: <\/strong>Kinder ab 3 Jahren. Enth\u00e4lt Bitter.<\/p>\n<p class=\"p1\"><strong>Reinigung:<\/strong><\/p>\n<ul>\n<li class=\"p1\">Wenn der Kleber noch feucht ist, k\u00f6nnen Werkzeuge\/Oberfl\u00e4chen einfach mit Wasser gereinigt werden.<\/li>\n<li class=\"p1\">Leicht mit kaltem\/warmem Wasser von Hand oder in der Waschmaschine auswaschbar.<\/li>\n<\/ul>\n<h4 data-start=\"104\" data-end=\"400\">Auf der Suche nach einem hochwertigen Kleber f\u00fcr Kinder?<\/h4>\n<p data-start=\"104\" data-end=\"400\">Der <strong data-start=\"167\" data-end=\"191\">Collall Kinderkleber<\/strong> ist die ideale Wahl f\u00fcr jede Menge Bastelspa\u00df in der Schule und zu Hause. Dieser Kleber wurde speziell f\u00fcr junge Kreative entwickelt und bietet unendliche M\u00f6glichkeiten, die sch\u00f6nsten Kunstwerke zu gestalten.<\/p>\n<p data-start=\"407\" data-end=\"561\"><strong data-start=\"407\" data-end=\"451\">Wof\u00fcr kannst du diesen Kleber verwenden?<\/strong><br data-start=\"451\" data-end=\"454\" \/>Hier sind einige beliebte Schulprojekte, bei denen der Collall Kinderkleber hervorragend zum Einsatz kommt:<\/p>\n<ol>\n<li data-start=\"566\" data-end=\"633\">Modellbau \u2013 z.\u202fB. Kartonh\u00e4user, D\u00f6rfer oder Fantasielandschaften.<\/li>\n<li data-start=\"637\" data-end=\"744\">Jahreszeitliche Bastelarbeiten \u2013 wie Herbstcollagen mit Bl\u00e4ttern oder Fr\u00fchlingsschmetterlinge aus Papier.<\/li>\n<li data-start=\"748\" data-end=\"838\">Nikolaus- und Weihnachtsbasteleien \u2013 \u00dcberraschungen, Weihnachtskarten, Sterne und Engel.<\/li>\n<li data-start=\"842\" data-end=\"939\">Verkehrsprojekte \u2013 beispielsweise ein Verkehrsschild aus Karton oder eine 3D-Verkehrssituation.<\/li>\n<li data-start=\"943\" data-end=\"1074\">Buchvortr\u00e4ge \u2013 kreative Buchumschl\u00e4ge gestalten, Illustrationen einkleben oder das Buch als Diorama in einer Schachtel nachbauen.<\/li>\n<li data-start=\"1078\" data-end=\"1158\">Weltkunde-Projekte \u2013 Modelle von Vulkanen, Br\u00fccken oder historischen Geb\u00e4uden.<\/li>\n<li data-start=\"1162\" data-end=\"1233\">Tierprojekte \u2013 bastle deinen eigenen Zoo aus Papier, Karton und Kork.<\/li>\n<li data-start=\"1237\" data-end=\"1309\">Collagen oder Moodboards \u2013 f\u00fcr Kunstunterricht oder Ausdrucksaufgaben.<\/li>\n<li data-start=\"1313\" data-end=\"1402\">Recycling-Basteln \u2013 Kunstwerke aus leeren K\u00fcchenrollen, Karton und Styropor herstellen.<\/li>\n<li data-start=\"1407\" data-end=\"1491\">ABC- oder Themenbuch gestalten \u2013 jede Seite mit ausgeschnittenem Material verzieren.<\/li>\n<\/ol>\n<p data-start=\"1498\" data-end=\"1538\"><strong data-start=\"1498\" data-end=\"1536\">Vorteile von Collall Kinderkleber:<\/strong><\/p>\n<p data-start=\"1541\" data-end=\"1602\">Kindgerecht: wasserbasiert, geruchlos und l\u00f6sungsmittelfrei<\/p>\n<p data-start=\"1605\" data-end=\"1662\">Transparent: trocknet klar, keine sichtbaren Klebereste<\/p>\n<p data-start=\"1665\" data-end=\"1735\">Einfach auswaschbar: Flecken lassen sich leicht mit Wasser entfernen<\/p>\n<p data-start=\"1738\" data-end=\"1791\">Gute Haftung auf verschiedenen leichten Materialien<\/p>\n","protected":false},"excerpt":{"rendered":"<p>Collall Kinderleim ist ein transparenter Klebstoff auf Wasserbasis. Geeignet zum Kleben von Materialien wie Papier, Kork, Holz und Styropor.<\/p>\n<p>Speziell f\u00fcr Kinder!<\/p>\n<p><a href=\"https:\/\/www.youtube.com\/watch?v=A_qMN3KU93g\" target=\"_blank\" rel=\"noopener\"><img decoding=\"async\" src=\"http:\/\/collall.nl\/wp-content\/uploads\/2022\/03\/thumbnail-swimming-fishes-2-300x169.jpg\" \/><\/a><\/p>\n<p>&nbsp;<\/p>\n","protected":false},"featured_media":20242,"comment_status":"open","ping_status":"closed","template":"","meta":{"_acf_changed":false},"product_brand":[],"product_cat":[176],"product_tag":[],"class_list":{"0":"post-9678","1":"product","2":"type-product","3":"status-publish","4":"has-post-thumbnail","6":"product_cat-kleber-und-lackleim","8":"first","9":"instock","10":"shipping-taxable","11":"purchasable","12":"product-type-variable"},"acf":[],"yoast_head":"<!-- This site is optimized with the Yoast SEO plugin v27.2 - https:\/\/yoast.com\/product\/yoast-seo-wordpress\/ -->\n<title>Collall Kinderkleber - Collall<\/title>\n<meta name=\"robots\" content=\"index, follow, max-snippet:-1, max-image-preview:large, max-video-preview:-1\" \/>\n<link rel=\"canonical\" href=\"https:\/\/collall.nl\/de\/product\/collall-kinderkleber\/\" \/>\n<meta property=\"og:locale\" content=\"de_DE\" \/>\n<meta property=\"og:type\" content=\"article\" \/>\n<meta property=\"og:title\" content=\"Collall Kinderkleber - Collall\" \/>\n<meta property=\"og:description\" content=\"Collall Kinderleim ist ein transparenter Klebstoff auf Wasserbasis. Geeignet zum Kleben von Materialien wie Papier, Kork, Holz und Styropor.  Speziell f\u00fcr Kinder!    &nbsp;\" \/>\n<meta property=\"og:url\" content=\"https:\/\/collall.nl\/de\/product\/collall-kinderkleber\/\" \/>\n<meta property=\"og:site_name\" content=\"Collall\" \/>\n<meta property=\"article:publisher\" content=\"https:\/\/www.facebook.com\/people\/Collall\/100064976852539\/\" \/>\n<meta property=\"article:modified_time\" content=\"2025-06-12T12:50:13+00:00\" \/>\n<meta property=\"og:image\" content=\"https:\/\/collall.nl\/wp-content\/uploads\/2022\/03\/COLKI0100-1.jpg\" \/>\n\t<meta property=\"og:image:width\" content=\"800\" \/>\n\t<meta property=\"og:image:height\" content=\"800\" \/>\n\t<meta property=\"og:image:type\" content=\"image\/jpeg\" \/>\n<meta name=\"twitter:card\" content=\"summary_large_image\" \/>\n<meta name=\"twitter:label1\" content=\"Gesch\u00e4tzte Lesezeit\" \/>\n\t<meta name=\"twitter:data1\" content=\"2\u00a0Minuten\" \/>\n<script type=\"application\/ld+json\" class=\"yoast-schema-graph\">{\"@context\":\"https:\/\/schema.org\",\"@graph\":[{\"@type\":\"WebPage\",\"@id\":\"https:\/\/collall.nl\/de\/product\/collall-kinderkleber\/\",\"url\":\"https:\/\/collall.nl\/de\/product\/collall-kinderkleber\/\",\"name\":\"Collall Kinderkleber - Collall\",\"isPartOf\":{\"@id\":\"https:\/\/collall.nl\/#website\"},\"primaryImageOfPage\":{\"@id\":\"https:\/\/collall.nl\/de\/product\/collall-kinderkleber\/#primaryimage\"},\"image\":{\"@id\":\"https:\/\/collall.nl\/de\/product\/collall-kinderkleber\/#primaryimage\"},\"thumbnailUrl\":\"https:\/\/collall.nl\/wp-content\/uploads\/2022\/03\/COLKI0100-1.jpg\",\"datePublished\":\"2022-03-01T09:12:52+00:00\",\"dateModified\":\"2025-06-12T12:50:13+00:00\",\"breadcrumb\":{\"@id\":\"https:\/\/collall.nl\/de\/product\/collall-kinderkleber\/#breadcrumb\"},\"inLanguage\":\"de\",\"potentialAction\":[{\"@type\":\"ReadAction\",\"target\":[\"https:\/\/collall.nl\/de\/product\/collall-kinderkleber\/\"]}]},{\"@type\":\"ImageObject\",\"inLanguage\":\"de\",\"@id\":\"https:\/\/collall.nl\/de\/product\/collall-kinderkleber\/#primaryimage\",\"url\":\"https:\/\/collall.nl\/wp-content\/uploads\/2022\/03\/COLKI0100-1.jpg\",\"contentUrl\":\"https:\/\/collall.nl\/wp-content\/uploads\/2022\/03\/COLKI0100-1.jpg\",\"width\":800,\"height\":800},{\"@type\":\"BreadcrumbList\",\"@id\":\"https:\/\/collall.nl\/de\/product\/collall-kinderkleber\/#breadcrumb\",\"itemListElement\":[{\"@type\":\"ListItem\",\"position\":1,\"name\":\"Home\",\"item\":\"https:\/\/collall.nl\/de\/\"},{\"@type\":\"ListItem\",\"position\":2,\"name\":\"Produkte\",\"item\":\"https:\/\/collall.nl\/de\/produkte\/\"},{\"@type\":\"ListItem\",\"position\":3,\"name\":\"Collall Kinderkleber\"}]},{\"@type\":\"WebSite\",\"@id\":\"https:\/\/collall.nl\/#website\",\"url\":\"https:\/\/collall.nl\/\",\"name\":\"Collall\",\"description\":\"Adhesives &amp; Paints since 1949\",\"publisher\":{\"@id\":\"https:\/\/collall.nl\/#organization\"},\"potentialAction\":[{\"@type\":\"SearchAction\",\"target\":{\"@type\":\"EntryPoint\",\"urlTemplate\":\"https:\/\/collall.nl\/?s={search_term_string}\"},\"query-input\":{\"@type\":\"PropertyValueSpecification\",\"valueRequired\":true,\"valueName\":\"search_term_string\"}}],\"inLanguage\":\"de\"},{\"@type\":\"Organization\",\"@id\":\"https:\/\/collall.nl\/#organization\",\"name\":\"Collall B.V.\",\"url\":\"https:\/\/collall.nl\/\",\"logo\":{\"@type\":\"ImageObject\",\"inLanguage\":\"de\",\"@id\":\"https:\/\/collall.nl\/#\/schema\/logo\/image\/\",\"url\":\"https:\/\/collall.nl\/wp-content\/uploads\/2022\/08\/Collall-logo-186C_Reflex-blue.jpg\",\"contentUrl\":\"https:\/\/collall.nl\/wp-content\/uploads\/2022\/08\/Collall-logo-186C_Reflex-blue.jpg\",\"width\":1963,\"height\":1179,\"caption\":\"Collall B.V.\"},\"image\":{\"@id\":\"https:\/\/collall.nl\/#\/schema\/logo\/image\/\"},\"sameAs\":[\"https:\/\/www.facebook.com\/people\/Collall\/100064976852539\/\",\"https:\/\/www.instagram.com\/collall_1949\/\",\"https:\/\/nl.pinterest.com\/CollallBV\/\",\"https:\/\/www.youtube.com\/channel\/UCrCGuwth_udZhTqJSh5g9zg\"]}]}<\/script>\n<!-- \/ Yoast SEO plugin. -->","yoast_head_json":{"title":"Collall Kinderkleber - Collall","robots":{"index":"index","follow":"follow","max-snippet":"max-snippet:-1","max-image-preview":"max-image-preview:large","max-video-preview":"max-video-preview:-1"},"canonical":"https:\/\/collall.nl\/de\/product\/collall-kinderkleber\/","og_locale":"de_DE","og_type":"article","og_title":"Collall Kinderkleber - Collall","og_description":"Collall Kinderleim ist ein transparenter Klebstoff auf Wasserbasis. Geeignet zum Kleben von Materialien wie Papier, Kork, Holz und Styropor.  Speziell f\u00fcr Kinder!    &nbsp;","og_url":"https:\/\/collall.nl\/de\/product\/collall-kinderkleber\/","og_site_name":"Collall","article_publisher":"https:\/\/www.facebook.com\/people\/Collall\/100064976852539\/","article_modified_time":"2025-06-12T12:50:13+00:00","og_image":[{"width":800,"height":800,"url":"https:\/\/collall.nl\/wp-content\/uploads\/2022\/03\/COLKI0100-1.jpg","type":"image\/jpeg"}],"twitter_card":"summary_large_image","twitter_misc":{"Gesch\u00e4tzte Lesezeit":"2\u00a0Minuten"},"schema":{"@context":"https:\/\/schema.org","@graph":[{"@type":"WebPage","@id":"https:\/\/collall.nl\/de\/product\/collall-kinderkleber\/","url":"https:\/\/collall.nl\/de\/product\/collall-kinderkleber\/","name":"Collall Kinderkleber - Collall","isPartOf":{"@id":"https:\/\/collall.nl\/#website"},"primaryImageOfPage":{"@id":"https:\/\/collall.nl\/de\/product\/collall-kinderkleber\/#primaryimage"},"image":{"@id":"https:\/\/collall.nl\/de\/product\/collall-kinderkleber\/#primaryimage"},"thumbnailUrl":"https:\/\/collall.nl\/wp-content\/uploads\/2022\/03\/COLKI0100-1.jpg","datePublished":"2022-03-01T09:12:52+00:00","dateModified":"2025-06-12T12:50:13+00:00","breadcrumb":{"@id":"https:\/\/collall.nl\/de\/product\/collall-kinderkleber\/#breadcrumb"},"inLanguage":"de","potentialAction":[{"@type":"ReadAction","target":["https:\/\/collall.nl\/de\/product\/collall-kinderkleber\/"]}]},{"@type":"ImageObject","inLanguage":"de","@id":"https:\/\/collall.nl\/de\/product\/collall-kinderkleber\/#primaryimage","url":"https:\/\/collall.nl\/wp-content\/uploads\/2022\/03\/COLKI0100-1.jpg","contentUrl":"https:\/\/collall.nl\/wp-content\/uploads\/2022\/03\/COLKI0100-1.jpg","width":800,"height":800},{"@type":"BreadcrumbList","@id":"https:\/\/collall.nl\/de\/product\/collall-kinderkleber\/#breadcrumb","itemListElement":[{"@type":"ListItem","position":1,"name":"Home","item":"https:\/\/collall.nl\/de\/"},{"@type":"ListItem","position":2,"name":"Produkte","item":"https:\/\/collall.nl\/de\/produkte\/"},{"@type":"ListItem","position":3,"name":"Collall Kinderkleber"}]},{"@type":"WebSite","@id":"https:\/\/collall.nl\/#website","url":"https:\/\/collall.nl\/","name":"Collall","description":"Adhesives &amp; Paints since 1949","publisher":{"@id":"https:\/\/collall.nl\/#organization"},"potentialAction":[{"@type":"SearchAction","target":{"@type":"EntryPoint","urlTemplate":"https:\/\/collall.nl\/?s={search_term_string}"},"query-input":{"@type":"PropertyValueSpecification","valueRequired":true,"valueName":"search_term_string"}}],"inLanguage":"de"},{"@type":"Organization","@id":"https:\/\/collall.nl\/#organization","name":"Collall B.V.","url":"https:\/\/collall.nl\/","logo":{"@type":"ImageObject","inLanguage":"de","@id":"https:\/\/collall.nl\/#\/schema\/logo\/image\/","url":"https:\/\/collall.nl\/wp-content\/uploads\/2022\/08\/Collall-logo-186C_Reflex-blue.jpg","contentUrl":"https:\/\/collall.nl\/wp-content\/uploads\/2022\/08\/Collall-logo-186C_Reflex-blue.jpg","width":1963,"height":1179,"caption":"Collall B.V."},"image":{"@id":"https:\/\/collall.nl\/#\/schema\/logo\/image\/"},"sameAs":["https:\/\/www.facebook.com\/people\/Collall\/100064976852539\/","https:\/\/www.instagram.com\/collall_1949\/","https:\/\/nl.pinterest.com\/CollallBV\/","https:\/\/www.youtube.com\/channel\/UCrCGuwth_udZhTqJSh5g9zg"]}]}},"_links":{"self":[{"href":"https:\/\/collall.nl\/de\/wp-json\/wp\/v2\/product\/9678","targetHints":{"allow":["GET"]}}],"collection":[{"href":"https:\/\/collall.nl\/de\/wp-json\/wp\/v2\/product"}],"about":[{"href":"https:\/\/collall.nl\/de\/wp-json\/wp\/v2\/types\/product"}],"replies":[{"embeddable":true,"href":"https:\/\/collall.nl\/de\/wp-json\/wp\/v2\/comments?post=9678"}],"wp:featuredmedia":[{"embeddable":true,"href":"https:\/\/collall.nl\/de\/wp-json\/wp\/v2\/media\/20242"}],"wp:attachment":[{"href":"https:\/\/collall.nl\/de\/wp-json\/wp\/v2\/media?parent=9678"}],"wp:term":[{"taxonomy":"product_brand","embeddable":true,"href":"https:\/\/collall.nl\/de\/wp-json\/wp\/v2\/product_brand?post=9678"},{"taxonomy":"product_cat","embeddable":true,"href":"https:\/\/collall.nl\/de\/wp-json\/wp\/v2\/product_cat?post=9678"},{"taxonomy":"product_tag","embeddable":true,"href":"https:\/\/collall.nl\/de\/wp-json\/wp\/v2\/product_tag?post=9678"}],"curies":[{"name":"wp","href":"https:\/\/api.w.org\/{rel}","templated":true}]}}