{"id":9640,"date":"2022-03-01T09:12:36","date_gmt":"2022-03-01T09:12:36","guid":{"rendered":"http:\/\/collall.test\/product\/collall-styrocoll-kleber\/"},"modified":"2025-03-25T14:50:59","modified_gmt":"2025-03-25T13:50:59","slug":"collall-styrocoll-kleber","status":"publish","type":"product","link":"https:\/\/collall.nl\/de\/product\/collall-styrocoll-kleber\/","title":{"rendered":"Collall Styrocoll Kleber"},"content":{"rendered":"<p style=\"line-height: 20.8px;\"><strong>Klebstoffsorte: <\/strong>Collall Styrocoll Kleber ist einer transparenter starker Kleber auf L\u00f6sungsmittelbasis. <span style=\"line-height: 1.6;\">Gebrauchsfertiger\u00a0(Styropor)-Klebstoff\u00a0mit\u00a0hoher Klebkraft und schnelle Anfangshaftung. Ist leicht zu verarbeiten und trocknet schnelle. Das Styropor wird nicht beeintr\u00e4chtigt.<\/span><\/p>\n<p><strong>Eigenschaften:\u00a0<\/strong><\/p>\n<ul>\n<li>Klare transparente Fl\u00fcssigkeit<\/li>\n<li>Mitteldickfl\u00fcssig<\/li>\n<li>Starke Verklebung<\/li>\n<li>Starker Geruch (Aceton)<\/li>\n<\/ul>\n<p><strong>L\u00f6sungsmittel:\u00a0<\/strong>Aceton\/Ethanol<\/p>\n<p><strong>Hauptinhaltsstoff:<\/strong>\u00a0Polyvinylacetaat<\/p>\n<p class=\"p1\"><b>Nat\u00fcrliche Inhaltsstoffe:<\/b> 0%<\/p>\n<p class=\"p1\"><b>Viskosit\u00e4t:<\/b> 2.000 mPa.s<\/p>\n<p><strong>pH<\/strong>: &#8211;<\/p>\n<p><strong>Dichte:\u00a0<\/strong>0,90 kg\/dm\u00b3<\/p>\n<p><strong>Verwendung:<\/strong><\/p>\n<ul>\n<li>Die zu verklebenden Materialien m\u00fcssen trocken und frei von Staub und Schmutz sein. Kleber auftragen, kurz antrocknen lassen dann die beiden Oberfl\u00e4chen fest aneinander dr\u00fccken. F\u00fcr eine bessere Haftung, Kleber auf beiden Seiten auftragen.<\/li>\n<li>Direkt aus der Flasche auf die Oberfl\u00e4che auftragen und gegebenenfalls mit einem Spachtel oder Pinsel verteilen.<\/li>\n<li>Empfehlung: Beh\u00e4lter dicht geschlossen an einem k\u00fchlen, dunklen, gut gel\u00fcfteten Ort aufrecht aufbewahren.<\/li>\n<\/ul>\n<p><img loading=\"lazy\" decoding=\"async\" class=\"alignnone wp-image-27536\" src=\"https:\/\/collall.nl\/wp-content\/uploads\/2022\/03\/Collall-Gevarendriehoeken-Alleslijm-300x151.jpg\" alt=\"\" width=\"226\" height=\"114\" srcset=\"https:\/\/collall.nl\/wp-content\/uploads\/2022\/03\/Collall-Gevarendriehoeken-Alleslijm-300x151.jpg 300w, https:\/\/collall.nl\/wp-content\/uploads\/2022\/03\/Collall-Gevarendriehoeken-Alleslijm.jpg 404w\" sizes=\"auto, (max-width: 226px) 100vw, 226px\" \/><\/p>\n<p><strong>Gefahr!<\/strong> Enthalt Aceton<\/p>\n<p class=\"p1\">Flu\u0308ssigkeit und Dampf leicht entzu\u0308ndbar. Verursacht schwere Augenreizung. Kann Schl\u00e4frigkeit und Benommenheit verursachen. Darf nicht in die H\u00e4nde von Kindern gelangen. Von Hitze, hei\u00dfen Oberfl\u00e4chen, Funken, offenen Flammen und anderen Zu\u0308ndquellen fernhalten. Nicht rauchen. Einatmen von Dampf vermeiden. BEI KONTAKT MIT DEN AUGEN: Einige Minuten lang behutsam mit Wasser spu\u0308len. Eventuell vorhandene Kontaktlinsen nach M\u00f6glichkeit entfernen. Weiter spu\u0308len. BEI BER\u00dcHRUNG MIT DER HAUT (oder dem Haar): Alle kontaminierten Kleidungsstu\u0308cke sofort ausziehen. Haut mit Wasser abwaschen [oder duschen]. Inhalt\/Beh\u00e4lter der Problemabfallentsorgung zufu\u0308hren.<\/p>\n<p><strong>Hinweis:\u00a0<\/strong>Kann lackierte Gegenst\u00e4nde (z.B. M\u00f6bel) besch\u00e4digen. Flecken mit Aceton entfernen. An einem gut bel\u00fcfteten Ort aufbewahren. Beh\u00e4lter dicht verschlossen halten.<\/p>\n<p><strong>Geeignet f\u00fcr:<\/strong>\u00a0Kinder ab 6 Jahren, unter Aufsicht eines Erwachsenen.<\/p>\n<p><strong>Allergene:<\/strong>\u00a0\u2013<\/p>\n<p><strong>UFI:\u00a0 U6F7-4TYV-1W20-9KSG<\/strong><\/p>\n<p><strong>Reinigung:<\/strong><\/p>\n<ul>\n<li>Flecken k\u00f6nnen mit einer gro\u00dfz\u00fcgigen Menge Aceton entfernt werden. Da einige Farbstoffe und Kunststofffasern dagegen nicht best\u00e4ndig sind, sollte dies zuerst an einer unauff\u00e4lligen Stelle ausprobiert werden.<\/li>\n<li>Von Textilien k\u00f6nnen sie ebenfalls mit Hilfe von Papier mit rauer Seite entfernt werden. Das Papier mit rauer Seite auf den Fleck legen und mit einem B\u00fcgeleisen erhitzen. Der Kleber schmilzt und wird vom Papier aufgesaugt. Bei Bedarf mehrmals wiederholen. Dabei darf die maximale W\u00e4rmetemperatur des Stoffes nicht \u00fcberschritten werden.<\/li>\n<\/ul>\n","protected":false},"excerpt":{"rendered":"<p>Transparenter starker Kleber auf L\u00f6sungsmittelbasis<\/p>\n","protected":false},"featured_media":32003,"comment_status":"open","ping_status":"closed","template":"","meta":{"_acf_changed":false},"product_brand":[],"product_cat":[176],"product_tag":[],"class_list":{"0":"post-9640","1":"product","2":"type-product","3":"status-publish","4":"has-post-thumbnail","6":"product_cat-kleber-und-lackleim","8":"first","9":"instock","10":"shipping-taxable","11":"purchasable","12":"product-type-variable"},"acf":[],"yoast_head":"<!-- This site is optimized with the Yoast SEO plugin v27.2 - https:\/\/yoast.com\/product\/yoast-seo-wordpress\/ -->\n<title>Collall Styrocoll Kleber - Collall<\/title>\n<meta name=\"robots\" content=\"index, follow, max-snippet:-1, max-image-preview:large, max-video-preview:-1\" \/>\n<link rel=\"canonical\" href=\"https:\/\/collall.nl\/de\/product\/collall-styrocoll-kleber\/\" \/>\n<meta property=\"og:locale\" content=\"de_DE\" \/>\n<meta property=\"og:type\" content=\"article\" \/>\n<meta property=\"og:title\" content=\"Collall Styrocoll Kleber - Collall\" \/>\n<meta property=\"og:description\" content=\"Transparenter starker Kleber auf L\u00f6sungsmittelbasis\" \/>\n<meta property=\"og:url\" content=\"https:\/\/collall.nl\/de\/product\/collall-styrocoll-kleber\/\" \/>\n<meta property=\"og:site_name\" content=\"Collall\" \/>\n<meta property=\"article:publisher\" content=\"https:\/\/www.facebook.com\/people\/Collall\/100064976852539\/\" \/>\n<meta property=\"article:modified_time\" content=\"2025-03-25T13:50:59+00:00\" \/>\n<meta property=\"og:image\" content=\"https:\/\/collall.nl\/wp-content\/uploads\/2022\/03\/Collall-COLST0100-Styrocoll.jpg\" \/>\n\t<meta property=\"og:image:width\" content=\"1000\" \/>\n\t<meta property=\"og:image:height\" content=\"1000\" \/>\n\t<meta property=\"og:image:type\" content=\"image\/jpeg\" \/>\n<meta name=\"twitter:card\" content=\"summary_large_image\" \/>\n<meta name=\"twitter:label1\" content=\"Gesch\u00e4tzte Lesezeit\" \/>\n\t<meta name=\"twitter:data1\" content=\"2\u00a0Minuten\" \/>\n<script type=\"application\/ld+json\" class=\"yoast-schema-graph\">{\"@context\":\"https:\/\/schema.org\",\"@graph\":[{\"@type\":\"WebPage\",\"@id\":\"https:\/\/collall.nl\/de\/product\/collall-styrocoll-kleber\/\",\"url\":\"https:\/\/collall.nl\/de\/product\/collall-styrocoll-kleber\/\",\"name\":\"Collall Styrocoll Kleber - Collall\",\"isPartOf\":{\"@id\":\"https:\/\/collall.nl\/#website\"},\"primaryImageOfPage\":{\"@id\":\"https:\/\/collall.nl\/de\/product\/collall-styrocoll-kleber\/#primaryimage\"},\"image\":{\"@id\":\"https:\/\/collall.nl\/de\/product\/collall-styrocoll-kleber\/#primaryimage\"},\"thumbnailUrl\":\"https:\/\/collall.nl\/wp-content\/uploads\/2022\/03\/Stryrocoll-productfoto3.webp\",\"datePublished\":\"2022-03-01T09:12:36+00:00\",\"dateModified\":\"2025-03-25T13:50:59+00:00\",\"breadcrumb\":{\"@id\":\"https:\/\/collall.nl\/de\/product\/collall-styrocoll-kleber\/#breadcrumb\"},\"inLanguage\":\"de\",\"potentialAction\":[{\"@type\":\"ReadAction\",\"target\":[\"https:\/\/collall.nl\/de\/product\/collall-styrocoll-kleber\/\"]}]},{\"@type\":\"ImageObject\",\"inLanguage\":\"de\",\"@id\":\"https:\/\/collall.nl\/de\/product\/collall-styrocoll-kleber\/#primaryimage\",\"url\":\"https:\/\/collall.nl\/wp-content\/uploads\/2022\/03\/Stryrocoll-productfoto3.webp\",\"contentUrl\":\"https:\/\/collall.nl\/wp-content\/uploads\/2022\/03\/Stryrocoll-productfoto3.webp\",\"width\":1000,\"height\":1000},{\"@type\":\"BreadcrumbList\",\"@id\":\"https:\/\/collall.nl\/de\/product\/collall-styrocoll-kleber\/#breadcrumb\",\"itemListElement\":[{\"@type\":\"ListItem\",\"position\":1,\"name\":\"Home\",\"item\":\"https:\/\/collall.nl\/de\/\"},{\"@type\":\"ListItem\",\"position\":2,\"name\":\"Produkte\",\"item\":\"https:\/\/collall.nl\/de\/produkte\/\"},{\"@type\":\"ListItem\",\"position\":3,\"name\":\"Collall Styrocoll Kleber\"}]},{\"@type\":\"WebSite\",\"@id\":\"https:\/\/collall.nl\/#website\",\"url\":\"https:\/\/collall.nl\/\",\"name\":\"Collall\",\"description\":\"Adhesives &amp; Paints since 1949\",\"publisher\":{\"@id\":\"https:\/\/collall.nl\/#organization\"},\"potentialAction\":[{\"@type\":\"SearchAction\",\"target\":{\"@type\":\"EntryPoint\",\"urlTemplate\":\"https:\/\/collall.nl\/?s={search_term_string}\"},\"query-input\":{\"@type\":\"PropertyValueSpecification\",\"valueRequired\":true,\"valueName\":\"search_term_string\"}}],\"inLanguage\":\"de\"},{\"@type\":\"Organization\",\"@id\":\"https:\/\/collall.nl\/#organization\",\"name\":\"Collall B.V.\",\"url\":\"https:\/\/collall.nl\/\",\"logo\":{\"@type\":\"ImageObject\",\"inLanguage\":\"de\",\"@id\":\"https:\/\/collall.nl\/#\/schema\/logo\/image\/\",\"url\":\"https:\/\/collall.nl\/wp-content\/uploads\/2022\/08\/Collall-logo-186C_Reflex-blue.jpg\",\"contentUrl\":\"https:\/\/collall.nl\/wp-content\/uploads\/2022\/08\/Collall-logo-186C_Reflex-blue.jpg\",\"width\":1963,\"height\":1179,\"caption\":\"Collall B.V.\"},\"image\":{\"@id\":\"https:\/\/collall.nl\/#\/schema\/logo\/image\/\"},\"sameAs\":[\"https:\/\/www.facebook.com\/people\/Collall\/100064976852539\/\",\"https:\/\/www.instagram.com\/collall_1949\/\",\"https:\/\/nl.pinterest.com\/CollallBV\/\",\"https:\/\/www.youtube.com\/channel\/UCrCGuwth_udZhTqJSh5g9zg\"]}]}<\/script>\n<!-- \/ Yoast SEO plugin. -->","yoast_head_json":{"title":"Collall Styrocoll Kleber - Collall","robots":{"index":"index","follow":"follow","max-snippet":"max-snippet:-1","max-image-preview":"max-image-preview:large","max-video-preview":"max-video-preview:-1"},"canonical":"https:\/\/collall.nl\/de\/product\/collall-styrocoll-kleber\/","og_locale":"de_DE","og_type":"article","og_title":"Collall Styrocoll Kleber - Collall","og_description":"Transparenter starker Kleber auf L\u00f6sungsmittelbasis","og_url":"https:\/\/collall.nl\/de\/product\/collall-styrocoll-kleber\/","og_site_name":"Collall","article_publisher":"https:\/\/www.facebook.com\/people\/Collall\/100064976852539\/","article_modified_time":"2025-03-25T13:50:59+00:00","og_image":[{"width":1000,"height":1000,"url":"https:\/\/collall.nl\/wp-content\/uploads\/2022\/03\/Collall-COLST0100-Styrocoll.jpg","type":"image\/jpeg"}],"twitter_card":"summary_large_image","twitter_misc":{"Gesch\u00e4tzte Lesezeit":"2\u00a0Minuten"},"schema":{"@context":"https:\/\/schema.org","@graph":[{"@type":"WebPage","@id":"https:\/\/collall.nl\/de\/product\/collall-styrocoll-kleber\/","url":"https:\/\/collall.nl\/de\/product\/collall-styrocoll-kleber\/","name":"Collall Styrocoll Kleber - Collall","isPartOf":{"@id":"https:\/\/collall.nl\/#website"},"primaryImageOfPage":{"@id":"https:\/\/collall.nl\/de\/product\/collall-styrocoll-kleber\/#primaryimage"},"image":{"@id":"https:\/\/collall.nl\/de\/product\/collall-styrocoll-kleber\/#primaryimage"},"thumbnailUrl":"https:\/\/collall.nl\/wp-content\/uploads\/2022\/03\/Stryrocoll-productfoto3.webp","datePublished":"2022-03-01T09:12:36+00:00","dateModified":"2025-03-25T13:50:59+00:00","breadcrumb":{"@id":"https:\/\/collall.nl\/de\/product\/collall-styrocoll-kleber\/#breadcrumb"},"inLanguage":"de","potentialAction":[{"@type":"ReadAction","target":["https:\/\/collall.nl\/de\/product\/collall-styrocoll-kleber\/"]}]},{"@type":"ImageObject","inLanguage":"de","@id":"https:\/\/collall.nl\/de\/product\/collall-styrocoll-kleber\/#primaryimage","url":"https:\/\/collall.nl\/wp-content\/uploads\/2022\/03\/Stryrocoll-productfoto3.webp","contentUrl":"https:\/\/collall.nl\/wp-content\/uploads\/2022\/03\/Stryrocoll-productfoto3.webp","width":1000,"height":1000},{"@type":"BreadcrumbList","@id":"https:\/\/collall.nl\/de\/product\/collall-styrocoll-kleber\/#breadcrumb","itemListElement":[{"@type":"ListItem","position":1,"name":"Home","item":"https:\/\/collall.nl\/de\/"},{"@type":"ListItem","position":2,"name":"Produkte","item":"https:\/\/collall.nl\/de\/produkte\/"},{"@type":"ListItem","position":3,"name":"Collall Styrocoll Kleber"}]},{"@type":"WebSite","@id":"https:\/\/collall.nl\/#website","url":"https:\/\/collall.nl\/","name":"Collall","description":"Adhesives &amp; Paints since 1949","publisher":{"@id":"https:\/\/collall.nl\/#organization"},"potentialAction":[{"@type":"SearchAction","target":{"@type":"EntryPoint","urlTemplate":"https:\/\/collall.nl\/?s={search_term_string}"},"query-input":{"@type":"PropertyValueSpecification","valueRequired":true,"valueName":"search_term_string"}}],"inLanguage":"de"},{"@type":"Organization","@id":"https:\/\/collall.nl\/#organization","name":"Collall B.V.","url":"https:\/\/collall.nl\/","logo":{"@type":"ImageObject","inLanguage":"de","@id":"https:\/\/collall.nl\/#\/schema\/logo\/image\/","url":"https:\/\/collall.nl\/wp-content\/uploads\/2022\/08\/Collall-logo-186C_Reflex-blue.jpg","contentUrl":"https:\/\/collall.nl\/wp-content\/uploads\/2022\/08\/Collall-logo-186C_Reflex-blue.jpg","width":1963,"height":1179,"caption":"Collall B.V."},"image":{"@id":"https:\/\/collall.nl\/#\/schema\/logo\/image\/"},"sameAs":["https:\/\/www.facebook.com\/people\/Collall\/100064976852539\/","https:\/\/www.instagram.com\/collall_1949\/","https:\/\/nl.pinterest.com\/CollallBV\/","https:\/\/www.youtube.com\/channel\/UCrCGuwth_udZhTqJSh5g9zg"]}]}},"_links":{"self":[{"href":"https:\/\/collall.nl\/de\/wp-json\/wp\/v2\/product\/9640","targetHints":{"allow":["GET"]}}],"collection":[{"href":"https:\/\/collall.nl\/de\/wp-json\/wp\/v2\/product"}],"about":[{"href":"https:\/\/collall.nl\/de\/wp-json\/wp\/v2\/types\/product"}],"replies":[{"embeddable":true,"href":"https:\/\/collall.nl\/de\/wp-json\/wp\/v2\/comments?post=9640"}],"wp:featuredmedia":[{"embeddable":true,"href":"https:\/\/collall.nl\/de\/wp-json\/wp\/v2\/media\/32003"}],"wp:attachment":[{"href":"https:\/\/collall.nl\/de\/wp-json\/wp\/v2\/media?parent=9640"}],"wp:term":[{"taxonomy":"product_brand","embeddable":true,"href":"https:\/\/collall.nl\/de\/wp-json\/wp\/v2\/product_brand?post=9640"},{"taxonomy":"product_cat","embeddable":true,"href":"https:\/\/collall.nl\/de\/wp-json\/wp\/v2\/product_cat?post=9640"},{"taxonomy":"product_tag","embeddable":true,"href":"https:\/\/collall.nl\/de\/wp-json\/wp\/v2\/product_tag?post=9640"}],"curies":[{"name":"wp","href":"https:\/\/api.w.org\/{rel}","templated":true}]}}