{"id":9614,"date":"2022-03-01T09:11:54","date_gmt":"2022-03-01T09:11:55","guid":{"rendered":"http:\/\/collall.test\/product\/collall-oko-kleber\/"},"modified":"2025-03-17T15:56:24","modified_gmt":"2025-03-17T14:56:24","slug":"collall-oko-kleber","status":"publish","type":"product","link":"https:\/\/collall.nl\/de\/product\/collall-oko-kleber\/","title":{"rendered":"Collall \u00d6ko-Kleber"},"content":{"rendered":"<p><strong>Verwendung:<\/strong> Collall \u00d6ko-Kleber ist geeignet zum Kleben von Papier, Karton und anderen leichten Materialien.<\/p>\n<p><strong>Aussehen und Geruch:\u00a0<\/strong><\/p>\n<div>\n<ul>\n<li>Gelblicher bis brauner Kleber<\/li>\n<li><span title=\"\">S\u00fc\u00dfer Geruch, <\/span>spezifischer alter Zeit- und angenehmem Leimgeruch<\/li>\n<li><span title=\"\">Reversibel<\/span><\/li>\n<li>Leicht auswaschbar<\/li>\n<\/ul>\n<\/div>\n<p><strong>Dichte:<\/strong>1,26 kg\/dm\u00b3<\/p>\n<p><strong>L\u00f6sungsmittel:\u00a0<\/strong>Wasser<\/p>\n<p><strong>Hauptinhaltsstoff: <\/strong>Dextrin in einer Wasserl\u00f6sung.<\/p>\n<p data-start=\"0\" data-end=\"32\"><strong>Nat\u00fcrliche Inhaltsstoffe:<\/strong> 99%<\/p>\n<p data-start=\"34\" data-end=\"57\" data-is-last-node=\"\" data-is-only-node=\"\"><strong>Viskosit\u00e4t:<\/strong> 2.000 mPa.s<\/p>\n<p><strong>pH: <\/strong>\u00a06<\/p>\n<p><strong>Leimverbrauch:<\/strong> Abh\u00e4ngig von der Saugf\u00e4higkeit der zu verklebenden Materialien etwa 200 Gramm pro Quadratmeter, einseitig aufgetragen.<\/p>\n<p><strong>CE:<\/strong> Ja<\/p>\n<p class=\"p1\"><strong>Verwendung:<\/strong><\/p>\n<ul class=\"ul1\">\n<li>Idealerweise bei Raumtemperatur verwenden.<\/li>\n<li class=\"li1\">Die zu klebenden Materialien sollten trocken und frei von Staub und Schmutz sein.<\/li>\n<li class=\"li1\">Direkt aus der Flasche auf die Oberfl\u00e4che auftragen und gegebenenfalls mit einem\u00a0<a href=\"https:\/\/collall.nl\/de\/product\/colorall-leimpinsel-leimspachtel\/\"><span class=\"s2\">Spachtel oder Pinsel<\/span><\/a> verteilen.\u00a0Der Klebstoff kann einseitig oder zweiseitig aufgetragen werden.<\/li>\n<li class=\"li1\">Kurz antrocknen lassen und beide Teile einige Augenblicken fest andr\u00fccken.<\/li>\n<li class=\"li1\">Die Trockenzeit betr\u00e4gt etwa 60 Minuten auf einer nicht saugf\u00e4higen Oberfl\u00e4che bei einer Temperatur von 20 \u00b0C.<\/li>\n<\/ul>\n<p><strong>Allergene:<\/strong> Nein<\/p>\n<p><strong>Geeignet f\u00fcr:\u00a0<\/strong>Kinder ab 3 Jahren. Enth\u00e4lt Bitter.<\/p>\n<p class=\"p1\"><strong>Reinigung:<\/strong><\/p>\n<ul>\n<li class=\"p1\">Wenn der Kleber noch feucht ist, k\u00f6nnen Werkzeuge\/Oberfl\u00e4chen einfach mit Wasser gereinigt werden.<\/li>\n<li class=\"p1\">Leicht mit kaltem\/warmem Wasser von Hand oder in der Waschmaschine auswaschbar.<\/li>\n<\/ul>\n<h4><strong>Ein bew\u00e4hrtes Produkt im Sortiment<\/strong><\/h4>\n<p>Collall Eco Kleber ist seit vielen Jahren ein bew\u00e4hrtes Produkt im Sortiment von Collall. Ein nat\u00fcrlicher Kleber auf Basis von Dextrinen, die in Wasser gel\u00f6st sind. Er ist geeignet zum Kleben von unter anderem Papier, Karton und anderen leichten Materialien. Dieser nat\u00fcrliche Kleber mit s\u00fc\u00dfem Geruch besteht zu 99% aus nat\u00fcrlichen Inhaltsstoffen!<\/p>\n<p><strong>Dextrine<\/strong><\/p>\n<p>Lassen Sie sich nicht von der gelblichen bis braunen Farbe abschrecken. Diese Farbe wird durch die Anwesenheit von Dextrinen als Hauptbestandteil des Collall Eco Klebers verursacht. Es handelt sich dabei also um die nat\u00fcrlichen Farben der Rohstoffe. Die Farbe des Klebers kann von Charge zu Charge variieren. Beruhigend ist, dass der Kleber fast transparent trocknet.<\/p>\n<p><strong>Reversibler Kleber<\/strong><\/p>\n<p>Collall Eco Kleber ist ein reversibler Kleber. Reversibel bedeutet, dass die Verklebung ohne bleibende Sch\u00e4den an den Materialien gel\u00f6st werden kann. (gilt nicht f\u00fcr sehr por\u00f6se Materialien) Mit anderen Worten, es bedeutet, dass dieser Kleber nicht permanent und irreversibel ist. Dies kann bei bestimmten Anwendungen sehr n\u00fctzlich sein, bei denen die Verbindung vor\u00fcbergehend sein muss oder bei denen die Materialien sp\u00e4ter wieder getrennt werden m\u00fcssen, ohne besch\u00e4digt zu werden.<\/p>\n<p><strong>Gr\u00fcne Merkmale des Collall Eco Klebers<\/strong><\/p>\n<ul>\n<li>99 % nat\u00fcrliche Inhaltsstoffe<\/li>\n<li>Biologisch abbaubares Produkt<\/li>\n<\/ul>\n","protected":false},"excerpt":{"rendered":"<p>Collall \u00d6ko-Kleber ist ein nat\u00fcrlicher, fl\u00fcssiger, gelbbrauner Kleber auf Basis von in Wasser gel\u00f6ster Dextrine. Er ist geeignet zum Kleben von Papier, Karton und anderen leichten Materialien.<\/p>\n","protected":false},"featured_media":19095,"comment_status":"open","ping_status":"closed","template":"","meta":{"_acf_changed":false},"product_brand":[],"product_cat":[176],"product_tag":[],"class_list":{"0":"post-9614","1":"product","2":"type-product","3":"status-publish","4":"has-post-thumbnail","6":"product_cat-kleber-und-lackleim","8":"first","9":"instock","10":"shipping-taxable","11":"purchasable","12":"product-type-variable"},"acf":[],"yoast_head":"<!-- This site is optimized with the Yoast SEO plugin v27.2 - https:\/\/yoast.com\/product\/yoast-seo-wordpress\/ -->\n<title>Collall \u00d6ko-Kleber - Collall<\/title>\n<meta name=\"description\" content=\"Collall \u00d6ko-Kleber ist geeignet zum Kleben von Papier, Karton und anderen leichten Materialien.\" \/>\n<meta name=\"robots\" content=\"index, follow, max-snippet:-1, max-image-preview:large, max-video-preview:-1\" \/>\n<link rel=\"canonical\" href=\"https:\/\/collall.nl\/de\/product\/collall-oko-kleber\/\" \/>\n<meta property=\"og:locale\" content=\"de_DE\" \/>\n<meta property=\"og:type\" content=\"article\" \/>\n<meta property=\"og:title\" content=\"Collall \u00d6ko-Kleber - Collall\" \/>\n<meta property=\"og:description\" content=\"Collall \u00d6ko-Kleber ist geeignet zum Kleben von Papier, Karton und anderen leichten Materialien.\" \/>\n<meta property=\"og:url\" content=\"https:\/\/collall.nl\/de\/product\/collall-oko-kleber\/\" \/>\n<meta property=\"og:site_name\" content=\"Collall\" \/>\n<meta property=\"article:publisher\" content=\"https:\/\/www.facebook.com\/people\/Collall\/100064976852539\/\" \/>\n<meta property=\"article:modified_time\" content=\"2025-03-17T14:56:24+00:00\" \/>\n<meta property=\"og:image\" content=\"https:\/\/collall.nl\/wp-content\/uploads\/2022\/03\/COLECO0100.jpg\" \/>\n\t<meta property=\"og:image:width\" content=\"800\" \/>\n\t<meta property=\"og:image:height\" content=\"800\" \/>\n\t<meta property=\"og:image:type\" content=\"image\/jpeg\" \/>\n<meta name=\"twitter:card\" content=\"summary_large_image\" \/>\n<meta name=\"twitter:label1\" content=\"Gesch\u00e4tzte Lesezeit\" \/>\n\t<meta name=\"twitter:data1\" content=\"3\u00a0Minuten\" \/>\n<script type=\"application\/ld+json\" class=\"yoast-schema-graph\">{\"@context\":\"https:\/\/schema.org\",\"@graph\":[{\"@type\":\"WebPage\",\"@id\":\"https:\/\/collall.nl\/de\/product\/collall-oko-kleber\/\",\"url\":\"https:\/\/collall.nl\/de\/product\/collall-oko-kleber\/\",\"name\":\"Collall \u00d6ko-Kleber - Collall\",\"isPartOf\":{\"@id\":\"https:\/\/collall.nl\/#website\"},\"primaryImageOfPage\":{\"@id\":\"https:\/\/collall.nl\/de\/product\/collall-oko-kleber\/#primaryimage\"},\"image\":{\"@id\":\"https:\/\/collall.nl\/de\/product\/collall-oko-kleber\/#primaryimage\"},\"thumbnailUrl\":\"https:\/\/collall.nl\/wp-content\/uploads\/2022\/03\/COLECO0100.jpg\",\"datePublished\":\"2022-03-01T09:11:55+00:00\",\"dateModified\":\"2025-03-17T14:56:24+00:00\",\"description\":\"Collall \u00d6ko-Kleber ist geeignet zum Kleben von Papier, Karton und anderen leichten Materialien.\",\"breadcrumb\":{\"@id\":\"https:\/\/collall.nl\/de\/product\/collall-oko-kleber\/#breadcrumb\"},\"inLanguage\":\"de\",\"potentialAction\":[{\"@type\":\"ReadAction\",\"target\":[\"https:\/\/collall.nl\/de\/product\/collall-oko-kleber\/\"]}]},{\"@type\":\"ImageObject\",\"inLanguage\":\"de\",\"@id\":\"https:\/\/collall.nl\/de\/product\/collall-oko-kleber\/#primaryimage\",\"url\":\"https:\/\/collall.nl\/wp-content\/uploads\/2022\/03\/COLECO0100.jpg\",\"contentUrl\":\"https:\/\/collall.nl\/wp-content\/uploads\/2022\/03\/COLECO0100.jpg\",\"width\":800,\"height\":800},{\"@type\":\"BreadcrumbList\",\"@id\":\"https:\/\/collall.nl\/de\/product\/collall-oko-kleber\/#breadcrumb\",\"itemListElement\":[{\"@type\":\"ListItem\",\"position\":1,\"name\":\"Home\",\"item\":\"https:\/\/collall.nl\/de\/hauptseite\/\"},{\"@type\":\"ListItem\",\"position\":2,\"name\":\"Produkte\",\"item\":\"https:\/\/collall.nl\/de\/produkte\/\"},{\"@type\":\"ListItem\",\"position\":3,\"name\":\"Collall \u00d6ko-Kleber\"}]},{\"@type\":\"WebSite\",\"@id\":\"https:\/\/collall.nl\/#website\",\"url\":\"https:\/\/collall.nl\/\",\"name\":\"Collall\",\"description\":\"Adhesives &amp; Paints since 1949\",\"publisher\":{\"@id\":\"https:\/\/collall.nl\/#organization\"},\"potentialAction\":[{\"@type\":\"SearchAction\",\"target\":{\"@type\":\"EntryPoint\",\"urlTemplate\":\"https:\/\/collall.nl\/?s={search_term_string}\"},\"query-input\":{\"@type\":\"PropertyValueSpecification\",\"valueRequired\":true,\"valueName\":\"search_term_string\"}}],\"inLanguage\":\"de\"},{\"@type\":\"Organization\",\"@id\":\"https:\/\/collall.nl\/#organization\",\"name\":\"Collall B.V.\",\"url\":\"https:\/\/collall.nl\/\",\"logo\":{\"@type\":\"ImageObject\",\"inLanguage\":\"de\",\"@id\":\"https:\/\/collall.nl\/#\/schema\/logo\/image\/\",\"url\":\"https:\/\/collall.nl\/wp-content\/uploads\/2022\/08\/Collall-logo-186C_Reflex-blue.jpg\",\"contentUrl\":\"https:\/\/collall.nl\/wp-content\/uploads\/2022\/08\/Collall-logo-186C_Reflex-blue.jpg\",\"width\":1963,\"height\":1179,\"caption\":\"Collall B.V.\"},\"image\":{\"@id\":\"https:\/\/collall.nl\/#\/schema\/logo\/image\/\"},\"sameAs\":[\"https:\/\/www.facebook.com\/people\/Collall\/100064976852539\/\",\"https:\/\/www.instagram.com\/collall_1949\/\",\"https:\/\/nl.pinterest.com\/CollallBV\/\",\"https:\/\/www.youtube.com\/channel\/UCrCGuwth_udZhTqJSh5g9zg\"]}]}<\/script>\n<!-- \/ Yoast SEO plugin. -->","yoast_head_json":{"title":"Collall \u00d6ko-Kleber - Collall","description":"Collall \u00d6ko-Kleber ist geeignet zum Kleben von Papier, Karton und anderen leichten Materialien.","robots":{"index":"index","follow":"follow","max-snippet":"max-snippet:-1","max-image-preview":"max-image-preview:large","max-video-preview":"max-video-preview:-1"},"canonical":"https:\/\/collall.nl\/de\/product\/collall-oko-kleber\/","og_locale":"de_DE","og_type":"article","og_title":"Collall \u00d6ko-Kleber - Collall","og_description":"Collall \u00d6ko-Kleber ist geeignet zum Kleben von Papier, Karton und anderen leichten Materialien.","og_url":"https:\/\/collall.nl\/de\/product\/collall-oko-kleber\/","og_site_name":"Collall","article_publisher":"https:\/\/www.facebook.com\/people\/Collall\/100064976852539\/","article_modified_time":"2025-03-17T14:56:24+00:00","og_image":[{"width":800,"height":800,"url":"https:\/\/collall.nl\/wp-content\/uploads\/2022\/03\/COLECO0100.jpg","type":"image\/jpeg"}],"twitter_card":"summary_large_image","twitter_misc":{"Gesch\u00e4tzte Lesezeit":"3\u00a0Minuten"},"schema":{"@context":"https:\/\/schema.org","@graph":[{"@type":"WebPage","@id":"https:\/\/collall.nl\/de\/product\/collall-oko-kleber\/","url":"https:\/\/collall.nl\/de\/product\/collall-oko-kleber\/","name":"Collall \u00d6ko-Kleber - Collall","isPartOf":{"@id":"https:\/\/collall.nl\/#website"},"primaryImageOfPage":{"@id":"https:\/\/collall.nl\/de\/product\/collall-oko-kleber\/#primaryimage"},"image":{"@id":"https:\/\/collall.nl\/de\/product\/collall-oko-kleber\/#primaryimage"},"thumbnailUrl":"https:\/\/collall.nl\/wp-content\/uploads\/2022\/03\/COLECO0100.jpg","datePublished":"2022-03-01T09:11:55+00:00","dateModified":"2025-03-17T14:56:24+00:00","description":"Collall \u00d6ko-Kleber ist geeignet zum Kleben von Papier, Karton und anderen leichten Materialien.","breadcrumb":{"@id":"https:\/\/collall.nl\/de\/product\/collall-oko-kleber\/#breadcrumb"},"inLanguage":"de","potentialAction":[{"@type":"ReadAction","target":["https:\/\/collall.nl\/de\/product\/collall-oko-kleber\/"]}]},{"@type":"ImageObject","inLanguage":"de","@id":"https:\/\/collall.nl\/de\/product\/collall-oko-kleber\/#primaryimage","url":"https:\/\/collall.nl\/wp-content\/uploads\/2022\/03\/COLECO0100.jpg","contentUrl":"https:\/\/collall.nl\/wp-content\/uploads\/2022\/03\/COLECO0100.jpg","width":800,"height":800},{"@type":"BreadcrumbList","@id":"https:\/\/collall.nl\/de\/product\/collall-oko-kleber\/#breadcrumb","itemListElement":[{"@type":"ListItem","position":1,"name":"Home","item":"https:\/\/collall.nl\/de\/hauptseite\/"},{"@type":"ListItem","position":2,"name":"Produkte","item":"https:\/\/collall.nl\/de\/produkte\/"},{"@type":"ListItem","position":3,"name":"Collall \u00d6ko-Kleber"}]},{"@type":"WebSite","@id":"https:\/\/collall.nl\/#website","url":"https:\/\/collall.nl\/","name":"Collall","description":"Adhesives &amp; Paints since 1949","publisher":{"@id":"https:\/\/collall.nl\/#organization"},"potentialAction":[{"@type":"SearchAction","target":{"@type":"EntryPoint","urlTemplate":"https:\/\/collall.nl\/?s={search_term_string}"},"query-input":{"@type":"PropertyValueSpecification","valueRequired":true,"valueName":"search_term_string"}}],"inLanguage":"de"},{"@type":"Organization","@id":"https:\/\/collall.nl\/#organization","name":"Collall B.V.","url":"https:\/\/collall.nl\/","logo":{"@type":"ImageObject","inLanguage":"de","@id":"https:\/\/collall.nl\/#\/schema\/logo\/image\/","url":"https:\/\/collall.nl\/wp-content\/uploads\/2022\/08\/Collall-logo-186C_Reflex-blue.jpg","contentUrl":"https:\/\/collall.nl\/wp-content\/uploads\/2022\/08\/Collall-logo-186C_Reflex-blue.jpg","width":1963,"height":1179,"caption":"Collall B.V."},"image":{"@id":"https:\/\/collall.nl\/#\/schema\/logo\/image\/"},"sameAs":["https:\/\/www.facebook.com\/people\/Collall\/100064976852539\/","https:\/\/www.instagram.com\/collall_1949\/","https:\/\/nl.pinterest.com\/CollallBV\/","https:\/\/www.youtube.com\/channel\/UCrCGuwth_udZhTqJSh5g9zg"]}]}},"_links":{"self":[{"href":"https:\/\/collall.nl\/de\/wp-json\/wp\/v2\/product\/9614","targetHints":{"allow":["GET"]}}],"collection":[{"href":"https:\/\/collall.nl\/de\/wp-json\/wp\/v2\/product"}],"about":[{"href":"https:\/\/collall.nl\/de\/wp-json\/wp\/v2\/types\/product"}],"replies":[{"embeddable":true,"href":"https:\/\/collall.nl\/de\/wp-json\/wp\/v2\/comments?post=9614"}],"wp:featuredmedia":[{"embeddable":true,"href":"https:\/\/collall.nl\/de\/wp-json\/wp\/v2\/media\/19095"}],"wp:attachment":[{"href":"https:\/\/collall.nl\/de\/wp-json\/wp\/v2\/media?parent=9614"}],"wp:term":[{"taxonomy":"product_brand","embeddable":true,"href":"https:\/\/collall.nl\/de\/wp-json\/wp\/v2\/product_brand?post=9614"},{"taxonomy":"product_cat","embeddable":true,"href":"https:\/\/collall.nl\/de\/wp-json\/wp\/v2\/product_cat?post=9614"},{"taxonomy":"product_tag","embeddable":true,"href":"https:\/\/collall.nl\/de\/wp-json\/wp\/v2\/product_tag?post=9614"}],"curies":[{"name":"wp","href":"https:\/\/api.w.org\/{rel}","templated":true}]}}