{"id":9558,"date":"2022-03-01T09:11:32","date_gmt":"2022-03-01T09:11:35","guid":{"rendered":"http:\/\/collall.test\/product\/collall-bastelkleber\/"},"modified":"2025-05-08T11:13:22","modified_gmt":"2025-05-08T09:13:22","slug":"collall-bastelkleber","status":"publish","type":"product","link":"https:\/\/collall.nl\/de\/product\/collall-bastelkleber\/","title":{"rendered":"Collall Bastelkleber"},"content":{"rendered":"<p><strong>Anwendung:<\/strong> Collall Bastelkleber ist ein wei\u00dfer, wasserbasierter Kleber, der transparent trocknet. Er eignet sich zum Kleben von unter anderem Papier, Karton, Holz und Filz f\u00fcr Jung und Alt. Erfahren Sie unten mehr \u00fcber PVAc-Kleber und welche weiteren Varianten im Collall-Sortiment erh\u00e4ltlich sind.<\/p>\n<p><strong>Aussehen und Geruch:\u00a0<\/strong><\/p>\n<ul>\n<li>Dicke Wei\u00dfer Kleber<\/li>\n<li>Schnelltrocknent<\/li>\n<li>Leicht waschbar<\/li>\n<li>Trocknet transparent<\/li>\n<\/ul>\n<p><strong>L\u00f6sungsmittel:<\/strong> Wasser<\/p>\n<p><strong>Hauptinhaltsstoff:<\/strong> Polyvinylacetaat PVAc<\/p>\n<p><strong data-start=\"0\" data-end=\"33\" data-is-only-node=\"\">Nat\u00fcrliche Inhaltsstoffe: <\/strong>63%<\/p>\n<p><strong data-start=\"36\" data-end=\"63\" data-is-last-node=\"\">Viskosit\u00e4t: <\/strong>5.000 mPa\u00b7s<\/p>\n<p><strong>pH:<\/strong> 5,5<\/p>\n<p><strong>Dichte<\/strong>:\u00a01,06 g\/cm\u00b3<\/p>\n<p><strong>CE:<\/strong> ja<\/p>\n<p><strong>Leimverbrauch:<\/strong> ca 180 gram pro m<sup>2<\/sup><\/p>\n<p><strong>Verwendung:\u00a0<\/strong><\/p>\n<ul>\n<li>Die zu verklebenden Materialien m\u00fcssen trocken sein.<\/li>\n<li>Direkt aus der Flasche auf die Oberfl\u00e4che auftragen und gegebenenfalls mit einem Spachtel oder Pinsel verteilen.<\/li>\n<\/ul>\n<p><strong>Allergene:<\/strong> enth\u00e4lt CMIT\/MIT.\u00a0Kann allergische Reaktionen hervorrufen.<\/p>\n<p><strong>Geeignet f\u00fcr:\u00a0<\/strong>Kinder ab 3 Jahren. Enth\u00e4lt Bitter.<\/p>\n<p><strong>Flecken: <\/strong><\/p>\n<ul>\n<li>Wenn der Kleber noch feucht ist, k\u00f6nnen Werkzeuge\/Oberfl\u00e4chen einfach mit Wasser gereinigt werden.<\/li>\n<li>Angetrocknete Leimreste einige Zeit mit Wasser einweichen und sind danach noch immer leicht ab- bzw. auswaschbar.<\/li>\n<\/ul>\n<h4><strong>Was bedeutet PVAc-Kleber und entdecke seine Vielseitigkeit!<\/strong><\/h4>\n<p class=\"\" data-start=\"151\" data-end=\"528\">Entdecken Sie die Vielseitigkeit des Collall Bastelklebers \u2013 einer der hervorragenden PVA-Klebstoffe mit starker Haftung, transparentem und schnellem Trocknen sowie einfacher Anwendung. Die ideale Wahl f\u00fcr all Ihre Bastelprojekte \u2013 egal ob jung oder alt. Lassen Sie Ihrer Kreativit\u00e4t freien Lauf und erleben Sie, wie Collall Bastelkleber Ihre kreativen Ideen zum Leben erweckt.<\/p>\n<h6 data-start=\"530\" data-end=\"686\"><strong data-start=\"530\" data-end=\"564\">Welche Eigenschaften hat PVAc?<\/strong><\/h6>\n<p class=\"\" data-start=\"530\" data-end=\"686\">Auswaschbarer PVAc-Klebstoff auf Wasserbasis bietet mehrere Merkmale, die ihn von anderen Klebstoffarten unterscheiden:<\/p>\n<p class=\"\" data-start=\"688\" data-end=\"923\"><strong data-start=\"688\" data-end=\"706\">Wasserbasiert:<\/strong> PVAc-Kleber ist wasserbasiert und l\u00e4sst sich daher leicht auftragen, bei Bedarf mit Wasser verd\u00fcnnen und im nassen Zustand einfach abwaschen. Das macht ihn besonders geeignet f\u00fcr Kinder, Schulen und den Hobbybereich.<\/p>\n<p class=\"\" data-start=\"925\" data-end=\"1194\"><strong data-start=\"925\" data-end=\"941\">Ab 3 Jahren:<\/strong> Collall Bastelkleber ist ein PVAc-Kleber, der f\u00fcr Kinder ab 3 Jahren geeignet ist. Durch die Zugabe eines Bitterstoffs wird verhindert, dass Kinder den Kleber in den Mund nehmen. Er enth\u00e4lt keine sch\u00e4dlichen L\u00f6sungsmittel und hat einen geringen Geruch.<\/p>\n<p class=\"\" data-start=\"1196\" data-end=\"1432\"><strong data-start=\"1196\" data-end=\"1222\">Vielseitige Anwendung:<\/strong> PVAc-Kleber eignet sich zum Verkleben einer Vielzahl por\u00f6ser Materialien wie Papier, Karton, Holz, Textil und Kork. Damit ist er ideal f\u00fcr Bastelarbeiten, kreative Anwendungen und leichte Haushaltsreparaturen.<\/p>\n<p class=\"\" data-start=\"1434\" data-end=\"1645\"><strong data-start=\"1434\" data-end=\"1459\">Trocknet transparent:<\/strong> Obwohl PVAc-Kleber beim Auftragen meist wei\u00df ist, trocknet er transparent. Das macht ihn in Endprodukten weniger sichtbar \u2013 ein klarer Vorteil bei pr\u00e4zisen oder dekorativen Anwendungen.<\/p>\n<p class=\"\" data-start=\"1647\" data-end=\"1965\"><strong data-start=\"1647\" data-end=\"1679\">Starke und flexible Haftung:<\/strong> PVAc bietet eine zuverl\u00e4ssige Klebeverbindung, die f\u00fcr die meisten nicht-strukturellen Anwendungen ausreichend stark ist. Der Klebstoff bleibt nach dem Trocknen leicht flexibel und eignet sich daher f\u00fcr Materialien, die sich ausdehnen oder zusammenziehen k\u00f6nnen \u2013 wie Holz oder Textil.<\/p>\n<p class=\"\" data-start=\"1967\" data-end=\"2243\"><strong data-start=\"1967\" data-end=\"1983\">Auswaschbar:<\/strong> Ein gro\u00dfer Vorteil auswaschbarer PVAc-Klebstoffe \u2013 wie Bastelkleber f\u00fcr Kinder \u2013 ist, dass Flecken leicht mit Wasser und Seife von H\u00e4nden, Oberfl\u00e4chen und Kleidung entfernt werden k\u00f6nnen. Dies erh\u00f6ht die Benutzerfreundlichkeit zu Hause und im Bildungsbereich.<\/p>\n<p class=\"\" data-start=\"2245\" data-end=\"2421\"><strong data-start=\"2245\" data-end=\"2255\">Fazit:<\/strong> PVAc-Kleber kombiniert Benutzerfreundlichkeit und Vielseitigkeit und ist daher eine beliebte Wahl f\u00fcr kreative Anwendungen bei Kindern und Erwachsenen gleicherma\u00dfen.<\/p>\n<hr class=\"\" data-start=\"2423\" data-end=\"2426\" \/>\n<p class=\"\" data-start=\"2428\" data-end=\"2479\"><strong data-start=\"2428\" data-end=\"2477\">Weitere PVAc-Klebstoffe in unserem Sortiment:<\/strong><\/p>\n<ul>\n<li data-start=\"2482\" data-end=\"2506\">Collall Buchbinderleim<\/li>\n<li data-start=\"2509\" data-end=\"2531\">Collall Schaumkleber<\/li>\n<li data-start=\"2534\" data-end=\"2552\">Collall Holzleim<\/li>\n<li data-start=\"2555\" data-end=\"2577\">Collall Mosaikkleber<\/li>\n<li data-start=\"2580\" data-end=\"2605\">Collall Quilling-Kleber<\/li>\n<li data-start=\"2608\" data-end=\"2628\">Collall Tacky Glue<\/li>\n<li data-start=\"2631\" data-end=\"2653\">Collall Textilkleber<\/li>\n<li data-start=\"2656\" data-end=\"2674\">Collall Filzkleber<\/li>\n<li>Collall Schulkleber<\/li>\n<\/ul>\n<h2>Puffy Paint<\/h2>\n<p>Puffy Paint, eine einzigartige Farbe, die du mit Collall Bastelkleber selbst herstellen kannst. Mit nur wenigen einfachen Zutaten, wie Collall Bastelkleber, AquaTint und Rasierschaum, kannst du deine eigene Puffy Paint kreieren und beginnen, originale 3D-Kunstwerke zu erstellen.<\/p>\n<p><strong>Lass die Kinder genie\u00dfen<\/strong><\/p>\n<p>Lass die Kinder in deiner Klasse dieses faszinierende Experiment genie\u00dfen oder habe Spa\u00df zu Hause am K\u00fcchentisch mit deinen (Sitter-)Kindern als unterhaltsame und lehrreiche Aktivit\u00e4t.<br \/>\nBist du neugierig, wie man Puffy Paint herstellt? Schau dir unsere Schritt-f\u00fcr-Schritt-Anleitung an und entdecke, wie einfach es ist, mit dieser bezaubernden Maltechnik zu beginnen.<\/p>\n<p><strong>Zutaten f\u00fcr Puffy Paint:<\/strong> Collall Bastelkleber, <a href=\"https:\/\/collall.nl\/de\/product-category\/aquatint-und-tusche\/\">AquaTint<\/a> und Rasierschaum.<\/p>\n<p>Schaffe wundersch\u00f6ne Kunstwerke mit Puffy Paint! M\u00f6chtest du lernen, wie du dies einfach selbst herstellen kannst?<\/p>\n<p>Schau dir hier unsere Schritt-f\u00fcr-Schritt-Anleitung an!<\/p>\n<p><a href=\"https:\/\/collall.nl\/wp-content\/uploads\/2022\/03\/Collall_Worksheet-Puffy-Paint.pdf\">Collall_Worksheet-Puffy Paint<\/a><\/p>\n<p><img loading=\"lazy\" decoding=\"async\" class=\"alignnone size-medium wp-image-26246\" src=\"https:\/\/collall.nl\/wp-content\/uploads\/2022\/03\/Collall-werkbeschrijving-Puffy-Paint-300x200.jpg\" alt=\"Collall-werkbeschrijving-Puffy-Paint\" width=\"300\" height=\"200\" srcset=\"https:\/\/collall.nl\/wp-content\/uploads\/2022\/03\/Collall-werkbeschrijving-Puffy-Paint-300x200.jpg 300w, https:\/\/collall.nl\/wp-content\/uploads\/2022\/03\/Collall-werkbeschrijving-Puffy-Paint-1024x683.jpg 1024w, https:\/\/collall.nl\/wp-content\/uploads\/2022\/03\/Collall-werkbeschrijving-Puffy-Paint-768x512.jpg 768w, https:\/\/collall.nl\/wp-content\/uploads\/2022\/03\/Collall-werkbeschrijving-Puffy-Paint-354x236.jpg 354w, https:\/\/collall.nl\/wp-content\/uploads\/2022\/03\/Collall-werkbeschrijving-Puffy-Paint-600x400.jpg 600w, https:\/\/collall.nl\/wp-content\/uploads\/2022\/03\/Collall-werkbeschrijving-Puffy-Paint.jpg 1500w\" sizes=\"auto, (max-width: 300px) 100vw, 300px\" \/><\/p>\n","protected":false},"excerpt":{"rendered":"<p>Collall Bastelkleber ist ein wei\u00dfer Leim auf Wasserbasis. Geeignet zum Kleben von unter anderem Papier, Karton, Holz und Filz.<\/p>\n<p><strong>Anleitung:\u00a0<\/strong><a href=\"https:\/\/collall.nl\/wp-content\/uploads\/2022\/03\/Collall_Worksheet-Puffy-Paint.pdf\">Collall_Worksheet-Puffy Paint<\/a><\/p>\n<p><img loading=\"lazy\" decoding=\"async\" class=\"alignnone size-medium wp-image-26246\" src=\"https:\/\/collall.nl\/wp-content\/uploads\/2022\/03\/Collall-werkbeschrijving-Puffy-Paint-300x200.jpg\" alt=\"Collall-werkbeschrijving-Puffy-Paint\" width=\"300\" height=\"200\" srcset=\"https:\/\/collall.nl\/wp-content\/uploads\/2022\/03\/Collall-werkbeschrijving-Puffy-Paint-300x200.jpg 300w, https:\/\/collall.nl\/wp-content\/uploads\/2022\/03\/Collall-werkbeschrijving-Puffy-Paint-1024x683.jpg 1024w, https:\/\/collall.nl\/wp-content\/uploads\/2022\/03\/Collall-werkbeschrijving-Puffy-Paint-768x512.jpg 768w, https:\/\/collall.nl\/wp-content\/uploads\/2022\/03\/Collall-werkbeschrijving-Puffy-Paint-354x236.jpg 354w, https:\/\/collall.nl\/wp-content\/uploads\/2022\/03\/Collall-werkbeschrijving-Puffy-Paint-600x400.jpg 600w, https:\/\/collall.nl\/wp-content\/uploads\/2022\/03\/Collall-werkbeschrijving-Puffy-Paint.jpg 1500w\" sizes=\"auto, (max-width: 300px) 100vw, 300px\" \/><\/p>\n","protected":false},"featured_media":29163,"comment_status":"open","ping_status":"closed","template":"","meta":{"_acf_changed":false},"product_brand":[],"product_cat":[176],"product_tag":[],"class_list":{"0":"post-9558","1":"product","2":"type-product","3":"status-publish","4":"has-post-thumbnail","6":"product_cat-kleber-und-lackleim","8":"first","9":"instock","10":"shipping-taxable","11":"purchasable","12":"product-type-variable"},"acf":[],"yoast_head":"<!-- This site is optimized with the Yoast SEO plugin v27.2 - https:\/\/yoast.com\/product\/yoast-seo-wordpress\/ -->\n<title>Collall Bastelkleber - Collall<\/title>\n<meta name=\"robots\" content=\"index, follow, max-snippet:-1, max-image-preview:large, max-video-preview:-1\" \/>\n<link rel=\"canonical\" href=\"https:\/\/collall.nl\/de\/product\/collall-bastelkleber\/\" \/>\n<meta property=\"og:locale\" content=\"de_DE\" \/>\n<meta property=\"og:type\" content=\"article\" \/>\n<meta property=\"og:title\" content=\"Collall Bastelkleber - Collall\" \/>\n<meta property=\"og:description\" content=\"Collall Bastelkleber ist ein wei\u00dfer Leim auf Wasserbasis. Geeignet zum Kleben von unter anderem Papier, Karton, Holz und Filz.  Anleitung:\u00a0Collall_Worksheet-Puffy Paint\" \/>\n<meta property=\"og:url\" content=\"https:\/\/collall.nl\/de\/product\/collall-bastelkleber\/\" \/>\n<meta property=\"og:site_name\" content=\"Collall\" \/>\n<meta property=\"article:publisher\" content=\"https:\/\/www.facebook.com\/people\/Collall\/100064976852539\/\" \/>\n<meta property=\"article:modified_time\" content=\"2025-05-08T09:13:22+00:00\" \/>\n<meta property=\"og:image\" content=\"https:\/\/collall.nl\/wp-content\/uploads\/2022\/03\/COLKN0100-1.jpg\" \/>\n\t<meta property=\"og:image:width\" content=\"1000\" \/>\n\t<meta property=\"og:image:height\" content=\"1000\" \/>\n\t<meta property=\"og:image:type\" content=\"image\/jpeg\" \/>\n<meta name=\"twitter:card\" content=\"summary_large_image\" \/>\n<meta name=\"twitter:label1\" content=\"Gesch\u00e4tzte Lesezeit\" \/>\n\t<meta name=\"twitter:data1\" content=\"4\u00a0Minuten\" \/>\n<script type=\"application\/ld+json\" class=\"yoast-schema-graph\">{\"@context\":\"https:\/\/schema.org\",\"@graph\":[{\"@type\":\"WebPage\",\"@id\":\"https:\/\/collall.nl\/de\/product\/collall-bastelkleber\/\",\"url\":\"https:\/\/collall.nl\/de\/product\/collall-bastelkleber\/\",\"name\":\"Collall Bastelkleber - Collall\",\"isPartOf\":{\"@id\":\"https:\/\/collall.nl\/#website\"},\"primaryImageOfPage\":{\"@id\":\"https:\/\/collall.nl\/de\/product\/collall-bastelkleber\/#primaryimage\"},\"image\":{\"@id\":\"https:\/\/collall.nl\/de\/product\/collall-bastelkleber\/#primaryimage\"},\"thumbnailUrl\":\"https:\/\/collall.nl\/wp-content\/uploads\/2022\/03\/COLKN0100-1.jpg\",\"datePublished\":\"2022-03-01T09:11:35+00:00\",\"dateModified\":\"2025-05-08T09:13:22+00:00\",\"breadcrumb\":{\"@id\":\"https:\/\/collall.nl\/de\/product\/collall-bastelkleber\/#breadcrumb\"},\"inLanguage\":\"de\",\"potentialAction\":[{\"@type\":\"ReadAction\",\"target\":[\"https:\/\/collall.nl\/de\/product\/collall-bastelkleber\/\"]}]},{\"@type\":\"ImageObject\",\"inLanguage\":\"de\",\"@id\":\"https:\/\/collall.nl\/de\/product\/collall-bastelkleber\/#primaryimage\",\"url\":\"https:\/\/collall.nl\/wp-content\/uploads\/2022\/03\/COLKN0100-1.jpg\",\"contentUrl\":\"https:\/\/collall.nl\/wp-content\/uploads\/2022\/03\/COLKN0100-1.jpg\",\"width\":1000,\"height\":1000},{\"@type\":\"BreadcrumbList\",\"@id\":\"https:\/\/collall.nl\/de\/product\/collall-bastelkleber\/#breadcrumb\",\"itemListElement\":[{\"@type\":\"ListItem\",\"position\":1,\"name\":\"Home\",\"item\":\"https:\/\/collall.nl\/de\/hauptseite\/\"},{\"@type\":\"ListItem\",\"position\":2,\"name\":\"Produkte\",\"item\":\"https:\/\/collall.nl\/de\/produkte\/\"},{\"@type\":\"ListItem\",\"position\":3,\"name\":\"Collall Bastelkleber\"}]},{\"@type\":\"WebSite\",\"@id\":\"https:\/\/collall.nl\/#website\",\"url\":\"https:\/\/collall.nl\/\",\"name\":\"Collall\",\"description\":\"Adhesives &amp; Paints since 1949\",\"publisher\":{\"@id\":\"https:\/\/collall.nl\/#organization\"},\"potentialAction\":[{\"@type\":\"SearchAction\",\"target\":{\"@type\":\"EntryPoint\",\"urlTemplate\":\"https:\/\/collall.nl\/?s={search_term_string}\"},\"query-input\":{\"@type\":\"PropertyValueSpecification\",\"valueRequired\":true,\"valueName\":\"search_term_string\"}}],\"inLanguage\":\"de\"},{\"@type\":\"Organization\",\"@id\":\"https:\/\/collall.nl\/#organization\",\"name\":\"Collall B.V.\",\"url\":\"https:\/\/collall.nl\/\",\"logo\":{\"@type\":\"ImageObject\",\"inLanguage\":\"de\",\"@id\":\"https:\/\/collall.nl\/#\/schema\/logo\/image\/\",\"url\":\"https:\/\/collall.nl\/wp-content\/uploads\/2022\/08\/Collall-logo-186C_Reflex-blue.jpg\",\"contentUrl\":\"https:\/\/collall.nl\/wp-content\/uploads\/2022\/08\/Collall-logo-186C_Reflex-blue.jpg\",\"width\":1963,\"height\":1179,\"caption\":\"Collall B.V.\"},\"image\":{\"@id\":\"https:\/\/collall.nl\/#\/schema\/logo\/image\/\"},\"sameAs\":[\"https:\/\/www.facebook.com\/people\/Collall\/100064976852539\/\",\"https:\/\/www.instagram.com\/collall_1949\/\",\"https:\/\/nl.pinterest.com\/CollallBV\/\",\"https:\/\/www.youtube.com\/channel\/UCrCGuwth_udZhTqJSh5g9zg\"]}]}<\/script>\n<!-- \/ Yoast SEO plugin. -->","yoast_head_json":{"title":"Collall Bastelkleber - Collall","robots":{"index":"index","follow":"follow","max-snippet":"max-snippet:-1","max-image-preview":"max-image-preview:large","max-video-preview":"max-video-preview:-1"},"canonical":"https:\/\/collall.nl\/de\/product\/collall-bastelkleber\/","og_locale":"de_DE","og_type":"article","og_title":"Collall Bastelkleber - Collall","og_description":"Collall Bastelkleber ist ein wei\u00dfer Leim auf Wasserbasis. Geeignet zum Kleben von unter anderem Papier, Karton, Holz und Filz.  Anleitung:\u00a0Collall_Worksheet-Puffy Paint","og_url":"https:\/\/collall.nl\/de\/product\/collall-bastelkleber\/","og_site_name":"Collall","article_publisher":"https:\/\/www.facebook.com\/people\/Collall\/100064976852539\/","article_modified_time":"2025-05-08T09:13:22+00:00","og_image":[{"width":1000,"height":1000,"url":"https:\/\/collall.nl\/wp-content\/uploads\/2022\/03\/COLKN0100-1.jpg","type":"image\/jpeg"}],"twitter_card":"summary_large_image","twitter_misc":{"Gesch\u00e4tzte Lesezeit":"4\u00a0Minuten"},"schema":{"@context":"https:\/\/schema.org","@graph":[{"@type":"WebPage","@id":"https:\/\/collall.nl\/de\/product\/collall-bastelkleber\/","url":"https:\/\/collall.nl\/de\/product\/collall-bastelkleber\/","name":"Collall Bastelkleber - Collall","isPartOf":{"@id":"https:\/\/collall.nl\/#website"},"primaryImageOfPage":{"@id":"https:\/\/collall.nl\/de\/product\/collall-bastelkleber\/#primaryimage"},"image":{"@id":"https:\/\/collall.nl\/de\/product\/collall-bastelkleber\/#primaryimage"},"thumbnailUrl":"https:\/\/collall.nl\/wp-content\/uploads\/2022\/03\/COLKN0100-1.jpg","datePublished":"2022-03-01T09:11:35+00:00","dateModified":"2025-05-08T09:13:22+00:00","breadcrumb":{"@id":"https:\/\/collall.nl\/de\/product\/collall-bastelkleber\/#breadcrumb"},"inLanguage":"de","potentialAction":[{"@type":"ReadAction","target":["https:\/\/collall.nl\/de\/product\/collall-bastelkleber\/"]}]},{"@type":"ImageObject","inLanguage":"de","@id":"https:\/\/collall.nl\/de\/product\/collall-bastelkleber\/#primaryimage","url":"https:\/\/collall.nl\/wp-content\/uploads\/2022\/03\/COLKN0100-1.jpg","contentUrl":"https:\/\/collall.nl\/wp-content\/uploads\/2022\/03\/COLKN0100-1.jpg","width":1000,"height":1000},{"@type":"BreadcrumbList","@id":"https:\/\/collall.nl\/de\/product\/collall-bastelkleber\/#breadcrumb","itemListElement":[{"@type":"ListItem","position":1,"name":"Home","item":"https:\/\/collall.nl\/de\/hauptseite\/"},{"@type":"ListItem","position":2,"name":"Produkte","item":"https:\/\/collall.nl\/de\/produkte\/"},{"@type":"ListItem","position":3,"name":"Collall Bastelkleber"}]},{"@type":"WebSite","@id":"https:\/\/collall.nl\/#website","url":"https:\/\/collall.nl\/","name":"Collall","description":"Adhesives &amp; Paints since 1949","publisher":{"@id":"https:\/\/collall.nl\/#organization"},"potentialAction":[{"@type":"SearchAction","target":{"@type":"EntryPoint","urlTemplate":"https:\/\/collall.nl\/?s={search_term_string}"},"query-input":{"@type":"PropertyValueSpecification","valueRequired":true,"valueName":"search_term_string"}}],"inLanguage":"de"},{"@type":"Organization","@id":"https:\/\/collall.nl\/#organization","name":"Collall B.V.","url":"https:\/\/collall.nl\/","logo":{"@type":"ImageObject","inLanguage":"de","@id":"https:\/\/collall.nl\/#\/schema\/logo\/image\/","url":"https:\/\/collall.nl\/wp-content\/uploads\/2022\/08\/Collall-logo-186C_Reflex-blue.jpg","contentUrl":"https:\/\/collall.nl\/wp-content\/uploads\/2022\/08\/Collall-logo-186C_Reflex-blue.jpg","width":1963,"height":1179,"caption":"Collall B.V."},"image":{"@id":"https:\/\/collall.nl\/#\/schema\/logo\/image\/"},"sameAs":["https:\/\/www.facebook.com\/people\/Collall\/100064976852539\/","https:\/\/www.instagram.com\/collall_1949\/","https:\/\/nl.pinterest.com\/CollallBV\/","https:\/\/www.youtube.com\/channel\/UCrCGuwth_udZhTqJSh5g9zg"]}]}},"_links":{"self":[{"href":"https:\/\/collall.nl\/de\/wp-json\/wp\/v2\/product\/9558","targetHints":{"allow":["GET"]}}],"collection":[{"href":"https:\/\/collall.nl\/de\/wp-json\/wp\/v2\/product"}],"about":[{"href":"https:\/\/collall.nl\/de\/wp-json\/wp\/v2\/types\/product"}],"replies":[{"embeddable":true,"href":"https:\/\/collall.nl\/de\/wp-json\/wp\/v2\/comments?post=9558"}],"wp:featuredmedia":[{"embeddable":true,"href":"https:\/\/collall.nl\/de\/wp-json\/wp\/v2\/media\/29163"}],"wp:attachment":[{"href":"https:\/\/collall.nl\/de\/wp-json\/wp\/v2\/media?parent=9558"}],"wp:term":[{"taxonomy":"product_brand","embeddable":true,"href":"https:\/\/collall.nl\/de\/wp-json\/wp\/v2\/product_brand?post=9558"},{"taxonomy":"product_cat","embeddable":true,"href":"https:\/\/collall.nl\/de\/wp-json\/wp\/v2\/product_cat?post=9558"},{"taxonomy":"product_tag","embeddable":true,"href":"https:\/\/collall.nl\/de\/wp-json\/wp\/v2\/product_tag?post=9558"}],"curies":[{"name":"wp","href":"https:\/\/api.w.org\/{rel}","templated":true}]}}