{"id":30881,"date":"2025-04-10T13:55:48","date_gmt":"2025-04-10T13:10:15","guid":{"rendered":"https:\/\/collall.nl\/?post_type=product&#038;p=30881"},"modified":"2025-05-20T15:54:45","modified_gmt":"2025-05-20T13:54:45","slug":"collall-schablonenkleber","status":"publish","type":"product","link":"https:\/\/collall.nl\/de\/product\/collall-schablonenkleber\/","title":{"rendered":"Collall Schablonenkleber"},"content":{"rendered":"<p class=\"\" data-start=\"57\" data-end=\"516\"><strong data-start=\"57\" data-end=\"71\">Anwendung:<\/strong><\/p>\n<p class=\"\" data-start=\"3769\" data-end=\"4107\"><strong data-start=\"3769\" data-end=\"3797\">Collall Schablonenkleber<\/strong> (auch Stencilkleber genannt) ist ein wasserbasierter Kleber, der sich ideal zum tempor\u00e4ren Fixieren von Kunststoff-Schablonen auf einer Oberfl\u00e4che eignet. Der Kleber h\u00e4lt die Schablone beim Arbeiten sicher an ihrem Platz und verhindert ein Verrutschen. Besonders praktisch f\u00fcr nicht-selbstklebende Schablonen.<\/p>\n<p class=\"\" data-start=\"4109\" data-end=\"4328\">Dieser Kleber ist hervorragend geeignet f\u00fcr Bastler, Lehrkr\u00e4fte und Kinder ab 6 Jahren. Durch die tempor\u00e4re Haftung bleibt die Schablone genau dort, wo sie sein soll \u2013 das verhindert Verschmieren und ungenaues Arbeiten.<\/p>\n<p class=\"\" data-start=\"57\" data-end=\"516\"><strong data-start=\"518\" data-end=\"531\">Aussehen:<\/strong><\/p>\n<ul>\n<li data-start=\"535\" data-end=\"565\">Dickfl\u00fcssiger, wei\u00dfer Kleber<\/li>\n<li data-start=\"568\" data-end=\"587\">Schnell trocknend<\/li>\n<\/ul>\n<p class=\"\" data-start=\"618\" data-end=\"643\"><strong data-start=\"618\" data-end=\"636\">L\u00f6sungsmittel:<\/strong> Wasser<\/p>\n<p class=\"\" data-start=\"645\" data-end=\"693\"><strong data-start=\"645\" data-end=\"666\">Hauptbestandteil: <\/strong>Acrylatdispersion<\/p>\n<p class=\"\" data-start=\"645\" data-end=\"693\"><strong>Nat\u00fcrliche Inhaltsstoffe:<\/strong> 37%<\/p>\n<p class=\"\" data-start=\"695\" data-end=\"711\"><strong data-start=\"695\" data-end=\"710\">Viskosit\u00e4t: <\/strong>2.500 &#8211; 4.000 mPa.s<\/p>\n<p class=\"\" data-start=\"713\" data-end=\"726\"><strong data-start=\"713\" data-end=\"725\">pH: <\/strong>4-6<\/p>\n<p class=\"\" data-start=\"728\" data-end=\"751\"><strong data-start=\"728\" data-end=\"739\">Dichte:<\/strong> 1,05 kg\/dm\u00b3<\/p>\n<p class=\"\" data-start=\"753\" data-end=\"762\"><strong data-start=\"753\" data-end=\"760\">CE:<\/strong> \u2013<\/p>\n<p class=\"\" data-start=\"764\" data-end=\"803\"><strong data-start=\"764\" data-end=\"784\">Kleberverbrauch:<\/strong> 75\u2013150 Gramm pro Quadratmeter (abh\u00e4ngig von der zu verklebenden Oberfl\u00e4che. Bei rauen Untergr\u00fcnden muss eine gr\u00f6\u00dfere Menge Klebstoff aufgetragen werden).<\/p>\n<p class=\"\" data-start=\"764\" data-end=\"803\"><strong data-start=\"805\" data-end=\"822\">Verarbeitung:<\/strong><\/p>\n<ul>\n<li data-start=\"4902\" data-end=\"4999\">Stelle sicher, dass die Schablone und die Oberfl\u00e4che (Papier oder Holz) sauber und trocken sind<\/li>\n<li data-start=\"5002\" data-end=\"5050\">Gib etwas Kleber auf einen Schwamm oder Pinsel<\/li>\n<li data-start=\"5053\" data-end=\"5115\">Trage eine d\u00fcnne Schicht auf die R\u00fcckseite der Schablone auf<\/li>\n<li data-start=\"5118\" data-end=\"5185\">Kurz antrocknen lassen, bis sie klebrig, aber nicht mehr nass ist<\/li>\n<li data-start=\"5188\" data-end=\"5229\">Schablone auf die Arbeitsfl\u00e4che dr\u00fccken<\/li>\n<li data-start=\"5232\" data-end=\"5286\">Mit einem Pinsel \u00fcbermalen oder vorsichtig auftupfen<\/li>\n<li data-start=\"5289\" data-end=\"5372\">Schablone vorsichtig entfernen (Vorsicht bei por\u00f6sen oder lackierten Oberfl\u00e4chen)<\/li>\n<li data-start=\"5375\" data-end=\"5424\">Mit kaltem Wasser und etwas Sp\u00fclmittel reinigen<\/li>\n<\/ul>\n<p class=\"\" data-start=\"1121\" data-end=\"1157\"><strong data-start=\"1121\" data-end=\"1138\">Geeignet f\u00fcr:<\/strong> Kinder ab 6 Jahren<\/p>\n<p class=\"\" data-start=\"1159\" data-end=\"1264\"><strong data-start=\"1159\" data-end=\"1173\">Allergene:<\/strong> Enth\u00e4lt CMIT\/MIT und 1,2-Benzisothiazol-3(2H)-on. Kann allergische Reaktionen hervorrufen.<\/p>\n<p class=\"\" data-start=\"1266\" data-end=\"1280\"><strong data-start=\"1266\" data-end=\"1280\">Reinigung:<\/strong><\/p>\n<ul>\n<li data-start=\"1282\" data-end=\"1462\">Solange der Kleber noch feucht ist, k\u00f6nnen Werkzeuge und Oberfl\u00e4chen leicht mit kaltem Wasser gereinigt werden (gegebenenfalls kann ein synthetisches Reinigungsmittel hinzugef\u00fcgt werden).<\/li>\n<\/ul>\n<h4 data-start=\"4330\" data-end=\"4373\"><strong data-start=\"4330\" data-end=\"4373\">Vorteile des Collall Schablonenklebers:<\/strong><\/h4>\n<ul>\n<li data-start=\"4376\" data-end=\"4418\">H\u00e4lt Schablonen sicher an Ort und Stelle<\/li>\n<li data-start=\"4421\" data-end=\"4474\">Ideal f\u00fcr nicht-selbstklebende Kunststoffschablonen<\/li>\n<li data-start=\"4477\" data-end=\"4513\">Weniger Kleckerei und Verschmieren<\/li>\n<li data-start=\"4516\" data-end=\"4554\">Wasserbasiert und leicht zu reinigen<\/li>\n<li data-start=\"4557\" data-end=\"4653\">Einfach zu verwenden, auch f\u00fcr Kinder ab 6 Jahren<\/li>\n<li data-start=\"4656\" data-end=\"4674\">Schnelltrocknend<\/li>\n<\/ul>\n<p class=\"\" data-start=\"4676\" data-end=\"4690\"><strong data-start=\"4676\" data-end=\"4690\">Ideal f\u00fcr:<\/strong><\/p>\n<ul>\n<li data-start=\"4693\" data-end=\"4731\">Bastler, K\u00fcnstler und kreative K\u00f6pfe<\/li>\n<li data-start=\"4734\" data-end=\"4808\">DIY-Projekte mit Schablonen auf festem Papier, Holz, Glas, Leinwand usw.<\/li>\n<li data-start=\"4811\" data-end=\"4883\">Einsatz im Klassenzimmer oder zu Hause (geeignet f\u00fcr Kinder ab 6 Jahren)<\/li>\n<\/ul>\n<p class=\"\" data-start=\"4811\" data-end=\"4883\"><strong data-start=\"5426\" data-end=\"5456\">Was kann man damit machen?<\/strong><\/p>\n<ul>\n<li>Sch\u00f6ne Poster<\/li>\n<li data-start=\"5477\" data-end=\"5520\">Dekorative Tafeln oder Schilder mit Thema<\/li>\n<li data-start=\"5523\" data-end=\"5535\">Gru\u00dfkarten<\/li>\n<li data-start=\"5538\" data-end=\"5607\">Verzierungen auf Holz (z.\u202fB. Texte) oder Glas (z.\u202fB. Schneeflocken)<\/li>\n<li data-start=\"5610\" data-end=\"5648\">Bastelarbeiten f\u00fcr Schule oder Zuhause<\/li>\n<\/ul>\n","protected":false},"excerpt":{"rendered":"<p>Collall Schablonenkleber ist ein wasserbasierter Kleber, der sich zum tempor\u00e4ren Fixieren von Kunststoffschablonen auf Untergr\u00fcnden eignet.<\/p>\n","protected":false},"featured_media":30939,"comment_status":"open","ping_status":"closed","template":"","meta":{"_acf_changed":false},"product_brand":[],"product_cat":[176],"product_tag":[],"class_list":{"0":"post-30881","1":"product","2":"type-product","3":"status-publish","4":"has-post-thumbnail","6":"product_cat-kleber-und-lackleim","8":"first","9":"instock","10":"shipping-taxable","11":"purchasable","12":"product-type-variable"},"acf":[],"yoast_head":"<!-- This site is optimized with the Yoast SEO plugin v27.2 - https:\/\/yoast.com\/product\/yoast-seo-wordpress\/ -->\n<title>Collall Schablonenkleber - Collall<\/title>\n<meta name=\"description\" content=\"Collall SchablonenkleberCollall Schablonenkleber (auch Schablonenklebstoff genannt) ist ein wasserbasierter Kleber, der sich zum tempor\u00e4ren Fixieren.\" \/>\n<meta name=\"robots\" content=\"index, follow, max-snippet:-1, max-image-preview:large, max-video-preview:-1\" \/>\n<link rel=\"canonical\" href=\"https:\/\/collall.nl\/de\/product\/collall-schablonenkleber\/\" \/>\n<meta property=\"og:locale\" content=\"de_DE\" \/>\n<meta property=\"og:type\" content=\"article\" \/>\n<meta property=\"og:title\" content=\"Collall Schablonenkleber - Collall\" \/>\n<meta property=\"og:description\" content=\"Collall SchablonenkleberCollall Schablonenkleber (auch Schablonenklebstoff genannt) ist ein wasserbasierter Kleber, der sich zum tempor\u00e4ren Fixieren.\" \/>\n<meta property=\"og:url\" content=\"https:\/\/collall.nl\/de\/product\/collall-schablonenkleber\/\" \/>\n<meta property=\"og:site_name\" content=\"Collall\" \/>\n<meta property=\"article:publisher\" content=\"https:\/\/www.facebook.com\/people\/Collall\/100064976852539\/\" \/>\n<meta property=\"article:modified_time\" content=\"2025-05-20T13:54:45+00:00\" \/>\n<meta property=\"og:image\" content=\"https:\/\/collall.nl\/wp-content\/uploads\/2025\/04\/Collall-Stencil-glue-100ml.webp\" \/>\n\t<meta property=\"og:image:width\" content=\"1000\" \/>\n\t<meta property=\"og:image:height\" content=\"1000\" \/>\n\t<meta property=\"og:image:type\" content=\"image\/jpeg\" \/>\n<meta name=\"twitter:card\" content=\"summary_large_image\" \/>\n<meta name=\"twitter:label1\" content=\"Gesch\u00e4tzte Lesezeit\" \/>\n\t<meta name=\"twitter:data1\" content=\"2\u00a0Minuten\" \/>\n<script type=\"application\/ld+json\" class=\"yoast-schema-graph\">{\"@context\":\"https:\/\/schema.org\",\"@graph\":[{\"@type\":\"WebPage\",\"@id\":\"https:\/\/collall.nl\/de\/product\/collall-schablonenkleber\/\",\"url\":\"https:\/\/collall.nl\/de\/product\/collall-schablonenkleber\/\",\"name\":\"Collall Schablonenkleber - Collall\",\"isPartOf\":{\"@id\":\"https:\/\/collall.nl\/#website\"},\"primaryImageOfPage\":{\"@id\":\"https:\/\/collall.nl\/de\/product\/collall-schablonenkleber\/#primaryimage\"},\"image\":{\"@id\":\"https:\/\/collall.nl\/de\/product\/collall-schablonenkleber\/#primaryimage\"},\"thumbnailUrl\":\"https:\/\/collall.nl\/wp-content\/uploads\/2025\/04\/Collall-Stencil-glue-100ml.webp\",\"datePublished\":\"2025-04-10T13:10:15+00:00\",\"dateModified\":\"2025-05-20T13:54:45+00:00\",\"description\":\"Collall SchablonenkleberCollall Schablonenkleber (auch Schablonenklebstoff genannt) ist ein wasserbasierter Kleber, der sich zum tempor\u00e4ren Fixieren.\",\"breadcrumb\":{\"@id\":\"https:\/\/collall.nl\/de\/product\/collall-schablonenkleber\/#breadcrumb\"},\"inLanguage\":\"de\",\"potentialAction\":[{\"@type\":\"ReadAction\",\"target\":[\"https:\/\/collall.nl\/de\/product\/collall-schablonenkleber\/\"]}]},{\"@type\":\"ImageObject\",\"inLanguage\":\"de\",\"@id\":\"https:\/\/collall.nl\/de\/product\/collall-schablonenkleber\/#primaryimage\",\"url\":\"https:\/\/collall.nl\/wp-content\/uploads\/2025\/04\/Collall-Stencil-glue-100ml.webp\",\"contentUrl\":\"https:\/\/collall.nl\/wp-content\/uploads\/2025\/04\/Collall-Stencil-glue-100ml.webp\",\"width\":1000,\"height\":1000},{\"@type\":\"BreadcrumbList\",\"@id\":\"https:\/\/collall.nl\/de\/product\/collall-schablonenkleber\/#breadcrumb\",\"itemListElement\":[{\"@type\":\"ListItem\",\"position\":1,\"name\":\"Home\",\"item\":\"https:\/\/collall.nl\/de\/hauptseite\/\"},{\"@type\":\"ListItem\",\"position\":2,\"name\":\"Produkte\",\"item\":\"https:\/\/collall.nl\/de\/produkte\/\"},{\"@type\":\"ListItem\",\"position\":3,\"name\":\"Collall Schablonenkleber\"}]},{\"@type\":\"WebSite\",\"@id\":\"https:\/\/collall.nl\/#website\",\"url\":\"https:\/\/collall.nl\/\",\"name\":\"Collall\",\"description\":\"Adhesives &amp; Paints since 1949\",\"publisher\":{\"@id\":\"https:\/\/collall.nl\/#organization\"},\"potentialAction\":[{\"@type\":\"SearchAction\",\"target\":{\"@type\":\"EntryPoint\",\"urlTemplate\":\"https:\/\/collall.nl\/?s={search_term_string}\"},\"query-input\":{\"@type\":\"PropertyValueSpecification\",\"valueRequired\":true,\"valueName\":\"search_term_string\"}}],\"inLanguage\":\"de\"},{\"@type\":\"Organization\",\"@id\":\"https:\/\/collall.nl\/#organization\",\"name\":\"Collall B.V.\",\"url\":\"https:\/\/collall.nl\/\",\"logo\":{\"@type\":\"ImageObject\",\"inLanguage\":\"de\",\"@id\":\"https:\/\/collall.nl\/#\/schema\/logo\/image\/\",\"url\":\"https:\/\/collall.nl\/wp-content\/uploads\/2022\/08\/Collall-logo-186C_Reflex-blue.jpg\",\"contentUrl\":\"https:\/\/collall.nl\/wp-content\/uploads\/2022\/08\/Collall-logo-186C_Reflex-blue.jpg\",\"width\":1963,\"height\":1179,\"caption\":\"Collall B.V.\"},\"image\":{\"@id\":\"https:\/\/collall.nl\/#\/schema\/logo\/image\/\"},\"sameAs\":[\"https:\/\/www.facebook.com\/people\/Collall\/100064976852539\/\",\"https:\/\/www.instagram.com\/collall_1949\/\",\"https:\/\/nl.pinterest.com\/CollallBV\/\",\"https:\/\/www.youtube.com\/channel\/UCrCGuwth_udZhTqJSh5g9zg\"]}]}<\/script>\n<!-- \/ Yoast SEO plugin. -->","yoast_head_json":{"title":"Collall Schablonenkleber - Collall","description":"Collall SchablonenkleberCollall Schablonenkleber (auch Schablonenklebstoff genannt) ist ein wasserbasierter Kleber, der sich zum tempor\u00e4ren Fixieren.","robots":{"index":"index","follow":"follow","max-snippet":"max-snippet:-1","max-image-preview":"max-image-preview:large","max-video-preview":"max-video-preview:-1"},"canonical":"https:\/\/collall.nl\/de\/product\/collall-schablonenkleber\/","og_locale":"de_DE","og_type":"article","og_title":"Collall Schablonenkleber - Collall","og_description":"Collall SchablonenkleberCollall Schablonenkleber (auch Schablonenklebstoff genannt) ist ein wasserbasierter Kleber, der sich zum tempor\u00e4ren Fixieren.","og_url":"https:\/\/collall.nl\/de\/product\/collall-schablonenkleber\/","og_site_name":"Collall","article_publisher":"https:\/\/www.facebook.com\/people\/Collall\/100064976852539\/","article_modified_time":"2025-05-20T13:54:45+00:00","og_image":[{"width":1000,"height":1000,"url":"https:\/\/collall.nl\/wp-content\/uploads\/2025\/04\/Collall-Stencil-glue-100ml.webp","type":"image\/jpeg"}],"twitter_card":"summary_large_image","twitter_misc":{"Gesch\u00e4tzte Lesezeit":"2\u00a0Minuten"},"schema":{"@context":"https:\/\/schema.org","@graph":[{"@type":"WebPage","@id":"https:\/\/collall.nl\/de\/product\/collall-schablonenkleber\/","url":"https:\/\/collall.nl\/de\/product\/collall-schablonenkleber\/","name":"Collall Schablonenkleber - Collall","isPartOf":{"@id":"https:\/\/collall.nl\/#website"},"primaryImageOfPage":{"@id":"https:\/\/collall.nl\/de\/product\/collall-schablonenkleber\/#primaryimage"},"image":{"@id":"https:\/\/collall.nl\/de\/product\/collall-schablonenkleber\/#primaryimage"},"thumbnailUrl":"https:\/\/collall.nl\/wp-content\/uploads\/2025\/04\/Collall-Stencil-glue-100ml.webp","datePublished":"2025-04-10T13:10:15+00:00","dateModified":"2025-05-20T13:54:45+00:00","description":"Collall SchablonenkleberCollall Schablonenkleber (auch Schablonenklebstoff genannt) ist ein wasserbasierter Kleber, der sich zum tempor\u00e4ren Fixieren.","breadcrumb":{"@id":"https:\/\/collall.nl\/de\/product\/collall-schablonenkleber\/#breadcrumb"},"inLanguage":"de","potentialAction":[{"@type":"ReadAction","target":["https:\/\/collall.nl\/de\/product\/collall-schablonenkleber\/"]}]},{"@type":"ImageObject","inLanguage":"de","@id":"https:\/\/collall.nl\/de\/product\/collall-schablonenkleber\/#primaryimage","url":"https:\/\/collall.nl\/wp-content\/uploads\/2025\/04\/Collall-Stencil-glue-100ml.webp","contentUrl":"https:\/\/collall.nl\/wp-content\/uploads\/2025\/04\/Collall-Stencil-glue-100ml.webp","width":1000,"height":1000},{"@type":"BreadcrumbList","@id":"https:\/\/collall.nl\/de\/product\/collall-schablonenkleber\/#breadcrumb","itemListElement":[{"@type":"ListItem","position":1,"name":"Home","item":"https:\/\/collall.nl\/de\/hauptseite\/"},{"@type":"ListItem","position":2,"name":"Produkte","item":"https:\/\/collall.nl\/de\/produkte\/"},{"@type":"ListItem","position":3,"name":"Collall Schablonenkleber"}]},{"@type":"WebSite","@id":"https:\/\/collall.nl\/#website","url":"https:\/\/collall.nl\/","name":"Collall","description":"Adhesives &amp; Paints since 1949","publisher":{"@id":"https:\/\/collall.nl\/#organization"},"potentialAction":[{"@type":"SearchAction","target":{"@type":"EntryPoint","urlTemplate":"https:\/\/collall.nl\/?s={search_term_string}"},"query-input":{"@type":"PropertyValueSpecification","valueRequired":true,"valueName":"search_term_string"}}],"inLanguage":"de"},{"@type":"Organization","@id":"https:\/\/collall.nl\/#organization","name":"Collall B.V.","url":"https:\/\/collall.nl\/","logo":{"@type":"ImageObject","inLanguage":"de","@id":"https:\/\/collall.nl\/#\/schema\/logo\/image\/","url":"https:\/\/collall.nl\/wp-content\/uploads\/2022\/08\/Collall-logo-186C_Reflex-blue.jpg","contentUrl":"https:\/\/collall.nl\/wp-content\/uploads\/2022\/08\/Collall-logo-186C_Reflex-blue.jpg","width":1963,"height":1179,"caption":"Collall B.V."},"image":{"@id":"https:\/\/collall.nl\/#\/schema\/logo\/image\/"},"sameAs":["https:\/\/www.facebook.com\/people\/Collall\/100064976852539\/","https:\/\/www.instagram.com\/collall_1949\/","https:\/\/nl.pinterest.com\/CollallBV\/","https:\/\/www.youtube.com\/channel\/UCrCGuwth_udZhTqJSh5g9zg"]}]}},"_links":{"self":[{"href":"https:\/\/collall.nl\/de\/wp-json\/wp\/v2\/product\/30881","targetHints":{"allow":["GET"]}}],"collection":[{"href":"https:\/\/collall.nl\/de\/wp-json\/wp\/v2\/product"}],"about":[{"href":"https:\/\/collall.nl\/de\/wp-json\/wp\/v2\/types\/product"}],"replies":[{"embeddable":true,"href":"https:\/\/collall.nl\/de\/wp-json\/wp\/v2\/comments?post=30881"}],"wp:featuredmedia":[{"embeddable":true,"href":"https:\/\/collall.nl\/de\/wp-json\/wp\/v2\/media\/30939"}],"wp:attachment":[{"href":"https:\/\/collall.nl\/de\/wp-json\/wp\/v2\/media?parent=30881"}],"wp:term":[{"taxonomy":"product_brand","embeddable":true,"href":"https:\/\/collall.nl\/de\/wp-json\/wp\/v2\/product_brand?post=30881"},{"taxonomy":"product_cat","embeddable":true,"href":"https:\/\/collall.nl\/de\/wp-json\/wp\/v2\/product_cat?post=30881"},{"taxonomy":"product_tag","embeddable":true,"href":"https:\/\/collall.nl\/de\/wp-json\/wp\/v2\/product_tag?post=30881"}],"curies":[{"name":"wp","href":"https:\/\/api.w.org\/{rel}","templated":true}]}}