{"id":30791,"date":"2025-04-01T14:00:59","date_gmt":"2025-04-01T13:46:15","guid":{"rendered":"https:\/\/collall.nl\/?post_type=product&#038;p=30791"},"modified":"2025-06-12T11:41:36","modified_gmt":"2025-06-12T09:41:36","slug":"collall-oeko-klebestift","status":"publish","type":"product","link":"https:\/\/collall.nl\/de\/product\/collall-oeko-klebestift\/","title":{"rendered":"Collall \u00d6ko Klebestift"},"content":{"rendered":"<p class=\"\" data-start=\"0\" data-end=\"268\"><strong data-start=\"0\" data-end=\"14\">Anwendung: <\/strong>Collall Eco Klebestift ist ein hochwertiger, wei\u00dfer, past\u00f6ser Kleber auf Wasserbasis. Enth\u00e4lt Glycerin f\u00fcr ein geschmeidiges Kleben. Der Klebestift eignet sich zum Verkleben von Papier, Karton, Fotos sowie leichten Kunststoff- und Textilmaterialien.<\/p>\n<p class=\"\" data-start=\"270\" data-end=\"285\"><strong data-start=\"270\" data-end=\"283\">Aussehen:<\/strong><\/p>\n<ul>\n<li data-start=\"288\" data-end=\"327\">Dickfl\u00fcssiger, wei\u00dfer past\u00f6ser Kleber<\/li>\n<li data-start=\"330\" data-end=\"342\">Geruchsarm<\/li>\n<li data-start=\"345\" data-end=\"364\">Schnell trocknend<\/li>\n<li data-start=\"367\" data-end=\"405\">Leicht mit kaltem Wasser auswaschbar<\/li>\n<li data-start=\"408\" data-end=\"454\">Kunststoffteile aus 85 % recyceltem Material<\/li>\n<\/ul>\n<p><strong data-start=\"456\" data-end=\"474\">L\u00f6sungsmittel:<\/strong> Wasser<\/p>\n<p class=\"\" data-start=\"387\" data-end=\"420\"><strong>Hauptbestandteil:<\/strong> St\u00e4rkederivat<\/p>\n<p class=\"\" data-start=\"423\" data-end=\"455\"><strong>Nat\u00fcrliche Inhaltsstoffe:<\/strong> 95 %<\/p>\n<p class=\"\" data-start=\"458\" data-end=\"479\"><strong>Viskosit\u00e4t:<\/strong> &#8211; mPa.s<\/p>\n<p class=\"\" data-start=\"482\" data-end=\"501\"><strong>pH:<\/strong> 9,5\u201310,5<\/p>\n<p class=\"\" data-start=\"504\" data-end=\"529\"><strong>Dichte:<\/strong> 1,05\u20131,25 g\/cm\u00b3<\/p>\n<p class=\"\" data-start=\"545\" data-end=\"658\"><strong data-start=\"618\" data-end=\"625\">CE:<\/strong> \u2013<\/p>\n<p class=\"\" data-start=\"545\" data-end=\"658\"><strong data-start=\"630\" data-end=\"654\">Typische Verwendung:<\/strong> \u2013<\/p>\n<p class=\"\" data-start=\"660\" data-end=\"679\"><strong data-start=\"660\" data-end=\"677\">Verarbeitung:<\/strong><\/p>\n<ul>\n<li data-start=\"682\" data-end=\"765\">Die zu verklebenden Materialien m\u00fcssen trocken sowie staub- und schmutzfrei sein.<\/li>\n<li data-start=\"768\" data-end=\"807\">Direkt aus der Verpackung verwendbar.<\/li>\n<li data-start=\"810\" data-end=\"826\">Lange haltbar.<\/li>\n<\/ul>\n<p><strong data-start=\"828\" data-end=\"842\">Allergene:<\/strong> \u2013<\/p>\n<p class=\"\" data-start=\"848\" data-end=\"880\"><strong data-start=\"848\" data-end=\"865\">Geeignet f\u00fcr:<\/strong> Ab 3 Jahren.<\/p>\n<p><strong data-start=\"882\" data-end=\"896\">Reinigung:<\/strong><\/p>\n<ul>\n<li>Leicht mit (kaltem) Wasser oder in der Waschmaschine auswaschbar.<\/li>\n<\/ul>\n<h4 data-start=\"0\" data-end=\"68\"><strong data-start=\"0\" data-end=\"68\">Nachhaltig kleben mit Pflanzenkraft<\/strong><\/h4>\n<p data-start=\"70\" data-end=\"381\">Der Collall \u00d6ko Klebestift besteht zu 95\u202f% aus nat\u00fcrlichen Inhaltsstoffen. Hauptbestandteil sind pflanzliche St\u00e4rkederivate \u2013 gewonnen z.\u202fB. aus Mais oder Kartoffeln \u2013 und komplett frei von L\u00f6sungsmitteln. Das macht ihn zu einer hervorragenden, umweltfreundlichen Alternative, ohne Kompromisse bei der Qualit\u00e4t.<\/p>\n<p data-start=\"383\" data-end=\"1009\"><strong data-start=\"383\" data-end=\"424\">Vorteile des Collall \u00d6ko Klebestifts:<\/strong><br data-start=\"424\" data-end=\"427\" \/>\u2022 <strong data-start=\"429\" data-end=\"452\">Anwenderfreundlich:<\/strong> Die Stickform erm\u00f6glicht ein sauberes, schnelles und gezieltes Auftragen \u2013 ganz ohne Kleckern.<br data-start=\"547\" data-end=\"550\" \/>\u2022 <strong data-start=\"552\" data-end=\"573\">Schnelltrocknend:<\/strong> Ideal f\u00fcr Schule, B\u00fcro oder kreative Projekte \u2013 das Werk bleibt sauber und trocknet rasch.<br data-start=\"664\" data-end=\"667\" \/>\u2022 <strong data-start=\"669\" data-end=\"694\">Sehr gut auswaschbar:<\/strong> Sollte doch mal etwas auf Kleidung landen, l\u00e4sst sich der Kleber problemlos mit kaltem Wasser oder in der Waschmaschine entfernen.<br data-start=\"825\" data-end=\"828\" \/>\u2022 <strong data-start=\"830\" data-end=\"845\">Geruchsarm:<\/strong> Angenehm in der Anwendung, auch in Klassenr\u00e4umen oder kleinen R\u00e4umen.<br data-start=\"915\" data-end=\"918\" \/>\u2022 <strong data-start=\"920\" data-end=\"935\">Nachhaltig:<\/strong> Die Kunststoffteile der H\u00fclse bestehen zu 85\u202f% aus recyceltem Material.<\/p>\n<p data-start=\"1011\" data-end=\"1119\"><strong data-start=\"1011\" data-end=\"1020\">Tipp:<\/strong> Setzen Sie nach der Anwendung immer die Kappe auf den Klebestift, um ein Austrocknen zu vermeiden.<\/p>\n<p data-start=\"1121\" data-end=\"1400\"><strong data-start=\"1121\" data-end=\"1166\">Warum ein Klebestift statt Fl\u00fcssigkleber?<\/strong><br data-start=\"1166\" data-end=\"1169\" \/>Ein Klebestift eignet sich besonders gut f\u00fcr das schnelle, kontrollierte Auftragen auf flache Materialien wie Papier oder Fotos. Im Gegensatz zu Fl\u00fcssigklebern entstehen keine Tropfen, kein \u00dcberschuss und kein Wellen des Papiers.<\/p>\n<p data-start=\"1402\" data-end=\"1585\" data-is-last-node=\"\" data-is-only-node=\"\">Der \u00d6ko Klebestift ist zudem eine ausgezeichnete Wahl f\u00fcr Kinder: Die H\u00fclse liegt gut in der Hand, die Klebemasse trocknet schnell und l\u00e4sst sich kinderleicht aus Textilien entfernen.<\/p>\n","protected":false},"excerpt":{"rendered":"<p>Collall \u00d6ko Klebestift<\/p>\n","protected":false},"featured_media":30290,"comment_status":"open","ping_status":"closed","template":"","meta":{"_acf_changed":false},"product_brand":[],"product_cat":[176],"product_tag":[],"class_list":{"0":"post-30791","1":"product","2":"type-product","3":"status-publish","4":"has-post-thumbnail","6":"product_cat-kleber-und-lackleim","8":"first","9":"instock","10":"shipping-taxable","11":"purchasable","12":"product-type-variable"},"acf":[],"yoast_head":"<!-- This site is optimized with the Yoast SEO plugin v27.2 - https:\/\/yoast.com\/product\/yoast-seo-wordpress\/ -->\n<title>Collall \u00d6ko Klebestift - Collall<\/title>\n<meta name=\"description\" content=\"Collall \u00d6ko Klebestift\" \/>\n<meta name=\"robots\" content=\"index, follow, max-snippet:-1, max-image-preview:large, max-video-preview:-1\" \/>\n<link rel=\"canonical\" href=\"https:\/\/collall.nl\/de\/product\/collall-oeko-klebestift\/\" \/>\n<meta property=\"og:locale\" content=\"de_DE\" \/>\n<meta property=\"og:type\" content=\"article\" \/>\n<meta property=\"og:title\" content=\"Collall \u00d6ko Klebestift - Collall\" \/>\n<meta property=\"og:description\" content=\"Collall \u00d6ko Klebestift\" \/>\n<meta property=\"og:url\" content=\"https:\/\/collall.nl\/de\/product\/collall-oeko-klebestift\/\" \/>\n<meta property=\"og:site_name\" content=\"Collall\" \/>\n<meta property=\"article:publisher\" content=\"https:\/\/www.facebook.com\/people\/Collall\/100064976852539\/\" \/>\n<meta property=\"article:modified_time\" content=\"2025-06-12T09:41:36+00:00\" \/>\n<meta property=\"og:image\" content=\"https:\/\/collall.nl\/wp-content\/uploads\/2022\/03\/Collall-Eco-Glue-Stick-40g-scaled-e1741681198524.webp\" \/>\n\t<meta property=\"og:image:width\" content=\"1000\" \/>\n\t<meta property=\"og:image:height\" content=\"1000\" \/>\n\t<meta property=\"og:image:type\" content=\"image\/jpeg\" \/>\n<meta name=\"twitter:card\" content=\"summary_large_image\" \/>\n<meta name=\"twitter:label1\" content=\"Gesch\u00e4tzte Lesezeit\" \/>\n\t<meta name=\"twitter:data1\" content=\"2\u00a0Minuten\" \/>\n<script type=\"application\/ld+json\" class=\"yoast-schema-graph\">{\"@context\":\"https:\/\/schema.org\",\"@graph\":[{\"@type\":\"WebPage\",\"@id\":\"https:\/\/collall.nl\/de\/product\/collall-oeko-klebestift\/\",\"url\":\"https:\/\/collall.nl\/de\/product\/collall-oeko-klebestift\/\",\"name\":\"Collall \u00d6ko Klebestift - Collall\",\"isPartOf\":{\"@id\":\"https:\/\/collall.nl\/#website\"},\"primaryImageOfPage\":{\"@id\":\"https:\/\/collall.nl\/de\/product\/collall-oeko-klebestift\/#primaryimage\"},\"image\":{\"@id\":\"https:\/\/collall.nl\/de\/product\/collall-oeko-klebestift\/#primaryimage\"},\"thumbnailUrl\":\"https:\/\/collall.nl\/wp-content\/uploads\/2022\/03\/Collall-Eco-Glue-Stick-40g-scaled-e1741681198524.webp\",\"datePublished\":\"2025-04-01T13:46:15+00:00\",\"dateModified\":\"2025-06-12T09:41:36+00:00\",\"description\":\"Collall \u00d6ko Klebestift\",\"breadcrumb\":{\"@id\":\"https:\/\/collall.nl\/de\/product\/collall-oeko-klebestift\/#breadcrumb\"},\"inLanguage\":\"de\",\"potentialAction\":[{\"@type\":\"ReadAction\",\"target\":[\"https:\/\/collall.nl\/de\/product\/collall-oeko-klebestift\/\"]}]},{\"@type\":\"ImageObject\",\"inLanguage\":\"de\",\"@id\":\"https:\/\/collall.nl\/de\/product\/collall-oeko-klebestift\/#primaryimage\",\"url\":\"https:\/\/collall.nl\/wp-content\/uploads\/2022\/03\/Collall-Eco-Glue-Stick-40g-scaled-e1741681198524.webp\",\"contentUrl\":\"https:\/\/collall.nl\/wp-content\/uploads\/2022\/03\/Collall-Eco-Glue-Stick-40g-scaled-e1741681198524.webp\",\"width\":1000,\"height\":1000,\"caption\":\"De Collall Eco Lijmstift is een sneldrogende, geurarme en gemakkelijk uitwasbare lijm met 95% natuurlijke ingredi\u00ebnten en een behuizing van 85% gerecycled plastic.\"},{\"@type\":\"BreadcrumbList\",\"@id\":\"https:\/\/collall.nl\/de\/product\/collall-oeko-klebestift\/#breadcrumb\",\"itemListElement\":[{\"@type\":\"ListItem\",\"position\":1,\"name\":\"Home\",\"item\":\"https:\/\/collall.nl\/de\/hauptseite\/\"},{\"@type\":\"ListItem\",\"position\":2,\"name\":\"Produkte\",\"item\":\"https:\/\/collall.nl\/de\/produkte\/\"},{\"@type\":\"ListItem\",\"position\":3,\"name\":\"Collall \u00d6ko Klebestift\"}]},{\"@type\":\"WebSite\",\"@id\":\"https:\/\/collall.nl\/#website\",\"url\":\"https:\/\/collall.nl\/\",\"name\":\"Collall\",\"description\":\"Adhesives &amp; Paints since 1949\",\"publisher\":{\"@id\":\"https:\/\/collall.nl\/#organization\"},\"potentialAction\":[{\"@type\":\"SearchAction\",\"target\":{\"@type\":\"EntryPoint\",\"urlTemplate\":\"https:\/\/collall.nl\/?s={search_term_string}\"},\"query-input\":{\"@type\":\"PropertyValueSpecification\",\"valueRequired\":true,\"valueName\":\"search_term_string\"}}],\"inLanguage\":\"de\"},{\"@type\":\"Organization\",\"@id\":\"https:\/\/collall.nl\/#organization\",\"name\":\"Collall B.V.\",\"url\":\"https:\/\/collall.nl\/\",\"logo\":{\"@type\":\"ImageObject\",\"inLanguage\":\"de\",\"@id\":\"https:\/\/collall.nl\/#\/schema\/logo\/image\/\",\"url\":\"https:\/\/collall.nl\/wp-content\/uploads\/2022\/08\/Collall-logo-186C_Reflex-blue.jpg\",\"contentUrl\":\"https:\/\/collall.nl\/wp-content\/uploads\/2022\/08\/Collall-logo-186C_Reflex-blue.jpg\",\"width\":1963,\"height\":1179,\"caption\":\"Collall B.V.\"},\"image\":{\"@id\":\"https:\/\/collall.nl\/#\/schema\/logo\/image\/\"},\"sameAs\":[\"https:\/\/www.facebook.com\/people\/Collall\/100064976852539\/\",\"https:\/\/www.instagram.com\/collall_1949\/\",\"https:\/\/nl.pinterest.com\/CollallBV\/\",\"https:\/\/www.youtube.com\/channel\/UCrCGuwth_udZhTqJSh5g9zg\"]}]}<\/script>\n<!-- \/ Yoast SEO plugin. -->","yoast_head_json":{"title":"Collall \u00d6ko Klebestift - Collall","description":"Collall \u00d6ko Klebestift","robots":{"index":"index","follow":"follow","max-snippet":"max-snippet:-1","max-image-preview":"max-image-preview:large","max-video-preview":"max-video-preview:-1"},"canonical":"https:\/\/collall.nl\/de\/product\/collall-oeko-klebestift\/","og_locale":"de_DE","og_type":"article","og_title":"Collall \u00d6ko Klebestift - Collall","og_description":"Collall \u00d6ko Klebestift","og_url":"https:\/\/collall.nl\/de\/product\/collall-oeko-klebestift\/","og_site_name":"Collall","article_publisher":"https:\/\/www.facebook.com\/people\/Collall\/100064976852539\/","article_modified_time":"2025-06-12T09:41:36+00:00","og_image":[{"width":1000,"height":1000,"url":"https:\/\/collall.nl\/wp-content\/uploads\/2022\/03\/Collall-Eco-Glue-Stick-40g-scaled-e1741681198524.webp","type":"image\/jpeg"}],"twitter_card":"summary_large_image","twitter_misc":{"Gesch\u00e4tzte Lesezeit":"2\u00a0Minuten"},"schema":{"@context":"https:\/\/schema.org","@graph":[{"@type":"WebPage","@id":"https:\/\/collall.nl\/de\/product\/collall-oeko-klebestift\/","url":"https:\/\/collall.nl\/de\/product\/collall-oeko-klebestift\/","name":"Collall \u00d6ko Klebestift - Collall","isPartOf":{"@id":"https:\/\/collall.nl\/#website"},"primaryImageOfPage":{"@id":"https:\/\/collall.nl\/de\/product\/collall-oeko-klebestift\/#primaryimage"},"image":{"@id":"https:\/\/collall.nl\/de\/product\/collall-oeko-klebestift\/#primaryimage"},"thumbnailUrl":"https:\/\/collall.nl\/wp-content\/uploads\/2022\/03\/Collall-Eco-Glue-Stick-40g-scaled-e1741681198524.webp","datePublished":"2025-04-01T13:46:15+00:00","dateModified":"2025-06-12T09:41:36+00:00","description":"Collall \u00d6ko Klebestift","breadcrumb":{"@id":"https:\/\/collall.nl\/de\/product\/collall-oeko-klebestift\/#breadcrumb"},"inLanguage":"de","potentialAction":[{"@type":"ReadAction","target":["https:\/\/collall.nl\/de\/product\/collall-oeko-klebestift\/"]}]},{"@type":"ImageObject","inLanguage":"de","@id":"https:\/\/collall.nl\/de\/product\/collall-oeko-klebestift\/#primaryimage","url":"https:\/\/collall.nl\/wp-content\/uploads\/2022\/03\/Collall-Eco-Glue-Stick-40g-scaled-e1741681198524.webp","contentUrl":"https:\/\/collall.nl\/wp-content\/uploads\/2022\/03\/Collall-Eco-Glue-Stick-40g-scaled-e1741681198524.webp","width":1000,"height":1000,"caption":"De Collall Eco Lijmstift is een sneldrogende, geurarme en gemakkelijk uitwasbare lijm met 95% natuurlijke ingredi\u00ebnten en een behuizing van 85% gerecycled plastic."},{"@type":"BreadcrumbList","@id":"https:\/\/collall.nl\/de\/product\/collall-oeko-klebestift\/#breadcrumb","itemListElement":[{"@type":"ListItem","position":1,"name":"Home","item":"https:\/\/collall.nl\/de\/hauptseite\/"},{"@type":"ListItem","position":2,"name":"Produkte","item":"https:\/\/collall.nl\/de\/produkte\/"},{"@type":"ListItem","position":3,"name":"Collall \u00d6ko Klebestift"}]},{"@type":"WebSite","@id":"https:\/\/collall.nl\/#website","url":"https:\/\/collall.nl\/","name":"Collall","description":"Adhesives &amp; Paints since 1949","publisher":{"@id":"https:\/\/collall.nl\/#organization"},"potentialAction":[{"@type":"SearchAction","target":{"@type":"EntryPoint","urlTemplate":"https:\/\/collall.nl\/?s={search_term_string}"},"query-input":{"@type":"PropertyValueSpecification","valueRequired":true,"valueName":"search_term_string"}}],"inLanguage":"de"},{"@type":"Organization","@id":"https:\/\/collall.nl\/#organization","name":"Collall B.V.","url":"https:\/\/collall.nl\/","logo":{"@type":"ImageObject","inLanguage":"de","@id":"https:\/\/collall.nl\/#\/schema\/logo\/image\/","url":"https:\/\/collall.nl\/wp-content\/uploads\/2022\/08\/Collall-logo-186C_Reflex-blue.jpg","contentUrl":"https:\/\/collall.nl\/wp-content\/uploads\/2022\/08\/Collall-logo-186C_Reflex-blue.jpg","width":1963,"height":1179,"caption":"Collall B.V."},"image":{"@id":"https:\/\/collall.nl\/#\/schema\/logo\/image\/"},"sameAs":["https:\/\/www.facebook.com\/people\/Collall\/100064976852539\/","https:\/\/www.instagram.com\/collall_1949\/","https:\/\/nl.pinterest.com\/CollallBV\/","https:\/\/www.youtube.com\/channel\/UCrCGuwth_udZhTqJSh5g9zg"]}]}},"_links":{"self":[{"href":"https:\/\/collall.nl\/de\/wp-json\/wp\/v2\/product\/30791","targetHints":{"allow":["GET"]}}],"collection":[{"href":"https:\/\/collall.nl\/de\/wp-json\/wp\/v2\/product"}],"about":[{"href":"https:\/\/collall.nl\/de\/wp-json\/wp\/v2\/types\/product"}],"replies":[{"embeddable":true,"href":"https:\/\/collall.nl\/de\/wp-json\/wp\/v2\/comments?post=30791"}],"wp:featuredmedia":[{"embeddable":true,"href":"https:\/\/collall.nl\/de\/wp-json\/wp\/v2\/media\/30290"}],"wp:attachment":[{"href":"https:\/\/collall.nl\/de\/wp-json\/wp\/v2\/media?parent=30791"}],"wp:term":[{"taxonomy":"product_brand","embeddable":true,"href":"https:\/\/collall.nl\/de\/wp-json\/wp\/v2\/product_brand?post=30791"},{"taxonomy":"product_cat","embeddable":true,"href":"https:\/\/collall.nl\/de\/wp-json\/wp\/v2\/product_cat?post=30791"},{"taxonomy":"product_tag","embeddable":true,"href":"https:\/\/collall.nl\/de\/wp-json\/wp\/v2\/product_tag?post=30791"}],"curies":[{"name":"wp","href":"https:\/\/api.w.org\/{rel}","templated":true}]}}