{"id":29341,"date":"2024-11-26T16:10:48","date_gmt":"2024-11-26T15:10:48","guid":{"rendered":"https:\/\/collall.nl\/product\/collall-slijmlijm\/"},"modified":"2025-04-22T09:52:59","modified_gmt":"2025-04-22T07:52:59","slug":"collall-schleimkleber","status":"publish","type":"product","link":"https:\/\/collall.nl\/de\/product\/collall-schleimkleber\/","title":{"rendered":"Collall Schleimkleber"},"content":{"rendered":"<p><strong>Der ultimative Schleimkleber!<\/strong><\/p>\n<p><strong>Anwendung:<\/strong> Collall Schleimkleber ist die perfekte Zutat f\u00fcr den besten Schleim. F\u00fcr alle Schleimfans und die Fans des gro\u00dfen Schleim-Musicals!<\/p>\n<p><strong>Aussehen:<\/strong><\/p>\n<ul>\n<li>Klar, transparent und fl\u00fcssig<\/li>\n<li>Mittlere Viskosit\u00e4t<\/li>\n<li>Geruchlos<\/li>\n<li>Reversibel<\/li>\n<li>Einfach auswaschbar<\/li>\n<\/ul>\n<p><strong>L\u00f6sungsmittel:<\/strong> Wasser<\/p>\n<p><strong>Hauptbestandteil:<\/strong> Polyvinylalkohol (PVA)<\/p>\n<p class=\"p1\"><b>Nat\u00fcrliche Inhaltsstoffe:<\/b> 90%<\/p>\n<p class=\"p1\"><b>Viskosit\u00e4t:<\/b> 3.000 mPa.s<\/p>\n<p><strong>pH: <\/strong>7<\/p>\n<p><strong>Dichte:<\/strong> 1,02 g\/dm\u00b3<\/p>\n<p><strong>CE:<\/strong> Ja<\/p>\n<p><strong>Klebeverbrauch:<\/strong> Abh\u00e4ngig von der Saugf\u00e4higkeit der zu verklebenden Materialien, ca. 100\u2013150 g\/m\u00b2, einseitig aufgetragen.<\/p>\n<p><strong>Verarbeitung:<\/strong><\/p>\n<ul>\n<li>Die zu klebenden Materialien m\u00fcssen trocken und frei von Staub und Schmutz sein.<\/li>\n<li>Direkt aus der Flasche auf die Oberfl\u00e4che auftragen und ggf. mit einem Spatel oder Klebepinsel verteilen.<\/li>\n<li>Am besten bei Zimmertemperatur verwenden. Die verklebten Teile kurz abl\u00fcften lassen und anschlie\u00dfend fest zusammendr\u00fccken.<\/li>\n<li>Der Kleber kann einseitig oder beidseitig aufgetragen werden.<\/li>\n<\/ul>\n<p><strong>Allergene:<\/strong> Enth\u00e4lt CMIT\/MIT. Kann eine allergische Reaktion hervorrufen.<\/p>\n<p><strong>Geeignet f\u00fcr:<\/strong> Kinder ab 3 Jahren. Enth\u00e4lt Bitterstoffe.<\/p>\n<p><strong>Reinigung:<\/strong><\/p>\n<ul>\n<li>Werkzeuge\/Oberfl\u00e4chen k\u00f6nnen leicht mit Wasser gereinigt werden, solange der Kleber noch feucht ist.<\/li>\n<li>Getrocknete Klebereste einweichen und anschlie\u00dfend ab-\/auswaschen.<\/li>\n<li>Klebereste auf Kleidung lassen sich einfach mit kaltem\/warmem Wasser per Hand oder in der Waschmaschine auswaschen.<\/li>\n<\/ul>\n<h4 class=\"p1\"><b>Rezept f\u00fcr Schleim<\/b><br \/>\n<b><\/b><\/h4>\n<h3 class=\"p1\"><b>Zutaten f\u00fcr den besten Schleim:<\/b><\/h3>\n<ul>\n<li class=\"p1\">200 ml Collall Schleimkleber<\/li>\n<li class=\"p1\">AquaTint Farbstoff (optional)<\/li>\n<li class=\"p1\">\u00be Teel\u00f6ffel Natron (Backsoda)<\/li>\n<li class=\"p1\">1\u00bd Essl\u00f6ffel Kontaktlinsenfl\u00fcssigkeit<\/li>\n<\/ul>\n<p class=\"p1\"><b>Anleitung:<\/b><\/p>\n<ol class=\"ol1\">\n<li class=\"li1\"><b>Kleber in eine Sch\u00fcssel gie\u00dfen:<\/b><br \/>\nGie\u00dfen Sie 200 ml Collall Schleimkleber in eine gro\u00dfe R\u00fchrsch\u00fcssel.<\/li>\n<li class=\"li1\"><b>Farbe hinzuf\u00fcgen (optional):<\/b><br \/>\nF\u00fcgen Sie ein paar Tropfen AquaTint hinzu, um dem Schleim eine sch\u00f6ne Farbe zu verleihen.<\/li>\n<li class=\"li1\"><b>Natron einr\u00fchren:<\/b><br \/>\nR\u00fchren Sie \u00be Teel\u00f6ffel Natron in den Kleber. Gut umr\u00fchren, bis es vollst\u00e4ndig aufgel\u00f6st ist.<\/li>\n<li class=\"li1\"><b>Kontaktlinsenfl\u00fcssigkeit hinzuf\u00fcgen:<\/b><br \/>\nF\u00fcgen Sie langsam 1\u00bd Essl\u00f6ffel Kontaktlinsenfl\u00fcssigkeit hinzu, w\u00e4hrend Sie die Mischung weiter umr\u00fchren. Fahren Sie fort, zu r\u00fchren, bis der Schleim zu bilden beginnt und sich von der Sch\u00fcssel l\u00f6st.<\/li>\n<li class=\"li1\"><b>Den Schleim kneten:<\/b><br \/>\nNehmen Sie den Schleim aus der Sch\u00fcssel und kneten Sie ihn mit den H\u00e4nden, bis er glatt und elastisch wird. Wenn der Schleim zu klebrig bleibt, k\u00f6nnen Sie etwas zus\u00e4tzliche Kontaktlinsenfl\u00fcssigkeit hinzuf\u00fcgen. Kneten Sie weiter, bis die gew\u00fcnschte Konsistenz erreicht ist.<\/li>\n<li class=\"li1\"><b>Aufbewahrung:<\/b><br \/>\nBewahren Sie den Schleim in einem luftdichten Beh\u00e4lter auf, wenn er nicht verwendet wird, damit er nicht austrocknet.<\/li>\n<\/ol>\n<p class=\"p1\">Mit diesem einfachen Rezept und Collall Schleimkleber k\u00f6nnen Sie im Handumdrehen Schleim herstellen, der Kindern stundenlangen Spa\u00df bietet. Lassen Sie das Kneten und Spielen beginnen!<\/p>\n","protected":false},"excerpt":{"rendered":"<p><strong>Der ultimative Schleimkleber! <\/strong>Collall Schleimkleber ist die perfekte Zutat f\u00fcr den besten Schleim. F\u00fcr alle Schleimfans und die Fans des gro\u00dfen Schleim-Musicals!<\/p>\n<p><img loading=\"lazy\" decoding=\"async\" class=\"alignnone size-medium wp-image-29383\" src=\"https:\/\/collall.nl\/wp-content\/uploads\/2024\/11\/Collall-Banner-slime-glue-lijmlijm-1-300x124.jpg\" alt=\"\" width=\"300\" height=\"124\" srcset=\"https:\/\/collall.nl\/wp-content\/uploads\/2024\/11\/Collall-Banner-slime-glue-lijmlijm-1-300x124.jpg 300w, https:\/\/collall.nl\/wp-content\/uploads\/2024\/11\/Collall-Banner-slime-glue-lijmlijm-1-1024x425.jpg 1024w, https:\/\/collall.nl\/wp-content\/uploads\/2024\/11\/Collall-Banner-slime-glue-lijmlijm-1-768x318.jpg 768w, https:\/\/collall.nl\/wp-content\/uploads\/2024\/11\/Collall-Banner-slime-glue-lijmlijm-1-1536x637.jpg 1536w, https:\/\/collall.nl\/wp-content\/uploads\/2024\/11\/Collall-Banner-slime-glue-lijmlijm-1-420x174.jpg 420w, https:\/\/collall.nl\/wp-content\/uploads\/2024\/11\/Collall-Banner-slime-glue-lijmlijm-1-600x249.jpg 600w, https:\/\/collall.nl\/wp-content\/uploads\/2024\/11\/Collall-Banner-slime-glue-lijmlijm-1.jpg 1903w\" sizes=\"auto, (max-width: 300px) 100vw, 300px\" \/><\/p>\n<p><strong>Zutaten f\u00fcr den besten Schleim:<\/strong><\/p>\n<ul>\n<li class=\"p1\">200 ml Collall Schleimkleber<\/li>\n<li class=\"p1\">AquaTint (f\u00fcr Farbe)<\/li>\n<li class=\"p1\">\u00be Teel\u00f6ffel Natron (Backsoda)<\/li>\n<li class=\"p1\">1\u00bd Essl\u00f6ffel Kontaktlinsenfl\u00fcssigkeit<\/li>\n<\/ul>\n<p>Lesen Sie unten (Spezifikationen) die Anleitung.<\/p>\n<p>&nbsp;<\/p>\n","protected":false},"featured_media":29343,"comment_status":"open","ping_status":"closed","template":"","meta":{"_acf_changed":false},"product_brand":[],"product_cat":[176],"product_tag":[3127,3128,3124,3125,3126],"class_list":{"0":"post-29341","1":"product","2":"type-product","3":"status-publish","4":"has-post-thumbnail","6":"product_cat-kleber-und-lackleim","7":"product_tag-slijm-lijm-de","8":"product_tag-the-ultimate-slime-glue-de","9":"product_tag-slijmlijm-de","10":"product_tag-slime-glue-de","11":"product_tag-lijm-voor-slijm-de","13":"first","14":"instock","15":"shipping-taxable","16":"purchasable","17":"product-type-variable"},"acf":[],"yoast_head":"<!-- This site is optimized with the Yoast SEO plugin v27.2 - https:\/\/yoast.com\/product\/yoast-seo-wordpress\/ -->\n<title>Collall Schleimkleber - Collall<\/title>\n<meta name=\"description\" content=\"Collall Schleimkleber ist der ultimative Schleimkleber, die perfekte Zutat f\u00fcr den besten Schleim. F\u00fcr alle Schleimfans!\" \/>\n<meta name=\"robots\" content=\"index, follow, max-snippet:-1, max-image-preview:large, max-video-preview:-1\" \/>\n<link rel=\"canonical\" href=\"https:\/\/collall.nl\/de\/product\/collall-schleimkleber\/\" \/>\n<meta property=\"og:locale\" content=\"de_DE\" \/>\n<meta property=\"og:type\" content=\"article\" \/>\n<meta property=\"og:title\" content=\"Collall Schleimkleber - Collall\" \/>\n<meta property=\"og:description\" content=\"Collall Schleimkleber ist der ultimative Schleimkleber, die perfekte Zutat f\u00fcr den besten Schleim. F\u00fcr alle Schleimfans!\" \/>\n<meta property=\"og:url\" content=\"https:\/\/collall.nl\/de\/product\/collall-schleimkleber\/\" \/>\n<meta property=\"og:site_name\" content=\"Collall\" \/>\n<meta property=\"article:publisher\" content=\"https:\/\/www.facebook.com\/people\/Collall\/100064976852539\/\" \/>\n<meta property=\"article:modified_time\" content=\"2025-04-22T07:52:59+00:00\" \/>\n<meta property=\"og:image\" content=\"https:\/\/collall.nl\/wp-content\/uploads\/2024\/11\/LECOLSG0200-Collall-Slijmlijm-2.jpg\" \/>\n\t<meta property=\"og:image:width\" content=\"1000\" \/>\n\t<meta property=\"og:image:height\" content=\"1000\" \/>\n\t<meta property=\"og:image:type\" content=\"image\/jpeg\" \/>\n<meta name=\"twitter:card\" content=\"summary_large_image\" \/>\n<meta name=\"twitter:label1\" content=\"Gesch\u00e4tzte Lesezeit\" \/>\n\t<meta name=\"twitter:data1\" content=\"3\u00a0Minuten\" \/>\n<script type=\"application\/ld+json\" class=\"yoast-schema-graph\">{\"@context\":\"https:\/\/schema.org\",\"@graph\":[{\"@type\":\"WebPage\",\"@id\":\"https:\/\/collall.nl\/de\/product\/collall-schleimkleber\/\",\"url\":\"https:\/\/collall.nl\/de\/product\/collall-schleimkleber\/\",\"name\":\"Collall Schleimkleber - Collall\",\"isPartOf\":{\"@id\":\"https:\/\/collall.nl\/#website\"},\"primaryImageOfPage\":{\"@id\":\"https:\/\/collall.nl\/de\/product\/collall-schleimkleber\/#primaryimage\"},\"image\":{\"@id\":\"https:\/\/collall.nl\/de\/product\/collall-schleimkleber\/#primaryimage\"},\"thumbnailUrl\":\"https:\/\/collall.nl\/wp-content\/uploads\/2024\/11\/LECOLSG0200-Collall-Slijmlijm-2.jpg\",\"datePublished\":\"2024-11-26T15:10:48+00:00\",\"dateModified\":\"2025-04-22T07:52:59+00:00\",\"description\":\"Collall Schleimkleber ist der ultimative Schleimkleber, die perfekte Zutat f\u00fcr den besten Schleim. F\u00fcr alle Schleimfans!\",\"breadcrumb\":{\"@id\":\"https:\/\/collall.nl\/de\/product\/collall-schleimkleber\/#breadcrumb\"},\"inLanguage\":\"de\",\"potentialAction\":[{\"@type\":\"ReadAction\",\"target\":[\"https:\/\/collall.nl\/de\/product\/collall-schleimkleber\/\"]}]},{\"@type\":\"ImageObject\",\"inLanguage\":\"de\",\"@id\":\"https:\/\/collall.nl\/de\/product\/collall-schleimkleber\/#primaryimage\",\"url\":\"https:\/\/collall.nl\/wp-content\/uploads\/2024\/11\/LECOLSG0200-Collall-Slijmlijm-2.jpg\",\"contentUrl\":\"https:\/\/collall.nl\/wp-content\/uploads\/2024\/11\/LECOLSG0200-Collall-Slijmlijm-2.jpg\",\"width\":1000,\"height\":1000},{\"@type\":\"BreadcrumbList\",\"@id\":\"https:\/\/collall.nl\/de\/product\/collall-schleimkleber\/#breadcrumb\",\"itemListElement\":[{\"@type\":\"ListItem\",\"position\":1,\"name\":\"Home\",\"item\":\"https:\/\/collall.nl\/de\/hauptseite\/\"},{\"@type\":\"ListItem\",\"position\":2,\"name\":\"Produkte\",\"item\":\"https:\/\/collall.nl\/de\/produkte\/\"},{\"@type\":\"ListItem\",\"position\":3,\"name\":\"Collall Schleimkleber\"}]},{\"@type\":\"WebSite\",\"@id\":\"https:\/\/collall.nl\/#website\",\"url\":\"https:\/\/collall.nl\/\",\"name\":\"Collall\",\"description\":\"Adhesives &amp; Paints since 1949\",\"publisher\":{\"@id\":\"https:\/\/collall.nl\/#organization\"},\"potentialAction\":[{\"@type\":\"SearchAction\",\"target\":{\"@type\":\"EntryPoint\",\"urlTemplate\":\"https:\/\/collall.nl\/?s={search_term_string}\"},\"query-input\":{\"@type\":\"PropertyValueSpecification\",\"valueRequired\":true,\"valueName\":\"search_term_string\"}}],\"inLanguage\":\"de\"},{\"@type\":\"Organization\",\"@id\":\"https:\/\/collall.nl\/#organization\",\"name\":\"Collall B.V.\",\"url\":\"https:\/\/collall.nl\/\",\"logo\":{\"@type\":\"ImageObject\",\"inLanguage\":\"de\",\"@id\":\"https:\/\/collall.nl\/#\/schema\/logo\/image\/\",\"url\":\"https:\/\/collall.nl\/wp-content\/uploads\/2022\/08\/Collall-logo-186C_Reflex-blue.jpg\",\"contentUrl\":\"https:\/\/collall.nl\/wp-content\/uploads\/2022\/08\/Collall-logo-186C_Reflex-blue.jpg\",\"width\":1963,\"height\":1179,\"caption\":\"Collall B.V.\"},\"image\":{\"@id\":\"https:\/\/collall.nl\/#\/schema\/logo\/image\/\"},\"sameAs\":[\"https:\/\/www.facebook.com\/people\/Collall\/100064976852539\/\",\"https:\/\/www.instagram.com\/collall_1949\/\",\"https:\/\/nl.pinterest.com\/CollallBV\/\",\"https:\/\/www.youtube.com\/channel\/UCrCGuwth_udZhTqJSh5g9zg\"]}]}<\/script>\n<!-- \/ Yoast SEO plugin. -->","yoast_head_json":{"title":"Collall Schleimkleber - Collall","description":"Collall Schleimkleber ist der ultimative Schleimkleber, die perfekte Zutat f\u00fcr den besten Schleim. F\u00fcr alle Schleimfans!","robots":{"index":"index","follow":"follow","max-snippet":"max-snippet:-1","max-image-preview":"max-image-preview:large","max-video-preview":"max-video-preview:-1"},"canonical":"https:\/\/collall.nl\/de\/product\/collall-schleimkleber\/","og_locale":"de_DE","og_type":"article","og_title":"Collall Schleimkleber - Collall","og_description":"Collall Schleimkleber ist der ultimative Schleimkleber, die perfekte Zutat f\u00fcr den besten Schleim. F\u00fcr alle Schleimfans!","og_url":"https:\/\/collall.nl\/de\/product\/collall-schleimkleber\/","og_site_name":"Collall","article_publisher":"https:\/\/www.facebook.com\/people\/Collall\/100064976852539\/","article_modified_time":"2025-04-22T07:52:59+00:00","og_image":[{"width":1000,"height":1000,"url":"https:\/\/collall.nl\/wp-content\/uploads\/2024\/11\/LECOLSG0200-Collall-Slijmlijm-2.jpg","type":"image\/jpeg"}],"twitter_card":"summary_large_image","twitter_misc":{"Gesch\u00e4tzte Lesezeit":"3\u00a0Minuten"},"schema":{"@context":"https:\/\/schema.org","@graph":[{"@type":"WebPage","@id":"https:\/\/collall.nl\/de\/product\/collall-schleimkleber\/","url":"https:\/\/collall.nl\/de\/product\/collall-schleimkleber\/","name":"Collall Schleimkleber - Collall","isPartOf":{"@id":"https:\/\/collall.nl\/#website"},"primaryImageOfPage":{"@id":"https:\/\/collall.nl\/de\/product\/collall-schleimkleber\/#primaryimage"},"image":{"@id":"https:\/\/collall.nl\/de\/product\/collall-schleimkleber\/#primaryimage"},"thumbnailUrl":"https:\/\/collall.nl\/wp-content\/uploads\/2024\/11\/LECOLSG0200-Collall-Slijmlijm-2.jpg","datePublished":"2024-11-26T15:10:48+00:00","dateModified":"2025-04-22T07:52:59+00:00","description":"Collall Schleimkleber ist der ultimative Schleimkleber, die perfekte Zutat f\u00fcr den besten Schleim. F\u00fcr alle Schleimfans!","breadcrumb":{"@id":"https:\/\/collall.nl\/de\/product\/collall-schleimkleber\/#breadcrumb"},"inLanguage":"de","potentialAction":[{"@type":"ReadAction","target":["https:\/\/collall.nl\/de\/product\/collall-schleimkleber\/"]}]},{"@type":"ImageObject","inLanguage":"de","@id":"https:\/\/collall.nl\/de\/product\/collall-schleimkleber\/#primaryimage","url":"https:\/\/collall.nl\/wp-content\/uploads\/2024\/11\/LECOLSG0200-Collall-Slijmlijm-2.jpg","contentUrl":"https:\/\/collall.nl\/wp-content\/uploads\/2024\/11\/LECOLSG0200-Collall-Slijmlijm-2.jpg","width":1000,"height":1000},{"@type":"BreadcrumbList","@id":"https:\/\/collall.nl\/de\/product\/collall-schleimkleber\/#breadcrumb","itemListElement":[{"@type":"ListItem","position":1,"name":"Home","item":"https:\/\/collall.nl\/de\/hauptseite\/"},{"@type":"ListItem","position":2,"name":"Produkte","item":"https:\/\/collall.nl\/de\/produkte\/"},{"@type":"ListItem","position":3,"name":"Collall Schleimkleber"}]},{"@type":"WebSite","@id":"https:\/\/collall.nl\/#website","url":"https:\/\/collall.nl\/","name":"Collall","description":"Adhesives &amp; Paints since 1949","publisher":{"@id":"https:\/\/collall.nl\/#organization"},"potentialAction":[{"@type":"SearchAction","target":{"@type":"EntryPoint","urlTemplate":"https:\/\/collall.nl\/?s={search_term_string}"},"query-input":{"@type":"PropertyValueSpecification","valueRequired":true,"valueName":"search_term_string"}}],"inLanguage":"de"},{"@type":"Organization","@id":"https:\/\/collall.nl\/#organization","name":"Collall B.V.","url":"https:\/\/collall.nl\/","logo":{"@type":"ImageObject","inLanguage":"de","@id":"https:\/\/collall.nl\/#\/schema\/logo\/image\/","url":"https:\/\/collall.nl\/wp-content\/uploads\/2022\/08\/Collall-logo-186C_Reflex-blue.jpg","contentUrl":"https:\/\/collall.nl\/wp-content\/uploads\/2022\/08\/Collall-logo-186C_Reflex-blue.jpg","width":1963,"height":1179,"caption":"Collall B.V."},"image":{"@id":"https:\/\/collall.nl\/#\/schema\/logo\/image\/"},"sameAs":["https:\/\/www.facebook.com\/people\/Collall\/100064976852539\/","https:\/\/www.instagram.com\/collall_1949\/","https:\/\/nl.pinterest.com\/CollallBV\/","https:\/\/www.youtube.com\/channel\/UCrCGuwth_udZhTqJSh5g9zg"]}]}},"_links":{"self":[{"href":"https:\/\/collall.nl\/de\/wp-json\/wp\/v2\/product\/29341","targetHints":{"allow":["GET"]}}],"collection":[{"href":"https:\/\/collall.nl\/de\/wp-json\/wp\/v2\/product"}],"about":[{"href":"https:\/\/collall.nl\/de\/wp-json\/wp\/v2\/types\/product"}],"replies":[{"embeddable":true,"href":"https:\/\/collall.nl\/de\/wp-json\/wp\/v2\/comments?post=29341"}],"wp:featuredmedia":[{"embeddable":true,"href":"https:\/\/collall.nl\/de\/wp-json\/wp\/v2\/media\/29343"}],"wp:attachment":[{"href":"https:\/\/collall.nl\/de\/wp-json\/wp\/v2\/media?parent=29341"}],"wp:term":[{"taxonomy":"product_brand","embeddable":true,"href":"https:\/\/collall.nl\/de\/wp-json\/wp\/v2\/product_brand?post=29341"},{"taxonomy":"product_cat","embeddable":true,"href":"https:\/\/collall.nl\/de\/wp-json\/wp\/v2\/product_cat?post=29341"},{"taxonomy":"product_tag","embeddable":true,"href":"https:\/\/collall.nl\/de\/wp-json\/wp\/v2\/product_tag?post=29341"}],"curies":[{"name":"wp","href":"https:\/\/api.w.org\/{rel}","templated":true}]}}