{"id":26837,"date":"2024-01-26T13:39:31","date_gmt":"2024-01-29T10:46:45","guid":{"rendered":"https:\/\/collall.nl\/?post_type=product&#038;p=26837"},"modified":"2025-03-25T13:57:23","modified_gmt":"2025-03-25T12:57:23","slug":"collall-fransenstopp","status":"publish","type":"product","link":"https:\/\/collall.nl\/de\/product\/collall-fransenstopp\/","title":{"rendered":"Collall Fransenstopp"},"content":{"rendered":"<p><strong>Anwendung: <\/strong>Collall Fransenstopp ist eine spezielle Art von Kleber, der verwendet wird, um das Ausfransen von Stoffen zu verhindern. Er ist ideal zum Verst\u00e4rken von N\u00e4hten und Kanten von Stoffen, insbesondere bei der Arbeit mit Stoffen, die leicht ausfransen. Fransenstopp ist auch bekannt als Stop-Fray oder Fray-Check.<\/p>\n<p>Collall Fransenstopp ist ein transparenter, wasserbasierter Versiegelungsfl\u00fcssigkeit, um saubere Kanten und N\u00e4hte beim Arbeiten mit Stoffen zu erhalten. Diese spezielle Kleberformel verhindert das Ausfransen von Textilien und sorgt daf\u00fcr, dass Knopfl\u00f6cher, Manschetten, Kragen und N\u00e4hte ihre Form lange behalten. Ideal f\u00fcr empfindliche und ausfransanf\u00e4llige Stoffe wie Baumwolle, Satin, Voile, Denim, Stickstoffe, B\u00e4nder, Schn\u00fcre, Schn\u00fcrsenkel usw.<\/p>\n<p>Mit Fransenstopp verst\u00e4rken Sie die Kanten von N\u00e4hten und S\u00e4umen, sodass sie auch nach wiederholtem Waschen intakt bleiben. Es ist eine einfache Alternative zu Nadel und Faden und sorgt f\u00fcr ein flexibles, langlebiges Finish bei jedem N\u00e4hprojekt. Geeignet f\u00fcr eine breite Palette von Materialien, von Baumwolle \u00fcber Stickstoffe, Denim und mehr.<\/p>\n<p><img loading=\"lazy\" decoding=\"async\" class=\"alignnone size-medium wp-image-26921\" src=\"https:\/\/collall.nl\/wp-content\/uploads\/2024\/01\/COLLVD220000-300x156.jpg\" alt=\"COLLVD220000\" width=\"300\" height=\"156\" srcset=\"https:\/\/collall.nl\/wp-content\/uploads\/2024\/01\/COLLVD220000-300x156.jpg 300w, https:\/\/collall.nl\/wp-content\/uploads\/2024\/01\/COLLVD220000-1024x533.jpg 1024w, https:\/\/collall.nl\/wp-content\/uploads\/2024\/01\/COLLVD220000-768x399.jpg 768w, https:\/\/collall.nl\/wp-content\/uploads\/2024\/01\/COLLVD220000-420x218.jpg 420w, https:\/\/collall.nl\/wp-content\/uploads\/2024\/01\/COLLVD220000-600x312.jpg 600w, https:\/\/collall.nl\/wp-content\/uploads\/2024\/01\/COLLVD220000.jpg 1042w\" sizes=\"auto, (max-width: 300px) 100vw, 300px\" \/><\/p>\n<p>Tipp: teste Fransenstopp vor der Anwendung auf deinem endg\u00fcltigen Projekt an einem kleinen Probest\u00fcck des gleichen Stoffs, um sicherzustellen, dass der gew\u00fcnschte Effekt erzielt wird.<\/p>\n<p><strong>Eigenschaften:<\/strong><\/p>\n<ul>\n<li>Fl\u00fcssig transparent<\/li>\n<\/ul>\n<p class=\"p1\"><strong>L\u00f6sungsmittel:<\/strong>\u00a0Wasser<\/p>\n<p class=\"p1\"><strong>Hauptinhaltsstoff:\u00a0<\/strong>Acrylat<\/p>\n<p><strong>Dichte: <\/strong>1.040 kg\/dm\u00b3<\/p>\n<p class=\"p1\"><b>Nat\u00fcrliche Inhaltsstoffe:<\/b> 71%<\/p>\n<p class=\"p1\"><b>Viskosit\u00e4t:<\/b> 200 mPa.s<\/p>\n<p><strong>pH: <\/strong>8-9<\/p>\n<p><strong>Leimverbrauch:<\/strong>\u2013<\/p>\n<p><strong>CE:<\/strong> nein<\/p>\n<p><strong>Verwendung:<\/strong><\/p>\n<ul>\n<li>Schneiden Sie die herausstehenden F\u00e4den von dem Stoff ab.<\/li>\n<li>Tragen Sie eine kleine Menge Rafelstop direkt aus der Flasche entlang des Fransenrandes auf, um zu stabilisieren.<\/li>\n<li>Lassen Sie die Rafelstop vollst\u00e4ndig trocknen.<\/li>\n<li>Lassen Sie die Klebe beim Schneiden des Stoffes zun\u00e4chst gut trocknen. Dies gew\u00e4hrleistet, dass der Rafelstop seine Wirkung entfalten kann und die Kanten stabil werden.<\/li>\n<\/ul>\n<p><strong>Allergene:<\/strong>\u00a0CMIT\/MIT und 1,2-Benzisothiazol-3(2H)-on. Kann allergische Reaktionen hervorrufen.<\/p>\n<p><strong>Geeignet ab:<\/strong>\u00a06 Jahren.<\/p>\n<p><strong>Flecken:<\/strong><\/p>\n<ul>\n<li>Werkzeuge k\u00f6nnen mit Wasser gereinigt werden, solange der Klebstoff noch feucht ist. Bei Bedarf kann synthetisches Reinigungsmittel dem Wasser hinzugef\u00fcgt werden.<\/li>\n<\/ul>\n<h4><strong>Collall Rafelstop, Ihr Stoff franst nicht mehr aus<\/strong><\/h4>\n<h2><strong>Was k\u00f6nnen Sie mit Collall Rafelstop tun?<\/strong><\/h2>\n<p><strong>Verhindern des Ausfransens der Kanten<\/strong><\/p>\n<p>Wenn Sie ein St\u00fcck Stoff f\u00fcr ein Kleidungsst\u00fcck zugeschnitten haben, k\u00f6nnen Sie Fransenstopp entlang der Kanten des Stoffes auftragen, um zu verhindern, dass die F\u00e4den sich l\u00f6sen und der Stoff ausfranst.<\/p>\n<p><strong>Reparatur von N\u00e4hten<\/strong><\/p>\n<p>Wenn eine Naht in einem Kleidungsst\u00fcck sich l\u00f6st oder droht auszufransen, k\u00f6nnen Sie eine d\u00fcnne Linie Fransenstopp entlang der Naht auftragen, um diese zu verst\u00e4rken.<\/p>\n<p><strong>Abschlie\u00dfen von Applikationsarbeiten<\/strong><\/p>\n<p>Wenn Sie Dekorationen wie Applikationen zu einem Kleidungsst\u00fcck oder einer Tasche hinzuf\u00fcgen, kann die Verwendung von Fransenstopp entlang der Kanten helfen, um zu verhindern, dass die Applikation sich l\u00f6st oder ausfranst.<\/p>\n<p><strong>Verst\u00e4rkung von Knopfl\u00f6chern<\/strong><\/p>\n<p>Tragen Sie Fransenstopp um die R\u00e4nder eines Knopfl\u00f6chers auf, um zu verhindern, dass der Stoff ausfranst, insbesondere bei h\u00e4ufigem Gebrauch der Kn\u00f6pfe.<\/p>\n<p><strong>Enden von B\u00e4ndern oder Schn\u00fcren<\/strong><\/p>\n<p>Wenn Sie B\u00e4nder oder Schn\u00fcre in einem Projekt verwenden, k\u00f6nnen Sie Fransenstopp an den Enden auftragen, um zu verhindern, dass sie ausfransen.<\/p>\n<p><strong>Reparatur besch\u00e4digter Stoffe<\/strong><\/p>\n<p>Wenn ein Kleidungsst\u00fcck oder Stoff versehentlich besch\u00e4digt ist und droht auszufransen, k\u00f6nnen Sie Fransenstopp verwenden, um die Kanten zu versiegeln und weitere Sch\u00e4den zu verhindern.<\/p>\n<p>Diese Beispiele zeigen, wie vielseitig Fransenstopp zum Sch\u00fctzen und Verst\u00e4rken von Stoffen in verschiedenen Projekten sein kann.<\/p>\n","protected":false},"excerpt":{"rendered":"<p>Collall Fransenstopp ist ein Klebstoff, der verhindert, dass Teile wie Knopfl\u00f6cher, Manschetten, N\u00e4hte und Kragen(punkte) sich aufl\u00f6sen. Der Klebstoff st\u00e4rkt die Textilfasern. Er kann auf allen Stoffen ohne Ausnahme verwendet werden und stoppt das Ausfransen von Textilmaterialien wie Baumwolle, Satin, Voile, Denim, Stickstoffe, B\u00e4nder, Schn\u00fcre, Schn\u00fcrsenkel, usw.<\/p>\n","protected":false},"featured_media":27876,"comment_status":"open","ping_status":"closed","template":"","meta":{"_acf_changed":false},"product_brand":[],"product_cat":[176],"product_tag":[3002],"class_list":{"0":"post-26837","1":"product","2":"type-product","3":"status-publish","4":"has-post-thumbnail","6":"product_cat-kleber-und-lackleim","7":"product_tag-collall-fransenstopp","9":"first","10":"instock","11":"shipping-taxable","12":"purchasable","13":"product-type-variable"},"acf":[],"yoast_head":"<!-- This site is optimized with the Yoast SEO plugin v27.2 - https:\/\/yoast.com\/product\/yoast-seo-wordpress\/ -->\n<title>Collall Fransenstopp - Collall<\/title>\n<meta name=\"description\" content=\"Collall Fransenstopp ist ein Klebstoff, der verhindert, dass Teile wie Knopfl\u00f6cher, Manschetten, N\u00e4hte und Kragen(punkte) sich aufl\u00f6sen.\" \/>\n<meta name=\"robots\" content=\"index, follow, max-snippet:-1, max-image-preview:large, max-video-preview:-1\" \/>\n<link rel=\"canonical\" href=\"https:\/\/collall.nl\/de\/product\/collall-fransenstopp\/\" \/>\n<meta property=\"og:locale\" content=\"de_DE\" \/>\n<meta property=\"og:type\" content=\"article\" \/>\n<meta property=\"og:title\" content=\"Collall Fransenstopp - Collall\" \/>\n<meta property=\"og:description\" content=\"Collall Fransenstopp ist ein Klebstoff, der verhindert, dass Teile wie Knopfl\u00f6cher, Manschetten, N\u00e4hte und Kragen(punkte) sich aufl\u00f6sen.\" \/>\n<meta property=\"og:url\" content=\"https:\/\/collall.nl\/de\/product\/collall-fransenstopp\/\" \/>\n<meta property=\"og:site_name\" content=\"Collall\" \/>\n<meta property=\"article:publisher\" content=\"https:\/\/www.facebook.com\/people\/Collall\/100064976852539\/\" \/>\n<meta property=\"article:modified_time\" content=\"2025-03-25T12:57:23+00:00\" \/>\n<meta property=\"og:image\" content=\"https:\/\/collall.nl\/wp-content\/uploads\/2024\/01\/Collall-Rafelstop-25g.jpg\" \/>\n\t<meta property=\"og:image:width\" content=\"1000\" \/>\n\t<meta property=\"og:image:height\" content=\"1000\" \/>\n\t<meta property=\"og:image:type\" content=\"image\/jpeg\" \/>\n<meta name=\"twitter:card\" content=\"summary_large_image\" \/>\n<meta name=\"twitter:label1\" content=\"Gesch\u00e4tzte Lesezeit\" \/>\n\t<meta name=\"twitter:data1\" content=\"3\u00a0Minuten\" \/>\n<script type=\"application\/ld+json\" class=\"yoast-schema-graph\">{\"@context\":\"https:\/\/schema.org\",\"@graph\":[{\"@type\":\"WebPage\",\"@id\":\"https:\/\/collall.nl\/de\/product\/collall-fransenstopp\/\",\"url\":\"https:\/\/collall.nl\/de\/product\/collall-fransenstopp\/\",\"name\":\"Collall Fransenstopp - Collall\",\"isPartOf\":{\"@id\":\"https:\/\/collall.nl\/#website\"},\"primaryImageOfPage\":{\"@id\":\"https:\/\/collall.nl\/de\/product\/collall-fransenstopp\/#primaryimage\"},\"image\":{\"@id\":\"https:\/\/collall.nl\/de\/product\/collall-fransenstopp\/#primaryimage\"},\"thumbnailUrl\":\"https:\/\/collall.nl\/wp-content\/uploads\/2024\/01\/Collall-Rafelstop-25g.jpg\",\"datePublished\":\"2024-01-29T10:46:45+00:00\",\"dateModified\":\"2025-03-25T12:57:23+00:00\",\"description\":\"Collall Fransenstopp ist ein Klebstoff, der verhindert, dass Teile wie Knopfl\u00f6cher, Manschetten, N\u00e4hte und Kragen(punkte) sich aufl\u00f6sen.\",\"breadcrumb\":{\"@id\":\"https:\/\/collall.nl\/de\/product\/collall-fransenstopp\/#breadcrumb\"},\"inLanguage\":\"de\",\"potentialAction\":[{\"@type\":\"ReadAction\",\"target\":[\"https:\/\/collall.nl\/de\/product\/collall-fransenstopp\/\"]}]},{\"@type\":\"ImageObject\",\"inLanguage\":\"de\",\"@id\":\"https:\/\/collall.nl\/de\/product\/collall-fransenstopp\/#primaryimage\",\"url\":\"https:\/\/collall.nl\/wp-content\/uploads\/2024\/01\/Collall-Rafelstop-25g.jpg\",\"contentUrl\":\"https:\/\/collall.nl\/wp-content\/uploads\/2024\/01\/Collall-Rafelstop-25g.jpg\",\"width\":1000,\"height\":1000,\"caption\":\"Collall-Rafelstop-25g\"},{\"@type\":\"BreadcrumbList\",\"@id\":\"https:\/\/collall.nl\/de\/product\/collall-fransenstopp\/#breadcrumb\",\"itemListElement\":[{\"@type\":\"ListItem\",\"position\":1,\"name\":\"Home\",\"item\":\"https:\/\/collall.nl\/de\/hauptseite\/\"},{\"@type\":\"ListItem\",\"position\":2,\"name\":\"Produkte\",\"item\":\"https:\/\/collall.nl\/de\/produkte\/\"},{\"@type\":\"ListItem\",\"position\":3,\"name\":\"Collall Fransenstopp\"}]},{\"@type\":\"WebSite\",\"@id\":\"https:\/\/collall.nl\/#website\",\"url\":\"https:\/\/collall.nl\/\",\"name\":\"Collall\",\"description\":\"Adhesives &amp; Paints since 1949\",\"publisher\":{\"@id\":\"https:\/\/collall.nl\/#organization\"},\"potentialAction\":[{\"@type\":\"SearchAction\",\"target\":{\"@type\":\"EntryPoint\",\"urlTemplate\":\"https:\/\/collall.nl\/?s={search_term_string}\"},\"query-input\":{\"@type\":\"PropertyValueSpecification\",\"valueRequired\":true,\"valueName\":\"search_term_string\"}}],\"inLanguage\":\"de\"},{\"@type\":\"Organization\",\"@id\":\"https:\/\/collall.nl\/#organization\",\"name\":\"Collall B.V.\",\"url\":\"https:\/\/collall.nl\/\",\"logo\":{\"@type\":\"ImageObject\",\"inLanguage\":\"de\",\"@id\":\"https:\/\/collall.nl\/#\/schema\/logo\/image\/\",\"url\":\"https:\/\/collall.nl\/wp-content\/uploads\/2022\/08\/Collall-logo-186C_Reflex-blue.jpg\",\"contentUrl\":\"https:\/\/collall.nl\/wp-content\/uploads\/2022\/08\/Collall-logo-186C_Reflex-blue.jpg\",\"width\":1963,\"height\":1179,\"caption\":\"Collall B.V.\"},\"image\":{\"@id\":\"https:\/\/collall.nl\/#\/schema\/logo\/image\/\"},\"sameAs\":[\"https:\/\/www.facebook.com\/people\/Collall\/100064976852539\/\",\"https:\/\/www.instagram.com\/collall_1949\/\",\"https:\/\/nl.pinterest.com\/CollallBV\/\",\"https:\/\/www.youtube.com\/channel\/UCrCGuwth_udZhTqJSh5g9zg\"]}]}<\/script>\n<!-- \/ Yoast SEO plugin. -->","yoast_head_json":{"title":"Collall Fransenstopp - Collall","description":"Collall Fransenstopp ist ein Klebstoff, der verhindert, dass Teile wie Knopfl\u00f6cher, Manschetten, N\u00e4hte und Kragen(punkte) sich aufl\u00f6sen.","robots":{"index":"index","follow":"follow","max-snippet":"max-snippet:-1","max-image-preview":"max-image-preview:large","max-video-preview":"max-video-preview:-1"},"canonical":"https:\/\/collall.nl\/de\/product\/collall-fransenstopp\/","og_locale":"de_DE","og_type":"article","og_title":"Collall Fransenstopp - Collall","og_description":"Collall Fransenstopp ist ein Klebstoff, der verhindert, dass Teile wie Knopfl\u00f6cher, Manschetten, N\u00e4hte und Kragen(punkte) sich aufl\u00f6sen.","og_url":"https:\/\/collall.nl\/de\/product\/collall-fransenstopp\/","og_site_name":"Collall","article_publisher":"https:\/\/www.facebook.com\/people\/Collall\/100064976852539\/","article_modified_time":"2025-03-25T12:57:23+00:00","og_image":[{"width":1000,"height":1000,"url":"https:\/\/collall.nl\/wp-content\/uploads\/2024\/01\/Collall-Rafelstop-25g.jpg","type":"image\/jpeg"}],"twitter_card":"summary_large_image","twitter_misc":{"Gesch\u00e4tzte Lesezeit":"3\u00a0Minuten"},"schema":{"@context":"https:\/\/schema.org","@graph":[{"@type":"WebPage","@id":"https:\/\/collall.nl\/de\/product\/collall-fransenstopp\/","url":"https:\/\/collall.nl\/de\/product\/collall-fransenstopp\/","name":"Collall Fransenstopp - Collall","isPartOf":{"@id":"https:\/\/collall.nl\/#website"},"primaryImageOfPage":{"@id":"https:\/\/collall.nl\/de\/product\/collall-fransenstopp\/#primaryimage"},"image":{"@id":"https:\/\/collall.nl\/de\/product\/collall-fransenstopp\/#primaryimage"},"thumbnailUrl":"https:\/\/collall.nl\/wp-content\/uploads\/2024\/01\/Collall-Rafelstop-25g.jpg","datePublished":"2024-01-29T10:46:45+00:00","dateModified":"2025-03-25T12:57:23+00:00","description":"Collall Fransenstopp ist ein Klebstoff, der verhindert, dass Teile wie Knopfl\u00f6cher, Manschetten, N\u00e4hte und Kragen(punkte) sich aufl\u00f6sen.","breadcrumb":{"@id":"https:\/\/collall.nl\/de\/product\/collall-fransenstopp\/#breadcrumb"},"inLanguage":"de","potentialAction":[{"@type":"ReadAction","target":["https:\/\/collall.nl\/de\/product\/collall-fransenstopp\/"]}]},{"@type":"ImageObject","inLanguage":"de","@id":"https:\/\/collall.nl\/de\/product\/collall-fransenstopp\/#primaryimage","url":"https:\/\/collall.nl\/wp-content\/uploads\/2024\/01\/Collall-Rafelstop-25g.jpg","contentUrl":"https:\/\/collall.nl\/wp-content\/uploads\/2024\/01\/Collall-Rafelstop-25g.jpg","width":1000,"height":1000,"caption":"Collall-Rafelstop-25g"},{"@type":"BreadcrumbList","@id":"https:\/\/collall.nl\/de\/product\/collall-fransenstopp\/#breadcrumb","itemListElement":[{"@type":"ListItem","position":1,"name":"Home","item":"https:\/\/collall.nl\/de\/hauptseite\/"},{"@type":"ListItem","position":2,"name":"Produkte","item":"https:\/\/collall.nl\/de\/produkte\/"},{"@type":"ListItem","position":3,"name":"Collall Fransenstopp"}]},{"@type":"WebSite","@id":"https:\/\/collall.nl\/#website","url":"https:\/\/collall.nl\/","name":"Collall","description":"Adhesives &amp; Paints since 1949","publisher":{"@id":"https:\/\/collall.nl\/#organization"},"potentialAction":[{"@type":"SearchAction","target":{"@type":"EntryPoint","urlTemplate":"https:\/\/collall.nl\/?s={search_term_string}"},"query-input":{"@type":"PropertyValueSpecification","valueRequired":true,"valueName":"search_term_string"}}],"inLanguage":"de"},{"@type":"Organization","@id":"https:\/\/collall.nl\/#organization","name":"Collall B.V.","url":"https:\/\/collall.nl\/","logo":{"@type":"ImageObject","inLanguage":"de","@id":"https:\/\/collall.nl\/#\/schema\/logo\/image\/","url":"https:\/\/collall.nl\/wp-content\/uploads\/2022\/08\/Collall-logo-186C_Reflex-blue.jpg","contentUrl":"https:\/\/collall.nl\/wp-content\/uploads\/2022\/08\/Collall-logo-186C_Reflex-blue.jpg","width":1963,"height":1179,"caption":"Collall B.V."},"image":{"@id":"https:\/\/collall.nl\/#\/schema\/logo\/image\/"},"sameAs":["https:\/\/www.facebook.com\/people\/Collall\/100064976852539\/","https:\/\/www.instagram.com\/collall_1949\/","https:\/\/nl.pinterest.com\/CollallBV\/","https:\/\/www.youtube.com\/channel\/UCrCGuwth_udZhTqJSh5g9zg"]}]}},"_links":{"self":[{"href":"https:\/\/collall.nl\/de\/wp-json\/wp\/v2\/product\/26837","targetHints":{"allow":["GET"]}}],"collection":[{"href":"https:\/\/collall.nl\/de\/wp-json\/wp\/v2\/product"}],"about":[{"href":"https:\/\/collall.nl\/de\/wp-json\/wp\/v2\/types\/product"}],"replies":[{"embeddable":true,"href":"https:\/\/collall.nl\/de\/wp-json\/wp\/v2\/comments?post=26837"}],"wp:featuredmedia":[{"embeddable":true,"href":"https:\/\/collall.nl\/de\/wp-json\/wp\/v2\/media\/27876"}],"wp:attachment":[{"href":"https:\/\/collall.nl\/de\/wp-json\/wp\/v2\/media?parent=26837"}],"wp:term":[{"taxonomy":"product_brand","embeddable":true,"href":"https:\/\/collall.nl\/de\/wp-json\/wp\/v2\/product_brand?post=26837"},{"taxonomy":"product_cat","embeddable":true,"href":"https:\/\/collall.nl\/de\/wp-json\/wp\/v2\/product_cat?post=26837"},{"taxonomy":"product_tag","embeddable":true,"href":"https:\/\/collall.nl\/de\/wp-json\/wp\/v2\/product_tag?post=26837"}],"curies":[{"name":"wp","href":"https:\/\/api.w.org\/{rel}","templated":true}]}}