{"id":26565,"date":"2024-01-08T10:24:05","date_gmt":"2024-01-08T10:56:11","guid":{"rendered":"https:\/\/collall.nl\/?post_type=product&#038;p=26565"},"modified":"2025-06-12T08:40:35","modified_gmt":"2025-06-12T06:40:35","slug":"collall-oeko-multikleber","status":"publish","type":"product","link":"https:\/\/collall.nl\/de\/product\/collall-oeko-multikleber\/","title":{"rendered":"Collall \u00d6ko Multikleber"},"content":{"rendered":"<p><strong>Anwendung:<\/strong> mit Collall \u00d6ko Multikleber k\u00f6nnen Sie Papier, Karton, Kork, Holz und Leder kleben. K\u00fchl und frostfrei lagern.<\/p>\n<p><strong>Eigenschaften:<\/strong><\/p>\n<ul>\n<li>Klar transparent<\/li>\n<li>Dickfl\u00fcssig<\/li>\n<li>Geruchlos<\/li>\n<\/ul>\n<p><strong>L\u00f6sungsmittel:<\/strong> Wasser<\/p>\n<p><strong>Hauptbestandteil: <\/strong>St\u00e4rkederivat<\/p>\n<p data-start=\"0\" data-end=\"32\"><strong>Nat\u00fcrliche Inhaltsstoffe:<\/strong> 99%<\/p>\n<p data-start=\"34\" data-end=\"57\" data-is-last-node=\"\" data-is-only-node=\"\"><strong>Viskosit\u00e4t:<\/strong> 2.500 mPa.s<\/p>\n<p><strong>pH:<\/strong> 5,5<\/p>\n<p><strong>Spezifisches Gewicht:<\/strong> 1,25 kg\/dm\u00b3<\/p>\n<p><strong>CE:<\/strong> &#8211;<\/p>\n<p><strong>Leimverbrauch:<\/strong> &#8211;<\/p>\n<p><strong>Verwendung:\u00a0<\/strong><\/p>\n<ul>\n<li>Die zu klebenden Materialien sollten trocken und frei von Staub und Schmutz sein.<\/li>\n<li>Direkt aus der Flasche auf die Oberfl\u00e4che auftragen und\/oder gleichm\u00e4\u00dfig mit einem <a href=\"https:\/\/collall.nl\/de\/product-category\/borsten-und-haarpinsel-spachtel\/\">Spatel oder Kleinschwamm<\/a> verteilen.<\/li>\n<li>Der Klebstoff kann einseitig oder beidseitig aufgetragen werden.<\/li>\n<\/ul>\n<p><strong>Allergene:<\/strong> keine<\/p>\n<p><strong>Geeignet f\u00fcr:<\/strong> Kinder ab 3 Jahren.<\/p>\n<p><strong>Flecken:\u00a0<\/strong><\/p>\n<ul>\n<li>Wenn der Klebstoff noch nass ist, k\u00f6nnen Werkzeuge\/Oberfl\u00e4chen leicht mit Wasser gereinigt werden.<\/li>\n<li>R\u00fcckst\u00e4nde von getrocknetem Klebstoff k\u00f6nnen kurz in Wasser eingeweicht und dann immer noch leicht abgewaschen oder ausgesp\u00fclt werden.<\/li>\n<\/ul>\n<h4 data-start=\"0\" data-end=\"73\">Was Sie sonst noch \u00fcber den Collall Eco Multi-Kleber wissen sollten<\/h4>\n<p data-start=\"75\" data-end=\"433\">Der Collall Eco Multi-Kleber besteht zu 99 % aus nat\u00fcrlichen Inhaltsstoffen, enth\u00e4lt keine Allergene und ist somit ideal geeignet f\u00fcr Kinder und Erwachsene.<br data-start=\"231\" data-end=\"234\" \/>Er ist eine hervorragende Alternative <em data-start=\"272\" data-end=\"277\">und<\/em> eine wertvolle Erg\u00e4nzung zu den anderen beliebten Mehrzweckklebern von Collall, wie z.\u202fB. Collall Alleskleber, Bastelkleber, Kinderkleber und Tacky Glue.<\/p>\n<p data-start=\"435\" data-end=\"536\">Doch worin unterscheiden sich diese Kleber genau? Sehen Sie sich die praktische \u00dcbersicht unten an.<\/p>\n<hr data-start=\"538\" data-end=\"541\" \/>\n<p data-start=\"543\" data-end=\"582\"><strong>\u00dcbersicht Collall Mehrzweckkleber<\/strong><\/p>\n<div class=\"_tableContainer_16hzy_1\">\n<div class=\"_tableWrapper_16hzy_14 group flex w-fit flex-col-reverse\" tabindex=\"-1\"><img loading=\"lazy\" decoding=\"async\" class=\"alignnone wp-image-31188\" src=\"https:\/\/collall.nl\/wp-content\/uploads\/2024\/01\/Collall-tabel-multil-kleber-300x150.webp\" alt=\"\" width=\"998\" height=\"499\" srcset=\"https:\/\/collall.nl\/wp-content\/uploads\/2024\/01\/Collall-tabel-multil-kleber-300x150.webp 300w, https:\/\/collall.nl\/wp-content\/uploads\/2024\/01\/Collall-tabel-multil-kleber-768x385.webp 768w, https:\/\/collall.nl\/wp-content\/uploads\/2024\/01\/Collall-tabel-multil-kleber-420x211.webp 420w, https:\/\/collall.nl\/wp-content\/uploads\/2024\/01\/Collall-tabel-multil-kleber-600x301.webp 600w, https:\/\/collall.nl\/wp-content\/uploads\/2024\/01\/Collall-tabel-multil-kleber.webp 800w\" sizes=\"auto, (max-width: 998px) 100vw, 998px\" \/><\/div>\n<\/div>\n<hr data-start=\"1658\" data-end=\"1661\" \/>\n<p data-start=\"1663\" data-end=\"1704\"><strong>Informationen zu den Inhaltsstoffen<\/strong><\/p>\n<ul data-start=\"1706\" data-end=\"2324\">\n<li data-start=\"1706\" data-end=\"1889\">\n<p data-start=\"1708\" data-end=\"1889\"><strong data-start=\"1708\" data-end=\"1726\">St\u00e4rke-Derivat<\/strong>: Ein nat\u00fcrlicher, pflanzenbasierter Inhaltsstoff (z.\u202fB. aus Mais oder Kartoffeln), ideal f\u00fcr nat\u00fcrliche Kleber. Geruchlos und besonders gut f\u00fcr Kinder geeignet.<\/p>\n<\/li>\n<li data-start=\"1890\" data-end=\"2118\">\n<p data-start=\"1892\" data-end=\"2118\"><strong data-start=\"1892\" data-end=\"1917\">Synthetisches Polymer<\/strong>: Ein k\u00fcnstliches Harz, das sehr starke und schnelle Klebeverbindungen erm\u00f6glicht \u2013 h\u00e4ufig verwendet in leistungsstarken Allesklebern. Hervorragend geeignet f\u00fcr Materialien wie Metall und Kunststoff.<\/p>\n<\/li>\n<li data-start=\"2119\" data-end=\"2324\">\n<p data-start=\"2121\" data-end=\"2324\"><strong data-start=\"2121\" data-end=\"2147\">PVAc (Polyvinylacetat)<\/strong>: Ein weit verbreiteter wasserbasierter Klebstoffbestandteil, besonders geeignet f\u00fcr Papier, Karton und Holz. Trocknet transparent und ist ideal f\u00fcr Hobby- und Bastelarbeiten.<\/p>\n<\/li>\n<\/ul>\n<hr data-start=\"2326\" data-end=\"2329\" \/>\n<p data-start=\"2331\" data-end=\"2381\"><strong>Kurz gesagt: Warum Collall Eco Multi-Kleber?<\/strong><\/p>\n<p data-start=\"2382\" data-end=\"2656\" data-is-last-node=\"\" data-is-only-node=\"\">\u2714 99\u202f% nat\u00fcrliche Inhaltsstoffe<br data-start=\"2413\" data-end=\"2416\" \/>\u2714 Allergenfrei \u2013 sicher f\u00fcr empfindliche Anwender<br data-start=\"2465\" data-end=\"2468\" \/>\u2714 Geruchlos \u2013 angenehm in Klassenzimmer oder Atelier<br data-start=\"2520\" data-end=\"2523\" \/>\u2714 L\u00f6sungsmittelfrei \u2013 nur auf Wasserbasis<br data-start=\"2564\" data-end=\"2567\" \/>\u2714 Klare, transparente Verarbeitung<br data-start=\"2601\" data-end=\"2604\" \/>\u2714 Ideal f\u00fcr Kinder, Schulen und kreative Anwendungen<\/p>\n","protected":false},"excerpt":{"rendered":"<p>Collall \u00d6ko Multikleber ist ein nat\u00fcrlicher geruchloser Klebstoff auf Wasserbasis. Er eignet sich unter anderem zum Kleben von Papier, Pappe, Kork, Holz und Leder.<\/p>\n","protected":false},"featured_media":26553,"comment_status":"open","ping_status":"closed","template":"","meta":{"_acf_changed":false},"product_brand":[],"product_cat":[176],"product_tag":[],"class_list":{"0":"post-26565","1":"product","2":"type-product","3":"status-publish","4":"has-post-thumbnail","6":"product_cat-kleber-und-lackleim","8":"first","9":"instock","10":"shipping-taxable","11":"purchasable","12":"product-type-variable"},"acf":[],"yoast_head":"<!-- This site is optimized with the Yoast SEO plugin v27.2 - https:\/\/yoast.com\/product\/yoast-seo-wordpress\/ -->\n<title>Collall \u00d6ko Multikleber - Collall<\/title>\n<meta name=\"description\" content=\"Collall \u00d6ko Multikleber ist ein nat\u00fcrlicher geruchloser Klebstoff auf Wasserbasis. Er eignet sich unter anderem zum Kleben von Papier, usw.\" \/>\n<meta name=\"robots\" content=\"index, follow, max-snippet:-1, max-image-preview:large, max-video-preview:-1\" \/>\n<link rel=\"canonical\" href=\"https:\/\/collall.nl\/de\/product\/collall-oeko-multikleber\/\" \/>\n<meta property=\"og:locale\" content=\"de_DE\" \/>\n<meta property=\"og:type\" content=\"article\" \/>\n<meta property=\"og:title\" content=\"Collall \u00d6ko Multikleber - Collall\" \/>\n<meta property=\"og:description\" content=\"Collall \u00d6ko Multikleber ist ein nat\u00fcrlicher geruchloser Klebstoff auf Wasserbasis. Er eignet sich unter anderem zum Kleben von Papier, usw.\" \/>\n<meta property=\"og:url\" content=\"https:\/\/collall.nl\/de\/product\/collall-oeko-multikleber\/\" \/>\n<meta property=\"og:site_name\" content=\"Collall\" \/>\n<meta property=\"article:publisher\" content=\"https:\/\/www.facebook.com\/people\/Collall\/100064976852539\/\" \/>\n<meta property=\"article:modified_time\" content=\"2025-06-12T06:40:35+00:00\" \/>\n<meta property=\"og:image\" content=\"https:\/\/collall.nl\/wp-content\/uploads\/2024\/01\/COLEM0100.jpg\" \/>\n\t<meta property=\"og:image:width\" content=\"800\" \/>\n\t<meta property=\"og:image:height\" content=\"800\" \/>\n\t<meta property=\"og:image:type\" content=\"image\/jpeg\" \/>\n<meta name=\"twitter:card\" content=\"summary_large_image\" \/>\n<meta name=\"twitter:label1\" content=\"Gesch\u00e4tzte Lesezeit\" \/>\n\t<meta name=\"twitter:data1\" content=\"2\u00a0Minuten\" \/>\n<script type=\"application\/ld+json\" class=\"yoast-schema-graph\">{\"@context\":\"https:\/\/schema.org\",\"@graph\":[{\"@type\":\"WebPage\",\"@id\":\"https:\/\/collall.nl\/de\/product\/collall-oeko-multikleber\/\",\"url\":\"https:\/\/collall.nl\/de\/product\/collall-oeko-multikleber\/\",\"name\":\"Collall \u00d6ko Multikleber - Collall\",\"isPartOf\":{\"@id\":\"https:\/\/collall.nl\/#website\"},\"primaryImageOfPage\":{\"@id\":\"https:\/\/collall.nl\/de\/product\/collall-oeko-multikleber\/#primaryimage\"},\"image\":{\"@id\":\"https:\/\/collall.nl\/de\/product\/collall-oeko-multikleber\/#primaryimage\"},\"thumbnailUrl\":\"https:\/\/collall.nl\/wp-content\/uploads\/2024\/01\/COLEM0100.jpg\",\"datePublished\":\"2024-01-08T10:56:11+00:00\",\"dateModified\":\"2025-06-12T06:40:35+00:00\",\"description\":\"Collall \u00d6ko Multikleber ist ein nat\u00fcrlicher geruchloser Klebstoff auf Wasserbasis. Er eignet sich unter anderem zum Kleben von Papier, usw.\",\"breadcrumb\":{\"@id\":\"https:\/\/collall.nl\/de\/product\/collall-oeko-multikleber\/#breadcrumb\"},\"inLanguage\":\"de\",\"potentialAction\":[{\"@type\":\"ReadAction\",\"target\":[\"https:\/\/collall.nl\/de\/product\/collall-oeko-multikleber\/\"]}]},{\"@type\":\"ImageObject\",\"inLanguage\":\"de\",\"@id\":\"https:\/\/collall.nl\/de\/product\/collall-oeko-multikleber\/#primaryimage\",\"url\":\"https:\/\/collall.nl\/wp-content\/uploads\/2024\/01\/COLEM0100.jpg\",\"contentUrl\":\"https:\/\/collall.nl\/wp-content\/uploads\/2024\/01\/COLEM0100.jpg\",\"width\":800,\"height\":800,\"caption\":\"COLEM0100-Collall Eco Multi glue\"},{\"@type\":\"BreadcrumbList\",\"@id\":\"https:\/\/collall.nl\/de\/product\/collall-oeko-multikleber\/#breadcrumb\",\"itemListElement\":[{\"@type\":\"ListItem\",\"position\":1,\"name\":\"Home\",\"item\":\"https:\/\/collall.nl\/de\/\"},{\"@type\":\"ListItem\",\"position\":2,\"name\":\"Produkte\",\"item\":\"https:\/\/collall.nl\/de\/produkte\/\"},{\"@type\":\"ListItem\",\"position\":3,\"name\":\"Collall \u00d6ko Multikleber\"}]},{\"@type\":\"WebSite\",\"@id\":\"https:\/\/collall.nl\/#website\",\"url\":\"https:\/\/collall.nl\/\",\"name\":\"Collall\",\"description\":\"Adhesives &amp; Paints since 1949\",\"publisher\":{\"@id\":\"https:\/\/collall.nl\/#organization\"},\"potentialAction\":[{\"@type\":\"SearchAction\",\"target\":{\"@type\":\"EntryPoint\",\"urlTemplate\":\"https:\/\/collall.nl\/?s={search_term_string}\"},\"query-input\":{\"@type\":\"PropertyValueSpecification\",\"valueRequired\":true,\"valueName\":\"search_term_string\"}}],\"inLanguage\":\"de\"},{\"@type\":\"Organization\",\"@id\":\"https:\/\/collall.nl\/#organization\",\"name\":\"Collall B.V.\",\"url\":\"https:\/\/collall.nl\/\",\"logo\":{\"@type\":\"ImageObject\",\"inLanguage\":\"de\",\"@id\":\"https:\/\/collall.nl\/#\/schema\/logo\/image\/\",\"url\":\"https:\/\/collall.nl\/wp-content\/uploads\/2022\/08\/Collall-logo-186C_Reflex-blue.jpg\",\"contentUrl\":\"https:\/\/collall.nl\/wp-content\/uploads\/2022\/08\/Collall-logo-186C_Reflex-blue.jpg\",\"width\":1963,\"height\":1179,\"caption\":\"Collall B.V.\"},\"image\":{\"@id\":\"https:\/\/collall.nl\/#\/schema\/logo\/image\/\"},\"sameAs\":[\"https:\/\/www.facebook.com\/people\/Collall\/100064976852539\/\",\"https:\/\/www.instagram.com\/collall_1949\/\",\"https:\/\/nl.pinterest.com\/CollallBV\/\",\"https:\/\/www.youtube.com\/channel\/UCrCGuwth_udZhTqJSh5g9zg\"]}]}<\/script>\n<!-- \/ Yoast SEO plugin. -->","yoast_head_json":{"title":"Collall \u00d6ko Multikleber - Collall","description":"Collall \u00d6ko Multikleber ist ein nat\u00fcrlicher geruchloser Klebstoff auf Wasserbasis. Er eignet sich unter anderem zum Kleben von Papier, usw.","robots":{"index":"index","follow":"follow","max-snippet":"max-snippet:-1","max-image-preview":"max-image-preview:large","max-video-preview":"max-video-preview:-1"},"canonical":"https:\/\/collall.nl\/de\/product\/collall-oeko-multikleber\/","og_locale":"de_DE","og_type":"article","og_title":"Collall \u00d6ko Multikleber - Collall","og_description":"Collall \u00d6ko Multikleber ist ein nat\u00fcrlicher geruchloser Klebstoff auf Wasserbasis. Er eignet sich unter anderem zum Kleben von Papier, usw.","og_url":"https:\/\/collall.nl\/de\/product\/collall-oeko-multikleber\/","og_site_name":"Collall","article_publisher":"https:\/\/www.facebook.com\/people\/Collall\/100064976852539\/","article_modified_time":"2025-06-12T06:40:35+00:00","og_image":[{"width":800,"height":800,"url":"https:\/\/collall.nl\/wp-content\/uploads\/2024\/01\/COLEM0100.jpg","type":"image\/jpeg"}],"twitter_card":"summary_large_image","twitter_misc":{"Gesch\u00e4tzte Lesezeit":"2\u00a0Minuten"},"schema":{"@context":"https:\/\/schema.org","@graph":[{"@type":"WebPage","@id":"https:\/\/collall.nl\/de\/product\/collall-oeko-multikleber\/","url":"https:\/\/collall.nl\/de\/product\/collall-oeko-multikleber\/","name":"Collall \u00d6ko Multikleber - Collall","isPartOf":{"@id":"https:\/\/collall.nl\/#website"},"primaryImageOfPage":{"@id":"https:\/\/collall.nl\/de\/product\/collall-oeko-multikleber\/#primaryimage"},"image":{"@id":"https:\/\/collall.nl\/de\/product\/collall-oeko-multikleber\/#primaryimage"},"thumbnailUrl":"https:\/\/collall.nl\/wp-content\/uploads\/2024\/01\/COLEM0100.jpg","datePublished":"2024-01-08T10:56:11+00:00","dateModified":"2025-06-12T06:40:35+00:00","description":"Collall \u00d6ko Multikleber ist ein nat\u00fcrlicher geruchloser Klebstoff auf Wasserbasis. Er eignet sich unter anderem zum Kleben von Papier, usw.","breadcrumb":{"@id":"https:\/\/collall.nl\/de\/product\/collall-oeko-multikleber\/#breadcrumb"},"inLanguage":"de","potentialAction":[{"@type":"ReadAction","target":["https:\/\/collall.nl\/de\/product\/collall-oeko-multikleber\/"]}]},{"@type":"ImageObject","inLanguage":"de","@id":"https:\/\/collall.nl\/de\/product\/collall-oeko-multikleber\/#primaryimage","url":"https:\/\/collall.nl\/wp-content\/uploads\/2024\/01\/COLEM0100.jpg","contentUrl":"https:\/\/collall.nl\/wp-content\/uploads\/2024\/01\/COLEM0100.jpg","width":800,"height":800,"caption":"COLEM0100-Collall Eco Multi glue"},{"@type":"BreadcrumbList","@id":"https:\/\/collall.nl\/de\/product\/collall-oeko-multikleber\/#breadcrumb","itemListElement":[{"@type":"ListItem","position":1,"name":"Home","item":"https:\/\/collall.nl\/de\/"},{"@type":"ListItem","position":2,"name":"Produkte","item":"https:\/\/collall.nl\/de\/produkte\/"},{"@type":"ListItem","position":3,"name":"Collall \u00d6ko Multikleber"}]},{"@type":"WebSite","@id":"https:\/\/collall.nl\/#website","url":"https:\/\/collall.nl\/","name":"Collall","description":"Adhesives &amp; Paints since 1949","publisher":{"@id":"https:\/\/collall.nl\/#organization"},"potentialAction":[{"@type":"SearchAction","target":{"@type":"EntryPoint","urlTemplate":"https:\/\/collall.nl\/?s={search_term_string}"},"query-input":{"@type":"PropertyValueSpecification","valueRequired":true,"valueName":"search_term_string"}}],"inLanguage":"de"},{"@type":"Organization","@id":"https:\/\/collall.nl\/#organization","name":"Collall B.V.","url":"https:\/\/collall.nl\/","logo":{"@type":"ImageObject","inLanguage":"de","@id":"https:\/\/collall.nl\/#\/schema\/logo\/image\/","url":"https:\/\/collall.nl\/wp-content\/uploads\/2022\/08\/Collall-logo-186C_Reflex-blue.jpg","contentUrl":"https:\/\/collall.nl\/wp-content\/uploads\/2022\/08\/Collall-logo-186C_Reflex-blue.jpg","width":1963,"height":1179,"caption":"Collall B.V."},"image":{"@id":"https:\/\/collall.nl\/#\/schema\/logo\/image\/"},"sameAs":["https:\/\/www.facebook.com\/people\/Collall\/100064976852539\/","https:\/\/www.instagram.com\/collall_1949\/","https:\/\/nl.pinterest.com\/CollallBV\/","https:\/\/www.youtube.com\/channel\/UCrCGuwth_udZhTqJSh5g9zg"]}]}},"_links":{"self":[{"href":"https:\/\/collall.nl\/de\/wp-json\/wp\/v2\/product\/26565","targetHints":{"allow":["GET"]}}],"collection":[{"href":"https:\/\/collall.nl\/de\/wp-json\/wp\/v2\/product"}],"about":[{"href":"https:\/\/collall.nl\/de\/wp-json\/wp\/v2\/types\/product"}],"replies":[{"embeddable":true,"href":"https:\/\/collall.nl\/de\/wp-json\/wp\/v2\/comments?post=26565"}],"wp:featuredmedia":[{"embeddable":true,"href":"https:\/\/collall.nl\/de\/wp-json\/wp\/v2\/media\/26553"}],"wp:attachment":[{"href":"https:\/\/collall.nl\/de\/wp-json\/wp\/v2\/media?parent=26565"}],"wp:term":[{"taxonomy":"product_brand","embeddable":true,"href":"https:\/\/collall.nl\/de\/wp-json\/wp\/v2\/product_brand?post=26565"},{"taxonomy":"product_cat","embeddable":true,"href":"https:\/\/collall.nl\/de\/wp-json\/wp\/v2\/product_cat?post=26565"},{"taxonomy":"product_tag","embeddable":true,"href":"https:\/\/collall.nl\/de\/wp-json\/wp\/v2\/product_tag?post=26565"}],"curies":[{"name":"wp","href":"https:\/\/api.w.org\/{rel}","templated":true}]}}