{"id":26301,"date":"2023-10-30T09:23:49","date_gmt":"2023-10-30T09:56:23","guid":{"rendered":"https:\/\/collall.nl\/?post_type=product&#038;p=26301"},"modified":"2025-06-12T16:38:33","modified_gmt":"2025-06-12T14:38:33","slug":"collall-kintsugikleber","status":"publish","type":"product","link":"https:\/\/collall.nl\/de\/product\/collall-kintsugikleber\/","title":{"rendered":"Collall Kintsugikleber"},"content":{"rendered":"<p><strong>Anwendung:<\/strong> Collall Kintsugi Klebstoff ist ein goldfarbener, gebrauchsfertiger Klebstoff zur Reparatur von Porzellan, Steingut und Keramikgegenst\u00e4nden mit Rissen, Scherben oder Br\u00fcchen. Dies betont die Bruchstelle, kleine Risse und andere Unregelm\u00e4\u00dfigkeiten durch die goldfarbenen Linien des Kintsugi-Klebstoffs.<\/p>\n<p><img loading=\"lazy\" decoding=\"async\" class=\"alignnone size-medium wp-image-26922\" src=\"https:\/\/collall.nl\/wp-content\/uploads\/2024\/01\/COLLVD220000-300x156.jpg\" alt=\"COLLVD220000\" width=\"300\" height=\"156\" srcset=\"https:\/\/collall.nl\/wp-content\/uploads\/2024\/01\/COLLVD220000-300x156.jpg 300w, https:\/\/collall.nl\/wp-content\/uploads\/2024\/01\/COLLVD220000-1024x533.jpg 1024w, https:\/\/collall.nl\/wp-content\/uploads\/2024\/01\/COLLVD220000-768x399.jpg 768w, https:\/\/collall.nl\/wp-content\/uploads\/2024\/01\/COLLVD220000-420x218.jpg 420w, https:\/\/collall.nl\/wp-content\/uploads\/2024\/01\/COLLVD220000-600x312.jpg 600w, https:\/\/collall.nl\/wp-content\/uploads\/2024\/01\/COLLVD220000.jpg 1042w\" sizes=\"auto, (max-width: 300px) 100vw, 300px\" \/><\/p>\n<p><strong>Eigenschaften:<\/strong><\/p>\n<ul>\n<li>Dicker, goldfarbener Klebstoff<\/li>\n<li>Schnelle Haftung<\/li>\n<li>Kein Absacken nach dem Trocknen (3D-Effekt)<\/li>\n<li>L\u00f6sungsmittel: Wasser<\/li>\n<li>Hauptbestandteil: Acryl<\/li>\n<\/ul>\n<p class=\"p1\"><strong>L\u00f6sungsmittel:<\/strong>\u00a0Wasser<\/p>\n<p class=\"p1\"><strong>Hauptinhaltsstoff:<\/strong> Acryl<\/p>\n<p><strong>Dichte: <\/strong>1,062 g\/cm\u00b3<\/p>\n<p class=\"p2\"><b>Nat\u00fcrliche Inhaltsstoffe:<\/b> 42%<\/p>\n<p class=\"p2\"><b>Viskosit\u00e4t:<\/b> 4.000 mPa.s<\/p>\n<p><strong>pH:<\/strong> 7,5<\/p>\n<p><strong>Leimverbrauch:<\/strong>\u2013<\/p>\n<p><strong>CE:<\/strong> &#8211;<\/p>\n<p><strong>Verwendung:<\/strong><\/p>\n<ul>\n<li>Die zu verklebenden Materialien sollten trocken und frei von Staub und Schmutz sein.<\/li>\n<li>Tragen Sie den Collall Kintsugikleber direkt aus der Flasche auf die zu verklebende Oberfl\u00e4che auf.<\/li>\n<li>Nach 24 Stunden vollst\u00e4ndig ausgeh\u00e4rtet.<\/li>\n<\/ul>\n<p><strong>Allergene:<\/strong> Enth\u00e4lt CMIT\/MIT und 1,2-Benzisothiazol-3(2H)-on. Kann allergische Reaktionen hervorrufen.<\/p>\n<p><strong>Geeignet ab:<\/strong> 6 Jahren.<\/p>\n<p><strong>Flecken:<\/strong><\/p>\n<ul>\n<li>Werkzeuge k\u00f6nnen mit Wasser gereinigt werden, solange der Kintsugikleber noch feucht ist. Bei Bedarf kann synthetisches Reinigungsmittel dem Wasser hinzugef\u00fcgt werden.<\/li>\n<li>Spuren des Klebstoffs, die getrocknet sind, sollten in (warmem) Wasser eingeweicht werden und lassen sich leicht entfernen.<\/li>\n<\/ul>\n<h4 data-start=\"43\" data-end=\"133\"><strong data-start=\"43\" data-end=\"108\">Mach zerbrochene Gegenst\u00e4nde mit Kintsugi wieder wundersch\u00f6n!<\/strong><\/h4>\n<p data-start=\"43\" data-end=\"133\">Noch mehr tolle Ideen:<\/p>\n<ul data-start=\"135\" data-end=\"885\">\n<li data-start=\"135\" data-end=\"264\">\n<p data-start=\"137\" data-end=\"264\">Porzellanteekannen sind oft geliebte St\u00fccke \u2013 mit Kintsugi k\u00f6nnen sie nach einem Bruch ein neues, dekoratives Leben erhalten.<\/p>\n<\/li>\n<li data-start=\"265\" data-end=\"380\">\n<p data-start=\"267\" data-end=\"380\">Kleine Keramikfiguren oder dekorative Objekte k\u00f6nnen mit Kintsugi repariert und in ihrem Charme bewahrt werden.<\/p>\n<\/li>\n<li data-start=\"381\" data-end=\"547\">\n<p data-start=\"383\" data-end=\"547\">Dekorative Schalen aus Porzellan oder Steingut lassen sich reparieren und weiterhin verwenden (nicht sp\u00fclmaschinengeeignet oder f\u00fcr starke Beanspruchung gedacht).<\/p>\n<\/li>\n<li data-start=\"548\" data-end=\"671\">\n<p data-start=\"550\" data-end=\"671\">Blumenvasen aus Keramik k\u00f6nnen nach einer Kintsugi-Reparatur als dekorative St\u00fccke ihren urspr\u00fcnglichen Glanz behalten.<\/p>\n<\/li>\n<li data-start=\"672\" data-end=\"790\">\n<p data-start=\"674\" data-end=\"790\">Geschirr \u2013 nicht nur Teller, sondern auch Schalen, Tassen, Untertassen und anderes \u2013 eignet sich gut f\u00fcr Kintsugi.<\/p>\n<\/li>\n<li data-start=\"791\" data-end=\"885\">\n<p data-start=\"793\" data-end=\"885\">Keramischer Schmuck wie Anh\u00e4nger oder Ohrringe kann ebenfalls mit Kintsugi repariert werden.<\/p>\n<\/li>\n<\/ul>\n<p data-start=\"887\" data-end=\"1480\"><strong data-start=\"887\" data-end=\"927\">Die goldene Verbindung und Reparatur<\/strong><br data-start=\"927\" data-end=\"930\" \/>Kintsugi (\u91d1\u7d99\u304e \u2013 \u201egoldene Verbindung\u201c) oder Kintsukuroi (\u201egoldene Reparatur\u201c) entstand im Japan des sp\u00e4ten 15. Jahrhunderts. Diese Kunstform ist \u00fcber f\u00fcnf Jahrhunderte alt! Sie entwickelte sich als alternative Methode, um wertvolle Teeschalen aus Porzellan zu reparieren, anstatt sie einfach wegzuwerfen. Kintsugi feiert die Sch\u00f6nheit des Bruchs und bietet gleichzeitig eine praktische Reparaturm\u00f6glichkeit. Seitdem spielt es eine wichtige Rolle in der japanischen Kultur und wird weltweit f\u00fcr seine philosophische und \u00e4sthetische Bedeutung gesch\u00e4tzt.<\/p>\n<p data-start=\"1482\" data-end=\"1673\"><strong data-start=\"1482\" data-end=\"1673\">Entdecke diese japanische Kunstform \u2013 Kintsugi \u91d1\u7d99\u304e (\u201egoldene Verbindung\u201c) \u2013 bei der Bruch und Reparatur zur Sch\u00f6nheit eines Objekts beitragen. Also: Zerbrochenes Geschirr nicht wegwerfen!<\/strong><\/p>\n","protected":false},"excerpt":{"rendered":"<p>Kintsugi ist eine japanische Kunstform, bei der zerbrochene Gegenst\u00e4nde aus Porzellan, Keramik und Steingut mit diesem speziellen (fertigen) goldfarbenen Klebstoff repariert werden. Anstatt Br\u00fcche zu verbergen, werden sie mit den goldenen Linien dieses Klebstoffs betont. Dies verleiht reparierten Gegenst\u00e4nden ein neues, einzigartiges Aussehen und betont, dass sie trotz ihrer M\u00e4ngel immer noch wertvoll sind.<\/p>\n<p><img loading=\"lazy\" decoding=\"async\" class=\"alignnone size-medium wp-image-26404\" src=\"https:\/\/collall.nl\/wp-content\/uploads\/2023\/11\/Home-Kintsugi-Glue-300x151.jpg\" alt=\"Home-Kintsugi-Glue\" width=\"300\" height=\"151\" srcset=\"https:\/\/collall.nl\/wp-content\/uploads\/2023\/11\/Home-Kintsugi-Glue-300x151.jpg 300w, https:\/\/collall.nl\/wp-content\/uploads\/2023\/11\/Home-Kintsugi-Glue.jpg 406w\" sizes=\"auto, (max-width: 300px) 100vw, 300px\" \/><\/p>\n","protected":false},"featured_media":26292,"comment_status":"open","ping_status":"closed","template":"","meta":{"_acf_changed":false},"product_brand":[],"product_cat":[176],"product_tag":[],"class_list":{"0":"post-26301","1":"product","2":"type-product","3":"status-publish","4":"has-post-thumbnail","6":"product_cat-kleber-und-lackleim","8":"first","9":"instock","10":"shipping-taxable","11":"purchasable","12":"product-type-variable"},"acf":[],"yoast_head":"<!-- This site is optimized with the Yoast SEO plugin v27.2 - https:\/\/yoast.com\/product\/yoast-seo-wordpress\/ -->\n<title>Collall Kintsugikleber - Collall<\/title>\n<meta name=\"description\" content=\"Collall Kintsugikleber ist ein goldfarbener, gebrauchsfertiger Klebstoff zur Reparatur von Porzellan, Steingut und Keramikgegenst\u00e4nden.\" \/>\n<meta name=\"robots\" content=\"index, follow, max-snippet:-1, max-image-preview:large, max-video-preview:-1\" \/>\n<link rel=\"canonical\" href=\"https:\/\/collall.nl\/de\/product\/collall-kintsugikleber\/\" \/>\n<meta property=\"og:locale\" content=\"de_DE\" \/>\n<meta property=\"og:type\" content=\"article\" \/>\n<meta property=\"og:title\" content=\"Collall Kintsugikleber - Collall\" \/>\n<meta property=\"og:description\" content=\"Collall Kintsugikleber ist ein goldfarbener, gebrauchsfertiger Klebstoff zur Reparatur von Porzellan, Steingut und Keramikgegenst\u00e4nden.\" \/>\n<meta property=\"og:url\" content=\"https:\/\/collall.nl\/de\/product\/collall-kintsugikleber\/\" \/>\n<meta property=\"og:site_name\" content=\"Collall\" \/>\n<meta property=\"article:publisher\" content=\"https:\/\/www.facebook.com\/people\/Collall\/100064976852539\/\" \/>\n<meta property=\"article:modified_time\" content=\"2025-06-12T14:38:33+00:00\" \/>\n<meta property=\"og:image\" content=\"https:\/\/collall.nl\/wp-content\/uploads\/2023\/10\/COLKS002570-Kintsugi-lijm.jpg\" \/>\n\t<meta property=\"og:image:width\" content=\"1000\" \/>\n\t<meta property=\"og:image:height\" content=\"1000\" \/>\n\t<meta property=\"og:image:type\" content=\"image\/jpeg\" \/>\n<meta name=\"twitter:card\" content=\"summary_large_image\" \/>\n<meta name=\"twitter:label1\" content=\"Gesch\u00e4tzte Lesezeit\" \/>\n\t<meta name=\"twitter:data1\" content=\"3\u00a0Minuten\" \/>\n<script type=\"application\/ld+json\" class=\"yoast-schema-graph\">{\"@context\":\"https:\/\/schema.org\",\"@graph\":[{\"@type\":\"WebPage\",\"@id\":\"https:\/\/collall.nl\/de\/product\/collall-kintsugikleber\/\",\"url\":\"https:\/\/collall.nl\/de\/product\/collall-kintsugikleber\/\",\"name\":\"Collall Kintsugikleber - Collall\",\"isPartOf\":{\"@id\":\"https:\/\/collall.nl\/#website\"},\"primaryImageOfPage\":{\"@id\":\"https:\/\/collall.nl\/de\/product\/collall-kintsugikleber\/#primaryimage\"},\"image\":{\"@id\":\"https:\/\/collall.nl\/de\/product\/collall-kintsugikleber\/#primaryimage\"},\"thumbnailUrl\":\"https:\/\/collall.nl\/wp-content\/uploads\/2023\/10\/COLKS002570-Kintsugi-lijm.jpg\",\"datePublished\":\"2023-10-30T09:56:23+00:00\",\"dateModified\":\"2025-06-12T14:38:33+00:00\",\"description\":\"Collall Kintsugikleber ist ein goldfarbener, gebrauchsfertiger Klebstoff zur Reparatur von Porzellan, Steingut und Keramikgegenst\u00e4nden.\",\"breadcrumb\":{\"@id\":\"https:\/\/collall.nl\/de\/product\/collall-kintsugikleber\/#breadcrumb\"},\"inLanguage\":\"de\",\"potentialAction\":[{\"@type\":\"ReadAction\",\"target\":[\"https:\/\/collall.nl\/de\/product\/collall-kintsugikleber\/\"]}]},{\"@type\":\"ImageObject\",\"inLanguage\":\"de\",\"@id\":\"https:\/\/collall.nl\/de\/product\/collall-kintsugikleber\/#primaryimage\",\"url\":\"https:\/\/collall.nl\/wp-content\/uploads\/2023\/10\/COLKS002570-Kintsugi-lijm.jpg\",\"contentUrl\":\"https:\/\/collall.nl\/wp-content\/uploads\/2023\/10\/COLKS002570-Kintsugi-lijm.jpg\",\"width\":1000,\"height\":1000,\"caption\":\"Collall Kintsugi glue\"},{\"@type\":\"BreadcrumbList\",\"@id\":\"https:\/\/collall.nl\/de\/product\/collall-kintsugikleber\/#breadcrumb\",\"itemListElement\":[{\"@type\":\"ListItem\",\"position\":1,\"name\":\"Home\",\"item\":\"https:\/\/collall.nl\/de\/hauptseite\/\"},{\"@type\":\"ListItem\",\"position\":2,\"name\":\"Produkte\",\"item\":\"https:\/\/collall.nl\/de\/produkte\/\"},{\"@type\":\"ListItem\",\"position\":3,\"name\":\"Collall Kintsugikleber\"}]},{\"@type\":\"WebSite\",\"@id\":\"https:\/\/collall.nl\/#website\",\"url\":\"https:\/\/collall.nl\/\",\"name\":\"Collall\",\"description\":\"Adhesives &amp; Paints since 1949\",\"publisher\":{\"@id\":\"https:\/\/collall.nl\/#organization\"},\"potentialAction\":[{\"@type\":\"SearchAction\",\"target\":{\"@type\":\"EntryPoint\",\"urlTemplate\":\"https:\/\/collall.nl\/?s={search_term_string}\"},\"query-input\":{\"@type\":\"PropertyValueSpecification\",\"valueRequired\":true,\"valueName\":\"search_term_string\"}}],\"inLanguage\":\"de\"},{\"@type\":\"Organization\",\"@id\":\"https:\/\/collall.nl\/#organization\",\"name\":\"Collall B.V.\",\"url\":\"https:\/\/collall.nl\/\",\"logo\":{\"@type\":\"ImageObject\",\"inLanguage\":\"de\",\"@id\":\"https:\/\/collall.nl\/#\/schema\/logo\/image\/\",\"url\":\"https:\/\/collall.nl\/wp-content\/uploads\/2022\/08\/Collall-logo-186C_Reflex-blue.jpg\",\"contentUrl\":\"https:\/\/collall.nl\/wp-content\/uploads\/2022\/08\/Collall-logo-186C_Reflex-blue.jpg\",\"width\":1963,\"height\":1179,\"caption\":\"Collall B.V.\"},\"image\":{\"@id\":\"https:\/\/collall.nl\/#\/schema\/logo\/image\/\"},\"sameAs\":[\"https:\/\/www.facebook.com\/people\/Collall\/100064976852539\/\",\"https:\/\/www.instagram.com\/collall_1949\/\",\"https:\/\/nl.pinterest.com\/CollallBV\/\",\"https:\/\/www.youtube.com\/channel\/UCrCGuwth_udZhTqJSh5g9zg\"]}]}<\/script>\n<!-- \/ Yoast SEO plugin. -->","yoast_head_json":{"title":"Collall Kintsugikleber - Collall","description":"Collall Kintsugikleber ist ein goldfarbener, gebrauchsfertiger Klebstoff zur Reparatur von Porzellan, Steingut und Keramikgegenst\u00e4nden.","robots":{"index":"index","follow":"follow","max-snippet":"max-snippet:-1","max-image-preview":"max-image-preview:large","max-video-preview":"max-video-preview:-1"},"canonical":"https:\/\/collall.nl\/de\/product\/collall-kintsugikleber\/","og_locale":"de_DE","og_type":"article","og_title":"Collall Kintsugikleber - Collall","og_description":"Collall Kintsugikleber ist ein goldfarbener, gebrauchsfertiger Klebstoff zur Reparatur von Porzellan, Steingut und Keramikgegenst\u00e4nden.","og_url":"https:\/\/collall.nl\/de\/product\/collall-kintsugikleber\/","og_site_name":"Collall","article_publisher":"https:\/\/www.facebook.com\/people\/Collall\/100064976852539\/","article_modified_time":"2025-06-12T14:38:33+00:00","og_image":[{"width":1000,"height":1000,"url":"https:\/\/collall.nl\/wp-content\/uploads\/2023\/10\/COLKS002570-Kintsugi-lijm.jpg","type":"image\/jpeg"}],"twitter_card":"summary_large_image","twitter_misc":{"Gesch\u00e4tzte Lesezeit":"3\u00a0Minuten"},"schema":{"@context":"https:\/\/schema.org","@graph":[{"@type":"WebPage","@id":"https:\/\/collall.nl\/de\/product\/collall-kintsugikleber\/","url":"https:\/\/collall.nl\/de\/product\/collall-kintsugikleber\/","name":"Collall Kintsugikleber - Collall","isPartOf":{"@id":"https:\/\/collall.nl\/#website"},"primaryImageOfPage":{"@id":"https:\/\/collall.nl\/de\/product\/collall-kintsugikleber\/#primaryimage"},"image":{"@id":"https:\/\/collall.nl\/de\/product\/collall-kintsugikleber\/#primaryimage"},"thumbnailUrl":"https:\/\/collall.nl\/wp-content\/uploads\/2023\/10\/COLKS002570-Kintsugi-lijm.jpg","datePublished":"2023-10-30T09:56:23+00:00","dateModified":"2025-06-12T14:38:33+00:00","description":"Collall Kintsugikleber ist ein goldfarbener, gebrauchsfertiger Klebstoff zur Reparatur von Porzellan, Steingut und Keramikgegenst\u00e4nden.","breadcrumb":{"@id":"https:\/\/collall.nl\/de\/product\/collall-kintsugikleber\/#breadcrumb"},"inLanguage":"de","potentialAction":[{"@type":"ReadAction","target":["https:\/\/collall.nl\/de\/product\/collall-kintsugikleber\/"]}]},{"@type":"ImageObject","inLanguage":"de","@id":"https:\/\/collall.nl\/de\/product\/collall-kintsugikleber\/#primaryimage","url":"https:\/\/collall.nl\/wp-content\/uploads\/2023\/10\/COLKS002570-Kintsugi-lijm.jpg","contentUrl":"https:\/\/collall.nl\/wp-content\/uploads\/2023\/10\/COLKS002570-Kintsugi-lijm.jpg","width":1000,"height":1000,"caption":"Collall Kintsugi glue"},{"@type":"BreadcrumbList","@id":"https:\/\/collall.nl\/de\/product\/collall-kintsugikleber\/#breadcrumb","itemListElement":[{"@type":"ListItem","position":1,"name":"Home","item":"https:\/\/collall.nl\/de\/hauptseite\/"},{"@type":"ListItem","position":2,"name":"Produkte","item":"https:\/\/collall.nl\/de\/produkte\/"},{"@type":"ListItem","position":3,"name":"Collall Kintsugikleber"}]},{"@type":"WebSite","@id":"https:\/\/collall.nl\/#website","url":"https:\/\/collall.nl\/","name":"Collall","description":"Adhesives &amp; Paints since 1949","publisher":{"@id":"https:\/\/collall.nl\/#organization"},"potentialAction":[{"@type":"SearchAction","target":{"@type":"EntryPoint","urlTemplate":"https:\/\/collall.nl\/?s={search_term_string}"},"query-input":{"@type":"PropertyValueSpecification","valueRequired":true,"valueName":"search_term_string"}}],"inLanguage":"de"},{"@type":"Organization","@id":"https:\/\/collall.nl\/#organization","name":"Collall B.V.","url":"https:\/\/collall.nl\/","logo":{"@type":"ImageObject","inLanguage":"de","@id":"https:\/\/collall.nl\/#\/schema\/logo\/image\/","url":"https:\/\/collall.nl\/wp-content\/uploads\/2022\/08\/Collall-logo-186C_Reflex-blue.jpg","contentUrl":"https:\/\/collall.nl\/wp-content\/uploads\/2022\/08\/Collall-logo-186C_Reflex-blue.jpg","width":1963,"height":1179,"caption":"Collall B.V."},"image":{"@id":"https:\/\/collall.nl\/#\/schema\/logo\/image\/"},"sameAs":["https:\/\/www.facebook.com\/people\/Collall\/100064976852539\/","https:\/\/www.instagram.com\/collall_1949\/","https:\/\/nl.pinterest.com\/CollallBV\/","https:\/\/www.youtube.com\/channel\/UCrCGuwth_udZhTqJSh5g9zg"]}]}},"_links":{"self":[{"href":"https:\/\/collall.nl\/de\/wp-json\/wp\/v2\/product\/26301","targetHints":{"allow":["GET"]}}],"collection":[{"href":"https:\/\/collall.nl\/de\/wp-json\/wp\/v2\/product"}],"about":[{"href":"https:\/\/collall.nl\/de\/wp-json\/wp\/v2\/types\/product"}],"replies":[{"embeddable":true,"href":"https:\/\/collall.nl\/de\/wp-json\/wp\/v2\/comments?post=26301"}],"wp:featuredmedia":[{"embeddable":true,"href":"https:\/\/collall.nl\/de\/wp-json\/wp\/v2\/media\/26292"}],"wp:attachment":[{"href":"https:\/\/collall.nl\/de\/wp-json\/wp\/v2\/media?parent=26301"}],"wp:term":[{"taxonomy":"product_brand","embeddable":true,"href":"https:\/\/collall.nl\/de\/wp-json\/wp\/v2\/product_brand?post=26301"},{"taxonomy":"product_cat","embeddable":true,"href":"https:\/\/collall.nl\/de\/wp-json\/wp\/v2\/product_cat?post=26301"},{"taxonomy":"product_tag","embeddable":true,"href":"https:\/\/collall.nl\/de\/wp-json\/wp\/v2\/product_tag?post=26301"}],"curies":[{"name":"wp","href":"https:\/\/api.w.org\/{rel}","templated":true}]}}