{"id":25544,"date":"2023-07-03T14:59:58","date_gmt":"2023-07-03T12:59:58","guid":{"rendered":"https:\/\/collall.nl\/product\/collall-textiel-medium\/"},"modified":"2023-08-29T12:45:57","modified_gmt":"2023-08-29T10:45:57","slug":"collall-textil-medium","status":"publish","type":"product","link":"https:\/\/collall.nl\/de\/product\/collall-textil-medium\/","title":{"rendered":"Collall Textil Medium"},"content":{"rendered":"<p class=\"p1\">Textil Medium bietet unz\u00e4hlige M\u00f6glichkeiten, um Ihre Kreativit\u00e4t auszudr\u00fccken und wundersch\u00f6ne Textilprojekte zu gestalten.<\/p>\n<p class=\"p1\"><strong>Aussehen und Geruch:<\/strong><\/p>\n<ul>\n<li class=\"p1\">Fl\u00fcssiges Wei\u00df<\/li>\n<li class=\"p1\">Charakteristischer Geruch<\/li>\n<\/ul>\n<p class=\"p1\"><strong>Hauptinhaltsstoff:<\/strong> Vinylversatat Emulsion mit 50% Feststoffgehalt.<\/p>\n<p class=\"p1\"><strong>PH:<\/strong> 4,5<\/p>\n<p class=\"p1\"><strong>Dichte: <\/strong>1,07 g\/cm\u00b3<\/p>\n<p class=\"p1\"><strong>Anwendung:<\/strong> Textil<\/p>\n<p class=\"p1\"><strong>Verwendung:<\/strong> Textil Medium in Kombination mit Magic Paint Zauberfarbe ist eine ausgezeichnete Textilfarbe.<\/p>\n<ol>\n<li class=\"p1\">Mischen Sie 1 Teil Textil Medium mit 3-4 Teilen Magic Paint.<\/li>\n<li class=\"p1\">Nehmen Sie ein St\u00fcck Textil (Kleidung), das bereits einmal gewaschen wurde. Legen Sie ein St\u00fcck Karton zwischen das Kleidungsst\u00fcck, um ein Auslaufen der Farben zu verhindern.<\/li>\n<li class=\"p1\">Nach dem F\u00e4rben das Textil gut trocknen lassen. Anschlie\u00dfend das Textil 20 Minuten in einem W\u00e4schetrockner erw\u00e4rmen oder 20 Sekunden von innen nach au\u00dfen b\u00fcgeln.<\/li>\n<li class=\"p1\">Nach 5 Tagen kann das Textil gewaschen werden. (bis zu 40\u00b0C)<\/li>\n<\/ol>\n<p><img loading=\"lazy\" decoding=\"async\" class=\"alignnone wp-image-25535\" src=\"https:\/\/collall.nl\/wp-content\/uploads\/2023\/07\/COLBT0500-steps-300x100.jpg\" alt=\"COLBT0500-Textile Medium\" width=\"615\" height=\"205\" srcset=\"https:\/\/collall.nl\/wp-content\/uploads\/2023\/07\/COLBT0500-steps-300x100.jpg 300w, https:\/\/collall.nl\/wp-content\/uploads\/2023\/07\/COLBT0500-steps-1024x341.jpg 1024w, https:\/\/collall.nl\/wp-content\/uploads\/2023\/07\/COLBT0500-steps-768x256.jpg 768w, https:\/\/collall.nl\/wp-content\/uploads\/2023\/07\/COLBT0500-steps-1536x512.jpg 1536w, https:\/\/collall.nl\/wp-content\/uploads\/2023\/07\/COLBT0500-steps-2048x683.jpg 2048w, https:\/\/collall.nl\/wp-content\/uploads\/2023\/07\/COLBT0500-steps-420x140.jpg 420w, https:\/\/collall.nl\/wp-content\/uploads\/2023\/07\/COLBT0500-steps-600x200.jpg 600w\" sizes=\"auto, (max-width: 615px) 100vw, 615px\" \/><\/p>\n<p>&nbsp;<\/p>\n<p class=\"p1\"><strong>Allergene:<\/strong> Enth\u00e4lt CMIT\/MIT. Kann allergische Reaktionen hervorrufen.<\/p>\n<p class=\"p1\"><strong>Geeignet f\u00fcr:<\/strong> Kinder ab 8 Jahren.<\/p>\n<p class=\"p1\"><strong>Reinigung:<\/strong> Wenn der Kleber noch feucht ist, k\u00f6nnen Werkzeuge\/Oberfl\u00e4chen einfach mit (warmem) Wasser gereinigt werden.<\/p>\n","protected":false},"excerpt":{"rendered":"<p>Textil Medium bietet unz\u00e4hlige M\u00f6glichkeiten, um Ihre Kreativit\u00e4t auszudr\u00fccken und wundersch\u00f6ne Textilprojekte zu gestalten.<\/p>\n","protected":false},"featured_media":24742,"comment_status":"open","ping_status":"closed","template":"","meta":{"_acf_changed":false},"product_brand":[],"product_cat":[180],"product_tag":[2958,2959,2960],"class_list":{"0":"post-25544","1":"product","2":"type-product","3":"status-publish","4":"has-post-thumbnail","6":"product_cat-farbprodukte","7":"product_tag-textiel-medium-de","8":"product_tag-textielverf-de","9":"product_tag-glue-batik-de","11":"first","12":"instock","13":"shipping-taxable","14":"purchasable","15":"product-type-variable"},"acf":[],"yoast_head":"<!-- This site is optimized with the Yoast SEO plugin v27.2 - https:\/\/yoast.com\/product\/yoast-seo-wordpress\/ -->\n<title>Collall Textil Medium - Collall<\/title>\n<meta name=\"description\" content=\"Textil Medium bietet unz\u00e4hlige M\u00f6glichkeiten, um Ihre Kreativit\u00e4t auszudr\u00fccken und wundersch\u00f6ne Textilprojekte zu gestalten.\" \/>\n<meta name=\"robots\" content=\"index, follow, max-snippet:-1, max-image-preview:large, max-video-preview:-1\" \/>\n<link rel=\"canonical\" href=\"https:\/\/collall.nl\/de\/product\/collall-textil-medium\/\" \/>\n<meta property=\"og:locale\" content=\"de_DE\" \/>\n<meta property=\"og:type\" content=\"article\" \/>\n<meta property=\"og:title\" content=\"Collall Textil Medium - Collall\" \/>\n<meta property=\"og:description\" content=\"Textil Medium bietet unz\u00e4hlige M\u00f6glichkeiten, um Ihre Kreativit\u00e4t auszudr\u00fccken und wundersch\u00f6ne Textilprojekte zu gestalten.\" \/>\n<meta property=\"og:url\" content=\"https:\/\/collall.nl\/de\/product\/collall-textil-medium\/\" \/>\n<meta property=\"og:site_name\" content=\"Collall\" \/>\n<meta property=\"article:publisher\" content=\"https:\/\/www.facebook.com\/people\/Collall\/100064976852539\/\" \/>\n<meta property=\"article:modified_time\" content=\"2023-08-29T10:45:57+00:00\" \/>\n<meta property=\"og:image\" content=\"https:\/\/collall.nl\/wp-content\/uploads\/2023\/02\/textielmedium.jpg\" \/>\n\t<meta property=\"og:image:width\" content=\"850\" \/>\n\t<meta property=\"og:image:height\" content=\"1191\" \/>\n\t<meta property=\"og:image:type\" content=\"image\/jpeg\" \/>\n<meta name=\"twitter:card\" content=\"summary_large_image\" \/>\n<meta name=\"twitter:label1\" content=\"Gesch\u00e4tzte Lesezeit\" \/>\n\t<meta name=\"twitter:data1\" content=\"1\u00a0Minute\" \/>\n<script type=\"application\/ld+json\" class=\"yoast-schema-graph\">{\"@context\":\"https:\/\/schema.org\",\"@graph\":[{\"@type\":\"WebPage\",\"@id\":\"https:\/\/collall.nl\/de\/product\/collall-textil-medium\/\",\"url\":\"https:\/\/collall.nl\/de\/product\/collall-textil-medium\/\",\"name\":\"Collall Textil Medium - Collall\",\"isPartOf\":{\"@id\":\"https:\/\/collall.nl\/#website\"},\"primaryImageOfPage\":{\"@id\":\"https:\/\/collall.nl\/de\/product\/collall-textil-medium\/#primaryimage\"},\"image\":{\"@id\":\"https:\/\/collall.nl\/de\/product\/collall-textil-medium\/#primaryimage\"},\"thumbnailUrl\":\"https:\/\/collall.nl\/wp-content\/uploads\/2023\/02\/textielmedium.jpg\",\"datePublished\":\"2023-07-03T12:59:58+00:00\",\"dateModified\":\"2023-08-29T10:45:57+00:00\",\"description\":\"Textil Medium bietet unz\u00e4hlige M\u00f6glichkeiten, um Ihre Kreativit\u00e4t auszudr\u00fccken und wundersch\u00f6ne Textilprojekte zu gestalten.\",\"breadcrumb\":{\"@id\":\"https:\/\/collall.nl\/de\/product\/collall-textil-medium\/#breadcrumb\"},\"inLanguage\":\"de\",\"potentialAction\":[{\"@type\":\"ReadAction\",\"target\":[\"https:\/\/collall.nl\/de\/product\/collall-textil-medium\/\"]}]},{\"@type\":\"ImageObject\",\"inLanguage\":\"de\",\"@id\":\"https:\/\/collall.nl\/de\/product\/collall-textil-medium\/#primaryimage\",\"url\":\"https:\/\/collall.nl\/wp-content\/uploads\/2023\/02\/textielmedium.jpg\",\"contentUrl\":\"https:\/\/collall.nl\/wp-content\/uploads\/2023\/02\/textielmedium.jpg\",\"width\":850,\"height\":1191},{\"@type\":\"BreadcrumbList\",\"@id\":\"https:\/\/collall.nl\/de\/product\/collall-textil-medium\/#breadcrumb\",\"itemListElement\":[{\"@type\":\"ListItem\",\"position\":1,\"name\":\"Home\",\"item\":\"https:\/\/collall.nl\/de\/\"},{\"@type\":\"ListItem\",\"position\":2,\"name\":\"Produkte\",\"item\":\"https:\/\/collall.nl\/de\/produkte\/\"},{\"@type\":\"ListItem\",\"position\":3,\"name\":\"Collall Textil Medium\"}]},{\"@type\":\"WebSite\",\"@id\":\"https:\/\/collall.nl\/#website\",\"url\":\"https:\/\/collall.nl\/\",\"name\":\"Collall\",\"description\":\"Adhesives &amp; Paints since 1949\",\"publisher\":{\"@id\":\"https:\/\/collall.nl\/#organization\"},\"potentialAction\":[{\"@type\":\"SearchAction\",\"target\":{\"@type\":\"EntryPoint\",\"urlTemplate\":\"https:\/\/collall.nl\/?s={search_term_string}\"},\"query-input\":{\"@type\":\"PropertyValueSpecification\",\"valueRequired\":true,\"valueName\":\"search_term_string\"}}],\"inLanguage\":\"de\"},{\"@type\":\"Organization\",\"@id\":\"https:\/\/collall.nl\/#organization\",\"name\":\"Collall B.V.\",\"url\":\"https:\/\/collall.nl\/\",\"logo\":{\"@type\":\"ImageObject\",\"inLanguage\":\"de\",\"@id\":\"https:\/\/collall.nl\/#\/schema\/logo\/image\/\",\"url\":\"https:\/\/collall.nl\/wp-content\/uploads\/2022\/08\/Collall-logo-186C_Reflex-blue.jpg\",\"contentUrl\":\"https:\/\/collall.nl\/wp-content\/uploads\/2022\/08\/Collall-logo-186C_Reflex-blue.jpg\",\"width\":1963,\"height\":1179,\"caption\":\"Collall B.V.\"},\"image\":{\"@id\":\"https:\/\/collall.nl\/#\/schema\/logo\/image\/\"},\"sameAs\":[\"https:\/\/www.facebook.com\/people\/Collall\/100064976852539\/\",\"https:\/\/www.instagram.com\/collall_1949\/\",\"https:\/\/nl.pinterest.com\/CollallBV\/\",\"https:\/\/www.youtube.com\/channel\/UCrCGuwth_udZhTqJSh5g9zg\"]}]}<\/script>\n<!-- \/ Yoast SEO plugin. -->","yoast_head_json":{"title":"Collall Textil Medium - Collall","description":"Textil Medium bietet unz\u00e4hlige M\u00f6glichkeiten, um Ihre Kreativit\u00e4t auszudr\u00fccken und wundersch\u00f6ne Textilprojekte zu gestalten.","robots":{"index":"index","follow":"follow","max-snippet":"max-snippet:-1","max-image-preview":"max-image-preview:large","max-video-preview":"max-video-preview:-1"},"canonical":"https:\/\/collall.nl\/de\/product\/collall-textil-medium\/","og_locale":"de_DE","og_type":"article","og_title":"Collall Textil Medium - Collall","og_description":"Textil Medium bietet unz\u00e4hlige M\u00f6glichkeiten, um Ihre Kreativit\u00e4t auszudr\u00fccken und wundersch\u00f6ne Textilprojekte zu gestalten.","og_url":"https:\/\/collall.nl\/de\/product\/collall-textil-medium\/","og_site_name":"Collall","article_publisher":"https:\/\/www.facebook.com\/people\/Collall\/100064976852539\/","article_modified_time":"2023-08-29T10:45:57+00:00","og_image":[{"width":850,"height":1191,"url":"https:\/\/collall.nl\/wp-content\/uploads\/2023\/02\/textielmedium.jpg","type":"image\/jpeg"}],"twitter_card":"summary_large_image","twitter_misc":{"Gesch\u00e4tzte Lesezeit":"1\u00a0Minute"},"schema":{"@context":"https:\/\/schema.org","@graph":[{"@type":"WebPage","@id":"https:\/\/collall.nl\/de\/product\/collall-textil-medium\/","url":"https:\/\/collall.nl\/de\/product\/collall-textil-medium\/","name":"Collall Textil Medium - Collall","isPartOf":{"@id":"https:\/\/collall.nl\/#website"},"primaryImageOfPage":{"@id":"https:\/\/collall.nl\/de\/product\/collall-textil-medium\/#primaryimage"},"image":{"@id":"https:\/\/collall.nl\/de\/product\/collall-textil-medium\/#primaryimage"},"thumbnailUrl":"https:\/\/collall.nl\/wp-content\/uploads\/2023\/02\/textielmedium.jpg","datePublished":"2023-07-03T12:59:58+00:00","dateModified":"2023-08-29T10:45:57+00:00","description":"Textil Medium bietet unz\u00e4hlige M\u00f6glichkeiten, um Ihre Kreativit\u00e4t auszudr\u00fccken und wundersch\u00f6ne Textilprojekte zu gestalten.","breadcrumb":{"@id":"https:\/\/collall.nl\/de\/product\/collall-textil-medium\/#breadcrumb"},"inLanguage":"de","potentialAction":[{"@type":"ReadAction","target":["https:\/\/collall.nl\/de\/product\/collall-textil-medium\/"]}]},{"@type":"ImageObject","inLanguage":"de","@id":"https:\/\/collall.nl\/de\/product\/collall-textil-medium\/#primaryimage","url":"https:\/\/collall.nl\/wp-content\/uploads\/2023\/02\/textielmedium.jpg","contentUrl":"https:\/\/collall.nl\/wp-content\/uploads\/2023\/02\/textielmedium.jpg","width":850,"height":1191},{"@type":"BreadcrumbList","@id":"https:\/\/collall.nl\/de\/product\/collall-textil-medium\/#breadcrumb","itemListElement":[{"@type":"ListItem","position":1,"name":"Home","item":"https:\/\/collall.nl\/de\/"},{"@type":"ListItem","position":2,"name":"Produkte","item":"https:\/\/collall.nl\/de\/produkte\/"},{"@type":"ListItem","position":3,"name":"Collall Textil Medium"}]},{"@type":"WebSite","@id":"https:\/\/collall.nl\/#website","url":"https:\/\/collall.nl\/","name":"Collall","description":"Adhesives &amp; Paints since 1949","publisher":{"@id":"https:\/\/collall.nl\/#organization"},"potentialAction":[{"@type":"SearchAction","target":{"@type":"EntryPoint","urlTemplate":"https:\/\/collall.nl\/?s={search_term_string}"},"query-input":{"@type":"PropertyValueSpecification","valueRequired":true,"valueName":"search_term_string"}}],"inLanguage":"de"},{"@type":"Organization","@id":"https:\/\/collall.nl\/#organization","name":"Collall B.V.","url":"https:\/\/collall.nl\/","logo":{"@type":"ImageObject","inLanguage":"de","@id":"https:\/\/collall.nl\/#\/schema\/logo\/image\/","url":"https:\/\/collall.nl\/wp-content\/uploads\/2022\/08\/Collall-logo-186C_Reflex-blue.jpg","contentUrl":"https:\/\/collall.nl\/wp-content\/uploads\/2022\/08\/Collall-logo-186C_Reflex-blue.jpg","width":1963,"height":1179,"caption":"Collall B.V."},"image":{"@id":"https:\/\/collall.nl\/#\/schema\/logo\/image\/"},"sameAs":["https:\/\/www.facebook.com\/people\/Collall\/100064976852539\/","https:\/\/www.instagram.com\/collall_1949\/","https:\/\/nl.pinterest.com\/CollallBV\/","https:\/\/www.youtube.com\/channel\/UCrCGuwth_udZhTqJSh5g9zg"]}]}},"_links":{"self":[{"href":"https:\/\/collall.nl\/de\/wp-json\/wp\/v2\/product\/25544","targetHints":{"allow":["GET"]}}],"collection":[{"href":"https:\/\/collall.nl\/de\/wp-json\/wp\/v2\/product"}],"about":[{"href":"https:\/\/collall.nl\/de\/wp-json\/wp\/v2\/types\/product"}],"replies":[{"embeddable":true,"href":"https:\/\/collall.nl\/de\/wp-json\/wp\/v2\/comments?post=25544"}],"wp:featuredmedia":[{"embeddable":true,"href":"https:\/\/collall.nl\/de\/wp-json\/wp\/v2\/media\/24742"}],"wp:attachment":[{"href":"https:\/\/collall.nl\/de\/wp-json\/wp\/v2\/media?parent=25544"}],"wp:term":[{"taxonomy":"product_brand","embeddable":true,"href":"https:\/\/collall.nl\/de\/wp-json\/wp\/v2\/product_brand?post=25544"},{"taxonomy":"product_cat","embeddable":true,"href":"https:\/\/collall.nl\/de\/wp-json\/wp\/v2\/product_cat?post=25544"},{"taxonomy":"product_tag","embeddable":true,"href":"https:\/\/collall.nl\/de\/wp-json\/wp\/v2\/product_tag?post=25544"}],"curies":[{"name":"wp","href":"https:\/\/api.w.org\/{rel}","templated":true}]}}