{"id":25165,"date":"2023-05-09T16:43:15","date_gmt":"2023-05-11T07:25:07","guid":{"rendered":"https:\/\/collall.nl\/?post_type=product&#038;p=25165"},"modified":"2024-08-12T08:35:10","modified_gmt":"2024-08-12T06:35:10","slug":"zubehoer","status":"publish","type":"product","link":"https:\/\/collall.nl\/de\/product\/zubehoer\/","title":{"rendered":"Zubeh\u00f6r"},"content":{"rendered":"<p>Entdecken Sie unsere praktischen Werkzeuge und innovativen L\u00f6sungen f\u00fcr Kleber und Farbe.<\/p>\n<ul>\n<li>Hanging Cap<\/li>\n<li>Kleberhalter<\/li>\n<li class=\"p1\">Leimpumpe<\/li>\n<li class=\"p1\">Kanister Ausgu\u00df<\/li>\n<li class=\"p1\">2-Teilige Spritze<\/li>\n<li class=\"p1\">Tubenschl\u00fcssel<\/li>\n<li class=\"p1\">Pipette aus weichem Kunststoff<\/li>\n<li class=\"p1\">Spritzsieb, Metall<\/li>\n<li class=\"p1\">Set Spritzsieb + B\u00fcrste<\/li>\n<\/ul>\n<h6>KLEBERHALTER<\/h6>\n<p>Der Kleberhalter ist als Sortiment in den Farben Rot und Blau erh\u00e4ltlich. Dieses Produkt bietet eine ideale L\u00f6sung f\u00fcr Bastelprojekte in der Schule, im B\u00fcro oder zu Hause. Nie mehr lange warten, bis der Kleber nach unten gesackt ist. Setzen Sie einfach die Flasche kopf\u00fcber in den Halter, damit der Kleber immer sofort einsatzbereit ist. Dadurch k\u00f6nnen Sie fast leere Klebeflaschen schnell und einfach wiederverwenden, ohne lange warten zu m\u00fcssen. Eine praktische Alternative zum Verschwenden von Kleber und zur Verwendung Ihrer Kaffeetasse!<\/p>\n<p>Geeignet f\u00fcr 25 ml, 50 ml (C\/F-Flaschen), 100 ml (C\/F-Flasche) und 200 ml (F-Flasche)<\/p>\n<p><strong>Abmessungen<\/strong><\/p>\n<ul>\n<li>H\u00f6he: 60 mm Durchmesser<\/li>\n<li>Fu\u00df: 51 mm<\/li>\n<li>Durchmesser Oberseite: 28 mm<\/li>\n<\/ul>\n<p><strong>Material<\/strong>: Kunststoff<\/p>\n","protected":false},"excerpt":{"rendered":"<p>Entdecken Sie unsere praktischen Werkzeuge und innovativen L\u00f6sungen f\u00fcr Kleber und Farbe. Hanging Cap, Kleberhalter, praktische Leimpumpe, Kanister Ausgu\u00df, 2-teilige Spritze, Pipette, Spritzsieb, usw.<\/p>\n","protected":false},"featured_media":26975,"comment_status":"open","ping_status":"closed","template":"","meta":{"_acf_changed":false},"product_brand":[],"product_cat":[199],"product_tag":[2907,2908,2909,2910,2911,2883,2884,2885,2906],"class_list":{"0":"post-25165","1":"product","2":"type-product","3":"status-publish","4":"has-post-thumbnail","6":"product_cat-leere-verpackungen-und-zubehoer","7":"product_tag-kanister-ausguss-din-51-rot","8":"product_tag-2-teilige-spritze","9":"product_tag-schutzkappe-fuer-colspuit5ml","10":"product_tag-tubenschluessel","11":"product_tag-pipette-de","12":"product_tag-spritze","13":"product_tag-spritzsieb","14":"product_tag-pipet-de","15":"product_tag-leimpumpe","17":"first","18":"instock","19":"shipping-taxable","20":"purchasable","21":"product-type-variable"},"acf":[],"yoast_head":"<!-- This site is optimized with the Yoast SEO plugin v27.2 - https:\/\/yoast.com\/product\/yoast-seo-wordpress\/ -->\n<title>Zubeh\u00f6r - Collall<\/title>\n<meta name=\"description\" content=\"Zubehoer: Kleberhalter, Leimpumpe, Kanister Ausguss, 2-Teilige Spritze, Tubenschl\u00fcssel, Pipette, Spritzsieb, usw\" \/>\n<meta name=\"robots\" content=\"index, follow, max-snippet:-1, max-image-preview:large, max-video-preview:-1\" \/>\n<link rel=\"canonical\" href=\"https:\/\/collall.nl\/de\/product\/zubehoer\/\" \/>\n<meta property=\"og:locale\" content=\"de_DE\" \/>\n<meta property=\"og:type\" content=\"article\" \/>\n<meta property=\"og:title\" content=\"Zubeh\u00f6r - Collall\" \/>\n<meta property=\"og:description\" content=\"Zubehoer: Kleberhalter, Leimpumpe, Kanister Ausguss, 2-Teilige Spritze, Tubenschl\u00fcssel, Pipette, Spritzsieb, usw\" \/>\n<meta property=\"og:url\" content=\"https:\/\/collall.nl\/de\/product\/zubehoer\/\" \/>\n<meta property=\"og:site_name\" content=\"Collall\" \/>\n<meta property=\"article:publisher\" content=\"https:\/\/www.facebook.com\/people\/Collall\/100064976852539\/\" \/>\n<meta property=\"article:modified_time\" content=\"2024-08-12T06:35:10+00:00\" \/>\n<meta property=\"og:image\" content=\"https:\/\/collall.nl\/wp-content\/uploads\/2023\/05\/Collall-accessoires-1.jpg\" \/>\n\t<meta property=\"og:image:width\" content=\"1000\" \/>\n\t<meta property=\"og:image:height\" content=\"1000\" \/>\n\t<meta property=\"og:image:type\" content=\"image\/jpeg\" \/>\n<meta name=\"twitter:card\" content=\"summary_large_image\" \/>\n<meta name=\"twitter:label1\" content=\"Gesch\u00e4tzte Lesezeit\" \/>\n\t<meta name=\"twitter:data1\" content=\"1\u00a0Minute\" \/>\n<script type=\"application\/ld+json\" class=\"yoast-schema-graph\">{\"@context\":\"https:\/\/schema.org\",\"@graph\":[{\"@type\":\"WebPage\",\"@id\":\"https:\/\/collall.nl\/de\/product\/zubehoer\/\",\"url\":\"https:\/\/collall.nl\/de\/product\/zubehoer\/\",\"name\":\"Zubeh\u00f6r - Collall\",\"isPartOf\":{\"@id\":\"https:\/\/collall.nl\/#website\"},\"primaryImageOfPage\":{\"@id\":\"https:\/\/collall.nl\/de\/product\/zubehoer\/#primaryimage\"},\"image\":{\"@id\":\"https:\/\/collall.nl\/de\/product\/zubehoer\/#primaryimage\"},\"thumbnailUrl\":\"https:\/\/collall.nl\/wp-content\/uploads\/2023\/05\/Collall-accessoires-1.jpg\",\"datePublished\":\"2023-05-11T07:25:07+00:00\",\"dateModified\":\"2024-08-12T06:35:10+00:00\",\"description\":\"Zubehoer: Kleberhalter, Leimpumpe, Kanister Ausguss, 2-Teilige Spritze, Tubenschl\u00fcssel, Pipette, Spritzsieb, usw\",\"breadcrumb\":{\"@id\":\"https:\/\/collall.nl\/de\/product\/zubehoer\/#breadcrumb\"},\"inLanguage\":\"de\",\"potentialAction\":[{\"@type\":\"ReadAction\",\"target\":[\"https:\/\/collall.nl\/de\/product\/zubehoer\/\"]}]},{\"@type\":\"ImageObject\",\"inLanguage\":\"de\",\"@id\":\"https:\/\/collall.nl\/de\/product\/zubehoer\/#primaryimage\",\"url\":\"https:\/\/collall.nl\/wp-content\/uploads\/2023\/05\/Collall-accessoires-1.jpg\",\"contentUrl\":\"https:\/\/collall.nl\/wp-content\/uploads\/2023\/05\/Collall-accessoires-1.jpg\",\"width\":1000,\"height\":1000,\"caption\":\"Collall-accessoires\"},{\"@type\":\"BreadcrumbList\",\"@id\":\"https:\/\/collall.nl\/de\/product\/zubehoer\/#breadcrumb\",\"itemListElement\":[{\"@type\":\"ListItem\",\"position\":1,\"name\":\"Home\",\"item\":\"https:\/\/collall.nl\/de\/hauptseite\/\"},{\"@type\":\"ListItem\",\"position\":2,\"name\":\"Produkte\",\"item\":\"https:\/\/collall.nl\/de\/produkte\/\"},{\"@type\":\"ListItem\",\"position\":3,\"name\":\"Zubeh\u00f6r\"}]},{\"@type\":\"WebSite\",\"@id\":\"https:\/\/collall.nl\/#website\",\"url\":\"https:\/\/collall.nl\/\",\"name\":\"Collall\",\"description\":\"Adhesives &amp; Paints since 1949\",\"publisher\":{\"@id\":\"https:\/\/collall.nl\/#organization\"},\"potentialAction\":[{\"@type\":\"SearchAction\",\"target\":{\"@type\":\"EntryPoint\",\"urlTemplate\":\"https:\/\/collall.nl\/?s={search_term_string}\"},\"query-input\":{\"@type\":\"PropertyValueSpecification\",\"valueRequired\":true,\"valueName\":\"search_term_string\"}}],\"inLanguage\":\"de\"},{\"@type\":\"Organization\",\"@id\":\"https:\/\/collall.nl\/#organization\",\"name\":\"Collall B.V.\",\"url\":\"https:\/\/collall.nl\/\",\"logo\":{\"@type\":\"ImageObject\",\"inLanguage\":\"de\",\"@id\":\"https:\/\/collall.nl\/#\/schema\/logo\/image\/\",\"url\":\"https:\/\/collall.nl\/wp-content\/uploads\/2022\/08\/Collall-logo-186C_Reflex-blue.jpg\",\"contentUrl\":\"https:\/\/collall.nl\/wp-content\/uploads\/2022\/08\/Collall-logo-186C_Reflex-blue.jpg\",\"width\":1963,\"height\":1179,\"caption\":\"Collall B.V.\"},\"image\":{\"@id\":\"https:\/\/collall.nl\/#\/schema\/logo\/image\/\"},\"sameAs\":[\"https:\/\/www.facebook.com\/people\/Collall\/100064976852539\/\",\"https:\/\/www.instagram.com\/collall_1949\/\",\"https:\/\/nl.pinterest.com\/CollallBV\/\",\"https:\/\/www.youtube.com\/channel\/UCrCGuwth_udZhTqJSh5g9zg\"]}]}<\/script>\n<!-- \/ Yoast SEO plugin. -->","yoast_head_json":{"title":"Zubeh\u00f6r - Collall","description":"Zubehoer: Kleberhalter, Leimpumpe, Kanister Ausguss, 2-Teilige Spritze, Tubenschl\u00fcssel, Pipette, Spritzsieb, usw","robots":{"index":"index","follow":"follow","max-snippet":"max-snippet:-1","max-image-preview":"max-image-preview:large","max-video-preview":"max-video-preview:-1"},"canonical":"https:\/\/collall.nl\/de\/product\/zubehoer\/","og_locale":"de_DE","og_type":"article","og_title":"Zubeh\u00f6r - Collall","og_description":"Zubehoer: Kleberhalter, Leimpumpe, Kanister Ausguss, 2-Teilige Spritze, Tubenschl\u00fcssel, Pipette, Spritzsieb, usw","og_url":"https:\/\/collall.nl\/de\/product\/zubehoer\/","og_site_name":"Collall","article_publisher":"https:\/\/www.facebook.com\/people\/Collall\/100064976852539\/","article_modified_time":"2024-08-12T06:35:10+00:00","og_image":[{"width":1000,"height":1000,"url":"https:\/\/collall.nl\/wp-content\/uploads\/2023\/05\/Collall-accessoires-1.jpg","type":"image\/jpeg"}],"twitter_card":"summary_large_image","twitter_misc":{"Gesch\u00e4tzte Lesezeit":"1\u00a0Minute"},"schema":{"@context":"https:\/\/schema.org","@graph":[{"@type":"WebPage","@id":"https:\/\/collall.nl\/de\/product\/zubehoer\/","url":"https:\/\/collall.nl\/de\/product\/zubehoer\/","name":"Zubeh\u00f6r - Collall","isPartOf":{"@id":"https:\/\/collall.nl\/#website"},"primaryImageOfPage":{"@id":"https:\/\/collall.nl\/de\/product\/zubehoer\/#primaryimage"},"image":{"@id":"https:\/\/collall.nl\/de\/product\/zubehoer\/#primaryimage"},"thumbnailUrl":"https:\/\/collall.nl\/wp-content\/uploads\/2023\/05\/Collall-accessoires-1.jpg","datePublished":"2023-05-11T07:25:07+00:00","dateModified":"2024-08-12T06:35:10+00:00","description":"Zubehoer: Kleberhalter, Leimpumpe, Kanister Ausguss, 2-Teilige Spritze, Tubenschl\u00fcssel, Pipette, Spritzsieb, usw","breadcrumb":{"@id":"https:\/\/collall.nl\/de\/product\/zubehoer\/#breadcrumb"},"inLanguage":"de","potentialAction":[{"@type":"ReadAction","target":["https:\/\/collall.nl\/de\/product\/zubehoer\/"]}]},{"@type":"ImageObject","inLanguage":"de","@id":"https:\/\/collall.nl\/de\/product\/zubehoer\/#primaryimage","url":"https:\/\/collall.nl\/wp-content\/uploads\/2023\/05\/Collall-accessoires-1.jpg","contentUrl":"https:\/\/collall.nl\/wp-content\/uploads\/2023\/05\/Collall-accessoires-1.jpg","width":1000,"height":1000,"caption":"Collall-accessoires"},{"@type":"BreadcrumbList","@id":"https:\/\/collall.nl\/de\/product\/zubehoer\/#breadcrumb","itemListElement":[{"@type":"ListItem","position":1,"name":"Home","item":"https:\/\/collall.nl\/de\/hauptseite\/"},{"@type":"ListItem","position":2,"name":"Produkte","item":"https:\/\/collall.nl\/de\/produkte\/"},{"@type":"ListItem","position":3,"name":"Zubeh\u00f6r"}]},{"@type":"WebSite","@id":"https:\/\/collall.nl\/#website","url":"https:\/\/collall.nl\/","name":"Collall","description":"Adhesives &amp; Paints since 1949","publisher":{"@id":"https:\/\/collall.nl\/#organization"},"potentialAction":[{"@type":"SearchAction","target":{"@type":"EntryPoint","urlTemplate":"https:\/\/collall.nl\/?s={search_term_string}"},"query-input":{"@type":"PropertyValueSpecification","valueRequired":true,"valueName":"search_term_string"}}],"inLanguage":"de"},{"@type":"Organization","@id":"https:\/\/collall.nl\/#organization","name":"Collall B.V.","url":"https:\/\/collall.nl\/","logo":{"@type":"ImageObject","inLanguage":"de","@id":"https:\/\/collall.nl\/#\/schema\/logo\/image\/","url":"https:\/\/collall.nl\/wp-content\/uploads\/2022\/08\/Collall-logo-186C_Reflex-blue.jpg","contentUrl":"https:\/\/collall.nl\/wp-content\/uploads\/2022\/08\/Collall-logo-186C_Reflex-blue.jpg","width":1963,"height":1179,"caption":"Collall B.V."},"image":{"@id":"https:\/\/collall.nl\/#\/schema\/logo\/image\/"},"sameAs":["https:\/\/www.facebook.com\/people\/Collall\/100064976852539\/","https:\/\/www.instagram.com\/collall_1949\/","https:\/\/nl.pinterest.com\/CollallBV\/","https:\/\/www.youtube.com\/channel\/UCrCGuwth_udZhTqJSh5g9zg"]}]}},"_links":{"self":[{"href":"https:\/\/collall.nl\/de\/wp-json\/wp\/v2\/product\/25165","targetHints":{"allow":["GET"]}}],"collection":[{"href":"https:\/\/collall.nl\/de\/wp-json\/wp\/v2\/product"}],"about":[{"href":"https:\/\/collall.nl\/de\/wp-json\/wp\/v2\/types\/product"}],"replies":[{"embeddable":true,"href":"https:\/\/collall.nl\/de\/wp-json\/wp\/v2\/comments?post=25165"}],"wp:featuredmedia":[{"embeddable":true,"href":"https:\/\/collall.nl\/de\/wp-json\/wp\/v2\/media\/26975"}],"wp:attachment":[{"href":"https:\/\/collall.nl\/de\/wp-json\/wp\/v2\/media?parent=25165"}],"wp:term":[{"taxonomy":"product_brand","embeddable":true,"href":"https:\/\/collall.nl\/de\/wp-json\/wp\/v2\/product_brand?post=25165"},{"taxonomy":"product_cat","embeddable":true,"href":"https:\/\/collall.nl\/de\/wp-json\/wp\/v2\/product_cat?post=25165"},{"taxonomy":"product_tag","embeddable":true,"href":"https:\/\/collall.nl\/de\/wp-json\/wp\/v2\/product_tag?post=25165"}],"curies":[{"name":"wp","href":"https:\/\/api.w.org\/{rel}","templated":true}]}}