{"id":14014,"date":"2022-03-01T09:42:31","date_gmt":"2022-03-01T09:42:32","guid":{"rendered":"http:\/\/collall.test\/product\/collall-glue-tack-2\/"},"modified":"2025-03-25T08:32:17","modified_gmt":"2025-03-25T07:32:17","slug":"collall-glue-tack-2","status":"publish","type":"product","link":"https:\/\/collall.nl\/de\/product\/collall-glue-tack-2\/","title":{"rendered":"Collall Glue-Tack"},"content":{"rendered":"<p class=\"\" data-start=\"0\" data-end=\"341\"><strong data-start=\"0\" data-end=\"21\">Collall Glue Tack<\/strong> ist die perfekte Alternative zu Rei\u00dfzwecken und Klebeband und eignet sich f\u00fcr den Einsatz zu Hause, in der Schule und im B\u00fcro. Mit mehr als 1.001 Anwendungsm\u00f6glichkeiten bietet dieses Klebegummi eine intelligente und vielseitige L\u00f6sung f\u00fcr alle Ihre Befestigungs- und Aufh\u00e4ngarbeiten. Sauber und einfach zu verwenden.<\/p>\n<h5 data-start=\"343\" data-end=\"378\"><strong data-start=\"347\" data-end=\"376\">Anwendungen von Glue Tack<\/strong><\/h5>\n<p class=\"\" data-start=\"379\" data-end=\"624\"><strong data-start=\"379\" data-end=\"401\">Zum Aufh\u00e4ngen von:<\/strong> Notizen, Karten, Fotos, Postern und Zeichnungen.<br data-start=\"450\" data-end=\"453\" \/><strong data-start=\"453\" data-end=\"476\">Zum Befestigen von:<\/strong> Telefonen, Taschenrechnern, Bilderrahmen, Farbschalen und mehr.<br data-start=\"540\" data-end=\"543\" \/><strong data-start=\"543\" data-end=\"569\">Weitere M\u00f6glichkeiten:<\/strong> Radieren, Auff\u00fcllen, Stempeln und kreative Projekte.<\/p>\n<p class=\"\" data-start=\"626\" data-end=\"803\">Egal, ob Sie Dekorationen aufh\u00e4ngen, Gegenst\u00e4nde befestigen oder eine praktische L\u00f6sung f\u00fcr Bastelarbeiten suchen \u2013 <strong data-start=\"742\" data-end=\"755\">Glue Tack<\/strong> bietet eine zuverl\u00e4ssige und flexible L\u00f6sung.<\/p>\n<h5 data-start=\"805\" data-end=\"842\"><strong data-start=\"809\" data-end=\"840\">Eigenschaften von Glue Tack<\/strong><\/h5>\n<ul>\n<li data-start=\"843\" data-end=\"1076\">Wiederverwendbar und langlebig.<br data-start=\"876\" data-end=\"879\" \/>Haftet hervorragend auf glatten Oberfl\u00e4chen wie Papier, Glas, Metall und Kunststoff.<br data-start=\"965\" data-end=\"968\" \/>Hinterl\u00e4sst keine Kleber\u00fcckst\u00e4nde auf den meisten Materialien.<br data-start=\"1032\" data-end=\"1035\" \/>Kompakt und leicht zu transportieren.<\/li>\n<\/ul>\n<p class=\"\" data-start=\"1078\" data-end=\"1178\"><strong data-start=\"1078\" data-end=\"1091\">Glue Tack<\/strong> ist vielseitig einsetzbar und perfekt f\u00fcr jede Art von Projekt \u2013 ob gro\u00df oder klein.<\/p>\n<h5 data-start=\"1180\" data-end=\"1218\"><strong data-start=\"1184\" data-end=\"1216\">Wie verwendet man Glue Tack?<\/strong><\/h5>\n<ol data-start=\"1219\" data-end=\"1500\">\n<li class=\"\" data-start=\"1219\" data-end=\"1279\">\n<p class=\"\" data-start=\"1222\" data-end=\"1279\">Rei\u00dfen Sie ein St\u00fcck <strong data-start=\"1243\" data-end=\"1256\">Glue Tack<\/strong> von der Streifen ab.<\/p>\n<\/li>\n<li class=\"\" data-start=\"1280\" data-end=\"1354\">\n<p class=\"\" data-start=\"1283\" data-end=\"1354\">Rollen Sie es zwischen Ihren Fingern, bis eine weiche Kugel entsteht.<\/p>\n<\/li>\n<li class=\"\" data-start=\"1355\" data-end=\"1417\">\n<p class=\"\" data-start=\"1358\" data-end=\"1417\">Dr\u00fccken Sie die Kugel fest auf die gew\u00fcnschte Oberfl\u00e4che.<\/p>\n<\/li>\n<li class=\"\" data-start=\"1418\" data-end=\"1500\">\n<p class=\"\" data-start=\"1421\" data-end=\"1500\">Platzieren Sie den gew\u00fcnschten Gegenstand darauf und dr\u00fccken Sie ihn fest an.<\/p>\n<\/li>\n<\/ol>\n<p class=\"\" data-start=\"1502\" data-end=\"1578\"><strong data-start=\"1502\" data-end=\"1514\">Hinweis:<\/strong> <strong data-start=\"1515\" data-end=\"1528\">Glue Tack<\/strong> funktioniert am besten auf glatten Oberfl\u00e4chen.<\/p>\n<h5 data-start=\"1580\" data-end=\"1617\"><strong data-start=\"1584\" data-end=\"1615\">Wie entfernt man Glue Tack?<\/strong><\/h5>\n<ul data-start=\"1618\" data-end=\"1776\">\n<li class=\"\" data-start=\"1618\" data-end=\"1669\">\n<p class=\"\" data-start=\"1620\" data-end=\"1669\">Rollen Sie es vorsichtig von der Oberfl\u00e4che ab.<\/p>\n<\/li>\n<li class=\"\" data-start=\"1670\" data-end=\"1776\">\n<p class=\"\" data-start=\"1672\" data-end=\"1776\">F\u00fcr hartn\u00e4ckige R\u00fcckst\u00e4nde verwenden Sie ein gr\u00f6\u00dferes St\u00fcck <strong data-start=\"1732\" data-end=\"1745\">Glue Tack<\/strong>, um die Reste \u201ewegzurollen\u201c.<\/p>\n<\/li>\n<\/ul>\n<p class=\"\" data-start=\"1778\" data-end=\"1918\"><strong data-start=\"1778\" data-end=\"1790\">Hinweis:<\/strong> Auf saugf\u00e4higen oder por\u00f6sen Materialien k\u00f6nnen R\u00fcckst\u00e4nde zur\u00fcckbleiben. Testen Sie es zuerst an einer unauff\u00e4lligen Stelle.<\/p>\n<p class=\"\" data-start=\"1920\" data-end=\"1969\">Nicht geeignet f\u00fcr Kinder unter 3 Jahren.<\/p>\n<p class=\"\" data-start=\"1971\" data-end=\"2048\"><strong data-start=\"1971\" data-end=\"1984\">Glue Tack<\/strong> \u2013 Ihr praktischer Helfer f\u00fcr allt\u00e4gliche und kreative L\u00f6sungen!<\/p>\n","protected":false},"excerpt":{"rendered":"<p>Collall Glue-Tack: Die perfekte Alternative zu Rei\u00dfzwecken und Klebeband. Mit mehr als 1.001 Anwendungsm\u00f6glichkeiten<\/p>\n","protected":false},"featured_media":19687,"comment_status":"open","ping_status":"closed","template":"","meta":{"_acf_changed":false},"product_brand":[],"product_cat":[195],"product_tag":[],"class_list":{"0":"post-14014","1":"product","2":"type-product","3":"status-publish","4":"has-post-thumbnail","6":"product_cat-klebeband","8":"first","9":"instock","10":"shipping-taxable","11":"purchasable","12":"product-type-variable"},"acf":[],"yoast_head":"<!-- This site is optimized with the Yoast SEO plugin v27.2 - https:\/\/yoast.com\/product\/yoast-seo-wordpress\/ -->\n<title>Collall Glue-Tack - Collall<\/title>\n<meta name=\"description\" content=\"Collall Glue-Tack: Die perfekte Alternative zu Rei\u00dfzwecken und Klebeband. Mit mehr als 1.001 Anwendungsm\u00f6glichkeiten bietet Glue Tack eine L\u00f6sung.\" \/>\n<meta name=\"robots\" content=\"index, follow, max-snippet:-1, max-image-preview:large, max-video-preview:-1\" \/>\n<link rel=\"canonical\" href=\"https:\/\/collall.nl\/de\/product\/collall-glue-tack-2\/\" \/>\n<meta property=\"og:locale\" content=\"de_DE\" \/>\n<meta property=\"og:type\" content=\"article\" \/>\n<meta property=\"og:title\" content=\"Collall Glue-Tack - Collall\" \/>\n<meta property=\"og:description\" content=\"Collall Glue-Tack: Die perfekte Alternative zu Rei\u00dfzwecken und Klebeband. Mit mehr als 1.001 Anwendungsm\u00f6glichkeiten bietet Glue Tack eine L\u00f6sung.\" \/>\n<meta property=\"og:url\" content=\"https:\/\/collall.nl\/de\/product\/collall-glue-tack-2\/\" \/>\n<meta property=\"og:site_name\" content=\"Collall\" \/>\n<meta property=\"article:publisher\" content=\"https:\/\/www.facebook.com\/people\/Collall\/100064976852539\/\" \/>\n<meta property=\"article:modified_time\" content=\"2025-03-25T07:32:17+00:00\" \/>\n<meta property=\"og:image\" content=\"https:\/\/collall.nl\/wp-content\/uploads\/2022\/03\/COLGT160DP.jpg\" \/>\n\t<meta property=\"og:image:width\" content=\"800\" \/>\n\t<meta property=\"og:image:height\" content=\"800\" \/>\n\t<meta property=\"og:image:type\" content=\"image\/jpeg\" \/>\n<meta name=\"twitter:card\" content=\"summary_large_image\" \/>\n<meta name=\"twitter:label1\" content=\"Gesch\u00e4tzte Lesezeit\" \/>\n\t<meta name=\"twitter:data1\" content=\"2\u00a0Minuten\" \/>\n<script type=\"application\/ld+json\" class=\"yoast-schema-graph\">{\"@context\":\"https:\/\/schema.org\",\"@graph\":[{\"@type\":\"WebPage\",\"@id\":\"https:\/\/collall.nl\/de\/product\/collall-glue-tack-2\/\",\"url\":\"https:\/\/collall.nl\/de\/product\/collall-glue-tack-2\/\",\"name\":\"Collall Glue-Tack - Collall\",\"isPartOf\":{\"@id\":\"https:\/\/collall.nl\/#website\"},\"primaryImageOfPage\":{\"@id\":\"https:\/\/collall.nl\/de\/product\/collall-glue-tack-2\/#primaryimage\"},\"image\":{\"@id\":\"https:\/\/collall.nl\/de\/product\/collall-glue-tack-2\/#primaryimage\"},\"thumbnailUrl\":\"https:\/\/collall.nl\/wp-content\/uploads\/2022\/03\/COLGT160DP.jpg\",\"datePublished\":\"2022-03-01T09:42:32+00:00\",\"dateModified\":\"2025-03-25T07:32:17+00:00\",\"description\":\"Collall Glue-Tack: Die perfekte Alternative zu Rei\u00dfzwecken und Klebeband. Mit mehr als 1.001 Anwendungsm\u00f6glichkeiten bietet Glue Tack eine L\u00f6sung.\",\"breadcrumb\":{\"@id\":\"https:\/\/collall.nl\/de\/product\/collall-glue-tack-2\/#breadcrumb\"},\"inLanguage\":\"de\",\"potentialAction\":[{\"@type\":\"ReadAction\",\"target\":[\"https:\/\/collall.nl\/de\/product\/collall-glue-tack-2\/\"]}]},{\"@type\":\"ImageObject\",\"inLanguage\":\"de\",\"@id\":\"https:\/\/collall.nl\/de\/product\/collall-glue-tack-2\/#primaryimage\",\"url\":\"https:\/\/collall.nl\/wp-content\/uploads\/2022\/03\/COLGT160DP.jpg\",\"contentUrl\":\"https:\/\/collall.nl\/wp-content\/uploads\/2022\/03\/COLGT160DP.jpg\",\"width\":800,\"height\":800,\"caption\":\"COLGT160DP\"},{\"@type\":\"BreadcrumbList\",\"@id\":\"https:\/\/collall.nl\/de\/product\/collall-glue-tack-2\/#breadcrumb\",\"itemListElement\":[{\"@type\":\"ListItem\",\"position\":1,\"name\":\"Home\",\"item\":\"https:\/\/collall.nl\/de\/hauptseite\/\"},{\"@type\":\"ListItem\",\"position\":2,\"name\":\"Produkte\",\"item\":\"https:\/\/collall.nl\/de\/produkte\/\"},{\"@type\":\"ListItem\",\"position\":3,\"name\":\"Collall Glue-Tack\"}]},{\"@type\":\"WebSite\",\"@id\":\"https:\/\/collall.nl\/#website\",\"url\":\"https:\/\/collall.nl\/\",\"name\":\"Collall\",\"description\":\"Adhesives &amp; Paints since 1949\",\"publisher\":{\"@id\":\"https:\/\/collall.nl\/#organization\"},\"potentialAction\":[{\"@type\":\"SearchAction\",\"target\":{\"@type\":\"EntryPoint\",\"urlTemplate\":\"https:\/\/collall.nl\/?s={search_term_string}\"},\"query-input\":{\"@type\":\"PropertyValueSpecification\",\"valueRequired\":true,\"valueName\":\"search_term_string\"}}],\"inLanguage\":\"de\"},{\"@type\":\"Organization\",\"@id\":\"https:\/\/collall.nl\/#organization\",\"name\":\"Collall B.V.\",\"url\":\"https:\/\/collall.nl\/\",\"logo\":{\"@type\":\"ImageObject\",\"inLanguage\":\"de\",\"@id\":\"https:\/\/collall.nl\/#\/schema\/logo\/image\/\",\"url\":\"https:\/\/collall.nl\/wp-content\/uploads\/2022\/08\/Collall-logo-186C_Reflex-blue.jpg\",\"contentUrl\":\"https:\/\/collall.nl\/wp-content\/uploads\/2022\/08\/Collall-logo-186C_Reflex-blue.jpg\",\"width\":1963,\"height\":1179,\"caption\":\"Collall B.V.\"},\"image\":{\"@id\":\"https:\/\/collall.nl\/#\/schema\/logo\/image\/\"},\"sameAs\":[\"https:\/\/www.facebook.com\/people\/Collall\/100064976852539\/\",\"https:\/\/www.instagram.com\/collall_1949\/\",\"https:\/\/nl.pinterest.com\/CollallBV\/\",\"https:\/\/www.youtube.com\/channel\/UCrCGuwth_udZhTqJSh5g9zg\"]}]}<\/script>\n<!-- \/ Yoast SEO plugin. -->","yoast_head_json":{"title":"Collall Glue-Tack - Collall","description":"Collall Glue-Tack: Die perfekte Alternative zu Rei\u00dfzwecken und Klebeband. Mit mehr als 1.001 Anwendungsm\u00f6glichkeiten bietet Glue Tack eine L\u00f6sung.","robots":{"index":"index","follow":"follow","max-snippet":"max-snippet:-1","max-image-preview":"max-image-preview:large","max-video-preview":"max-video-preview:-1"},"canonical":"https:\/\/collall.nl\/de\/product\/collall-glue-tack-2\/","og_locale":"de_DE","og_type":"article","og_title":"Collall Glue-Tack - Collall","og_description":"Collall Glue-Tack: Die perfekte Alternative zu Rei\u00dfzwecken und Klebeband. Mit mehr als 1.001 Anwendungsm\u00f6glichkeiten bietet Glue Tack eine L\u00f6sung.","og_url":"https:\/\/collall.nl\/de\/product\/collall-glue-tack-2\/","og_site_name":"Collall","article_publisher":"https:\/\/www.facebook.com\/people\/Collall\/100064976852539\/","article_modified_time":"2025-03-25T07:32:17+00:00","og_image":[{"width":800,"height":800,"url":"https:\/\/collall.nl\/wp-content\/uploads\/2022\/03\/COLGT160DP.jpg","type":"image\/jpeg"}],"twitter_card":"summary_large_image","twitter_misc":{"Gesch\u00e4tzte Lesezeit":"2\u00a0Minuten"},"schema":{"@context":"https:\/\/schema.org","@graph":[{"@type":"WebPage","@id":"https:\/\/collall.nl\/de\/product\/collall-glue-tack-2\/","url":"https:\/\/collall.nl\/de\/product\/collall-glue-tack-2\/","name":"Collall Glue-Tack - Collall","isPartOf":{"@id":"https:\/\/collall.nl\/#website"},"primaryImageOfPage":{"@id":"https:\/\/collall.nl\/de\/product\/collall-glue-tack-2\/#primaryimage"},"image":{"@id":"https:\/\/collall.nl\/de\/product\/collall-glue-tack-2\/#primaryimage"},"thumbnailUrl":"https:\/\/collall.nl\/wp-content\/uploads\/2022\/03\/COLGT160DP.jpg","datePublished":"2022-03-01T09:42:32+00:00","dateModified":"2025-03-25T07:32:17+00:00","description":"Collall Glue-Tack: Die perfekte Alternative zu Rei\u00dfzwecken und Klebeband. Mit mehr als 1.001 Anwendungsm\u00f6glichkeiten bietet Glue Tack eine L\u00f6sung.","breadcrumb":{"@id":"https:\/\/collall.nl\/de\/product\/collall-glue-tack-2\/#breadcrumb"},"inLanguage":"de","potentialAction":[{"@type":"ReadAction","target":["https:\/\/collall.nl\/de\/product\/collall-glue-tack-2\/"]}]},{"@type":"ImageObject","inLanguage":"de","@id":"https:\/\/collall.nl\/de\/product\/collall-glue-tack-2\/#primaryimage","url":"https:\/\/collall.nl\/wp-content\/uploads\/2022\/03\/COLGT160DP.jpg","contentUrl":"https:\/\/collall.nl\/wp-content\/uploads\/2022\/03\/COLGT160DP.jpg","width":800,"height":800,"caption":"COLGT160DP"},{"@type":"BreadcrumbList","@id":"https:\/\/collall.nl\/de\/product\/collall-glue-tack-2\/#breadcrumb","itemListElement":[{"@type":"ListItem","position":1,"name":"Home","item":"https:\/\/collall.nl\/de\/hauptseite\/"},{"@type":"ListItem","position":2,"name":"Produkte","item":"https:\/\/collall.nl\/de\/produkte\/"},{"@type":"ListItem","position":3,"name":"Collall Glue-Tack"}]},{"@type":"WebSite","@id":"https:\/\/collall.nl\/#website","url":"https:\/\/collall.nl\/","name":"Collall","description":"Adhesives &amp; Paints since 1949","publisher":{"@id":"https:\/\/collall.nl\/#organization"},"potentialAction":[{"@type":"SearchAction","target":{"@type":"EntryPoint","urlTemplate":"https:\/\/collall.nl\/?s={search_term_string}"},"query-input":{"@type":"PropertyValueSpecification","valueRequired":true,"valueName":"search_term_string"}}],"inLanguage":"de"},{"@type":"Organization","@id":"https:\/\/collall.nl\/#organization","name":"Collall B.V.","url":"https:\/\/collall.nl\/","logo":{"@type":"ImageObject","inLanguage":"de","@id":"https:\/\/collall.nl\/#\/schema\/logo\/image\/","url":"https:\/\/collall.nl\/wp-content\/uploads\/2022\/08\/Collall-logo-186C_Reflex-blue.jpg","contentUrl":"https:\/\/collall.nl\/wp-content\/uploads\/2022\/08\/Collall-logo-186C_Reflex-blue.jpg","width":1963,"height":1179,"caption":"Collall B.V."},"image":{"@id":"https:\/\/collall.nl\/#\/schema\/logo\/image\/"},"sameAs":["https:\/\/www.facebook.com\/people\/Collall\/100064976852539\/","https:\/\/www.instagram.com\/collall_1949\/","https:\/\/nl.pinterest.com\/CollallBV\/","https:\/\/www.youtube.com\/channel\/UCrCGuwth_udZhTqJSh5g9zg"]}]}},"_links":{"self":[{"href":"https:\/\/collall.nl\/de\/wp-json\/wp\/v2\/product\/14014","targetHints":{"allow":["GET"]}}],"collection":[{"href":"https:\/\/collall.nl\/de\/wp-json\/wp\/v2\/product"}],"about":[{"href":"https:\/\/collall.nl\/de\/wp-json\/wp\/v2\/types\/product"}],"replies":[{"embeddable":true,"href":"https:\/\/collall.nl\/de\/wp-json\/wp\/v2\/comments?post=14014"}],"wp:featuredmedia":[{"embeddable":true,"href":"https:\/\/collall.nl\/de\/wp-json\/wp\/v2\/media\/19687"}],"wp:attachment":[{"href":"https:\/\/collall.nl\/de\/wp-json\/wp\/v2\/media?parent=14014"}],"wp:term":[{"taxonomy":"product_brand","embeddable":true,"href":"https:\/\/collall.nl\/de\/wp-json\/wp\/v2\/product_brand?post=14014"},{"taxonomy":"product_cat","embeddable":true,"href":"https:\/\/collall.nl\/de\/wp-json\/wp\/v2\/product_cat?post=14014"},{"taxonomy":"product_tag","embeddable":true,"href":"https:\/\/collall.nl\/de\/wp-json\/wp\/v2\/product_tag?post=14014"}],"curies":[{"name":"wp","href":"https:\/\/api.w.org\/{rel}","templated":true}]}}