{"id":13762,"date":"2022-03-01T09:41:11","date_gmt":"2022-03-01T09:41:13","guid":{"rendered":"http:\/\/collall.test\/product\/colorall-gummi-pinseln\/"},"modified":"2022-12-06T13:27:33","modified_gmt":"2022-12-06T13:27:33","slug":"colorall-carvers","status":"publish","type":"product","link":"https:\/\/collall.nl\/de\/product\/colorall-carvers\/","title":{"rendered":"Colorall Carvers"},"content":{"rendered":"<p>Hochwertige \u201ePinsel\u201c mit Siliconformst\u00fcck. Erh\u00e4ltlich in 5 Formen und 2 Gr\u00f6\u00dfen S (small) und L (large). Der Carver ist ein revolution\u00e4res neues \u201eArt tool\u201c mit unz\u00e4hligen Anwendungsm\u00f6glichkeiten.<\/p>\n<p><strong><span style=\"line-height: 1.6;\">Anwendung und Anwendungsbereiche<\/span><\/strong><\/p>\n<p>1. Verarbeiten verschiedener Sorten \u00d6lfarbe, Acrylfarbe, Wasserfarbe (<a href=\"http:\/\/collall.nl\/de\/product\/aquatint-2\/\">AquaTint<\/a>), Kinderfarbe (<a href=\"http:\/\/collall.nl\/de\/product\/magic-paint-zauberfarbe\/\">Magic Paint<\/a> und div. Plakatfarben).<br \/>\n2. Modellieren von Ton, Modelliermassen, Wachsen, Sand u.a.<\/p>\n<p>Carver f\u00f6rdern die Motorik. Sie sind sehr leicht zu reinigen und halten l\u00e4nger als gew\u00f6hnliche Pinsel. Kinder finden Carver \u201ecool\u201c, Erwachsene sind von den zahlreichen Anwendungsm\u00f6glichkeiten begeistert.<\/p>\n","protected":false},"excerpt":{"rendered":"<p>Hochwertige \u201ePinsel\u201c mit Siliconformst\u00fcck<\/p>\n","protected":false},"featured_media":13751,"comment_status":"open","ping_status":"closed","template":"","meta":{"_acf_changed":false},"product_brand":[],"product_cat":[192],"product_tag":[2542],"class_list":{"0":"post-13762","1":"product","2":"type-product","3":"status-publish","4":"has-post-thumbnail","6":"product_cat-borsten-und-haarpinsel-spachtel","7":"product_tag-carver","9":"first","10":"instock","11":"shipping-taxable","12":"purchasable","13":"product-type-variable"},"acf":[],"yoast_head":"<!-- This site is optimized with the Yoast SEO plugin v27.2 - https:\/\/yoast.com\/product\/yoast-seo-wordpress\/ -->\n<title>Colorall Carvers - Collall<\/title>\n<meta name=\"description\" content=\"Hochwertige \u201ePinsel\u201c mit Siliconformst\u00fcck\" \/>\n<meta name=\"robots\" content=\"index, follow, max-snippet:-1, max-image-preview:large, max-video-preview:-1\" \/>\n<link rel=\"canonical\" href=\"https:\/\/collall.nl\/de\/product\/colorall-carvers\/\" \/>\n<meta property=\"og:locale\" content=\"de_DE\" \/>\n<meta property=\"og:type\" content=\"article\" \/>\n<meta property=\"og:title\" content=\"Colorall Carvers - Collall\" \/>\n<meta property=\"og:description\" content=\"Hochwertige \u201ePinsel\u201c mit Siliconformst\u00fcck\" \/>\n<meta property=\"og:url\" content=\"https:\/\/collall.nl\/de\/product\/colorall-carvers\/\" \/>\n<meta property=\"og:site_name\" content=\"Collall\" \/>\n<meta property=\"article:publisher\" content=\"https:\/\/www.facebook.com\/people\/Collall\/100064976852539\/\" \/>\n<meta property=\"article:modified_time\" content=\"2022-12-06T13:27:33+00:00\" \/>\n<meta property=\"og:image\" content=\"http:\/\/collall.nl\/wp-content\/uploads\/2022\/03\/COLKWCARVERS-rubber-brushes.jpg\" \/>\n\t<meta property=\"og:image:width\" content=\"715\" \/>\n\t<meta property=\"og:image:height\" content=\"1063\" \/>\n\t<meta property=\"og:image:type\" content=\"image\/jpeg\" \/>\n<meta name=\"twitter:card\" content=\"summary_large_image\" \/>\n<meta name=\"twitter:label1\" content=\"Gesch\u00e4tzte Lesezeit\" \/>\n\t<meta name=\"twitter:data1\" content=\"1\u00a0Minute\" \/>\n<script type=\"application\/ld+json\" class=\"yoast-schema-graph\">{\"@context\":\"https:\/\/schema.org\",\"@graph\":[{\"@type\":\"WebPage\",\"@id\":\"https:\/\/collall.nl\/de\/product\/colorall-carvers\/\",\"url\":\"https:\/\/collall.nl\/de\/product\/colorall-carvers\/\",\"name\":\"Colorall Carvers - Collall\",\"isPartOf\":{\"@id\":\"https:\/\/collall.nl\/#website\"},\"primaryImageOfPage\":{\"@id\":\"https:\/\/collall.nl\/de\/product\/colorall-carvers\/#primaryimage\"},\"image\":{\"@id\":\"https:\/\/collall.nl\/de\/product\/colorall-carvers\/#primaryimage\"},\"thumbnailUrl\":\"https:\/\/collall.nl\/wp-content\/uploads\/2022\/03\/COLKWCARVERS-rubber-brushes.jpg\",\"datePublished\":\"2022-03-01T09:41:13+00:00\",\"dateModified\":\"2022-12-06T13:27:33+00:00\",\"description\":\"Hochwertige \u201ePinsel\u201c mit Siliconformst\u00fcck\",\"breadcrumb\":{\"@id\":\"https:\/\/collall.nl\/de\/product\/colorall-carvers\/#breadcrumb\"},\"inLanguage\":\"de\",\"potentialAction\":[{\"@type\":\"ReadAction\",\"target\":[\"https:\/\/collall.nl\/de\/product\/colorall-carvers\/\"]}]},{\"@type\":\"ImageObject\",\"inLanguage\":\"de\",\"@id\":\"https:\/\/collall.nl\/de\/product\/colorall-carvers\/#primaryimage\",\"url\":\"https:\/\/collall.nl\/wp-content\/uploads\/2022\/03\/COLKWCARVERS-rubber-brushes.jpg\",\"contentUrl\":\"https:\/\/collall.nl\/wp-content\/uploads\/2022\/03\/COLKWCARVERS-rubber-brushes.jpg\",\"width\":715,\"height\":1063},{\"@type\":\"BreadcrumbList\",\"@id\":\"https:\/\/collall.nl\/de\/product\/colorall-carvers\/#breadcrumb\",\"itemListElement\":[{\"@type\":\"ListItem\",\"position\":1,\"name\":\"Home\",\"item\":\"https:\/\/collall.nl\/de\/\"},{\"@type\":\"ListItem\",\"position\":2,\"name\":\"Produkte\",\"item\":\"https:\/\/collall.nl\/de\/produkte\/\"},{\"@type\":\"ListItem\",\"position\":3,\"name\":\"Colorall Carvers\"}]},{\"@type\":\"WebSite\",\"@id\":\"https:\/\/collall.nl\/#website\",\"url\":\"https:\/\/collall.nl\/\",\"name\":\"Collall\",\"description\":\"Adhesives &amp; Paints since 1949\",\"publisher\":{\"@id\":\"https:\/\/collall.nl\/#organization\"},\"potentialAction\":[{\"@type\":\"SearchAction\",\"target\":{\"@type\":\"EntryPoint\",\"urlTemplate\":\"https:\/\/collall.nl\/?s={search_term_string}\"},\"query-input\":{\"@type\":\"PropertyValueSpecification\",\"valueRequired\":true,\"valueName\":\"search_term_string\"}}],\"inLanguage\":\"de\"},{\"@type\":\"Organization\",\"@id\":\"https:\/\/collall.nl\/#organization\",\"name\":\"Collall B.V.\",\"url\":\"https:\/\/collall.nl\/\",\"logo\":{\"@type\":\"ImageObject\",\"inLanguage\":\"de\",\"@id\":\"https:\/\/collall.nl\/#\/schema\/logo\/image\/\",\"url\":\"https:\/\/collall.nl\/wp-content\/uploads\/2022\/08\/Collall-logo-186C_Reflex-blue.jpg\",\"contentUrl\":\"https:\/\/collall.nl\/wp-content\/uploads\/2022\/08\/Collall-logo-186C_Reflex-blue.jpg\",\"width\":1963,\"height\":1179,\"caption\":\"Collall B.V.\"},\"image\":{\"@id\":\"https:\/\/collall.nl\/#\/schema\/logo\/image\/\"},\"sameAs\":[\"https:\/\/www.facebook.com\/people\/Collall\/100064976852539\/\",\"https:\/\/www.instagram.com\/collall_1949\/\",\"https:\/\/nl.pinterest.com\/CollallBV\/\",\"https:\/\/www.youtube.com\/channel\/UCrCGuwth_udZhTqJSh5g9zg\"]}]}<\/script>\n<!-- \/ Yoast SEO plugin. -->","yoast_head_json":{"title":"Colorall Carvers - Collall","description":"Hochwertige \u201ePinsel\u201c mit Siliconformst\u00fcck","robots":{"index":"index","follow":"follow","max-snippet":"max-snippet:-1","max-image-preview":"max-image-preview:large","max-video-preview":"max-video-preview:-1"},"canonical":"https:\/\/collall.nl\/de\/product\/colorall-carvers\/","og_locale":"de_DE","og_type":"article","og_title":"Colorall Carvers - Collall","og_description":"Hochwertige \u201ePinsel\u201c mit Siliconformst\u00fcck","og_url":"https:\/\/collall.nl\/de\/product\/colorall-carvers\/","og_site_name":"Collall","article_publisher":"https:\/\/www.facebook.com\/people\/Collall\/100064976852539\/","article_modified_time":"2022-12-06T13:27:33+00:00","og_image":[{"width":715,"height":1063,"url":"http:\/\/collall.nl\/wp-content\/uploads\/2022\/03\/COLKWCARVERS-rubber-brushes.jpg","type":"image\/jpeg"}],"twitter_card":"summary_large_image","twitter_misc":{"Gesch\u00e4tzte Lesezeit":"1\u00a0Minute"},"schema":{"@context":"https:\/\/schema.org","@graph":[{"@type":"WebPage","@id":"https:\/\/collall.nl\/de\/product\/colorall-carvers\/","url":"https:\/\/collall.nl\/de\/product\/colorall-carvers\/","name":"Colorall Carvers - Collall","isPartOf":{"@id":"https:\/\/collall.nl\/#website"},"primaryImageOfPage":{"@id":"https:\/\/collall.nl\/de\/product\/colorall-carvers\/#primaryimage"},"image":{"@id":"https:\/\/collall.nl\/de\/product\/colorall-carvers\/#primaryimage"},"thumbnailUrl":"https:\/\/collall.nl\/wp-content\/uploads\/2022\/03\/COLKWCARVERS-rubber-brushes.jpg","datePublished":"2022-03-01T09:41:13+00:00","dateModified":"2022-12-06T13:27:33+00:00","description":"Hochwertige \u201ePinsel\u201c mit Siliconformst\u00fcck","breadcrumb":{"@id":"https:\/\/collall.nl\/de\/product\/colorall-carvers\/#breadcrumb"},"inLanguage":"de","potentialAction":[{"@type":"ReadAction","target":["https:\/\/collall.nl\/de\/product\/colorall-carvers\/"]}]},{"@type":"ImageObject","inLanguage":"de","@id":"https:\/\/collall.nl\/de\/product\/colorall-carvers\/#primaryimage","url":"https:\/\/collall.nl\/wp-content\/uploads\/2022\/03\/COLKWCARVERS-rubber-brushes.jpg","contentUrl":"https:\/\/collall.nl\/wp-content\/uploads\/2022\/03\/COLKWCARVERS-rubber-brushes.jpg","width":715,"height":1063},{"@type":"BreadcrumbList","@id":"https:\/\/collall.nl\/de\/product\/colorall-carvers\/#breadcrumb","itemListElement":[{"@type":"ListItem","position":1,"name":"Home","item":"https:\/\/collall.nl\/de\/"},{"@type":"ListItem","position":2,"name":"Produkte","item":"https:\/\/collall.nl\/de\/produkte\/"},{"@type":"ListItem","position":3,"name":"Colorall Carvers"}]},{"@type":"WebSite","@id":"https:\/\/collall.nl\/#website","url":"https:\/\/collall.nl\/","name":"Collall","description":"Adhesives &amp; Paints since 1949","publisher":{"@id":"https:\/\/collall.nl\/#organization"},"potentialAction":[{"@type":"SearchAction","target":{"@type":"EntryPoint","urlTemplate":"https:\/\/collall.nl\/?s={search_term_string}"},"query-input":{"@type":"PropertyValueSpecification","valueRequired":true,"valueName":"search_term_string"}}],"inLanguage":"de"},{"@type":"Organization","@id":"https:\/\/collall.nl\/#organization","name":"Collall B.V.","url":"https:\/\/collall.nl\/","logo":{"@type":"ImageObject","inLanguage":"de","@id":"https:\/\/collall.nl\/#\/schema\/logo\/image\/","url":"https:\/\/collall.nl\/wp-content\/uploads\/2022\/08\/Collall-logo-186C_Reflex-blue.jpg","contentUrl":"https:\/\/collall.nl\/wp-content\/uploads\/2022\/08\/Collall-logo-186C_Reflex-blue.jpg","width":1963,"height":1179,"caption":"Collall B.V."},"image":{"@id":"https:\/\/collall.nl\/#\/schema\/logo\/image\/"},"sameAs":["https:\/\/www.facebook.com\/people\/Collall\/100064976852539\/","https:\/\/www.instagram.com\/collall_1949\/","https:\/\/nl.pinterest.com\/CollallBV\/","https:\/\/www.youtube.com\/channel\/UCrCGuwth_udZhTqJSh5g9zg"]}]}},"_links":{"self":[{"href":"https:\/\/collall.nl\/de\/wp-json\/wp\/v2\/product\/13762","targetHints":{"allow":["GET"]}}],"collection":[{"href":"https:\/\/collall.nl\/de\/wp-json\/wp\/v2\/product"}],"about":[{"href":"https:\/\/collall.nl\/de\/wp-json\/wp\/v2\/types\/product"}],"replies":[{"embeddable":true,"href":"https:\/\/collall.nl\/de\/wp-json\/wp\/v2\/comments?post=13762"}],"wp:featuredmedia":[{"embeddable":true,"href":"https:\/\/collall.nl\/de\/wp-json\/wp\/v2\/media\/13751"}],"wp:attachment":[{"href":"https:\/\/collall.nl\/de\/wp-json\/wp\/v2\/media?parent=13762"}],"wp:term":[{"taxonomy":"product_brand","embeddable":true,"href":"https:\/\/collall.nl\/de\/wp-json\/wp\/v2\/product_brand?post=13762"},{"taxonomy":"product_cat","embeddable":true,"href":"https:\/\/collall.nl\/de\/wp-json\/wp\/v2\/product_cat?post=13762"},{"taxonomy":"product_tag","embeddable":true,"href":"https:\/\/collall.nl\/de\/wp-json\/wp\/v2\/product_tag?post=13762"}],"curies":[{"name":"wp","href":"https:\/\/api.w.org\/{rel}","templated":true}]}}