{"id":13668,"date":"2022-03-01T09:40:48","date_gmt":"2022-03-01T09:40:49","guid":{"rendered":"http:\/\/collall.test\/product\/color-me-wackelaugen\/"},"modified":"2025-04-28T13:35:03","modified_gmt":"2025-04-28T11:35:03","slug":"color-me-selbstklebende-wackelaugen","status":"publish","type":"product","link":"https:\/\/collall.nl\/de\/product\/color-me-selbstklebende-wackelaugen\/","title":{"rendered":"Color Me! Selbstklebende Wackelaugen"},"content":{"rendered":"<p class=\"\" data-start=\"35\" data-end=\"152\"><strong data-start=\"35\" data-end=\"152\">Selbstklebende und bewegliche Bastelaugen verleihen jeder Kreation einen ausdrucksstarken und lustigen Charakter!<\/strong><\/p>\n<p class=\"\" data-start=\"154\" data-end=\"538\">Erh\u00e4ltlich in einem Set mit 250 beweglichen Bastelaugen in drei verschiedenen Gr\u00f6\u00dfen. Eine fantastische Erg\u00e4nzung f\u00fcr Bastelprojekte dank ihres ausdrucksstarken Charakters und ihrer benutzerfreundlichen Eigenschaften. Mit selbstklebenden und beweglichen Bastelaugen k\u00f6nnen kreative K\u00f6pfe jeden Alters ihrer Fantasie freien Lauf lassen und lebendige sowie lustige Kreationen gestalten!<\/p>\n<p class=\"\" data-start=\"540\" data-end=\"588\"><strong data-start=\"540\" data-end=\"588\">Inhalt des Sets mit beweglichen Bastelaugen:<\/strong><\/p>\n<ul data-start=\"590\" data-end=\"648\">\n<li class=\"\" data-start=\"590\" data-end=\"608\">\n<p class=\"\" data-start=\"592\" data-end=\"608\">125x klein 10 mm<\/p>\n<\/li>\n<li class=\"\" data-start=\"609\" data-end=\"631\">\n<p class=\"\" data-start=\"611\" data-end=\"631\">75x mittelgro\u00df 15 mm<\/p>\n<\/li>\n<li class=\"\" data-start=\"632\" data-end=\"648\">\n<p class=\"\" data-start=\"634\" data-end=\"648\">50x gro\u00df 20 mm<\/p>\n<\/li>\n<\/ul>\n<p class=\"\" data-start=\"650\" data-end=\"666\"><strong data-start=\"650\" data-end=\"666\">Anwendungen:<\/strong><\/p>\n<ul data-start=\"668\" data-end=\"1550\">\n<li class=\"\" data-start=\"668\" data-end=\"929\">\n<p class=\"\" data-start=\"670\" data-end=\"929\"><strong data-start=\"670\" data-end=\"699\">Bastelprojekte f\u00fcr Kinder<\/strong>: Diese selbstklebenden, beweglichen Bastelaugen sind perfekt f\u00fcr Kinderbastelprojekte geeignet. Kinder k\u00f6nnen sie verwenden, um ihren selbstgemachten Kreationen wie Tieren, Monstern, Puppen und vielem mehr Charakter zu verleihen.<\/p>\n<\/li>\n<li class=\"\" data-start=\"930\" data-end=\"1332\">\n<p class=\"\" data-start=\"932\" data-end=\"1332\"><strong data-start=\"932\" data-end=\"953\">Lebendige Figuren<\/strong>: Bewegliche Bastelaugen k\u00f6nnen auch auf Figuren aus Ton, Salzteig und anderen \u00e4hnlichen Materialien verwendet werden. Sie verleihen diesen Kreationen ein spielerisches und lebendiges Element. Egal, ob Sie eine Zeichnung anfertigen, ein Gem\u00e4lde erstellen oder an anderen Bastelarbeiten arbeiten \u2013 diese Augen bringen Ihre Kreationen zum Leben und sorgen f\u00fcr einen lustigen Touch.<\/p>\n<\/li>\n<li class=\"\" data-start=\"1333\" data-end=\"1550\">\n<p class=\"\" data-start=\"1335\" data-end=\"1550\"><strong data-start=\"1335\" data-end=\"1353\">Vielseitigkeit<\/strong>: Bewegliche Bastelaugen sind vielseitig einsetzbar und haften auf unterschiedlichen Materialien wie Papier, Karton, Stoff, Ton und mehr. Damit sind sie ideal f\u00fcr eine Vielzahl von Bastelprojekten.<\/p>\n<\/li>\n<\/ul>\n<p class=\"\" data-start=\"1552\" data-end=\"1852\"><strong data-start=\"1552\" data-end=\"1575\">Tipps zur Anwendung<\/strong>: Achten Sie darauf, dass die Oberfl\u00e4che, auf der Sie die Bastelaugen anbringen, sauber und trocken ist, um eine gute Haftung zu gew\u00e4hrleisten. Dr\u00fccken Sie sie fest an, damit sie gut halten. Experimentieren Sie mit verschiedenen Gr\u00f6\u00dfen, um unterschiedliche Effekte zu erzielen.<\/p>\n<p class=\"\" data-start=\"1854\" data-end=\"2022\"><strong data-start=\"1854\" data-end=\"1870\">Geeignet f\u00fcr<\/strong>: Kinder ab 3 Jahren k\u00f6nnen Freude am Basteln mit beweglichen Bastelaugen haben, allerdings sollten sie stets unter Aufsicht eines Erwachsenen arbeiten.<\/p>\n","protected":false},"excerpt":{"rendered":"<p>Selbstklebende und bewegliche Bastelaugen verleihen jeder Kreation einen ausdrucksstarken und lustigen Charakter!<\/p>\n","protected":false},"featured_media":19377,"comment_status":"open","ping_status":"closed","template":"","meta":{"_acf_changed":false},"product_brand":[],"product_cat":[188],"product_tag":[],"class_list":{"0":"post-13668","1":"product","2":"type-product","3":"status-publish","4":"has-post-thumbnail","6":"product_cat-dekorationsmaterial-und-sonstige","8":"first","9":"instock","10":"shipping-taxable","11":"purchasable","12":"product-type-variable"},"acf":[],"yoast_head":"<!-- This site is optimized with the Yoast SEO plugin v27.2 - https:\/\/yoast.com\/product\/yoast-seo-wordpress\/ -->\n<title>Color Me! Selbstklebende Wackelaugen - Collall<\/title>\n<meta name=\"description\" content=\"Color Me! 250 St\u00fcck in 3 Gr\u00f6\u00dfen Selbstklebende Wackelaugen zum Basteln. Machen jede Kreation lebendig und verleihen einen lustigen Charakter.\" \/>\n<meta name=\"robots\" content=\"index, follow, max-snippet:-1, max-image-preview:large, max-video-preview:-1\" \/>\n<link rel=\"canonical\" href=\"https:\/\/collall.nl\/de\/product\/color-me-selbstklebende-wackelaugen\/\" \/>\n<meta property=\"og:locale\" content=\"de_DE\" \/>\n<meta property=\"og:type\" content=\"article\" \/>\n<meta property=\"og:title\" content=\"Color Me! Selbstklebende Wackelaugen - Collall\" \/>\n<meta property=\"og:description\" content=\"Color Me! 250 St\u00fcck in 3 Gr\u00f6\u00dfen Selbstklebende Wackelaugen zum Basteln. Machen jede Kreation lebendig und verleihen einen lustigen Charakter.\" \/>\n<meta property=\"og:url\" content=\"https:\/\/collall.nl\/de\/product\/color-me-selbstklebende-wackelaugen\/\" \/>\n<meta property=\"og:site_name\" content=\"Collall\" \/>\n<meta property=\"article:publisher\" content=\"https:\/\/www.facebook.com\/people\/Collall\/100064976852539\/\" \/>\n<meta property=\"article:modified_time\" content=\"2025-04-28T11:35:03+00:00\" \/>\n<meta property=\"og:image\" content=\"https:\/\/collall.nl\/wp-content\/uploads\/2022\/03\/COLEYES0250.jpg\" \/>\n\t<meta property=\"og:image:width\" content=\"800\" \/>\n\t<meta property=\"og:image:height\" content=\"800\" \/>\n\t<meta property=\"og:image:type\" content=\"image\/jpeg\" \/>\n<meta name=\"twitter:card\" content=\"summary_large_image\" \/>\n<meta name=\"twitter:label1\" content=\"Gesch\u00e4tzte Lesezeit\" \/>\n\t<meta name=\"twitter:data1\" content=\"2\u00a0Minuten\" \/>\n<script type=\"application\/ld+json\" class=\"yoast-schema-graph\">{\"@context\":\"https:\/\/schema.org\",\"@graph\":[{\"@type\":\"WebPage\",\"@id\":\"https:\/\/collall.nl\/de\/product\/color-me-selbstklebende-wackelaugen\/\",\"url\":\"https:\/\/collall.nl\/de\/product\/color-me-selbstklebende-wackelaugen\/\",\"name\":\"Color Me! Selbstklebende Wackelaugen - Collall\",\"isPartOf\":{\"@id\":\"https:\/\/collall.nl\/#website\"},\"primaryImageOfPage\":{\"@id\":\"https:\/\/collall.nl\/de\/product\/color-me-selbstklebende-wackelaugen\/#primaryimage\"},\"image\":{\"@id\":\"https:\/\/collall.nl\/de\/product\/color-me-selbstklebende-wackelaugen\/#primaryimage\"},\"thumbnailUrl\":\"https:\/\/collall.nl\/wp-content\/uploads\/2022\/03\/COLEYES0250.jpg\",\"datePublished\":\"2022-03-01T09:40:49+00:00\",\"dateModified\":\"2025-04-28T11:35:03+00:00\",\"description\":\"Color Me! 250 St\u00fcck in 3 Gr\u00f6\u00dfen Selbstklebende Wackelaugen zum Basteln. Machen jede Kreation lebendig und verleihen einen lustigen Charakter.\",\"breadcrumb\":{\"@id\":\"https:\/\/collall.nl\/de\/product\/color-me-selbstklebende-wackelaugen\/#breadcrumb\"},\"inLanguage\":\"de\",\"potentialAction\":[{\"@type\":\"ReadAction\",\"target\":[\"https:\/\/collall.nl\/de\/product\/color-me-selbstklebende-wackelaugen\/\"]}]},{\"@type\":\"ImageObject\",\"inLanguage\":\"de\",\"@id\":\"https:\/\/collall.nl\/de\/product\/color-me-selbstklebende-wackelaugen\/#primaryimage\",\"url\":\"https:\/\/collall.nl\/wp-content\/uploads\/2022\/03\/COLEYES0250.jpg\",\"contentUrl\":\"https:\/\/collall.nl\/wp-content\/uploads\/2022\/03\/COLEYES0250.jpg\",\"width\":800,\"height\":800},{\"@type\":\"BreadcrumbList\",\"@id\":\"https:\/\/collall.nl\/de\/product\/color-me-selbstklebende-wackelaugen\/#breadcrumb\",\"itemListElement\":[{\"@type\":\"ListItem\",\"position\":1,\"name\":\"Home\",\"item\":\"https:\/\/collall.nl\/de\/hauptseite\/\"},{\"@type\":\"ListItem\",\"position\":2,\"name\":\"Produkte\",\"item\":\"https:\/\/collall.nl\/de\/produkte\/\"},{\"@type\":\"ListItem\",\"position\":3,\"name\":\"Color Me! Selbstklebende Wackelaugen\"}]},{\"@type\":\"WebSite\",\"@id\":\"https:\/\/collall.nl\/#website\",\"url\":\"https:\/\/collall.nl\/\",\"name\":\"Collall\",\"description\":\"Adhesives &amp; Paints since 1949\",\"publisher\":{\"@id\":\"https:\/\/collall.nl\/#organization\"},\"potentialAction\":[{\"@type\":\"SearchAction\",\"target\":{\"@type\":\"EntryPoint\",\"urlTemplate\":\"https:\/\/collall.nl\/?s={search_term_string}\"},\"query-input\":{\"@type\":\"PropertyValueSpecification\",\"valueRequired\":true,\"valueName\":\"search_term_string\"}}],\"inLanguage\":\"de\"},{\"@type\":\"Organization\",\"@id\":\"https:\/\/collall.nl\/#organization\",\"name\":\"Collall B.V.\",\"url\":\"https:\/\/collall.nl\/\",\"logo\":{\"@type\":\"ImageObject\",\"inLanguage\":\"de\",\"@id\":\"https:\/\/collall.nl\/#\/schema\/logo\/image\/\",\"url\":\"https:\/\/collall.nl\/wp-content\/uploads\/2022\/08\/Collall-logo-186C_Reflex-blue.jpg\",\"contentUrl\":\"https:\/\/collall.nl\/wp-content\/uploads\/2022\/08\/Collall-logo-186C_Reflex-blue.jpg\",\"width\":1963,\"height\":1179,\"caption\":\"Collall B.V.\"},\"image\":{\"@id\":\"https:\/\/collall.nl\/#\/schema\/logo\/image\/\"},\"sameAs\":[\"https:\/\/www.facebook.com\/people\/Collall\/100064976852539\/\",\"https:\/\/www.instagram.com\/collall_1949\/\",\"https:\/\/nl.pinterest.com\/CollallBV\/\",\"https:\/\/www.youtube.com\/channel\/UCrCGuwth_udZhTqJSh5g9zg\"]}]}<\/script>\n<!-- \/ Yoast SEO plugin. -->","yoast_head_json":{"title":"Color Me! Selbstklebende Wackelaugen - Collall","description":"Color Me! 250 St\u00fcck in 3 Gr\u00f6\u00dfen Selbstklebende Wackelaugen zum Basteln. Machen jede Kreation lebendig und verleihen einen lustigen Charakter.","robots":{"index":"index","follow":"follow","max-snippet":"max-snippet:-1","max-image-preview":"max-image-preview:large","max-video-preview":"max-video-preview:-1"},"canonical":"https:\/\/collall.nl\/de\/product\/color-me-selbstklebende-wackelaugen\/","og_locale":"de_DE","og_type":"article","og_title":"Color Me! Selbstklebende Wackelaugen - Collall","og_description":"Color Me! 250 St\u00fcck in 3 Gr\u00f6\u00dfen Selbstklebende Wackelaugen zum Basteln. Machen jede Kreation lebendig und verleihen einen lustigen Charakter.","og_url":"https:\/\/collall.nl\/de\/product\/color-me-selbstklebende-wackelaugen\/","og_site_name":"Collall","article_publisher":"https:\/\/www.facebook.com\/people\/Collall\/100064976852539\/","article_modified_time":"2025-04-28T11:35:03+00:00","og_image":[{"width":800,"height":800,"url":"https:\/\/collall.nl\/wp-content\/uploads\/2022\/03\/COLEYES0250.jpg","type":"image\/jpeg"}],"twitter_card":"summary_large_image","twitter_misc":{"Gesch\u00e4tzte Lesezeit":"2\u00a0Minuten"},"schema":{"@context":"https:\/\/schema.org","@graph":[{"@type":"WebPage","@id":"https:\/\/collall.nl\/de\/product\/color-me-selbstklebende-wackelaugen\/","url":"https:\/\/collall.nl\/de\/product\/color-me-selbstklebende-wackelaugen\/","name":"Color Me! Selbstklebende Wackelaugen - Collall","isPartOf":{"@id":"https:\/\/collall.nl\/#website"},"primaryImageOfPage":{"@id":"https:\/\/collall.nl\/de\/product\/color-me-selbstklebende-wackelaugen\/#primaryimage"},"image":{"@id":"https:\/\/collall.nl\/de\/product\/color-me-selbstklebende-wackelaugen\/#primaryimage"},"thumbnailUrl":"https:\/\/collall.nl\/wp-content\/uploads\/2022\/03\/COLEYES0250.jpg","datePublished":"2022-03-01T09:40:49+00:00","dateModified":"2025-04-28T11:35:03+00:00","description":"Color Me! 250 St\u00fcck in 3 Gr\u00f6\u00dfen Selbstklebende Wackelaugen zum Basteln. Machen jede Kreation lebendig und verleihen einen lustigen Charakter.","breadcrumb":{"@id":"https:\/\/collall.nl\/de\/product\/color-me-selbstklebende-wackelaugen\/#breadcrumb"},"inLanguage":"de","potentialAction":[{"@type":"ReadAction","target":["https:\/\/collall.nl\/de\/product\/color-me-selbstklebende-wackelaugen\/"]}]},{"@type":"ImageObject","inLanguage":"de","@id":"https:\/\/collall.nl\/de\/product\/color-me-selbstklebende-wackelaugen\/#primaryimage","url":"https:\/\/collall.nl\/wp-content\/uploads\/2022\/03\/COLEYES0250.jpg","contentUrl":"https:\/\/collall.nl\/wp-content\/uploads\/2022\/03\/COLEYES0250.jpg","width":800,"height":800},{"@type":"BreadcrumbList","@id":"https:\/\/collall.nl\/de\/product\/color-me-selbstklebende-wackelaugen\/#breadcrumb","itemListElement":[{"@type":"ListItem","position":1,"name":"Home","item":"https:\/\/collall.nl\/de\/hauptseite\/"},{"@type":"ListItem","position":2,"name":"Produkte","item":"https:\/\/collall.nl\/de\/produkte\/"},{"@type":"ListItem","position":3,"name":"Color Me! Selbstklebende Wackelaugen"}]},{"@type":"WebSite","@id":"https:\/\/collall.nl\/#website","url":"https:\/\/collall.nl\/","name":"Collall","description":"Adhesives &amp; Paints since 1949","publisher":{"@id":"https:\/\/collall.nl\/#organization"},"potentialAction":[{"@type":"SearchAction","target":{"@type":"EntryPoint","urlTemplate":"https:\/\/collall.nl\/?s={search_term_string}"},"query-input":{"@type":"PropertyValueSpecification","valueRequired":true,"valueName":"search_term_string"}}],"inLanguage":"de"},{"@type":"Organization","@id":"https:\/\/collall.nl\/#organization","name":"Collall B.V.","url":"https:\/\/collall.nl\/","logo":{"@type":"ImageObject","inLanguage":"de","@id":"https:\/\/collall.nl\/#\/schema\/logo\/image\/","url":"https:\/\/collall.nl\/wp-content\/uploads\/2022\/08\/Collall-logo-186C_Reflex-blue.jpg","contentUrl":"https:\/\/collall.nl\/wp-content\/uploads\/2022\/08\/Collall-logo-186C_Reflex-blue.jpg","width":1963,"height":1179,"caption":"Collall B.V."},"image":{"@id":"https:\/\/collall.nl\/#\/schema\/logo\/image\/"},"sameAs":["https:\/\/www.facebook.com\/people\/Collall\/100064976852539\/","https:\/\/www.instagram.com\/collall_1949\/","https:\/\/nl.pinterest.com\/CollallBV\/","https:\/\/www.youtube.com\/channel\/UCrCGuwth_udZhTqJSh5g9zg"]}]}},"_links":{"self":[{"href":"https:\/\/collall.nl\/de\/wp-json\/wp\/v2\/product\/13668","targetHints":{"allow":["GET"]}}],"collection":[{"href":"https:\/\/collall.nl\/de\/wp-json\/wp\/v2\/product"}],"about":[{"href":"https:\/\/collall.nl\/de\/wp-json\/wp\/v2\/types\/product"}],"replies":[{"embeddable":true,"href":"https:\/\/collall.nl\/de\/wp-json\/wp\/v2\/comments?post=13668"}],"wp:featuredmedia":[{"embeddable":true,"href":"https:\/\/collall.nl\/de\/wp-json\/wp\/v2\/media\/19377"}],"wp:attachment":[{"href":"https:\/\/collall.nl\/de\/wp-json\/wp\/v2\/media?parent=13668"}],"wp:term":[{"taxonomy":"product_brand","embeddable":true,"href":"https:\/\/collall.nl\/de\/wp-json\/wp\/v2\/product_brand?post=13668"},{"taxonomy":"product_cat","embeddable":true,"href":"https:\/\/collall.nl\/de\/wp-json\/wp\/v2\/product_cat?post=13668"},{"taxonomy":"product_tag","embeddable":true,"href":"https:\/\/collall.nl\/de\/wp-json\/wp\/v2\/product_tag?post=13668"}],"curies":[{"name":"wp","href":"https:\/\/api.w.org\/{rel}","templated":true}]}}