{"id":13472,"date":"2022-03-01T09:40:09","date_gmt":"2022-03-01T09:40:13","guid":{"rendered":"http:\/\/collall.test\/product\/colorall-flash-glitter-2\/"},"modified":"2024-03-22T08:42:38","modified_gmt":"2024-03-22T07:42:38","slug":"colorall-flash-glitter-2","status":"publish","type":"product","link":"https:\/\/collall.nl\/de\/product\/colorall-flash-glitter-2\/","title":{"rendered":"Colorall Flash Glitter"},"content":{"rendered":"<h6>VOR\u00dcBERGEHEND NICHT VERF\u00dcGBAR<\/h6>\n<p>&nbsp;<\/p>\n<p><span style=\"line-height: 1.6;\">Sehr stark funkelnder, feiner Glitzer in 8 strahlenden Farben. Flash Glitter ist in praktischen Dosierbeh\u00e4ltern.\u00a0<\/span><\/p>\n<p><strong style=\"line-height: 1.6;\">Anwendung und Anwendungsbereiche<\/strong><\/p>\n<p><strong style=\"line-height: 1.6;\">Allgemein:<\/strong><span style=\"line-height: 1.6;\">\u00a0<\/span><\/p>\n<p>Zum Dekorieren verschiedener Gegenst\u00e4nde und Untergr\u00fcnde wie Papierzeichnungen, Speisekarten, Holzleisten, Ballons, u.s.w. Die zu verzierende Fl\u00e4che mit Kleber oder VernisColl bestreichen. Flash Glitter auf den noch feuchten Kleber aufstreuen. Den verzierten Gegenstand so bewegen, dass die noch losen Glitzerteilchen in den Kleber fallen. \u00dcbersch\u00fcssigen Glitzer in den Beh\u00e4lter zur\u00fccksch\u00fctten. Gut trocknen lassen.<\/p>\n<p><span style=\"line-height: 1.6;\"><strong>Tipp:<\/strong> Die getrocknete Glitzerschicht mit einer Schicht <a href=\"http:\/\/collall.nl\/de\/product\/collall-lackleim\/\" target=\"_blank\" rel=\"noopener\">Collall Lackleim<\/a> versehen, sodass der Glitzer \u201ewasserfest\u201c fixiert wird.<\/span><\/p>\n","protected":false},"excerpt":{"rendered":"<h6>VOR\u00dcBERGEHEND NICHT VERF\u00dcGBAR<\/h6>\n","protected":false},"featured_media":19511,"comment_status":"open","ping_status":"closed","template":"","meta":{"_acf_changed":false},"product_brand":[],"product_cat":[188],"product_tag":[],"class_list":{"0":"post-13472","1":"product","2":"type-product","3":"status-publish","4":"has-post-thumbnail","6":"product_cat-dekorationsmaterial-und-sonstige","8":"first","9":"instock","10":"shipping-taxable","11":"purchasable","12":"product-type-variable"},"acf":[],"yoast_head":"<!-- This site is optimized with the Yoast SEO plugin v27.2 - https:\/\/yoast.com\/product\/yoast-seo-wordpress\/ -->\n<title>Colorall Flash Glitter - Collall<\/title>\n<meta name=\"description\" content=\"Sehr stark funkelnder, feiner Glitzer in 8 strahlenden Farben.\" \/>\n<meta name=\"robots\" content=\"index, follow, max-snippet:-1, max-image-preview:large, max-video-preview:-1\" \/>\n<link rel=\"canonical\" href=\"https:\/\/collall.nl\/de\/product\/colorall-flash-glitter-2\/\" \/>\n<meta property=\"og:locale\" content=\"de_DE\" \/>\n<meta property=\"og:type\" content=\"article\" \/>\n<meta property=\"og:title\" content=\"Colorall Flash Glitter - Collall\" \/>\n<meta property=\"og:description\" content=\"Sehr stark funkelnder, feiner Glitzer in 8 strahlenden Farben.\" \/>\n<meta property=\"og:url\" content=\"https:\/\/collall.nl\/de\/product\/colorall-flash-glitter-2\/\" \/>\n<meta property=\"og:site_name\" content=\"Collall\" \/>\n<meta property=\"article:publisher\" content=\"https:\/\/www.facebook.com\/people\/Collall\/100064976852539\/\" \/>\n<meta property=\"article:modified_time\" content=\"2024-03-22T07:42:38+00:00\" \/>\n<meta property=\"og:image\" content=\"https:\/\/collall.nl\/wp-content\/uploads\/2022\/03\/COLFG015080.jpg\" \/>\n\t<meta property=\"og:image:width\" content=\"800\" \/>\n\t<meta property=\"og:image:height\" content=\"800\" \/>\n\t<meta property=\"og:image:type\" content=\"image\/jpeg\" \/>\n<meta name=\"twitter:card\" content=\"summary_large_image\" \/>\n<meta name=\"twitter:label1\" content=\"Gesch\u00e4tzte Lesezeit\" \/>\n\t<meta name=\"twitter:data1\" content=\"1\u00a0Minute\" \/>\n<script type=\"application\/ld+json\" class=\"yoast-schema-graph\">{\"@context\":\"https:\/\/schema.org\",\"@graph\":[{\"@type\":\"WebPage\",\"@id\":\"https:\/\/collall.nl\/de\/product\/colorall-flash-glitter-2\/\",\"url\":\"https:\/\/collall.nl\/de\/product\/colorall-flash-glitter-2\/\",\"name\":\"Colorall Flash Glitter - Collall\",\"isPartOf\":{\"@id\":\"https:\/\/collall.nl\/#website\"},\"primaryImageOfPage\":{\"@id\":\"https:\/\/collall.nl\/de\/product\/colorall-flash-glitter-2\/#primaryimage\"},\"image\":{\"@id\":\"https:\/\/collall.nl\/de\/product\/colorall-flash-glitter-2\/#primaryimage\"},\"thumbnailUrl\":\"https:\/\/collall.nl\/wp-content\/uploads\/2022\/03\/COLFG015080.jpg\",\"datePublished\":\"2022-03-01T09:40:13+00:00\",\"dateModified\":\"2024-03-22T07:42:38+00:00\",\"description\":\"Sehr stark funkelnder, feiner Glitzer in 8 strahlenden Farben.\",\"breadcrumb\":{\"@id\":\"https:\/\/collall.nl\/de\/product\/colorall-flash-glitter-2\/#breadcrumb\"},\"inLanguage\":\"de\",\"potentialAction\":[{\"@type\":\"ReadAction\",\"target\":[\"https:\/\/collall.nl\/de\/product\/colorall-flash-glitter-2\/\"]}]},{\"@type\":\"ImageObject\",\"inLanguage\":\"de\",\"@id\":\"https:\/\/collall.nl\/de\/product\/colorall-flash-glitter-2\/#primaryimage\",\"url\":\"https:\/\/collall.nl\/wp-content\/uploads\/2022\/03\/COLFG015080.jpg\",\"contentUrl\":\"https:\/\/collall.nl\/wp-content\/uploads\/2022\/03\/COLFG015080.jpg\",\"width\":800,\"height\":800},{\"@type\":\"BreadcrumbList\",\"@id\":\"https:\/\/collall.nl\/de\/product\/colorall-flash-glitter-2\/#breadcrumb\",\"itemListElement\":[{\"@type\":\"ListItem\",\"position\":1,\"name\":\"Home\",\"item\":\"https:\/\/collall.nl\/de\/hauptseite\/\"},{\"@type\":\"ListItem\",\"position\":2,\"name\":\"Produkte\",\"item\":\"https:\/\/collall.nl\/de\/produkte\/\"},{\"@type\":\"ListItem\",\"position\":3,\"name\":\"Colorall Flash Glitter\"}]},{\"@type\":\"WebSite\",\"@id\":\"https:\/\/collall.nl\/#website\",\"url\":\"https:\/\/collall.nl\/\",\"name\":\"Collall\",\"description\":\"Adhesives &amp; Paints since 1949\",\"publisher\":{\"@id\":\"https:\/\/collall.nl\/#organization\"},\"potentialAction\":[{\"@type\":\"SearchAction\",\"target\":{\"@type\":\"EntryPoint\",\"urlTemplate\":\"https:\/\/collall.nl\/?s={search_term_string}\"},\"query-input\":{\"@type\":\"PropertyValueSpecification\",\"valueRequired\":true,\"valueName\":\"search_term_string\"}}],\"inLanguage\":\"de\"},{\"@type\":\"Organization\",\"@id\":\"https:\/\/collall.nl\/#organization\",\"name\":\"Collall B.V.\",\"url\":\"https:\/\/collall.nl\/\",\"logo\":{\"@type\":\"ImageObject\",\"inLanguage\":\"de\",\"@id\":\"https:\/\/collall.nl\/#\/schema\/logo\/image\/\",\"url\":\"https:\/\/collall.nl\/wp-content\/uploads\/2022\/08\/Collall-logo-186C_Reflex-blue.jpg\",\"contentUrl\":\"https:\/\/collall.nl\/wp-content\/uploads\/2022\/08\/Collall-logo-186C_Reflex-blue.jpg\",\"width\":1963,\"height\":1179,\"caption\":\"Collall B.V.\"},\"image\":{\"@id\":\"https:\/\/collall.nl\/#\/schema\/logo\/image\/\"},\"sameAs\":[\"https:\/\/www.facebook.com\/people\/Collall\/100064976852539\/\",\"https:\/\/www.instagram.com\/collall_1949\/\",\"https:\/\/nl.pinterest.com\/CollallBV\/\",\"https:\/\/www.youtube.com\/channel\/UCrCGuwth_udZhTqJSh5g9zg\"]}]}<\/script>\n<!-- \/ Yoast SEO plugin. -->","yoast_head_json":{"title":"Colorall Flash Glitter - Collall","description":"Sehr stark funkelnder, feiner Glitzer in 8 strahlenden Farben.","robots":{"index":"index","follow":"follow","max-snippet":"max-snippet:-1","max-image-preview":"max-image-preview:large","max-video-preview":"max-video-preview:-1"},"canonical":"https:\/\/collall.nl\/de\/product\/colorall-flash-glitter-2\/","og_locale":"de_DE","og_type":"article","og_title":"Colorall Flash Glitter - Collall","og_description":"Sehr stark funkelnder, feiner Glitzer in 8 strahlenden Farben.","og_url":"https:\/\/collall.nl\/de\/product\/colorall-flash-glitter-2\/","og_site_name":"Collall","article_publisher":"https:\/\/www.facebook.com\/people\/Collall\/100064976852539\/","article_modified_time":"2024-03-22T07:42:38+00:00","og_image":[{"width":800,"height":800,"url":"https:\/\/collall.nl\/wp-content\/uploads\/2022\/03\/COLFG015080.jpg","type":"image\/jpeg"}],"twitter_card":"summary_large_image","twitter_misc":{"Gesch\u00e4tzte Lesezeit":"1\u00a0Minute"},"schema":{"@context":"https:\/\/schema.org","@graph":[{"@type":"WebPage","@id":"https:\/\/collall.nl\/de\/product\/colorall-flash-glitter-2\/","url":"https:\/\/collall.nl\/de\/product\/colorall-flash-glitter-2\/","name":"Colorall Flash Glitter - Collall","isPartOf":{"@id":"https:\/\/collall.nl\/#website"},"primaryImageOfPage":{"@id":"https:\/\/collall.nl\/de\/product\/colorall-flash-glitter-2\/#primaryimage"},"image":{"@id":"https:\/\/collall.nl\/de\/product\/colorall-flash-glitter-2\/#primaryimage"},"thumbnailUrl":"https:\/\/collall.nl\/wp-content\/uploads\/2022\/03\/COLFG015080.jpg","datePublished":"2022-03-01T09:40:13+00:00","dateModified":"2024-03-22T07:42:38+00:00","description":"Sehr stark funkelnder, feiner Glitzer in 8 strahlenden Farben.","breadcrumb":{"@id":"https:\/\/collall.nl\/de\/product\/colorall-flash-glitter-2\/#breadcrumb"},"inLanguage":"de","potentialAction":[{"@type":"ReadAction","target":["https:\/\/collall.nl\/de\/product\/colorall-flash-glitter-2\/"]}]},{"@type":"ImageObject","inLanguage":"de","@id":"https:\/\/collall.nl\/de\/product\/colorall-flash-glitter-2\/#primaryimage","url":"https:\/\/collall.nl\/wp-content\/uploads\/2022\/03\/COLFG015080.jpg","contentUrl":"https:\/\/collall.nl\/wp-content\/uploads\/2022\/03\/COLFG015080.jpg","width":800,"height":800},{"@type":"BreadcrumbList","@id":"https:\/\/collall.nl\/de\/product\/colorall-flash-glitter-2\/#breadcrumb","itemListElement":[{"@type":"ListItem","position":1,"name":"Home","item":"https:\/\/collall.nl\/de\/hauptseite\/"},{"@type":"ListItem","position":2,"name":"Produkte","item":"https:\/\/collall.nl\/de\/produkte\/"},{"@type":"ListItem","position":3,"name":"Colorall Flash Glitter"}]},{"@type":"WebSite","@id":"https:\/\/collall.nl\/#website","url":"https:\/\/collall.nl\/","name":"Collall","description":"Adhesives &amp; Paints since 1949","publisher":{"@id":"https:\/\/collall.nl\/#organization"},"potentialAction":[{"@type":"SearchAction","target":{"@type":"EntryPoint","urlTemplate":"https:\/\/collall.nl\/?s={search_term_string}"},"query-input":{"@type":"PropertyValueSpecification","valueRequired":true,"valueName":"search_term_string"}}],"inLanguage":"de"},{"@type":"Organization","@id":"https:\/\/collall.nl\/#organization","name":"Collall B.V.","url":"https:\/\/collall.nl\/","logo":{"@type":"ImageObject","inLanguage":"de","@id":"https:\/\/collall.nl\/#\/schema\/logo\/image\/","url":"https:\/\/collall.nl\/wp-content\/uploads\/2022\/08\/Collall-logo-186C_Reflex-blue.jpg","contentUrl":"https:\/\/collall.nl\/wp-content\/uploads\/2022\/08\/Collall-logo-186C_Reflex-blue.jpg","width":1963,"height":1179,"caption":"Collall B.V."},"image":{"@id":"https:\/\/collall.nl\/#\/schema\/logo\/image\/"},"sameAs":["https:\/\/www.facebook.com\/people\/Collall\/100064976852539\/","https:\/\/www.instagram.com\/collall_1949\/","https:\/\/nl.pinterest.com\/CollallBV\/","https:\/\/www.youtube.com\/channel\/UCrCGuwth_udZhTqJSh5g9zg"]}]}},"_links":{"self":[{"href":"https:\/\/collall.nl\/de\/wp-json\/wp\/v2\/product\/13472","targetHints":{"allow":["GET"]}}],"collection":[{"href":"https:\/\/collall.nl\/de\/wp-json\/wp\/v2\/product"}],"about":[{"href":"https:\/\/collall.nl\/de\/wp-json\/wp\/v2\/types\/product"}],"replies":[{"embeddable":true,"href":"https:\/\/collall.nl\/de\/wp-json\/wp\/v2\/comments?post=13472"}],"wp:featuredmedia":[{"embeddable":true,"href":"https:\/\/collall.nl\/de\/wp-json\/wp\/v2\/media\/19511"}],"wp:attachment":[{"href":"https:\/\/collall.nl\/de\/wp-json\/wp\/v2\/media?parent=13472"}],"wp:term":[{"taxonomy":"product_brand","embeddable":true,"href":"https:\/\/collall.nl\/de\/wp-json\/wp\/v2\/product_brand?post=13472"},{"taxonomy":"product_cat","embeddable":true,"href":"https:\/\/collall.nl\/de\/wp-json\/wp\/v2\/product_cat?post=13472"},{"taxonomy":"product_tag","embeddable":true,"href":"https:\/\/collall.nl\/de\/wp-json\/wp\/v2\/product_tag?post=13472"}],"curies":[{"name":"wp","href":"https:\/\/api.w.org\/{rel}","templated":true}]}}