{"id":13356,"date":"2022-03-01T09:39:48","date_gmt":"2022-03-01T09:39:53","guid":{"rendered":"http:\/\/collall.test\/product\/krimpie-permanent-markers\/"},"modified":"2023-07-25T13:53:30","modified_gmt":"2023-07-25T11:53:30","slug":"krimpie-permanent-markers","status":"publish","type":"product","link":"https:\/\/collall.nl\/de\/product\/krimpie-permanent-markers\/","title":{"rendered":"Krimpie Permanent Markers"},"content":{"rendered":"<div>Permanente Markers auf Alkoholbasis, besonders geeignet zum F\u00e4rben auf <a href=\"http:\/\/collall.nl\/de\/product\/krimpie-magic-plastic-2\/\" target=\"_blank\" rel=\"noopener\">Krimpie Magic Plastic<\/a>.<\/div>\n<div><\/div>\n<div>Beim Schrumpfen des Krimpie Magic Plastic werden die Farben dunkler. Die Beschaffenheit der Tinte der Krimpie Marker ist einzigartig. Die Farben bleiben auch nach dem Schrumpfen der Plastikfolie deutlich und leuchtend. Die Stifte sind in einer praktischen, transparenten Box mit Schraubverschluss verpackt. F\u00fcr folgende<\/div>\n<div><\/div>\n<div><strong>Markers auch geeignet f\u00fcr:<\/strong><\/div>\n<div>auf Papier, Textil, glatten Oberfl\u00e4chen, wie Keramik, Kunststoff, Metall und Glas.<\/div>\n<div><\/div>\n<div>\n<p><strong>Tipps zum F\u00e4rben:\u00a0\u00a0<\/strong>Marker auf Alkoholbasis. Zur Verwendung auf Schrumpffolien: die glatte Seite der Folien bemalen. F\u00fcr einen flie\u00dfenden Farb\u00fcbergang, schnell arbeiten, bevor die Tinte trocknet. Wenn die gleiche Stelle zweimal bemalt wird, l\u00f6st sich die erste Farbschicht wieder. Treffen Sie Vorkehrungen um Flecken zu vermeiden.<\/p>\n<p><strong>Nicht auswaschbar!<\/strong><strong style=\"line-height: 1.6;\">\u00a0<\/strong><\/p>\n<\/div>\n<div><strong>Wasserfest<\/strong><\/div>\n<div><\/div>\n<div><iframe loading=\"lazy\" title=\"Collall Kids Glue - Make a card with swimming fish!\" src=\"https:\/\/www.youtube.com\/embed\/A_qMN3KU93g?start=3&amp;feature=oembed\" width=\"1204\" height=\"677\" frameborder=\"0\" allowfullscreen=\"allowfullscreen\"><\/iframe><\/div>\n","protected":false},"excerpt":{"rendered":"<p>Permanentmarkers auf Alkoholbasis.<\/p>\n<p><a href=\"https:\/\/www.youtube.com\/watch?v=k6tn-9Og4RU\" target=\"_blank\" rel=\"noopener\"><img loading=\"lazy\" decoding=\"async\" class=\"alignnone size-medium wp-image-24149\" src=\"http:\/\/collall.nl\/wp-content\/uploads\/2022\/03\/COLKP_Krimpie-Permanent-Markers-300x200.jpg\" alt=\"\" width=\"300\" height=\"200\" srcset=\"https:\/\/collall.nl\/wp-content\/uploads\/2022\/03\/COLKP_Krimpie-Permanent-Markers-300x200.jpg 300w, https:\/\/collall.nl\/wp-content\/uploads\/2022\/03\/COLKP_Krimpie-Permanent-Markers-1024x683.jpg 1024w, https:\/\/collall.nl\/wp-content\/uploads\/2022\/03\/COLKP_Krimpie-Permanent-Markers-768x512.jpg 768w, https:\/\/collall.nl\/wp-content\/uploads\/2022\/03\/COLKP_Krimpie-Permanent-Markers-354x236.jpg 354w, https:\/\/collall.nl\/wp-content\/uploads\/2022\/03\/COLKP_Krimpie-Permanent-Markers-600x400.jpg 600w, https:\/\/collall.nl\/wp-content\/uploads\/2022\/03\/COLKP_Krimpie-Permanent-Markers.jpg 1500w\" sizes=\"auto, (max-width: 300px) 100vw, 300px\" \/><\/a><\/p>\n<p><em>YouTube video<\/em><\/p>\n","protected":false},"featured_media":19562,"comment_status":"open","ping_status":"closed","template":"","meta":{"_acf_changed":false},"product_brand":[],"product_cat":[188],"product_tag":[],"class_list":{"0":"post-13356","1":"product","2":"type-product","3":"status-publish","4":"has-post-thumbnail","6":"product_cat-dekorationsmaterial-und-sonstige","8":"first","9":"instock","10":"shipping-taxable","11":"purchasable","12":"product-type-variable"},"acf":[],"yoast_head":"<!-- This site is optimized with the Yoast SEO plugin v27.2 - https:\/\/yoast.com\/product\/yoast-seo-wordpress\/ -->\n<title>Krimpie Permanent Markers - Collall<\/title>\n<meta name=\"robots\" content=\"index, follow, max-snippet:-1, max-image-preview:large, max-video-preview:-1\" \/>\n<link rel=\"canonical\" href=\"https:\/\/collall.nl\/de\/product\/krimpie-permanent-markers\/\" \/>\n<meta property=\"og:locale\" content=\"de_DE\" \/>\n<meta property=\"og:type\" content=\"article\" \/>\n<meta property=\"og:title\" content=\"Krimpie Permanent Markers - Collall\" \/>\n<meta property=\"og:description\" content=\"Permanentmarkers auf Alkoholbasis.    YouTube video\" \/>\n<meta property=\"og:url\" content=\"https:\/\/collall.nl\/de\/product\/krimpie-permanent-markers\/\" \/>\n<meta property=\"og:site_name\" content=\"Collall\" \/>\n<meta property=\"article:publisher\" content=\"https:\/\/www.facebook.com\/people\/Collall\/100064976852539\/\" \/>\n<meta property=\"article:modified_time\" content=\"2023-07-25T11:53:30+00:00\" \/>\n<meta property=\"og:image\" content=\"https:\/\/collall.nl\/wp-content\/uploads\/2022\/03\/COLPTS90.jpg\" \/>\n\t<meta property=\"og:image:width\" content=\"800\" \/>\n\t<meta property=\"og:image:height\" content=\"800\" \/>\n\t<meta property=\"og:image:type\" content=\"image\/jpeg\" \/>\n<meta name=\"twitter:card\" content=\"summary_large_image\" \/>\n<meta name=\"twitter:label1\" content=\"Gesch\u00e4tzte Lesezeit\" \/>\n\t<meta name=\"twitter:data1\" content=\"1\u00a0Minute\" \/>\n<script type=\"application\/ld+json\" class=\"yoast-schema-graph\">{\"@context\":\"https:\/\/schema.org\",\"@graph\":[{\"@type\":\"WebPage\",\"@id\":\"https:\/\/collall.nl\/de\/product\/krimpie-permanent-markers\/\",\"url\":\"https:\/\/collall.nl\/de\/product\/krimpie-permanent-markers\/\",\"name\":\"Krimpie Permanent Markers - Collall\",\"isPartOf\":{\"@id\":\"https:\/\/collall.nl\/#website\"},\"primaryImageOfPage\":{\"@id\":\"https:\/\/collall.nl\/de\/product\/krimpie-permanent-markers\/#primaryimage\"},\"image\":{\"@id\":\"https:\/\/collall.nl\/de\/product\/krimpie-permanent-markers\/#primaryimage\"},\"thumbnailUrl\":\"https:\/\/collall.nl\/wp-content\/uploads\/2022\/03\/COLPTS90.jpg\",\"datePublished\":\"2022-03-01T09:39:53+00:00\",\"dateModified\":\"2023-07-25T11:53:30+00:00\",\"breadcrumb\":{\"@id\":\"https:\/\/collall.nl\/de\/product\/krimpie-permanent-markers\/#breadcrumb\"},\"inLanguage\":\"de\",\"potentialAction\":[{\"@type\":\"ReadAction\",\"target\":[\"https:\/\/collall.nl\/de\/product\/krimpie-permanent-markers\/\"]}]},{\"@type\":\"ImageObject\",\"inLanguage\":\"de\",\"@id\":\"https:\/\/collall.nl\/de\/product\/krimpie-permanent-markers\/#primaryimage\",\"url\":\"https:\/\/collall.nl\/wp-content\/uploads\/2022\/03\/COLPTS90.jpg\",\"contentUrl\":\"https:\/\/collall.nl\/wp-content\/uploads\/2022\/03\/COLPTS90.jpg\",\"width\":800,\"height\":800},{\"@type\":\"BreadcrumbList\",\"@id\":\"https:\/\/collall.nl\/de\/product\/krimpie-permanent-markers\/#breadcrumb\",\"itemListElement\":[{\"@type\":\"ListItem\",\"position\":1,\"name\":\"Home\",\"item\":\"https:\/\/collall.nl\/de\/hauptseite\/\"},{\"@type\":\"ListItem\",\"position\":2,\"name\":\"Produkte\",\"item\":\"https:\/\/collall.nl\/de\/produkte\/\"},{\"@type\":\"ListItem\",\"position\":3,\"name\":\"Krimpie Permanent Markers\"}]},{\"@type\":\"WebSite\",\"@id\":\"https:\/\/collall.nl\/#website\",\"url\":\"https:\/\/collall.nl\/\",\"name\":\"Collall\",\"description\":\"Adhesives &amp; Paints since 1949\",\"publisher\":{\"@id\":\"https:\/\/collall.nl\/#organization\"},\"potentialAction\":[{\"@type\":\"SearchAction\",\"target\":{\"@type\":\"EntryPoint\",\"urlTemplate\":\"https:\/\/collall.nl\/?s={search_term_string}\"},\"query-input\":{\"@type\":\"PropertyValueSpecification\",\"valueRequired\":true,\"valueName\":\"search_term_string\"}}],\"inLanguage\":\"de\"},{\"@type\":\"Organization\",\"@id\":\"https:\/\/collall.nl\/#organization\",\"name\":\"Collall B.V.\",\"url\":\"https:\/\/collall.nl\/\",\"logo\":{\"@type\":\"ImageObject\",\"inLanguage\":\"de\",\"@id\":\"https:\/\/collall.nl\/#\/schema\/logo\/image\/\",\"url\":\"https:\/\/collall.nl\/wp-content\/uploads\/2022\/08\/Collall-logo-186C_Reflex-blue.jpg\",\"contentUrl\":\"https:\/\/collall.nl\/wp-content\/uploads\/2022\/08\/Collall-logo-186C_Reflex-blue.jpg\",\"width\":1963,\"height\":1179,\"caption\":\"Collall B.V.\"},\"image\":{\"@id\":\"https:\/\/collall.nl\/#\/schema\/logo\/image\/\"},\"sameAs\":[\"https:\/\/www.facebook.com\/people\/Collall\/100064976852539\/\",\"https:\/\/www.instagram.com\/collall_1949\/\",\"https:\/\/nl.pinterest.com\/CollallBV\/\",\"https:\/\/www.youtube.com\/channel\/UCrCGuwth_udZhTqJSh5g9zg\"]}]}<\/script>\n<!-- \/ Yoast SEO plugin. -->","yoast_head_json":{"title":"Krimpie Permanent Markers - Collall","robots":{"index":"index","follow":"follow","max-snippet":"max-snippet:-1","max-image-preview":"max-image-preview:large","max-video-preview":"max-video-preview:-1"},"canonical":"https:\/\/collall.nl\/de\/product\/krimpie-permanent-markers\/","og_locale":"de_DE","og_type":"article","og_title":"Krimpie Permanent Markers - Collall","og_description":"Permanentmarkers auf Alkoholbasis.    YouTube video","og_url":"https:\/\/collall.nl\/de\/product\/krimpie-permanent-markers\/","og_site_name":"Collall","article_publisher":"https:\/\/www.facebook.com\/people\/Collall\/100064976852539\/","article_modified_time":"2023-07-25T11:53:30+00:00","og_image":[{"width":800,"height":800,"url":"https:\/\/collall.nl\/wp-content\/uploads\/2022\/03\/COLPTS90.jpg","type":"image\/jpeg"}],"twitter_card":"summary_large_image","twitter_misc":{"Gesch\u00e4tzte Lesezeit":"1\u00a0Minute"},"schema":{"@context":"https:\/\/schema.org","@graph":[{"@type":"WebPage","@id":"https:\/\/collall.nl\/de\/product\/krimpie-permanent-markers\/","url":"https:\/\/collall.nl\/de\/product\/krimpie-permanent-markers\/","name":"Krimpie Permanent Markers - Collall","isPartOf":{"@id":"https:\/\/collall.nl\/#website"},"primaryImageOfPage":{"@id":"https:\/\/collall.nl\/de\/product\/krimpie-permanent-markers\/#primaryimage"},"image":{"@id":"https:\/\/collall.nl\/de\/product\/krimpie-permanent-markers\/#primaryimage"},"thumbnailUrl":"https:\/\/collall.nl\/wp-content\/uploads\/2022\/03\/COLPTS90.jpg","datePublished":"2022-03-01T09:39:53+00:00","dateModified":"2023-07-25T11:53:30+00:00","breadcrumb":{"@id":"https:\/\/collall.nl\/de\/product\/krimpie-permanent-markers\/#breadcrumb"},"inLanguage":"de","potentialAction":[{"@type":"ReadAction","target":["https:\/\/collall.nl\/de\/product\/krimpie-permanent-markers\/"]}]},{"@type":"ImageObject","inLanguage":"de","@id":"https:\/\/collall.nl\/de\/product\/krimpie-permanent-markers\/#primaryimage","url":"https:\/\/collall.nl\/wp-content\/uploads\/2022\/03\/COLPTS90.jpg","contentUrl":"https:\/\/collall.nl\/wp-content\/uploads\/2022\/03\/COLPTS90.jpg","width":800,"height":800},{"@type":"BreadcrumbList","@id":"https:\/\/collall.nl\/de\/product\/krimpie-permanent-markers\/#breadcrumb","itemListElement":[{"@type":"ListItem","position":1,"name":"Home","item":"https:\/\/collall.nl\/de\/hauptseite\/"},{"@type":"ListItem","position":2,"name":"Produkte","item":"https:\/\/collall.nl\/de\/produkte\/"},{"@type":"ListItem","position":3,"name":"Krimpie Permanent Markers"}]},{"@type":"WebSite","@id":"https:\/\/collall.nl\/#website","url":"https:\/\/collall.nl\/","name":"Collall","description":"Adhesives &amp; Paints since 1949","publisher":{"@id":"https:\/\/collall.nl\/#organization"},"potentialAction":[{"@type":"SearchAction","target":{"@type":"EntryPoint","urlTemplate":"https:\/\/collall.nl\/?s={search_term_string}"},"query-input":{"@type":"PropertyValueSpecification","valueRequired":true,"valueName":"search_term_string"}}],"inLanguage":"de"},{"@type":"Organization","@id":"https:\/\/collall.nl\/#organization","name":"Collall B.V.","url":"https:\/\/collall.nl\/","logo":{"@type":"ImageObject","inLanguage":"de","@id":"https:\/\/collall.nl\/#\/schema\/logo\/image\/","url":"https:\/\/collall.nl\/wp-content\/uploads\/2022\/08\/Collall-logo-186C_Reflex-blue.jpg","contentUrl":"https:\/\/collall.nl\/wp-content\/uploads\/2022\/08\/Collall-logo-186C_Reflex-blue.jpg","width":1963,"height":1179,"caption":"Collall B.V."},"image":{"@id":"https:\/\/collall.nl\/#\/schema\/logo\/image\/"},"sameAs":["https:\/\/www.facebook.com\/people\/Collall\/100064976852539\/","https:\/\/www.instagram.com\/collall_1949\/","https:\/\/nl.pinterest.com\/CollallBV\/","https:\/\/www.youtube.com\/channel\/UCrCGuwth_udZhTqJSh5g9zg"]}]}},"_links":{"self":[{"href":"https:\/\/collall.nl\/de\/wp-json\/wp\/v2\/product\/13356","targetHints":{"allow":["GET"]}}],"collection":[{"href":"https:\/\/collall.nl\/de\/wp-json\/wp\/v2\/product"}],"about":[{"href":"https:\/\/collall.nl\/de\/wp-json\/wp\/v2\/types\/product"}],"replies":[{"embeddable":true,"href":"https:\/\/collall.nl\/de\/wp-json\/wp\/v2\/comments?post=13356"}],"wp:featuredmedia":[{"embeddable":true,"href":"https:\/\/collall.nl\/de\/wp-json\/wp\/v2\/media\/19562"}],"wp:attachment":[{"href":"https:\/\/collall.nl\/de\/wp-json\/wp\/v2\/media?parent=13356"}],"wp:term":[{"taxonomy":"product_brand","embeddable":true,"href":"https:\/\/collall.nl\/de\/wp-json\/wp\/v2\/product_brand?post=13356"},{"taxonomy":"product_cat","embeddable":true,"href":"https:\/\/collall.nl\/de\/wp-json\/wp\/v2\/product_cat?post=13356"},{"taxonomy":"product_tag","embeddable":true,"href":"https:\/\/collall.nl\/de\/wp-json\/wp\/v2\/product_tag?post=13356"}],"curies":[{"name":"wp","href":"https:\/\/api.w.org\/{rel}","templated":true}]}}