{"id":13304,"date":"2022-03-01T09:39:40","date_gmt":"2022-03-01T09:39:43","guid":{"rendered":"http:\/\/collall.test\/product\/krimpie-magic-plastic-2\/"},"modified":"2024-10-29T14:57:24","modified_gmt":"2024-10-29T13:57:24","slug":"krimpie-magic-plastic-2","status":"publish","type":"product","link":"https:\/\/collall.nl\/de\/product\/krimpie-magic-plastic-2\/","title":{"rendered":"Krimpie Magic Plastic"},"content":{"rendered":"<p>Mache eine Zeichnung oder pause eine Abbildung auf Krimpie durch und male sie aus, vorzugsweise mit Krimpie Markern. Schneide die Abbildung aus und mache, wenn das\u00a0Ergebnis als Schl\u00fcsselanh\u00e4nger oder Schmuck verwendet wird,\u00a0mit einem Locher vorher ein Loch. Bitte einen Erwachsenen darum die Abbildung auf einem St\u00fcck Alufolie in einen auf\u00a0175\u00b0C vorgeheizten Ofen zu legen. Durch die W\u00e4rme biegt sich die Abbildung und wird danach wieder flach. Lass sie direkt unter einem schweren Gegenstand, z.B. Buch, abk\u00fchlen, bis sie hart ist.<\/p>\n<p><strong>Deine Abbildung ist jetzt 3-mal kleiner und 9-mal dicker!<\/strong><\/p>\n<blockquote><p><strong>Schneiden Sie die Schrumpffolie sorgf\u00e4ltig in einer gleichm\u00e4\u00dfigen Bewegung, um ein Spalten und Rei\u00dfen zu vermeiden, insbesondere bei scharfen Ecken. Verwenden Sie eine Schere in der passenden Gr\u00f6\u00dfe.<\/strong><\/p><\/blockquote>\n<p>Erh\u00e4ltig in Transparent, Frosted, Wei\u00df<\/p>\n<ul>\n<li style=\"line-height: 20.8px;\">4 Folien Set<\/li>\n<li style=\"line-height: 20.8px;\">25 Folien in einem &#8222;School Pack&#8220;<\/li>\n<li style=\"line-height: 20.8px;\">900\/ 1000 Folien im Karton<\/li>\n<\/ul>\n<p><strong>TIPP: <\/strong>Zum schrumpfen Krimpie Magic Plastic, verwenden Sie eine Hei\u00dfluftpistole \/ heat gun.<\/p>\n","protected":false},"excerpt":{"rendered":"<p>Deine Abbildung 3-mal kleiner und 9-mal dicker!<\/p>\n<p><a href=\"https:\/\/www.youtube.com\/watch?v=A_qMN3KU93g\" target=\"_blank\" rel=\"noopener\"><img loading=\"lazy\" decoding=\"async\" class=\"alignnone size-medium wp-image-19204 lazy loaded\" src=\"http:\/\/collall.nl\/wp-content\/uploads\/2022\/03\/thumbnail-swimming-fishes-2-300x169.jpg\" sizes=\"auto, (max-width: 300px) 100vw, 300px\" srcset=\"https:\/\/collall.nl\/wp-content\/uploads\/2022\/03\/thumbnail-swimming-fishes-2-300x169.jpg 300w, https:\/\/collall.nl\/wp-content\/uploads\/2022\/03\/thumbnail-swimming-fishes-2-768x432.jpg 768w, https:\/\/collall.nl\/wp-content\/uploads\/2022\/03\/thumbnail-swimming-fishes-2-420x236.jpg 420w, https:\/\/collall.nl\/wp-content\/uploads\/2022\/03\/thumbnail-swimming-fishes-2-600x337.jpg 600w, https:\/\/collall.nl\/wp-content\/uploads\/2022\/03\/thumbnail-swimming-fishes-2.jpg 850w\" alt=\"\" width=\"300\" height=\"169\" data-src=\"http:\/\/collall.nl\/wp-content\/uploads\/2022\/03\/thumbnail-swimming-fishes-2-300x169.jpg\" data-srcset=\"https:\/\/collall.nl\/wp-content\/uploads\/2022\/03\/thumbnail-swimming-fishes-2-300x169.jpg 300w, https:\/\/collall.nl\/wp-content\/uploads\/2022\/03\/thumbnail-swimming-fishes-2-768x432.jpg 768w, https:\/\/collall.nl\/wp-content\/uploads\/2022\/03\/thumbnail-swimming-fishes-2-420x236.jpg 420w, https:\/\/collall.nl\/wp-content\/uploads\/2022\/03\/thumbnail-swimming-fishes-2-600x337.jpg 600w, https:\/\/collall.nl\/wp-content\/uploads\/2022\/03\/thumbnail-swimming-fishes-2.jpg 850w\" data-sizes=\"(max-width: 300px) 100vw, 300px\" data-was-processed=\"true\" \/><\/a><\/p>\n<p><em>YouTube video<\/em><\/p>\n","protected":false},"featured_media":19566,"comment_status":"open","ping_status":"closed","template":"","meta":{"_acf_changed":false},"product_brand":[],"product_cat":[188],"product_tag":[],"class_list":{"0":"post-13304","1":"product","2":"type-product","3":"status-publish","4":"has-post-thumbnail","6":"product_cat-dekorationsmaterial-und-sonstige","8":"first","9":"instock","10":"shipping-taxable","11":"purchasable","12":"product-type-variable"},"acf":[],"yoast_head":"<!-- This site is optimized with the Yoast SEO plugin v27.2 - https:\/\/yoast.com\/product\/yoast-seo-wordpress\/ -->\n<title>Krimpie Magic Plastic - Collall<\/title>\n<meta name=\"description\" content=\"Krimpie Magic Plastic, Mache eine Zeichnung oder pause eine Abbildung auf Krimpie durch und male sie aus, vorzugsweise mit Krimpie Markern.\" \/>\n<meta name=\"robots\" content=\"index, follow, max-snippet:-1, max-image-preview:large, max-video-preview:-1\" \/>\n<link rel=\"canonical\" href=\"https:\/\/collall.nl\/de\/product\/krimpie-magic-plastic-2\/\" \/>\n<meta property=\"og:locale\" content=\"de_DE\" \/>\n<meta property=\"og:type\" content=\"article\" \/>\n<meta property=\"og:title\" content=\"Krimpie Magic Plastic - Collall\" \/>\n<meta property=\"og:description\" content=\"Krimpie Magic Plastic, Mache eine Zeichnung oder pause eine Abbildung auf Krimpie durch und male sie aus, vorzugsweise mit Krimpie Markern.\" \/>\n<meta property=\"og:url\" content=\"https:\/\/collall.nl\/de\/product\/krimpie-magic-plastic-2\/\" \/>\n<meta property=\"og:site_name\" content=\"Collall\" \/>\n<meta property=\"article:publisher\" content=\"https:\/\/www.facebook.com\/people\/Collall\/100064976852539\/\" \/>\n<meta property=\"article:modified_time\" content=\"2024-10-29T13:57:24+00:00\" \/>\n<meta property=\"og:image\" content=\"https:\/\/collall.nl\/wp-content\/uploads\/2022\/03\/COLKPTRSET.jpg\" \/>\n\t<meta property=\"og:image:width\" content=\"800\" \/>\n\t<meta property=\"og:image:height\" content=\"800\" \/>\n\t<meta property=\"og:image:type\" content=\"image\/jpeg\" \/>\n<meta name=\"twitter:card\" content=\"summary_large_image\" \/>\n<meta name=\"twitter:label1\" content=\"Gesch\u00e4tzte Lesezeit\" \/>\n\t<meta name=\"twitter:data1\" content=\"1\u00a0Minute\" \/>\n<script type=\"application\/ld+json\" class=\"yoast-schema-graph\">{\"@context\":\"https:\/\/schema.org\",\"@graph\":[{\"@type\":\"WebPage\",\"@id\":\"https:\/\/collall.nl\/de\/product\/krimpie-magic-plastic-2\/\",\"url\":\"https:\/\/collall.nl\/de\/product\/krimpie-magic-plastic-2\/\",\"name\":\"Krimpie Magic Plastic - Collall\",\"isPartOf\":{\"@id\":\"https:\/\/collall.nl\/#website\"},\"primaryImageOfPage\":{\"@id\":\"https:\/\/collall.nl\/de\/product\/krimpie-magic-plastic-2\/#primaryimage\"},\"image\":{\"@id\":\"https:\/\/collall.nl\/de\/product\/krimpie-magic-plastic-2\/#primaryimage\"},\"thumbnailUrl\":\"https:\/\/collall.nl\/wp-content\/uploads\/2022\/03\/COLKPTRSET.jpg\",\"datePublished\":\"2022-03-01T09:39:43+00:00\",\"dateModified\":\"2024-10-29T13:57:24+00:00\",\"description\":\"Krimpie Magic Plastic, Mache eine Zeichnung oder pause eine Abbildung auf Krimpie durch und male sie aus, vorzugsweise mit Krimpie Markern.\",\"breadcrumb\":{\"@id\":\"https:\/\/collall.nl\/de\/product\/krimpie-magic-plastic-2\/#breadcrumb\"},\"inLanguage\":\"de\",\"potentialAction\":[{\"@type\":\"ReadAction\",\"target\":[\"https:\/\/collall.nl\/de\/product\/krimpie-magic-plastic-2\/\"]}]},{\"@type\":\"ImageObject\",\"inLanguage\":\"de\",\"@id\":\"https:\/\/collall.nl\/de\/product\/krimpie-magic-plastic-2\/#primaryimage\",\"url\":\"https:\/\/collall.nl\/wp-content\/uploads\/2022\/03\/COLKPTRSET.jpg\",\"contentUrl\":\"https:\/\/collall.nl\/wp-content\/uploads\/2022\/03\/COLKPTRSET.jpg\",\"width\":800,\"height\":800},{\"@type\":\"BreadcrumbList\",\"@id\":\"https:\/\/collall.nl\/de\/product\/krimpie-magic-plastic-2\/#breadcrumb\",\"itemListElement\":[{\"@type\":\"ListItem\",\"position\":1,\"name\":\"Home\",\"item\":\"https:\/\/collall.nl\/de\/hauptseite\/\"},{\"@type\":\"ListItem\",\"position\":2,\"name\":\"Produkte\",\"item\":\"https:\/\/collall.nl\/de\/produkte\/\"},{\"@type\":\"ListItem\",\"position\":3,\"name\":\"Krimpie Magic Plastic\"}]},{\"@type\":\"WebSite\",\"@id\":\"https:\/\/collall.nl\/#website\",\"url\":\"https:\/\/collall.nl\/\",\"name\":\"Collall\",\"description\":\"Adhesives &amp; Paints since 1949\",\"publisher\":{\"@id\":\"https:\/\/collall.nl\/#organization\"},\"potentialAction\":[{\"@type\":\"SearchAction\",\"target\":{\"@type\":\"EntryPoint\",\"urlTemplate\":\"https:\/\/collall.nl\/?s={search_term_string}\"},\"query-input\":{\"@type\":\"PropertyValueSpecification\",\"valueRequired\":true,\"valueName\":\"search_term_string\"}}],\"inLanguage\":\"de\"},{\"@type\":\"Organization\",\"@id\":\"https:\/\/collall.nl\/#organization\",\"name\":\"Collall B.V.\",\"url\":\"https:\/\/collall.nl\/\",\"logo\":{\"@type\":\"ImageObject\",\"inLanguage\":\"de\",\"@id\":\"https:\/\/collall.nl\/#\/schema\/logo\/image\/\",\"url\":\"https:\/\/collall.nl\/wp-content\/uploads\/2022\/08\/Collall-logo-186C_Reflex-blue.jpg\",\"contentUrl\":\"https:\/\/collall.nl\/wp-content\/uploads\/2022\/08\/Collall-logo-186C_Reflex-blue.jpg\",\"width\":1963,\"height\":1179,\"caption\":\"Collall B.V.\"},\"image\":{\"@id\":\"https:\/\/collall.nl\/#\/schema\/logo\/image\/\"},\"sameAs\":[\"https:\/\/www.facebook.com\/people\/Collall\/100064976852539\/\",\"https:\/\/www.instagram.com\/collall_1949\/\",\"https:\/\/nl.pinterest.com\/CollallBV\/\",\"https:\/\/www.youtube.com\/channel\/UCrCGuwth_udZhTqJSh5g9zg\"]}]}<\/script>\n<!-- \/ Yoast SEO plugin. -->","yoast_head_json":{"title":"Krimpie Magic Plastic - Collall","description":"Krimpie Magic Plastic, Mache eine Zeichnung oder pause eine Abbildung auf Krimpie durch und male sie aus, vorzugsweise mit Krimpie Markern.","robots":{"index":"index","follow":"follow","max-snippet":"max-snippet:-1","max-image-preview":"max-image-preview:large","max-video-preview":"max-video-preview:-1"},"canonical":"https:\/\/collall.nl\/de\/product\/krimpie-magic-plastic-2\/","og_locale":"de_DE","og_type":"article","og_title":"Krimpie Magic Plastic - Collall","og_description":"Krimpie Magic Plastic, Mache eine Zeichnung oder pause eine Abbildung auf Krimpie durch und male sie aus, vorzugsweise mit Krimpie Markern.","og_url":"https:\/\/collall.nl\/de\/product\/krimpie-magic-plastic-2\/","og_site_name":"Collall","article_publisher":"https:\/\/www.facebook.com\/people\/Collall\/100064976852539\/","article_modified_time":"2024-10-29T13:57:24+00:00","og_image":[{"width":800,"height":800,"url":"https:\/\/collall.nl\/wp-content\/uploads\/2022\/03\/COLKPTRSET.jpg","type":"image\/jpeg"}],"twitter_card":"summary_large_image","twitter_misc":{"Gesch\u00e4tzte Lesezeit":"1\u00a0Minute"},"schema":{"@context":"https:\/\/schema.org","@graph":[{"@type":"WebPage","@id":"https:\/\/collall.nl\/de\/product\/krimpie-magic-plastic-2\/","url":"https:\/\/collall.nl\/de\/product\/krimpie-magic-plastic-2\/","name":"Krimpie Magic Plastic - Collall","isPartOf":{"@id":"https:\/\/collall.nl\/#website"},"primaryImageOfPage":{"@id":"https:\/\/collall.nl\/de\/product\/krimpie-magic-plastic-2\/#primaryimage"},"image":{"@id":"https:\/\/collall.nl\/de\/product\/krimpie-magic-plastic-2\/#primaryimage"},"thumbnailUrl":"https:\/\/collall.nl\/wp-content\/uploads\/2022\/03\/COLKPTRSET.jpg","datePublished":"2022-03-01T09:39:43+00:00","dateModified":"2024-10-29T13:57:24+00:00","description":"Krimpie Magic Plastic, Mache eine Zeichnung oder pause eine Abbildung auf Krimpie durch und male sie aus, vorzugsweise mit Krimpie Markern.","breadcrumb":{"@id":"https:\/\/collall.nl\/de\/product\/krimpie-magic-plastic-2\/#breadcrumb"},"inLanguage":"de","potentialAction":[{"@type":"ReadAction","target":["https:\/\/collall.nl\/de\/product\/krimpie-magic-plastic-2\/"]}]},{"@type":"ImageObject","inLanguage":"de","@id":"https:\/\/collall.nl\/de\/product\/krimpie-magic-plastic-2\/#primaryimage","url":"https:\/\/collall.nl\/wp-content\/uploads\/2022\/03\/COLKPTRSET.jpg","contentUrl":"https:\/\/collall.nl\/wp-content\/uploads\/2022\/03\/COLKPTRSET.jpg","width":800,"height":800},{"@type":"BreadcrumbList","@id":"https:\/\/collall.nl\/de\/product\/krimpie-magic-plastic-2\/#breadcrumb","itemListElement":[{"@type":"ListItem","position":1,"name":"Home","item":"https:\/\/collall.nl\/de\/hauptseite\/"},{"@type":"ListItem","position":2,"name":"Produkte","item":"https:\/\/collall.nl\/de\/produkte\/"},{"@type":"ListItem","position":3,"name":"Krimpie Magic Plastic"}]},{"@type":"WebSite","@id":"https:\/\/collall.nl\/#website","url":"https:\/\/collall.nl\/","name":"Collall","description":"Adhesives &amp; Paints since 1949","publisher":{"@id":"https:\/\/collall.nl\/#organization"},"potentialAction":[{"@type":"SearchAction","target":{"@type":"EntryPoint","urlTemplate":"https:\/\/collall.nl\/?s={search_term_string}"},"query-input":{"@type":"PropertyValueSpecification","valueRequired":true,"valueName":"search_term_string"}}],"inLanguage":"de"},{"@type":"Organization","@id":"https:\/\/collall.nl\/#organization","name":"Collall B.V.","url":"https:\/\/collall.nl\/","logo":{"@type":"ImageObject","inLanguage":"de","@id":"https:\/\/collall.nl\/#\/schema\/logo\/image\/","url":"https:\/\/collall.nl\/wp-content\/uploads\/2022\/08\/Collall-logo-186C_Reflex-blue.jpg","contentUrl":"https:\/\/collall.nl\/wp-content\/uploads\/2022\/08\/Collall-logo-186C_Reflex-blue.jpg","width":1963,"height":1179,"caption":"Collall B.V."},"image":{"@id":"https:\/\/collall.nl\/#\/schema\/logo\/image\/"},"sameAs":["https:\/\/www.facebook.com\/people\/Collall\/100064976852539\/","https:\/\/www.instagram.com\/collall_1949\/","https:\/\/nl.pinterest.com\/CollallBV\/","https:\/\/www.youtube.com\/channel\/UCrCGuwth_udZhTqJSh5g9zg"]}]}},"_links":{"self":[{"href":"https:\/\/collall.nl\/de\/wp-json\/wp\/v2\/product\/13304","targetHints":{"allow":["GET"]}}],"collection":[{"href":"https:\/\/collall.nl\/de\/wp-json\/wp\/v2\/product"}],"about":[{"href":"https:\/\/collall.nl\/de\/wp-json\/wp\/v2\/types\/product"}],"replies":[{"embeddable":true,"href":"https:\/\/collall.nl\/de\/wp-json\/wp\/v2\/comments?post=13304"}],"wp:featuredmedia":[{"embeddable":true,"href":"https:\/\/collall.nl\/de\/wp-json\/wp\/v2\/media\/19566"}],"wp:attachment":[{"href":"https:\/\/collall.nl\/de\/wp-json\/wp\/v2\/media?parent=13304"}],"wp:term":[{"taxonomy":"product_brand","embeddable":true,"href":"https:\/\/collall.nl\/de\/wp-json\/wp\/v2\/product_brand?post=13304"},{"taxonomy":"product_cat","embeddable":true,"href":"https:\/\/collall.nl\/de\/wp-json\/wp\/v2\/product_cat?post=13304"},{"taxonomy":"product_tag","embeddable":true,"href":"https:\/\/collall.nl\/de\/wp-json\/wp\/v2\/product_tag?post=13304"}],"curies":[{"name":"wp","href":"https:\/\/api.w.org\/{rel}","templated":true}]}}