{"id":13232,"date":"2022-03-01T09:39:23","date_gmt":"2022-03-01T09:39:25","guid":{"rendered":"http:\/\/collall.test\/product\/aquatint-zubehor\/"},"modified":"2023-08-14T12:06:29","modified_gmt":"2023-08-14T10:06:29","slug":"aquatint-zubehor","status":"publish","type":"product","link":"https:\/\/collall.nl\/de\/product\/aquatint-zubehor\/","title":{"rendered":"AquaTint Zubeh\u00f6r"},"content":{"rendered":"<p class=\"p1\"><b>AquaTint Zubeh\u00f6r<\/b><\/p>\n<p class=\"p1\">Sie k\u00f6nnen AquaTint auf viele verschiedene Arten verwenden: mit einem Pinsel, einer Pipette, einem Strohhalm, einer Spr\u00fchflasche, einem Spritzsieb, einem nachf\u00fcllbaren Tintenpinsel, Punktmarkern, Wachsmalstiften usw. Verwenden Sie dieses Zubeh\u00f6r zusammen mit unseren AquaTint-Produkten f\u00fcr endlose kreative M\u00f6glichkeiten.<\/p>\n<p><strong>AquaTint Filterpapier<\/strong><\/p>\n<p>Hochwertiges Filterpapier A4 mit hervorragenden Absorptionseigenschaften. Ideal geeignet f\u00fcr die Verwendung mit AquaTint fl\u00fcssiger Aquarellfarbe, mit feiner Struktur f\u00fcr flie\u00dfende Farb\u00fcberg\u00e4nge.<\/p>\n<p class=\"p1\"><b>AquaTint Spr\u00fchflasche<\/b><\/p>\n<p class=\"p1\">F\u00fcllen Sie die Flasche mit AquaTint und bespr\u00fchen Sie Papier oder Gegenst\u00e4nde, um \u00fcberraschende Effekte zu erzielen.<\/p>\n<p class=\"p1\"><b>Collall Spritzsieb<\/b><\/p>\n<p class=\"p1\">Stabiles rotes Spritzsieb, das mit einer Zahnb\u00fcrste verwendet wird. Tauchen Sie die Zahnb\u00fcrste in das AquaTint und streichen Sie damit \u00fcber das Spritzsieb. Die L\u00f6cher im Sieb sorgen f\u00fcr eine gleichm\u00e4\u00dfige Verteilung des AquaTint.<\/p>\n<p class=\"p1\"><b>Collall Nachf\u00fcllbarer Tintenpinsel <\/b><\/p>\n<p class=\"p1\">Dieser praktische nachf\u00fcllbare Pinsel kann entweder mit AquaTint gef\u00fcllt oder als Wasserpinsel verwendet werden.<\/p>\n<p class=\"p1\"><b>Collall-Pipette<\/b><\/p>\n<p class=\"p1\">Pipette f\u00fcr die genaue Dosierung von AquaTint. Sie h\u00e4lt die AquaTint-Flasche sauber und kann f\u00fcr die Tropfmalerei auf Papier verwendet werden.<\/p>\n<p><strong>Techniken mit AquaTint:<\/strong> <a href=\"https:\/\/collall.nl\/wp-content\/uploads\/2022\/03\/COLAA-folder-A6-4Z-staand-202308.pdf\" target=\"_blank\" rel=\"noopener\">Collall AquaTint folder<\/a><\/p>\n<p><img loading=\"lazy\" decoding=\"async\" class=\"alignnone wp-image-25899\" src=\"https:\/\/collall.nl\/wp-content\/uploads\/2022\/03\/Collall-COLAQ-folder-202308-2-300x200.jpg\" alt=\"Collall-COLAQ-folder-202308\" width=\"614\" height=\"409\" srcset=\"https:\/\/collall.nl\/wp-content\/uploads\/2022\/03\/Collall-COLAQ-folder-202308-2-300x200.jpg 300w, https:\/\/collall.nl\/wp-content\/uploads\/2022\/03\/Collall-COLAQ-folder-202308-2-1024x683.jpg 1024w, https:\/\/collall.nl\/wp-content\/uploads\/2022\/03\/Collall-COLAQ-folder-202308-2-768x512.jpg 768w, https:\/\/collall.nl\/wp-content\/uploads\/2022\/03\/Collall-COLAQ-folder-202308-2-354x236.jpg 354w, https:\/\/collall.nl\/wp-content\/uploads\/2022\/03\/Collall-COLAQ-folder-202308-2-600x400.jpg 600w, https:\/\/collall.nl\/wp-content\/uploads\/2022\/03\/Collall-COLAQ-folder-202308-2.jpg 1500w\" sizes=\"auto, (max-width: 614px) 100vw, 614px\" \/><\/p>\n","protected":false},"excerpt":{"rendered":"<p>AquaTint Zubeh\u00f6r<\/p>\n","protected":false},"featured_media":19220,"comment_status":"open","ping_status":"closed","template":"","meta":{"_acf_changed":false},"product_brand":[],"product_cat":[184],"product_tag":[],"class_list":{"0":"post-13232","1":"product","2":"type-product","3":"status-publish","4":"has-post-thumbnail","6":"product_cat-aquatint-und-tusche","8":"first","9":"instock","10":"shipping-taxable","11":"purchasable","12":"product-type-variable"},"acf":[],"yoast_head":"<!-- This site is optimized with the Yoast SEO plugin v27.2 - https:\/\/yoast.com\/product\/yoast-seo-wordpress\/ -->\n<title>AquaTint Zubeh\u00f6r - Collall<\/title>\n<meta name=\"robots\" content=\"index, follow, max-snippet:-1, max-image-preview:large, max-video-preview:-1\" \/>\n<link rel=\"canonical\" href=\"https:\/\/collall.nl\/de\/product\/aquatint-zubehor\/\" \/>\n<meta property=\"og:locale\" content=\"de_DE\" \/>\n<meta property=\"og:type\" content=\"article\" \/>\n<meta property=\"og:title\" content=\"AquaTint Zubeh\u00f6r - Collall\" \/>\n<meta property=\"og:description\" content=\"AquaTint Zubeh\u00f6r\" \/>\n<meta property=\"og:url\" content=\"https:\/\/collall.nl\/de\/product\/aquatint-zubehor\/\" \/>\n<meta property=\"og:site_name\" content=\"Collall\" \/>\n<meta property=\"article:publisher\" content=\"https:\/\/www.facebook.com\/people\/Collall\/100064976852539\/\" \/>\n<meta property=\"article:modified_time\" content=\"2023-08-14T10:06:29+00:00\" \/>\n<meta property=\"og:image\" content=\"https:\/\/collall.nl\/wp-content\/uploads\/2022\/03\/COLAQ-AquaTint-accessoires.jpg\" \/>\n\t<meta property=\"og:image:width\" content=\"800\" \/>\n\t<meta property=\"og:image:height\" content=\"800\" \/>\n\t<meta property=\"og:image:type\" content=\"image\/jpeg\" \/>\n<meta name=\"twitter:card\" content=\"summary_large_image\" \/>\n<meta name=\"twitter:label1\" content=\"Gesch\u00e4tzte Lesezeit\" \/>\n\t<meta name=\"twitter:data1\" content=\"1\u00a0Minute\" \/>\n<script type=\"application\/ld+json\" class=\"yoast-schema-graph\">{\"@context\":\"https:\/\/schema.org\",\"@graph\":[{\"@type\":\"WebPage\",\"@id\":\"https:\/\/collall.nl\/de\/product\/aquatint-zubehor\/\",\"url\":\"https:\/\/collall.nl\/de\/product\/aquatint-zubehor\/\",\"name\":\"AquaTint Zubeh\u00f6r - Collall\",\"isPartOf\":{\"@id\":\"https:\/\/collall.nl\/#website\"},\"primaryImageOfPage\":{\"@id\":\"https:\/\/collall.nl\/de\/product\/aquatint-zubehor\/#primaryimage\"},\"image\":{\"@id\":\"https:\/\/collall.nl\/de\/product\/aquatint-zubehor\/#primaryimage\"},\"thumbnailUrl\":\"https:\/\/collall.nl\/wp-content\/uploads\/2022\/03\/COLAQ-AquaTint-accessoires.jpg\",\"datePublished\":\"2022-03-01T09:39:25+00:00\",\"dateModified\":\"2023-08-14T10:06:29+00:00\",\"breadcrumb\":{\"@id\":\"https:\/\/collall.nl\/de\/product\/aquatint-zubehor\/#breadcrumb\"},\"inLanguage\":\"de\",\"potentialAction\":[{\"@type\":\"ReadAction\",\"target\":[\"https:\/\/collall.nl\/de\/product\/aquatint-zubehor\/\"]}]},{\"@type\":\"ImageObject\",\"inLanguage\":\"de\",\"@id\":\"https:\/\/collall.nl\/de\/product\/aquatint-zubehor\/#primaryimage\",\"url\":\"https:\/\/collall.nl\/wp-content\/uploads\/2022\/03\/COLAQ-AquaTint-accessoires.jpg\",\"contentUrl\":\"https:\/\/collall.nl\/wp-content\/uploads\/2022\/03\/COLAQ-AquaTint-accessoires.jpg\",\"width\":800,\"height\":800},{\"@type\":\"BreadcrumbList\",\"@id\":\"https:\/\/collall.nl\/de\/product\/aquatint-zubehor\/#breadcrumb\",\"itemListElement\":[{\"@type\":\"ListItem\",\"position\":1,\"name\":\"Home\",\"item\":\"https:\/\/collall.nl\/de\/hauptseite\/\"},{\"@type\":\"ListItem\",\"position\":2,\"name\":\"Produkte\",\"item\":\"https:\/\/collall.nl\/de\/produkte\/\"},{\"@type\":\"ListItem\",\"position\":3,\"name\":\"AquaTint Zubeh\u00f6r\"}]},{\"@type\":\"WebSite\",\"@id\":\"https:\/\/collall.nl\/#website\",\"url\":\"https:\/\/collall.nl\/\",\"name\":\"Collall\",\"description\":\"Adhesives &amp; Paints since 1949\",\"publisher\":{\"@id\":\"https:\/\/collall.nl\/#organization\"},\"potentialAction\":[{\"@type\":\"SearchAction\",\"target\":{\"@type\":\"EntryPoint\",\"urlTemplate\":\"https:\/\/collall.nl\/?s={search_term_string}\"},\"query-input\":{\"@type\":\"PropertyValueSpecification\",\"valueRequired\":true,\"valueName\":\"search_term_string\"}}],\"inLanguage\":\"de\"},{\"@type\":\"Organization\",\"@id\":\"https:\/\/collall.nl\/#organization\",\"name\":\"Collall B.V.\",\"url\":\"https:\/\/collall.nl\/\",\"logo\":{\"@type\":\"ImageObject\",\"inLanguage\":\"de\",\"@id\":\"https:\/\/collall.nl\/#\/schema\/logo\/image\/\",\"url\":\"https:\/\/collall.nl\/wp-content\/uploads\/2022\/08\/Collall-logo-186C_Reflex-blue.jpg\",\"contentUrl\":\"https:\/\/collall.nl\/wp-content\/uploads\/2022\/08\/Collall-logo-186C_Reflex-blue.jpg\",\"width\":1963,\"height\":1179,\"caption\":\"Collall B.V.\"},\"image\":{\"@id\":\"https:\/\/collall.nl\/#\/schema\/logo\/image\/\"},\"sameAs\":[\"https:\/\/www.facebook.com\/people\/Collall\/100064976852539\/\",\"https:\/\/www.instagram.com\/collall_1949\/\",\"https:\/\/nl.pinterest.com\/CollallBV\/\",\"https:\/\/www.youtube.com\/channel\/UCrCGuwth_udZhTqJSh5g9zg\"]}]}<\/script>\n<!-- \/ Yoast SEO plugin. -->","yoast_head_json":{"title":"AquaTint Zubeh\u00f6r - Collall","robots":{"index":"index","follow":"follow","max-snippet":"max-snippet:-1","max-image-preview":"max-image-preview:large","max-video-preview":"max-video-preview:-1"},"canonical":"https:\/\/collall.nl\/de\/product\/aquatint-zubehor\/","og_locale":"de_DE","og_type":"article","og_title":"AquaTint Zubeh\u00f6r - Collall","og_description":"AquaTint Zubeh\u00f6r","og_url":"https:\/\/collall.nl\/de\/product\/aquatint-zubehor\/","og_site_name":"Collall","article_publisher":"https:\/\/www.facebook.com\/people\/Collall\/100064976852539\/","article_modified_time":"2023-08-14T10:06:29+00:00","og_image":[{"width":800,"height":800,"url":"https:\/\/collall.nl\/wp-content\/uploads\/2022\/03\/COLAQ-AquaTint-accessoires.jpg","type":"image\/jpeg"}],"twitter_card":"summary_large_image","twitter_misc":{"Gesch\u00e4tzte Lesezeit":"1\u00a0Minute"},"schema":{"@context":"https:\/\/schema.org","@graph":[{"@type":"WebPage","@id":"https:\/\/collall.nl\/de\/product\/aquatint-zubehor\/","url":"https:\/\/collall.nl\/de\/product\/aquatint-zubehor\/","name":"AquaTint Zubeh\u00f6r - Collall","isPartOf":{"@id":"https:\/\/collall.nl\/#website"},"primaryImageOfPage":{"@id":"https:\/\/collall.nl\/de\/product\/aquatint-zubehor\/#primaryimage"},"image":{"@id":"https:\/\/collall.nl\/de\/product\/aquatint-zubehor\/#primaryimage"},"thumbnailUrl":"https:\/\/collall.nl\/wp-content\/uploads\/2022\/03\/COLAQ-AquaTint-accessoires.jpg","datePublished":"2022-03-01T09:39:25+00:00","dateModified":"2023-08-14T10:06:29+00:00","breadcrumb":{"@id":"https:\/\/collall.nl\/de\/product\/aquatint-zubehor\/#breadcrumb"},"inLanguage":"de","potentialAction":[{"@type":"ReadAction","target":["https:\/\/collall.nl\/de\/product\/aquatint-zubehor\/"]}]},{"@type":"ImageObject","inLanguage":"de","@id":"https:\/\/collall.nl\/de\/product\/aquatint-zubehor\/#primaryimage","url":"https:\/\/collall.nl\/wp-content\/uploads\/2022\/03\/COLAQ-AquaTint-accessoires.jpg","contentUrl":"https:\/\/collall.nl\/wp-content\/uploads\/2022\/03\/COLAQ-AquaTint-accessoires.jpg","width":800,"height":800},{"@type":"BreadcrumbList","@id":"https:\/\/collall.nl\/de\/product\/aquatint-zubehor\/#breadcrumb","itemListElement":[{"@type":"ListItem","position":1,"name":"Home","item":"https:\/\/collall.nl\/de\/hauptseite\/"},{"@type":"ListItem","position":2,"name":"Produkte","item":"https:\/\/collall.nl\/de\/produkte\/"},{"@type":"ListItem","position":3,"name":"AquaTint Zubeh\u00f6r"}]},{"@type":"WebSite","@id":"https:\/\/collall.nl\/#website","url":"https:\/\/collall.nl\/","name":"Collall","description":"Adhesives &amp; Paints since 1949","publisher":{"@id":"https:\/\/collall.nl\/#organization"},"potentialAction":[{"@type":"SearchAction","target":{"@type":"EntryPoint","urlTemplate":"https:\/\/collall.nl\/?s={search_term_string}"},"query-input":{"@type":"PropertyValueSpecification","valueRequired":true,"valueName":"search_term_string"}}],"inLanguage":"de"},{"@type":"Organization","@id":"https:\/\/collall.nl\/#organization","name":"Collall B.V.","url":"https:\/\/collall.nl\/","logo":{"@type":"ImageObject","inLanguage":"de","@id":"https:\/\/collall.nl\/#\/schema\/logo\/image\/","url":"https:\/\/collall.nl\/wp-content\/uploads\/2022\/08\/Collall-logo-186C_Reflex-blue.jpg","contentUrl":"https:\/\/collall.nl\/wp-content\/uploads\/2022\/08\/Collall-logo-186C_Reflex-blue.jpg","width":1963,"height":1179,"caption":"Collall B.V."},"image":{"@id":"https:\/\/collall.nl\/#\/schema\/logo\/image\/"},"sameAs":["https:\/\/www.facebook.com\/people\/Collall\/100064976852539\/","https:\/\/www.instagram.com\/collall_1949\/","https:\/\/nl.pinterest.com\/CollallBV\/","https:\/\/www.youtube.com\/channel\/UCrCGuwth_udZhTqJSh5g9zg"]}]}},"_links":{"self":[{"href":"https:\/\/collall.nl\/de\/wp-json\/wp\/v2\/product\/13232","targetHints":{"allow":["GET"]}}],"collection":[{"href":"https:\/\/collall.nl\/de\/wp-json\/wp\/v2\/product"}],"about":[{"href":"https:\/\/collall.nl\/de\/wp-json\/wp\/v2\/types\/product"}],"replies":[{"embeddable":true,"href":"https:\/\/collall.nl\/de\/wp-json\/wp\/v2\/comments?post=13232"}],"wp:featuredmedia":[{"embeddable":true,"href":"https:\/\/collall.nl\/de\/wp-json\/wp\/v2\/media\/19220"}],"wp:attachment":[{"href":"https:\/\/collall.nl\/de\/wp-json\/wp\/v2\/media?parent=13232"}],"wp:term":[{"taxonomy":"product_brand","embeddable":true,"href":"https:\/\/collall.nl\/de\/wp-json\/wp\/v2\/product_brand?post=13232"},{"taxonomy":"product_cat","embeddable":true,"href":"https:\/\/collall.nl\/de\/wp-json\/wp\/v2\/product_cat?post=13232"},{"taxonomy":"product_tag","embeddable":true,"href":"https:\/\/collall.nl\/de\/wp-json\/wp\/v2\/product_tag?post=13232"}],"curies":[{"name":"wp","href":"https:\/\/api.w.org\/{rel}","templated":true}]}}