{"id":12804,"date":"2022-03-01T09:36:51","date_gmt":"2022-03-01T09:37:28","guid":{"rendered":"http:\/\/collall.test\/product\/aquatint-2\/"},"modified":"2023-08-14T11:38:31","modified_gmt":"2023-08-14T09:38:31","slug":"aquatint-2","status":"publish","type":"product","link":"https:\/\/collall.nl\/de\/product\/aquatint-2\/","title":{"rendered":"AquaTint"},"content":{"rendered":"<p>AquaTint ist ein stark konzentrierte fl\u00fcssige Wasserfarbe mit hochwertigen Farbpigmenten.<\/p>\n<p><strong>Aussehen:<\/strong><\/p>\n<ul>\n<li>\u00a0stark konzentrierte klare\u00a0wasserd\u00fcnne Fl\u00fcssigkeit<\/li>\n<li>\u00a0praktisch geruchlos<\/li>\n<\/ul>\n<p><strong>L\u00f6sungsmittel<\/strong>: Wasser<\/p>\n<p><strong>Hauptinhaltsstoff:<\/strong> Dextrin<\/p>\n<p><strong>CE:<\/strong> ja<\/p>\n<p><strong>Anwendung:<\/strong> F\u00e4rbt Papier, Filterpapier, Zell-stofft\u00fccher, Pappe (Eierschachteln), Holz und andere absorbierende Materialien (Watteb\u00e4usche\/ -scheibchen). AquaTint kann mit vielen verschiedenen Techniken angewendet werden: Pinsel, Tropfpipette, Strohhalmpusten, mit einer Zahnb\u00fcrste durch einen sogenannten \u2018Spritzrahmen\u2019, Spr\u00fchflasche, Refill-Brush, Wachsmalkreide usw.<\/p>\n<ul>\n<li>Sie\u00a0k\u00f6nnen alle\u00a0verschiedenen Farbt\u00f6ne\u00a0miteinander\u00a0vermischen<\/li>\n<li>Erstelle einen sch\u00f6nen Metallic-Look mit dem AquaTint Gold und Silber.<\/li>\n<li>Erstelle weiche Pastellfarben durch Farben mit Wei\u00df zu vermischen.<\/li>\n<\/ul>\n<p><strong>Allergene:<\/strong> Enth\u00e4lt CMIT \/ MIT. Kann allergische Reaktionen hervorrufen.<\/p>\n<p><strong>Geeignet f\u00fcr:<\/strong> Kinder ab 3 Jahren. Enth\u00e4lt bittere Substanz. Warnung! Enth\u00e4lt ein Konservierungsmittel, das nicht f\u00fcr Kinder unter drei Jahren geeignet ist.<\/p>\n<p><strong>Flecken vermeiden und entfernen:\u00a0<\/strong>Tragen Sie eine Farbsch\u00fcrze. Flecken sofort mit Wasser behandeln. Entfernen Sie hartn\u00e4ckige Flecken, indem Sie das Kleidungsst\u00fcck 10 Stunden lang in Milch einweichen und dann (in der Waschmaschine) waschen.<\/p>\n<p><strong>Hinweis: <\/strong>Die Farben Gold (70) &#8211; Silber (74) &#8211; Wei\u00df (66) vor den Gebrauch gut sch\u00fctteln.<\/p>\n<p>AquaTint fl\u00fcssige Wasserfarbe kann auf viele verschiedene Arten verarbeitet werden. <a href=\"https:\/\/collall.nl\/de\/product\/aquatint-zubehor\/\">Hier<\/a> finden Sie Zubeh\u00f6r f\u00fcr AquaTint.<\/p>\n<p><a href=\"https:\/\/collall.nl\/wp-content\/uploads\/2022\/03\/COLAA-folder-A6-4Z-staand-202308.pdf\">Collall AquaTint folder<\/a><\/p>\n<p><img loading=\"lazy\" decoding=\"async\" class=\"alignnone wp-image-25903\" src=\"https:\/\/collall.nl\/wp-content\/uploads\/2022\/03\/Collall-COLAQ-folder-202308-300x200.jpg\" alt=\"Collall-COLAQ-folder-202308\" width=\"651\" height=\"434\" srcset=\"https:\/\/collall.nl\/wp-content\/uploads\/2022\/03\/Collall-COLAQ-folder-202308-300x200.jpg 300w, https:\/\/collall.nl\/wp-content\/uploads\/2022\/03\/Collall-COLAQ-folder-202308-1024x683.jpg 1024w, https:\/\/collall.nl\/wp-content\/uploads\/2022\/03\/Collall-COLAQ-folder-202308-768x512.jpg 768w, https:\/\/collall.nl\/wp-content\/uploads\/2022\/03\/Collall-COLAQ-folder-202308-354x236.jpg 354w, https:\/\/collall.nl\/wp-content\/uploads\/2022\/03\/Collall-COLAQ-folder-202308-600x400.jpg 600w, https:\/\/collall.nl\/wp-content\/uploads\/2022\/03\/Collall-COLAQ-folder-202308.jpg 1500w\" sizes=\"auto, (max-width: 651px) 100vw, 651px\" \/><\/p>\n<p>&nbsp;<\/p>\n<p>&nbsp;<\/p>\n","protected":false},"excerpt":{"rendered":"<p>Stark konzentrierte fl\u00fcssige Wasserfarbe mit hochwertigen Farbpigmenten<\/p>\n","protected":false},"featured_media":19216,"comment_status":"open","ping_status":"closed","template":"","meta":{"_acf_changed":false},"product_brand":[],"product_cat":[184],"product_tag":[],"class_list":{"0":"post-12804","1":"product","2":"type-product","3":"status-publish","4":"has-post-thumbnail","6":"product_cat-aquatint-und-tusche","8":"first","9":"instock","10":"shipping-taxable","11":"purchasable","12":"product-type-variable","13":"has-default-attributes"},"acf":[],"yoast_head":"<!-- This site is optimized with the Yoast SEO plugin v27.2 - https:\/\/yoast.com\/product\/yoast-seo-wordpress\/ -->\n<title>AquaTint - Collall<\/title>\n<meta name=\"robots\" content=\"index, follow, max-snippet:-1, max-image-preview:large, max-video-preview:-1\" \/>\n<link rel=\"canonical\" href=\"https:\/\/collall.nl\/de\/product\/aquatint-2\/\" \/>\n<meta property=\"og:locale\" content=\"de_DE\" \/>\n<meta property=\"og:type\" content=\"article\" \/>\n<meta property=\"og:title\" content=\"AquaTint - Collall\" \/>\n<meta property=\"og:description\" content=\"Stark konzentrierte fl\u00fcssige Wasserfarbe mit hochwertigen Farbpigmenten\" \/>\n<meta property=\"og:url\" content=\"https:\/\/collall.nl\/de\/product\/aquatint-2\/\" \/>\n<meta property=\"og:site_name\" content=\"Collall\" \/>\n<meta property=\"article:publisher\" content=\"https:\/\/www.facebook.com\/people\/Collall\/100064976852539\/\" \/>\n<meta property=\"article:modified_time\" content=\"2023-08-14T09:38:31+00:00\" \/>\n<meta property=\"og:image\" content=\"https:\/\/collall.nl\/wp-content\/uploads\/2022\/03\/COLAQ005002-2.jpg\" \/>\n\t<meta property=\"og:image:width\" content=\"800\" \/>\n\t<meta property=\"og:image:height\" content=\"800\" \/>\n\t<meta property=\"og:image:type\" content=\"image\/jpeg\" \/>\n<meta name=\"twitter:card\" content=\"summary_large_image\" \/>\n<meta name=\"twitter:label1\" content=\"Gesch\u00e4tzte Lesezeit\" \/>\n\t<meta name=\"twitter:data1\" content=\"2\u00a0Minuten\" \/>\n<script type=\"application\/ld+json\" class=\"yoast-schema-graph\">{\"@context\":\"https:\/\/schema.org\",\"@graph\":[{\"@type\":\"WebPage\",\"@id\":\"https:\/\/collall.nl\/de\/product\/aquatint-2\/\",\"url\":\"https:\/\/collall.nl\/de\/product\/aquatint-2\/\",\"name\":\"AquaTint - Collall\",\"isPartOf\":{\"@id\":\"https:\/\/collall.nl\/#website\"},\"primaryImageOfPage\":{\"@id\":\"https:\/\/collall.nl\/de\/product\/aquatint-2\/#primaryimage\"},\"image\":{\"@id\":\"https:\/\/collall.nl\/de\/product\/aquatint-2\/#primaryimage\"},\"thumbnailUrl\":\"https:\/\/collall.nl\/wp-content\/uploads\/2022\/03\/COLAQ005002-2.jpg\",\"datePublished\":\"2022-03-01T09:37:28+00:00\",\"dateModified\":\"2023-08-14T09:38:31+00:00\",\"breadcrumb\":{\"@id\":\"https:\/\/collall.nl\/de\/product\/aquatint-2\/#breadcrumb\"},\"inLanguage\":\"de\",\"potentialAction\":[{\"@type\":\"ReadAction\",\"target\":[\"https:\/\/collall.nl\/de\/product\/aquatint-2\/\"]}]},{\"@type\":\"ImageObject\",\"inLanguage\":\"de\",\"@id\":\"https:\/\/collall.nl\/de\/product\/aquatint-2\/#primaryimage\",\"url\":\"https:\/\/collall.nl\/wp-content\/uploads\/2022\/03\/COLAQ005002-2.jpg\",\"contentUrl\":\"https:\/\/collall.nl\/wp-content\/uploads\/2022\/03\/COLAQ005002-2.jpg\",\"width\":800,\"height\":800},{\"@type\":\"BreadcrumbList\",\"@id\":\"https:\/\/collall.nl\/de\/product\/aquatint-2\/#breadcrumb\",\"itemListElement\":[{\"@type\":\"ListItem\",\"position\":1,\"name\":\"Home\",\"item\":\"https:\/\/collall.nl\/de\/hauptseite\/\"},{\"@type\":\"ListItem\",\"position\":2,\"name\":\"Produkte\",\"item\":\"https:\/\/collall.nl\/de\/produkte\/\"},{\"@type\":\"ListItem\",\"position\":3,\"name\":\"AquaTint\"}]},{\"@type\":\"WebSite\",\"@id\":\"https:\/\/collall.nl\/#website\",\"url\":\"https:\/\/collall.nl\/\",\"name\":\"Collall\",\"description\":\"Adhesives &amp; Paints since 1949\",\"publisher\":{\"@id\":\"https:\/\/collall.nl\/#organization\"},\"potentialAction\":[{\"@type\":\"SearchAction\",\"target\":{\"@type\":\"EntryPoint\",\"urlTemplate\":\"https:\/\/collall.nl\/?s={search_term_string}\"},\"query-input\":{\"@type\":\"PropertyValueSpecification\",\"valueRequired\":true,\"valueName\":\"search_term_string\"}}],\"inLanguage\":\"de\"},{\"@type\":\"Organization\",\"@id\":\"https:\/\/collall.nl\/#organization\",\"name\":\"Collall B.V.\",\"url\":\"https:\/\/collall.nl\/\",\"logo\":{\"@type\":\"ImageObject\",\"inLanguage\":\"de\",\"@id\":\"https:\/\/collall.nl\/#\/schema\/logo\/image\/\",\"url\":\"https:\/\/collall.nl\/wp-content\/uploads\/2022\/08\/Collall-logo-186C_Reflex-blue.jpg\",\"contentUrl\":\"https:\/\/collall.nl\/wp-content\/uploads\/2022\/08\/Collall-logo-186C_Reflex-blue.jpg\",\"width\":1963,\"height\":1179,\"caption\":\"Collall B.V.\"},\"image\":{\"@id\":\"https:\/\/collall.nl\/#\/schema\/logo\/image\/\"},\"sameAs\":[\"https:\/\/www.facebook.com\/people\/Collall\/100064976852539\/\",\"https:\/\/www.instagram.com\/collall_1949\/\",\"https:\/\/nl.pinterest.com\/CollallBV\/\",\"https:\/\/www.youtube.com\/channel\/UCrCGuwth_udZhTqJSh5g9zg\"]}]}<\/script>\n<!-- \/ Yoast SEO plugin. -->","yoast_head_json":{"title":"AquaTint - Collall","robots":{"index":"index","follow":"follow","max-snippet":"max-snippet:-1","max-image-preview":"max-image-preview:large","max-video-preview":"max-video-preview:-1"},"canonical":"https:\/\/collall.nl\/de\/product\/aquatint-2\/","og_locale":"de_DE","og_type":"article","og_title":"AquaTint - Collall","og_description":"Stark konzentrierte fl\u00fcssige Wasserfarbe mit hochwertigen Farbpigmenten","og_url":"https:\/\/collall.nl\/de\/product\/aquatint-2\/","og_site_name":"Collall","article_publisher":"https:\/\/www.facebook.com\/people\/Collall\/100064976852539\/","article_modified_time":"2023-08-14T09:38:31+00:00","og_image":[{"width":800,"height":800,"url":"https:\/\/collall.nl\/wp-content\/uploads\/2022\/03\/COLAQ005002-2.jpg","type":"image\/jpeg"}],"twitter_card":"summary_large_image","twitter_misc":{"Gesch\u00e4tzte Lesezeit":"2\u00a0Minuten"},"schema":{"@context":"https:\/\/schema.org","@graph":[{"@type":"WebPage","@id":"https:\/\/collall.nl\/de\/product\/aquatint-2\/","url":"https:\/\/collall.nl\/de\/product\/aquatint-2\/","name":"AquaTint - Collall","isPartOf":{"@id":"https:\/\/collall.nl\/#website"},"primaryImageOfPage":{"@id":"https:\/\/collall.nl\/de\/product\/aquatint-2\/#primaryimage"},"image":{"@id":"https:\/\/collall.nl\/de\/product\/aquatint-2\/#primaryimage"},"thumbnailUrl":"https:\/\/collall.nl\/wp-content\/uploads\/2022\/03\/COLAQ005002-2.jpg","datePublished":"2022-03-01T09:37:28+00:00","dateModified":"2023-08-14T09:38:31+00:00","breadcrumb":{"@id":"https:\/\/collall.nl\/de\/product\/aquatint-2\/#breadcrumb"},"inLanguage":"de","potentialAction":[{"@type":"ReadAction","target":["https:\/\/collall.nl\/de\/product\/aquatint-2\/"]}]},{"@type":"ImageObject","inLanguage":"de","@id":"https:\/\/collall.nl\/de\/product\/aquatint-2\/#primaryimage","url":"https:\/\/collall.nl\/wp-content\/uploads\/2022\/03\/COLAQ005002-2.jpg","contentUrl":"https:\/\/collall.nl\/wp-content\/uploads\/2022\/03\/COLAQ005002-2.jpg","width":800,"height":800},{"@type":"BreadcrumbList","@id":"https:\/\/collall.nl\/de\/product\/aquatint-2\/#breadcrumb","itemListElement":[{"@type":"ListItem","position":1,"name":"Home","item":"https:\/\/collall.nl\/de\/hauptseite\/"},{"@type":"ListItem","position":2,"name":"Produkte","item":"https:\/\/collall.nl\/de\/produkte\/"},{"@type":"ListItem","position":3,"name":"AquaTint"}]},{"@type":"WebSite","@id":"https:\/\/collall.nl\/#website","url":"https:\/\/collall.nl\/","name":"Collall","description":"Adhesives &amp; Paints since 1949","publisher":{"@id":"https:\/\/collall.nl\/#organization"},"potentialAction":[{"@type":"SearchAction","target":{"@type":"EntryPoint","urlTemplate":"https:\/\/collall.nl\/?s={search_term_string}"},"query-input":{"@type":"PropertyValueSpecification","valueRequired":true,"valueName":"search_term_string"}}],"inLanguage":"de"},{"@type":"Organization","@id":"https:\/\/collall.nl\/#organization","name":"Collall B.V.","url":"https:\/\/collall.nl\/","logo":{"@type":"ImageObject","inLanguage":"de","@id":"https:\/\/collall.nl\/#\/schema\/logo\/image\/","url":"https:\/\/collall.nl\/wp-content\/uploads\/2022\/08\/Collall-logo-186C_Reflex-blue.jpg","contentUrl":"https:\/\/collall.nl\/wp-content\/uploads\/2022\/08\/Collall-logo-186C_Reflex-blue.jpg","width":1963,"height":1179,"caption":"Collall B.V."},"image":{"@id":"https:\/\/collall.nl\/#\/schema\/logo\/image\/"},"sameAs":["https:\/\/www.facebook.com\/people\/Collall\/100064976852539\/","https:\/\/www.instagram.com\/collall_1949\/","https:\/\/nl.pinterest.com\/CollallBV\/","https:\/\/www.youtube.com\/channel\/UCrCGuwth_udZhTqJSh5g9zg"]}]}},"_links":{"self":[{"href":"https:\/\/collall.nl\/de\/wp-json\/wp\/v2\/product\/12804","targetHints":{"allow":["GET"]}}],"collection":[{"href":"https:\/\/collall.nl\/de\/wp-json\/wp\/v2\/product"}],"about":[{"href":"https:\/\/collall.nl\/de\/wp-json\/wp\/v2\/types\/product"}],"replies":[{"embeddable":true,"href":"https:\/\/collall.nl\/de\/wp-json\/wp\/v2\/comments?post=12804"}],"wp:featuredmedia":[{"embeddable":true,"href":"https:\/\/collall.nl\/de\/wp-json\/wp\/v2\/media\/19216"}],"wp:attachment":[{"href":"https:\/\/collall.nl\/de\/wp-json\/wp\/v2\/media?parent=12804"}],"wp:term":[{"taxonomy":"product_brand","embeddable":true,"href":"https:\/\/collall.nl\/de\/wp-json\/wp\/v2\/product_brand?post=12804"},{"taxonomy":"product_cat","embeddable":true,"href":"https:\/\/collall.nl\/de\/wp-json\/wp\/v2\/product_cat?post=12804"},{"taxonomy":"product_tag","embeddable":true,"href":"https:\/\/collall.nl\/de\/wp-json\/wp\/v2\/product_tag?post=12804"}],"curies":[{"name":"wp","href":"https:\/\/api.w.org\/{rel}","templated":true}]}}