{"id":11670,"date":"2022-03-01T09:28:28","date_gmt":"2022-03-01T09:28:29","guid":{"rendered":"http:\/\/collall.test\/product\/colorall-tafelfarbe\/"},"modified":"2022-10-24T14:43:22","modified_gmt":"2022-10-24T14:43:22","slug":"colorall-tafelfarbe","status":"publish","type":"product","link":"https:\/\/collall.nl\/de\/product\/colorall-tafelfarbe\/","title":{"rendered":"Colorall Tafelfarbe"},"content":{"rendered":"<p>Tafelfarbe acrylic- \/ wasser basis. Hinterl\u00e4sst ein mattes Finish und eine gute Abdeckung. F\u00fcr innen uns \u00e4usser gebraucht. Haftet auf Papier, Pappe, Holz, Glas und Stein. Anbringen (kreuzweise) mit b\u00fcrste oder rolller. Malen Sie bei bedarf 2 schichten. Trocken-Zeit 6 bis max 12 stunden. Verbrauch: 100 ml ist f\u00fcr ca. 1,2 m2 verwendbar.<\/p>\n<p><strong>TIP:<\/strong> Mix und Match Colorall Blackboard Paint mit<\/p>\n<p style=\"line-height: 20.8px;\"><a style=\"line-height: 20.8px;\" href=\"https:\/\/collall.nl\/de\/product\/colorall-magnetic-paint-2\/\" target=\"_blank\" rel=\"noopener\">Colorall Magnetic Paint\u00a0<\/a>\u00a0mit\/ und\u00a0<span style=\"line-height: 20.8px;\">\u00a0<\/span><a href=\"https:\/\/collall.nl\/de\/product\/colorall-paint-marker-2\/\" target=\"_blank\" rel=\"noopener\">Colorall Kreide Markers<\/a><a href=\"https:\/\/www.collall.nl\/de\/produkten\/farbe\/colorall-kreide-marker\" target=\"_blank\" rel=\"noopener\"><span style=\"line-height: 20.8px;\">!<\/span><\/a><\/p>\n<div><\/div>\n","protected":false},"excerpt":{"rendered":"<p>Mattes Finish und sehr gute Abdeckende acrylic Tafelfarbe<\/p>\n","protected":false},"featured_media":6980,"comment_status":"open","ping_status":"closed","template":"","meta":{"_acf_changed":false},"product_brand":[],"product_cat":[180],"product_tag":[],"class_list":{"0":"post-11670","1":"product","2":"type-product","3":"status-publish","4":"has-post-thumbnail","6":"product_cat-farbprodukte","8":"first","9":"instock","10":"shipping-taxable","11":"purchasable","12":"product-type-variable"},"acf":[],"yoast_head":"<!-- This site is optimized with the Yoast SEO plugin v27.2 - https:\/\/yoast.com\/product\/yoast-seo-wordpress\/ -->\n<title>Colorall Tafelfarbe - Collall<\/title>\n<meta name=\"robots\" content=\"index, follow, max-snippet:-1, max-image-preview:large, max-video-preview:-1\" \/>\n<link rel=\"canonical\" href=\"https:\/\/collall.nl\/de\/product\/colorall-tafelfarbe\/\" \/>\n<meta property=\"og:locale\" content=\"de_DE\" \/>\n<meta property=\"og:type\" content=\"article\" \/>\n<meta property=\"og:title\" content=\"Colorall Tafelfarbe - Collall\" \/>\n<meta property=\"og:description\" content=\"Mattes Finish und sehr gute Abdeckende acrylic Tafelfarbe\" \/>\n<meta property=\"og:url\" content=\"https:\/\/collall.nl\/de\/product\/colorall-tafelfarbe\/\" \/>\n<meta property=\"og:site_name\" content=\"Collall\" \/>\n<meta property=\"article:publisher\" content=\"https:\/\/www.facebook.com\/people\/Collall\/100064976852539\/\" \/>\n<meta property=\"article:modified_time\" content=\"2022-10-24T14:43:22+00:00\" \/>\n<meta property=\"og:image\" content=\"http:\/\/collall.nl\/wp-content\/uploads\/2022\/02\/COLSBV25063-black-854x1024.jpg\" \/>\n\t<meta property=\"og:image:width\" content=\"854\" \/>\n\t<meta property=\"og:image:height\" content=\"1024\" \/>\n\t<meta property=\"og:image:type\" content=\"image\/jpeg\" \/>\n<meta name=\"twitter:card\" content=\"summary_large_image\" \/>\n<meta name=\"twitter:label1\" content=\"Gesch\u00e4tzte Lesezeit\" \/>\n\t<meta name=\"twitter:data1\" content=\"1\u00a0Minute\" \/>\n<script type=\"application\/ld+json\" class=\"yoast-schema-graph\">{\"@context\":\"https:\/\/schema.org\",\"@graph\":[{\"@type\":\"WebPage\",\"@id\":\"https:\/\/collall.nl\/de\/product\/colorall-tafelfarbe\/\",\"url\":\"https:\/\/collall.nl\/de\/product\/colorall-tafelfarbe\/\",\"name\":\"Colorall Tafelfarbe - Collall\",\"isPartOf\":{\"@id\":\"https:\/\/collall.nl\/#website\"},\"primaryImageOfPage\":{\"@id\":\"https:\/\/collall.nl\/de\/product\/colorall-tafelfarbe\/#primaryimage\"},\"image\":{\"@id\":\"https:\/\/collall.nl\/de\/product\/colorall-tafelfarbe\/#primaryimage\"},\"thumbnailUrl\":\"https:\/\/collall.nl\/wp-content\/uploads\/2022\/02\/COLSBV25063-black.jpg\",\"datePublished\":\"2022-03-01T09:28:29+00:00\",\"dateModified\":\"2022-10-24T14:43:22+00:00\",\"breadcrumb\":{\"@id\":\"https:\/\/collall.nl\/de\/product\/colorall-tafelfarbe\/#breadcrumb\"},\"inLanguage\":\"de\",\"potentialAction\":[{\"@type\":\"ReadAction\",\"target\":[\"https:\/\/collall.nl\/de\/product\/colorall-tafelfarbe\/\"]}]},{\"@type\":\"ImageObject\",\"inLanguage\":\"de\",\"@id\":\"https:\/\/collall.nl\/de\/product\/colorall-tafelfarbe\/#primaryimage\",\"url\":\"https:\/\/collall.nl\/wp-content\/uploads\/2022\/02\/COLSBV25063-black.jpg\",\"contentUrl\":\"https:\/\/collall.nl\/wp-content\/uploads\/2022\/02\/COLSBV25063-black.jpg\",\"width\":1738,\"height\":2085},{\"@type\":\"BreadcrumbList\",\"@id\":\"https:\/\/collall.nl\/de\/product\/colorall-tafelfarbe\/#breadcrumb\",\"itemListElement\":[{\"@type\":\"ListItem\",\"position\":1,\"name\":\"Home\",\"item\":\"https:\/\/collall.nl\/de\/\"},{\"@type\":\"ListItem\",\"position\":2,\"name\":\"Produkte\",\"item\":\"https:\/\/collall.nl\/de\/produkte\/\"},{\"@type\":\"ListItem\",\"position\":3,\"name\":\"Colorall Tafelfarbe\"}]},{\"@type\":\"WebSite\",\"@id\":\"https:\/\/collall.nl\/#website\",\"url\":\"https:\/\/collall.nl\/\",\"name\":\"Collall\",\"description\":\"Adhesives &amp; Paints since 1949\",\"publisher\":{\"@id\":\"https:\/\/collall.nl\/#organization\"},\"potentialAction\":[{\"@type\":\"SearchAction\",\"target\":{\"@type\":\"EntryPoint\",\"urlTemplate\":\"https:\/\/collall.nl\/?s={search_term_string}\"},\"query-input\":{\"@type\":\"PropertyValueSpecification\",\"valueRequired\":true,\"valueName\":\"search_term_string\"}}],\"inLanguage\":\"de\"},{\"@type\":\"Organization\",\"@id\":\"https:\/\/collall.nl\/#organization\",\"name\":\"Collall B.V.\",\"url\":\"https:\/\/collall.nl\/\",\"logo\":{\"@type\":\"ImageObject\",\"inLanguage\":\"de\",\"@id\":\"https:\/\/collall.nl\/#\/schema\/logo\/image\/\",\"url\":\"https:\/\/collall.nl\/wp-content\/uploads\/2022\/08\/Collall-logo-186C_Reflex-blue.jpg\",\"contentUrl\":\"https:\/\/collall.nl\/wp-content\/uploads\/2022\/08\/Collall-logo-186C_Reflex-blue.jpg\",\"width\":1963,\"height\":1179,\"caption\":\"Collall B.V.\"},\"image\":{\"@id\":\"https:\/\/collall.nl\/#\/schema\/logo\/image\/\"},\"sameAs\":[\"https:\/\/www.facebook.com\/people\/Collall\/100064976852539\/\",\"https:\/\/www.instagram.com\/collall_1949\/\",\"https:\/\/nl.pinterest.com\/CollallBV\/\",\"https:\/\/www.youtube.com\/channel\/UCrCGuwth_udZhTqJSh5g9zg\"]}]}<\/script>\n<!-- \/ Yoast SEO plugin. -->","yoast_head_json":{"title":"Colorall Tafelfarbe - Collall","robots":{"index":"index","follow":"follow","max-snippet":"max-snippet:-1","max-image-preview":"max-image-preview:large","max-video-preview":"max-video-preview:-1"},"canonical":"https:\/\/collall.nl\/de\/product\/colorall-tafelfarbe\/","og_locale":"de_DE","og_type":"article","og_title":"Colorall Tafelfarbe - Collall","og_description":"Mattes Finish und sehr gute Abdeckende acrylic Tafelfarbe","og_url":"https:\/\/collall.nl\/de\/product\/colorall-tafelfarbe\/","og_site_name":"Collall","article_publisher":"https:\/\/www.facebook.com\/people\/Collall\/100064976852539\/","article_modified_time":"2022-10-24T14:43:22+00:00","og_image":[{"width":854,"height":1024,"url":"http:\/\/collall.nl\/wp-content\/uploads\/2022\/02\/COLSBV25063-black-854x1024.jpg","type":"image\/jpeg"}],"twitter_card":"summary_large_image","twitter_misc":{"Gesch\u00e4tzte Lesezeit":"1\u00a0Minute"},"schema":{"@context":"https:\/\/schema.org","@graph":[{"@type":"WebPage","@id":"https:\/\/collall.nl\/de\/product\/colorall-tafelfarbe\/","url":"https:\/\/collall.nl\/de\/product\/colorall-tafelfarbe\/","name":"Colorall Tafelfarbe - Collall","isPartOf":{"@id":"https:\/\/collall.nl\/#website"},"primaryImageOfPage":{"@id":"https:\/\/collall.nl\/de\/product\/colorall-tafelfarbe\/#primaryimage"},"image":{"@id":"https:\/\/collall.nl\/de\/product\/colorall-tafelfarbe\/#primaryimage"},"thumbnailUrl":"https:\/\/collall.nl\/wp-content\/uploads\/2022\/02\/COLSBV25063-black.jpg","datePublished":"2022-03-01T09:28:29+00:00","dateModified":"2022-10-24T14:43:22+00:00","breadcrumb":{"@id":"https:\/\/collall.nl\/de\/product\/colorall-tafelfarbe\/#breadcrumb"},"inLanguage":"de","potentialAction":[{"@type":"ReadAction","target":["https:\/\/collall.nl\/de\/product\/colorall-tafelfarbe\/"]}]},{"@type":"ImageObject","inLanguage":"de","@id":"https:\/\/collall.nl\/de\/product\/colorall-tafelfarbe\/#primaryimage","url":"https:\/\/collall.nl\/wp-content\/uploads\/2022\/02\/COLSBV25063-black.jpg","contentUrl":"https:\/\/collall.nl\/wp-content\/uploads\/2022\/02\/COLSBV25063-black.jpg","width":1738,"height":2085},{"@type":"BreadcrumbList","@id":"https:\/\/collall.nl\/de\/product\/colorall-tafelfarbe\/#breadcrumb","itemListElement":[{"@type":"ListItem","position":1,"name":"Home","item":"https:\/\/collall.nl\/de\/"},{"@type":"ListItem","position":2,"name":"Produkte","item":"https:\/\/collall.nl\/de\/produkte\/"},{"@type":"ListItem","position":3,"name":"Colorall Tafelfarbe"}]},{"@type":"WebSite","@id":"https:\/\/collall.nl\/#website","url":"https:\/\/collall.nl\/","name":"Collall","description":"Adhesives &amp; Paints since 1949","publisher":{"@id":"https:\/\/collall.nl\/#organization"},"potentialAction":[{"@type":"SearchAction","target":{"@type":"EntryPoint","urlTemplate":"https:\/\/collall.nl\/?s={search_term_string}"},"query-input":{"@type":"PropertyValueSpecification","valueRequired":true,"valueName":"search_term_string"}}],"inLanguage":"de"},{"@type":"Organization","@id":"https:\/\/collall.nl\/#organization","name":"Collall B.V.","url":"https:\/\/collall.nl\/","logo":{"@type":"ImageObject","inLanguage":"de","@id":"https:\/\/collall.nl\/#\/schema\/logo\/image\/","url":"https:\/\/collall.nl\/wp-content\/uploads\/2022\/08\/Collall-logo-186C_Reflex-blue.jpg","contentUrl":"https:\/\/collall.nl\/wp-content\/uploads\/2022\/08\/Collall-logo-186C_Reflex-blue.jpg","width":1963,"height":1179,"caption":"Collall B.V."},"image":{"@id":"https:\/\/collall.nl\/#\/schema\/logo\/image\/"},"sameAs":["https:\/\/www.facebook.com\/people\/Collall\/100064976852539\/","https:\/\/www.instagram.com\/collall_1949\/","https:\/\/nl.pinterest.com\/CollallBV\/","https:\/\/www.youtube.com\/channel\/UCrCGuwth_udZhTqJSh5g9zg"]}]}},"_links":{"self":[{"href":"https:\/\/collall.nl\/de\/wp-json\/wp\/v2\/product\/11670","targetHints":{"allow":["GET"]}}],"collection":[{"href":"https:\/\/collall.nl\/de\/wp-json\/wp\/v2\/product"}],"about":[{"href":"https:\/\/collall.nl\/de\/wp-json\/wp\/v2\/types\/product"}],"replies":[{"embeddable":true,"href":"https:\/\/collall.nl\/de\/wp-json\/wp\/v2\/comments?post=11670"}],"wp:featuredmedia":[{"embeddable":true,"href":"https:\/\/collall.nl\/de\/wp-json\/wp\/v2\/media\/6980"}],"wp:attachment":[{"href":"https:\/\/collall.nl\/de\/wp-json\/wp\/v2\/media?parent=11670"}],"wp:term":[{"taxonomy":"product_brand","embeddable":true,"href":"https:\/\/collall.nl\/de\/wp-json\/wp\/v2\/product_brand?post=11670"},{"taxonomy":"product_cat","embeddable":true,"href":"https:\/\/collall.nl\/de\/wp-json\/wp\/v2\/product_cat?post=11670"},{"taxonomy":"product_tag","embeddable":true,"href":"https:\/\/collall.nl\/de\/wp-json\/wp\/v2\/product_tag?post=11670"}],"curies":[{"name":"wp","href":"https:\/\/api.w.org\/{rel}","templated":true}]}}