{"id":11626,"date":"2022-03-01T09:28:19","date_gmt":"2022-03-01T09:28:23","guid":{"rendered":"http:\/\/collall.test\/product\/colorall-kalt-emaille\/"},"modified":"2024-04-15T15:23:38","modified_gmt":"2024-04-15T13:23:38","slug":"colorall-kalt-email","status":"publish","type":"product","link":"https:\/\/collall.nl\/de\/product\/colorall-kalt-email\/","title":{"rendered":"Colorall Kalt Email"},"content":{"rendered":"<div>\n<div>Colorall Kalt Email ergibt eine dekorative Deckschicht, mit der man vielerlei Gegenst\u00e4nden ein emailartiges Aussehen verleihen kann. Colorall Kalt Email kann direkt aus der Flasche verwendet werden. Die Farben laufen nicht ineinander. Kalt Email ergibt ein wundersch\u00f6n gl\u00e4nzendes Endresultat. Benutze zum Ineinanderziehen der Farben einen spitzen Gegenstand, zum Beispiel eine N\u00e4h- oder Stecknadel. Vorsicht bei Flecken, sie lassen sich nicht auswaschen!<\/div>\n<\/div>\n<p>&nbsp;<\/p>\n<p class=\"p1\"><strong>L\u00f6semittel:<\/strong> Wasser<\/p>\n<p class=\"p1\"><strong>Hauptbestandteil:<\/strong> Polyvinylacetat<\/p>\n<p class=\"p1\"><strong>pH:<\/strong> 7,5<\/p>\n<p class=\"p1\"><strong>Dichte:<\/strong> 1,04 g\/cm\u00b3<\/p>\n<p class=\"p1\"><strong>CE:<\/strong> nein<\/p>\n<p><strong>Allgemeine Benutzerhinweise Kalt Email<\/strong><\/p>\n<p>Der Untergrund muss glatt, trocken und sauber sein. Staubfrei, fettfrei und keine sonstigen Unregelm\u00e4\u00dfigkeiten enthalten. Damit die Farben nicht ineinander laufen k\u00f6nnen, ist es wichtig, dass auf einem flachen Untergrund gearbeitet wird. Daher eignet es sich nicht auf gew\u00f6lbten oder hohlen Formen, die Farbe verl\u00e4uft dann. Farbe und Untergrund zun\u00e4chst an einem Probest\u00fcck testen. Colorall Kalt Email gut aush\u00e4rten und trocknen lassen, ungef\u00e4hr 24 Stunden. Die Farbe beh\u00e4lt nach dem Trocknen ihren strahlenden Glanz. Trage beim Emaillieren eine Malersch\u00fcrze. Das Colorall Kalt Email l\u00e4sst sich am besten bei Raumtemperatur verarbeiten. Flecken lassen sich nicht auswaschen.<\/p>\n<p><strong><span style=\"line-height: 1.6;\">Arbeitsweise<\/span><\/strong><\/p>\n<p>Trage zun\u00e4chst die Grundfarbe(n), direkt aus der Flasche, gro\u00dfz\u00fcgig auf die Oberfl\u00e4che auf. Tr\u00f6pfle andere Farben auf die Grundfarben. Benutze, um den Emaileffekt zu erzeugen, eine Nadel, ein Nagel, ein Spie\u00dfchen oder einen anderen spitzen Gegenstand. Mit dem spitzen Gegenstand streichst du durch das Colorall Kalt Email. Von der Tropfenmitte nach au\u00dfen hin, in Sonnenform, ziehst du die Farbe mehrmals durch die anderen Farben. Das wiederholst du mit allen Tropfen so lange, bis du das erw\u00fcnschte Resultat erreicht hast.<\/p>\n<p><img loading=\"lazy\" decoding=\"async\" class=\"alignnone wp-image-25806\" src=\"https:\/\/collall.nl\/wp-content\/uploads\/2022\/03\/Collall-crea-met-kids-koud-emaille-voorbeeld-300x86.jpg\" alt=\"Collall-crea-met-kids-koud-emaille-voorbeeld.\" width=\"620\" height=\"178\" srcset=\"https:\/\/collall.nl\/wp-content\/uploads\/2022\/03\/Collall-crea-met-kids-koud-emaille-voorbeeld-300x86.jpg 300w, https:\/\/collall.nl\/wp-content\/uploads\/2022\/03\/Collall-crea-met-kids-koud-emaille-voorbeeld-420x120.jpg 420w, https:\/\/collall.nl\/wp-content\/uploads\/2022\/03\/Collall-crea-met-kids-koud-emaille-voorbeeld-600x171.jpg 600w, https:\/\/collall.nl\/wp-content\/uploads\/2022\/03\/Collall-crea-met-kids-koud-emaille-voorbeeld-350x100.jpg 350w, https:\/\/collall.nl\/wp-content\/uploads\/2022\/03\/Collall-crea-met-kids-koud-emaille-voorbeeld.jpg 700w\" sizes=\"auto, (max-width: 620px) 100vw, 620px\" \/><\/p>\n<p><strong>Allergene:<\/strong> Enth\u00e4lt CMIT\/MIT. Kann allergische Reaktionen hervorrufen.<\/p>\n<p><strong>Geeignet f\u00fcr:<\/strong> Ab 6 Jahren.<\/p>\n<p><strong>Reinigung:<\/strong><\/p>\n<ul>\n<li>Wenn die Farbe noch feucht ist, k\u00f6nnen Werkzeuge\/Oberfl\u00e4chen mit (warmem) Wasser gereinigt werden.<\/li>\n<li>Tragen Sie beim Auftragen des Emailles eine Farbsch\u00fcrze, da Flecken auf Kleidung nicht ausgewaschen werden k\u00f6nnen.<\/li>\n<\/ul>\n<p><strong>Farbloses Colorall Kalt Email<\/strong><\/p>\n<p>Das farblose Colorall Kalt Email l\u00e4sst sich dazu verwenden, um Fotos, Abbildungen und selbst gemachte Drucke mit einer gl\u00e4nzenden Deckschicht zu \u00fcberziehen. Wichtig ist, vor der Anwendung eine Probe zu machen, da die Qualit\u00e4t des Druckers, des Papiers und der Tinte den Effekt von Kalt Email beeinflussen kann. Es ist wichtig, die Farbe vorher an einem Probest\u00fcck zu testen. Colorall Kalt Email kann direkt aus der Flasche oder mit einem Pinsel auf die Oberfl\u00e4che aufgetragen werden. Das Colorall Kalt Email muss gut aush\u00e4rten und trocknen, dies dauert ungef\u00e4hr 24 Stunden.<\/p>\n<p><strong style=\"line-height: 1.6;\">Farben<\/strong><\/p>\n<p>Colorall Kalt Email gibt es in f\u00fcnfzehn Farben: Hellrot, Dunkelrot, Orange, Gelb, Rosa, Hellgr\u00fcn, Dunkelgr\u00fcn, Hellblau, Dunkelblau, Violett, Braun, Schwarz, Wei\u00df, Transparent und Tranparent mit flashglitter<\/p>\n<p><img loading=\"lazy\" decoding=\"async\" class=\"alignnone wp-image-25810\" src=\"https:\/\/collall.nl\/wp-content\/uploads\/2022\/03\/Collall-koud-emaille-kleuren-300x86.jpg\" alt=\"Collall-koud-emaille-kleuren\" width=\"635\" height=\"182\" srcset=\"https:\/\/collall.nl\/wp-content\/uploads\/2022\/03\/Collall-koud-emaille-kleuren-300x86.jpg 300w, https:\/\/collall.nl\/wp-content\/uploads\/2022\/03\/Collall-koud-emaille-kleuren-420x120.jpg 420w, https:\/\/collall.nl\/wp-content\/uploads\/2022\/03\/Collall-koud-emaille-kleuren-600x171.jpg 600w, https:\/\/collall.nl\/wp-content\/uploads\/2022\/03\/Collall-koud-emaille-kleuren-350x100.jpg 350w, https:\/\/collall.nl\/wp-content\/uploads\/2022\/03\/Collall-koud-emaille-kleuren.jpg 700w\" sizes=\"auto, (max-width: 635px) 100vw, 635px\" \/><\/p>\n<p><strong><span style=\"line-height: 1.6;\">Aufkleber<\/span><\/strong><\/p>\n<p>Wird das Colorall Kalt Email auf einem glatten, nicht saugf\u00e4higen Untergrund verwendet, zum Beispiel auf einem Placemat oder einer kleinen Glasplatte, so kann die Farbe nach dem Trocknen entfernt und wie ein Aufkleber auf andere glatte Oberfl\u00e4chen geklebt werden. Sch\u00f6n, zum Beispiel als Fenster- oder T\u00fcraufkleber.<\/p>\n","protected":false},"excerpt":{"rendered":"<p>Colorall Kalt Email ergibt eine dekorative Deckschicht, mit der man vielerlei Gegenst\u00e4nden ein emailartiges Aussehen verleihen kann.<\/p>\n<div><a href=\"https:\/\/www.youtube.com\/watch?v=d8omngwQ6Gc&amp;t=15s\"><img loading=\"lazy\" decoding=\"async\" class=\"alignnone size-medium wp-image-19292\" src=\"http:\/\/collall.nl\/wp-content\/uploads\/2022\/03\/thumbnail-Happy-StonesEN-300x169.jpg\" alt=\"\" width=\"300\" height=\"169\" srcset=\"https:\/\/collall.nl\/wp-content\/uploads\/2022\/03\/thumbnail-Happy-StonesEN-300x169.jpg 300w, https:\/\/collall.nl\/wp-content\/uploads\/2022\/03\/thumbnail-Happy-StonesEN-1024x576.jpg 1024w, https:\/\/collall.nl\/wp-content\/uploads\/2022\/03\/thumbnail-Happy-StonesEN-768x432.jpg 768w, https:\/\/collall.nl\/wp-content\/uploads\/2022\/03\/thumbnail-Happy-StonesEN-1536x864.jpg 1536w, https:\/\/collall.nl\/wp-content\/uploads\/2022\/03\/thumbnail-Happy-StonesEN-420x236.jpg 420w, https:\/\/collall.nl\/wp-content\/uploads\/2022\/03\/thumbnail-Happy-StonesEN-600x338.jpg 600w, https:\/\/collall.nl\/wp-content\/uploads\/2022\/03\/thumbnail-Happy-StonesEN.jpg 1920w\" sizes=\"auto, (max-width: 300px) 100vw, 300px\" \/><\/a><\/div>\n<div><em>Youtube video<\/em><\/div>\n","protected":false},"featured_media":19286,"comment_status":"open","ping_status":"closed","template":"","meta":{"_acf_changed":false},"product_brand":[],"product_cat":[180],"product_tag":[],"class_list":{"0":"post-11626","1":"product","2":"type-product","3":"status-publish","4":"has-post-thumbnail","6":"product_cat-farbprodukte","8":"first","9":"instock","10":"shipping-taxable","11":"purchasable","12":"product-type-variable"},"acf":[],"yoast_head":"<!-- This site is optimized with the Yoast SEO plugin v27.2 - https:\/\/yoast.com\/product\/yoast-seo-wordpress\/ -->\n<title>Colorall Kalt Email - Collall<\/title>\n<meta name=\"description\" content=\"Colorall Kalt Email ergibt eine dekorative Deckschicht, mit der man vielerlei Gegenst\u00e4nden ein emailartiges Aussehen verleihen kann.\" \/>\n<meta name=\"robots\" content=\"index, follow, max-snippet:-1, max-image-preview:large, max-video-preview:-1\" \/>\n<link rel=\"canonical\" href=\"https:\/\/collall.nl\/de\/product\/colorall-kalt-email\/\" \/>\n<meta property=\"og:locale\" content=\"de_DE\" \/>\n<meta property=\"og:type\" content=\"article\" \/>\n<meta property=\"og:title\" content=\"Colorall Kalt Email - Collall\" \/>\n<meta property=\"og:description\" content=\"Colorall Kalt Email ergibt eine dekorative Deckschicht, mit der man vielerlei Gegenst\u00e4nden ein emailartiges Aussehen verleihen kann.\" \/>\n<meta property=\"og:url\" content=\"https:\/\/collall.nl\/de\/product\/colorall-kalt-email\/\" \/>\n<meta property=\"og:site_name\" content=\"Collall\" \/>\n<meta property=\"article:publisher\" content=\"https:\/\/www.facebook.com\/people\/Collall\/100064976852539\/\" \/>\n<meta property=\"article:modified_time\" content=\"2024-04-15T13:23:38+00:00\" \/>\n<meta property=\"og:image\" content=\"https:\/\/collall.nl\/wp-content\/uploads\/2022\/03\/COLCE005056-Colorall-Cold-Enamel.jpg\" \/>\n\t<meta property=\"og:image:width\" content=\"800\" \/>\n\t<meta property=\"og:image:height\" content=\"800\" \/>\n\t<meta property=\"og:image:type\" content=\"image\/jpeg\" \/>\n<meta name=\"twitter:card\" content=\"summary_large_image\" \/>\n<meta name=\"twitter:label1\" content=\"Gesch\u00e4tzte Lesezeit\" \/>\n\t<meta name=\"twitter:data1\" content=\"3\u00a0Minuten\" \/>\n<script type=\"application\/ld+json\" class=\"yoast-schema-graph\">{\"@context\":\"https:\/\/schema.org\",\"@graph\":[{\"@type\":\"WebPage\",\"@id\":\"https:\/\/collall.nl\/de\/product\/colorall-kalt-email\/\",\"url\":\"https:\/\/collall.nl\/de\/product\/colorall-kalt-email\/\",\"name\":\"Colorall Kalt Email - Collall\",\"isPartOf\":{\"@id\":\"https:\/\/collall.nl\/#website\"},\"primaryImageOfPage\":{\"@id\":\"https:\/\/collall.nl\/de\/product\/colorall-kalt-email\/#primaryimage\"},\"image\":{\"@id\":\"https:\/\/collall.nl\/de\/product\/colorall-kalt-email\/#primaryimage\"},\"thumbnailUrl\":\"https:\/\/collall.nl\/wp-content\/uploads\/2022\/03\/COLCE005056-Colorall-Cold-Enamel.jpg\",\"datePublished\":\"2022-03-01T09:28:23+00:00\",\"dateModified\":\"2024-04-15T13:23:38+00:00\",\"description\":\"Colorall Kalt Email ergibt eine dekorative Deckschicht, mit der man vielerlei Gegenst\u00e4nden ein emailartiges Aussehen verleihen kann.\",\"breadcrumb\":{\"@id\":\"https:\/\/collall.nl\/de\/product\/colorall-kalt-email\/#breadcrumb\"},\"inLanguage\":\"de\",\"potentialAction\":[{\"@type\":\"ReadAction\",\"target\":[\"https:\/\/collall.nl\/de\/product\/colorall-kalt-email\/\"]}]},{\"@type\":\"ImageObject\",\"inLanguage\":\"de\",\"@id\":\"https:\/\/collall.nl\/de\/product\/colorall-kalt-email\/#primaryimage\",\"url\":\"https:\/\/collall.nl\/wp-content\/uploads\/2022\/03\/COLCE005056-Colorall-Cold-Enamel.jpg\",\"contentUrl\":\"https:\/\/collall.nl\/wp-content\/uploads\/2022\/03\/COLCE005056-Colorall-Cold-Enamel.jpg\",\"width\":800,\"height\":800,\"caption\":\"Colorall Koud Emaille\"},{\"@type\":\"BreadcrumbList\",\"@id\":\"https:\/\/collall.nl\/de\/product\/colorall-kalt-email\/#breadcrumb\",\"itemListElement\":[{\"@type\":\"ListItem\",\"position\":1,\"name\":\"Home\",\"item\":\"https:\/\/collall.nl\/de\/hauptseite\/\"},{\"@type\":\"ListItem\",\"position\":2,\"name\":\"Produkte\",\"item\":\"https:\/\/collall.nl\/de\/produkte\/\"},{\"@type\":\"ListItem\",\"position\":3,\"name\":\"Colorall Kalt Email\"}]},{\"@type\":\"WebSite\",\"@id\":\"https:\/\/collall.nl\/#website\",\"url\":\"https:\/\/collall.nl\/\",\"name\":\"Collall\",\"description\":\"Adhesives &amp; Paints since 1949\",\"publisher\":{\"@id\":\"https:\/\/collall.nl\/#organization\"},\"potentialAction\":[{\"@type\":\"SearchAction\",\"target\":{\"@type\":\"EntryPoint\",\"urlTemplate\":\"https:\/\/collall.nl\/?s={search_term_string}\"},\"query-input\":{\"@type\":\"PropertyValueSpecification\",\"valueRequired\":true,\"valueName\":\"search_term_string\"}}],\"inLanguage\":\"de\"},{\"@type\":\"Organization\",\"@id\":\"https:\/\/collall.nl\/#organization\",\"name\":\"Collall B.V.\",\"url\":\"https:\/\/collall.nl\/\",\"logo\":{\"@type\":\"ImageObject\",\"inLanguage\":\"de\",\"@id\":\"https:\/\/collall.nl\/#\/schema\/logo\/image\/\",\"url\":\"https:\/\/collall.nl\/wp-content\/uploads\/2022\/08\/Collall-logo-186C_Reflex-blue.jpg\",\"contentUrl\":\"https:\/\/collall.nl\/wp-content\/uploads\/2022\/08\/Collall-logo-186C_Reflex-blue.jpg\",\"width\":1963,\"height\":1179,\"caption\":\"Collall B.V.\"},\"image\":{\"@id\":\"https:\/\/collall.nl\/#\/schema\/logo\/image\/\"},\"sameAs\":[\"https:\/\/www.facebook.com\/people\/Collall\/100064976852539\/\",\"https:\/\/www.instagram.com\/collall_1949\/\",\"https:\/\/nl.pinterest.com\/CollallBV\/\",\"https:\/\/www.youtube.com\/channel\/UCrCGuwth_udZhTqJSh5g9zg\"]}]}<\/script>\n<!-- \/ Yoast SEO plugin. -->","yoast_head_json":{"title":"Colorall Kalt Email - Collall","description":"Colorall Kalt Email ergibt eine dekorative Deckschicht, mit der man vielerlei Gegenst\u00e4nden ein emailartiges Aussehen verleihen kann.","robots":{"index":"index","follow":"follow","max-snippet":"max-snippet:-1","max-image-preview":"max-image-preview:large","max-video-preview":"max-video-preview:-1"},"canonical":"https:\/\/collall.nl\/de\/product\/colorall-kalt-email\/","og_locale":"de_DE","og_type":"article","og_title":"Colorall Kalt Email - Collall","og_description":"Colorall Kalt Email ergibt eine dekorative Deckschicht, mit der man vielerlei Gegenst\u00e4nden ein emailartiges Aussehen verleihen kann.","og_url":"https:\/\/collall.nl\/de\/product\/colorall-kalt-email\/","og_site_name":"Collall","article_publisher":"https:\/\/www.facebook.com\/people\/Collall\/100064976852539\/","article_modified_time":"2024-04-15T13:23:38+00:00","og_image":[{"width":800,"height":800,"url":"https:\/\/collall.nl\/wp-content\/uploads\/2022\/03\/COLCE005056-Colorall-Cold-Enamel.jpg","type":"image\/jpeg"}],"twitter_card":"summary_large_image","twitter_misc":{"Gesch\u00e4tzte Lesezeit":"3\u00a0Minuten"},"schema":{"@context":"https:\/\/schema.org","@graph":[{"@type":"WebPage","@id":"https:\/\/collall.nl\/de\/product\/colorall-kalt-email\/","url":"https:\/\/collall.nl\/de\/product\/colorall-kalt-email\/","name":"Colorall Kalt Email - Collall","isPartOf":{"@id":"https:\/\/collall.nl\/#website"},"primaryImageOfPage":{"@id":"https:\/\/collall.nl\/de\/product\/colorall-kalt-email\/#primaryimage"},"image":{"@id":"https:\/\/collall.nl\/de\/product\/colorall-kalt-email\/#primaryimage"},"thumbnailUrl":"https:\/\/collall.nl\/wp-content\/uploads\/2022\/03\/COLCE005056-Colorall-Cold-Enamel.jpg","datePublished":"2022-03-01T09:28:23+00:00","dateModified":"2024-04-15T13:23:38+00:00","description":"Colorall Kalt Email ergibt eine dekorative Deckschicht, mit der man vielerlei Gegenst\u00e4nden ein emailartiges Aussehen verleihen kann.","breadcrumb":{"@id":"https:\/\/collall.nl\/de\/product\/colorall-kalt-email\/#breadcrumb"},"inLanguage":"de","potentialAction":[{"@type":"ReadAction","target":["https:\/\/collall.nl\/de\/product\/colorall-kalt-email\/"]}]},{"@type":"ImageObject","inLanguage":"de","@id":"https:\/\/collall.nl\/de\/product\/colorall-kalt-email\/#primaryimage","url":"https:\/\/collall.nl\/wp-content\/uploads\/2022\/03\/COLCE005056-Colorall-Cold-Enamel.jpg","contentUrl":"https:\/\/collall.nl\/wp-content\/uploads\/2022\/03\/COLCE005056-Colorall-Cold-Enamel.jpg","width":800,"height":800,"caption":"Colorall Koud Emaille"},{"@type":"BreadcrumbList","@id":"https:\/\/collall.nl\/de\/product\/colorall-kalt-email\/#breadcrumb","itemListElement":[{"@type":"ListItem","position":1,"name":"Home","item":"https:\/\/collall.nl\/de\/hauptseite\/"},{"@type":"ListItem","position":2,"name":"Produkte","item":"https:\/\/collall.nl\/de\/produkte\/"},{"@type":"ListItem","position":3,"name":"Colorall Kalt Email"}]},{"@type":"WebSite","@id":"https:\/\/collall.nl\/#website","url":"https:\/\/collall.nl\/","name":"Collall","description":"Adhesives &amp; Paints since 1949","publisher":{"@id":"https:\/\/collall.nl\/#organization"},"potentialAction":[{"@type":"SearchAction","target":{"@type":"EntryPoint","urlTemplate":"https:\/\/collall.nl\/?s={search_term_string}"},"query-input":{"@type":"PropertyValueSpecification","valueRequired":true,"valueName":"search_term_string"}}],"inLanguage":"de"},{"@type":"Organization","@id":"https:\/\/collall.nl\/#organization","name":"Collall B.V.","url":"https:\/\/collall.nl\/","logo":{"@type":"ImageObject","inLanguage":"de","@id":"https:\/\/collall.nl\/#\/schema\/logo\/image\/","url":"https:\/\/collall.nl\/wp-content\/uploads\/2022\/08\/Collall-logo-186C_Reflex-blue.jpg","contentUrl":"https:\/\/collall.nl\/wp-content\/uploads\/2022\/08\/Collall-logo-186C_Reflex-blue.jpg","width":1963,"height":1179,"caption":"Collall B.V."},"image":{"@id":"https:\/\/collall.nl\/#\/schema\/logo\/image\/"},"sameAs":["https:\/\/www.facebook.com\/people\/Collall\/100064976852539\/","https:\/\/www.instagram.com\/collall_1949\/","https:\/\/nl.pinterest.com\/CollallBV\/","https:\/\/www.youtube.com\/channel\/UCrCGuwth_udZhTqJSh5g9zg"]}]}},"_links":{"self":[{"href":"https:\/\/collall.nl\/de\/wp-json\/wp\/v2\/product\/11626","targetHints":{"allow":["GET"]}}],"collection":[{"href":"https:\/\/collall.nl\/de\/wp-json\/wp\/v2\/product"}],"about":[{"href":"https:\/\/collall.nl\/de\/wp-json\/wp\/v2\/types\/product"}],"replies":[{"embeddable":true,"href":"https:\/\/collall.nl\/de\/wp-json\/wp\/v2\/comments?post=11626"}],"wp:featuredmedia":[{"embeddable":true,"href":"https:\/\/collall.nl\/de\/wp-json\/wp\/v2\/media\/19286"}],"wp:attachment":[{"href":"https:\/\/collall.nl\/de\/wp-json\/wp\/v2\/media?parent=11626"}],"wp:term":[{"taxonomy":"product_brand","embeddable":true,"href":"https:\/\/collall.nl\/de\/wp-json\/wp\/v2\/product_brand?post=11626"},{"taxonomy":"product_cat","embeddable":true,"href":"https:\/\/collall.nl\/de\/wp-json\/wp\/v2\/product_cat?post=11626"},{"taxonomy":"product_tag","embeddable":true,"href":"https:\/\/collall.nl\/de\/wp-json\/wp\/v2\/product_tag?post=11626"}],"curies":[{"name":"wp","href":"https:\/\/api.w.org\/{rel}","templated":true}]}}