{"id":11074,"date":"2022-03-01T09:24:59","date_gmt":"2022-03-01T09:25:01","guid":{"rendered":"http:\/\/collall.test\/product\/magic-paint-zubehor\/"},"modified":"2023-08-14T16:26:18","modified_gmt":"2023-08-14T14:26:18","slug":"magic-paint-zubehor","status":"publish","type":"product","link":"https:\/\/collall.nl\/de\/product\/magic-paint-zubehor\/","title":{"rendered":"Magic Paint Zubeh\u00f6r"},"content":{"rendered":"<h3>Magic Paint Zubeh\u00f6r<\/h3>\n<h6>Broch\u00fcre<\/h6>\n<p>F\u00fcr eine optimale Verwendung der Magic Paint bietet Collall allerlei Zubeh\u00f6r. Mit der flexiblen Plexiglas-Platte kann man einen Regenbogeneffekt erzielen. Die verschiedenen speziellen Spachtel und Pinsel erm\u00f6glichen sch\u00f6ne Effekte und viel Malspa\u00df. Die Farbe kann auf der abwaschbaren Malpalette aus Kunststoff gut und \u00fcbersichtlich gemischt werden.<\/p>\n<p>Siehe f\u00fcr weitere Ideen und Informationen die <a href=\"https:\/\/collall.nl\/wp-content\/uploads\/2022\/03\/COLBC_folder_2021.pdf\" target=\"_blank\" rel=\"noopener\">Brosch\u00fcre Magic Paint<\/a>.<\/p>\n<h6 class=\"p1\">Textil Medium<\/h6>\n<h6>Spateln<\/h6>\n<p>Mit den speziellen Magic Paint Spateln k\u00f6nnen Sie wundersch\u00f6ne Muster in der Farbe erstellen. W\u00e4hrend die Farbe noch feucht ist, k\u00f6nnen Sie den Spatel hindurchziehen. Bei Verwendung mehrerer Farben zusammen entstehen die sch\u00f6nsten Effekte.<\/p>\n<ul>\n<li class=\"p1\">Roter Kunststoffspatel<\/li>\n<li>Kunststoffspatel-Set<\/li>\n<li class=\"p1\">Plexiglasplatte<\/li>\n<\/ul>\n<h6 class=\"p1\">Palette<\/h6>\n<p class=\"p1\">Wei\u00dfes stabiles Kunststofffarbpalette, speziell ideal f\u00fcr die Verwendung mit Magic Paint entworfen. Mit 10 Vertiefungen bietet es ausreichend Platz, um verschiedene Farben aufzutragen und die Farben zu mischen.<\/p>\n<p class=\"p1\"><strong>Reinigung:<\/strong> Leicht mit Wasser und Seife zu reinigen. Getrocknete Farbe kurz einweichen lassen und dann absp\u00fclen.<\/p>\n<p class=\"p1\"><strong>Gr\u00f6\u00dfe:<\/strong> 225&#215;160 mm.<\/p>\n<h6 class=\"p1\">Pinsel<\/h6>\n<p class=\"p1\">Holzpinsel mit Aufdruck &#8222;Magic Paint&#8220;, Nr. 12. Borstenpinsel aus Schweinehaar f\u00fcr eine gleichm\u00e4\u00dfige Verteilung der Farbe.<\/p>\n<p class=\"p1\"><strong>Gr\u00f6\u00dfe:<\/strong> 185 mm.<\/p>\n","protected":false},"excerpt":{"rendered":"<p>F\u00fcr eine optimale Verwendung der Magic Paint<\/p>\n","protected":false},"featured_media":11055,"comment_status":"open","ping_status":"closed","template":"","meta":{"_acf_changed":false},"product_brand":[],"product_cat":[180],"product_tag":[2958,2959],"class_list":{"0":"post-11074","1":"product","2":"type-product","3":"status-publish","4":"has-post-thumbnail","6":"product_cat-farbprodukte","7":"product_tag-textiel-medium-de","8":"product_tag-textielverf-de","10":"first","11":"instock","12":"shipping-taxable","13":"purchasable","14":"product-type-variable"},"acf":[],"yoast_head":"<!-- This site is optimized with the Yoast SEO plugin v27.2 - https:\/\/yoast.com\/product\/yoast-seo-wordpress\/ -->\n<title>Magic Paint Zubeh\u00f6r - Collall<\/title>\n<meta name=\"description\" content=\"Magic Paint Zubeh\u00f6r. F\u00fcr eine optimale Verwendung der Magic Paint bietet Collall allerlei Zubeh\u00f6r: Palette, Textil Medium, Spateln, usw.\" \/>\n<meta name=\"robots\" content=\"index, follow, max-snippet:-1, max-image-preview:large, max-video-preview:-1\" \/>\n<link rel=\"canonical\" href=\"https:\/\/collall.nl\/de\/product\/magic-paint-zubehor\/\" \/>\n<meta property=\"og:locale\" content=\"de_DE\" \/>\n<meta property=\"og:type\" content=\"article\" \/>\n<meta property=\"og:title\" content=\"Magic Paint Zubeh\u00f6r - Collall\" \/>\n<meta property=\"og:description\" content=\"Magic Paint Zubeh\u00f6r. F\u00fcr eine optimale Verwendung der Magic Paint bietet Collall allerlei Zubeh\u00f6r: Palette, Textil Medium, Spateln, usw.\" \/>\n<meta property=\"og:url\" content=\"https:\/\/collall.nl\/de\/product\/magic-paint-zubehor\/\" \/>\n<meta property=\"og:site_name\" content=\"Collall\" \/>\n<meta property=\"article:publisher\" content=\"https:\/\/www.facebook.com\/people\/Collall\/100064976852539\/\" \/>\n<meta property=\"article:modified_time\" content=\"2023-08-14T14:26:18+00:00\" \/>\n<meta property=\"og:image\" content=\"https:\/\/collall.nl\/wp-content\/uploads\/2022\/03\/COLBCBROCH_bochure-Magic-Paint-1-scaled.jpg\" \/>\n\t<meta property=\"og:image:width\" content=\"1810\" \/>\n\t<meta property=\"og:image:height\" content=\"2560\" \/>\n\t<meta property=\"og:image:type\" content=\"image\/jpeg\" \/>\n<meta name=\"twitter:card\" content=\"summary_large_image\" \/>\n<meta name=\"twitter:label1\" content=\"Gesch\u00e4tzte Lesezeit\" \/>\n\t<meta name=\"twitter:data1\" content=\"1\u00a0Minute\" \/>\n<script type=\"application\/ld+json\" class=\"yoast-schema-graph\">{\"@context\":\"https:\/\/schema.org\",\"@graph\":[{\"@type\":\"WebPage\",\"@id\":\"https:\/\/collall.nl\/de\/product\/magic-paint-zubehor\/\",\"url\":\"https:\/\/collall.nl\/de\/product\/magic-paint-zubehor\/\",\"name\":\"Magic Paint Zubeh\u00f6r - Collall\",\"isPartOf\":{\"@id\":\"https:\/\/collall.nl\/#website\"},\"primaryImageOfPage\":{\"@id\":\"https:\/\/collall.nl\/de\/product\/magic-paint-zubehor\/#primaryimage\"},\"image\":{\"@id\":\"https:\/\/collall.nl\/de\/product\/magic-paint-zubehor\/#primaryimage\"},\"thumbnailUrl\":\"https:\/\/collall.nl\/wp-content\/uploads\/2022\/03\/COLBCBROCH_bochure-Magic-Paint-1-scaled.jpg\",\"datePublished\":\"2022-03-01T09:25:01+00:00\",\"dateModified\":\"2023-08-14T14:26:18+00:00\",\"description\":\"Magic Paint Zubeh\u00f6r. F\u00fcr eine optimale Verwendung der Magic Paint bietet Collall allerlei Zubeh\u00f6r: Palette, Textil Medium, Spateln, usw.\",\"breadcrumb\":{\"@id\":\"https:\/\/collall.nl\/de\/product\/magic-paint-zubehor\/#breadcrumb\"},\"inLanguage\":\"de\",\"potentialAction\":[{\"@type\":\"ReadAction\",\"target\":[\"https:\/\/collall.nl\/de\/product\/magic-paint-zubehor\/\"]}]},{\"@type\":\"ImageObject\",\"inLanguage\":\"de\",\"@id\":\"https:\/\/collall.nl\/de\/product\/magic-paint-zubehor\/#primaryimage\",\"url\":\"https:\/\/collall.nl\/wp-content\/uploads\/2022\/03\/COLBCBROCH_bochure-Magic-Paint-1-scaled.jpg\",\"contentUrl\":\"https:\/\/collall.nl\/wp-content\/uploads\/2022\/03\/COLBCBROCH_bochure-Magic-Paint-1-scaled.jpg\",\"width\":1810,\"height\":2560},{\"@type\":\"BreadcrumbList\",\"@id\":\"https:\/\/collall.nl\/de\/product\/magic-paint-zubehor\/#breadcrumb\",\"itemListElement\":[{\"@type\":\"ListItem\",\"position\":1,\"name\":\"Home\",\"item\":\"https:\/\/collall.nl\/de\/hauptseite\/\"},{\"@type\":\"ListItem\",\"position\":2,\"name\":\"Produkte\",\"item\":\"https:\/\/collall.nl\/de\/produkte\/\"},{\"@type\":\"ListItem\",\"position\":3,\"name\":\"Magic Paint Zubeh\u00f6r\"}]},{\"@type\":\"WebSite\",\"@id\":\"https:\/\/collall.nl\/#website\",\"url\":\"https:\/\/collall.nl\/\",\"name\":\"Collall\",\"description\":\"Adhesives &amp; Paints since 1949\",\"publisher\":{\"@id\":\"https:\/\/collall.nl\/#organization\"},\"potentialAction\":[{\"@type\":\"SearchAction\",\"target\":{\"@type\":\"EntryPoint\",\"urlTemplate\":\"https:\/\/collall.nl\/?s={search_term_string}\"},\"query-input\":{\"@type\":\"PropertyValueSpecification\",\"valueRequired\":true,\"valueName\":\"search_term_string\"}}],\"inLanguage\":\"de\"},{\"@type\":\"Organization\",\"@id\":\"https:\/\/collall.nl\/#organization\",\"name\":\"Collall B.V.\",\"url\":\"https:\/\/collall.nl\/\",\"logo\":{\"@type\":\"ImageObject\",\"inLanguage\":\"de\",\"@id\":\"https:\/\/collall.nl\/#\/schema\/logo\/image\/\",\"url\":\"https:\/\/collall.nl\/wp-content\/uploads\/2022\/08\/Collall-logo-186C_Reflex-blue.jpg\",\"contentUrl\":\"https:\/\/collall.nl\/wp-content\/uploads\/2022\/08\/Collall-logo-186C_Reflex-blue.jpg\",\"width\":1963,\"height\":1179,\"caption\":\"Collall B.V.\"},\"image\":{\"@id\":\"https:\/\/collall.nl\/#\/schema\/logo\/image\/\"},\"sameAs\":[\"https:\/\/www.facebook.com\/people\/Collall\/100064976852539\/\",\"https:\/\/www.instagram.com\/collall_1949\/\",\"https:\/\/nl.pinterest.com\/CollallBV\/\",\"https:\/\/www.youtube.com\/channel\/UCrCGuwth_udZhTqJSh5g9zg\"]}]}<\/script>\n<!-- \/ Yoast SEO plugin. -->","yoast_head_json":{"title":"Magic Paint Zubeh\u00f6r - Collall","description":"Magic Paint Zubeh\u00f6r. F\u00fcr eine optimale Verwendung der Magic Paint bietet Collall allerlei Zubeh\u00f6r: Palette, Textil Medium, Spateln, usw.","robots":{"index":"index","follow":"follow","max-snippet":"max-snippet:-1","max-image-preview":"max-image-preview:large","max-video-preview":"max-video-preview:-1"},"canonical":"https:\/\/collall.nl\/de\/product\/magic-paint-zubehor\/","og_locale":"de_DE","og_type":"article","og_title":"Magic Paint Zubeh\u00f6r - Collall","og_description":"Magic Paint Zubeh\u00f6r. F\u00fcr eine optimale Verwendung der Magic Paint bietet Collall allerlei Zubeh\u00f6r: Palette, Textil Medium, Spateln, usw.","og_url":"https:\/\/collall.nl\/de\/product\/magic-paint-zubehor\/","og_site_name":"Collall","article_publisher":"https:\/\/www.facebook.com\/people\/Collall\/100064976852539\/","article_modified_time":"2023-08-14T14:26:18+00:00","og_image":[{"width":1810,"height":2560,"url":"https:\/\/collall.nl\/wp-content\/uploads\/2022\/03\/COLBCBROCH_bochure-Magic-Paint-1-scaled.jpg","type":"image\/jpeg"}],"twitter_card":"summary_large_image","twitter_misc":{"Gesch\u00e4tzte Lesezeit":"1\u00a0Minute"},"schema":{"@context":"https:\/\/schema.org","@graph":[{"@type":"WebPage","@id":"https:\/\/collall.nl\/de\/product\/magic-paint-zubehor\/","url":"https:\/\/collall.nl\/de\/product\/magic-paint-zubehor\/","name":"Magic Paint Zubeh\u00f6r - Collall","isPartOf":{"@id":"https:\/\/collall.nl\/#website"},"primaryImageOfPage":{"@id":"https:\/\/collall.nl\/de\/product\/magic-paint-zubehor\/#primaryimage"},"image":{"@id":"https:\/\/collall.nl\/de\/product\/magic-paint-zubehor\/#primaryimage"},"thumbnailUrl":"https:\/\/collall.nl\/wp-content\/uploads\/2022\/03\/COLBCBROCH_bochure-Magic-Paint-1-scaled.jpg","datePublished":"2022-03-01T09:25:01+00:00","dateModified":"2023-08-14T14:26:18+00:00","description":"Magic Paint Zubeh\u00f6r. F\u00fcr eine optimale Verwendung der Magic Paint bietet Collall allerlei Zubeh\u00f6r: Palette, Textil Medium, Spateln, usw.","breadcrumb":{"@id":"https:\/\/collall.nl\/de\/product\/magic-paint-zubehor\/#breadcrumb"},"inLanguage":"de","potentialAction":[{"@type":"ReadAction","target":["https:\/\/collall.nl\/de\/product\/magic-paint-zubehor\/"]}]},{"@type":"ImageObject","inLanguage":"de","@id":"https:\/\/collall.nl\/de\/product\/magic-paint-zubehor\/#primaryimage","url":"https:\/\/collall.nl\/wp-content\/uploads\/2022\/03\/COLBCBROCH_bochure-Magic-Paint-1-scaled.jpg","contentUrl":"https:\/\/collall.nl\/wp-content\/uploads\/2022\/03\/COLBCBROCH_bochure-Magic-Paint-1-scaled.jpg","width":1810,"height":2560},{"@type":"BreadcrumbList","@id":"https:\/\/collall.nl\/de\/product\/magic-paint-zubehor\/#breadcrumb","itemListElement":[{"@type":"ListItem","position":1,"name":"Home","item":"https:\/\/collall.nl\/de\/hauptseite\/"},{"@type":"ListItem","position":2,"name":"Produkte","item":"https:\/\/collall.nl\/de\/produkte\/"},{"@type":"ListItem","position":3,"name":"Magic Paint Zubeh\u00f6r"}]},{"@type":"WebSite","@id":"https:\/\/collall.nl\/#website","url":"https:\/\/collall.nl\/","name":"Collall","description":"Adhesives &amp; Paints since 1949","publisher":{"@id":"https:\/\/collall.nl\/#organization"},"potentialAction":[{"@type":"SearchAction","target":{"@type":"EntryPoint","urlTemplate":"https:\/\/collall.nl\/?s={search_term_string}"},"query-input":{"@type":"PropertyValueSpecification","valueRequired":true,"valueName":"search_term_string"}}],"inLanguage":"de"},{"@type":"Organization","@id":"https:\/\/collall.nl\/#organization","name":"Collall B.V.","url":"https:\/\/collall.nl\/","logo":{"@type":"ImageObject","inLanguage":"de","@id":"https:\/\/collall.nl\/#\/schema\/logo\/image\/","url":"https:\/\/collall.nl\/wp-content\/uploads\/2022\/08\/Collall-logo-186C_Reflex-blue.jpg","contentUrl":"https:\/\/collall.nl\/wp-content\/uploads\/2022\/08\/Collall-logo-186C_Reflex-blue.jpg","width":1963,"height":1179,"caption":"Collall B.V."},"image":{"@id":"https:\/\/collall.nl\/#\/schema\/logo\/image\/"},"sameAs":["https:\/\/www.facebook.com\/people\/Collall\/100064976852539\/","https:\/\/www.instagram.com\/collall_1949\/","https:\/\/nl.pinterest.com\/CollallBV\/","https:\/\/www.youtube.com\/channel\/UCrCGuwth_udZhTqJSh5g9zg"]}]}},"_links":{"self":[{"href":"https:\/\/collall.nl\/de\/wp-json\/wp\/v2\/product\/11074","targetHints":{"allow":["GET"]}}],"collection":[{"href":"https:\/\/collall.nl\/de\/wp-json\/wp\/v2\/product"}],"about":[{"href":"https:\/\/collall.nl\/de\/wp-json\/wp\/v2\/types\/product"}],"replies":[{"embeddable":true,"href":"https:\/\/collall.nl\/de\/wp-json\/wp\/v2\/comments?post=11074"}],"wp:featuredmedia":[{"embeddable":true,"href":"https:\/\/collall.nl\/de\/wp-json\/wp\/v2\/media\/11055"}],"wp:attachment":[{"href":"https:\/\/collall.nl\/de\/wp-json\/wp\/v2\/media?parent=11074"}],"wp:term":[{"taxonomy":"product_brand","embeddable":true,"href":"https:\/\/collall.nl\/de\/wp-json\/wp\/v2\/product_brand?post=11074"},{"taxonomy":"product_cat","embeddable":true,"href":"https:\/\/collall.nl\/de\/wp-json\/wp\/v2\/product_cat?post=11074"},{"taxonomy":"product_tag","embeddable":true,"href":"https:\/\/collall.nl\/de\/wp-json\/wp\/v2\/product_tag?post=11074"}],"curies":[{"name":"wp","href":"https:\/\/api.w.org\/{rel}","templated":true}]}}