{"id":10974,"date":"2022-03-01T09:24:36","date_gmt":"2022-03-01T09:24:36","guid":{"rendered":"http:\/\/collall.test\/product\/magic-paint-zauberfarbe\/"},"modified":"2026-03-17T10:29:43","modified_gmt":"2026-03-17T09:29:43","slug":"magic-paint-zauberfarbe","status":"publish","type":"product","link":"https:\/\/collall.nl\/de\/product\/magic-paint-zauberfarbe\/","title":{"rendered":"Magic Paint Zauberfarbe"},"content":{"rendered":"<p><strong>Magic Paint<\/strong> ist eine einzigartige All-in-One-Malfarbe auf Wasserbasis f\u00fcr endlosen kreativen Malspa\u00df. Magic Paint enth\u00e4lt keine F\u00fcllstoffe, sie bleibt gl\u00e4nzend und br\u00f6ckelt nicht. Durch die einzigartige Kombination der Inhaltsstoffe vermischen sich die Farben nicht untereinander.<\/p>\n<p><strong>Eigenschaften:<\/strong><\/p>\n<ul>\n<li>leuchtende Farben<\/li>\n<li>glatte und cremige Konsistenz<\/li>\n<li>dauerhafter Glanz<\/li>\n<li>br\u00f6ckelt nie<\/li>\n<\/ul>\n<p><strong>L\u00f6sungsmittel:<\/strong> Wasser<\/p>\n<p><strong>Hauptbestandteil:<\/strong> Polyvinylalkohol (PVA)<\/p>\n<p><strong>CE: <\/strong>ja<\/p>\n<p><strong>Anwendung: <\/strong>farbiges Papier, Karton, Eierkartons, (unlackiertes) Holz, Gips und verschiedene andere Materialien.<\/p>\n<ul>\n<li>Kann mit Wasser verd\u00fcnnt werden, alle Farben k\u00f6nnen gemischt werden.<\/li>\n<li>Mischen Sie die Farben mit Wei\u00df, um weiche Pastellt\u00f6ne zu erhalten.<\/li>\n<li>Aufgrund ihrer besonderen Zusammensetzung vermischen sich die Farben nicht automatisch miteinander.<\/li>\n<\/ul>\n<p><strong>Allergene:<\/strong> Enth\u00e4lt CMIT\/MIT. Kann eine allergische Reaktion hervorrufen. Alle Collall-Produkte sind glutenfrei.<\/p>\n<p><strong>Geeignet f\u00fcr: <\/strong>Magic Paint wurde speziell f\u00fcr Kinder ab drei Jahren entwickelt. Enth\u00e4lt Bitterstoffe.<\/p>\n<p>Achtung! Enth\u00e4lt ein Konservierungsmittel, das f\u00fcr Kinder unter drei Jahren nicht geeignet ist.<\/p>\n<p><strong>Vorbeugung und Entfernung von Flecken: <\/strong>Tragen Sie einen Kittel. Flecken sofort mit Wasser behandeln und dann in der Waschmaschine waschen.<\/p>\n<h6><strong>Magic Paint ist in 14 Farben + Gold und Silber, in 100 ml und 500 ml Flaschen erh\u00e4ltlich.<\/strong><\/h6>\n<p>&nbsp;<\/p>\n<p><a href=\"https:\/\/www.youtube.com\/watch?v=p3fAsryqHmw\" target=\"_blank\" rel=\"noopener\"><img loading=\"lazy\" decoding=\"async\" class=\"alignnone wp-image-22147 size-medium\" src=\"http:\/\/collall.nl\/wp-content\/uploads\/2022\/03\/thumbnail-Rainbow-famininokopie-300x169.jpg\" alt=\"Magic Paint is een unieke alles-in-\u00e9\u00e9n toververf op waterbasis voor eindeloos veel creatief verfplezier.\" width=\"300\" height=\"169\" srcset=\"https:\/\/collall.nl\/wp-content\/uploads\/2022\/03\/thumbnail-Rainbow-famininokopie-300x169.jpg 300w, https:\/\/collall.nl\/wp-content\/uploads\/2022\/03\/thumbnail-Rainbow-famininokopie-1024x576.jpg 1024w, https:\/\/collall.nl\/wp-content\/uploads\/2022\/03\/thumbnail-Rainbow-famininokopie-768x432.jpg 768w, https:\/\/collall.nl\/wp-content\/uploads\/2022\/03\/thumbnail-Rainbow-famininokopie-1536x864.jpg 1536w, https:\/\/collall.nl\/wp-content\/uploads\/2022\/03\/thumbnail-Rainbow-famininokopie-420x236.jpg 420w, https:\/\/collall.nl\/wp-content\/uploads\/2022\/03\/thumbnail-Rainbow-famininokopie-600x338.jpg 600w, https:\/\/collall.nl\/wp-content\/uploads\/2022\/03\/thumbnail-Rainbow-famininokopie.jpg 1920w\" sizes=\"auto, (max-width: 300px) 100vw, 300px\" \/><\/a> <em>Youtube video <\/em><\/p>\n<p><strong>Download:\u00a0<a href=\"https:\/\/collall.nl\/wp-content\/uploads\/2022\/03\/COLBC_folder_2021.pdf\" target=\"_blank\" rel=\"noopener\">Magic Paint brochure<\/a><\/strong><\/p>\n<h2><strong>Was macht Magic Paint so zauberhaft?<\/strong><\/h2>\n<p>Durch die spezielle Zusammensetzung der Inhaltsstoffe von Magic Paint musst du dir keine Sorgen machen, dass die Farben von selbst ineinander verlaufen. Das Geheimnis liegt darin, dass die Farbe, die zuerst das Papier ber\u00fchrt, erhalten bleibt. Jeder Pinselstrich beh\u00e4lt seinen eigenen Raum, wodurch deine Kunstwerke klar, pr\u00e4zise und voller lebendiger Farben bleiben. Schau dir das Video auf dieser Seite an, um eine Demonstration des Malens eines Regenbogens zu sehen.<\/p>\n<p><strong>Gl\u00e4nzendes Endergebnis<\/strong><\/p>\n<p>Magic Paint Toververf bietet eine breite Palette an lebendigen Farben. Magic Paint enth\u00e4lt keine F\u00fcllstoffe, bleibt daher gl\u00e4nzend und bl\u00e4ttert nie ab. Unsere Farbe ist so konzipiert, dass sie \u00fcber lange Zeit sch\u00f6n bleibt, wodurch deine Kunstwerke einen bleibenden Eindruck hinterlassen.<\/p>\n<p><strong>Endlos Farben mischen<\/strong><\/p>\n<p>Experimentiere mit den endlosen Mischm\u00f6glichkeiten von Magic Paint. Die Farbe kann direkt auf dem Untergrund oder auf einer Farbpalette gemischt werden. Es ist nicht notwendig, Magic Paint zu verd\u00fcnnen, aber f\u00fcge bei Bedarf Wasser hinzu. F\u00fcge Wei\u00df hinzu, um weiche Pastellfarben zu erhalten, Gold oder Silber f\u00fcr schimmernde Metallic-T\u00f6ne, und lass deiner Kreativit\u00e4t freien Lauf!<\/p>\n<p>Die Farbe besteht zu 86 % aus nat\u00fcrlichen Inhaltsstoffen.<\/p>\n<p>Magic Paint Toververf er\u00f6ffnet die T\u00fcren zu einer Welt voller farbenfroher M\u00f6glichkeiten! Diese vielseitige Zauberfarbe kann auf verschiedenen Materialien verwendet werden, sodass du endlos experimentieren und kreieren kannst.<\/p>\n<p><strong>Tipps zur Verwendung von Magic Paint Toververf<\/strong><\/p>\n<ul>\n<li><strong>Papier und Karton:<\/strong> Verleihe deinen Zeichnungen und Bastelarbeiten aus Papier oder Karton ein lebendiges Aussehen. Magic Paint haftet perfekt auf Papier. Verwende einen Pinsel oder Spachtel zum Auftragen. M\u00f6chtest du dicke Linien? Arbeite dann direkt aus der Flasche.<\/li>\n<li><strong>Eierschachteln:<\/strong> Verleihe alten Eierschachteln ein neues Leben, indem du sie mit Magic Paint verzierst. Erstelle farbenfrohe Aufbewahrungsboxen oder einzigartige Kunstwerke mit dieser speziellen Zauberfarbe.<\/li>\n<li><strong>(Unlackiertes) Holz:<\/strong> Magic Paint haftet auch auf unlackiertem Holz. Erstelle einzigartige Holzdekorationen oder personalisiere Gebrauchsgegenst\u00e4nde mit lebendigen Farben.<\/li>\n<li><strong>Gips:<\/strong> F\u00fcge Gipskunst mit Magic Paint Toververf eine lebendige und gl\u00e4nzende Dimension hinzu.<\/li>\n<li><strong>Verschiedene andere Materialien:<\/strong> Experimentiere mit Magic Paint auf verschiedenen Materialien wie Leinwand, Textilien und mehr. Entdecke neue M\u00f6glichkeiten, deinen Ideen Farbe zu verleihen.<\/li>\n<\/ul>\n","protected":false},"excerpt":{"rendered":"<p>Magic Paint Toververf ist eine einzigartige, wasserbasierte All-in-One-Zauberfarbe f\u00fcr endlosen kreativen Malspa\u00df. Magic Paint enth\u00e4lt keine F\u00fcllstoffe, bleibt daher gl\u00e4nzend und br\u00f6ckelt nie ab. Die einzigartige Kombination von Inhaltsstoffen verhindert, dass die Farben von selbst ineinander verlaufen.<\/p>\n<p><img loading=\"lazy\" decoding=\"async\" class=\"alignnone wp-image-23854 lazy loaded\" src=\"https:\/\/collall.nl\/wp-content\/uploads\/2022\/03\/Collall-COLBC_Magic-Paint-folder-300x200.jpg\" sizes=\"auto, (max-width: 253px) 100vw, 253px\" srcset=\"https:\/\/collall.nl\/wp-content\/uploads\/2022\/03\/Collall-COLBC_Magic-Paint-folder-300x200.jpg 300w, https:\/\/collall.nl\/wp-content\/uploads\/2022\/03\/Collall-COLBC_Magic-Paint-folder-1024x683.jpg 1024w, https:\/\/collall.nl\/wp-content\/uploads\/2022\/03\/Collall-COLBC_Magic-Paint-folder-768x512.jpg 768w, https:\/\/collall.nl\/wp-content\/uploads\/2022\/03\/Collall-COLBC_Magic-Paint-folder-354x236.jpg 354w, https:\/\/collall.nl\/wp-content\/uploads\/2022\/03\/Collall-COLBC_Magic-Paint-folder-600x400.jpg 600w, https:\/\/collall.nl\/wp-content\/uploads\/2022\/03\/Collall-COLBC_Magic-Paint-folder.jpg 1500w\" alt=\"Collall-COLBC_Magic-Paint-folder\" width=\"253\" height=\"168\" data-src=\"https:\/\/collall.nl\/wp-content\/uploads\/2022\/03\/Collall-COLBC_Magic-Paint-folder-300x200.jpg\" data-srcset=\"https:\/\/collall.nl\/wp-content\/uploads\/2022\/03\/Collall-COLBC_Magic-Paint-folder-300x200.jpg 300w, https:\/\/collall.nl\/wp-content\/uploads\/2022\/03\/Collall-COLBC_Magic-Paint-folder-1024x683.jpg 1024w, https:\/\/collall.nl\/wp-content\/uploads\/2022\/03\/Collall-COLBC_Magic-Paint-folder-768x512.jpg 768w, https:\/\/collall.nl\/wp-content\/uploads\/2022\/03\/Collall-COLBC_Magic-Paint-folder-354x236.jpg 354w, https:\/\/collall.nl\/wp-content\/uploads\/2022\/03\/Collall-COLBC_Magic-Paint-folder-600x400.jpg 600w, https:\/\/collall.nl\/wp-content\/uploads\/2022\/03\/Collall-COLBC_Magic-Paint-folder.jpg 1500w\" data-sizes=\"(max-width: 253px) 100vw, 253px\" data-was-processed=\"true\" \/><\/p>\n<p>Download:<strong><a href=\"https:\/\/collall.nl\/wp-content\/uploads\/2026\/03\/MagicPaint_folder_2026.pdf\" target=\"_blank\" rel=\"noopener\"> Magic Paint brochure<\/a><\/strong><\/p>\n","protected":false},"featured_media":19269,"comment_status":"open","ping_status":"closed","template":"","meta":{"_acf_changed":false},"product_brand":[],"product_cat":[180],"product_tag":[],"class_list":{"0":"post-10974","1":"product","2":"type-product","3":"status-publish","4":"has-post-thumbnail","6":"product_cat-farbprodukte","8":"first","9":"instock","10":"shipping-taxable","11":"purchasable","12":"product-type-variable"},"acf":[],"yoast_head":"<!-- This site is optimized with the Yoast SEO plugin v27.2 - https:\/\/yoast.com\/product\/yoast-seo-wordpress\/ -->\n<title>Magic Paint Zauberfarbe - Collall<\/title>\n<meta name=\"description\" content=\"Collall Magic Paint Toververf ist eine einzigartige, wasserbasierte All-in-One-Zauberfarbe f\u00fcr endlosen kreativen Malspa\u00df.\" \/>\n<meta name=\"robots\" content=\"index, follow, max-snippet:-1, max-image-preview:large, max-video-preview:-1\" \/>\n<link rel=\"canonical\" href=\"https:\/\/collall.nl\/de\/product\/magic-paint-zauberfarbe\/\" \/>\n<meta property=\"og:locale\" content=\"de_DE\" \/>\n<meta property=\"og:type\" content=\"article\" \/>\n<meta property=\"og:title\" content=\"Magic Paint Zauberfarbe - Collall\" \/>\n<meta property=\"og:description\" content=\"Collall Magic Paint Toververf ist eine einzigartige, wasserbasierte All-in-One-Zauberfarbe f\u00fcr endlosen kreativen Malspa\u00df.\" \/>\n<meta property=\"og:url\" content=\"https:\/\/collall.nl\/de\/product\/magic-paint-zauberfarbe\/\" \/>\n<meta property=\"og:site_name\" content=\"Collall\" \/>\n<meta property=\"article:publisher\" content=\"https:\/\/www.facebook.com\/people\/Collall\/100064976852539\/\" \/>\n<meta property=\"article:modified_time\" content=\"2026-03-17T09:29:43+00:00\" \/>\n<meta property=\"og:image\" content=\"https:\/\/collall.nl\/wp-content\/uploads\/2022\/03\/COLBC010011-Collall-Magic-Paint-rood.jpg\" \/>\n\t<meta property=\"og:image:width\" content=\"800\" \/>\n\t<meta property=\"og:image:height\" content=\"800\" \/>\n\t<meta property=\"og:image:type\" content=\"image\/jpeg\" \/>\n<meta name=\"twitter:card\" content=\"summary_large_image\" \/>\n<meta name=\"twitter:label1\" content=\"Gesch\u00e4tzte Lesezeit\" \/>\n\t<meta name=\"twitter:data1\" content=\"3\u00a0Minuten\" \/>\n<script type=\"application\/ld+json\" class=\"yoast-schema-graph\">{\"@context\":\"https:\/\/schema.org\",\"@graph\":[{\"@type\":\"WebPage\",\"@id\":\"https:\/\/collall.nl\/de\/product\/magic-paint-zauberfarbe\/\",\"url\":\"https:\/\/collall.nl\/de\/product\/magic-paint-zauberfarbe\/\",\"name\":\"Magic Paint Zauberfarbe - Collall\",\"isPartOf\":{\"@id\":\"https:\/\/collall.nl\/#website\"},\"primaryImageOfPage\":{\"@id\":\"https:\/\/collall.nl\/de\/product\/magic-paint-zauberfarbe\/#primaryimage\"},\"image\":{\"@id\":\"https:\/\/collall.nl\/de\/product\/magic-paint-zauberfarbe\/#primaryimage\"},\"thumbnailUrl\":\"https:\/\/collall.nl\/wp-content\/uploads\/2022\/03\/COLBC010011-Collall-Magic-Paint-rood.jpg\",\"datePublished\":\"2022-03-01T09:24:36+00:00\",\"dateModified\":\"2026-03-17T09:29:43+00:00\",\"description\":\"Collall Magic Paint Toververf ist eine einzigartige, wasserbasierte All-in-One-Zauberfarbe f\u00fcr endlosen kreativen Malspa\u00df.\",\"breadcrumb\":{\"@id\":\"https:\/\/collall.nl\/de\/product\/magic-paint-zauberfarbe\/#breadcrumb\"},\"inLanguage\":\"de\",\"potentialAction\":[{\"@type\":\"ReadAction\",\"target\":[\"https:\/\/collall.nl\/de\/product\/magic-paint-zauberfarbe\/\"]}]},{\"@type\":\"ImageObject\",\"inLanguage\":\"de\",\"@id\":\"https:\/\/collall.nl\/de\/product\/magic-paint-zauberfarbe\/#primaryimage\",\"url\":\"https:\/\/collall.nl\/wp-content\/uploads\/2022\/03\/COLBC010011-Collall-Magic-Paint-rood.jpg\",\"contentUrl\":\"https:\/\/collall.nl\/wp-content\/uploads\/2022\/03\/COLBC010011-Collall-Magic-Paint-rood.jpg\",\"width\":800,\"height\":800},{\"@type\":\"BreadcrumbList\",\"@id\":\"https:\/\/collall.nl\/de\/product\/magic-paint-zauberfarbe\/#breadcrumb\",\"itemListElement\":[{\"@type\":\"ListItem\",\"position\":1,\"name\":\"Home\",\"item\":\"https:\/\/collall.nl\/de\/hauptseite\/\"},{\"@type\":\"ListItem\",\"position\":2,\"name\":\"Produkte\",\"item\":\"https:\/\/collall.nl\/de\/produkte\/\"},{\"@type\":\"ListItem\",\"position\":3,\"name\":\"Magic Paint Zauberfarbe\"}]},{\"@type\":\"WebSite\",\"@id\":\"https:\/\/collall.nl\/#website\",\"url\":\"https:\/\/collall.nl\/\",\"name\":\"Collall\",\"description\":\"Adhesives &amp; Paints since 1949\",\"publisher\":{\"@id\":\"https:\/\/collall.nl\/#organization\"},\"potentialAction\":[{\"@type\":\"SearchAction\",\"target\":{\"@type\":\"EntryPoint\",\"urlTemplate\":\"https:\/\/collall.nl\/?s={search_term_string}\"},\"query-input\":{\"@type\":\"PropertyValueSpecification\",\"valueRequired\":true,\"valueName\":\"search_term_string\"}}],\"inLanguage\":\"de\"},{\"@type\":\"Organization\",\"@id\":\"https:\/\/collall.nl\/#organization\",\"name\":\"Collall B.V.\",\"url\":\"https:\/\/collall.nl\/\",\"logo\":{\"@type\":\"ImageObject\",\"inLanguage\":\"de\",\"@id\":\"https:\/\/collall.nl\/#\/schema\/logo\/image\/\",\"url\":\"https:\/\/collall.nl\/wp-content\/uploads\/2022\/08\/Collall-logo-186C_Reflex-blue.jpg\",\"contentUrl\":\"https:\/\/collall.nl\/wp-content\/uploads\/2022\/08\/Collall-logo-186C_Reflex-blue.jpg\",\"width\":1963,\"height\":1179,\"caption\":\"Collall B.V.\"},\"image\":{\"@id\":\"https:\/\/collall.nl\/#\/schema\/logo\/image\/\"},\"sameAs\":[\"https:\/\/www.facebook.com\/people\/Collall\/100064976852539\/\",\"https:\/\/www.instagram.com\/collall_1949\/\",\"https:\/\/nl.pinterest.com\/CollallBV\/\",\"https:\/\/www.youtube.com\/channel\/UCrCGuwth_udZhTqJSh5g9zg\"]}]}<\/script>\n<!-- \/ Yoast SEO plugin. -->","yoast_head_json":{"title":"Magic Paint Zauberfarbe - Collall","description":"Collall Magic Paint Toververf ist eine einzigartige, wasserbasierte All-in-One-Zauberfarbe f\u00fcr endlosen kreativen Malspa\u00df.","robots":{"index":"index","follow":"follow","max-snippet":"max-snippet:-1","max-image-preview":"max-image-preview:large","max-video-preview":"max-video-preview:-1"},"canonical":"https:\/\/collall.nl\/de\/product\/magic-paint-zauberfarbe\/","og_locale":"de_DE","og_type":"article","og_title":"Magic Paint Zauberfarbe - Collall","og_description":"Collall Magic Paint Toververf ist eine einzigartige, wasserbasierte All-in-One-Zauberfarbe f\u00fcr endlosen kreativen Malspa\u00df.","og_url":"https:\/\/collall.nl\/de\/product\/magic-paint-zauberfarbe\/","og_site_name":"Collall","article_publisher":"https:\/\/www.facebook.com\/people\/Collall\/100064976852539\/","article_modified_time":"2026-03-17T09:29:43+00:00","og_image":[{"width":800,"height":800,"url":"https:\/\/collall.nl\/wp-content\/uploads\/2022\/03\/COLBC010011-Collall-Magic-Paint-rood.jpg","type":"image\/jpeg"}],"twitter_card":"summary_large_image","twitter_misc":{"Gesch\u00e4tzte Lesezeit":"3\u00a0Minuten"},"schema":{"@context":"https:\/\/schema.org","@graph":[{"@type":"WebPage","@id":"https:\/\/collall.nl\/de\/product\/magic-paint-zauberfarbe\/","url":"https:\/\/collall.nl\/de\/product\/magic-paint-zauberfarbe\/","name":"Magic Paint Zauberfarbe - Collall","isPartOf":{"@id":"https:\/\/collall.nl\/#website"},"primaryImageOfPage":{"@id":"https:\/\/collall.nl\/de\/product\/magic-paint-zauberfarbe\/#primaryimage"},"image":{"@id":"https:\/\/collall.nl\/de\/product\/magic-paint-zauberfarbe\/#primaryimage"},"thumbnailUrl":"https:\/\/collall.nl\/wp-content\/uploads\/2022\/03\/COLBC010011-Collall-Magic-Paint-rood.jpg","datePublished":"2022-03-01T09:24:36+00:00","dateModified":"2026-03-17T09:29:43+00:00","description":"Collall Magic Paint Toververf ist eine einzigartige, wasserbasierte All-in-One-Zauberfarbe f\u00fcr endlosen kreativen Malspa\u00df.","breadcrumb":{"@id":"https:\/\/collall.nl\/de\/product\/magic-paint-zauberfarbe\/#breadcrumb"},"inLanguage":"de","potentialAction":[{"@type":"ReadAction","target":["https:\/\/collall.nl\/de\/product\/magic-paint-zauberfarbe\/"]}]},{"@type":"ImageObject","inLanguage":"de","@id":"https:\/\/collall.nl\/de\/product\/magic-paint-zauberfarbe\/#primaryimage","url":"https:\/\/collall.nl\/wp-content\/uploads\/2022\/03\/COLBC010011-Collall-Magic-Paint-rood.jpg","contentUrl":"https:\/\/collall.nl\/wp-content\/uploads\/2022\/03\/COLBC010011-Collall-Magic-Paint-rood.jpg","width":800,"height":800},{"@type":"BreadcrumbList","@id":"https:\/\/collall.nl\/de\/product\/magic-paint-zauberfarbe\/#breadcrumb","itemListElement":[{"@type":"ListItem","position":1,"name":"Home","item":"https:\/\/collall.nl\/de\/hauptseite\/"},{"@type":"ListItem","position":2,"name":"Produkte","item":"https:\/\/collall.nl\/de\/produkte\/"},{"@type":"ListItem","position":3,"name":"Magic Paint Zauberfarbe"}]},{"@type":"WebSite","@id":"https:\/\/collall.nl\/#website","url":"https:\/\/collall.nl\/","name":"Collall","description":"Adhesives &amp; Paints since 1949","publisher":{"@id":"https:\/\/collall.nl\/#organization"},"potentialAction":[{"@type":"SearchAction","target":{"@type":"EntryPoint","urlTemplate":"https:\/\/collall.nl\/?s={search_term_string}"},"query-input":{"@type":"PropertyValueSpecification","valueRequired":true,"valueName":"search_term_string"}}],"inLanguage":"de"},{"@type":"Organization","@id":"https:\/\/collall.nl\/#organization","name":"Collall B.V.","url":"https:\/\/collall.nl\/","logo":{"@type":"ImageObject","inLanguage":"de","@id":"https:\/\/collall.nl\/#\/schema\/logo\/image\/","url":"https:\/\/collall.nl\/wp-content\/uploads\/2022\/08\/Collall-logo-186C_Reflex-blue.jpg","contentUrl":"https:\/\/collall.nl\/wp-content\/uploads\/2022\/08\/Collall-logo-186C_Reflex-blue.jpg","width":1963,"height":1179,"caption":"Collall B.V."},"image":{"@id":"https:\/\/collall.nl\/#\/schema\/logo\/image\/"},"sameAs":["https:\/\/www.facebook.com\/people\/Collall\/100064976852539\/","https:\/\/www.instagram.com\/collall_1949\/","https:\/\/nl.pinterest.com\/CollallBV\/","https:\/\/www.youtube.com\/channel\/UCrCGuwth_udZhTqJSh5g9zg"]}]}},"_links":{"self":[{"href":"https:\/\/collall.nl\/de\/wp-json\/wp\/v2\/product\/10974","targetHints":{"allow":["GET"]}}],"collection":[{"href":"https:\/\/collall.nl\/de\/wp-json\/wp\/v2\/product"}],"about":[{"href":"https:\/\/collall.nl\/de\/wp-json\/wp\/v2\/types\/product"}],"replies":[{"embeddable":true,"href":"https:\/\/collall.nl\/de\/wp-json\/wp\/v2\/comments?post=10974"}],"wp:featuredmedia":[{"embeddable":true,"href":"https:\/\/collall.nl\/de\/wp-json\/wp\/v2\/media\/19269"}],"wp:attachment":[{"href":"https:\/\/collall.nl\/de\/wp-json\/wp\/v2\/media?parent=10974"}],"wp:term":[{"taxonomy":"product_brand","embeddable":true,"href":"https:\/\/collall.nl\/de\/wp-json\/wp\/v2\/product_brand?post=10974"},{"taxonomy":"product_cat","embeddable":true,"href":"https:\/\/collall.nl\/de\/wp-json\/wp\/v2\/product_cat?post=10974"},{"taxonomy":"product_tag","embeddable":true,"href":"https:\/\/collall.nl\/de\/wp-json\/wp\/v2\/product_tag?post=10974"}],"curies":[{"name":"wp","href":"https:\/\/api.w.org\/{rel}","templated":true}]}}