{"id":10768,"date":"2022-03-01T09:22:44","date_gmt":"2022-03-01T09:22:44","guid":{"rendered":"http:\/\/collall.test\/product\/collall-papierkleber\/"},"modified":"2025-03-25T11:35:31","modified_gmt":"2025-03-25T10:35:31","slug":"collall-papierkleber","status":"publish","type":"product","link":"https:\/\/collall.nl\/de\/product\/collall-papierkleber\/","title":{"rendered":"Collall PapierKleber"},"content":{"rendered":"<p><strong>Anwendung:<\/strong> Collall Papierkleber ist geeignet zum Kleben von Papier, Karton und verschiedenen leichten Bastelmaterialien.<\/p>\n<p><strong>Aussehen und Geruch:<\/strong><\/p>\n<ul>\n<li>Fl\u00fcssig transparent<\/li>\n<li>Nahezu geruchlos.<\/li>\n<li>Leicht auswaschbar<\/li>\n<\/ul>\n<p class=\"p1\"><strong>L\u00f6sungsmittel:<\/strong> Wasser<\/p>\n<p class=\"p1\"><strong>Hauptinhaltsstoff: <\/strong>Polyvinylalkohol<\/p>\n<p class=\"p1\"><b>Nat\u00fcrliche Inhaltsstoffe:<\/b> 90%<\/p>\n<p class=\"p1\"><b>Viskosit\u00e4t:<\/b> 3.000 mPa.s<\/p>\n<p><strong>pH:<\/strong>\u00a07<\/p>\n<p class=\"p1\"><strong>Dichte:<\/strong> 1,025 kg\/dm\u00b3<\/p>\n<p class=\"p1\"><strong>CE:<\/strong> Ja<\/p>\n<p class=\"p1\"><strong>Leimverbrauch:<\/strong> Je nach Saugf\u00e4higkeit der zu verklebenden Materialien, ca. 100 &#8211; 150 Gramm pro Quadratmeter, einseitig aufgetragen.<\/p>\n<p class=\"p1\"><strong>Verwendung:<\/strong><\/p>\n<ul class=\"ul1\">\n<li class=\"li1\">Die zu klebenden Materialien sollten trocken und frei von Staub und Schmutz sein.<\/li>\n<li class=\"li1\">Direkt aus der Flasche auf die Oberfl\u00e4che auftragen und gegebenenfalls mit einem\u00a0<a href=\"https:\/\/collall.nl\/de\/product\/colorall-leimpinsel-leimspachtel\/\"><span class=\"s2\">Spachtel oder Pinsel<\/span><\/a>\u00a0verteilen.<\/li>\n<li class=\"li1\">Idealerweise bei Raumtemperatur verwenden. Kurz antrocknen lassen und beide Teile einige Augenblicken fest andr\u00fccken.<\/li>\n<li class=\"li1\">Der Klebstoff kann einseitig oder zweiseitig aufgetragen werden.<\/li>\n<\/ul>\n<p><strong>Allergene:<\/strong>\u00a0Enth\u00e4lt CMIT\/MIT.\u00a0Kann allergische Reaktionen hervorrufen.<\/p>\n<p><strong>Geeignet f\u00fcr:\u00a0<\/strong>Kinder ab 3 Jahren.<\/p>\n<p><strong>Flecken:<\/strong><\/p>\n<ul>\n<li class=\"p1\">Wenn der Kleber noch feucht ist, k\u00f6nnen Werkzeuge\/Oberfl\u00e4chen einfach mit Wasser gereinigt werden.<\/li>\n<li class=\"p1\">Leicht mit kaltem\/warmem Wasser von Hand oder in der Waschmaschine auswaschbar.<\/li>\n<\/ul>\n<p>&nbsp;<\/p>\n","protected":false},"excerpt":{"rendered":"<p class=\"p1\">Collall Papierkleber auf Wasserbasis ist die L\u00f6sung f\u00fcr kreative K\u00f6pfe. Die Flasche enth\u00e4lt eine kleine B\u00fcrste, die im Deckel integriert ist. Geeignet zum Kleben von Papier, Karton und verschiedenen leichten Bastelmaterialien.<\/p>\n<p class=\"p1\">Kein Hantieren mit einem losen, klebrigen Pinsel mehr, sondern m\u00fcheloses Kleben verschiedener Materialien!<\/p>\n","protected":false},"featured_media":20126,"comment_status":"open","ping_status":"closed","template":"","meta":{"_acf_changed":false},"product_brand":[],"product_cat":[176],"product_tag":[],"class_list":{"0":"post-10768","1":"product","2":"type-product","3":"status-publish","4":"has-post-thumbnail","6":"product_cat-kleber-und-lackleim","8":"first","9":"instock","10":"shipping-taxable","11":"purchasable","12":"product-type-variable"},"acf":[],"yoast_head":"<!-- This site is optimized with the Yoast SEO plugin v27.2 - https:\/\/yoast.com\/product\/yoast-seo-wordpress\/ -->\n<title>Collall PapierKleber - Collall<\/title>\n<meta name=\"description\" content=\"Collall Papierkleber auf Wasserbasis ist die L\u00f6sung f\u00fcr kreative K\u00f6pfe. Der Klebstoff enth\u00e4lt n\u00e4mlich einen in den Deckel integrierten Kleinspinsel.\" \/>\n<meta name=\"robots\" content=\"index, follow, max-snippet:-1, max-image-preview:large, max-video-preview:-1\" \/>\n<link rel=\"canonical\" href=\"https:\/\/collall.nl\/de\/product\/collall-papierkleber\/\" \/>\n<meta property=\"og:locale\" content=\"de_DE\" \/>\n<meta property=\"og:type\" content=\"article\" \/>\n<meta property=\"og:title\" content=\"Collall PapierKleber - Collall\" \/>\n<meta property=\"og:description\" content=\"Collall Papierkleber auf Wasserbasis ist die L\u00f6sung f\u00fcr kreative K\u00f6pfe. Der Klebstoff enth\u00e4lt n\u00e4mlich einen in den Deckel integrierten Kleinspinsel.\" \/>\n<meta property=\"og:url\" content=\"https:\/\/collall.nl\/de\/product\/collall-papierkleber\/\" \/>\n<meta property=\"og:site_name\" content=\"Collall\" \/>\n<meta property=\"article:publisher\" content=\"https:\/\/www.facebook.com\/people\/Collall\/100064976852539\/\" \/>\n<meta property=\"article:modified_time\" content=\"2025-03-25T10:35:31+00:00\" \/>\n<meta property=\"og:image\" content=\"https:\/\/collall.nl\/wp-content\/uploads\/2022\/03\/COLPA0100.jpg\" \/>\n\t<meta property=\"og:image:width\" content=\"800\" \/>\n\t<meta property=\"og:image:height\" content=\"800\" \/>\n\t<meta property=\"og:image:type\" content=\"image\/jpeg\" \/>\n<meta name=\"twitter:card\" content=\"summary_large_image\" \/>\n<meta name=\"twitter:label1\" content=\"Gesch\u00e4tzte Lesezeit\" \/>\n\t<meta name=\"twitter:data1\" content=\"1\u00a0Minute\" \/>\n<script type=\"application\/ld+json\" class=\"yoast-schema-graph\">{\"@context\":\"https:\/\/schema.org\",\"@graph\":[{\"@type\":\"WebPage\",\"@id\":\"https:\/\/collall.nl\/de\/product\/collall-papierkleber\/\",\"url\":\"https:\/\/collall.nl\/de\/product\/collall-papierkleber\/\",\"name\":\"Collall PapierKleber - Collall\",\"isPartOf\":{\"@id\":\"https:\/\/collall.nl\/#website\"},\"primaryImageOfPage\":{\"@id\":\"https:\/\/collall.nl\/de\/product\/collall-papierkleber\/#primaryimage\"},\"image\":{\"@id\":\"https:\/\/collall.nl\/de\/product\/collall-papierkleber\/#primaryimage\"},\"thumbnailUrl\":\"https:\/\/collall.nl\/wp-content\/uploads\/2022\/03\/COLPA0100.jpg\",\"datePublished\":\"2022-03-01T09:22:44+00:00\",\"dateModified\":\"2025-03-25T10:35:31+00:00\",\"description\":\"Collall Papierkleber auf Wasserbasis ist die L\u00f6sung f\u00fcr kreative K\u00f6pfe. Der Klebstoff enth\u00e4lt n\u00e4mlich einen in den Deckel integrierten Kleinspinsel.\",\"breadcrumb\":{\"@id\":\"https:\/\/collall.nl\/de\/product\/collall-papierkleber\/#breadcrumb\"},\"inLanguage\":\"de\",\"potentialAction\":[{\"@type\":\"ReadAction\",\"target\":[\"https:\/\/collall.nl\/de\/product\/collall-papierkleber\/\"]}]},{\"@type\":\"ImageObject\",\"inLanguage\":\"de\",\"@id\":\"https:\/\/collall.nl\/de\/product\/collall-papierkleber\/#primaryimage\",\"url\":\"https:\/\/collall.nl\/wp-content\/uploads\/2022\/03\/COLPA0100.jpg\",\"contentUrl\":\"https:\/\/collall.nl\/wp-content\/uploads\/2022\/03\/COLPA0100.jpg\",\"width\":800,\"height\":800},{\"@type\":\"BreadcrumbList\",\"@id\":\"https:\/\/collall.nl\/de\/product\/collall-papierkleber\/#breadcrumb\",\"itemListElement\":[{\"@type\":\"ListItem\",\"position\":1,\"name\":\"Home\",\"item\":\"https:\/\/collall.nl\/de\/\"},{\"@type\":\"ListItem\",\"position\":2,\"name\":\"Produkte\",\"item\":\"https:\/\/collall.nl\/de\/produkte\/\"},{\"@type\":\"ListItem\",\"position\":3,\"name\":\"Collall PapierKleber\"}]},{\"@type\":\"WebSite\",\"@id\":\"https:\/\/collall.nl\/#website\",\"url\":\"https:\/\/collall.nl\/\",\"name\":\"Collall\",\"description\":\"Adhesives &amp; Paints since 1949\",\"publisher\":{\"@id\":\"https:\/\/collall.nl\/#organization\"},\"potentialAction\":[{\"@type\":\"SearchAction\",\"target\":{\"@type\":\"EntryPoint\",\"urlTemplate\":\"https:\/\/collall.nl\/?s={search_term_string}\"},\"query-input\":{\"@type\":\"PropertyValueSpecification\",\"valueRequired\":true,\"valueName\":\"search_term_string\"}}],\"inLanguage\":\"de\"},{\"@type\":\"Organization\",\"@id\":\"https:\/\/collall.nl\/#organization\",\"name\":\"Collall B.V.\",\"url\":\"https:\/\/collall.nl\/\",\"logo\":{\"@type\":\"ImageObject\",\"inLanguage\":\"de\",\"@id\":\"https:\/\/collall.nl\/#\/schema\/logo\/image\/\",\"url\":\"https:\/\/collall.nl\/wp-content\/uploads\/2022\/08\/Collall-logo-186C_Reflex-blue.jpg\",\"contentUrl\":\"https:\/\/collall.nl\/wp-content\/uploads\/2022\/08\/Collall-logo-186C_Reflex-blue.jpg\",\"width\":1963,\"height\":1179,\"caption\":\"Collall B.V.\"},\"image\":{\"@id\":\"https:\/\/collall.nl\/#\/schema\/logo\/image\/\"},\"sameAs\":[\"https:\/\/www.facebook.com\/people\/Collall\/100064976852539\/\",\"https:\/\/www.instagram.com\/collall_1949\/\",\"https:\/\/nl.pinterest.com\/CollallBV\/\",\"https:\/\/www.youtube.com\/channel\/UCrCGuwth_udZhTqJSh5g9zg\"]}]}<\/script>\n<!-- \/ Yoast SEO plugin. -->","yoast_head_json":{"title":"Collall PapierKleber - Collall","description":"Collall Papierkleber auf Wasserbasis ist die L\u00f6sung f\u00fcr kreative K\u00f6pfe. Der Klebstoff enth\u00e4lt n\u00e4mlich einen in den Deckel integrierten Kleinspinsel.","robots":{"index":"index","follow":"follow","max-snippet":"max-snippet:-1","max-image-preview":"max-image-preview:large","max-video-preview":"max-video-preview:-1"},"canonical":"https:\/\/collall.nl\/de\/product\/collall-papierkleber\/","og_locale":"de_DE","og_type":"article","og_title":"Collall PapierKleber - Collall","og_description":"Collall Papierkleber auf Wasserbasis ist die L\u00f6sung f\u00fcr kreative K\u00f6pfe. Der Klebstoff enth\u00e4lt n\u00e4mlich einen in den Deckel integrierten Kleinspinsel.","og_url":"https:\/\/collall.nl\/de\/product\/collall-papierkleber\/","og_site_name":"Collall","article_publisher":"https:\/\/www.facebook.com\/people\/Collall\/100064976852539\/","article_modified_time":"2025-03-25T10:35:31+00:00","og_image":[{"width":800,"height":800,"url":"https:\/\/collall.nl\/wp-content\/uploads\/2022\/03\/COLPA0100.jpg","type":"image\/jpeg"}],"twitter_card":"summary_large_image","twitter_misc":{"Gesch\u00e4tzte Lesezeit":"1\u00a0Minute"},"schema":{"@context":"https:\/\/schema.org","@graph":[{"@type":"WebPage","@id":"https:\/\/collall.nl\/de\/product\/collall-papierkleber\/","url":"https:\/\/collall.nl\/de\/product\/collall-papierkleber\/","name":"Collall PapierKleber - Collall","isPartOf":{"@id":"https:\/\/collall.nl\/#website"},"primaryImageOfPage":{"@id":"https:\/\/collall.nl\/de\/product\/collall-papierkleber\/#primaryimage"},"image":{"@id":"https:\/\/collall.nl\/de\/product\/collall-papierkleber\/#primaryimage"},"thumbnailUrl":"https:\/\/collall.nl\/wp-content\/uploads\/2022\/03\/COLPA0100.jpg","datePublished":"2022-03-01T09:22:44+00:00","dateModified":"2025-03-25T10:35:31+00:00","description":"Collall Papierkleber auf Wasserbasis ist die L\u00f6sung f\u00fcr kreative K\u00f6pfe. Der Klebstoff enth\u00e4lt n\u00e4mlich einen in den Deckel integrierten Kleinspinsel.","breadcrumb":{"@id":"https:\/\/collall.nl\/de\/product\/collall-papierkleber\/#breadcrumb"},"inLanguage":"de","potentialAction":[{"@type":"ReadAction","target":["https:\/\/collall.nl\/de\/product\/collall-papierkleber\/"]}]},{"@type":"ImageObject","inLanguage":"de","@id":"https:\/\/collall.nl\/de\/product\/collall-papierkleber\/#primaryimage","url":"https:\/\/collall.nl\/wp-content\/uploads\/2022\/03\/COLPA0100.jpg","contentUrl":"https:\/\/collall.nl\/wp-content\/uploads\/2022\/03\/COLPA0100.jpg","width":800,"height":800},{"@type":"BreadcrumbList","@id":"https:\/\/collall.nl\/de\/product\/collall-papierkleber\/#breadcrumb","itemListElement":[{"@type":"ListItem","position":1,"name":"Home","item":"https:\/\/collall.nl\/de\/"},{"@type":"ListItem","position":2,"name":"Produkte","item":"https:\/\/collall.nl\/de\/produkte\/"},{"@type":"ListItem","position":3,"name":"Collall PapierKleber"}]},{"@type":"WebSite","@id":"https:\/\/collall.nl\/#website","url":"https:\/\/collall.nl\/","name":"Collall","description":"Adhesives &amp; Paints since 1949","publisher":{"@id":"https:\/\/collall.nl\/#organization"},"potentialAction":[{"@type":"SearchAction","target":{"@type":"EntryPoint","urlTemplate":"https:\/\/collall.nl\/?s={search_term_string}"},"query-input":{"@type":"PropertyValueSpecification","valueRequired":true,"valueName":"search_term_string"}}],"inLanguage":"de"},{"@type":"Organization","@id":"https:\/\/collall.nl\/#organization","name":"Collall B.V.","url":"https:\/\/collall.nl\/","logo":{"@type":"ImageObject","inLanguage":"de","@id":"https:\/\/collall.nl\/#\/schema\/logo\/image\/","url":"https:\/\/collall.nl\/wp-content\/uploads\/2022\/08\/Collall-logo-186C_Reflex-blue.jpg","contentUrl":"https:\/\/collall.nl\/wp-content\/uploads\/2022\/08\/Collall-logo-186C_Reflex-blue.jpg","width":1963,"height":1179,"caption":"Collall B.V."},"image":{"@id":"https:\/\/collall.nl\/#\/schema\/logo\/image\/"},"sameAs":["https:\/\/www.facebook.com\/people\/Collall\/100064976852539\/","https:\/\/www.instagram.com\/collall_1949\/","https:\/\/nl.pinterest.com\/CollallBV\/","https:\/\/www.youtube.com\/channel\/UCrCGuwth_udZhTqJSh5g9zg"]}]}},"_links":{"self":[{"href":"https:\/\/collall.nl\/de\/wp-json\/wp\/v2\/product\/10768","targetHints":{"allow":["GET"]}}],"collection":[{"href":"https:\/\/collall.nl\/de\/wp-json\/wp\/v2\/product"}],"about":[{"href":"https:\/\/collall.nl\/de\/wp-json\/wp\/v2\/types\/product"}],"replies":[{"embeddable":true,"href":"https:\/\/collall.nl\/de\/wp-json\/wp\/v2\/comments?post=10768"}],"wp:featuredmedia":[{"embeddable":true,"href":"https:\/\/collall.nl\/de\/wp-json\/wp\/v2\/media\/20126"}],"wp:attachment":[{"href":"https:\/\/collall.nl\/de\/wp-json\/wp\/v2\/media?parent=10768"}],"wp:term":[{"taxonomy":"product_brand","embeddable":true,"href":"https:\/\/collall.nl\/de\/wp-json\/wp\/v2\/product_brand?post=10768"},{"taxonomy":"product_cat","embeddable":true,"href":"https:\/\/collall.nl\/de\/wp-json\/wp\/v2\/product_cat?post=10768"},{"taxonomy":"product_tag","embeddable":true,"href":"https:\/\/collall.nl\/de\/wp-json\/wp\/v2\/product_tag?post=10768"}],"curies":[{"name":"wp","href":"https:\/\/api.w.org\/{rel}","templated":true}]}}