{"id":10734,"date":"2022-03-01T09:22:35","date_gmt":"2022-03-01T09:22:36","guid":{"rendered":"http:\/\/collall.test\/product\/collall-gruskartenkleber\/"},"modified":"2024-08-12T09:19:51","modified_gmt":"2024-08-12T07:19:51","slug":"collall-gruskartenkleber","status":"publish","type":"product","link":"https:\/\/collall.nl\/de\/product\/collall-gruskartenkleber\/","title":{"rendered":"Collall Gru\u00dfkartenkleber"},"content":{"rendered":"<p><strong>Klebstofftyp:<\/strong>\u00a0 Collall Gru\u00dfkartenkleber ist ein 100% s\u00e4urefreier Kleber, der speziell f\u00fcr die Gestaltung von Gru\u00dfkarten entwickelt wurde. Neben Schere, Lineal, Papier, Schneidemesser, Bleistift etc. geh\u00f6rt dieser Kleber unbedingt zur Grundausstattung. Er eignet sich sehr gut zum faltenfreien Kleben und Neupositionieren von Papier, Pappe und Karten.<\/p>\n<p style=\"margin-left: -3pt;\"><strong>Hauptmerkmale:<\/strong><\/p>\n<ul>\n<li>Transparent,matt<\/li>\n<li>Nicht s\u00e4urehaltig<\/li>\n<li>Klebt Faltenfrei<\/li>\n<li>Schnell trocknend<\/li>\n<li>Repostionierbar<\/li>\n<li>Leicht entfernbar<\/li>\n<\/ul>\n<p><strong>L\u00f6sungsmittel:<\/strong> Siedepunktbenzin<\/p>\n<p><strong>Hauptbestandteil:<\/strong> Naturkautschuk<\/p>\n<p><strong>PH: <\/strong>+\/- 6<\/p>\n<p><strong>Dichte:<\/strong> \u00a00,70 Kg\/dm3<\/p>\n<p><strong>Verbrauch:<\/strong> etwa 80 g\/m\u00b2<\/p>\n<p><strong>Hinweis:<\/strong> Das L\u00f6sungsmittel in diesem Klebstoff kann (lackierte) Materialien besch\u00e4digen. Testen Sie den Kleber zuerst auf einem Foto\/Bild oder an einer nicht sichtbaren Stelle.<\/p>\n<p><img loading=\"lazy\" decoding=\"async\" class=\"alignnone size-medium wp-image-27540 lazy loaded\" src=\"https:\/\/collall.nl\/wp-content\/uploads\/2022\/03\/Collall-Gevarendriehoeken-Fotolijm-300x100.jpg\" sizes=\"auto, (max-width: 300px) 100vw, 300px\" srcset=\"https:\/\/collall.nl\/wp-content\/uploads\/2022\/03\/Collall-Gevarendriehoeken-Fotolijm-300x100.jpg 300w, https:\/\/collall.nl\/wp-content\/uploads\/2022\/03\/Collall-Gevarendriehoeken-Fotolijm-420x139.jpg 420w, https:\/\/collall.nl\/wp-content\/uploads\/2022\/03\/Collall-Gevarendriehoeken-Fotolijm-600x199.jpg 600w, https:\/\/collall.nl\/wp-content\/uploads\/2022\/03\/Collall-Gevarendriehoeken-Fotolijm.jpg 612w\" alt=\"\" width=\"300\" height=\"100\" data-src=\"https:\/\/collall.nl\/wp-content\/uploads\/2022\/03\/Collall-Gevarendriehoeken-Fotolijm-300x100.jpg\" data-srcset=\"https:\/\/collall.nl\/wp-content\/uploads\/2022\/03\/Collall-Gevarendriehoeken-Fotolijm-300x100.jpg 300w, https:\/\/collall.nl\/wp-content\/uploads\/2022\/03\/Collall-Gevarendriehoeken-Fotolijm-420x139.jpg 420w, https:\/\/collall.nl\/wp-content\/uploads\/2022\/03\/Collall-Gevarendriehoeken-Fotolijm-600x199.jpg 600w, https:\/\/collall.nl\/wp-content\/uploads\/2022\/03\/Collall-Gevarendriehoeken-Fotolijm.jpg 612w\" data-sizes=\"(max-width: 300px) 100vw, 300px\" data-was-processed=\"true\" \/><\/p>\n<p><strong>Gefahr!<\/strong>\u00a0Enth\u00e4lt Hydrocarbons, C6-C7, n-alkanes, isoalkanes, cyclics, &lt;5% n-hexane.<\/p>\n<p>Flu\u0308ssigkeit und Dampf leicht entzu\u0308ndbar. Verursacht Hautreizungen. Kann Schl\u00e4frigkeit und Benommenheit verursachen. Giftig fu\u0308r Wasserorganismen, mit langfristiger Wirkung. Ist \u00e4rztlicher Rat erforderlich, Verpackung oder Kennzeichnungsetikett bereithalten. Darf nicht in die H\u00e4nde von Kindern gelangen. Vor Gebrauch Kennzeichnungsetikett lesen. Von Hitze, hei\u00dfen Oberfl\u00e4chen, Funken, offenen Flammen und anderen Zu\u0308ndquellen fernhalten. Nicht rauchen. Einatmen von Dampf vermeiden. Freisetzung in die Umwelt vermeiden. BEI BER\u00dcHRUNG MIT DER HAUT (oder dem Haar): Alle kontaminierten Kleidungsstu\u0308cke sofort ausziehen. Haut mit Wasser abwaschen [oder duschen]. An einem gut belu\u0308fteten Ort aufbewahren. Beh\u00e4lter dicht verschlossen halten. Inhalt\/Beh\u00e4lter der Problemabfallentsorgung zufu\u0308hren.<\/p>\n<p><strong>Verwendung:<\/strong> Kleber punktf\u00f6rmig auf der Oberfl\u00e4che auftragen und f\u00fcr eine Weile trocknen lassen. Kleben Sie die beiden Oberfl\u00e4chen zusammen. F\u00fcr eine st\u00e4rkere Haftung den Klebstoff auf beiden Oberfl\u00e4chen auftragen.<\/p>\n<p><strong>Geeignet ab:<\/strong> 6+<\/p>\n<p><strong>Reinigung\/ Flecken:<\/strong> Werkzeuge k\u00f6nnen mit Leimverd\u00fcnner, Reinigungsbenzin oder Waschbenzin gereinigt werden. Angetrocknete Leimspuren k\u00f6nnen von vielen Materialien einfach abgerieben oder mit einem Leimradierer entfernt werden.<\/p>\n<p><strong>Haltbarkeit: <\/strong>Mindestens 6 Monate bei sachgem\u00e4\u00dfer Aufbewahrung in der Originalverpackung und k\u00fchler, trockener Lagerung \u00fcber dem Gefrierpunkt.<\/p>\n","protected":false},"excerpt":{"rendered":"<p>Ein 100% s\u00e4urefreier Kleber, der speziell f\u00fcr die Gestaltung von Gru\u00dfkarten entwickelt wurde.<\/p>\n","protected":false},"featured_media":17897,"comment_status":"open","ping_status":"closed","template":"","meta":{"_acf_changed":false},"product_brand":[],"product_cat":[176],"product_tag":[],"class_list":{"0":"post-10734","1":"product","2":"type-product","3":"status-publish","4":"has-post-thumbnail","6":"product_cat-kleber-und-lackleim","8":"first","9":"instock","10":"shipping-taxable","11":"purchasable","12":"product-type-variable"},"acf":[],"yoast_head":"<!-- This site is optimized with the Yoast SEO plugin v27.2 - https:\/\/yoast.com\/product\/yoast-seo-wordpress\/ -->\n<title>Collall Gru\u00dfkartenkleber - Collall<\/title>\n<meta name=\"robots\" content=\"index, follow, max-snippet:-1, max-image-preview:large, max-video-preview:-1\" \/>\n<link rel=\"canonical\" href=\"https:\/\/collall.nl\/de\/product\/collall-gruskartenkleber\/\" \/>\n<meta property=\"og:locale\" content=\"de_DE\" \/>\n<meta property=\"og:type\" content=\"article\" \/>\n<meta property=\"og:title\" content=\"Collall Gru\u00dfkartenkleber - Collall\" \/>\n<meta property=\"og:description\" content=\"Ein 100% s\u00e4urefreier Kleber, der speziell f\u00fcr die Gestaltung von Gru\u00dfkarten entwickelt wurde.\" \/>\n<meta property=\"og:url\" content=\"https:\/\/collall.nl\/de\/product\/collall-gruskartenkleber\/\" \/>\n<meta property=\"og:site_name\" content=\"Collall\" \/>\n<meta property=\"article:publisher\" content=\"https:\/\/www.facebook.com\/people\/Collall\/100064976852539\/\" \/>\n<meta property=\"article:modified_time\" content=\"2024-08-12T07:19:51+00:00\" \/>\n<meta property=\"og:image\" content=\"https:\/\/collall.nl\/wp-content\/uploads\/2022\/03\/COLWK0050.jpg\" \/>\n\t<meta property=\"og:image:width\" content=\"1000\" \/>\n\t<meta property=\"og:image:height\" content=\"1000\" \/>\n\t<meta property=\"og:image:type\" content=\"image\/jpeg\" \/>\n<meta name=\"twitter:card\" content=\"summary_large_image\" \/>\n<meta name=\"twitter:label1\" content=\"Gesch\u00e4tzte Lesezeit\" \/>\n\t<meta name=\"twitter:data1\" content=\"2\u00a0Minuten\" \/>\n<script type=\"application\/ld+json\" class=\"yoast-schema-graph\">{\"@context\":\"https:\/\/schema.org\",\"@graph\":[{\"@type\":\"WebPage\",\"@id\":\"https:\/\/collall.nl\/de\/product\/collall-gruskartenkleber\/\",\"url\":\"https:\/\/collall.nl\/de\/product\/collall-gruskartenkleber\/\",\"name\":\"Collall Gru\u00dfkartenkleber - Collall\",\"isPartOf\":{\"@id\":\"https:\/\/collall.nl\/#website\"},\"primaryImageOfPage\":{\"@id\":\"https:\/\/collall.nl\/de\/product\/collall-gruskartenkleber\/#primaryimage\"},\"image\":{\"@id\":\"https:\/\/collall.nl\/de\/product\/collall-gruskartenkleber\/#primaryimage\"},\"thumbnailUrl\":\"https:\/\/collall.nl\/wp-content\/uploads\/2022\/03\/COLWK0050.jpg\",\"datePublished\":\"2022-03-01T09:22:36+00:00\",\"dateModified\":\"2024-08-12T07:19:51+00:00\",\"breadcrumb\":{\"@id\":\"https:\/\/collall.nl\/de\/product\/collall-gruskartenkleber\/#breadcrumb\"},\"inLanguage\":\"de\",\"potentialAction\":[{\"@type\":\"ReadAction\",\"target\":[\"https:\/\/collall.nl\/de\/product\/collall-gruskartenkleber\/\"]}]},{\"@type\":\"ImageObject\",\"inLanguage\":\"de\",\"@id\":\"https:\/\/collall.nl\/de\/product\/collall-gruskartenkleber\/#primaryimage\",\"url\":\"https:\/\/collall.nl\/wp-content\/uploads\/2022\/03\/COLWK0050.jpg\",\"contentUrl\":\"https:\/\/collall.nl\/wp-content\/uploads\/2022\/03\/COLWK0050.jpg\",\"width\":1000,\"height\":1000,\"caption\":\"COLWK0050\"},{\"@type\":\"BreadcrumbList\",\"@id\":\"https:\/\/collall.nl\/de\/product\/collall-gruskartenkleber\/#breadcrumb\",\"itemListElement\":[{\"@type\":\"ListItem\",\"position\":1,\"name\":\"Home\",\"item\":\"https:\/\/collall.nl\/de\/hauptseite\/\"},{\"@type\":\"ListItem\",\"position\":2,\"name\":\"Produkte\",\"item\":\"https:\/\/collall.nl\/de\/produkte\/\"},{\"@type\":\"ListItem\",\"position\":3,\"name\":\"Collall Gru\u00dfkartenkleber\"}]},{\"@type\":\"WebSite\",\"@id\":\"https:\/\/collall.nl\/#website\",\"url\":\"https:\/\/collall.nl\/\",\"name\":\"Collall\",\"description\":\"Adhesives &amp; Paints since 1949\",\"publisher\":{\"@id\":\"https:\/\/collall.nl\/#organization\"},\"potentialAction\":[{\"@type\":\"SearchAction\",\"target\":{\"@type\":\"EntryPoint\",\"urlTemplate\":\"https:\/\/collall.nl\/?s={search_term_string}\"},\"query-input\":{\"@type\":\"PropertyValueSpecification\",\"valueRequired\":true,\"valueName\":\"search_term_string\"}}],\"inLanguage\":\"de\"},{\"@type\":\"Organization\",\"@id\":\"https:\/\/collall.nl\/#organization\",\"name\":\"Collall B.V.\",\"url\":\"https:\/\/collall.nl\/\",\"logo\":{\"@type\":\"ImageObject\",\"inLanguage\":\"de\",\"@id\":\"https:\/\/collall.nl\/#\/schema\/logo\/image\/\",\"url\":\"https:\/\/collall.nl\/wp-content\/uploads\/2022\/08\/Collall-logo-186C_Reflex-blue.jpg\",\"contentUrl\":\"https:\/\/collall.nl\/wp-content\/uploads\/2022\/08\/Collall-logo-186C_Reflex-blue.jpg\",\"width\":1963,\"height\":1179,\"caption\":\"Collall B.V.\"},\"image\":{\"@id\":\"https:\/\/collall.nl\/#\/schema\/logo\/image\/\"},\"sameAs\":[\"https:\/\/www.facebook.com\/people\/Collall\/100064976852539\/\",\"https:\/\/www.instagram.com\/collall_1949\/\",\"https:\/\/nl.pinterest.com\/CollallBV\/\",\"https:\/\/www.youtube.com\/channel\/UCrCGuwth_udZhTqJSh5g9zg\"]}]}<\/script>\n<!-- \/ Yoast SEO plugin. -->","yoast_head_json":{"title":"Collall Gru\u00dfkartenkleber - Collall","robots":{"index":"index","follow":"follow","max-snippet":"max-snippet:-1","max-image-preview":"max-image-preview:large","max-video-preview":"max-video-preview:-1"},"canonical":"https:\/\/collall.nl\/de\/product\/collall-gruskartenkleber\/","og_locale":"de_DE","og_type":"article","og_title":"Collall Gru\u00dfkartenkleber - Collall","og_description":"Ein 100% s\u00e4urefreier Kleber, der speziell f\u00fcr die Gestaltung von Gru\u00dfkarten entwickelt wurde.","og_url":"https:\/\/collall.nl\/de\/product\/collall-gruskartenkleber\/","og_site_name":"Collall","article_publisher":"https:\/\/www.facebook.com\/people\/Collall\/100064976852539\/","article_modified_time":"2024-08-12T07:19:51+00:00","og_image":[{"width":1000,"height":1000,"url":"https:\/\/collall.nl\/wp-content\/uploads\/2022\/03\/COLWK0050.jpg","type":"image\/jpeg"}],"twitter_card":"summary_large_image","twitter_misc":{"Gesch\u00e4tzte Lesezeit":"2\u00a0Minuten"},"schema":{"@context":"https:\/\/schema.org","@graph":[{"@type":"WebPage","@id":"https:\/\/collall.nl\/de\/product\/collall-gruskartenkleber\/","url":"https:\/\/collall.nl\/de\/product\/collall-gruskartenkleber\/","name":"Collall Gru\u00dfkartenkleber - Collall","isPartOf":{"@id":"https:\/\/collall.nl\/#website"},"primaryImageOfPage":{"@id":"https:\/\/collall.nl\/de\/product\/collall-gruskartenkleber\/#primaryimage"},"image":{"@id":"https:\/\/collall.nl\/de\/product\/collall-gruskartenkleber\/#primaryimage"},"thumbnailUrl":"https:\/\/collall.nl\/wp-content\/uploads\/2022\/03\/COLWK0050.jpg","datePublished":"2022-03-01T09:22:36+00:00","dateModified":"2024-08-12T07:19:51+00:00","breadcrumb":{"@id":"https:\/\/collall.nl\/de\/product\/collall-gruskartenkleber\/#breadcrumb"},"inLanguage":"de","potentialAction":[{"@type":"ReadAction","target":["https:\/\/collall.nl\/de\/product\/collall-gruskartenkleber\/"]}]},{"@type":"ImageObject","inLanguage":"de","@id":"https:\/\/collall.nl\/de\/product\/collall-gruskartenkleber\/#primaryimage","url":"https:\/\/collall.nl\/wp-content\/uploads\/2022\/03\/COLWK0050.jpg","contentUrl":"https:\/\/collall.nl\/wp-content\/uploads\/2022\/03\/COLWK0050.jpg","width":1000,"height":1000,"caption":"COLWK0050"},{"@type":"BreadcrumbList","@id":"https:\/\/collall.nl\/de\/product\/collall-gruskartenkleber\/#breadcrumb","itemListElement":[{"@type":"ListItem","position":1,"name":"Home","item":"https:\/\/collall.nl\/de\/hauptseite\/"},{"@type":"ListItem","position":2,"name":"Produkte","item":"https:\/\/collall.nl\/de\/produkte\/"},{"@type":"ListItem","position":3,"name":"Collall Gru\u00dfkartenkleber"}]},{"@type":"WebSite","@id":"https:\/\/collall.nl\/#website","url":"https:\/\/collall.nl\/","name":"Collall","description":"Adhesives &amp; Paints since 1949","publisher":{"@id":"https:\/\/collall.nl\/#organization"},"potentialAction":[{"@type":"SearchAction","target":{"@type":"EntryPoint","urlTemplate":"https:\/\/collall.nl\/?s={search_term_string}"},"query-input":{"@type":"PropertyValueSpecification","valueRequired":true,"valueName":"search_term_string"}}],"inLanguage":"de"},{"@type":"Organization","@id":"https:\/\/collall.nl\/#organization","name":"Collall B.V.","url":"https:\/\/collall.nl\/","logo":{"@type":"ImageObject","inLanguage":"de","@id":"https:\/\/collall.nl\/#\/schema\/logo\/image\/","url":"https:\/\/collall.nl\/wp-content\/uploads\/2022\/08\/Collall-logo-186C_Reflex-blue.jpg","contentUrl":"https:\/\/collall.nl\/wp-content\/uploads\/2022\/08\/Collall-logo-186C_Reflex-blue.jpg","width":1963,"height":1179,"caption":"Collall B.V."},"image":{"@id":"https:\/\/collall.nl\/#\/schema\/logo\/image\/"},"sameAs":["https:\/\/www.facebook.com\/people\/Collall\/100064976852539\/","https:\/\/www.instagram.com\/collall_1949\/","https:\/\/nl.pinterest.com\/CollallBV\/","https:\/\/www.youtube.com\/channel\/UCrCGuwth_udZhTqJSh5g9zg"]}]}},"_links":{"self":[{"href":"https:\/\/collall.nl\/de\/wp-json\/wp\/v2\/product\/10734","targetHints":{"allow":["GET"]}}],"collection":[{"href":"https:\/\/collall.nl\/de\/wp-json\/wp\/v2\/product"}],"about":[{"href":"https:\/\/collall.nl\/de\/wp-json\/wp\/v2\/types\/product"}],"replies":[{"embeddable":true,"href":"https:\/\/collall.nl\/de\/wp-json\/wp\/v2\/comments?post=10734"}],"wp:featuredmedia":[{"embeddable":true,"href":"https:\/\/collall.nl\/de\/wp-json\/wp\/v2\/media\/17897"}],"wp:attachment":[{"href":"https:\/\/collall.nl\/de\/wp-json\/wp\/v2\/media?parent=10734"}],"wp:term":[{"taxonomy":"product_brand","embeddable":true,"href":"https:\/\/collall.nl\/de\/wp-json\/wp\/v2\/product_brand?post=10734"},{"taxonomy":"product_cat","embeddable":true,"href":"https:\/\/collall.nl\/de\/wp-json\/wp\/v2\/product_cat?post=10734"},{"taxonomy":"product_tag","embeddable":true,"href":"https:\/\/collall.nl\/de\/wp-json\/wp\/v2\/product_tag?post=10734"}],"curies":[{"name":"wp","href":"https:\/\/api.w.org\/{rel}","templated":true}]}}