{"id":10696,"date":"2022-03-01T09:22:27","date_gmt":"2022-03-01T09:22:28","guid":{"rendered":"http:\/\/collall.test\/product\/collall-oko-kinderkleber\/"},"modified":"2025-03-17T16:06:15","modified_gmt":"2025-03-17T15:06:15","slug":"collall-oko-kinderkleber","status":"publish","type":"product","link":"https:\/\/collall.nl\/de\/product\/collall-oko-kinderkleber\/","title":{"rendered":"Collall \u00d6ko Kinderkleber"},"content":{"rendered":"<p><strong>Verwendung:\u00a0 <\/strong>Collall \u00d6ko Kinderkleber ist geeignet zum Kleben von Papier, Karton, Kork, Holz, Styropor und leichte Kunststoffe.<\/p>\n<p><strong>Aussehen und Geruch:\u00a0<\/strong><\/p>\n<ul>\n<li>Fl\u00fcssiger, klarer transparenter Kleber<\/li>\n<li>Geruchlos<\/li>\n<li>Reversibel<\/li>\n<li>Leicht auswaschbar<\/li>\n<\/ul>\n<p><strong>L\u00f6sungsmittel:\u00a0<\/strong>Wasser<\/p>\n<p><strong>Hauptinhaltsstoff: <\/strong>St\u00e4rkederivat<\/p>\n<p data-start=\"0\" data-end=\"32\"><strong>Nat\u00fcrliche Inhaltsstoffe:<\/strong> 99%<\/p>\n<p data-start=\"34\" data-end=\"57\" data-is-last-node=\"\" data-is-only-node=\"\"><strong>Viskosit\u00e4t:<\/strong> 3.000 mPa.s<\/p>\n<p><strong>pH:<\/strong> 5,5<\/p>\n<p><strong>Dichte:<\/strong> 1,05 Kg\/dm\u00b3<\/p>\n<p><strong>CE:<\/strong> Ja<\/p>\n<p><strong>Leimverbrauch:<\/strong> Abh\u00e4ngig von der Saugf\u00e4higkeit der zu verklebenden Materialien etwa 100 bis 150 Gramm pro Quadratmeter, einseitig aufgetragen.<\/p>\n<p class=\"p1\"><strong>Verwendung:<\/strong><\/p>\n<ul class=\"ul1\">\n<li class=\"li1\">Die zu klebenden Materialien sollten trocken und frei von Staub und Schmutz sein.<\/li>\n<li class=\"li1\">Direkt aus der Flasche auf die Oberfl\u00e4che auftragen und gegebenenfalls mit einem\u00a0<a href=\"https:\/\/collall.nl\/de\/product\/colorall-leimpinsel-leimspachtel\/\"><span class=\"s2\">Spachtel oder Pinsel<\/span><\/a>\u00a0verteilen.<\/li>\n<li class=\"li1\">Idealerweise bei Raumtemperatur verwenden. Kurz antrocknen lassen und beide Teile einige Augenblicken fest andr\u00fccken.<\/li>\n<li class=\"li1\">Der Klebstoff kann einseitig oder zweiseitig aufgetragen werden.<\/li>\n<\/ul>\n<p><strong>Allergene:<\/strong> &#8211;<\/p>\n<p><strong>Geeignet f\u00fcr:\u00a0<\/strong>Kinder ab 3 Jahren. Enth\u00e4lt Bitter.<\/p>\n<p class=\"p1\"><strong>Reinigung:<\/strong><\/p>\n<ul>\n<li class=\"p1\">Wenn der Kleber noch feucht ist, k\u00f6nnen Werkzeuge\/Oberfl\u00e4chen einfach mit Wasser gereinigt werden.<\/li>\n<li class=\"p1\">Leicht mit kaltem\/warmem Wasser von Hand oder in der Waschmaschine auswaschbar.<\/li>\n<\/ul>\n<h4><strong>99 % nat\u00fcrliche Zutaten<\/strong><\/h4>\n<p><img loading=\"lazy\" decoding=\"async\" class=\"alignnone wp-image-25942\" src=\"https:\/\/collall.nl\/wp-content\/uploads\/2022\/03\/Collall-eco-kinderlijm-illustratie-300x126.jpg\" alt=\" Collall-eco-kinderlijm-illustratie\" width=\"698\" height=\"293\" srcset=\"https:\/\/collall.nl\/wp-content\/uploads\/2022\/03\/Collall-eco-kinderlijm-illustratie-300x126.jpg 300w, https:\/\/collall.nl\/wp-content\/uploads\/2022\/03\/Collall-eco-kinderlijm-illustratie-420x176.jpg 420w, https:\/\/collall.nl\/wp-content\/uploads\/2022\/03\/Collall-eco-kinderlijm-illustratie-600x252.jpg 600w, https:\/\/collall.nl\/wp-content\/uploads\/2022\/03\/Collall-eco-kinderlijm-illustratie.jpg 714w\" sizes=\"auto, (max-width: 698px) 100vw, 698px\" \/><\/p>\n<p>Collall Eco Kinderlijm besteht zu 99 % aus nat\u00fcrlichen Zutaten. Dieser nat\u00fcrliche, geruchsneutrale Kleber auf Wasserbasis ist eine freundliche Wahl f\u00fcr alle Bastel- und DIY-Projekte f\u00fcr Kinder.<\/p>\n<p>Mit diesem Kinderkleber k\u00f6nnen Kinder nach Herzenslust kleben und basteln. Von Papier und Karton bis zu Kork, Styropor und verschiedenen leichten (Kunststoff-) Materialien. Eco Kinderlijm bietet eine dauerhafte Haftung f\u00fcr alle kreativen Abenteuer in der Schule und zu Hause.<\/p>\n<h4><strong>Warum eine nat\u00fcrliche Kleber wie Eco Kinderlijm w\u00e4hlen?<\/strong><\/h4>\n<h6>Die Vorteile sind zahlreich!<\/h6>\n<ul>\n<li><strong>Speziell f\u00fcr Kinder:<\/strong> Mit seiner nat\u00fcrlichen Formel, frei von sch\u00e4dlichen Chemikalien, kann Eco Kinderlijm von Kindern ab 3 Jahren verwendet werden. Der Kleber ist leicht auswaschbar.<\/li>\n<li><strong>Nat\u00fcrliche Quellen:<\/strong> Die Rohstoffe stammen zu 99 % aus nat\u00fcrlichen Quellen, wobei Kartoffeldextrin der Hauptbestandteil ist.<\/li>\n<li><strong>Geruchsneutral und f\u00fcr den Innenbereich geeignet:<\/strong> Eco Kinderlijm hat keinen starken Geruch und ist daher ideal f\u00fcr den Einsatz in Klassenzimmern.<\/li>\n<li><strong>Wirksamkeit:<\/strong> Collall Eco Kinderlijm beweist, dass ein nat\u00fcrlich zusammengesetzter Kleber auch ein sehr guter Kleber ist. Der hohe Gehalt an festen Stoffen macht ihn zu einem qualitativ hochwertigen Kleber. Damit kannst du dir sicher sein, dass deine Kreationen fest bleiben.<\/li>\n<li><strong>Biologische Abbaubarkeit:<\/strong> Dies ist eine wesentliche Eigenschaft unseres Produkts.<\/li>\n<li><strong>Nachf\u00fcllen:<\/strong> Du kannst die leeren 100-ml-Fl\u00e4schchen einfach mit Eco Kinderlijm aus unseren gro\u00dfen Verpackungen von 1 oder 5 Litern nachf\u00fcllen. F\u00fcr die Kanister sind praktische Kleberpumpen erh\u00e4ltlich, mit denen du schnell und sauber alle leeren Fl\u00e4schchen im Klassenzimmer nachf\u00fcllen kannst.<\/li>\n<\/ul>\n<p>Zusammenfassend gibt es gen\u00fcgend Gr\u00fcnde, sich f\u00fcr Collall Eco Kinderlijm zu entscheiden.<\/p>\n<p>Entdecke die perfekte Kombination aus St\u00e4rke, Langlebigkeit und Umweltfreundlichkeit f\u00fcr alle Bastelarbeiten zu Hause am K\u00fcchentisch und in der Schule.<\/p>\n<p><strong>Weitere Kinderkleber aus dem Sortiment von Collall:<\/strong><\/p>\n<ul>\n<li><a href=\"https:\/\/collall.nl\/de\/product\/collall-kinderkleber\/\" target=\"_blank\" rel=\"noopener\">Collall Kinderkleber<\/a><\/li>\n<li><a href=\"https:\/\/collall.nl\/de\/product\/collall-gelkleber\/\" target=\"_blank\" rel=\"noopener\">Collall Gelkleber<\/a><\/li>\n<li><a href=\"https:\/\/collall.nl\/de\/product\/collall-playcoll-2\/\" target=\"_blank\" rel=\"noopener\">Collall Playcoll<\/a><\/li>\n<li><a href=\"https:\/\/collall.nl\/de\/product\/collall-u3-kleber\/\" target=\"_blank\" rel=\"noopener\">Collall U3 Kleber<\/a><\/li>\n<li><a href=\"https:\/\/collall.nl\/de\/product\/collall-klebepaste\/\" target=\"_blank\" rel=\"noopener\">Collall Klebepaste<\/a><\/li>\n<\/ul>\n","protected":false},"excerpt":{"rendered":"<p>Collall \u00d6ko Kinderkleber ist ein transparenter Kleber auf Basis von in Wasser gel\u00f6ster St\u00e4rkederivat. Es ist geeignet zum Kleben von Papier, Karton, Kork und Styropor.<\/p>\n<p>Besonders geeignet f\u00fcr Kinder!<\/p>\n","protected":false},"featured_media":18702,"comment_status":"open","ping_status":"closed","template":"","meta":{"_acf_changed":false},"product_brand":[],"product_cat":[176],"product_tag":[],"class_list":{"0":"post-10696","1":"product","2":"type-product","3":"status-publish","4":"has-post-thumbnail","6":"product_cat-kleber-und-lackleim","8":"first","9":"instock","10":"shipping-taxable","11":"purchasable","12":"product-type-variable"},"acf":[],"yoast_head":"<!-- This site is optimized with the Yoast SEO plugin v27.2 - https:\/\/yoast.com\/product\/yoast-seo-wordpress\/ -->\n<title>Collall \u00d6ko Kinderkleber - Collall<\/title>\n<meta name=\"description\" content=\"Collall \u00d6ko Kinderkleber ist geeignet zum Kleben von Papier, Karton, Kork, Holz, Styropor und leichte Kunststoffe.\" \/>\n<meta name=\"robots\" content=\"index, follow, max-snippet:-1, max-image-preview:large, max-video-preview:-1\" \/>\n<link rel=\"canonical\" href=\"https:\/\/collall.nl\/de\/product\/collall-oko-kinderkleber\/\" \/>\n<meta property=\"og:locale\" content=\"de_DE\" \/>\n<meta property=\"og:type\" content=\"article\" \/>\n<meta property=\"og:title\" content=\"Collall \u00d6ko Kinderkleber - Collall\" \/>\n<meta property=\"og:description\" content=\"Collall \u00d6ko Kinderkleber ist geeignet zum Kleben von Papier, Karton, Kork, Holz, Styropor und leichte Kunststoffe.\" \/>\n<meta property=\"og:url\" content=\"https:\/\/collall.nl\/de\/product\/collall-oko-kinderkleber\/\" \/>\n<meta property=\"og:site_name\" content=\"Collall\" \/>\n<meta property=\"article:publisher\" content=\"https:\/\/www.facebook.com\/people\/Collall\/100064976852539\/\" \/>\n<meta property=\"article:modified_time\" content=\"2025-03-17T15:06:15+00:00\" \/>\n<meta property=\"og:image\" content=\"https:\/\/collall.nl\/wp-content\/uploads\/2022\/03\/COLKE0100.jpg\" \/>\n\t<meta property=\"og:image:width\" content=\"800\" \/>\n\t<meta property=\"og:image:height\" content=\"800\" \/>\n\t<meta property=\"og:image:type\" content=\"image\/jpeg\" \/>\n<meta name=\"twitter:card\" content=\"summary_large_image\" \/>\n<meta name=\"twitter:label1\" content=\"Gesch\u00e4tzte Lesezeit\" \/>\n\t<meta name=\"twitter:data1\" content=\"3\u00a0Minuten\" \/>\n<script type=\"application\/ld+json\" class=\"yoast-schema-graph\">{\"@context\":\"https:\/\/schema.org\",\"@graph\":[{\"@type\":\"WebPage\",\"@id\":\"https:\/\/collall.nl\/de\/product\/collall-oko-kinderkleber\/\",\"url\":\"https:\/\/collall.nl\/de\/product\/collall-oko-kinderkleber\/\",\"name\":\"Collall \u00d6ko Kinderkleber - Collall\",\"isPartOf\":{\"@id\":\"https:\/\/collall.nl\/#website\"},\"primaryImageOfPage\":{\"@id\":\"https:\/\/collall.nl\/de\/product\/collall-oko-kinderkleber\/#primaryimage\"},\"image\":{\"@id\":\"https:\/\/collall.nl\/de\/product\/collall-oko-kinderkleber\/#primaryimage\"},\"thumbnailUrl\":\"https:\/\/collall.nl\/wp-content\/uploads\/2022\/03\/COLKE0100.jpg\",\"datePublished\":\"2022-03-01T09:22:28+00:00\",\"dateModified\":\"2025-03-17T15:06:15+00:00\",\"description\":\"Collall \u00d6ko Kinderkleber ist geeignet zum Kleben von Papier, Karton, Kork, Holz, Styropor und leichte Kunststoffe.\",\"breadcrumb\":{\"@id\":\"https:\/\/collall.nl\/de\/product\/collall-oko-kinderkleber\/#breadcrumb\"},\"inLanguage\":\"de\",\"potentialAction\":[{\"@type\":\"ReadAction\",\"target\":[\"https:\/\/collall.nl\/de\/product\/collall-oko-kinderkleber\/\"]}]},{\"@type\":\"ImageObject\",\"inLanguage\":\"de\",\"@id\":\"https:\/\/collall.nl\/de\/product\/collall-oko-kinderkleber\/#primaryimage\",\"url\":\"https:\/\/collall.nl\/wp-content\/uploads\/2022\/03\/COLKE0100.jpg\",\"contentUrl\":\"https:\/\/collall.nl\/wp-content\/uploads\/2022\/03\/COLKE0100.jpg\",\"width\":800,\"height\":800},{\"@type\":\"BreadcrumbList\",\"@id\":\"https:\/\/collall.nl\/de\/product\/collall-oko-kinderkleber\/#breadcrumb\",\"itemListElement\":[{\"@type\":\"ListItem\",\"position\":1,\"name\":\"Home\",\"item\":\"https:\/\/collall.nl\/de\/\"},{\"@type\":\"ListItem\",\"position\":2,\"name\":\"Produkte\",\"item\":\"https:\/\/collall.nl\/de\/produkte\/\"},{\"@type\":\"ListItem\",\"position\":3,\"name\":\"Collall \u00d6ko Kinderkleber\"}]},{\"@type\":\"WebSite\",\"@id\":\"https:\/\/collall.nl\/#website\",\"url\":\"https:\/\/collall.nl\/\",\"name\":\"Collall\",\"description\":\"Adhesives &amp; Paints since 1949\",\"publisher\":{\"@id\":\"https:\/\/collall.nl\/#organization\"},\"potentialAction\":[{\"@type\":\"SearchAction\",\"target\":{\"@type\":\"EntryPoint\",\"urlTemplate\":\"https:\/\/collall.nl\/?s={search_term_string}\"},\"query-input\":{\"@type\":\"PropertyValueSpecification\",\"valueRequired\":true,\"valueName\":\"search_term_string\"}}],\"inLanguage\":\"de\"},{\"@type\":\"Organization\",\"@id\":\"https:\/\/collall.nl\/#organization\",\"name\":\"Collall B.V.\",\"url\":\"https:\/\/collall.nl\/\",\"logo\":{\"@type\":\"ImageObject\",\"inLanguage\":\"de\",\"@id\":\"https:\/\/collall.nl\/#\/schema\/logo\/image\/\",\"url\":\"https:\/\/collall.nl\/wp-content\/uploads\/2022\/08\/Collall-logo-186C_Reflex-blue.jpg\",\"contentUrl\":\"https:\/\/collall.nl\/wp-content\/uploads\/2022\/08\/Collall-logo-186C_Reflex-blue.jpg\",\"width\":1963,\"height\":1179,\"caption\":\"Collall B.V.\"},\"image\":{\"@id\":\"https:\/\/collall.nl\/#\/schema\/logo\/image\/\"},\"sameAs\":[\"https:\/\/www.facebook.com\/people\/Collall\/100064976852539\/\",\"https:\/\/www.instagram.com\/collall_1949\/\",\"https:\/\/nl.pinterest.com\/CollallBV\/\",\"https:\/\/www.youtube.com\/channel\/UCrCGuwth_udZhTqJSh5g9zg\"]}]}<\/script>\n<!-- \/ Yoast SEO plugin. -->","yoast_head_json":{"title":"Collall \u00d6ko Kinderkleber - Collall","description":"Collall \u00d6ko Kinderkleber ist geeignet zum Kleben von Papier, Karton, Kork, Holz, Styropor und leichte Kunststoffe.","robots":{"index":"index","follow":"follow","max-snippet":"max-snippet:-1","max-image-preview":"max-image-preview:large","max-video-preview":"max-video-preview:-1"},"canonical":"https:\/\/collall.nl\/de\/product\/collall-oko-kinderkleber\/","og_locale":"de_DE","og_type":"article","og_title":"Collall \u00d6ko Kinderkleber - Collall","og_description":"Collall \u00d6ko Kinderkleber ist geeignet zum Kleben von Papier, Karton, Kork, Holz, Styropor und leichte Kunststoffe.","og_url":"https:\/\/collall.nl\/de\/product\/collall-oko-kinderkleber\/","og_site_name":"Collall","article_publisher":"https:\/\/www.facebook.com\/people\/Collall\/100064976852539\/","article_modified_time":"2025-03-17T15:06:15+00:00","og_image":[{"width":800,"height":800,"url":"https:\/\/collall.nl\/wp-content\/uploads\/2022\/03\/COLKE0100.jpg","type":"image\/jpeg"}],"twitter_card":"summary_large_image","twitter_misc":{"Gesch\u00e4tzte Lesezeit":"3\u00a0Minuten"},"schema":{"@context":"https:\/\/schema.org","@graph":[{"@type":"WebPage","@id":"https:\/\/collall.nl\/de\/product\/collall-oko-kinderkleber\/","url":"https:\/\/collall.nl\/de\/product\/collall-oko-kinderkleber\/","name":"Collall \u00d6ko Kinderkleber - Collall","isPartOf":{"@id":"https:\/\/collall.nl\/#website"},"primaryImageOfPage":{"@id":"https:\/\/collall.nl\/de\/product\/collall-oko-kinderkleber\/#primaryimage"},"image":{"@id":"https:\/\/collall.nl\/de\/product\/collall-oko-kinderkleber\/#primaryimage"},"thumbnailUrl":"https:\/\/collall.nl\/wp-content\/uploads\/2022\/03\/COLKE0100.jpg","datePublished":"2022-03-01T09:22:28+00:00","dateModified":"2025-03-17T15:06:15+00:00","description":"Collall \u00d6ko Kinderkleber ist geeignet zum Kleben von Papier, Karton, Kork, Holz, Styropor und leichte Kunststoffe.","breadcrumb":{"@id":"https:\/\/collall.nl\/de\/product\/collall-oko-kinderkleber\/#breadcrumb"},"inLanguage":"de","potentialAction":[{"@type":"ReadAction","target":["https:\/\/collall.nl\/de\/product\/collall-oko-kinderkleber\/"]}]},{"@type":"ImageObject","inLanguage":"de","@id":"https:\/\/collall.nl\/de\/product\/collall-oko-kinderkleber\/#primaryimage","url":"https:\/\/collall.nl\/wp-content\/uploads\/2022\/03\/COLKE0100.jpg","contentUrl":"https:\/\/collall.nl\/wp-content\/uploads\/2022\/03\/COLKE0100.jpg","width":800,"height":800},{"@type":"BreadcrumbList","@id":"https:\/\/collall.nl\/de\/product\/collall-oko-kinderkleber\/#breadcrumb","itemListElement":[{"@type":"ListItem","position":1,"name":"Home","item":"https:\/\/collall.nl\/de\/"},{"@type":"ListItem","position":2,"name":"Produkte","item":"https:\/\/collall.nl\/de\/produkte\/"},{"@type":"ListItem","position":3,"name":"Collall \u00d6ko Kinderkleber"}]},{"@type":"WebSite","@id":"https:\/\/collall.nl\/#website","url":"https:\/\/collall.nl\/","name":"Collall","description":"Adhesives &amp; Paints since 1949","publisher":{"@id":"https:\/\/collall.nl\/#organization"},"potentialAction":[{"@type":"SearchAction","target":{"@type":"EntryPoint","urlTemplate":"https:\/\/collall.nl\/?s={search_term_string}"},"query-input":{"@type":"PropertyValueSpecification","valueRequired":true,"valueName":"search_term_string"}}],"inLanguage":"de"},{"@type":"Organization","@id":"https:\/\/collall.nl\/#organization","name":"Collall B.V.","url":"https:\/\/collall.nl\/","logo":{"@type":"ImageObject","inLanguage":"de","@id":"https:\/\/collall.nl\/#\/schema\/logo\/image\/","url":"https:\/\/collall.nl\/wp-content\/uploads\/2022\/08\/Collall-logo-186C_Reflex-blue.jpg","contentUrl":"https:\/\/collall.nl\/wp-content\/uploads\/2022\/08\/Collall-logo-186C_Reflex-blue.jpg","width":1963,"height":1179,"caption":"Collall B.V."},"image":{"@id":"https:\/\/collall.nl\/#\/schema\/logo\/image\/"},"sameAs":["https:\/\/www.facebook.com\/people\/Collall\/100064976852539\/","https:\/\/www.instagram.com\/collall_1949\/","https:\/\/nl.pinterest.com\/CollallBV\/","https:\/\/www.youtube.com\/channel\/UCrCGuwth_udZhTqJSh5g9zg"]}]}},"_links":{"self":[{"href":"https:\/\/collall.nl\/de\/wp-json\/wp\/v2\/product\/10696","targetHints":{"allow":["GET"]}}],"collection":[{"href":"https:\/\/collall.nl\/de\/wp-json\/wp\/v2\/product"}],"about":[{"href":"https:\/\/collall.nl\/de\/wp-json\/wp\/v2\/types\/product"}],"replies":[{"embeddable":true,"href":"https:\/\/collall.nl\/de\/wp-json\/wp\/v2\/comments?post=10696"}],"wp:featuredmedia":[{"embeddable":true,"href":"https:\/\/collall.nl\/de\/wp-json\/wp\/v2\/media\/18702"}],"wp:attachment":[{"href":"https:\/\/collall.nl\/de\/wp-json\/wp\/v2\/media?parent=10696"}],"wp:term":[{"taxonomy":"product_brand","embeddable":true,"href":"https:\/\/collall.nl\/de\/wp-json\/wp\/v2\/product_brand?post=10696"},{"taxonomy":"product_cat","embeddable":true,"href":"https:\/\/collall.nl\/de\/wp-json\/wp\/v2\/product_cat?post=10696"},{"taxonomy":"product_tag","embeddable":true,"href":"https:\/\/collall.nl\/de\/wp-json\/wp\/v2\/product_tag?post=10696"}],"curies":[{"name":"wp","href":"https:\/\/api.w.org\/{rel}","templated":true}]}}