{"id":10668,"date":"2022-03-01T09:22:15","date_gmt":"2022-03-01T09:22:15","guid":{"rendered":"http:\/\/collall.test\/product\/collall-pappmache-kleber\/"},"modified":"2025-03-18T15:10:14","modified_gmt":"2025-03-18T14:10:14","slug":"collall-pappmache-kleber","status":"publish","type":"product","link":"https:\/\/collall.nl\/de\/product\/collall-pappmache-kleber\/","title":{"rendered":"Collall Pappmach\u00e9-Kleber"},"content":{"rendered":"<p class=\"p1\"><strong>Anwendung:<\/strong> Collall Papiermach\u00e9-Kleber f\u00fcr die besten Papiermach\u00e9-Kreationen und geeignet zum Kleben von Papier, Karton und andere leichte Materialien. Eine tolle Idee (f\u00fcr die Feiertage) ist das Basteln von Pappmach\u00e9! F\u00fcr diese Technik wird d\u00fcnnes Papier\u2013 zum Beispiel Zeitungspapier \u2013 in d\u00fcnnen Schichten mit Kleber aufgetragen, sodass es zu einem festen Ganzen wird. Collall Pappmach\u00e9-Kleber ist gebrauchsfertig, so dass der Kleber nicht erst angemischt werden muss.<\/p>\n<p class=\"p1\"><b>Aussehen und Geruch:<\/b><\/p>\n<ul class=\"ul1\">\n<li class=\"li1\">Dickfl\u00fcssig<\/li>\n<li class=\"li1\">Reversibel<\/li>\n<li class=\"li1\">Transparent<\/li>\n<\/ul>\n<p class=\"p1\"><b>L\u00f6sungsmittel:<\/b>\u00a0Wasser<\/p>\n<p class=\"p1\"><b>Hauptinhaltsstoff:\u00a0<\/b>Carboxymethylcellulose<\/p>\n<p class=\"p1\"><b>Nat\u00fcrliche Inhaltsstoffe:<\/b> 99%<\/p>\n<p class=\"p1\"><b>Viskosit\u00e4t:<\/b> 12.000 mPa.s<\/p>\n<p class=\"p1\"><b>pH:\u00a0<\/b>5,5<\/p>\n<p class=\"p1\"><b>Dichte:<\/b>\u00a01,015 g\/dm\u00b3<\/p>\n<p class=\"p1\"><b>CE:<\/b>\u00a0&#8211;<\/p>\n<p class=\"p1\"><b>Leimverbrauch:\u00a0<\/b>Abh\u00e4ngig von der Saugf\u00e4higkeit der zu verklebenden Materialien etwa 150 bis 200 Gramm pro Quadratmeter, einseitig aufgetragen.<\/p>\n<p class=\"p1\"><b>Verwendung:<\/b><\/p>\n<ul class=\"ul1\">\n<li class=\"li1\">Idealerweise bei Raumtemperatur verwenden. Kurz antrocknen lassen und beide Teile einige Augenblicken fest andr\u00fccken.<\/li>\n<li class=\"li1\">Die zu klebenden Materialien sollten trocken und frei von Staub und Schmutz sein.<\/li>\n<li class=\"li1\">Der Kleber met einem\u00a0<a href=\"https:\/\/collall.nl\/de\/product\/colorall-leimpinsel-leimspachtel\/\"><span class=\"s2\">Spachtel oder Pinsel<\/span><\/a><span class=\"Apple-converted-space\">\u00a0 <\/span>einseitig oder zweiseitig auftragen.<\/li>\n<li>Schichtweise arbeiten. Klebstoff auf die bereits klebenden Papierst\u00fccke auftragen und eine neue Papierschicht anbringen.<\/li>\n<\/ul>\n<p class=\"p1\"><b>Allergene:<\/b>\u00a0&#8211;<\/p>\n<p class=\"p1\"><b>Geeignet f\u00fcr:\u00a0<\/b>Kinder ab 3 Jahren.<\/p>\n<p class=\"p1\"><b>Reinigung:<\/b><\/p>\n<ul class=\"ul1\">\n<li class=\"li1\">Wenn der Kleber noch feucht ist, k\u00f6nnen Werkzeuge\/Oberfl\u00e4chen einfach mit Wasser gereinigt werden.<\/li>\n<li class=\"li1\">Leicht mit kaltem\/warmem Wasser von Hand oder in der Waschmaschine auswaschbar.<\/li>\n<li class=\"li1\">Dank der handlichen Pumpe ist der Kleber einfach zu dosieren und hygienisch zu verarbeiten. Nach Gebrauch, die Pumpe gr\u00fcndlich mit Wasser reinigen.<\/li>\n<\/ul>\n<p><strong>Tipp!<\/strong><\/p>\n<p>Durch die Zugabe einer kleinen Menge <a href=\"https:\/\/collall.nl\/de\/product\/collall-holzleim\/\">Collall Holzleim<\/a> D3-E204 zu deinem Papier-Mach\u00e9-Leim verst\u00e4rkst du nicht nur die Festigkeit deiner Kreation, sondern verbesserst auch deren Wasserbest\u00e4ndigkeit.<\/p>\n<p>Dies kann besonders n\u00fctzlich sein, wenn du planst, dein Papier-Mach\u00e9-Projekt in einem feuchten Bereich zu verwenden oder zum Beispiel eine Laterne f\u00fcr Sankt Martin basteln m\u00f6chtest.<\/p>\n<p><img decoding=\"async\" src=\"https:\/\/collall.nl\/wp-content\/uploads\/2022\/03\/DSC_0771-300x199.jpg\" \/><\/p>\n<p>Einfach ein paar Spritzer Collall Holzleim in den Collall Papier-Mach\u00e9-Leim mischen und darauf achten, dass alles gut vermischt ist, bevor du mit dem Basteln beginnst.<\/p>\n<p>Auf diese Weise kannst du eine starke, langlebige Kreation genie\u00dfen, die feuchtigkeitsbest\u00e4ndig ist.<\/p>\n<p>Vergiss nicht, zuerst zu testen, um die richtigen Mischverh\u00e4ltnisse f\u00fcr dein spezielles Projekt zu finden!<\/p>\n","protected":false},"excerpt":{"rendered":"<p>Collall Pappmach\u00e9-Kleber ist ein gebrauchsfertiger Klebstoff. Besonders gut geeignet f\u00fcr die schnelle Herstellung gro\u00dfer Mengen an Papiermodellen.<\/p>\n","protected":false},"featured_media":29190,"comment_status":"open","ping_status":"closed","template":"","meta":{"_acf_changed":false},"product_brand":[],"product_cat":[176],"product_tag":[],"class_list":{"0":"post-10668","1":"product","2":"type-product","3":"status-publish","4":"has-post-thumbnail","6":"product_cat-kleber-und-lackleim","8":"first","9":"instock","10":"shipping-taxable","11":"purchasable","12":"product-type-variable","13":"has-default-attributes"},"acf":[],"yoast_head":"<!-- This site is optimized with the Yoast SEO plugin v27.2 - https:\/\/yoast.com\/product\/yoast-seo-wordpress\/ -->\n<title>Collall Pappmach\u00e9-Kleber - Collall<\/title>\n<meta name=\"description\" content=\"Collall Pappmach\u00e9-Kleber ist ein gebrauchsfertiger Klebstoff. Besonders gut geeignet f\u00fcr die Herstellung gro\u00dfer Mengen an Papiermodellen.\" \/>\n<meta name=\"robots\" content=\"index, follow, max-snippet:-1, max-image-preview:large, max-video-preview:-1\" \/>\n<link rel=\"canonical\" href=\"https:\/\/collall.nl\/de\/product\/collall-pappmache-kleber\/\" \/>\n<meta property=\"og:locale\" content=\"de_DE\" \/>\n<meta property=\"og:type\" content=\"article\" \/>\n<meta property=\"og:title\" content=\"Collall Pappmach\u00e9-Kleber - Collall\" \/>\n<meta property=\"og:description\" content=\"Collall Pappmach\u00e9-Kleber ist ein gebrauchsfertiger Klebstoff. Besonders gut geeignet f\u00fcr die Herstellung gro\u00dfer Mengen an Papiermodellen.\" \/>\n<meta property=\"og:url\" content=\"https:\/\/collall.nl\/de\/product\/collall-pappmache-kleber\/\" \/>\n<meta property=\"og:site_name\" content=\"Collall\" \/>\n<meta property=\"article:publisher\" content=\"https:\/\/www.facebook.com\/people\/Collall\/100064976852539\/\" \/>\n<meta property=\"article:modified_time\" content=\"2025-03-18T14:10:14+00:00\" \/>\n<meta property=\"og:image\" content=\"https:\/\/collall.nl\/wp-content\/uploads\/2022\/03\/COLMP5000-papier-mache-glue-autumn.jpg\" \/>\n\t<meta property=\"og:image:width\" content=\"1000\" \/>\n\t<meta property=\"og:image:height\" content=\"1000\" \/>\n\t<meta property=\"og:image:type\" content=\"image\/jpeg\" \/>\n<meta name=\"twitter:card\" content=\"summary_large_image\" \/>\n<meta name=\"twitter:label1\" content=\"Gesch\u00e4tzte Lesezeit\" \/>\n\t<meta name=\"twitter:data1\" content=\"2\u00a0Minuten\" \/>\n<script type=\"application\/ld+json\" class=\"yoast-schema-graph\">{\"@context\":\"https:\/\/schema.org\",\"@graph\":[{\"@type\":\"WebPage\",\"@id\":\"https:\/\/collall.nl\/de\/product\/collall-pappmache-kleber\/\",\"url\":\"https:\/\/collall.nl\/de\/product\/collall-pappmache-kleber\/\",\"name\":\"Collall Pappmach\u00e9-Kleber - Collall\",\"isPartOf\":{\"@id\":\"https:\/\/collall.nl\/#website\"},\"primaryImageOfPage\":{\"@id\":\"https:\/\/collall.nl\/de\/product\/collall-pappmache-kleber\/#primaryimage\"},\"image\":{\"@id\":\"https:\/\/collall.nl\/de\/product\/collall-pappmache-kleber\/#primaryimage\"},\"thumbnailUrl\":\"https:\/\/collall.nl\/wp-content\/uploads\/2022\/03\/COLMP5000-papier-mache-glue-autumn.jpg\",\"datePublished\":\"2022-03-01T09:22:15+00:00\",\"dateModified\":\"2025-03-18T14:10:14+00:00\",\"description\":\"Collall Pappmach\u00e9-Kleber ist ein gebrauchsfertiger Klebstoff. Besonders gut geeignet f\u00fcr die Herstellung gro\u00dfer Mengen an Papiermodellen.\",\"breadcrumb\":{\"@id\":\"https:\/\/collall.nl\/de\/product\/collall-pappmache-kleber\/#breadcrumb\"},\"inLanguage\":\"de\",\"potentialAction\":[{\"@type\":\"ReadAction\",\"target\":[\"https:\/\/collall.nl\/de\/product\/collall-pappmache-kleber\/\"]}]},{\"@type\":\"ImageObject\",\"inLanguage\":\"de\",\"@id\":\"https:\/\/collall.nl\/de\/product\/collall-pappmache-kleber\/#primaryimage\",\"url\":\"https:\/\/collall.nl\/wp-content\/uploads\/2022\/03\/COLMP5000-papier-mache-glue-autumn.jpg\",\"contentUrl\":\"https:\/\/collall.nl\/wp-content\/uploads\/2022\/03\/COLMP5000-papier-mache-glue-autumn.jpg\",\"width\":1000,\"height\":1000},{\"@type\":\"BreadcrumbList\",\"@id\":\"https:\/\/collall.nl\/de\/product\/collall-pappmache-kleber\/#breadcrumb\",\"itemListElement\":[{\"@type\":\"ListItem\",\"position\":1,\"name\":\"Home\",\"item\":\"https:\/\/collall.nl\/de\/hauptseite\/\"},{\"@type\":\"ListItem\",\"position\":2,\"name\":\"Produkte\",\"item\":\"https:\/\/collall.nl\/de\/produkte\/\"},{\"@type\":\"ListItem\",\"position\":3,\"name\":\"Collall Pappmach\u00e9-Kleber\"}]},{\"@type\":\"WebSite\",\"@id\":\"https:\/\/collall.nl\/#website\",\"url\":\"https:\/\/collall.nl\/\",\"name\":\"Collall\",\"description\":\"Adhesives &amp; Paints since 1949\",\"publisher\":{\"@id\":\"https:\/\/collall.nl\/#organization\"},\"potentialAction\":[{\"@type\":\"SearchAction\",\"target\":{\"@type\":\"EntryPoint\",\"urlTemplate\":\"https:\/\/collall.nl\/?s={search_term_string}\"},\"query-input\":{\"@type\":\"PropertyValueSpecification\",\"valueRequired\":true,\"valueName\":\"search_term_string\"}}],\"inLanguage\":\"de\"},{\"@type\":\"Organization\",\"@id\":\"https:\/\/collall.nl\/#organization\",\"name\":\"Collall B.V.\",\"url\":\"https:\/\/collall.nl\/\",\"logo\":{\"@type\":\"ImageObject\",\"inLanguage\":\"de\",\"@id\":\"https:\/\/collall.nl\/#\/schema\/logo\/image\/\",\"url\":\"https:\/\/collall.nl\/wp-content\/uploads\/2022\/08\/Collall-logo-186C_Reflex-blue.jpg\",\"contentUrl\":\"https:\/\/collall.nl\/wp-content\/uploads\/2022\/08\/Collall-logo-186C_Reflex-blue.jpg\",\"width\":1963,\"height\":1179,\"caption\":\"Collall B.V.\"},\"image\":{\"@id\":\"https:\/\/collall.nl\/#\/schema\/logo\/image\/\"},\"sameAs\":[\"https:\/\/www.facebook.com\/people\/Collall\/100064976852539\/\",\"https:\/\/www.instagram.com\/collall_1949\/\",\"https:\/\/nl.pinterest.com\/CollallBV\/\",\"https:\/\/www.youtube.com\/channel\/UCrCGuwth_udZhTqJSh5g9zg\"]}]}<\/script>\n<!-- \/ Yoast SEO plugin. -->","yoast_head_json":{"title":"Collall Pappmach\u00e9-Kleber - Collall","description":"Collall Pappmach\u00e9-Kleber ist ein gebrauchsfertiger Klebstoff. Besonders gut geeignet f\u00fcr die Herstellung gro\u00dfer Mengen an Papiermodellen.","robots":{"index":"index","follow":"follow","max-snippet":"max-snippet:-1","max-image-preview":"max-image-preview:large","max-video-preview":"max-video-preview:-1"},"canonical":"https:\/\/collall.nl\/de\/product\/collall-pappmache-kleber\/","og_locale":"de_DE","og_type":"article","og_title":"Collall Pappmach\u00e9-Kleber - Collall","og_description":"Collall Pappmach\u00e9-Kleber ist ein gebrauchsfertiger Klebstoff. Besonders gut geeignet f\u00fcr die Herstellung gro\u00dfer Mengen an Papiermodellen.","og_url":"https:\/\/collall.nl\/de\/product\/collall-pappmache-kleber\/","og_site_name":"Collall","article_publisher":"https:\/\/www.facebook.com\/people\/Collall\/100064976852539\/","article_modified_time":"2025-03-18T14:10:14+00:00","og_image":[{"width":1000,"height":1000,"url":"https:\/\/collall.nl\/wp-content\/uploads\/2022\/03\/COLMP5000-papier-mache-glue-autumn.jpg","type":"image\/jpeg"}],"twitter_card":"summary_large_image","twitter_misc":{"Gesch\u00e4tzte Lesezeit":"2\u00a0Minuten"},"schema":{"@context":"https:\/\/schema.org","@graph":[{"@type":"WebPage","@id":"https:\/\/collall.nl\/de\/product\/collall-pappmache-kleber\/","url":"https:\/\/collall.nl\/de\/product\/collall-pappmache-kleber\/","name":"Collall Pappmach\u00e9-Kleber - Collall","isPartOf":{"@id":"https:\/\/collall.nl\/#website"},"primaryImageOfPage":{"@id":"https:\/\/collall.nl\/de\/product\/collall-pappmache-kleber\/#primaryimage"},"image":{"@id":"https:\/\/collall.nl\/de\/product\/collall-pappmache-kleber\/#primaryimage"},"thumbnailUrl":"https:\/\/collall.nl\/wp-content\/uploads\/2022\/03\/COLMP5000-papier-mache-glue-autumn.jpg","datePublished":"2022-03-01T09:22:15+00:00","dateModified":"2025-03-18T14:10:14+00:00","description":"Collall Pappmach\u00e9-Kleber ist ein gebrauchsfertiger Klebstoff. Besonders gut geeignet f\u00fcr die Herstellung gro\u00dfer Mengen an Papiermodellen.","breadcrumb":{"@id":"https:\/\/collall.nl\/de\/product\/collall-pappmache-kleber\/#breadcrumb"},"inLanguage":"de","potentialAction":[{"@type":"ReadAction","target":["https:\/\/collall.nl\/de\/product\/collall-pappmache-kleber\/"]}]},{"@type":"ImageObject","inLanguage":"de","@id":"https:\/\/collall.nl\/de\/product\/collall-pappmache-kleber\/#primaryimage","url":"https:\/\/collall.nl\/wp-content\/uploads\/2022\/03\/COLMP5000-papier-mache-glue-autumn.jpg","contentUrl":"https:\/\/collall.nl\/wp-content\/uploads\/2022\/03\/COLMP5000-papier-mache-glue-autumn.jpg","width":1000,"height":1000},{"@type":"BreadcrumbList","@id":"https:\/\/collall.nl\/de\/product\/collall-pappmache-kleber\/#breadcrumb","itemListElement":[{"@type":"ListItem","position":1,"name":"Home","item":"https:\/\/collall.nl\/de\/hauptseite\/"},{"@type":"ListItem","position":2,"name":"Produkte","item":"https:\/\/collall.nl\/de\/produkte\/"},{"@type":"ListItem","position":3,"name":"Collall Pappmach\u00e9-Kleber"}]},{"@type":"WebSite","@id":"https:\/\/collall.nl\/#website","url":"https:\/\/collall.nl\/","name":"Collall","description":"Adhesives &amp; Paints since 1949","publisher":{"@id":"https:\/\/collall.nl\/#organization"},"potentialAction":[{"@type":"SearchAction","target":{"@type":"EntryPoint","urlTemplate":"https:\/\/collall.nl\/?s={search_term_string}"},"query-input":{"@type":"PropertyValueSpecification","valueRequired":true,"valueName":"search_term_string"}}],"inLanguage":"de"},{"@type":"Organization","@id":"https:\/\/collall.nl\/#organization","name":"Collall B.V.","url":"https:\/\/collall.nl\/","logo":{"@type":"ImageObject","inLanguage":"de","@id":"https:\/\/collall.nl\/#\/schema\/logo\/image\/","url":"https:\/\/collall.nl\/wp-content\/uploads\/2022\/08\/Collall-logo-186C_Reflex-blue.jpg","contentUrl":"https:\/\/collall.nl\/wp-content\/uploads\/2022\/08\/Collall-logo-186C_Reflex-blue.jpg","width":1963,"height":1179,"caption":"Collall B.V."},"image":{"@id":"https:\/\/collall.nl\/#\/schema\/logo\/image\/"},"sameAs":["https:\/\/www.facebook.com\/people\/Collall\/100064976852539\/","https:\/\/www.instagram.com\/collall_1949\/","https:\/\/nl.pinterest.com\/CollallBV\/","https:\/\/www.youtube.com\/channel\/UCrCGuwth_udZhTqJSh5g9zg"]}]}},"_links":{"self":[{"href":"https:\/\/collall.nl\/de\/wp-json\/wp\/v2\/product\/10668","targetHints":{"allow":["GET"]}}],"collection":[{"href":"https:\/\/collall.nl\/de\/wp-json\/wp\/v2\/product"}],"about":[{"href":"https:\/\/collall.nl\/de\/wp-json\/wp\/v2\/types\/product"}],"replies":[{"embeddable":true,"href":"https:\/\/collall.nl\/de\/wp-json\/wp\/v2\/comments?post=10668"}],"wp:featuredmedia":[{"embeddable":true,"href":"https:\/\/collall.nl\/de\/wp-json\/wp\/v2\/media\/29190"}],"wp:attachment":[{"href":"https:\/\/collall.nl\/de\/wp-json\/wp\/v2\/media?parent=10668"}],"wp:term":[{"taxonomy":"product_brand","embeddable":true,"href":"https:\/\/collall.nl\/de\/wp-json\/wp\/v2\/product_brand?post=10668"},{"taxonomy":"product_cat","embeddable":true,"href":"https:\/\/collall.nl\/de\/wp-json\/wp\/v2\/product_cat?post=10668"},{"taxonomy":"product_tag","embeddable":true,"href":"https:\/\/collall.nl\/de\/wp-json\/wp\/v2\/product_tag?post=10668"}],"curies":[{"name":"wp","href":"https:\/\/api.w.org\/{rel}","templated":true}]}}