{"id":10652,"date":"2022-03-01T09:22:07","date_gmt":"2022-03-01T09:22:08","guid":{"rendered":"http:\/\/collall.test\/product\/collall-textilharter\/"},"modified":"2025-06-12T12:37:02","modified_gmt":"2025-06-12T10:37:02","slug":"collall-textilharter","status":"publish","type":"product","link":"https:\/\/collall.nl\/de\/product\/collall-textilharter\/","title":{"rendered":"Collall Textilh\u00e4rter"},"content":{"rendered":"<p><strong data-start=\"230\" data-end=\"244\">Anwendung:<\/strong> Mit Collall Textilh\u00e4rter k\u00f6nnen Textilien geh\u00e4rtet werden. Geeignet f\u00fcr Textilien, Jute, Papier, Garn und verschiedene andere nat\u00fcrliche Materialien. Collall Textilh\u00e4rter kann auch als Kleber, Lack oder als Basis f\u00fcr (strukturierte) Farbe verwendet werden.<\/p>\n<p data-start=\"75\" data-end=\"371\">Der <strong data-start=\"79\" data-end=\"106\">Collall Textilh\u00e4rter<\/strong> ist ein vielseitiges, transparent auftrocknendes Hobby- und Kunstmedium, mit dem sich Textilien und andere Naturmaterialien ganz einfach verfestigen lassen. Perfekt geeignet f\u00fcr das Erschaffen einzigartiger Skulpturen, dekorativer Objekte oder robuster Kunstwerke.<\/p>\n<p data-start=\"373\" data-end=\"855\">Diese dickfl\u00fcssige, wei\u00dfe Substanz trocknet schnell, transparent und wasserfest und haftet auf Materialien wie Textilien, Jute, Papier, Garn und anderen nat\u00fcrlichen Fasern. Ideal f\u00fcr kreative Projekte wie Skulpturen, Wanddekorationen oder Mixed-Media-Kunst. Und das ist noch nicht alles: Der Collall Textilverh\u00e4rter l\u00e4sst sich auch als Klebstoff, Firnis oder Basis f\u00fcr Strukturfarbe verwenden \u2013 perfekt f\u00fcr Bastler und K\u00fcnstler, die gerne mit Materialien und Formen experimentieren.<\/p>\n<p class=\"\" data-start=\"0\" data-end=\"15\"><strong data-start=\"0\" data-end=\"13\">Aussehen:<\/strong><\/p>\n<ul>\n<li data-start=\"19\" data-end=\"51\">Dickfl\u00fcssige wei\u00dfe Fl\u00fcssigkeit<\/li>\n<li data-start=\"54\" data-end=\"91\">Trocknet transparent und wasserfest<\/li>\n<li data-start=\"94\" data-end=\"112\">Schnelltrocknend<\/li>\n<li data-start=\"115\" data-end=\"138\">L\u00f6sungsmittel: Wasser<\/li>\n<\/ul>\n<p class=\"\" data-start=\"140\" data-end=\"179\"><strong data-start=\"140\" data-end=\"161\">Hauptbestandteil:<\/strong> Polyvinylacetat<\/p>\n<p><b>Nat\u00fcrliche Inhaltsstoffe:<\/b> 43%<\/p>\n<p class=\"p1\"><b>Viskosit\u00e4t:<\/b> 5.000 mPa.s<\/p>\n<p><strong>pH:<\/strong> 3,5<\/p>\n<p><strong>Dichte:<\/strong> 1,07 kg\/dm3<\/p>\n<p><strong data-start=\"226\" data-end=\"233\">CE:<\/strong> \u2013<\/p>\n<p><strong data-start=\"239\" data-end=\"263\">Typischer Verbrauch:<\/strong> ca. 400 g\/m\u00b2<\/p>\n<div class=\"flex flex-1 grow basis-auto flex-col overflow-hidden\">\n<div class=\"relative h-full\">\n<div class=\"flex h-full flex-col overflow-y-auto [scrollbar-gutter:stable]\">\n<div class=\"mt-1.5 flex flex-col text-sm @thread-xl\/thread:pt-header-height md:pb-9\">\n<article class=\"group\/turn w-full text-token-text-primary focus-visible:outline-none\" dir=\"auto\" tabindex=\"-1\" data-testid=\"conversation-turn-10\" data-scroll-anchor=\"true\">\n<div class=\"text-base my-auto mx-auto py-5 px-6\">\n<div class=\"mx-auto flex flex-1 text-base gap-4 md:gap-5 lg:gap-6 md:max-w-3xl lg:max-w-[40rem] xl:max-w-[48rem]\">\n<div class=\"group\/conversation-turn relative flex w-full min-w-0 flex-col agent-turn @xs\/thread:px-0 @sm\/thread:px-1.5 @md\/thread:px-4\">\n<div class=\"relative flex-col gap-1 md:gap-3\">\n<div class=\"flex max-w-full flex-col flex-grow\">\n<div class=\"min-h-8 text-message relative flex w-full flex-col items-end gap-2 whitespace-normal break-words text-start [.text-message+&amp;]:mt-5\" dir=\"auto\" data-message-author-role=\"assistant\" data-message-id=\"fe76488d-b283-4a7e-8724-159243ab68a1\" data-message-model-slug=\"gpt-4o\">\n<div class=\"flex w-full flex-col gap-1 empty:hidden first:pt-[3px]\">\n<div class=\"markdown prose w-full break-words dark:prose-invert light\">\n<h2 data-start=\"862\" data-end=\"925\"><strong data-start=\"866\" data-end=\"925\">So verwendest du den Collall Textilh\u00e4rter<\/strong><\/h2>\n<p data-start=\"927\" data-end=\"949\"><strong data-start=\"932\" data-end=\"949\">Vorbereitung:<\/strong><\/p>\n<ol>\n<li data-start=\"953\" data-end=\"1054\"><strong data-start=\"953\" data-end=\"972\">Materialauswahl<\/strong>: Verwende Naturmaterialien wie Baumwolle, Jute, Leinen, Garn, Papier oder Spitze.<\/li>\n<li data-start=\"1058\" data-end=\"1300\"><strong data-start=\"1058\" data-end=\"1082\">Zuschneiden &amp; Formen<\/strong>: Schneide oder rei\u00dfe den Stoff auf die gew\u00fcnschte Gr\u00f6\u00dfe und \u00fcberlege dir bereits die gew\u00fcnschte Form. F\u00fcr Skulpturen kannst du Drahtgestelle, Alufolie oder alte Gegenst\u00e4nde wie Vasen oder Flaschen als Basis verwenden.<\/li>\n<li data-start=\"1304\" data-end=\"1435\"><strong data-start=\"1304\" data-end=\"1329\">Arbeitsplatz sch\u00fctzen<\/strong>: Decke die Arbeitsfl\u00e4che mit Zeitungspapier, Plastik oder Folie ab \u2013 der Textilverh\u00e4rter haftet sehr gut!<\/li>\n<li data-start=\"1439\" data-end=\"1610\"><strong data-start=\"1439\" data-end=\"1464\">Schutzkleidung tragen<\/strong>: Ziehe alte Kleidung oder einen Malkittel an und verwende ggf. Handschuhe. Der H\u00e4rter l\u00e4sst sich schwer aus Kleidung oder von der Haut entfernen.<\/li>\n<\/ol>\n<p data-start=\"1612\" data-end=\"1634\"><strong data-start=\"1617\" data-end=\"1634\">Verarbeitung:<\/strong><\/p>\n<ol>\n<li data-start=\"1638\" data-end=\"1820\"><strong data-start=\"1638\" data-end=\"1662\">Anwenden des H\u00e4rters<\/strong>: Gib etwas Collall Textilh\u00e4rter in ein Gef\u00e4\u00df. Tauche den Stoff vollst\u00e4ndig ein oder bestreiche ihn gro\u00dfz\u00fcgig mit einem Pinsel, bis er vollst\u00e4ndig durchtr\u00e4nkt ist.<\/li>\n<li data-start=\"1824\" data-end=\"1967\"><strong data-start=\"1824\" data-end=\"1863\">\u00dcbersch\u00fcssige Fl\u00fcssigkeit entfernen<\/strong>: Dr\u00fccke \u00fcbersch\u00fcssigen H\u00e4rter vorsichtig mit den H\u00e4nden oder zwischen zwei Kartonst\u00fccken aus dem Stoff.<\/li>\n<li data-start=\"1971\" data-end=\"2119\"><strong data-start=\"1971\" data-end=\"1990\">In Form bringen<\/strong>: Drapiere den durchtr\u00e4nkten Stoff \u00fcber deine Basis und forme ihn nach Wunsch \u2013 mit Falten, Drehungen oder flie\u00dfenden Bewegungen.<\/li>\n<li data-start=\"2123\" data-end=\"2280\"><strong data-start=\"2123\" data-end=\"2142\">Trocknen lassen<\/strong>: Lasse das Projekt mindestens 24 Stunden bei Raumtemperatur trocknen. Nach dem Trocknen ist das Objekt hart, durchsichtig und wasserfest.<\/li>\n<\/ol>\n<p class=\"\" data-start=\"881\" data-end=\"1010\"><strong data-start=\"881\" data-end=\"895\">Allergene:<\/strong> Enth\u00e4lt 2-Methyl-2H-isothiazol-3-on und 1,2-Benzisothiazol-3(2H)-on. Kann eine allergische Reaktion hervorrufen.<\/p>\n<p class=\"\" data-start=\"1012\" data-end=\"1051\"><strong data-start=\"1012\" data-end=\"1029\">Geeignet f\u00fcr:<\/strong> Kinder ab 6 Jahren.<\/p>\n<p data-start=\"1053\" data-end=\"1073\"><strong data-start=\"1057\" data-end=\"1071\">Reinigung:<\/strong><\/p>\n<ul>\n<li data-start=\"1076\" data-end=\"1229\">Werkzeuge k\u00f6nnen mit Wasser gereinigt werden, solange der Kleber noch nass ist (bei Bedarf kann ein synthetisches Reinigungsmittel hinzugef\u00fcgt werden).<\/li>\n<li data-start=\"1232\" data-end=\"1329\">Getrocknete Klebereste in warmem Wasser einweichen und anschlie\u00dfend mit einer B\u00fcrste entfernen.<\/li>\n<li data-start=\"1332\" data-end=\"1374\">Nur noch feuchte Flecken sind auswaschbar!<\/li>\n<\/ul>\n<\/div>\n<\/div>\n<\/div>\n<\/div>\n<div class=\"flex justify-start\">\n<h2 data-start=\"2287\" data-end=\"2356\"><strong data-start=\"2291\" data-end=\"2356\">Gestaltungstipp<\/strong><\/h2>\n<h4 data-start=\"2287\" data-end=\"2356\"><strong data-start=\"2291\" data-end=\"2356\">Verleihe deinem Kunstwerk einen &#8222;Stone Look&#8220;<\/strong><\/h4>\n<p data-start=\"2358\" data-end=\"2548\">Nach dem Aush\u00e4rten kann das Kunstwerk weiter bearbeitet werden, um ein besonderes Finish zu erzielen. F\u00fcr eine rustikale, nat\u00fcrliche Optik eignet sich der sogenannte Stein- oder Betoneffekt:<\/p>\n<p data-start=\"2550\" data-end=\"2564\"><strong data-start=\"2550\" data-end=\"2564\">So geht\u2019s:<\/strong><\/p>\n<ul>\n<li data-start=\"2567\" data-end=\"2699\">Mische den Collall Textilh\u00e4rter mit etwas feinem Sand, Kreidepulver oder kleinen Steinchen, um eine strukturierte Oberfl\u00e4che zu erzielen.<\/li>\n<li data-start=\"2702\" data-end=\"2777\">Trage das Gemisch mit einem Schwamm, Spatel oder Pinsel auf das Objekt auf.<\/li>\n<li data-start=\"2780\" data-end=\"3013\">Gut trocknen lassen und anschlie\u00dfend mit Acrylfarben in Grau-, Anthrazit- oder Erdt\u00f6nen bemalen. Durch das Auftragen verschiedener Farbt\u00f6ne mit einem trockenen Pinsel (Dry Brushing) entsteht ein realistischer Stein- oder Betoneffekt.<\/li>\n<li data-start=\"3016\" data-end=\"3177\">Abschlie\u00dfend kannst du dein Werk mit <a href=\"https:\/\/collall.nl\/de\/product\/collall-lackleim\/\" target=\"_blank\" rel=\"noopener\">Collall Lackkleber<\/a> oder f\u00fcr ein gl\u00e4nzendes Finish mit <a href=\"https:\/\/collall.nl\/de\/product\/collall-decoupage-lackleim-glanzend\/\" target=\"_blank\" rel=\"noopener\">Collall Decoupage-Lack<\/a> versiegeln \u2013 f\u00fcr extra Schutz und Ausstrahlung.<\/li>\n<\/ul>\n<p><strong data-start=\"3188\" data-end=\"3210\">Zus\u00e4tzliche Tipps:<\/strong><\/p>\n<ul>\n<li data-start=\"3213\" data-end=\"3311\">Bei gro\u00dfen oder schweren Projekten in mehreren Schichten arbeiten und jeweils gut trocknen lassen.<\/li>\n<li data-start=\"3314\" data-end=\"3418\">Du kannst das Endergebnis mit Acrylfarbe bemalen oder lackieren, um mehr Glanz oder Effekte zu erzielen.<\/li>\n<li data-start=\"3421\" data-end=\"3498\">Ideal f\u00fcr Skulpturen, Gartenobjekte, Wanddekorationen oder Mixed-Media-Kunst.<\/li>\n<li data-start=\"3501\" data-end=\"3693\">Nach dem Trocknen ist das Werkst\u00fcck wasserfest, jedoch nicht vollst\u00e4ndig wetterbest\u00e4ndig. F\u00fcr Gartenobjekte ist eine gesch\u00fctzte Platzierung unter einem Vordach oder \u00dcberdachung empfehlenswert.<\/li>\n<\/ul>\n<\/div>\n<\/div>\n<\/div>\n<\/div>\n<\/div>\n<\/article>\n<\/div>\n<\/div>\n<\/div>\n<\/div>\n<div class=\"isolate w-full basis-auto has-[[data-has-thread-error]]:pt-2 has-[[data-has-thread-error]]:[box-shadow:var(--sharp-edge-bottom-shadow)] dark:border-white\/20 md:border-transparent md:pt-0 md:dark:border-transparent\"><\/div>\n","protected":false},"excerpt":{"rendered":"<p>Collall Textile Hardener ist ein vielseitiges, transparentes Hobby- und Kunstmedium zum H\u00e4rten von Textilien und anderen Materialien.<\/p>\n","protected":false},"featured_media":30751,"comment_status":"open","ping_status":"closed","template":"","meta":{"_acf_changed":false},"product_brand":[],"product_cat":[176],"product_tag":[],"class_list":{"0":"post-10652","1":"product","2":"type-product","3":"status-publish","4":"has-post-thumbnail","6":"product_cat-kleber-und-lackleim","8":"first","9":"instock","10":"shipping-taxable","11":"purchasable","12":"product-type-variable"},"acf":[],"yoast_head":"<!-- This site is optimized with the Yoast SEO plugin v27.2 - https:\/\/yoast.com\/product\/yoast-seo-wordpress\/ -->\n<title>Collall Textilh\u00e4rter - Collall<\/title>\n<meta name=\"description\" content=\"Collall Textile Hardener ist ein vielseitiges, transparentes Hobby- und Kunstmedium zum H\u00e4rten von Textilien und anderen Materialien.\" \/>\n<meta name=\"robots\" content=\"index, follow, max-snippet:-1, max-image-preview:large, max-video-preview:-1\" \/>\n<link rel=\"canonical\" href=\"https:\/\/collall.nl\/de\/product\/collall-textilharter\/\" \/>\n<meta property=\"og:locale\" content=\"de_DE\" \/>\n<meta property=\"og:type\" content=\"article\" \/>\n<meta property=\"og:title\" content=\"Collall Textilh\u00e4rter - Collall\" \/>\n<meta property=\"og:description\" content=\"Collall Textile Hardener ist ein vielseitiges, transparentes Hobby- und Kunstmedium zum H\u00e4rten von Textilien und anderen Materialien.\" \/>\n<meta property=\"og:url\" content=\"https:\/\/collall.nl\/de\/product\/collall-textilharter\/\" \/>\n<meta property=\"og:site_name\" content=\"Collall\" \/>\n<meta property=\"article:publisher\" content=\"https:\/\/www.facebook.com\/people\/Collall\/100064976852539\/\" \/>\n<meta property=\"article:modified_time\" content=\"2025-06-12T10:37:02+00:00\" \/>\n<meta property=\"og:image\" content=\"https:\/\/collall.nl\/wp-content\/uploads\/2022\/03\/COLHX0250-Collall-Textile-Hardener-1.webp\" \/>\n\t<meta property=\"og:image:width\" content=\"1000\" \/>\n\t<meta property=\"og:image:height\" content=\"1000\" \/>\n\t<meta property=\"og:image:type\" content=\"image\/jpeg\" \/>\n<meta name=\"twitter:card\" content=\"summary_large_image\" \/>\n<meta name=\"twitter:label1\" content=\"Gesch\u00e4tzte Lesezeit\" \/>\n\t<meta name=\"twitter:data1\" content=\"4\u00a0Minuten\" \/>\n<script type=\"application\/ld+json\" class=\"yoast-schema-graph\">{\"@context\":\"https:\/\/schema.org\",\"@graph\":[{\"@type\":\"WebPage\",\"@id\":\"https:\/\/collall.nl\/de\/product\/collall-textilharter\/\",\"url\":\"https:\/\/collall.nl\/de\/product\/collall-textilharter\/\",\"name\":\"Collall Textilh\u00e4rter - Collall\",\"isPartOf\":{\"@id\":\"https:\/\/collall.nl\/#website\"},\"primaryImageOfPage\":{\"@id\":\"https:\/\/collall.nl\/de\/product\/collall-textilharter\/#primaryimage\"},\"image\":{\"@id\":\"https:\/\/collall.nl\/de\/product\/collall-textilharter\/#primaryimage\"},\"thumbnailUrl\":\"https:\/\/collall.nl\/wp-content\/uploads\/2022\/03\/COLHX0250-Collall-Textile-Hardener-1.webp\",\"datePublished\":\"2022-03-01T09:22:08+00:00\",\"dateModified\":\"2025-06-12T10:37:02+00:00\",\"description\":\"Collall Textile Hardener ist ein vielseitiges, transparentes Hobby- und Kunstmedium zum H\u00e4rten von Textilien und anderen Materialien.\",\"breadcrumb\":{\"@id\":\"https:\/\/collall.nl\/de\/product\/collall-textilharter\/#breadcrumb\"},\"inLanguage\":\"de\",\"potentialAction\":[{\"@type\":\"ReadAction\",\"target\":[\"https:\/\/collall.nl\/de\/product\/collall-textilharter\/\"]}]},{\"@type\":\"ImageObject\",\"inLanguage\":\"de\",\"@id\":\"https:\/\/collall.nl\/de\/product\/collall-textilharter\/#primaryimage\",\"url\":\"https:\/\/collall.nl\/wp-content\/uploads\/2022\/03\/COLHX0250-Collall-Textile-Hardener-1.webp\",\"contentUrl\":\"https:\/\/collall.nl\/wp-content\/uploads\/2022\/03\/COLHX0250-Collall-Textile-Hardener-1.webp\",\"width\":1000,\"height\":1000},{\"@type\":\"BreadcrumbList\",\"@id\":\"https:\/\/collall.nl\/de\/product\/collall-textilharter\/#breadcrumb\",\"itemListElement\":[{\"@type\":\"ListItem\",\"position\":1,\"name\":\"Home\",\"item\":\"https:\/\/collall.nl\/de\/\"},{\"@type\":\"ListItem\",\"position\":2,\"name\":\"Produkte\",\"item\":\"https:\/\/collall.nl\/de\/produkte\/\"},{\"@type\":\"ListItem\",\"position\":3,\"name\":\"Collall Textilh\u00e4rter\"}]},{\"@type\":\"WebSite\",\"@id\":\"https:\/\/collall.nl\/#website\",\"url\":\"https:\/\/collall.nl\/\",\"name\":\"Collall\",\"description\":\"Adhesives &amp; Paints since 1949\",\"publisher\":{\"@id\":\"https:\/\/collall.nl\/#organization\"},\"potentialAction\":[{\"@type\":\"SearchAction\",\"target\":{\"@type\":\"EntryPoint\",\"urlTemplate\":\"https:\/\/collall.nl\/?s={search_term_string}\"},\"query-input\":{\"@type\":\"PropertyValueSpecification\",\"valueRequired\":true,\"valueName\":\"search_term_string\"}}],\"inLanguage\":\"de\"},{\"@type\":\"Organization\",\"@id\":\"https:\/\/collall.nl\/#organization\",\"name\":\"Collall B.V.\",\"url\":\"https:\/\/collall.nl\/\",\"logo\":{\"@type\":\"ImageObject\",\"inLanguage\":\"de\",\"@id\":\"https:\/\/collall.nl\/#\/schema\/logo\/image\/\",\"url\":\"https:\/\/collall.nl\/wp-content\/uploads\/2022\/08\/Collall-logo-186C_Reflex-blue.jpg\",\"contentUrl\":\"https:\/\/collall.nl\/wp-content\/uploads\/2022\/08\/Collall-logo-186C_Reflex-blue.jpg\",\"width\":1963,\"height\":1179,\"caption\":\"Collall B.V.\"},\"image\":{\"@id\":\"https:\/\/collall.nl\/#\/schema\/logo\/image\/\"},\"sameAs\":[\"https:\/\/www.facebook.com\/people\/Collall\/100064976852539\/\",\"https:\/\/www.instagram.com\/collall_1949\/\",\"https:\/\/nl.pinterest.com\/CollallBV\/\",\"https:\/\/www.youtube.com\/channel\/UCrCGuwth_udZhTqJSh5g9zg\"]}]}<\/script>\n<!-- \/ Yoast SEO plugin. -->","yoast_head_json":{"title":"Collall Textilh\u00e4rter - Collall","description":"Collall Textile Hardener ist ein vielseitiges, transparentes Hobby- und Kunstmedium zum H\u00e4rten von Textilien und anderen Materialien.","robots":{"index":"index","follow":"follow","max-snippet":"max-snippet:-1","max-image-preview":"max-image-preview:large","max-video-preview":"max-video-preview:-1"},"canonical":"https:\/\/collall.nl\/de\/product\/collall-textilharter\/","og_locale":"de_DE","og_type":"article","og_title":"Collall Textilh\u00e4rter - Collall","og_description":"Collall Textile Hardener ist ein vielseitiges, transparentes Hobby- und Kunstmedium zum H\u00e4rten von Textilien und anderen Materialien.","og_url":"https:\/\/collall.nl\/de\/product\/collall-textilharter\/","og_site_name":"Collall","article_publisher":"https:\/\/www.facebook.com\/people\/Collall\/100064976852539\/","article_modified_time":"2025-06-12T10:37:02+00:00","og_image":[{"width":1000,"height":1000,"url":"https:\/\/collall.nl\/wp-content\/uploads\/2022\/03\/COLHX0250-Collall-Textile-Hardener-1.webp","type":"image\/jpeg"}],"twitter_card":"summary_large_image","twitter_misc":{"Gesch\u00e4tzte Lesezeit":"4\u00a0Minuten"},"schema":{"@context":"https:\/\/schema.org","@graph":[{"@type":"WebPage","@id":"https:\/\/collall.nl\/de\/product\/collall-textilharter\/","url":"https:\/\/collall.nl\/de\/product\/collall-textilharter\/","name":"Collall Textilh\u00e4rter - Collall","isPartOf":{"@id":"https:\/\/collall.nl\/#website"},"primaryImageOfPage":{"@id":"https:\/\/collall.nl\/de\/product\/collall-textilharter\/#primaryimage"},"image":{"@id":"https:\/\/collall.nl\/de\/product\/collall-textilharter\/#primaryimage"},"thumbnailUrl":"https:\/\/collall.nl\/wp-content\/uploads\/2022\/03\/COLHX0250-Collall-Textile-Hardener-1.webp","datePublished":"2022-03-01T09:22:08+00:00","dateModified":"2025-06-12T10:37:02+00:00","description":"Collall Textile Hardener ist ein vielseitiges, transparentes Hobby- und Kunstmedium zum H\u00e4rten von Textilien und anderen Materialien.","breadcrumb":{"@id":"https:\/\/collall.nl\/de\/product\/collall-textilharter\/#breadcrumb"},"inLanguage":"de","potentialAction":[{"@type":"ReadAction","target":["https:\/\/collall.nl\/de\/product\/collall-textilharter\/"]}]},{"@type":"ImageObject","inLanguage":"de","@id":"https:\/\/collall.nl\/de\/product\/collall-textilharter\/#primaryimage","url":"https:\/\/collall.nl\/wp-content\/uploads\/2022\/03\/COLHX0250-Collall-Textile-Hardener-1.webp","contentUrl":"https:\/\/collall.nl\/wp-content\/uploads\/2022\/03\/COLHX0250-Collall-Textile-Hardener-1.webp","width":1000,"height":1000},{"@type":"BreadcrumbList","@id":"https:\/\/collall.nl\/de\/product\/collall-textilharter\/#breadcrumb","itemListElement":[{"@type":"ListItem","position":1,"name":"Home","item":"https:\/\/collall.nl\/de\/"},{"@type":"ListItem","position":2,"name":"Produkte","item":"https:\/\/collall.nl\/de\/produkte\/"},{"@type":"ListItem","position":3,"name":"Collall Textilh\u00e4rter"}]},{"@type":"WebSite","@id":"https:\/\/collall.nl\/#website","url":"https:\/\/collall.nl\/","name":"Collall","description":"Adhesives &amp; Paints since 1949","publisher":{"@id":"https:\/\/collall.nl\/#organization"},"potentialAction":[{"@type":"SearchAction","target":{"@type":"EntryPoint","urlTemplate":"https:\/\/collall.nl\/?s={search_term_string}"},"query-input":{"@type":"PropertyValueSpecification","valueRequired":true,"valueName":"search_term_string"}}],"inLanguage":"de"},{"@type":"Organization","@id":"https:\/\/collall.nl\/#organization","name":"Collall B.V.","url":"https:\/\/collall.nl\/","logo":{"@type":"ImageObject","inLanguage":"de","@id":"https:\/\/collall.nl\/#\/schema\/logo\/image\/","url":"https:\/\/collall.nl\/wp-content\/uploads\/2022\/08\/Collall-logo-186C_Reflex-blue.jpg","contentUrl":"https:\/\/collall.nl\/wp-content\/uploads\/2022\/08\/Collall-logo-186C_Reflex-blue.jpg","width":1963,"height":1179,"caption":"Collall B.V."},"image":{"@id":"https:\/\/collall.nl\/#\/schema\/logo\/image\/"},"sameAs":["https:\/\/www.facebook.com\/people\/Collall\/100064976852539\/","https:\/\/www.instagram.com\/collall_1949\/","https:\/\/nl.pinterest.com\/CollallBV\/","https:\/\/www.youtube.com\/channel\/UCrCGuwth_udZhTqJSh5g9zg"]}]}},"_links":{"self":[{"href":"https:\/\/collall.nl\/de\/wp-json\/wp\/v2\/product\/10652","targetHints":{"allow":["GET"]}}],"collection":[{"href":"https:\/\/collall.nl\/de\/wp-json\/wp\/v2\/product"}],"about":[{"href":"https:\/\/collall.nl\/de\/wp-json\/wp\/v2\/types\/product"}],"replies":[{"embeddable":true,"href":"https:\/\/collall.nl\/de\/wp-json\/wp\/v2\/comments?post=10652"}],"wp:featuredmedia":[{"embeddable":true,"href":"https:\/\/collall.nl\/de\/wp-json\/wp\/v2\/media\/30751"}],"wp:attachment":[{"href":"https:\/\/collall.nl\/de\/wp-json\/wp\/v2\/media?parent=10652"}],"wp:term":[{"taxonomy":"product_brand","embeddable":true,"href":"https:\/\/collall.nl\/de\/wp-json\/wp\/v2\/product_brand?post=10652"},{"taxonomy":"product_cat","embeddable":true,"href":"https:\/\/collall.nl\/de\/wp-json\/wp\/v2\/product_cat?post=10652"},{"taxonomy":"product_tag","embeddable":true,"href":"https:\/\/collall.nl\/de\/wp-json\/wp\/v2\/product_tag?post=10652"}],"curies":[{"name":"wp","href":"https:\/\/api.w.org\/{rel}","templated":true}]}}