{"id":10634,"date":"2022-03-01T09:22:01","date_gmt":"2022-03-01T09:22:02","guid":{"rendered":"http:\/\/collall.test\/product\/collall-korkkleber\/"},"modified":"2025-04-03T12:19:14","modified_gmt":"2025-04-03T10:19:14","slug":"collall-korkkleber","status":"publish","type":"product","link":"https:\/\/collall.nl\/de\/product\/collall-korkkleber\/","title":{"rendered":"Collall Korkkleber"},"content":{"rendered":"<p class=\"\" data-start=\"38\" data-end=\"180\"><strong data-start=\"38\" data-end=\"52\">Anwendung:<\/strong> Mit Collall Korkleim kleben Sie Kork und Holz (Laminat) f\u00fcr den Innenbereich und (an gesch\u00fctzten Stellen) f\u00fcr den Au\u00dfenbereich.<\/p>\n<p class=\"\" data-start=\"38\" data-end=\"180\"><strong>Eigenschaften: <\/strong><\/p>\n<ul>\n<li>Dicke wei\u00dfe Kleber<\/li>\n<li>Trocknet transparent auf<\/li>\n<li>Schnelltrocknend<\/li>\n<li>D3 &#8211; EN204 wasserfest<\/li>\n<\/ul>\n<p class=\"\" data-start=\"292\" data-end=\"317\"><strong data-start=\"292\" data-end=\"310\">L\u00f6sungsmittel:<\/strong> Wasser<\/p>\n<p class=\"\" data-start=\"319\" data-end=\"356\"><strong data-start=\"319\" data-end=\"340\">Hauptbestandteil:<\/strong> Polyvinylacetat<\/p>\n<p class=\"\" data-start=\"358\" data-end=\"391\"><strong data-start=\"358\" data-end=\"387\">Nat\u00fcrliche Inhaltsstoffe:<\/strong> 50%<\/p>\n<p class=\"\" data-start=\"393\" data-end=\"421\"><strong data-start=\"393\" data-end=\"408\">Viskosit\u00e4t:<\/strong> 12.000 mPa.s<\/p>\n<p class=\"\" data-start=\"423\" data-end=\"437\"><strong data-start=\"423\" data-end=\"435\">pH-Wert:<\/strong> 3<\/p>\n<p class=\"\" data-start=\"439\" data-end=\"462\"><strong data-start=\"439\" data-end=\"450\">Dichte:<\/strong> 1,10 kg\/dm\u00b3<\/p>\n<p class=\"\" data-start=\"464\" data-end=\"473\"><strong data-start=\"464\" data-end=\"471\">CE:<\/strong> \u2013<\/p>\n<p class=\"\" data-start=\"475\" data-end=\"609\"><strong data-start=\"475\" data-end=\"495\">Kleberverbrauch:<\/strong> Abh\u00e4ngig von der Saugf\u00e4higkeit der zu verklebenden Materialien ca. 200 \u2013 250 Gramm pro m\u00b2, einseitig aufgetragen.<\/p>\n<p class=\"\" data-start=\"611\" data-end=\"628\"><strong data-start=\"611\" data-end=\"628\">Verarbeitung:<\/strong><\/p>\n<ul>\n<li data-start=\"630\" data-end=\"1154\">Die zu klebenden Materialien m\u00fcssen trocken und frei von Staub und Schmutz sein.<\/li>\n<li data-start=\"630\" data-end=\"1154\">Nicht zu dick, ein- oder beidseitig auftragen, kurz antrocknen lassen. Danach den Kork aufeinanderlegen und f\u00fcr eine Weile fest andr\u00fccken.<\/li>\n<li data-start=\"630\" data-end=\"1154\">Verarbeitungstemperatur zwischen 10 und 30 \u00b0C. Frostfrei lagern. Einfach zu verarbeiten mit einem Klebepinsel oder Spachtel.<\/li>\n<li data-start=\"630\" data-end=\"1154\">Der Kleber kann bei Bedarf mit Wasser verd\u00fcnnt werden, was jedoch die Trocknungszeit beeinflusst.<\/li>\n<\/ul>\n<p class=\"\" data-start=\"630\" data-end=\"1154\"><strong data-start=\"1081\" data-end=\"1095\">Allergene:<\/strong> Enth\u00e4lt CMIT\/MIT. Kann allergische Reaktionen hervorrufen.<\/p>\n<p class=\"\" data-start=\"1156\" data-end=\"1186\"><strong data-start=\"1156\" data-end=\"1173\">Geeignet f\u00fcr:<\/strong> Ab 6 Jahren.<\/p>\n<p class=\"\" data-start=\"1188\" data-end=\"1202\"><strong data-start=\"1188\" data-end=\"1202\">Reinigung:<\/strong><\/p>\n<ul>\n<li data-start=\"1204\" data-end=\"1611\">Wenn der Kleber noch feucht ist, kann das Werkzeug mit Wasser gereinigt werden (auf Wunsch kann ein synthetisches Waschmittel dem Wasser beigef\u00fcgt werden).<\/li>\n<li data-start=\"1204\" data-end=\"1611\">Trockene Kleberreste m\u00fcssen in warmem Wasser eingeweicht und anschlie\u00dfend mit einer B\u00fcrste entfernt werden.<\/li>\n<li data-start=\"1204\" data-end=\"1611\">Feuchte Klebstoffflecken sofort mit einem feuchten Tuch entfernen.<\/li>\n<li data-start=\"1204\" data-end=\"1611\">Eingetrocknete Klebstoffflecken k\u00f6nnen nur mechanisch entfernt werden.<\/li>\n<\/ul>\n","protected":false},"excerpt":{"rendered":"<p>Ein schnell trocknender, wasserfester KorkKleber<\/p>\n","protected":false},"featured_media":18156,"comment_status":"open","ping_status":"closed","template":"","meta":{"_acf_changed":false},"product_brand":[],"product_cat":[176],"product_tag":[],"class_list":{"0":"post-10634","1":"product","2":"type-product","3":"status-publish","4":"has-post-thumbnail","6":"product_cat-kleber-und-lackleim","8":"first","9":"instock","10":"shipping-taxable","11":"purchasable","12":"product-type-variable"},"acf":[],"yoast_head":"<!-- This site is optimized with the Yoast SEO plugin v27.2 - https:\/\/yoast.com\/product\/yoast-seo-wordpress\/ -->\n<title>Collall Korkkleber - Collall<\/title>\n<meta name=\"robots\" content=\"index, follow, max-snippet:-1, max-image-preview:large, max-video-preview:-1\" \/>\n<link rel=\"canonical\" href=\"https:\/\/collall.nl\/de\/product\/collall-korkkleber\/\" \/>\n<meta property=\"og:locale\" content=\"de_DE\" \/>\n<meta property=\"og:type\" content=\"article\" \/>\n<meta property=\"og:title\" content=\"Collall Korkkleber - Collall\" \/>\n<meta property=\"og:description\" content=\"Ein schnell trocknender, wasserfester KorkKleber\" \/>\n<meta property=\"og:url\" content=\"https:\/\/collall.nl\/de\/product\/collall-korkkleber\/\" \/>\n<meta property=\"og:site_name\" content=\"Collall\" \/>\n<meta property=\"article:publisher\" content=\"https:\/\/www.facebook.com\/people\/Collall\/100064976852539\/\" \/>\n<meta property=\"article:modified_time\" content=\"2025-04-03T10:19:14+00:00\" \/>\n<meta property=\"og:image\" content=\"https:\/\/collall.nl\/wp-content\/uploads\/2022\/03\/COLKL0100-Collall-Cork-Glue.jpg\" \/>\n\t<meta property=\"og:image:width\" content=\"800\" \/>\n\t<meta property=\"og:image:height\" content=\"800\" \/>\n\t<meta property=\"og:image:type\" content=\"image\/jpeg\" \/>\n<meta name=\"twitter:card\" content=\"summary_large_image\" \/>\n<meta name=\"twitter:label1\" content=\"Gesch\u00e4tzte Lesezeit\" \/>\n\t<meta name=\"twitter:data1\" content=\"2\u00a0Minuten\" \/>\n<script type=\"application\/ld+json\" class=\"yoast-schema-graph\">{\"@context\":\"https:\/\/schema.org\",\"@graph\":[{\"@type\":\"WebPage\",\"@id\":\"https:\/\/collall.nl\/de\/product\/collall-korkkleber\/\",\"url\":\"https:\/\/collall.nl\/de\/product\/collall-korkkleber\/\",\"name\":\"Collall Korkkleber - Collall\",\"isPartOf\":{\"@id\":\"https:\/\/collall.nl\/#website\"},\"primaryImageOfPage\":{\"@id\":\"https:\/\/collall.nl\/de\/product\/collall-korkkleber\/#primaryimage\"},\"image\":{\"@id\":\"https:\/\/collall.nl\/de\/product\/collall-korkkleber\/#primaryimage\"},\"thumbnailUrl\":\"https:\/\/collall.nl\/wp-content\/uploads\/2022\/03\/COLKL0100-Collall-Cork-Glue.jpg\",\"datePublished\":\"2022-03-01T09:22:02+00:00\",\"dateModified\":\"2025-04-03T10:19:14+00:00\",\"breadcrumb\":{\"@id\":\"https:\/\/collall.nl\/de\/product\/collall-korkkleber\/#breadcrumb\"},\"inLanguage\":\"de\",\"potentialAction\":[{\"@type\":\"ReadAction\",\"target\":[\"https:\/\/collall.nl\/de\/product\/collall-korkkleber\/\"]}]},{\"@type\":\"ImageObject\",\"inLanguage\":\"de\",\"@id\":\"https:\/\/collall.nl\/de\/product\/collall-korkkleber\/#primaryimage\",\"url\":\"https:\/\/collall.nl\/wp-content\/uploads\/2022\/03\/COLKL0100-Collall-Cork-Glue.jpg\",\"contentUrl\":\"https:\/\/collall.nl\/wp-content\/uploads\/2022\/03\/COLKL0100-Collall-Cork-Glue.jpg\",\"width\":800,\"height\":800},{\"@type\":\"BreadcrumbList\",\"@id\":\"https:\/\/collall.nl\/de\/product\/collall-korkkleber\/#breadcrumb\",\"itemListElement\":[{\"@type\":\"ListItem\",\"position\":1,\"name\":\"Home\",\"item\":\"https:\/\/collall.nl\/de\/hauptseite\/\"},{\"@type\":\"ListItem\",\"position\":2,\"name\":\"Produkte\",\"item\":\"https:\/\/collall.nl\/de\/produkte\/\"},{\"@type\":\"ListItem\",\"position\":3,\"name\":\"Collall Korkkleber\"}]},{\"@type\":\"WebSite\",\"@id\":\"https:\/\/collall.nl\/#website\",\"url\":\"https:\/\/collall.nl\/\",\"name\":\"Collall\",\"description\":\"Adhesives &amp; Paints since 1949\",\"publisher\":{\"@id\":\"https:\/\/collall.nl\/#organization\"},\"potentialAction\":[{\"@type\":\"SearchAction\",\"target\":{\"@type\":\"EntryPoint\",\"urlTemplate\":\"https:\/\/collall.nl\/?s={search_term_string}\"},\"query-input\":{\"@type\":\"PropertyValueSpecification\",\"valueRequired\":true,\"valueName\":\"search_term_string\"}}],\"inLanguage\":\"de\"},{\"@type\":\"Organization\",\"@id\":\"https:\/\/collall.nl\/#organization\",\"name\":\"Collall B.V.\",\"url\":\"https:\/\/collall.nl\/\",\"logo\":{\"@type\":\"ImageObject\",\"inLanguage\":\"de\",\"@id\":\"https:\/\/collall.nl\/#\/schema\/logo\/image\/\",\"url\":\"https:\/\/collall.nl\/wp-content\/uploads\/2022\/08\/Collall-logo-186C_Reflex-blue.jpg\",\"contentUrl\":\"https:\/\/collall.nl\/wp-content\/uploads\/2022\/08\/Collall-logo-186C_Reflex-blue.jpg\",\"width\":1963,\"height\":1179,\"caption\":\"Collall B.V.\"},\"image\":{\"@id\":\"https:\/\/collall.nl\/#\/schema\/logo\/image\/\"},\"sameAs\":[\"https:\/\/www.facebook.com\/people\/Collall\/100064976852539\/\",\"https:\/\/www.instagram.com\/collall_1949\/\",\"https:\/\/nl.pinterest.com\/CollallBV\/\",\"https:\/\/www.youtube.com\/channel\/UCrCGuwth_udZhTqJSh5g9zg\"]}]}<\/script>\n<!-- \/ Yoast SEO plugin. -->","yoast_head_json":{"title":"Collall Korkkleber - Collall","robots":{"index":"index","follow":"follow","max-snippet":"max-snippet:-1","max-image-preview":"max-image-preview:large","max-video-preview":"max-video-preview:-1"},"canonical":"https:\/\/collall.nl\/de\/product\/collall-korkkleber\/","og_locale":"de_DE","og_type":"article","og_title":"Collall Korkkleber - Collall","og_description":"Ein schnell trocknender, wasserfester KorkKleber","og_url":"https:\/\/collall.nl\/de\/product\/collall-korkkleber\/","og_site_name":"Collall","article_publisher":"https:\/\/www.facebook.com\/people\/Collall\/100064976852539\/","article_modified_time":"2025-04-03T10:19:14+00:00","og_image":[{"width":800,"height":800,"url":"https:\/\/collall.nl\/wp-content\/uploads\/2022\/03\/COLKL0100-Collall-Cork-Glue.jpg","type":"image\/jpeg"}],"twitter_card":"summary_large_image","twitter_misc":{"Gesch\u00e4tzte Lesezeit":"2\u00a0Minuten"},"schema":{"@context":"https:\/\/schema.org","@graph":[{"@type":"WebPage","@id":"https:\/\/collall.nl\/de\/product\/collall-korkkleber\/","url":"https:\/\/collall.nl\/de\/product\/collall-korkkleber\/","name":"Collall Korkkleber - Collall","isPartOf":{"@id":"https:\/\/collall.nl\/#website"},"primaryImageOfPage":{"@id":"https:\/\/collall.nl\/de\/product\/collall-korkkleber\/#primaryimage"},"image":{"@id":"https:\/\/collall.nl\/de\/product\/collall-korkkleber\/#primaryimage"},"thumbnailUrl":"https:\/\/collall.nl\/wp-content\/uploads\/2022\/03\/COLKL0100-Collall-Cork-Glue.jpg","datePublished":"2022-03-01T09:22:02+00:00","dateModified":"2025-04-03T10:19:14+00:00","breadcrumb":{"@id":"https:\/\/collall.nl\/de\/product\/collall-korkkleber\/#breadcrumb"},"inLanguage":"de","potentialAction":[{"@type":"ReadAction","target":["https:\/\/collall.nl\/de\/product\/collall-korkkleber\/"]}]},{"@type":"ImageObject","inLanguage":"de","@id":"https:\/\/collall.nl\/de\/product\/collall-korkkleber\/#primaryimage","url":"https:\/\/collall.nl\/wp-content\/uploads\/2022\/03\/COLKL0100-Collall-Cork-Glue.jpg","contentUrl":"https:\/\/collall.nl\/wp-content\/uploads\/2022\/03\/COLKL0100-Collall-Cork-Glue.jpg","width":800,"height":800},{"@type":"BreadcrumbList","@id":"https:\/\/collall.nl\/de\/product\/collall-korkkleber\/#breadcrumb","itemListElement":[{"@type":"ListItem","position":1,"name":"Home","item":"https:\/\/collall.nl\/de\/hauptseite\/"},{"@type":"ListItem","position":2,"name":"Produkte","item":"https:\/\/collall.nl\/de\/produkte\/"},{"@type":"ListItem","position":3,"name":"Collall Korkkleber"}]},{"@type":"WebSite","@id":"https:\/\/collall.nl\/#website","url":"https:\/\/collall.nl\/","name":"Collall","description":"Adhesives &amp; Paints since 1949","publisher":{"@id":"https:\/\/collall.nl\/#organization"},"potentialAction":[{"@type":"SearchAction","target":{"@type":"EntryPoint","urlTemplate":"https:\/\/collall.nl\/?s={search_term_string}"},"query-input":{"@type":"PropertyValueSpecification","valueRequired":true,"valueName":"search_term_string"}}],"inLanguage":"de"},{"@type":"Organization","@id":"https:\/\/collall.nl\/#organization","name":"Collall B.V.","url":"https:\/\/collall.nl\/","logo":{"@type":"ImageObject","inLanguage":"de","@id":"https:\/\/collall.nl\/#\/schema\/logo\/image\/","url":"https:\/\/collall.nl\/wp-content\/uploads\/2022\/08\/Collall-logo-186C_Reflex-blue.jpg","contentUrl":"https:\/\/collall.nl\/wp-content\/uploads\/2022\/08\/Collall-logo-186C_Reflex-blue.jpg","width":1963,"height":1179,"caption":"Collall B.V."},"image":{"@id":"https:\/\/collall.nl\/#\/schema\/logo\/image\/"},"sameAs":["https:\/\/www.facebook.com\/people\/Collall\/100064976852539\/","https:\/\/www.instagram.com\/collall_1949\/","https:\/\/nl.pinterest.com\/CollallBV\/","https:\/\/www.youtube.com\/channel\/UCrCGuwth_udZhTqJSh5g9zg"]}]}},"_links":{"self":[{"href":"https:\/\/collall.nl\/de\/wp-json\/wp\/v2\/product\/10634","targetHints":{"allow":["GET"]}}],"collection":[{"href":"https:\/\/collall.nl\/de\/wp-json\/wp\/v2\/product"}],"about":[{"href":"https:\/\/collall.nl\/de\/wp-json\/wp\/v2\/types\/product"}],"replies":[{"embeddable":true,"href":"https:\/\/collall.nl\/de\/wp-json\/wp\/v2\/comments?post=10634"}],"wp:featuredmedia":[{"embeddable":true,"href":"https:\/\/collall.nl\/de\/wp-json\/wp\/v2\/media\/18156"}],"wp:attachment":[{"href":"https:\/\/collall.nl\/de\/wp-json\/wp\/v2\/media?parent=10634"}],"wp:term":[{"taxonomy":"product_brand","embeddable":true,"href":"https:\/\/collall.nl\/de\/wp-json\/wp\/v2\/product_brand?post=10634"},{"taxonomy":"product_cat","embeddable":true,"href":"https:\/\/collall.nl\/de\/wp-json\/wp\/v2\/product_cat?post=10634"},{"taxonomy":"product_tag","embeddable":true,"href":"https:\/\/collall.nl\/de\/wp-json\/wp\/v2\/product_tag?post=10634"}],"curies":[{"name":"wp","href":"https:\/\/api.w.org\/{rel}","templated":true}]}}