{"id":10612,"date":"2022-03-01T09:21:51","date_gmt":"2022-03-01T09:21:51","guid":{"rendered":"http:\/\/collall.test\/product\/collall-puzzlekleber\/"},"modified":"2025-06-12T11:30:40","modified_gmt":"2025-06-12T09:30:40","slug":"collall-puzzle-kleber","status":"publish","type":"product","link":"https:\/\/collall.nl\/de\/product\/collall-puzzle-kleber\/","title":{"rendered":"Collall Puzzle-Kleber"},"content":{"rendered":"<article class=\"text-token-text-primary w-full\" dir=\"auto\" data-testid=\"conversation-turn-16\" data-scroll-anchor=\"true\">\n<div class=\"text-base my-auto mx-auto py-5 px-6\">\n<div class=\"mx-auto flex flex-1 text-base gap-4 md:gap-5 lg:gap-6 md:max-w-3xl lg:max-w-[40rem] xl:max-w-[48rem] group\/turn-messages focus-visible:outline-hidden\" tabindex=\"-1\">\n<div class=\"group\/conversation-turn relative flex w-full min-w-0 flex-col agent-turn @xs\/thread:px-0 @sm\/thread:px-1.5 @md\/thread:px-4\">\n<div class=\"relative flex-col gap-1 md:gap-3\">\n<div class=\"flex max-w-full flex-col grow\">\n<div class=\"min-h-8 text-message relative flex w-full flex-col items-end gap-2 text-start break-words whitespace-normal [.text-message+&amp;]:mt-5\" dir=\"auto\" data-message-author-role=\"assistant\" data-message-id=\"d13994c8-0dd3-4055-8cb1-d762bedcad0b\" data-message-model-slug=\"gpt-4o\">\n<div class=\"flex w-full flex-col gap-1 empty:hidden first:pt-[3px]\">\n<div class=\"markdown prose dark:prose-invert w-full break-words light\">\n<p class=\"p1\"><b>Anwendung:<\/b> Kleben und lackieren Sie Ihre Holz- und Puzzlespiele mit Collall Puzzlekleber. Genie\u00dfen Sie Ihr fertiges Puzzle noch l\u00e4nger!<\/p>\n<p class=\"p1\"><b>Aussehen:<\/b><\/p>\n<ul class=\"ul1\">\n<li class=\"li1\">Gelbliche Fl\u00fcssigkeit, wird transparent nach dem Trocknen<\/li>\n<li class=\"li1\">Mittelviskos<\/li>\n<li class=\"li1\">Seidengl\u00e4nzend<\/li>\n<li class=\"li1\">Schnelltrocknend<\/li>\n<li class=\"li1\">Wasserabweisend<\/li>\n<\/ul>\n<p class=\"p1\"><b>L\u00f6sungsmittel:<\/b> Wasser<\/p>\n<p class=\"p1\"><b>Hauptinhaltsstoff:<\/b> Acrylat<\/p>\n<p class=\"p1\"><b>Nat\u00fcrliche Inhaltsstoffe:<\/b> 58 %<\/p>\n<p class=\"p1\"><b>Viskosit\u00e4t:<\/b> 1.000 mPa.s<\/p>\n<p class=\"p1\"><b>pH:<\/b> 7,5<\/p>\n<p class=\"\" data-start=\"308\" data-end=\"333\"><strong data-start=\"308\" data-end=\"319\">Dichte:<\/strong> 1,05 kg\/dm\u00b3<\/p>\n<p class=\"\" data-start=\"335\" data-end=\"346\"><strong data-start=\"335\" data-end=\"342\">CE:<\/strong> \u2013<\/p>\n<p class=\"\" data-start=\"348\" data-end=\"450\"><strong data-start=\"348\" data-end=\"371\">Leimverbrauch:<\/strong> Abh\u00e4ngig von der Saugf\u00e4higkeit der zu verklebenden Materialien ca. 125 g\/m\u00b2.<\/p>\n<p class=\"\" data-start=\"452\" data-end=\"471\"><strong data-start=\"452\" data-end=\"469\">Verwendung:<\/strong><\/p>\n<ol>\n<li data-start=\"1487\" data-end=\"1569\">Die zu klebenden Materialien m\u00fcssen trocken und frei von Staub und Schmutz sein.<\/li>\n<li data-start=\"1573\" data-end=\"1675\">Lege dein Puzzle auf eine ebene Fl\u00e4che und achte darauf, dass alle Teile gut aneinandergereiht sind.<\/li>\n<li data-start=\"1679\" data-end=\"1886\">Trage den Kleber auf: entweder direkt aus der Flasche auf das Puzzle oder f\u00fclle etwas Kleber in ein Gef\u00e4\u00df und verwende einen weichen Pinsel oder Lackroller, um eine gleichm\u00e4\u00dfige, d\u00fcnne Schicht aufzutragen.<\/li>\n<li data-start=\"1890\" data-end=\"2051\">Lasse den Kleber ca. 30 Minuten bei Raumtemperatur trocknen. F\u00fcr zus\u00e4tzlichen Schutz kann eine zweite Schicht aufgetragen werden, sobald die erste trocken ist.<\/li>\n<li data-start=\"2055\" data-end=\"2156\">Stelle sicher, dass das Puzzle w\u00e4hrend des Trocknens in einem trockenen, gut bel\u00fcfteten Raum liegt.<\/li>\n<li data-start=\"2160\" data-end=\"2265\">Nach dem Trocknen ist das Puzzle fest fixiert und vor Staub, Feuchtigkeit und Besch\u00e4digungen gesch\u00fctzt.<\/li>\n<li data-start=\"2269\" data-end=\"2348\">Das getrocknete Puzzle kann aufrecht stehend oder h\u00e4ngend pr\u00e4sentiert werden.<\/li>\n<\/ol>\n<p class=\"\" data-start=\"740\" data-end=\"837\"><strong data-start=\"740\" data-end=\"754\">Allergene:<\/strong> Enth\u00e4lt 1,2-Benzisothiazol-3(2H)-on. Kann eine allergische Reaktion hervorrufen.<\/p>\n<p class=\"\" data-start=\"839\" data-end=\"866\"><strong>Geeignet f\u00fcr:\u00a0<\/strong>Kinder ab 8 Jahren.<\/p>\n<p class=\"\" data-start=\"868\" data-end=\"884\"><strong data-start=\"868\" data-end=\"882\">Flecken:<\/strong><\/p>\n<ul data-start=\"886\" data-end=\"985\" data-is-last-node=\"\" data-is-only-node=\"\">\n<li class=\"\" data-start=\"886\" data-end=\"985\">\n<p class=\"\" data-start=\"888\" data-end=\"985\">Werkzeuge\/Oberfl\u00e4chen k\u00f6nnen nur mit Wasser gereinigt werden, solange der Kleber noch feucht ist.<\/p>\n<\/li>\n<\/ul>\n<h4 data-start=\"0\" data-end=\"84\"><strong data-start=\"0\" data-end=\"82\">Bewahre und pr\u00e4sentiere dein Puzzle wie ein Kunstwerk!<\/strong><\/h4>\n<p data-start=\"86\" data-end=\"401\">Puzzles sind nicht nur ein beliebtes Hobby, sondern auch eine wunderbare M\u00f6glichkeit, deine Kreativit\u00e4t zu zeigen. Egal, ob du ein klassisches Kartonpuzzle oder eine stabile Holzvariante (Jigsaw) legst \u2013 mit dem Collall Puzzle-Kleber fixierst und sch\u00fctzt du dein fertiges Puzzle, damit du lange Freude daran hast.<\/p>\n<p data-start=\"403\" data-end=\"623\">Der Kleber sorgt daf\u00fcr, dass alle Puzzleteile sicher an ihrem Platz bleiben, und trocknet transparent mit einem dezenten Seidenglanz. So wird dein fertiges Puzzle zu einem Bild, das du aufh\u00e4ngen oder aufstellen kannst.<\/p>\n<p data-start=\"625\" data-end=\"1030\">Der gebrauchsfertige, fl\u00fcssige Puzzle-Kleber l\u00e4sst sich ganz einfach mit einem weichen Pinsel oder Lackroller auftragen. Trage eine d\u00fcnne Schicht auf die Oberfl\u00e4che des Puzzles auf und lasse den Kleber trocknen. Eine 100-ml-Flasche reicht f\u00fcr etwa 2.400 mittelgro\u00dfe Puzzleteile \u2013 ideal f\u00fcr alle, die ihre Puzzle konservieren, als Dekoration verwenden oder als einzigartiges Geschenk weitergeben m\u00f6chten.<\/p>\n<p data-start=\"1032\" data-end=\"1336\"><strong data-start=\"1032\" data-end=\"1051\">Kreative Ideen:<\/strong><br data-start=\"1051\" data-end=\"1054\" \/>\u2022 Gestalte eine individuelle Wanddekoration, indem du dein Lieblingspuzzle einrahmst.<br data-start=\"1139\" data-end=\"1142\" \/>\u2022 Personalisiere Geschenke mit einem selbst gestalteten Blanko-Puzzle von ColorMe! und fixiere es mit Collall Puzzle-Kleber.<br data-start=\"1266\" data-end=\"1269\" \/>\u2022 Nutze das geklebte Puzzle als Untersetzer oder Tischdekoration.<\/p>\n<p data-start=\"1338\" data-end=\"1465\"><strong data-start=\"1338\" data-end=\"1350\">F\u00fcr wen?<\/strong><br data-start=\"1350\" data-end=\"1353\" \/>F\u00fcr Puzzleliebhaber, Bastelbegeisterte, Familien und alle, die Spa\u00df an Puzzeln und kreativer Dekoration haben.<\/p>\n<h2 data-start=\"2350\" data-end=\"2803\"><strong data-start=\"2350\" data-end=\"2376\">Was ist Acrylatkleber?<\/strong><\/h2>\n<p data-start=\"2350\" data-end=\"2803\">Collall Puzzle-Kleber ist ein wasserbasierter Acrylatkleber. Das bedeutet, dass er geruchsarm, schnell trocknend und angenehm in der Anwendung ist. Acrylatkleber sind bekannt f\u00fcr ihre klare Optik, starke Haftung und Langlebigkeit \u2013 perfekt f\u00fcr kreative Projekte und dekorative Anwendungen. Der Klebefilm ist wasserabweisend und h\u00e4lt gelegentlichem Kontakt mit Wasser stand (z.\u202fB. Abwischen mit einem leicht feuchten Tuch).<\/p>\n<p data-start=\"2805\" data-end=\"2887\" data-is-last-node=\"\" data-is-only-node=\"\"><strong data-start=\"2805\" data-end=\"2817\">Hinweis:<\/strong> Nicht geeignet f\u00fcr dauerhafte Wassereinwirkung oder den Au\u00dfeneinsatz.<\/p>\n<\/div>\n<\/div>\n<\/div>\n<\/div>\n<\/div>\n<\/div>\n<\/div>\n<\/div>\n<\/article>\n","protected":false},"excerpt":{"rendered":"<p>Kleben und lackieren Sie Ihre Holz- und Puzzlespiele mit Collall Puzzlekleber. Genie\u00dfen Sie Ihr fertiges Puzzle noch l\u00e4nger!<\/p>\n","protected":false},"featured_media":28927,"comment_status":"open","ping_status":"closed","template":"","meta":{"_acf_changed":false},"product_brand":[],"product_cat":[176],"product_tag":[],"class_list":{"0":"post-10612","1":"product","2":"type-product","3":"status-publish","4":"has-post-thumbnail","6":"product_cat-kleber-und-lackleim","8":"first","9":"instock","10":"shipping-taxable","11":"purchasable","12":"product-type-variable"},"acf":[],"yoast_head":"<!-- This site is optimized with the Yoast SEO plugin v27.2 - https:\/\/yoast.com\/product\/yoast-seo-wordpress\/ -->\n<title>Collall Puzzle-Kleber - Collall<\/title>\n<meta name=\"description\" content=\"Collall Puzzle-KleberKleben und lackieren Sie Ihre Holz- und Puzzlespiele mit Collall Puzzlekleber. Genie\u00dfen Sie Ihr fertiges Puzzle noch l\u00e4nger!\" \/>\n<meta name=\"robots\" content=\"index, follow, max-snippet:-1, max-image-preview:large, max-video-preview:-1\" \/>\n<link rel=\"canonical\" href=\"https:\/\/collall.nl\/de\/product\/collall-puzzle-kleber\/\" \/>\n<meta property=\"og:locale\" content=\"de_DE\" \/>\n<meta property=\"og:type\" content=\"article\" \/>\n<meta property=\"og:title\" content=\"Collall Puzzle-Kleber - Collall\" \/>\n<meta property=\"og:description\" content=\"Collall Puzzle-KleberKleben und lackieren Sie Ihre Holz- und Puzzlespiele mit Collall Puzzlekleber. Genie\u00dfen Sie Ihr fertiges Puzzle noch l\u00e4nger!\" \/>\n<meta property=\"og:url\" content=\"https:\/\/collall.nl\/de\/product\/collall-puzzle-kleber\/\" \/>\n<meta property=\"og:site_name\" content=\"Collall\" \/>\n<meta property=\"article:publisher\" content=\"https:\/\/www.facebook.com\/people\/Collall\/100064976852539\/\" \/>\n<meta property=\"article:modified_time\" content=\"2025-06-12T09:30:40+00:00\" \/>\n<meta property=\"og:image\" content=\"https:\/\/collall.nl\/wp-content\/uploads\/2022\/03\/Collall-Puzzle-glue-100ml.jpg\" \/>\n\t<meta property=\"og:image:width\" content=\"1000\" \/>\n\t<meta property=\"og:image:height\" content=\"1000\" \/>\n\t<meta property=\"og:image:type\" content=\"image\/jpeg\" \/>\n<meta name=\"twitter:card\" content=\"summary_large_image\" \/>\n<meta name=\"twitter:label1\" content=\"Gesch\u00e4tzte Lesezeit\" \/>\n\t<meta name=\"twitter:data1\" content=\"3\u00a0Minuten\" \/>\n<script type=\"application\/ld+json\" class=\"yoast-schema-graph\">{\"@context\":\"https:\/\/schema.org\",\"@graph\":[{\"@type\":\"WebPage\",\"@id\":\"https:\/\/collall.nl\/de\/product\/collall-puzzle-kleber\/\",\"url\":\"https:\/\/collall.nl\/de\/product\/collall-puzzle-kleber\/\",\"name\":\"Collall Puzzle-Kleber - Collall\",\"isPartOf\":{\"@id\":\"https:\/\/collall.nl\/#website\"},\"primaryImageOfPage\":{\"@id\":\"https:\/\/collall.nl\/de\/product\/collall-puzzle-kleber\/#primaryimage\"},\"image\":{\"@id\":\"https:\/\/collall.nl\/de\/product\/collall-puzzle-kleber\/#primaryimage\"},\"thumbnailUrl\":\"https:\/\/collall.nl\/wp-content\/uploads\/2022\/03\/Collall-Puzzle-glue-100ml.jpg\",\"datePublished\":\"2022-03-01T09:21:51+00:00\",\"dateModified\":\"2025-06-12T09:30:40+00:00\",\"description\":\"Collall Puzzle-KleberKleben und lackieren Sie Ihre Holz- und Puzzlespiele mit Collall Puzzlekleber. Genie\u00dfen Sie Ihr fertiges Puzzle noch l\u00e4nger!\",\"breadcrumb\":{\"@id\":\"https:\/\/collall.nl\/de\/product\/collall-puzzle-kleber\/#breadcrumb\"},\"inLanguage\":\"de\",\"potentialAction\":[{\"@type\":\"ReadAction\",\"target\":[\"https:\/\/collall.nl\/de\/product\/collall-puzzle-kleber\/\"]}]},{\"@type\":\"ImageObject\",\"inLanguage\":\"de\",\"@id\":\"https:\/\/collall.nl\/de\/product\/collall-puzzle-kleber\/#primaryimage\",\"url\":\"https:\/\/collall.nl\/wp-content\/uploads\/2022\/03\/Collall-Puzzle-glue-100ml.jpg\",\"contentUrl\":\"https:\/\/collall.nl\/wp-content\/uploads\/2022\/03\/Collall-Puzzle-glue-100ml.jpg\",\"width\":1000,\"height\":1000,\"caption\":\"Collall Puzzellijm is een natuurlijke en voordelige lijm, waarmee je van je gelegde puzzel een kunstwerk maakt! Geniet nog langer van je voltooide puzzel!\"},{\"@type\":\"BreadcrumbList\",\"@id\":\"https:\/\/collall.nl\/de\/product\/collall-puzzle-kleber\/#breadcrumb\",\"itemListElement\":[{\"@type\":\"ListItem\",\"position\":1,\"name\":\"Home\",\"item\":\"https:\/\/collall.nl\/de\/hauptseite\/\"},{\"@type\":\"ListItem\",\"position\":2,\"name\":\"Produkte\",\"item\":\"https:\/\/collall.nl\/de\/produkte\/\"},{\"@type\":\"ListItem\",\"position\":3,\"name\":\"Collall Puzzle-Kleber\"}]},{\"@type\":\"WebSite\",\"@id\":\"https:\/\/collall.nl\/#website\",\"url\":\"https:\/\/collall.nl\/\",\"name\":\"Collall\",\"description\":\"Adhesives &amp; Paints since 1949\",\"publisher\":{\"@id\":\"https:\/\/collall.nl\/#organization\"},\"potentialAction\":[{\"@type\":\"SearchAction\",\"target\":{\"@type\":\"EntryPoint\",\"urlTemplate\":\"https:\/\/collall.nl\/?s={search_term_string}\"},\"query-input\":{\"@type\":\"PropertyValueSpecification\",\"valueRequired\":true,\"valueName\":\"search_term_string\"}}],\"inLanguage\":\"de\"},{\"@type\":\"Organization\",\"@id\":\"https:\/\/collall.nl\/#organization\",\"name\":\"Collall B.V.\",\"url\":\"https:\/\/collall.nl\/\",\"logo\":{\"@type\":\"ImageObject\",\"inLanguage\":\"de\",\"@id\":\"https:\/\/collall.nl\/#\/schema\/logo\/image\/\",\"url\":\"https:\/\/collall.nl\/wp-content\/uploads\/2022\/08\/Collall-logo-186C_Reflex-blue.jpg\",\"contentUrl\":\"https:\/\/collall.nl\/wp-content\/uploads\/2022\/08\/Collall-logo-186C_Reflex-blue.jpg\",\"width\":1963,\"height\":1179,\"caption\":\"Collall B.V.\"},\"image\":{\"@id\":\"https:\/\/collall.nl\/#\/schema\/logo\/image\/\"},\"sameAs\":[\"https:\/\/www.facebook.com\/people\/Collall\/100064976852539\/\",\"https:\/\/www.instagram.com\/collall_1949\/\",\"https:\/\/nl.pinterest.com\/CollallBV\/\",\"https:\/\/www.youtube.com\/channel\/UCrCGuwth_udZhTqJSh5g9zg\"]}]}<\/script>\n<!-- \/ Yoast SEO plugin. -->","yoast_head_json":{"title":"Collall Puzzle-Kleber - Collall","description":"Collall Puzzle-KleberKleben und lackieren Sie Ihre Holz- und Puzzlespiele mit Collall Puzzlekleber. Genie\u00dfen Sie Ihr fertiges Puzzle noch l\u00e4nger!","robots":{"index":"index","follow":"follow","max-snippet":"max-snippet:-1","max-image-preview":"max-image-preview:large","max-video-preview":"max-video-preview:-1"},"canonical":"https:\/\/collall.nl\/de\/product\/collall-puzzle-kleber\/","og_locale":"de_DE","og_type":"article","og_title":"Collall Puzzle-Kleber - Collall","og_description":"Collall Puzzle-KleberKleben und lackieren Sie Ihre Holz- und Puzzlespiele mit Collall Puzzlekleber. Genie\u00dfen Sie Ihr fertiges Puzzle noch l\u00e4nger!","og_url":"https:\/\/collall.nl\/de\/product\/collall-puzzle-kleber\/","og_site_name":"Collall","article_publisher":"https:\/\/www.facebook.com\/people\/Collall\/100064976852539\/","article_modified_time":"2025-06-12T09:30:40+00:00","og_image":[{"width":1000,"height":1000,"url":"https:\/\/collall.nl\/wp-content\/uploads\/2022\/03\/Collall-Puzzle-glue-100ml.jpg","type":"image\/jpeg"}],"twitter_card":"summary_large_image","twitter_misc":{"Gesch\u00e4tzte Lesezeit":"3\u00a0Minuten"},"schema":{"@context":"https:\/\/schema.org","@graph":[{"@type":"WebPage","@id":"https:\/\/collall.nl\/de\/product\/collall-puzzle-kleber\/","url":"https:\/\/collall.nl\/de\/product\/collall-puzzle-kleber\/","name":"Collall Puzzle-Kleber - Collall","isPartOf":{"@id":"https:\/\/collall.nl\/#website"},"primaryImageOfPage":{"@id":"https:\/\/collall.nl\/de\/product\/collall-puzzle-kleber\/#primaryimage"},"image":{"@id":"https:\/\/collall.nl\/de\/product\/collall-puzzle-kleber\/#primaryimage"},"thumbnailUrl":"https:\/\/collall.nl\/wp-content\/uploads\/2022\/03\/Collall-Puzzle-glue-100ml.jpg","datePublished":"2022-03-01T09:21:51+00:00","dateModified":"2025-06-12T09:30:40+00:00","description":"Collall Puzzle-KleberKleben und lackieren Sie Ihre Holz- und Puzzlespiele mit Collall Puzzlekleber. Genie\u00dfen Sie Ihr fertiges Puzzle noch l\u00e4nger!","breadcrumb":{"@id":"https:\/\/collall.nl\/de\/product\/collall-puzzle-kleber\/#breadcrumb"},"inLanguage":"de","potentialAction":[{"@type":"ReadAction","target":["https:\/\/collall.nl\/de\/product\/collall-puzzle-kleber\/"]}]},{"@type":"ImageObject","inLanguage":"de","@id":"https:\/\/collall.nl\/de\/product\/collall-puzzle-kleber\/#primaryimage","url":"https:\/\/collall.nl\/wp-content\/uploads\/2022\/03\/Collall-Puzzle-glue-100ml.jpg","contentUrl":"https:\/\/collall.nl\/wp-content\/uploads\/2022\/03\/Collall-Puzzle-glue-100ml.jpg","width":1000,"height":1000,"caption":"Collall Puzzellijm is een natuurlijke en voordelige lijm, waarmee je van je gelegde puzzel een kunstwerk maakt! Geniet nog langer van je voltooide puzzel!"},{"@type":"BreadcrumbList","@id":"https:\/\/collall.nl\/de\/product\/collall-puzzle-kleber\/#breadcrumb","itemListElement":[{"@type":"ListItem","position":1,"name":"Home","item":"https:\/\/collall.nl\/de\/hauptseite\/"},{"@type":"ListItem","position":2,"name":"Produkte","item":"https:\/\/collall.nl\/de\/produkte\/"},{"@type":"ListItem","position":3,"name":"Collall Puzzle-Kleber"}]},{"@type":"WebSite","@id":"https:\/\/collall.nl\/#website","url":"https:\/\/collall.nl\/","name":"Collall","description":"Adhesives &amp; Paints since 1949","publisher":{"@id":"https:\/\/collall.nl\/#organization"},"potentialAction":[{"@type":"SearchAction","target":{"@type":"EntryPoint","urlTemplate":"https:\/\/collall.nl\/?s={search_term_string}"},"query-input":{"@type":"PropertyValueSpecification","valueRequired":true,"valueName":"search_term_string"}}],"inLanguage":"de"},{"@type":"Organization","@id":"https:\/\/collall.nl\/#organization","name":"Collall B.V.","url":"https:\/\/collall.nl\/","logo":{"@type":"ImageObject","inLanguage":"de","@id":"https:\/\/collall.nl\/#\/schema\/logo\/image\/","url":"https:\/\/collall.nl\/wp-content\/uploads\/2022\/08\/Collall-logo-186C_Reflex-blue.jpg","contentUrl":"https:\/\/collall.nl\/wp-content\/uploads\/2022\/08\/Collall-logo-186C_Reflex-blue.jpg","width":1963,"height":1179,"caption":"Collall B.V."},"image":{"@id":"https:\/\/collall.nl\/#\/schema\/logo\/image\/"},"sameAs":["https:\/\/www.facebook.com\/people\/Collall\/100064976852539\/","https:\/\/www.instagram.com\/collall_1949\/","https:\/\/nl.pinterest.com\/CollallBV\/","https:\/\/www.youtube.com\/channel\/UCrCGuwth_udZhTqJSh5g9zg"]}]}},"_links":{"self":[{"href":"https:\/\/collall.nl\/de\/wp-json\/wp\/v2\/product\/10612","targetHints":{"allow":["GET"]}}],"collection":[{"href":"https:\/\/collall.nl\/de\/wp-json\/wp\/v2\/product"}],"about":[{"href":"https:\/\/collall.nl\/de\/wp-json\/wp\/v2\/types\/product"}],"replies":[{"embeddable":true,"href":"https:\/\/collall.nl\/de\/wp-json\/wp\/v2\/comments?post=10612"}],"wp:featuredmedia":[{"embeddable":true,"href":"https:\/\/collall.nl\/de\/wp-json\/wp\/v2\/media\/28927"}],"wp:attachment":[{"href":"https:\/\/collall.nl\/de\/wp-json\/wp\/v2\/media?parent=10612"}],"wp:term":[{"taxonomy":"product_brand","embeddable":true,"href":"https:\/\/collall.nl\/de\/wp-json\/wp\/v2\/product_brand?post=10612"},{"taxonomy":"product_cat","embeddable":true,"href":"https:\/\/collall.nl\/de\/wp-json\/wp\/v2\/product_cat?post=10612"},{"taxonomy":"product_tag","embeddable":true,"href":"https:\/\/collall.nl\/de\/wp-json\/wp\/v2\/product_tag?post=10612"}],"curies":[{"name":"wp","href":"https:\/\/api.w.org\/{rel}","templated":true}]}}