{"id":10586,"date":"2022-03-01T09:21:43","date_gmt":"2022-03-01T09:21:43","guid":{"rendered":"http:\/\/collall.test\/product\/collall-fotokleber\/"},"modified":"2026-03-20T11:44:39","modified_gmt":"2026-03-20T10:44:39","slug":"collall-fotokleber","status":"publish","type":"product","link":"https:\/\/collall.nl\/de\/product\/collall-fotokleber\/","title":{"rendered":"Collall Fotokleber"},"content":{"rendered":"<p><strong>Anwendung: <\/strong>Collall Fotokleber ist ein Semi-transparenter Klebstoff, auf Basis von Naturkautschuk. Zum Kleben von Papier, Karton, Kork, Textil, Leder, Fotos. Angeklebte Gegenst\u00e4nde lassen sich leicht wieder l\u00f6sen.<\/p>\n<p><strong style=\"line-height: 1.6;\">Eigenschaften:\u00a0<\/strong><\/p>\n<p>Repositionierbar, hohe Anfangsklebekraft, Reste leicht abzureiben.<\/p>\n<p><strong>Chemische Charakterisierung:<\/strong><br \/>\nNaturkautschuk in Siedepunktbenzin.<\/p>\n<p><strong>PH: &#8211;<\/strong><\/p>\n<p><strong>Aussehen und Geruch:\u00a0<\/strong><br \/>\nDickfl\u00fcssig, transparent\/tr\u00fcb, starker Siedepunktbenzingeruch.<\/p>\n<p>&nbsp;<\/p>\n<p><img loading=\"lazy\" decoding=\"async\" class=\"alignnone size-medium wp-image-27540\" src=\"https:\/\/collall.nl\/wp-content\/uploads\/2022\/03\/Collall-Gevarendriehoeken-Fotolijm-300x100.jpg\" alt=\"\" width=\"300\" height=\"100\" srcset=\"https:\/\/collall.nl\/wp-content\/uploads\/2022\/03\/Collall-Gevarendriehoeken-Fotolijm-300x100.jpg 300w, https:\/\/collall.nl\/wp-content\/uploads\/2022\/03\/Collall-Gevarendriehoeken-Fotolijm-420x139.jpg 420w, https:\/\/collall.nl\/wp-content\/uploads\/2022\/03\/Collall-Gevarendriehoeken-Fotolijm-600x199.jpg 600w, https:\/\/collall.nl\/wp-content\/uploads\/2022\/03\/Collall-Gevarendriehoeken-Fotolijm.jpg 612w\" sizes=\"auto, (max-width: 300px) 100vw, 300px\" \/><\/p>\n<p><strong>Gefahr!<\/strong> Enth\u00e4lt Hydrocarbons, C6-C7, n-alkanes, isoalkanes, cyclics, &lt;5% n-hexane.<\/p>\n<p>Flu\u0308ssigkeit und Dampf leicht entzu\u0308ndbar. Verursacht Hautreizungen. Kann Schl\u00e4frigkeit und Benommenheit verursachen. Giftig fu\u0308r Wasserorganismen, mit langfristiger Wirkung. Ist \u00e4rztlicher Rat erforderlich, Verpackung oder Kennzeichnungsetikett bereithalten. Darf nicht in die H\u00e4nde von Kindern gelangen. Vor Gebrauch Kennzeichnungsetikett lesen. Von Hitze, hei\u00dfen Oberfl\u00e4chen, Funken, offenen Flammen und anderen Zu\u0308ndquellen fernhalten. Nicht rauchen. Einatmen von Dampf vermeiden. Freisetzung in die Umwelt vermeiden. BEI BER\u00dcHRUNG MIT DER HAUT (oder dem Haar): Alle kontaminierten Kleidungsstu\u0308cke sofort ausziehen. Haut mit Wasser abwaschen [oder duschen]. An einem gut belu\u0308fteten Ort aufbewahren. Beh\u00e4lter dicht verschlossen halten. Inhalt\/Beh\u00e4lter der Problemabfallentsorgung zufu\u0308hren.<\/p>\n<p><strong>Hinweis: <\/strong>L\u00f6semittelhaltig, kann, unter Umst\u00e4nden, schaden verursachen an (lackierte) Gegenst\u00e4nde.<\/p>\n<p><strong>Geeignet f\u00fcr:\u00a0<\/strong><br \/>\nKinder ab 6 Jahren, unter Aufsicht.<\/p>\n<p><strong>Flecken:\u00a0<\/strong><br \/>\nNicht mit Wasser behandeln, sondern mit Waschbenzin den Fotokleber entfernen.<\/p>\n<h4><strong>Was macht Collall Fotokleber besonders und einzigartig?<\/strong><\/h4>\n<p>\u2022 <strong>Wieder positionierbar:<\/strong> Collall Fotokleber ist einzigartig, da er es erm\u00f6glicht, Fotos und leichte Materialien neu zu positionieren. Das macht ihn ideal f\u00fcr Projekte, bei denen Pr\u00e4zision wichtig ist, wie z.B. Scrapbooking oder das Erstellen von Collagen.<\/p>\n<p>\u2022 <strong>Entfernbar:<\/strong> \u00dcbersch\u00fcssiger Kleber l\u00e4sst sich in der Regel leicht entfernen, indem man ihn vorsichtig abwischt. Dies funktioniert am besten, wenn der Kleber noch nicht vollst\u00e4ndig ausgeh\u00e4rtet ist. Achte darauf, dass der Untergrund nicht besch\u00e4digt wird.<\/p>\n<p>\u2022 <strong>L\u00f6sungsmittelhaltig:<\/strong> Der Kleber basiert auf Naturkautschuk und enth\u00e4lt L\u00f6sungsmittel, was f\u00fcr eine schnelle, starke und dennoch flexible Haftung sorgt.<\/p>\n<p>\u2022 <strong>Faltenfreies Ergebnis:<\/strong> Einer der gr\u00f6\u00dften Vorteile ist, dass Collall Fotokleber eine nahezu faltenfreie Haftung bietet, was unerl\u00e4sslich f\u00fcr das saubere Aufkleben von Fotos und anderen d\u00fcnnen Materialien ist (zuerst immer testen).<\/p>\n<p>\u2022 <strong>Geeignet f\u00fcr verschiedene Materialien:<\/strong> Wie der Name schon sagt, ist das Produkt in erster Linie f\u00fcr Fotos gedacht, es kann aber auch hervorragend auf anderen Papiersorten, Karton und leichten Materialien verwendet werden, was es vielseitig in kreativen Projekten einsetzbar macht.<\/p>\n<h2><strong>Was kannst du alles mit <\/strong><\/h2>\n<h2><strong>Collall Fotokleber machen?<\/strong><\/h2>\n<ol>\n<li><strong>Fotob\u00fccher und Scrapbooks:<\/strong> Erstelle wundersch\u00f6ne, faltenfreie Fotob\u00fccher und Scrapbooks, bei denen du die Fotos neu positionieren kannst, bis du das perfekte Layout gefunden hast.<\/li>\n<li><strong>Collagen:<\/strong> Erstelle pers\u00f6nliche Collagen, bei denen du Fotos und andere leichte Materialien mehrmals verschieben kannst, ohne den Untergrund zu besch\u00e4digen.<\/li>\n<li><strong>Gru\u00dfkarten:<\/strong> Entwerfe einzigartige Gru\u00dfkarten mit sorgf\u00e4ltig platzierten Fotos und Bildern, die du einfach neu positionieren kannst, bis sie perfekt sitzen.<\/li>\n<li><strong>Pr\u00e4sentationen:<\/strong> Verwende Collall Fotokleber, um visuell ansprechende Pr\u00e4sentationen zusammenzustellen, bei denen du Fotos oder Bilder auf Pr\u00e4sentationstafeln kleben, verschieben und f\u00fcr ein perfektes Ergebnis wiederverwenden kannst.<\/li>\n<\/ol>\n<p><img loading=\"lazy\" decoding=\"async\" class=\"alignnone size-medium wp-image-28860\" src=\"https:\/\/collall.nl\/wp-content\/uploads\/2022\/03\/COLFO-Collall-Photo-Glue-Bird-300x200.jpg\" alt=\"\" width=\"300\" height=\"200\" \/><\/p>\n<p><strong>Erstelle ein einzigartiges Kunstwerk mit \u00fcberraschendem Effekt!<\/strong><\/p>\n<p>Etwas ganz anderes als das, was du normalerweise mit Collall Fotokleber machst. Zeichne ein Muster oder ein anderes Design mit Collall Fotokleber auf ein Blatt festes Papier. Lass den Kleber trocknen und male dann mit Collall AquaTint fl\u00fcssiger Wasserfarbe \u00fcber deine Zeichnung. Wenn die Farbe trocken ist, rubbele den Fotokleber vorsichtig ab. Das Ergebnis? Ein wundersch\u00f6nes Kunstwerk mit einem speziellen Effekt, bei dem deine urspr\u00fcngliche Zeichnung als wei\u00dfe Linien im Hintergrund sichtbar bleibt!<\/p>\n","protected":false},"excerpt":{"rendered":"<p>Semi-transparenter Klebstoff auf Basis von Naturkautschuk. Angeklebte Gegenst\u00e4nde lassen sich leicht wieder l\u00f6sen.<\/p>\n","protected":false},"featured_media":29303,"comment_status":"open","ping_status":"closed","template":"","meta":{"_acf_changed":false},"product_brand":[],"product_cat":[176],"product_tag":[],"class_list":{"0":"post-10586","1":"product","2":"type-product","3":"status-publish","4":"has-post-thumbnail","6":"product_cat-kleber-und-lackleim","8":"first","9":"instock","10":"shipping-taxable","11":"purchasable","12":"product-type-variable"},"acf":[],"yoast_head":"<!-- This site is optimized with the Yoast SEO plugin v27.2 - https:\/\/yoast.com\/product\/yoast-seo-wordpress\/ -->\n<title>Collall Fotokleber - Collall<\/title>\n<meta name=\"robots\" content=\"index, follow, max-snippet:-1, max-image-preview:large, max-video-preview:-1\" \/>\n<link rel=\"canonical\" href=\"https:\/\/collall.nl\/de\/product\/collall-fotokleber\/\" \/>\n<meta property=\"og:locale\" content=\"de_DE\" \/>\n<meta property=\"og:type\" content=\"article\" \/>\n<meta property=\"og:title\" content=\"Collall Fotokleber - Collall\" \/>\n<meta property=\"og:description\" content=\"Semi-transparenter Klebstoff auf Basis von Naturkautschuk. Angeklebte Gegenst\u00e4nde lassen sich leicht wieder l\u00f6sen.\" \/>\n<meta property=\"og:url\" content=\"https:\/\/collall.nl\/de\/product\/collall-fotokleber\/\" \/>\n<meta property=\"og:site_name\" content=\"Collall\" \/>\n<meta property=\"article:publisher\" content=\"https:\/\/www.facebook.com\/people\/Collall\/100064976852539\/\" \/>\n<meta property=\"article:modified_time\" content=\"2026-03-20T10:44:39+00:00\" \/>\n<meta property=\"og:image\" content=\"https:\/\/collall.nl\/wp-content\/uploads\/2022\/03\/COLFO0100-Collall-Fotolijm.jpg\" \/>\n\t<meta property=\"og:image:width\" content=\"1000\" \/>\n\t<meta property=\"og:image:height\" content=\"1000\" \/>\n\t<meta property=\"og:image:type\" content=\"image\/jpeg\" \/>\n<meta name=\"twitter:card\" content=\"summary_large_image\" \/>\n<meta name=\"twitter:label1\" content=\"Gesch\u00e4tzte Lesezeit\" \/>\n\t<meta name=\"twitter:data1\" content=\"3\u00a0Minuten\" \/>\n<script type=\"application\/ld+json\" class=\"yoast-schema-graph\">{\"@context\":\"https:\/\/schema.org\",\"@graph\":[{\"@type\":\"WebPage\",\"@id\":\"https:\/\/collall.nl\/de\/product\/collall-fotokleber\/\",\"url\":\"https:\/\/collall.nl\/de\/product\/collall-fotokleber\/\",\"name\":\"Collall Fotokleber - Collall\",\"isPartOf\":{\"@id\":\"https:\/\/collall.nl\/#website\"},\"primaryImageOfPage\":{\"@id\":\"https:\/\/collall.nl\/de\/product\/collall-fotokleber\/#primaryimage\"},\"image\":{\"@id\":\"https:\/\/collall.nl\/de\/product\/collall-fotokleber\/#primaryimage\"},\"thumbnailUrl\":\"https:\/\/collall.nl\/wp-content\/uploads\/2022\/03\/COLFO0100-Collall-Fotolijm.jpg\",\"datePublished\":\"2022-03-01T09:21:43+00:00\",\"dateModified\":\"2026-03-20T10:44:39+00:00\",\"breadcrumb\":{\"@id\":\"https:\/\/collall.nl\/de\/product\/collall-fotokleber\/#breadcrumb\"},\"inLanguage\":\"de\",\"potentialAction\":[{\"@type\":\"ReadAction\",\"target\":[\"https:\/\/collall.nl\/de\/product\/collall-fotokleber\/\"]}]},{\"@type\":\"ImageObject\",\"inLanguage\":\"de\",\"@id\":\"https:\/\/collall.nl\/de\/product\/collall-fotokleber\/#primaryimage\",\"url\":\"https:\/\/collall.nl\/wp-content\/uploads\/2022\/03\/COLFO0100-Collall-Fotolijm.jpg\",\"contentUrl\":\"https:\/\/collall.nl\/wp-content\/uploads\/2022\/03\/COLFO0100-Collall-Fotolijm.jpg\",\"width\":1000,\"height\":1000},{\"@type\":\"BreadcrumbList\",\"@id\":\"https:\/\/collall.nl\/de\/product\/collall-fotokleber\/#breadcrumb\",\"itemListElement\":[{\"@type\":\"ListItem\",\"position\":1,\"name\":\"Home\",\"item\":\"https:\/\/collall.nl\/de\/hauptseite\/\"},{\"@type\":\"ListItem\",\"position\":2,\"name\":\"Produkte\",\"item\":\"https:\/\/collall.nl\/de\/produkte\/\"},{\"@type\":\"ListItem\",\"position\":3,\"name\":\"Collall Fotokleber\"}]},{\"@type\":\"WebSite\",\"@id\":\"https:\/\/collall.nl\/#website\",\"url\":\"https:\/\/collall.nl\/\",\"name\":\"Collall\",\"description\":\"Adhesives &amp; Paints since 1949\",\"publisher\":{\"@id\":\"https:\/\/collall.nl\/#organization\"},\"potentialAction\":[{\"@type\":\"SearchAction\",\"target\":{\"@type\":\"EntryPoint\",\"urlTemplate\":\"https:\/\/collall.nl\/?s={search_term_string}\"},\"query-input\":{\"@type\":\"PropertyValueSpecification\",\"valueRequired\":true,\"valueName\":\"search_term_string\"}}],\"inLanguage\":\"de\"},{\"@type\":\"Organization\",\"@id\":\"https:\/\/collall.nl\/#organization\",\"name\":\"Collall B.V.\",\"url\":\"https:\/\/collall.nl\/\",\"logo\":{\"@type\":\"ImageObject\",\"inLanguage\":\"de\",\"@id\":\"https:\/\/collall.nl\/#\/schema\/logo\/image\/\",\"url\":\"https:\/\/collall.nl\/wp-content\/uploads\/2022\/08\/Collall-logo-186C_Reflex-blue.jpg\",\"contentUrl\":\"https:\/\/collall.nl\/wp-content\/uploads\/2022\/08\/Collall-logo-186C_Reflex-blue.jpg\",\"width\":1963,\"height\":1179,\"caption\":\"Collall B.V.\"},\"image\":{\"@id\":\"https:\/\/collall.nl\/#\/schema\/logo\/image\/\"},\"sameAs\":[\"https:\/\/www.facebook.com\/people\/Collall\/100064976852539\/\",\"https:\/\/www.instagram.com\/collall_1949\/\",\"https:\/\/nl.pinterest.com\/CollallBV\/\",\"https:\/\/www.youtube.com\/channel\/UCrCGuwth_udZhTqJSh5g9zg\"]}]}<\/script>\n<!-- \/ Yoast SEO plugin. -->","yoast_head_json":{"title":"Collall Fotokleber - Collall","robots":{"index":"index","follow":"follow","max-snippet":"max-snippet:-1","max-image-preview":"max-image-preview:large","max-video-preview":"max-video-preview:-1"},"canonical":"https:\/\/collall.nl\/de\/product\/collall-fotokleber\/","og_locale":"de_DE","og_type":"article","og_title":"Collall Fotokleber - Collall","og_description":"Semi-transparenter Klebstoff auf Basis von Naturkautschuk. Angeklebte Gegenst\u00e4nde lassen sich leicht wieder l\u00f6sen.","og_url":"https:\/\/collall.nl\/de\/product\/collall-fotokleber\/","og_site_name":"Collall","article_publisher":"https:\/\/www.facebook.com\/people\/Collall\/100064976852539\/","article_modified_time":"2026-03-20T10:44:39+00:00","og_image":[{"width":1000,"height":1000,"url":"https:\/\/collall.nl\/wp-content\/uploads\/2022\/03\/COLFO0100-Collall-Fotolijm.jpg","type":"image\/jpeg"}],"twitter_card":"summary_large_image","twitter_misc":{"Gesch\u00e4tzte Lesezeit":"3\u00a0Minuten"},"schema":{"@context":"https:\/\/schema.org","@graph":[{"@type":"WebPage","@id":"https:\/\/collall.nl\/de\/product\/collall-fotokleber\/","url":"https:\/\/collall.nl\/de\/product\/collall-fotokleber\/","name":"Collall Fotokleber - Collall","isPartOf":{"@id":"https:\/\/collall.nl\/#website"},"primaryImageOfPage":{"@id":"https:\/\/collall.nl\/de\/product\/collall-fotokleber\/#primaryimage"},"image":{"@id":"https:\/\/collall.nl\/de\/product\/collall-fotokleber\/#primaryimage"},"thumbnailUrl":"https:\/\/collall.nl\/wp-content\/uploads\/2022\/03\/COLFO0100-Collall-Fotolijm.jpg","datePublished":"2022-03-01T09:21:43+00:00","dateModified":"2026-03-20T10:44:39+00:00","breadcrumb":{"@id":"https:\/\/collall.nl\/de\/product\/collall-fotokleber\/#breadcrumb"},"inLanguage":"de","potentialAction":[{"@type":"ReadAction","target":["https:\/\/collall.nl\/de\/product\/collall-fotokleber\/"]}]},{"@type":"ImageObject","inLanguage":"de","@id":"https:\/\/collall.nl\/de\/product\/collall-fotokleber\/#primaryimage","url":"https:\/\/collall.nl\/wp-content\/uploads\/2022\/03\/COLFO0100-Collall-Fotolijm.jpg","contentUrl":"https:\/\/collall.nl\/wp-content\/uploads\/2022\/03\/COLFO0100-Collall-Fotolijm.jpg","width":1000,"height":1000},{"@type":"BreadcrumbList","@id":"https:\/\/collall.nl\/de\/product\/collall-fotokleber\/#breadcrumb","itemListElement":[{"@type":"ListItem","position":1,"name":"Home","item":"https:\/\/collall.nl\/de\/hauptseite\/"},{"@type":"ListItem","position":2,"name":"Produkte","item":"https:\/\/collall.nl\/de\/produkte\/"},{"@type":"ListItem","position":3,"name":"Collall Fotokleber"}]},{"@type":"WebSite","@id":"https:\/\/collall.nl\/#website","url":"https:\/\/collall.nl\/","name":"Collall","description":"Adhesives &amp; Paints since 1949","publisher":{"@id":"https:\/\/collall.nl\/#organization"},"potentialAction":[{"@type":"SearchAction","target":{"@type":"EntryPoint","urlTemplate":"https:\/\/collall.nl\/?s={search_term_string}"},"query-input":{"@type":"PropertyValueSpecification","valueRequired":true,"valueName":"search_term_string"}}],"inLanguage":"de"},{"@type":"Organization","@id":"https:\/\/collall.nl\/#organization","name":"Collall B.V.","url":"https:\/\/collall.nl\/","logo":{"@type":"ImageObject","inLanguage":"de","@id":"https:\/\/collall.nl\/#\/schema\/logo\/image\/","url":"https:\/\/collall.nl\/wp-content\/uploads\/2022\/08\/Collall-logo-186C_Reflex-blue.jpg","contentUrl":"https:\/\/collall.nl\/wp-content\/uploads\/2022\/08\/Collall-logo-186C_Reflex-blue.jpg","width":1963,"height":1179,"caption":"Collall B.V."},"image":{"@id":"https:\/\/collall.nl\/#\/schema\/logo\/image\/"},"sameAs":["https:\/\/www.facebook.com\/people\/Collall\/100064976852539\/","https:\/\/www.instagram.com\/collall_1949\/","https:\/\/nl.pinterest.com\/CollallBV\/","https:\/\/www.youtube.com\/channel\/UCrCGuwth_udZhTqJSh5g9zg"]}]}},"_links":{"self":[{"href":"https:\/\/collall.nl\/de\/wp-json\/wp\/v2\/product\/10586","targetHints":{"allow":["GET"]}}],"collection":[{"href":"https:\/\/collall.nl\/de\/wp-json\/wp\/v2\/product"}],"about":[{"href":"https:\/\/collall.nl\/de\/wp-json\/wp\/v2\/types\/product"}],"replies":[{"embeddable":true,"href":"https:\/\/collall.nl\/de\/wp-json\/wp\/v2\/comments?post=10586"}],"wp:featuredmedia":[{"embeddable":true,"href":"https:\/\/collall.nl\/de\/wp-json\/wp\/v2\/media\/29303"}],"wp:attachment":[{"href":"https:\/\/collall.nl\/de\/wp-json\/wp\/v2\/media?parent=10586"}],"wp:term":[{"taxonomy":"product_brand","embeddable":true,"href":"https:\/\/collall.nl\/de\/wp-json\/wp\/v2\/product_brand?post=10586"},{"taxonomy":"product_cat","embeddable":true,"href":"https:\/\/collall.nl\/de\/wp-json\/wp\/v2\/product_cat?post=10586"},{"taxonomy":"product_tag","embeddable":true,"href":"https:\/\/collall.nl\/de\/wp-json\/wp\/v2\/product_tag?post=10586"}],"curies":[{"name":"wp","href":"https:\/\/api.w.org\/{rel}","templated":true}]}}