{"id":10552,"date":"2022-03-01T09:21:22","date_gmt":"2022-03-01T09:21:22","guid":{"rendered":"http:\/\/collall.test\/product\/collall-quilling-kleber\/"},"modified":"2025-04-03T10:43:00","modified_gmt":"2025-04-03T08:43:00","slug":"collall-quilling-kleber","status":"publish","type":"product","link":"https:\/\/collall.nl\/de\/product\/collall-quilling-kleber\/","title":{"rendered":"Collall Quilling Kleber"},"content":{"rendered":"<div class=\"w-full text-token-text-primary\" data-testid=\"conversation-turn-31\">\n<div class=\"px-4 py-2 justify-center text-base md:gap-6 m-auto\">\n<div class=\"flex flex-1 text-base mx-auto gap-3 md:px-5 lg:px-1 xl:px-5 md:max-w-3xl lg:max-w-[40rem] xl:max-w-[48rem] group\">\n<div class=\"relative flex w-full flex-col lg:w-[calc(100%-115px)] agent-turn\">\n<div class=\"flex-col gap-1 md:gap-3\">\n<div class=\"flex flex-grow flex-col max-w-full\">\n<div class=\"min-h-[20px] text-message flex flex-col items-start gap-3 whitespace-pre-wrap break-words [.text-message+&amp;]:mt-5 overflow-x-auto\" data-message-author-role=\"assistant\" data-message-id=\"54be91c6-95fc-478f-a31b-bde8623739f0\">\n<div class=\"markdown prose w-full break-words dark:prose-invert light\">\n<p><strong>Anwendung:<\/strong> Collall Quillinglijm ist ein Klebstoff, der speziell f\u00fcr Feinpapierkunstwerke (Papierfiligran) und Quilling (Papierrollen) entwickelt wurde. Dank der praktischen Flasche mit einer feinen \u00d6ffnung kannst du den Klebstoff auch auf feinste Teile pr\u00e4zise auftragen.<\/p>\n<p><img loading=\"lazy\" decoding=\"async\" class=\"alignnone size-medium wp-image-26924\" src=\"https:\/\/collall.nl\/wp-content\/uploads\/2024\/01\/COLLVD220000-300x156.jpg\" alt=\"COLLVD220000\" width=\"300\" height=\"156\" srcset=\"https:\/\/collall.nl\/wp-content\/uploads\/2024\/01\/COLLVD220000-300x156.jpg 300w, https:\/\/collall.nl\/wp-content\/uploads\/2024\/01\/COLLVD220000-1024x533.jpg 1024w, https:\/\/collall.nl\/wp-content\/uploads\/2024\/01\/COLLVD220000-768x399.jpg 768w, https:\/\/collall.nl\/wp-content\/uploads\/2024\/01\/COLLVD220000-420x218.jpg 420w, https:\/\/collall.nl\/wp-content\/uploads\/2024\/01\/COLLVD220000-600x312.jpg 600w, https:\/\/collall.nl\/wp-content\/uploads\/2024\/01\/COLLVD220000.jpg 1042w\" sizes=\"auto, (max-width: 300px) 100vw, 300px\" \/><\/p>\n<\/div>\n<\/div>\n<\/div>\n<\/div>\n<\/div>\n<\/div>\n<\/div>\n<\/div>\n<p><strong>Aussehen und Geruch:<\/strong><\/p>\n<ul>\n<li>Fl\u00fcssig und wei\u00df<\/li>\n<li>Trocknet transparent auf<\/li>\n<li>Elastisch<\/li>\n<li>Starke Haftung<\/li>\n<li>L\u00f6sungsmittel: Wasser<\/li>\n<\/ul>\n<p><strong>Hauptinhaltsstoff:<\/strong> Polyvinylacetat<\/p>\n<p class=\"p1\"><b>Nat\u00fcrliche Inhaltsstoffe:<\/b> 40%<\/p>\n<p class=\"p1\"><b>Viskosit\u00e4t:<\/b> 12.000 mPa.s<\/p>\n<p><strong>pH<\/strong>: 6<\/p>\n<p><strong>Dichte:<\/strong> 1,10 kg\/dm\u00b3<\/p>\n<p><strong>CE:<\/strong> \u2013<\/p>\n<p><strong>Leimverbrauch:<\/strong> ca. 200 Gramm pro m\u00b2. Die normale Anwendung erfolgt tropfenweise.<\/p>\n<p><strong>Verwendung:<\/strong><\/p>\n<ul>\n<li>Die zu verklebenden Materialien m\u00fcssen trocken und frei von Staub und Schmutz sein.<\/li>\n<li>Verwenden Sie diesen Kleber direkt aus der Flasche.<\/li>\n<li>Die Flasche hat eine feine \u00d6ffnung f\u00fcr eine sehr pr\u00e4zise Verwendung des Klebers.<\/li>\n<\/ul>\n<p><strong>Allergene:<\/strong> enth\u00e4lt CMIT\/MIT und 1,2-Benzisothiazol-3(2H)-on. Kann allergische Reaktionen hervorrufen.<\/p>\n<p><strong>Geeignet f\u00fcr:<\/strong> ab 6 Jahren.<\/p>\n<p><strong>Reinigung: <\/strong><\/p>\n<ul>\n<li>Wenn der Kleber noch nass ist, kann das Werkzeug mit Wasser gereinigt werden (bei Bedarf kann synthetisches Waschmittel dem Wasser zugesetzt werden).<\/li>\n<li>Getrocknete Kleberreste m\u00fcssen in warmem Wasser eingeweicht und dann mit einer B\u00fcrste entfernt werden.<\/li>\n<\/ul>\n<h2><strong>Schritte zur Herstellung eines Quilling-Werks<\/strong><\/h2>\n<p><strong>Ben\u00f6tigte Materialien: <\/strong><\/p>\n<ul>\n<li>Collall Quillingkleber<\/li>\n<li>Quilling-Papierstreifen<\/li>\n<li><a href=\"https:\/\/collall.nl\/de\/product\/collall-pricknadel\/\">Collall Pricknadel gro\u00df<\/a> als Werkzeugstift f\u00fcr das Quilling<\/li>\n<li>Papier oder Karton als Basis f\u00fcr Ihr Kunstwerk<\/li>\n<\/ul>\n<p><strong>Optional:<\/strong> Pinzette zum Halten kleiner Teile<\/p>\n<ul>\n<li>Denke dar\u00fcber nach, welches Design du erstellen m\u00f6chtest. Vielleicht m\u00f6chtest du Blumen, Tiere, geometrische Formen oder etwas anderes kreieren. \u2022 Schneide die Quilling-Papierstreifen je nach deinem Design in die gew\u00fcnschte L\u00e4nge und Breite. Lange Streifen eignen sich gut f\u00fcr gro\u00dfe Formen, w\u00e4hrend k\u00fcrzere Streifen f\u00fcr kleinere Details geeignet sind.<\/li>\n<li>Rolle die Papierstreifen auf: Verwende dein Quilling-Werkzeug oder den Collall-Stechstift, um das Ende eines Papierstreifens festzuklemmen, und rolle dann das Papier eng um das Werkzeug. Sobald du das gew\u00fcnschte Rollmuster erreicht hast, lass die Rolle vorsichtig los und lass das Papier los, um seine Form zu behalten. Du kannst verschiedene Formen und Gr\u00f6\u00dfen erstellen, indem du variierst, wie fest du die Rolle machst und wie gro\u00df sie ist.<\/li>\n<li>Befestige die Rollen: Trage eine kleine Menge Collall Quillingkleber am Ende der Rolle auf und dr\u00fccke sie fest, um ein Abl\u00f6sen zu verhindern. Wiederhole diesen Vorgang f\u00fcr alle Papierstreifen, die du f\u00fcr dein Design ben\u00f6tigst.<\/li>\n<li>Beginne jetzt mit der Formung der verschiedenen Quilling-Formen, die du f\u00fcr dein Design ben\u00f6tigst. Dies k\u00f6nnen einfache Formen wie Kreise, Herzen oder Ovale sein oder komplexere Formen wie Bl\u00fctenbl\u00e4tter oder Tierk\u00f6rper. Verwende Collall Quillingkleber, um die geformten St\u00fccke auf deinem Basispapier oder Karton zu halten. Du kannst den Kleber direkt auf das Papier auftragen oder eine kleine Menge auf die Quilling-Form selbst auftragen, bevor du sie auf das Papier legst.<\/li>\n<li>Lass dein Quilling-Kunstwerk vollst\u00e4ndig trocknen, bevor du es bewegst oder ausstellst. Collall Quillingkleber hat eine schnelle Haftung und trocknet ziemlich schnell, aber es kann einige Zeit dauern, bis alle Schichten vollst\u00e4ndig ausgeh\u00e4rtet sind. Abh\u00e4ngig von der Anzahl der Schichten und der Papierst\u00e4rke.<\/li>\n<\/ul>\n<p><strong>Optional:<\/strong> Veredelung &#8211; wenn du m\u00f6chtest, kannst du dein Quilling-Kunstwerk weiter anpassen, indem du zus\u00e4tzliche Details wie <a href=\"https:\/\/collall.nl\/de\/product\/colorall-flash-glitter-2\/\">Glitzer<\/a>, Farbe oder andere dekorative Elemente hinzuf\u00fcgst.<\/p>\n","protected":false},"excerpt":{"rendered":"<p>Collall Quillingkleber ist f\u00fcr das Quilling konzipiert, eine kreative Kunstform, bei der du d\u00fcnne Papierstreifen zu dekorativen Verzierungen aufrollst und faltest. Diese Technik wird verwendet, um Karten, Schachteln und vieles mehr mit Mustern aus bunten Papierstreifen aufzupeppen. Mit Quilling-Papier kannst du Blumen, Tiere, Sterne, Schmetterlinge, Eulen und vieles mehr gestalten.<\/p>\n","protected":false},"featured_media":18553,"comment_status":"open","ping_status":"closed","template":"","meta":{"_acf_changed":false},"product_brand":[],"product_cat":[176],"product_tag":[3200],"class_list":{"0":"post-10552","1":"product","2":"type-product","3":"status-publish","4":"has-post-thumbnail","6":"product_cat-kleber-und-lackleim","7":"product_tag-pvac-de","9":"first","10":"instock","11":"shipping-taxable","12":"purchasable","13":"product-type-variable"},"acf":[],"yoast_head":"<!-- This site is optimized with the Yoast SEO plugin v27.2 - https:\/\/yoast.com\/product\/yoast-seo-wordpress\/ -->\n<title>Collall Quilling Kleber - Collall<\/title>\n<meta name=\"robots\" content=\"index, follow, max-snippet:-1, max-image-preview:large, max-video-preview:-1\" \/>\n<link rel=\"canonical\" href=\"https:\/\/collall.nl\/de\/product\/collall-quilling-kleber\/\" \/>\n<meta property=\"og:locale\" content=\"de_DE\" \/>\n<meta property=\"og:type\" content=\"article\" \/>\n<meta property=\"og:title\" content=\"Collall Quilling Kleber - Collall\" \/>\n<meta property=\"og:description\" content=\"Collall Quillingkleber ist f\u00fcr das Quilling konzipiert, eine kreative Kunstform, bei der du d\u00fcnne Papierstreifen zu dekorativen Verzierungen aufrollst und faltest. Diese Technik wird verwendet, um Karten, Schachteln und vieles mehr mit Mustern aus bunten Papierstreifen aufzupeppen. Mit Quilling-Papier kannst du Blumen, Tiere, Sterne, Schmetterlinge, Eulen und vieles mehr gestalten.\" \/>\n<meta property=\"og:url\" content=\"https:\/\/collall.nl\/de\/product\/collall-quilling-kleber\/\" \/>\n<meta property=\"og:site_name\" content=\"Collall\" \/>\n<meta property=\"article:publisher\" content=\"https:\/\/www.facebook.com\/people\/Collall\/100064976852539\/\" \/>\n<meta property=\"article:modified_time\" content=\"2025-04-03T08:43:00+00:00\" \/>\n<meta property=\"og:image\" content=\"https:\/\/collall.nl\/wp-content\/uploads\/2022\/03\/COLQL0025.jpg\" \/>\n\t<meta property=\"og:image:width\" content=\"800\" \/>\n\t<meta property=\"og:image:height\" content=\"800\" \/>\n\t<meta property=\"og:image:type\" content=\"image\/jpeg\" \/>\n<meta name=\"twitter:card\" content=\"summary_large_image\" \/>\n<meta name=\"twitter:label1\" content=\"Gesch\u00e4tzte Lesezeit\" \/>\n\t<meta name=\"twitter:data1\" content=\"3\u00a0Minuten\" \/>\n<script type=\"application\/ld+json\" class=\"yoast-schema-graph\">{\"@context\":\"https:\/\/schema.org\",\"@graph\":[{\"@type\":\"WebPage\",\"@id\":\"https:\/\/collall.nl\/de\/product\/collall-quilling-kleber\/\",\"url\":\"https:\/\/collall.nl\/de\/product\/collall-quilling-kleber\/\",\"name\":\"Collall Quilling Kleber - Collall\",\"isPartOf\":{\"@id\":\"https:\/\/collall.nl\/#website\"},\"primaryImageOfPage\":{\"@id\":\"https:\/\/collall.nl\/de\/product\/collall-quilling-kleber\/#primaryimage\"},\"image\":{\"@id\":\"https:\/\/collall.nl\/de\/product\/collall-quilling-kleber\/#primaryimage\"},\"thumbnailUrl\":\"https:\/\/collall.nl\/wp-content\/uploads\/2022\/03\/COLQL0025.jpg\",\"datePublished\":\"2022-03-01T09:21:22+00:00\",\"dateModified\":\"2025-04-03T08:43:00+00:00\",\"breadcrumb\":{\"@id\":\"https:\/\/collall.nl\/de\/product\/collall-quilling-kleber\/#breadcrumb\"},\"inLanguage\":\"de\",\"potentialAction\":[{\"@type\":\"ReadAction\",\"target\":[\"https:\/\/collall.nl\/de\/product\/collall-quilling-kleber\/\"]}]},{\"@type\":\"ImageObject\",\"inLanguage\":\"de\",\"@id\":\"https:\/\/collall.nl\/de\/product\/collall-quilling-kleber\/#primaryimage\",\"url\":\"https:\/\/collall.nl\/wp-content\/uploads\/2022\/03\/COLQL0025.jpg\",\"contentUrl\":\"https:\/\/collall.nl\/wp-content\/uploads\/2022\/03\/COLQL0025.jpg\",\"width\":800,\"height\":800},{\"@type\":\"BreadcrumbList\",\"@id\":\"https:\/\/collall.nl\/de\/product\/collall-quilling-kleber\/#breadcrumb\",\"itemListElement\":[{\"@type\":\"ListItem\",\"position\":1,\"name\":\"Home\",\"item\":\"https:\/\/collall.nl\/de\/\"},{\"@type\":\"ListItem\",\"position\":2,\"name\":\"Produkte\",\"item\":\"https:\/\/collall.nl\/de\/produkte\/\"},{\"@type\":\"ListItem\",\"position\":3,\"name\":\"Collall Quilling Kleber\"}]},{\"@type\":\"WebSite\",\"@id\":\"https:\/\/collall.nl\/#website\",\"url\":\"https:\/\/collall.nl\/\",\"name\":\"Collall\",\"description\":\"Adhesives &amp; Paints since 1949\",\"publisher\":{\"@id\":\"https:\/\/collall.nl\/#organization\"},\"potentialAction\":[{\"@type\":\"SearchAction\",\"target\":{\"@type\":\"EntryPoint\",\"urlTemplate\":\"https:\/\/collall.nl\/?s={search_term_string}\"},\"query-input\":{\"@type\":\"PropertyValueSpecification\",\"valueRequired\":true,\"valueName\":\"search_term_string\"}}],\"inLanguage\":\"de\"},{\"@type\":\"Organization\",\"@id\":\"https:\/\/collall.nl\/#organization\",\"name\":\"Collall B.V.\",\"url\":\"https:\/\/collall.nl\/\",\"logo\":{\"@type\":\"ImageObject\",\"inLanguage\":\"de\",\"@id\":\"https:\/\/collall.nl\/#\/schema\/logo\/image\/\",\"url\":\"https:\/\/collall.nl\/wp-content\/uploads\/2022\/08\/Collall-logo-186C_Reflex-blue.jpg\",\"contentUrl\":\"https:\/\/collall.nl\/wp-content\/uploads\/2022\/08\/Collall-logo-186C_Reflex-blue.jpg\",\"width\":1963,\"height\":1179,\"caption\":\"Collall B.V.\"},\"image\":{\"@id\":\"https:\/\/collall.nl\/#\/schema\/logo\/image\/\"},\"sameAs\":[\"https:\/\/www.facebook.com\/people\/Collall\/100064976852539\/\",\"https:\/\/www.instagram.com\/collall_1949\/\",\"https:\/\/nl.pinterest.com\/CollallBV\/\",\"https:\/\/www.youtube.com\/channel\/UCrCGuwth_udZhTqJSh5g9zg\"]}]}<\/script>\n<!-- \/ Yoast SEO plugin. -->","yoast_head_json":{"title":"Collall Quilling Kleber - Collall","robots":{"index":"index","follow":"follow","max-snippet":"max-snippet:-1","max-image-preview":"max-image-preview:large","max-video-preview":"max-video-preview:-1"},"canonical":"https:\/\/collall.nl\/de\/product\/collall-quilling-kleber\/","og_locale":"de_DE","og_type":"article","og_title":"Collall Quilling Kleber - Collall","og_description":"Collall Quillingkleber ist f\u00fcr das Quilling konzipiert, eine kreative Kunstform, bei der du d\u00fcnne Papierstreifen zu dekorativen Verzierungen aufrollst und faltest. Diese Technik wird verwendet, um Karten, Schachteln und vieles mehr mit Mustern aus bunten Papierstreifen aufzupeppen. Mit Quilling-Papier kannst du Blumen, Tiere, Sterne, Schmetterlinge, Eulen und vieles mehr gestalten.","og_url":"https:\/\/collall.nl\/de\/product\/collall-quilling-kleber\/","og_site_name":"Collall","article_publisher":"https:\/\/www.facebook.com\/people\/Collall\/100064976852539\/","article_modified_time":"2025-04-03T08:43:00+00:00","og_image":[{"width":800,"height":800,"url":"https:\/\/collall.nl\/wp-content\/uploads\/2022\/03\/COLQL0025.jpg","type":"image\/jpeg"}],"twitter_card":"summary_large_image","twitter_misc":{"Gesch\u00e4tzte Lesezeit":"3\u00a0Minuten"},"schema":{"@context":"https:\/\/schema.org","@graph":[{"@type":"WebPage","@id":"https:\/\/collall.nl\/de\/product\/collall-quilling-kleber\/","url":"https:\/\/collall.nl\/de\/product\/collall-quilling-kleber\/","name":"Collall Quilling Kleber - Collall","isPartOf":{"@id":"https:\/\/collall.nl\/#website"},"primaryImageOfPage":{"@id":"https:\/\/collall.nl\/de\/product\/collall-quilling-kleber\/#primaryimage"},"image":{"@id":"https:\/\/collall.nl\/de\/product\/collall-quilling-kleber\/#primaryimage"},"thumbnailUrl":"https:\/\/collall.nl\/wp-content\/uploads\/2022\/03\/COLQL0025.jpg","datePublished":"2022-03-01T09:21:22+00:00","dateModified":"2025-04-03T08:43:00+00:00","breadcrumb":{"@id":"https:\/\/collall.nl\/de\/product\/collall-quilling-kleber\/#breadcrumb"},"inLanguage":"de","potentialAction":[{"@type":"ReadAction","target":["https:\/\/collall.nl\/de\/product\/collall-quilling-kleber\/"]}]},{"@type":"ImageObject","inLanguage":"de","@id":"https:\/\/collall.nl\/de\/product\/collall-quilling-kleber\/#primaryimage","url":"https:\/\/collall.nl\/wp-content\/uploads\/2022\/03\/COLQL0025.jpg","contentUrl":"https:\/\/collall.nl\/wp-content\/uploads\/2022\/03\/COLQL0025.jpg","width":800,"height":800},{"@type":"BreadcrumbList","@id":"https:\/\/collall.nl\/de\/product\/collall-quilling-kleber\/#breadcrumb","itemListElement":[{"@type":"ListItem","position":1,"name":"Home","item":"https:\/\/collall.nl\/de\/"},{"@type":"ListItem","position":2,"name":"Produkte","item":"https:\/\/collall.nl\/de\/produkte\/"},{"@type":"ListItem","position":3,"name":"Collall Quilling Kleber"}]},{"@type":"WebSite","@id":"https:\/\/collall.nl\/#website","url":"https:\/\/collall.nl\/","name":"Collall","description":"Adhesives &amp; Paints since 1949","publisher":{"@id":"https:\/\/collall.nl\/#organization"},"potentialAction":[{"@type":"SearchAction","target":{"@type":"EntryPoint","urlTemplate":"https:\/\/collall.nl\/?s={search_term_string}"},"query-input":{"@type":"PropertyValueSpecification","valueRequired":true,"valueName":"search_term_string"}}],"inLanguage":"de"},{"@type":"Organization","@id":"https:\/\/collall.nl\/#organization","name":"Collall B.V.","url":"https:\/\/collall.nl\/","logo":{"@type":"ImageObject","inLanguage":"de","@id":"https:\/\/collall.nl\/#\/schema\/logo\/image\/","url":"https:\/\/collall.nl\/wp-content\/uploads\/2022\/08\/Collall-logo-186C_Reflex-blue.jpg","contentUrl":"https:\/\/collall.nl\/wp-content\/uploads\/2022\/08\/Collall-logo-186C_Reflex-blue.jpg","width":1963,"height":1179,"caption":"Collall B.V."},"image":{"@id":"https:\/\/collall.nl\/#\/schema\/logo\/image\/"},"sameAs":["https:\/\/www.facebook.com\/people\/Collall\/100064976852539\/","https:\/\/www.instagram.com\/collall_1949\/","https:\/\/nl.pinterest.com\/CollallBV\/","https:\/\/www.youtube.com\/channel\/UCrCGuwth_udZhTqJSh5g9zg"]}]}},"_links":{"self":[{"href":"https:\/\/collall.nl\/de\/wp-json\/wp\/v2\/product\/10552","targetHints":{"allow":["GET"]}}],"collection":[{"href":"https:\/\/collall.nl\/de\/wp-json\/wp\/v2\/product"}],"about":[{"href":"https:\/\/collall.nl\/de\/wp-json\/wp\/v2\/types\/product"}],"replies":[{"embeddable":true,"href":"https:\/\/collall.nl\/de\/wp-json\/wp\/v2\/comments?post=10552"}],"wp:featuredmedia":[{"embeddable":true,"href":"https:\/\/collall.nl\/de\/wp-json\/wp\/v2\/media\/18553"}],"wp:attachment":[{"href":"https:\/\/collall.nl\/de\/wp-json\/wp\/v2\/media?parent=10552"}],"wp:term":[{"taxonomy":"product_brand","embeddable":true,"href":"https:\/\/collall.nl\/de\/wp-json\/wp\/v2\/product_brand?post=10552"},{"taxonomy":"product_cat","embeddable":true,"href":"https:\/\/collall.nl\/de\/wp-json\/wp\/v2\/product_cat?post=10552"},{"taxonomy":"product_tag","embeddable":true,"href":"https:\/\/collall.nl\/de\/wp-json\/wp\/v2\/product_tag?post=10552"}],"curies":[{"name":"wp","href":"https:\/\/api.w.org\/{rel}","templated":true}]}}