{"id":10518,"date":"2022-03-01T09:21:14","date_gmt":"2022-03-01T09:21:14","guid":{"rendered":"http:\/\/collall.test\/product\/collall-windowcolle-2\/"},"modified":"2025-03-18T15:46:24","modified_gmt":"2025-03-18T14:46:24","slug":"collall-windowcolle-2","status":"publish","type":"product","link":"https:\/\/collall.nl\/de\/product\/collall-windowcolle-2\/","title":{"rendered":"Collall WindowColle"},"content":{"rendered":"<p><strong>Anwendung:<\/strong> Mit Collall WindowColle klebst du Papier auf Fenster, T\u00fcren und andere glatte Oberfl\u00e4chen.<\/p>\n<p class=\"p1\"><strong>Aussehen und Geruch:<\/strong><\/p>\n<ul>\n<li>Orange gelartige Fl\u00fcssigkeit<\/li>\n<li>Geruchlos<\/li>\n<li>Leicht von Oberfl\u00e4chen zu entfernen<\/li>\n<li>Trocknet transparent auf<\/li>\n<\/ul>\n<p class=\"p1\"><strong>L\u00f6sungsmittel: <\/strong>water<\/p>\n<p class=\"p1\"><strong>Hauptinhaltsstoff: <\/strong>carboxymethylcellulose<\/p>\n<p class=\"p1\"><strong>Dichte: <\/strong>1,01 kg\/dm<sup>3<\/sup><\/p>\n<p class=\"p1\"><b>Nat\u00fcrliche Inhaltsstoffe:<\/b> 99%<\/p>\n<p class=\"p1\"><b>Viskosit\u00e4t:<\/b> 13.000 mPa.s<\/p>\n<p class=\"p1\"><strong>pH: <\/strong>5,5<\/p>\n<p class=\"p1\"><strong>Leimverbrauch: <\/strong>ca 50 g\/m<sup>2<\/sup><\/p>\n<p class=\"p1\"><strong>Verwendung:\u00a0<\/strong><\/p>\n<ul>\n<li>Einfach aufzutragen mit einem Kleberpinsel oder Schaumstoffroller.<\/li>\n<li>Schablonen k\u00f6nnen leicht auf dem Fenster\/der glatten Oberfl\u00e4che angebracht und anschlie\u00dfend bemalt werden.<\/li>\n<li>Einfach zu entfernen. Hinterl\u00e4sst keine Klebereste.<\/li>\n<\/ul>\n<p class=\"p1\"><strong>Allergene:<\/strong> kein<\/p>\n<p class=\"p1\"><strong>Geeignet f\u00fcr: <\/strong>Kinder ab 3 Jahren<\/p>\n<p><strong>Reinigung<\/strong>:<\/p>\n<ul>\n<li>Wenn der Kleber noch nass ist, k\u00f6nnen Werkzeuge\/Oberfl\u00e4chen mit Wasser gereinigt werden (eventuell kann ein synthetisches Reinigungsmittel verwendet werden).<\/li>\n<li>Getrocknete Klebereste m\u00fcssen in Wasser eingeweicht werden und k\u00f6nnen dann leicht entfernt werden.<\/li>\n<\/ul>\n<h4><strong>Kreative Ideen mit Collall WindowColle<\/strong><\/h4>\n<p>Mit Collall WindowColle kannst du Papier einfach auf Fenstern, T\u00fcren und anderen glatten Oberfl\u00e4chen kleben. Das macht es perfekt f\u00fcr kreative Projekte in der Schule! Wie w\u00e4re es zum Beispiel mit:<\/p>\n<p>\u2022 <strong>Saisonalen Dekorationen<\/strong>: Lass die Sch\u00fcler selbst bunte Herbstbl\u00e4tter, Schneeflocken oder Blumen aus Papier ausschneiden und dann auf die Fenster kleben. So ver\u00e4ndert sich das Klassenzimmer mit den Jahreszeiten!<\/p>\n<p>\u2022 <strong>Fensterkunst<\/strong>: Verwende Schablonen, um sch\u00f6ne Formen und Figuren auf dem Fenster zu gestalten. Diese k\u00f6nnen dann bemalt werden, um das Klassenzimmer aufzupeppen. Die Schablone kann danach einfach entfernt werden.<\/p>\n<p>\u2022 <strong>Themenunterricht<\/strong>: H\u00e4nge mit Collall WindowColle Bildungsplakate oder Diagramme an das Fenster, damit die ganze Klasse sie w\u00e4hrend des Unterrichts oder am Tag der offenen T\u00fcr sehen kann.<\/p>\n<p>\u2022 <strong>Drachenpapier<\/strong>: Experimentiere mit verschiedenen Farben von Drachenpapier, um einzigartige Effekte zu erzielen. Versuche, Muster mit \u00fcberlappenden St\u00fccken Drachenpapier f\u00fcr einen bunten Mosaikeffekt zu erstellen. Das Ergebnis ist ein farbenfrohes Fensterkunstwerk, das wunderbar leuchtet, wenn das Sonnenlicht hindurchscheint.<\/p>\n<p>&nbsp;<\/p>\n<p><strong>Die Anwendung ist einfach<\/strong>: Entnehme etwas Kleber mit einem sauberen Pinsel aus dem gro\u00dfen Topf, klebe deine Schablonen oder Papier auf das Fenster. Wenn du das Projekt entfernen m\u00f6chtest, ziehe es einfach ab, ohne Klebereste zu hinterlassen. Das spart Zeit und gibt Raum f\u00fcr neue Kreationen!<\/p>\n","protected":false},"excerpt":{"rendered":"<p>Ein nicht permanentem Klebstoff f\u00fcr glatte Untergr\u00fcnde wie Fenstern<\/p>\n","protected":false},"featured_media":29153,"comment_status":"open","ping_status":"closed","template":"","meta":{"_acf_changed":false},"product_brand":[],"product_cat":[176],"product_tag":[],"class_list":{"0":"post-10518","1":"product","2":"type-product","3":"status-publish","4":"has-post-thumbnail","6":"product_cat-kleber-und-lackleim","8":"first","9":"instock","10":"shipping-taxable","11":"purchasable","12":"product-type-variable"},"acf":[],"yoast_head":"<!-- This site is optimized with the Yoast SEO plugin v27.2 - https:\/\/yoast.com\/product\/yoast-seo-wordpress\/ -->\n<title>Collall WindowColle - Collall<\/title>\n<meta name=\"description\" content=\"WindowColle ist auf Wasserbasis und haftet nicht dauerhaft.\" \/>\n<meta name=\"robots\" content=\"index, follow, max-snippet:-1, max-image-preview:large, max-video-preview:-1\" \/>\n<link rel=\"canonical\" href=\"https:\/\/collall.nl\/de\/product\/collall-windowcolle-2\/\" \/>\n<meta property=\"og:locale\" content=\"de_DE\" \/>\n<meta property=\"og:type\" content=\"article\" \/>\n<meta property=\"og:title\" content=\"Collall WindowColle - Collall\" \/>\n<meta property=\"og:description\" content=\"WindowColle ist auf Wasserbasis und haftet nicht dauerhaft.\" \/>\n<meta property=\"og:url\" content=\"https:\/\/collall.nl\/de\/product\/collall-windowcolle-2\/\" \/>\n<meta property=\"og:site_name\" content=\"Collall\" \/>\n<meta property=\"article:publisher\" content=\"https:\/\/www.facebook.com\/people\/Collall\/100064976852539\/\" \/>\n<meta property=\"article:modified_time\" content=\"2025-03-18T14:46:24+00:00\" \/>\n<meta property=\"og:image\" content=\"https:\/\/collall.nl\/wp-content\/uploads\/2022\/03\/COLWL0300_Collall-WindowColl-pot.jpg\" \/>\n\t<meta property=\"og:image:width\" content=\"1000\" \/>\n\t<meta property=\"og:image:height\" content=\"1000\" \/>\n\t<meta property=\"og:image:type\" content=\"image\/jpeg\" \/>\n<meta name=\"twitter:card\" content=\"summary_large_image\" \/>\n<meta name=\"twitter:label1\" content=\"Gesch\u00e4tzte Lesezeit\" \/>\n\t<meta name=\"twitter:data1\" content=\"2\u00a0Minuten\" \/>\n<script type=\"application\/ld+json\" class=\"yoast-schema-graph\">{\"@context\":\"https:\/\/schema.org\",\"@graph\":[{\"@type\":\"WebPage\",\"@id\":\"https:\/\/collall.nl\/de\/product\/collall-windowcolle-2\/\",\"url\":\"https:\/\/collall.nl\/de\/product\/collall-windowcolle-2\/\",\"name\":\"Collall WindowColle - Collall\",\"isPartOf\":{\"@id\":\"https:\/\/collall.nl\/#website\"},\"primaryImageOfPage\":{\"@id\":\"https:\/\/collall.nl\/de\/product\/collall-windowcolle-2\/#primaryimage\"},\"image\":{\"@id\":\"https:\/\/collall.nl\/de\/product\/collall-windowcolle-2\/#primaryimage\"},\"thumbnailUrl\":\"https:\/\/collall.nl\/wp-content\/uploads\/2022\/03\/COLWL0300_Collall-WindowColl-pot.jpg\",\"datePublished\":\"2022-03-01T09:21:14+00:00\",\"dateModified\":\"2025-03-18T14:46:24+00:00\",\"description\":\"WindowColle ist auf Wasserbasis und haftet nicht dauerhaft.\",\"breadcrumb\":{\"@id\":\"https:\/\/collall.nl\/de\/product\/collall-windowcolle-2\/#breadcrumb\"},\"inLanguage\":\"de\",\"potentialAction\":[{\"@type\":\"ReadAction\",\"target\":[\"https:\/\/collall.nl\/de\/product\/collall-windowcolle-2\/\"]}]},{\"@type\":\"ImageObject\",\"inLanguage\":\"de\",\"@id\":\"https:\/\/collall.nl\/de\/product\/collall-windowcolle-2\/#primaryimage\",\"url\":\"https:\/\/collall.nl\/wp-content\/uploads\/2022\/03\/COLWL0300_Collall-WindowColl-pot.jpg\",\"contentUrl\":\"https:\/\/collall.nl\/wp-content\/uploads\/2022\/03\/COLWL0300_Collall-WindowColl-pot.jpg\",\"width\":1000,\"height\":1000},{\"@type\":\"BreadcrumbList\",\"@id\":\"https:\/\/collall.nl\/de\/product\/collall-windowcolle-2\/#breadcrumb\",\"itemListElement\":[{\"@type\":\"ListItem\",\"position\":1,\"name\":\"Home\",\"item\":\"https:\/\/collall.nl\/de\/\"},{\"@type\":\"ListItem\",\"position\":2,\"name\":\"Produkte\",\"item\":\"https:\/\/collall.nl\/de\/produkte\/\"},{\"@type\":\"ListItem\",\"position\":3,\"name\":\"Collall WindowColle\"}]},{\"@type\":\"WebSite\",\"@id\":\"https:\/\/collall.nl\/#website\",\"url\":\"https:\/\/collall.nl\/\",\"name\":\"Collall\",\"description\":\"Adhesives &amp; Paints since 1949\",\"publisher\":{\"@id\":\"https:\/\/collall.nl\/#organization\"},\"potentialAction\":[{\"@type\":\"SearchAction\",\"target\":{\"@type\":\"EntryPoint\",\"urlTemplate\":\"https:\/\/collall.nl\/?s={search_term_string}\"},\"query-input\":{\"@type\":\"PropertyValueSpecification\",\"valueRequired\":true,\"valueName\":\"search_term_string\"}}],\"inLanguage\":\"de\"},{\"@type\":\"Organization\",\"@id\":\"https:\/\/collall.nl\/#organization\",\"name\":\"Collall B.V.\",\"url\":\"https:\/\/collall.nl\/\",\"logo\":{\"@type\":\"ImageObject\",\"inLanguage\":\"de\",\"@id\":\"https:\/\/collall.nl\/#\/schema\/logo\/image\/\",\"url\":\"https:\/\/collall.nl\/wp-content\/uploads\/2022\/08\/Collall-logo-186C_Reflex-blue.jpg\",\"contentUrl\":\"https:\/\/collall.nl\/wp-content\/uploads\/2022\/08\/Collall-logo-186C_Reflex-blue.jpg\",\"width\":1963,\"height\":1179,\"caption\":\"Collall B.V.\"},\"image\":{\"@id\":\"https:\/\/collall.nl\/#\/schema\/logo\/image\/\"},\"sameAs\":[\"https:\/\/www.facebook.com\/people\/Collall\/100064976852539\/\",\"https:\/\/www.instagram.com\/collall_1949\/\",\"https:\/\/nl.pinterest.com\/CollallBV\/\",\"https:\/\/www.youtube.com\/channel\/UCrCGuwth_udZhTqJSh5g9zg\"]}]}<\/script>\n<!-- \/ Yoast SEO plugin. -->","yoast_head_json":{"title":"Collall WindowColle - Collall","description":"WindowColle ist auf Wasserbasis und haftet nicht dauerhaft.","robots":{"index":"index","follow":"follow","max-snippet":"max-snippet:-1","max-image-preview":"max-image-preview:large","max-video-preview":"max-video-preview:-1"},"canonical":"https:\/\/collall.nl\/de\/product\/collall-windowcolle-2\/","og_locale":"de_DE","og_type":"article","og_title":"Collall WindowColle - Collall","og_description":"WindowColle ist auf Wasserbasis und haftet nicht dauerhaft.","og_url":"https:\/\/collall.nl\/de\/product\/collall-windowcolle-2\/","og_site_name":"Collall","article_publisher":"https:\/\/www.facebook.com\/people\/Collall\/100064976852539\/","article_modified_time":"2025-03-18T14:46:24+00:00","og_image":[{"width":1000,"height":1000,"url":"https:\/\/collall.nl\/wp-content\/uploads\/2022\/03\/COLWL0300_Collall-WindowColl-pot.jpg","type":"image\/jpeg"}],"twitter_card":"summary_large_image","twitter_misc":{"Gesch\u00e4tzte Lesezeit":"2\u00a0Minuten"},"schema":{"@context":"https:\/\/schema.org","@graph":[{"@type":"WebPage","@id":"https:\/\/collall.nl\/de\/product\/collall-windowcolle-2\/","url":"https:\/\/collall.nl\/de\/product\/collall-windowcolle-2\/","name":"Collall WindowColle - Collall","isPartOf":{"@id":"https:\/\/collall.nl\/#website"},"primaryImageOfPage":{"@id":"https:\/\/collall.nl\/de\/product\/collall-windowcolle-2\/#primaryimage"},"image":{"@id":"https:\/\/collall.nl\/de\/product\/collall-windowcolle-2\/#primaryimage"},"thumbnailUrl":"https:\/\/collall.nl\/wp-content\/uploads\/2022\/03\/COLWL0300_Collall-WindowColl-pot.jpg","datePublished":"2022-03-01T09:21:14+00:00","dateModified":"2025-03-18T14:46:24+00:00","description":"WindowColle ist auf Wasserbasis und haftet nicht dauerhaft.","breadcrumb":{"@id":"https:\/\/collall.nl\/de\/product\/collall-windowcolle-2\/#breadcrumb"},"inLanguage":"de","potentialAction":[{"@type":"ReadAction","target":["https:\/\/collall.nl\/de\/product\/collall-windowcolle-2\/"]}]},{"@type":"ImageObject","inLanguage":"de","@id":"https:\/\/collall.nl\/de\/product\/collall-windowcolle-2\/#primaryimage","url":"https:\/\/collall.nl\/wp-content\/uploads\/2022\/03\/COLWL0300_Collall-WindowColl-pot.jpg","contentUrl":"https:\/\/collall.nl\/wp-content\/uploads\/2022\/03\/COLWL0300_Collall-WindowColl-pot.jpg","width":1000,"height":1000},{"@type":"BreadcrumbList","@id":"https:\/\/collall.nl\/de\/product\/collall-windowcolle-2\/#breadcrumb","itemListElement":[{"@type":"ListItem","position":1,"name":"Home","item":"https:\/\/collall.nl\/de\/"},{"@type":"ListItem","position":2,"name":"Produkte","item":"https:\/\/collall.nl\/de\/produkte\/"},{"@type":"ListItem","position":3,"name":"Collall WindowColle"}]},{"@type":"WebSite","@id":"https:\/\/collall.nl\/#website","url":"https:\/\/collall.nl\/","name":"Collall","description":"Adhesives &amp; Paints since 1949","publisher":{"@id":"https:\/\/collall.nl\/#organization"},"potentialAction":[{"@type":"SearchAction","target":{"@type":"EntryPoint","urlTemplate":"https:\/\/collall.nl\/?s={search_term_string}"},"query-input":{"@type":"PropertyValueSpecification","valueRequired":true,"valueName":"search_term_string"}}],"inLanguage":"de"},{"@type":"Organization","@id":"https:\/\/collall.nl\/#organization","name":"Collall B.V.","url":"https:\/\/collall.nl\/","logo":{"@type":"ImageObject","inLanguage":"de","@id":"https:\/\/collall.nl\/#\/schema\/logo\/image\/","url":"https:\/\/collall.nl\/wp-content\/uploads\/2022\/08\/Collall-logo-186C_Reflex-blue.jpg","contentUrl":"https:\/\/collall.nl\/wp-content\/uploads\/2022\/08\/Collall-logo-186C_Reflex-blue.jpg","width":1963,"height":1179,"caption":"Collall B.V."},"image":{"@id":"https:\/\/collall.nl\/#\/schema\/logo\/image\/"},"sameAs":["https:\/\/www.facebook.com\/people\/Collall\/100064976852539\/","https:\/\/www.instagram.com\/collall_1949\/","https:\/\/nl.pinterest.com\/CollallBV\/","https:\/\/www.youtube.com\/channel\/UCrCGuwth_udZhTqJSh5g9zg"]}]}},"_links":{"self":[{"href":"https:\/\/collall.nl\/de\/wp-json\/wp\/v2\/product\/10518","targetHints":{"allow":["GET"]}}],"collection":[{"href":"https:\/\/collall.nl\/de\/wp-json\/wp\/v2\/product"}],"about":[{"href":"https:\/\/collall.nl\/de\/wp-json\/wp\/v2\/types\/product"}],"replies":[{"embeddable":true,"href":"https:\/\/collall.nl\/de\/wp-json\/wp\/v2\/comments?post=10518"}],"wp:featuredmedia":[{"embeddable":true,"href":"https:\/\/collall.nl\/de\/wp-json\/wp\/v2\/media\/29153"}],"wp:attachment":[{"href":"https:\/\/collall.nl\/de\/wp-json\/wp\/v2\/media?parent=10518"}],"wp:term":[{"taxonomy":"product_brand","embeddable":true,"href":"https:\/\/collall.nl\/de\/wp-json\/wp\/v2\/product_brand?post=10518"},{"taxonomy":"product_cat","embeddable":true,"href":"https:\/\/collall.nl\/de\/wp-json\/wp\/v2\/product_cat?post=10518"},{"taxonomy":"product_tag","embeddable":true,"href":"https:\/\/collall.nl\/de\/wp-json\/wp\/v2\/product_tag?post=10518"}],"curies":[{"name":"wp","href":"https:\/\/api.w.org\/{rel}","templated":true}]}}