{"id":10472,"date":"2022-03-01T09:21:00","date_gmt":"2022-03-01T09:21:00","guid":{"rendered":"http:\/\/collall.test\/product\/collall-u3-kleber\/"},"modified":"2025-03-18T16:14:01","modified_gmt":"2025-03-18T15:14:01","slug":"collall-u3-kleber","status":"publish","type":"product","link":"https:\/\/collall.nl\/de\/product\/collall-u3-kleber\/","title":{"rendered":"Collall U3 Kleber"},"content":{"rendered":"<p><strong>Anwendung:<\/strong> Collall U3 Kleber in einer lustigen Flasche mit zwei niedlichen F\u00fc\u00dfchen und einem freundlichen gr\u00fcnen Frosch auf der Vorderseite. Dieser Kleinkindkleber ist ein innovativer, gr\u00fcn gef\u00e4rbter Kleber auf Wasserbasis, speziell entwickelt f\u00fcr die Allerkleinsten ab 10 Monaten.<\/p>\n<div class=\"flex-1 overflow-hidden\">\n<div class=\"h-full\">\n<div class=\"react-scroll-to-bottom--css-wvtcy-79elbk h-full\">\n<div class=\"react-scroll-to-bottom--css-wvtcy-1n7m0yu\">\n<div class=\"flex flex-col text-sm md:pb-9\">\n<div class=\"w-full text-token-text-primary\" dir=\"auto\" data-testid=\"conversation-turn-5\" data-scroll-anchor=\"true\">\n<div class=\"text-base py-[18px] px-3 md:px-4 m-auto md:px-5 lg:px-1 xl:px-5\">\n<div class=\"mx-auto flex flex-1 gap-4 text-base md:gap-5 lg:gap-6 md:max-w-3xl lg:max-w-[40rem] xl:max-w-[48rem]\">\n<div class=\"group\/conversation-turn relative flex w-full min-w-0 flex-col agent-turn\">\n<div class=\"flex-col gap-1 md:gap-3\">\n<div class=\"flex flex-grow flex-col max-w-full\">\n<div class=\"min-h-[20px] text-message flex w-full flex-col items-end gap-2 whitespace-pre-wrap break-words [.text-message+&amp;]:mt-5 overflow-x-auto\" dir=\"auto\" data-message-author-role=\"assistant\" data-message-id=\"86a3524c-950e-4465-90af-7aec87150ce0\">\n<div class=\"flex w-full flex-col gap-1 empty:hidden first:pt-[3px]\">\n<div class=\"markdown prose w-full break-words dark:prose-invert light\">\n<p>Collall U3 Kleber ist die ideale Wahl zum Befestigen von leichten Materialien, Papier und Karton. Und das Beste daran? Nach dem Spielen l\u00e4sst sich der Kleber leicht ohne Wasser und Seife von den H\u00e4nden abreiben, was das Aufr\u00e4umen zum Kinderspiel macht.<\/p>\n<p>Mit Collall U3 Kleber k\u00f6nnen die Kleinen ihrer Kreativit\u00e4t freien Lauf lassen, ohne sich Sorgen \u00fcber Kleckern oder klebrige H\u00e4nde zu machen<\/p>\n<\/div>\n<\/div>\n<\/div>\n<\/div>\n<\/div>\n<\/div>\n<\/div>\n<\/div>\n<\/div>\n<\/div>\n<\/div>\n<\/div>\n<\/div>\n<\/div>\n<p><strong>Aussehen:<\/strong><\/p>\n<ul>\n<li>Dickfl\u00fcssiger gr\u00fcner Kleber<\/li>\n<li>Geruchlos<\/li>\n<li>Bleibt nicht an den Fingern kleben<\/li>\n<li>Reversibel<\/li>\n<li>Trocknet transparent aus<\/li>\n<li>Auswaschbar<\/li>\n<\/ul>\n<p><strong>L\u00f6sungsmittel:<\/strong> Wasser<\/p>\n<p><strong>Hauptinhaltsstoff:<\/strong> Carboxymethylcellulose<\/p>\n<p class=\"p1\"><b>Nat\u00fcrliche Inhaltsstoffe:<\/b> 99%<\/p>\n<p class=\"p1\"><b>Viskosit\u00e4t:<\/b> 14.000 mPa.s<\/p>\n<p><strong>pH:<\/strong> 6<\/p>\n<p><strong>Dichte:<\/strong>\u00a01,01 g\/cm\u00b3<\/p>\n<p><strong>CE:<\/strong> Ja<\/p>\n<p><strong>Leimverbrauch:\u00a0<\/strong>Abh\u00e4ngig von der Saugf\u00e4higkeit der zu verklebenden Materialien etwa 100 bis 150 Gramm pro Quadratmeter, einseitig aufgetragen.<\/p>\n<p class=\"p1\"><strong>Verwendung:<\/strong><\/p>\n<ul class=\"ul1\">\n<li class=\"li1\">Die zu klebenden Materialien sollten trocken und frei von Staub und Schmutz sein.<\/li>\n<li class=\"li1\">Direkt aus der Flasche auf die Oberfl\u00e4che auftragen und gegebenenfalls mit einem\u00a0<a href=\"https:\/\/collall.nl\/de\/product\/colorall-leimpinsel-leimspachtel\/\"><span class=\"s2\">Spachtel oder Pinsel<\/span><\/a>\u00a0verteilen.<\/li>\n<li class=\"li1\">Idealerweise bei Raumtemperatur verwenden. Kurz antrocknen lassen und beide Teile einige Augenblicken fest andr\u00fccken.<\/li>\n<li class=\"li1\">Der Klebstoff kann einseitig oder zweiseitig aufgetragen werden.<\/li>\n<\/ul>\n<p><strong>Allergene:<\/strong> &#8211;<\/p>\n<p><strong>Geeignet f\u00fcr: <\/strong>Achtung! Kinder unter 3 Jahren sollten von Erwachsenen beaufsichtigt werden.\u00a0Geeignet f\u00fcr Kinder ab 10 Monaten. Au\u00dfer Reichweite von Kinder unter 10 Monaten halten. Enth\u00e4lt Bitter.<\/p>\n<p class=\"p1\"><strong>Reinigung:<\/strong><\/p>\n<ul>\n<li><strong>Der Kleber l\u00e4sst sich sehr leicht von den H\u00e4nden entfernen (auch ohne Wasser).<\/strong><\/li>\n<li>Wenn der Kleber noch feucht ist, k\u00f6nnen Werkzeuge\/Oberfl\u00e4chen einfach mit Wasser gereinigt werden.<\/li>\n<li class=\"p1\">Leicht mit kaltem\/warmem Wasser von Hand oder in der Waschmaschine auswaschbar.<\/li>\n<\/ul>\n<p><img loading=\"lazy\" decoding=\"async\" class=\"alignnone size-medium wp-image-30473\" src=\"https:\/\/collall.nl\/wp-content\/uploads\/2022\/03\/Collall-colle-d-eveil-enfants-2-300x283.webp\" alt=\"\" width=\"300\" height=\"283\" srcset=\"https:\/\/collall.nl\/wp-content\/uploads\/2022\/03\/Collall-colle-d-eveil-enfants-2-300x283.webp 300w, https:\/\/collall.nl\/wp-content\/uploads\/2022\/03\/Collall-colle-d-eveil-enfants-2-251x236.webp 251w, https:\/\/collall.nl\/wp-content\/uploads\/2022\/03\/Collall-colle-d-eveil-enfants-2.webp 309w\" sizes=\"auto, (max-width: 300px) 100vw, 300px\" \/><\/p>\n<h3><strong>Warum ist Basteln so gut f\u00fcr Kleinkinder?<\/strong><\/h3>\n<p>Basteln ist au\u00dferordentlich vorteilhaft f\u00fcr Kleinkinder, da es eine Vielzahl positiver Auswirkungen auf ihre Entwicklung hat, insbesondere in den Bereichen Kreativit\u00e4t, Feinmotorik und Konzentrationsverm\u00f6gen.<\/p>\n<p><strong>Kreativit\u00e4t:<\/strong> Basteln ermutigt Kleinkinder, ihre Fantasie zu nutzen und neue Ideen zu erkunden. Mit Bastelaktivit\u00e4ten wie der Verwendung von Collall U3 Kleber und Colorall Farbbl\u00f6cken k\u00f6nnen sie mit verschiedenen Materialien, Farben und Formen experimentieren. Dadurch entwickeln Kleinkinder ihr kreatives Denkverm\u00f6gen und k\u00f6nnen einzigartige Kunstwerke schaffen.<\/p>\n<p><strong>Feinmotorik:<\/strong> Beim Basteln verwenden Kleinkinder ihre H\u00e4nde und Finger auf pr\u00e4zise Weise, um Materialien zu halten, zu schneiden, zu kleben und zu zeichnen. Diese Aktivit\u00e4ten helfen, ihre Feinmotorik zu verfeinern und die Kontrolle \u00fcber ihre Bewegungen zu entwickeln, was essenziell f\u00fcr Aufgaben wie Schreiben, Kn\u00f6pfe zumachen und Essen mit Besteck ist.<\/p>\n<p><strong>Konzentrationsverm\u00f6gen:<\/strong> Basteln erfordert Aufmerksamkeit und Fokus von Kleinkindern. Durch regelm\u00e4\u00dfiges Basteln k\u00f6nnen Kleinkinder ihr Konzentrationsverm\u00f6gen verbessern und lernen, \u00fcber l\u00e4ngere Zeitr\u00e4ume hinweg bei einer T\u00e4tigkeit engagiert zu bleiben, was vorteilhaft f\u00fcr ihre allgemeine Entwicklung ist.<\/p>\n<p><strong>Selbstausdruck:<\/strong> Zudem bietet Basteln Kleinkindern die M\u00f6glichkeit, sich auszudr\u00fccken, soziale F\u00e4higkeiten zu entwickeln, indem sie mit anderen zusammenarbeiten, und Stolz und Selbstvertrauen durch das Fertigstellen ihrer Kreationen aufzubauen.<\/p>\n<p><strong>Sinnliche Erfahrung:<\/strong> Das Erkunden verschiedener Texturen und Materialien ist ein wichtiger Bestandteil der sensorischen Entwicklung von Kleinkindern. Collall U3 Kleber hat eine einzigartige Textur, die sich weich und geschmeidig anf\u00fchlt. Kleinkinder k\u00f6nnen das Gef\u00fchl des Klebers zwischen ihren Fingern genie\u00dfen, w\u00e4hrend sie kneten, dr\u00fccken und formen. Diese sensorische Erfahrung kann ihre Sinne stimulieren und ihr Bewusstsein f\u00fcr Texturen und Materialien erh\u00f6hen. Durch den Zusatz eines Bitterstoffes ist es nahezu ausgeschlossen, dass Kleinkinder diesen Kleber in den Mund nehmen. Au\u00dferdem enth\u00e4lt Collall U3 Kleber 99 % nat\u00fcrliche Inhaltsstoffe!<\/p>\n<p><strong>Kurzum, Basteln macht nicht nur Spa\u00df f\u00fcr Kleinkinder, sondern ist auch eine wertvolle Aktivit\u00e4t, die ihre gesamte Entwicklung in verschiedenen Bereichen f\u00f6rdert.<\/strong><\/p>\n","protected":false},"excerpt":{"rendered":"<p>Collall U3 Kleber ist ein gr\u00fcner Klebstoff auf Wasserbasis, speziell f\u00fcr Kleinkinder ab 10 Monaten. Der Klebstoff klebt nicht an den H\u00e4nden und kann auf Papier und Pappe verwendet werden.<\/p>\n<blockquote><p><strong>Starte jetzt deine Bastel-Reise!<\/strong><\/p><\/blockquote>\n<p><img loading=\"lazy\" decoding=\"async\" class=\"alignnone size-medium wp-image-30473\" src=\"https:\/\/collall.nl\/wp-content\/uploads\/2022\/03\/Collall-colle-d-eveil-enfants-2-300x283.webp\" alt=\"\" width=\"300\" height=\"283\" srcset=\"https:\/\/collall.nl\/wp-content\/uploads\/2022\/03\/Collall-colle-d-eveil-enfants-2-300x283.webp 300w, https:\/\/collall.nl\/wp-content\/uploads\/2022\/03\/Collall-colle-d-eveil-enfants-2-251x236.webp 251w, https:\/\/collall.nl\/wp-content\/uploads\/2022\/03\/Collall-colle-d-eveil-enfants-2.webp 309w\" sizes=\"auto, (max-width: 300px) 100vw, 300px\" \/><\/p>\n","protected":false},"featured_media":31987,"comment_status":"open","ping_status":"closed","template":"","meta":{"_acf_changed":false},"product_brand":[],"product_cat":[176],"product_tag":[],"class_list":{"0":"post-10472","1":"product","2":"type-product","3":"status-publish","4":"has-post-thumbnail","6":"product_cat-kleber-und-lackleim","8":"first","9":"instock","10":"shipping-taxable","11":"purchasable","12":"product-type-variable"},"acf":[],"yoast_head":"<!-- This site is optimized with the Yoast SEO plugin v27.2 - https:\/\/yoast.com\/product\/yoast-seo-wordpress\/ -->\n<title>Collall U3 Kleber - Collall<\/title>\n<meta name=\"description\" content=\"Collall U3 Kleber ist ein gr\u00fcner Klebstoff auf Wasserbasis, speziell f\u00fcr die Kleinsten ab 10 Monaten. Der Klebstoff klebt nicht an den H\u00e4nden.\" \/>\n<meta name=\"robots\" content=\"index, follow, max-snippet:-1, max-image-preview:large, max-video-preview:-1\" \/>\n<link rel=\"canonical\" href=\"https:\/\/collall.nl\/de\/product\/collall-u3-kleber\/\" \/>\n<meta property=\"og:locale\" content=\"de_DE\" \/>\n<meta property=\"og:type\" content=\"article\" \/>\n<meta property=\"og:title\" content=\"Collall U3 Kleber - Collall\" \/>\n<meta property=\"og:description\" content=\"Collall U3 Kleber ist ein gr\u00fcner Klebstoff auf Wasserbasis, speziell f\u00fcr die Kleinsten ab 10 Monaten. Der Klebstoff klebt nicht an den H\u00e4nden.\" \/>\n<meta property=\"og:url\" content=\"https:\/\/collall.nl\/de\/product\/collall-u3-kleber\/\" \/>\n<meta property=\"og:site_name\" content=\"Collall\" \/>\n<meta property=\"article:publisher\" content=\"https:\/\/www.facebook.com\/people\/Collall\/100064976852539\/\" \/>\n<meta property=\"article:modified_time\" content=\"2025-03-18T15:14:01+00:00\" \/>\n<meta property=\"og:image\" content=\"https:\/\/collall.nl\/wp-content\/uploads\/2022\/03\/COLDL0100-Collall-Dreumeslijm.jpg\" \/>\n\t<meta property=\"og:image:width\" content=\"800\" \/>\n\t<meta property=\"og:image:height\" content=\"800\" \/>\n\t<meta property=\"og:image:type\" content=\"image\/jpeg\" \/>\n<meta name=\"twitter:card\" content=\"summary_large_image\" \/>\n<meta name=\"twitter:label1\" content=\"Gesch\u00e4tzte Lesezeit\" \/>\n\t<meta name=\"twitter:data1\" content=\"4\u00a0Minuten\" \/>\n<script type=\"application\/ld+json\" class=\"yoast-schema-graph\">{\"@context\":\"https:\/\/schema.org\",\"@graph\":[{\"@type\":\"WebPage\",\"@id\":\"https:\/\/collall.nl\/de\/product\/collall-u3-kleber\/\",\"url\":\"https:\/\/collall.nl\/de\/product\/collall-u3-kleber\/\",\"name\":\"Collall U3 Kleber - Collall\",\"isPartOf\":{\"@id\":\"https:\/\/collall.nl\/#website\"},\"primaryImageOfPage\":{\"@id\":\"https:\/\/collall.nl\/de\/product\/collall-u3-kleber\/#primaryimage\"},\"image\":{\"@id\":\"https:\/\/collall.nl\/de\/product\/collall-u3-kleber\/#primaryimage\"},\"thumbnailUrl\":\"https:\/\/collall.nl\/wp-content\/uploads\/2022\/03\/Toddler-Glue.webp\",\"datePublished\":\"2022-03-01T09:21:00+00:00\",\"dateModified\":\"2025-03-18T15:14:01+00:00\",\"description\":\"Collall U3 Kleber ist ein gr\u00fcner Klebstoff auf Wasserbasis, speziell f\u00fcr die Kleinsten ab 10 Monaten. Der Klebstoff klebt nicht an den H\u00e4nden.\",\"breadcrumb\":{\"@id\":\"https:\/\/collall.nl\/de\/product\/collall-u3-kleber\/#breadcrumb\"},\"inLanguage\":\"de\",\"potentialAction\":[{\"@type\":\"ReadAction\",\"target\":[\"https:\/\/collall.nl\/de\/product\/collall-u3-kleber\/\"]}]},{\"@type\":\"ImageObject\",\"inLanguage\":\"de\",\"@id\":\"https:\/\/collall.nl\/de\/product\/collall-u3-kleber\/#primaryimage\",\"url\":\"https:\/\/collall.nl\/wp-content\/uploads\/2022\/03\/Toddler-Glue.webp\",\"contentUrl\":\"https:\/\/collall.nl\/wp-content\/uploads\/2022\/03\/Toddler-Glue.webp\",\"width\":1000,\"height\":1000},{\"@type\":\"BreadcrumbList\",\"@id\":\"https:\/\/collall.nl\/de\/product\/collall-u3-kleber\/#breadcrumb\",\"itemListElement\":[{\"@type\":\"ListItem\",\"position\":1,\"name\":\"Home\",\"item\":\"https:\/\/collall.nl\/de\/\"},{\"@type\":\"ListItem\",\"position\":2,\"name\":\"Produkte\",\"item\":\"https:\/\/collall.nl\/de\/produkte\/\"},{\"@type\":\"ListItem\",\"position\":3,\"name\":\"Collall U3 Kleber\"}]},{\"@type\":\"WebSite\",\"@id\":\"https:\/\/collall.nl\/#website\",\"url\":\"https:\/\/collall.nl\/\",\"name\":\"Collall\",\"description\":\"Adhesives &amp; Paints since 1949\",\"publisher\":{\"@id\":\"https:\/\/collall.nl\/#organization\"},\"potentialAction\":[{\"@type\":\"SearchAction\",\"target\":{\"@type\":\"EntryPoint\",\"urlTemplate\":\"https:\/\/collall.nl\/?s={search_term_string}\"},\"query-input\":{\"@type\":\"PropertyValueSpecification\",\"valueRequired\":true,\"valueName\":\"search_term_string\"}}],\"inLanguage\":\"de\"},{\"@type\":\"Organization\",\"@id\":\"https:\/\/collall.nl\/#organization\",\"name\":\"Collall B.V.\",\"url\":\"https:\/\/collall.nl\/\",\"logo\":{\"@type\":\"ImageObject\",\"inLanguage\":\"de\",\"@id\":\"https:\/\/collall.nl\/#\/schema\/logo\/image\/\",\"url\":\"https:\/\/collall.nl\/wp-content\/uploads\/2022\/08\/Collall-logo-186C_Reflex-blue.jpg\",\"contentUrl\":\"https:\/\/collall.nl\/wp-content\/uploads\/2022\/08\/Collall-logo-186C_Reflex-blue.jpg\",\"width\":1963,\"height\":1179,\"caption\":\"Collall B.V.\"},\"image\":{\"@id\":\"https:\/\/collall.nl\/#\/schema\/logo\/image\/\"},\"sameAs\":[\"https:\/\/www.facebook.com\/people\/Collall\/100064976852539\/\",\"https:\/\/www.instagram.com\/collall_1949\/\",\"https:\/\/nl.pinterest.com\/CollallBV\/\",\"https:\/\/www.youtube.com\/channel\/UCrCGuwth_udZhTqJSh5g9zg\"]}]}<\/script>\n<!-- \/ Yoast SEO plugin. -->","yoast_head_json":{"title":"Collall U3 Kleber - Collall","description":"Collall U3 Kleber ist ein gr\u00fcner Klebstoff auf Wasserbasis, speziell f\u00fcr die Kleinsten ab 10 Monaten. Der Klebstoff klebt nicht an den H\u00e4nden.","robots":{"index":"index","follow":"follow","max-snippet":"max-snippet:-1","max-image-preview":"max-image-preview:large","max-video-preview":"max-video-preview:-1"},"canonical":"https:\/\/collall.nl\/de\/product\/collall-u3-kleber\/","og_locale":"de_DE","og_type":"article","og_title":"Collall U3 Kleber - Collall","og_description":"Collall U3 Kleber ist ein gr\u00fcner Klebstoff auf Wasserbasis, speziell f\u00fcr die Kleinsten ab 10 Monaten. Der Klebstoff klebt nicht an den H\u00e4nden.","og_url":"https:\/\/collall.nl\/de\/product\/collall-u3-kleber\/","og_site_name":"Collall","article_publisher":"https:\/\/www.facebook.com\/people\/Collall\/100064976852539\/","article_modified_time":"2025-03-18T15:14:01+00:00","og_image":[{"width":800,"height":800,"url":"https:\/\/collall.nl\/wp-content\/uploads\/2022\/03\/COLDL0100-Collall-Dreumeslijm.jpg","type":"image\/jpeg"}],"twitter_card":"summary_large_image","twitter_misc":{"Gesch\u00e4tzte Lesezeit":"4\u00a0Minuten"},"schema":{"@context":"https:\/\/schema.org","@graph":[{"@type":"WebPage","@id":"https:\/\/collall.nl\/de\/product\/collall-u3-kleber\/","url":"https:\/\/collall.nl\/de\/product\/collall-u3-kleber\/","name":"Collall U3 Kleber - Collall","isPartOf":{"@id":"https:\/\/collall.nl\/#website"},"primaryImageOfPage":{"@id":"https:\/\/collall.nl\/de\/product\/collall-u3-kleber\/#primaryimage"},"image":{"@id":"https:\/\/collall.nl\/de\/product\/collall-u3-kleber\/#primaryimage"},"thumbnailUrl":"https:\/\/collall.nl\/wp-content\/uploads\/2022\/03\/Toddler-Glue.webp","datePublished":"2022-03-01T09:21:00+00:00","dateModified":"2025-03-18T15:14:01+00:00","description":"Collall U3 Kleber ist ein gr\u00fcner Klebstoff auf Wasserbasis, speziell f\u00fcr die Kleinsten ab 10 Monaten. Der Klebstoff klebt nicht an den H\u00e4nden.","breadcrumb":{"@id":"https:\/\/collall.nl\/de\/product\/collall-u3-kleber\/#breadcrumb"},"inLanguage":"de","potentialAction":[{"@type":"ReadAction","target":["https:\/\/collall.nl\/de\/product\/collall-u3-kleber\/"]}]},{"@type":"ImageObject","inLanguage":"de","@id":"https:\/\/collall.nl\/de\/product\/collall-u3-kleber\/#primaryimage","url":"https:\/\/collall.nl\/wp-content\/uploads\/2022\/03\/Toddler-Glue.webp","contentUrl":"https:\/\/collall.nl\/wp-content\/uploads\/2022\/03\/Toddler-Glue.webp","width":1000,"height":1000},{"@type":"BreadcrumbList","@id":"https:\/\/collall.nl\/de\/product\/collall-u3-kleber\/#breadcrumb","itemListElement":[{"@type":"ListItem","position":1,"name":"Home","item":"https:\/\/collall.nl\/de\/"},{"@type":"ListItem","position":2,"name":"Produkte","item":"https:\/\/collall.nl\/de\/produkte\/"},{"@type":"ListItem","position":3,"name":"Collall U3 Kleber"}]},{"@type":"WebSite","@id":"https:\/\/collall.nl\/#website","url":"https:\/\/collall.nl\/","name":"Collall","description":"Adhesives &amp; Paints since 1949","publisher":{"@id":"https:\/\/collall.nl\/#organization"},"potentialAction":[{"@type":"SearchAction","target":{"@type":"EntryPoint","urlTemplate":"https:\/\/collall.nl\/?s={search_term_string}"},"query-input":{"@type":"PropertyValueSpecification","valueRequired":true,"valueName":"search_term_string"}}],"inLanguage":"de"},{"@type":"Organization","@id":"https:\/\/collall.nl\/#organization","name":"Collall B.V.","url":"https:\/\/collall.nl\/","logo":{"@type":"ImageObject","inLanguage":"de","@id":"https:\/\/collall.nl\/#\/schema\/logo\/image\/","url":"https:\/\/collall.nl\/wp-content\/uploads\/2022\/08\/Collall-logo-186C_Reflex-blue.jpg","contentUrl":"https:\/\/collall.nl\/wp-content\/uploads\/2022\/08\/Collall-logo-186C_Reflex-blue.jpg","width":1963,"height":1179,"caption":"Collall B.V."},"image":{"@id":"https:\/\/collall.nl\/#\/schema\/logo\/image\/"},"sameAs":["https:\/\/www.facebook.com\/people\/Collall\/100064976852539\/","https:\/\/www.instagram.com\/collall_1949\/","https:\/\/nl.pinterest.com\/CollallBV\/","https:\/\/www.youtube.com\/channel\/UCrCGuwth_udZhTqJSh5g9zg"]}]}},"_links":{"self":[{"href":"https:\/\/collall.nl\/de\/wp-json\/wp\/v2\/product\/10472","targetHints":{"allow":["GET"]}}],"collection":[{"href":"https:\/\/collall.nl\/de\/wp-json\/wp\/v2\/product"}],"about":[{"href":"https:\/\/collall.nl\/de\/wp-json\/wp\/v2\/types\/product"}],"replies":[{"embeddable":true,"href":"https:\/\/collall.nl\/de\/wp-json\/wp\/v2\/comments?post=10472"}],"wp:featuredmedia":[{"embeddable":true,"href":"https:\/\/collall.nl\/de\/wp-json\/wp\/v2\/media\/31987"}],"wp:attachment":[{"href":"https:\/\/collall.nl\/de\/wp-json\/wp\/v2\/media?parent=10472"}],"wp:term":[{"taxonomy":"product_brand","embeddable":true,"href":"https:\/\/collall.nl\/de\/wp-json\/wp\/v2\/product_brand?post=10472"},{"taxonomy":"product_cat","embeddable":true,"href":"https:\/\/collall.nl\/de\/wp-json\/wp\/v2\/product_cat?post=10472"},{"taxonomy":"product_tag","embeddable":true,"href":"https:\/\/collall.nl\/de\/wp-json\/wp\/v2\/product_tag?post=10472"}],"curies":[{"name":"wp","href":"https:\/\/api.w.org\/{rel}","templated":true}]}}